{"id":10959,"date":"2025-10-20T07:38:17","date_gmt":"2025-10-20T07:38:17","guid":{"rendered":"https:\/\/allwintheme.com\/?post_type=product&#038;p=10959"},"modified":"2025-10-20T07:45:45","modified_gmt":"2025-10-20T07:45:45","slug":"timku-asistente-virtual-plantilla-elementor","status":"publish","type":"product","link":"https:\/\/allwintheme.com\/es\/producto\/timku-asistente-virtual-plantilla-elementor\/","title":{"rendered":"Timku - Plantilla Elementor para negocio de asistente virtual"},"content":{"rendered":"<div data-elementor-type=\"wp-post\" data-elementor-id=\"10959\" class=\"elementor elementor-10959\" data-elementor-settings=\"{&quot;element_pack_global_tooltip_width&quot;:{&quot;unit&quot;:&quot;px&quot;,&quot;size&quot;:&quot;&quot;,&quot;sizes&quot;:[]},&quot;element_pack_global_tooltip_width_tablet&quot;:{&quot;unit&quot;:&quot;px&quot;,&quot;size&quot;:&quot;&quot;,&quot;sizes&quot;:[]},&quot;element_pack_global_tooltip_width_mobile&quot;:{&quot;unit&quot;:&quot;px&quot;,&quot;size&quot;:&quot;&quot;,&quot;sizes&quot;:[]},&quot;element_pack_global_tooltip_padding&quot;:{&quot;unit&quot;:&quot;px&quot;,&quot;top&quot;:&quot;&quot;,&quot;right&quot;:&quot;&quot;,&quot;bottom&quot;:&quot;&quot;,&quot;left&quot;:&quot;&quot;,&quot;isLinked&quot;:true},&quot;element_pack_global_tooltip_padding_tablet&quot;:{&quot;unit&quot;:&quot;px&quot;,&quot;top&quot;:&quot;&quot;,&quot;right&quot;:&quot;&quot;,&quot;bottom&quot;:&quot;&quot;,&quot;left&quot;:&quot;&quot;,&quot;isLinked&quot;:true},&quot;element_pack_global_tooltip_padding_mobile&quot;:{&quot;unit&quot;:&quot;px&quot;,&quot;top&quot;:&quot;&quot;,&quot;right&quot;:&quot;&quot;,&quot;bottom&quot;:&quot;&quot;,&quot;left&quot;:&quot;&quot;,&quot;isLinked&quot;:true},&quot;element_pack_global_tooltip_border_radius&quot;:{&quot;unit&quot;:&quot;px&quot;,&quot;top&quot;:&quot;&quot;,&quot;right&quot;:&quot;&quot;,&quot;bottom&quot;:&quot;&quot;,&quot;left&quot;:&quot;&quot;,&quot;isLinked&quot;:true},&quot;element_pack_global_tooltip_border_radius_tablet&quot;:{&quot;unit&quot;:&quot;px&quot;,&quot;top&quot;:&quot;&quot;,&quot;right&quot;:&quot;&quot;,&quot;bottom&quot;:&quot;&quot;,&quot;left&quot;:&quot;&quot;,&quot;isLinked&quot;:true},&quot;element_pack_global_tooltip_border_radius_mobile&quot;:{&quot;unit&quot;:&quot;px&quot;,&quot;top&quot;:&quot;&quot;,&quot;right&quot;:&quot;&quot;,&quot;bottom&quot;:&quot;&quot;,&quot;left&quot;:&quot;&quot;,&quot;isLinked&quot;:true}}\" data-elementor-post-type=\"product\">\n\t\t\t\t<div class=\"elementor-element elementor-element-93aa4a8 e-con-full e-flex e-con e-parent\" data-id=\"93aa4a8\" data-element_type=\"container\" data-e-type=\"container\">\n\t\t\t\t<div class=\"elementor-element elementor-element-2c3f760 miaoshu elementor-widget elementor-widget-wd_text_block\" data-id=\"2c3f760\" data-element_type=\"widget\" data-e-type=\"widget\" data-widget_type=\"wd_text_block.default\">\n\t\t\t\t<div class=\"elementor-widget-container\">\n\t\t\t\t\t\t\t<div class=\"wd-text-block reset-last-child text-left\">\n\t\t\t\n\t\t\t<h2>Timku - Plantilla Elementor para Negocio de Asistente Virtual: Lanza tu sitio sin esfuerzo<\/h2>\n<p>En <strong>Timku Kit de plantillas Elementor<\/strong> permite a los asistentes virtuales profesionales crear sitios web profesionales r\u00e1pidamente. Por ejemplo, puedes importar p\u00e1ginas ya creadas con dise\u00f1os sencillos y limpios y maquetaciones modernas, todo ello creado para la versi\u00f3n gratuita de Elementor. En consecuencia, este kit te ahorra horas de trabajo de dise\u00f1o al tiempo que garantiza que tu sitio tenga un aspecto pulido y atractivo.<\/p>\n\n<h3>Crear una presencia profesional en Internet<\/h3>\n<p>Con Timku, puedes crear activamente un sitio web adaptado a los servicios de asistente virtual, con p\u00e1ginas de inicio, acerca de, servicios, blog y contacto. Adem\u00e1s, cuenta con secciones intuitivas para mostrar tu experiencia, testimonios de clientes y formularios de contacto. Como resultado, los clientes potenciales se conectan f\u00e1cilmente con tu negocio, aumentando tu visibilidad online.<\/p>\n\n<h3>\u00bfPor qu\u00e9 elegir Timku?<\/h3>\n<ul>\n    <li><strong>F\u00e1cil proceso de importaci\u00f3n:<\/strong> Puedes cargar e importar plantillas directamente en Elementor, y configurar p\u00e1ginas y secciones con un solo clic.<\/li>\n    <li><strong>Dise\u00f1o totalmente adaptable:<\/strong> Timku se adapta perfectamente a ordenadores de sobremesa, tabletas y m\u00f3viles, garantizando una gran experiencia de usuario en todas partes.<\/li>\n    <li><strong>Compatible con Hello Elementor:<\/strong> El kit funciona mejor con el tema gratuito Hello Elementor, pero se integra con la mayor\u00eda de los temas compatibles con Elementor.<\/li>\n    <li><strong>Elementos personalizables:<\/strong> Puede modificar colores, fuentes y dise\u00f1os para adaptarlos a su marca sin necesidad de conocimientos de programaci\u00f3n.<\/li>\n<\/ul>\n\n<h3>Agilice la configuraci\u00f3n de su sitio web<\/h3>\n<p>Timku simplifica la creaci\u00f3n de sitios web para asistentes virtuales y proveedores de servicios remotos. Por ejemplo, tras la importaci\u00f3n, accedes a las plantillas guardadas en Elementor y editas las p\u00e1ginas con la facilidad de arrastrar y soltar. De este modo, puedes crear un sitio web totalmente funcional en cuesti\u00f3n de minutos, centr\u00e1ndote m\u00e1s en tus servicios que en los detalles t\u00e9cnicos.<\/p>\n\n<h3>Empiece hoy mismo con Timku<\/h3>\n<p>Eleve su negocio de asistente virtual con el <strong>Timku Kit de plantillas Elementor<\/strong>. Al combinar una est\u00e9tica moderna con herramientas f\u00e1ciles de usar, crear\u00e1 un sitio que atraer\u00e1 clientes sin esfuerzo. Por lo tanto, \u00a1descarga Timku ahora y transforma tu presencia en l\u00ednea!\n\t\t\t\t\t<\/div>\n\t\t\t\t\t\t<\/div>\n\t\t\t\t<\/div>\n\t\t\t\t<\/div>\n\t\t\t\t<\/div>","protected":false},"excerpt":{"rendered":"<p>Timku - Plantilla Elementor para Negocio de Asistente Virtual: Lanza tu sitio sin esfuerzo El kit de plantillas Timku Elementor permite a los profesionales de la asistencia virtual<\/p>","protected":false},"featured_media":10855,"comment_status":"open","ping_status":"closed","template":"","meta":{"_acf_changed":false},"product_brand":[],"product_cat":[50],"product_tag":[],"class_list":{"0":"post-10959","1":"product","2":"type-product","3":"status-publish","4":"has-post-thumbnail","6":"product_cat-template-kits","8":"first","9":"instock","10":"sale","11":"downloadable","12":"shipping-taxable","13":"purchasable","14":"product-type-simple"},"acf":[],"yoast_head":"<!-- This site is optimized with the Yoast SEO Premium plugin v25.6 (Yoast SEO v27.1.1) - https:\/\/yoast.com\/product\/yoast-seo-premium-wordpress\/ -->\n<title>Timku \u2013 Virtual Assistant Business Elementor Template - AllWin Theme \u2013 Free WordPress Themes Download<\/title>\n<meta name=\"description\" content=\"Build a stunning virtual assistant site with Timku Elementor Template Kit. Clean, modern designs ready to import for quick professional setups.\" \/>\n<meta name=\"robots\" content=\"index, follow, max-snippet:-1, max-image-preview:large, max-video-preview:-1\" \/>\n<link rel=\"canonical\" href=\"https:\/\/allwintheme.com\/es\/producto\/timku-asistente-virtual-plantilla-elementor\/\" \/>\n<meta property=\"og:locale\" content=\"es_ES\" \/>\n<meta property=\"og:type\" content=\"article\" \/>\n<meta property=\"og:title\" content=\"Timku \u2013 Virtual Assistant Business Elementor Template\" \/>\n<meta property=\"og:description\" content=\"Build a stunning virtual assistant site with Timku Elementor Template Kit. Clean, modern designs ready to import for quick professional setups.\" \/>\n<meta property=\"og:url\" content=\"https:\/\/allwintheme.com\/es\/producto\/timku-asistente-virtual-plantilla-elementor\/\" \/>\n<meta property=\"og:site_name\" content=\"AllWin Theme \u2013 Free WordPress Themes Download\" \/>\n<meta property=\"article:modified_time\" content=\"2025-10-20T07:45:45+00:00\" \/>\n<meta property=\"og:image\" content=\"https:\/\/allwintheme.com\/wp-content\/uploads\/2025\/10\/fd3mkxvc.png\" \/>\n\t<meta property=\"og:image:width\" content=\"768\" \/>\n\t<meta property=\"og:image:height\" content=\"512\" \/>\n\t<meta property=\"og:image:type\" content=\"image\/png\" \/>\n<meta name=\"twitter:card\" content=\"summary_large_image\" \/>\n<meta name=\"twitter:label1\" content=\"Tiempo estimado de lectura\" \/>\n\t<meta name=\"twitter:data1\" content=\"2 minutos\" \/>\n<script type=\"application\/ld+json\" class=\"yoast-schema-graph\">{\"@context\":\"https:\/\/schema.org\",\"@graph\":[{\"@type\":\"WebPage\",\"@id\":\"https:\/\/allwintheme.com\/product\/timku-virtual-assistant-business-elementor-template\/\",\"url\":\"https:\/\/allwintheme.com\/product\/timku-virtual-assistant-business-elementor-template\/\",\"name\":\"Timku \u2013 Virtual Assistant Business Elementor Template - AllWin Theme \u2013 Free WordPress Themes Download\",\"isPartOf\":{\"@id\":\"https:\/\/allwintheme.com\/#website\"},\"primaryImageOfPage\":{\"@id\":\"https:\/\/allwintheme.com\/product\/timku-virtual-assistant-business-elementor-template\/#primaryimage\"},\"image\":{\"@id\":\"https:\/\/allwintheme.com\/product\/timku-virtual-assistant-business-elementor-template\/#primaryimage\"},\"thumbnailUrl\":\"https:\/\/allwintheme.com\/wp-content\/uploads\/2025\/10\/fd3mkxvc.png\",\"datePublished\":\"2025-10-20T07:38:17+00:00\",\"dateModified\":\"2025-10-20T07:45:45+00:00\",\"description\":\"Build a stunning virtual assistant site with Timku Elementor Template Kit. Clean, modern designs ready to import for quick professional setups.\",\"breadcrumb\":{\"@id\":\"https:\/\/allwintheme.com\/product\/timku-virtual-assistant-business-elementor-template\/#breadcrumb\"},\"inLanguage\":\"es-CL\",\"potentialAction\":[{\"@type\":\"ReadAction\",\"target\":[\"https:\/\/allwintheme.com\/product\/timku-virtual-assistant-business-elementor-template\/\"]}]},{\"@type\":\"ImageObject\",\"inLanguage\":\"es-CL\",\"@id\":\"https:\/\/allwintheme.com\/product\/timku-virtual-assistant-business-elementor-template\/#primaryimage\",\"url\":\"https:\/\/allwintheme.com\/wp-content\/uploads\/2025\/10\/fd3mkxvc.png\",\"contentUrl\":\"https:\/\/allwintheme.com\/wp-content\/uploads\/2025\/10\/fd3mkxvc.png\",\"width\":768,\"height\":512,\"caption\":\"Timku \u2013 Virtual Assistant Business Elementor Template\"},{\"@type\":\"BreadcrumbList\",\"@id\":\"https:\/\/allwintheme.com\/product\/timku-virtual-assistant-business-elementor-template\/#breadcrumb\",\"itemListElement\":[{\"@type\":\"ListItem\",\"position\":1,\"name\":\"Home\",\"item\":\"https:\/\/allwintheme.com\/\"},{\"@type\":\"ListItem\",\"position\":2,\"name\":\"Shop\",\"item\":\"https:\/\/allwintheme.com\/shop\/\"},{\"@type\":\"ListItem\",\"position\":3,\"name\":\"Timku \u2013 Virtual Assistant Business Elementor Template\"}]},{\"@type\":\"WebSite\",\"@id\":\"https:\/\/allwintheme.com\/#website\",\"url\":\"https:\/\/allwintheme.com\/\",\"name\":\"Allwintheme\",\"description\":\"Download free WordPress themes for every niche. Blogs, business, eCommerce, portfolio, restaurant and more. All themes are GPL licensed and mobile-ready.\",\"potentialAction\":[{\"@type\":\"SearchAction\",\"target\":{\"@type\":\"EntryPoint\",\"urlTemplate\":\"https:\/\/allwintheme.com\/?s={search_term_string}\"},\"query-input\":{\"@type\":\"PropertyValueSpecification\",\"valueRequired\":true,\"valueName\":\"search_term_string\"}}],\"inLanguage\":\"es-CL\"}]}<\/script>\n<!-- \/ Yoast SEO Premium plugin. -->","yoast_head_json":{"title":"Timku - Virtual Assistant Business Elementor Template - AllWin Theme - Free WordPress Themes Download","description":"Construye un impresionante sitio de asistente virtual con Timku Elementor Template Kit. Dise\u00f1os limpios y modernos listos para importar para configuraciones profesionales r\u00e1pidas.","robots":{"index":"index","follow":"follow","max-snippet":"max-snippet:-1","max-image-preview":"max-image-preview:large","max-video-preview":"max-video-preview:-1"},"canonical":"https:\/\/allwintheme.com\/es\/producto\/timku-asistente-virtual-plantilla-elementor\/","og_locale":"es_ES","og_type":"article","og_title":"Timku \u2013 Virtual Assistant Business Elementor Template","og_description":"Build a stunning virtual assistant site with Timku Elementor Template Kit. Clean, modern designs ready to import for quick professional setups.","og_url":"https:\/\/allwintheme.com\/es\/producto\/timku-asistente-virtual-plantilla-elementor\/","og_site_name":"AllWin Theme \u2013 Free WordPress Themes Download","article_modified_time":"2025-10-20T07:45:45+00:00","og_image":[{"width":768,"height":512,"url":"https:\/\/allwintheme.com\/wp-content\/uploads\/2025\/10\/fd3mkxvc.png","type":"image\/png"}],"twitter_card":"summary_large_image","twitter_misc":{"Tiempo estimado de lectura":"2 minutos"},"schema":{"@context":"https:\/\/schema.org","@graph":[{"@type":"WebPage","@id":"https:\/\/allwintheme.com\/product\/timku-virtual-assistant-business-elementor-template\/","url":"https:\/\/allwintheme.com\/product\/timku-virtual-assistant-business-elementor-template\/","name":"Timku - Virtual Assistant Business Elementor Template - AllWin Theme - Free WordPress Themes Download","isPartOf":{"@id":"https:\/\/allwintheme.com\/#website"},"primaryImageOfPage":{"@id":"https:\/\/allwintheme.com\/product\/timku-virtual-assistant-business-elementor-template\/#primaryimage"},"image":{"@id":"https:\/\/allwintheme.com\/product\/timku-virtual-assistant-business-elementor-template\/#primaryimage"},"thumbnailUrl":"https:\/\/allwintheme.com\/wp-content\/uploads\/2025\/10\/fd3mkxvc.png","datePublished":"2025-10-20T07:38:17+00:00","dateModified":"2025-10-20T07:45:45+00:00","description":"Construye un impresionante sitio de asistente virtual con Timku Elementor Template Kit. Dise\u00f1os limpios y modernos listos para importar para configuraciones profesionales r\u00e1pidas.","breadcrumb":{"@id":"https:\/\/allwintheme.com\/product\/timku-virtual-assistant-business-elementor-template\/#breadcrumb"},"inLanguage":"es-CL","potentialAction":[{"@type":"ReadAction","target":["https:\/\/allwintheme.com\/product\/timku-virtual-assistant-business-elementor-template\/"]}]},{"@type":"ImageObject","inLanguage":"es-CL","@id":"https:\/\/allwintheme.com\/product\/timku-virtual-assistant-business-elementor-template\/#primaryimage","url":"https:\/\/allwintheme.com\/wp-content\/uploads\/2025\/10\/fd3mkxvc.png","contentUrl":"https:\/\/allwintheme.com\/wp-content\/uploads\/2025\/10\/fd3mkxvc.png","width":768,"height":512,"caption":"Timku \u2013 Virtual Assistant Business Elementor Template"},{"@type":"BreadcrumbList","@id":"https:\/\/allwintheme.com\/product\/timku-virtual-assistant-business-elementor-template\/#breadcrumb","itemListElement":[{"@type":"ListItem","position":1,"name":"Home","item":"https:\/\/allwintheme.com\/"},{"@type":"ListItem","position":2,"name":"Shop","item":"https:\/\/allwintheme.com\/shop\/"},{"@type":"ListItem","position":3,"name":"Timku \u2013 Virtual Assistant Business Elementor Template"}]},{"@type":"WebSite","@id":"https:\/\/allwintheme.com\/#website","url":"https:\/\/allwintheme.com\/","name":"Allwintheme","description":"Descarga gratis temas de WordPress para todos los nichos. Blogs, negocios, comercio electr\u00f3nico, portafolio, restaurante y m\u00e1s. Todos los temas tienen licencia GPL y est\u00e1n preparados para dispositivos m\u00f3viles.","potentialAction":[{"@type":"SearchAction","target":{"@type":"EntryPoint","urlTemplate":"https:\/\/allwintheme.com\/?s={search_term_string}"},"query-input":{"@type":"PropertyValueSpecification","valueRequired":true,"valueName":"search_term_string"}}],"inLanguage":"es-CL"}]}},"_links":{"self":[{"href":"https:\/\/allwintheme.com\/es\/wp-json\/wp\/v2\/product\/10959","targetHints":{"allow":["GET"]}}],"collection":[{"href":"https:\/\/allwintheme.com\/es\/wp-json\/wp\/v2\/product"}],"about":[{"href":"https:\/\/allwintheme.com\/es\/wp-json\/wp\/v2\/types\/product"}],"replies":[{"embeddable":true,"href":"https:\/\/allwintheme.com\/es\/wp-json\/wp\/v2\/comments?post=10959"}],"version-history":[{"count":5,"href":"https:\/\/allwintheme.com\/es\/wp-json\/wp\/v2\/product\/10959\/revisions"}],"predecessor-version":[{"id":10964,"href":"https:\/\/allwintheme.com\/es\/wp-json\/wp\/v2\/product\/10959\/revisions\/10964"}],"wp:featuredmedia":[{"embeddable":true,"href":"https:\/\/allwintheme.com\/es\/wp-json\/wp\/v2\/media\/10855"}],"wp:attachment":[{"href":"https:\/\/allwintheme.com\/es\/wp-json\/wp\/v2\/media?parent=10959"}],"wp:term":[{"taxonomy":"product_brand","embeddable":true,"href":"https:\/\/allwintheme.com\/es\/wp-json\/wp\/v2\/product_brand?post=10959"},{"taxonomy":"product_cat","embeddable":true,"href":"https:\/\/allwintheme.com\/es\/wp-json\/wp\/v2\/product_cat?post=10959"},{"taxonomy":"product_tag","embeddable":true,"href":"https:\/\/allwintheme.com\/es\/wp-json\/wp\/v2\/product_tag?post=10959"}],"curies":[{"name":"wp","href":"https:\/\/api.w.org\/{rel}","templated":true}]}}