{"id":10965,"date":"2025-10-20T07:46:19","date_gmt":"2025-10-20T07:46:19","guid":{"rendered":"https:\/\/allwintheme.com\/?post_type=product&#038;p=10965"},"modified":"2025-10-20T07:52:34","modified_gmt":"2025-10-20T07:52:34","slug":"inston-servicios-de-asistente-virtual-kit-de-plantillas-elementor","status":"publish","type":"product","link":"https:\/\/allwintheme.com\/es\/producto\/inston-servicios-de-asistente-virtual-kit-de-plantillas-elementor\/","title":{"rendered":"Inston - Kit de Plantillas Elementor para Servicios de Asistente Virtual"},"content":{"rendered":"<div data-elementor-type=\"wp-post\" data-elementor-id=\"10965\" class=\"elementor elementor-10965\" data-elementor-settings=\"{&quot;element_pack_global_tooltip_width&quot;:{&quot;unit&quot;:&quot;px&quot;,&quot;size&quot;:&quot;&quot;,&quot;sizes&quot;:[]},&quot;element_pack_global_tooltip_width_tablet&quot;:{&quot;unit&quot;:&quot;px&quot;,&quot;size&quot;:&quot;&quot;,&quot;sizes&quot;:[]},&quot;element_pack_global_tooltip_width_mobile&quot;:{&quot;unit&quot;:&quot;px&quot;,&quot;size&quot;:&quot;&quot;,&quot;sizes&quot;:[]},&quot;element_pack_global_tooltip_padding&quot;:{&quot;unit&quot;:&quot;px&quot;,&quot;top&quot;:&quot;&quot;,&quot;right&quot;:&quot;&quot;,&quot;bottom&quot;:&quot;&quot;,&quot;left&quot;:&quot;&quot;,&quot;isLinked&quot;:true},&quot;element_pack_global_tooltip_padding_tablet&quot;:{&quot;unit&quot;:&quot;px&quot;,&quot;top&quot;:&quot;&quot;,&quot;right&quot;:&quot;&quot;,&quot;bottom&quot;:&quot;&quot;,&quot;left&quot;:&quot;&quot;,&quot;isLinked&quot;:true},&quot;element_pack_global_tooltip_padding_mobile&quot;:{&quot;unit&quot;:&quot;px&quot;,&quot;top&quot;:&quot;&quot;,&quot;right&quot;:&quot;&quot;,&quot;bottom&quot;:&quot;&quot;,&quot;left&quot;:&quot;&quot;,&quot;isLinked&quot;:true},&quot;element_pack_global_tooltip_border_radius&quot;:{&quot;unit&quot;:&quot;px&quot;,&quot;top&quot;:&quot;&quot;,&quot;right&quot;:&quot;&quot;,&quot;bottom&quot;:&quot;&quot;,&quot;left&quot;:&quot;&quot;,&quot;isLinked&quot;:true},&quot;element_pack_global_tooltip_border_radius_tablet&quot;:{&quot;unit&quot;:&quot;px&quot;,&quot;top&quot;:&quot;&quot;,&quot;right&quot;:&quot;&quot;,&quot;bottom&quot;:&quot;&quot;,&quot;left&quot;:&quot;&quot;,&quot;isLinked&quot;:true},&quot;element_pack_global_tooltip_border_radius_mobile&quot;:{&quot;unit&quot;:&quot;px&quot;,&quot;top&quot;:&quot;&quot;,&quot;right&quot;:&quot;&quot;,&quot;bottom&quot;:&quot;&quot;,&quot;left&quot;:&quot;&quot;,&quot;isLinked&quot;:true}}\" data-elementor-post-type=\"product\">\n\t\t\t\t<div class=\"elementor-element elementor-element-93aa4a8 e-con-full e-flex e-con e-parent\" data-id=\"93aa4a8\" data-element_type=\"container\" data-e-type=\"container\">\n\t\t\t\t<div class=\"elementor-element elementor-element-2c3f760 miaoshu elementor-widget elementor-widget-wd_text_block\" data-id=\"2c3f760\" data-element_type=\"widget\" data-e-type=\"widget\" data-widget_type=\"wd_text_block.default\">\n\t\t\t\t<div class=\"elementor-widget-container\">\n\t\t\t\t\t\t\t<div class=\"wd-text-block reset-last-child text-left\">\n\t\t\t\n\t\t\t<h2>Inston - Servicios de Asistente Virtual: Lance su sitio web sin esfuerzo<\/h2>\n<p>En <strong>Inston Kit de plantillas Elementor<\/strong> le permite crear sitios web profesionales para asistentes personales virtuales o empresas de servicios administrativos en un abrir y cerrar de ojos. Por ejemplo, los dise\u00f1adores y empresarios utilizan activamente este kit con el plugin Elementor Page Builder para WordPress, por lo que se evita la codificaci\u00f3n pesada, mientras que el logro de resultados pulidos. En consecuencia, usted se centra en mostrar sus servicios en lugar de la configuraci\u00f3n t\u00e9cnica.<\/p>\n\n<h3>Construya con sencillez y potencia<\/h3>\n<p>Inston ofrece contenido de p\u00e1gina predise\u00f1ado y adaptado a Elementor, por lo que es ideal para lanzamientos r\u00e1pidos. Basta con importar las plantillas una a una para que se integren a la perfecci\u00f3n en tu sitio. Adem\u00e1s, el kit est\u00e1 optimizado para el tema gratuito Hello Elementor, pero funciona con la mayor\u00eda de los temas compatibles con Elementor, lo que te da flexibilidad desde el principio.<\/p>\n\n<h3>\u00bfPor qu\u00e9 elegir Inston Template Kit?<\/h3>\n<ul>\n    <li><strong>No requiere codificaci\u00f3n:<\/strong> Elementor se encarga de todo, para que puedas arrastrar, soltar y personalizar sin esfuerzo.<\/li>\n    <li><strong>Funciones adicionales personalizadas:<\/strong> Los desarrolladores incluyen deslizadores din\u00e1micos y pesta\u00f1as para mejorar la interactividad sin necesidad de plugins adicionales.<\/li>\n    <li><strong>Rendimiento optimizado:<\/strong> Conseguir\u00e1 p\u00e1ginas de carga r\u00e1pida que destaquen su experiencia como asistente virtual.<\/li>\n    <li><strong>F\u00e1cil proceso de importaci\u00f3n:<\/strong> Instale los requisitos a trav\u00e9s del banner naranja y, a continuaci\u00f3n, importe las plantillas directamente en Elementor.<\/li>\n<\/ul>\n\n<h3>Agilice su escaparate de asistentes virtuales<\/h3>\n<p>Con Inston, puede transformar ideas b\u00e1sicas en sitios atractivos que atraigan a los clientes. Por ejemplo, el kit admite dise\u00f1os modernos para descripciones generales de servicios, testimonios y formularios de contacto. Como resultado, su empresa adquiere una presencia en l\u00ednea profesional que convierte a los visitantes en clientes fieles, al tiempo que le ahorra horas de tiempo de desarrollo.<\/p>\n\n<h3>Empiece hoy mismo con Inston<\/h3>\n<p>Eleve su sitio web de servicios de asistente virtual mediante <strong>Inston Kit de plantillas Elementor<\/strong>. Por lo tanto, desc\u00e1rguelo ahora, importe su primera plantilla y vea c\u00f3mo su sitio cobra vida con el m\u00ednimo esfuerzo.\n\t\t\t\t\t<\/div>\n\t\t\t\t\t\t<\/div>\n\t\t\t\t<\/div>\n\t\t\t\t<\/div>\n\t\t\t\t<\/div>","protected":false},"excerpt":{"rendered":"<p>Inston - Servicios de Asistente Virtual: Lanza tu sitio sin esfuerzo El kit de plantillas Inston Elementor te permite crear sitios web profesionales<\/p>","protected":false},"featured_media":10857,"comment_status":"open","ping_status":"closed","template":"","meta":{"_acf_changed":false},"product_brand":[],"product_cat":[50],"product_tag":[],"class_list":{"0":"post-10965","1":"product","2":"type-product","3":"status-publish","4":"has-post-thumbnail","6":"product_cat-template-kits","8":"first","9":"instock","10":"sale","11":"downloadable","12":"shipping-taxable","13":"purchasable","14":"product-type-simple"},"acf":[],"yoast_head":"<!-- This site is optimized with the Yoast SEO Premium plugin v25.6 (Yoast SEO v27.1.1) - https:\/\/yoast.com\/product\/yoast-seo-premium-wordpress\/ -->\n<title>Inston \u2013 Virtual Assistant Services Elementor Template Kit - AllWin Theme \u2013 Free WordPress Themes Download<\/title>\n<meta name=\"description\" content=\"Quickly build stunning websites for virtual assistant services with Inston Elementor Template Kit. No coding needed\u2014optimized for Hello Elementor theme.\" \/>\n<meta name=\"robots\" content=\"index, follow, max-snippet:-1, max-image-preview:large, max-video-preview:-1\" \/>\n<link rel=\"canonical\" href=\"https:\/\/allwintheme.com\/es\/producto\/inston-servicios-de-asistente-virtual-kit-de-plantillas-elementor\/\" \/>\n<meta property=\"og:locale\" content=\"es_ES\" \/>\n<meta property=\"og:type\" content=\"article\" \/>\n<meta property=\"og:title\" content=\"Inston \u2013 Virtual Assistant Services Elementor Template Kit\" \/>\n<meta property=\"og:description\" content=\"Quickly build stunning websites for virtual assistant services with Inston Elementor Template Kit. No coding needed\u2014optimized for Hello Elementor theme.\" \/>\n<meta property=\"og:url\" content=\"https:\/\/allwintheme.com\/es\/producto\/inston-servicios-de-asistente-virtual-kit-de-plantillas-elementor\/\" \/>\n<meta property=\"og:site_name\" content=\"AllWin Theme \u2013 Free WordPress Themes Download\" \/>\n<meta property=\"article:modified_time\" content=\"2025-10-20T07:52:34+00:00\" \/>\n<meta property=\"og:image\" content=\"https:\/\/allwintheme.com\/wp-content\/uploads\/2025\/10\/enjnb1mu.png\" \/>\n\t<meta property=\"og:image:width\" content=\"768\" \/>\n\t<meta property=\"og:image:height\" content=\"512\" \/>\n\t<meta property=\"og:image:type\" content=\"image\/png\" \/>\n<meta name=\"twitter:card\" content=\"summary_large_image\" \/>\n<meta name=\"twitter:label1\" content=\"Tiempo estimado de lectura\" \/>\n\t<meta name=\"twitter:data1\" content=\"2 minutos\" \/>\n<script type=\"application\/ld+json\" class=\"yoast-schema-graph\">{\"@context\":\"https:\/\/schema.org\",\"@graph\":[{\"@type\":\"WebPage\",\"@id\":\"https:\/\/allwintheme.com\/product\/inston-virtual-assistant-services-elementor-template-kit\/\",\"url\":\"https:\/\/allwintheme.com\/product\/inston-virtual-assistant-services-elementor-template-kit\/\",\"name\":\"Inston \u2013 Virtual Assistant Services Elementor Template Kit - AllWin Theme \u2013 Free WordPress Themes Download\",\"isPartOf\":{\"@id\":\"https:\/\/allwintheme.com\/#website\"},\"primaryImageOfPage\":{\"@id\":\"https:\/\/allwintheme.com\/product\/inston-virtual-assistant-services-elementor-template-kit\/#primaryimage\"},\"image\":{\"@id\":\"https:\/\/allwintheme.com\/product\/inston-virtual-assistant-services-elementor-template-kit\/#primaryimage\"},\"thumbnailUrl\":\"https:\/\/allwintheme.com\/wp-content\/uploads\/2025\/10\/enjnb1mu.png\",\"datePublished\":\"2025-10-20T07:46:19+00:00\",\"dateModified\":\"2025-10-20T07:52:34+00:00\",\"description\":\"Quickly build stunning websites for virtual assistant services with Inston Elementor Template Kit. No coding needed\u2014optimized for Hello Elementor theme.\",\"breadcrumb\":{\"@id\":\"https:\/\/allwintheme.com\/product\/inston-virtual-assistant-services-elementor-template-kit\/#breadcrumb\"},\"inLanguage\":\"es-CL\",\"potentialAction\":[{\"@type\":\"ReadAction\",\"target\":[\"https:\/\/allwintheme.com\/product\/inston-virtual-assistant-services-elementor-template-kit\/\"]}]},{\"@type\":\"ImageObject\",\"inLanguage\":\"es-CL\",\"@id\":\"https:\/\/allwintheme.com\/product\/inston-virtual-assistant-services-elementor-template-kit\/#primaryimage\",\"url\":\"https:\/\/allwintheme.com\/wp-content\/uploads\/2025\/10\/enjnb1mu.png\",\"contentUrl\":\"https:\/\/allwintheme.com\/wp-content\/uploads\/2025\/10\/enjnb1mu.png\",\"width\":768,\"height\":512,\"caption\":\"Inston \u2013 Virtual Assistant Services Elementor Template Kit\"},{\"@type\":\"BreadcrumbList\",\"@id\":\"https:\/\/allwintheme.com\/product\/inston-virtual-assistant-services-elementor-template-kit\/#breadcrumb\",\"itemListElement\":[{\"@type\":\"ListItem\",\"position\":1,\"name\":\"Home\",\"item\":\"https:\/\/allwintheme.com\/\"},{\"@type\":\"ListItem\",\"position\":2,\"name\":\"Shop\",\"item\":\"https:\/\/allwintheme.com\/shop\/\"},{\"@type\":\"ListItem\",\"position\":3,\"name\":\"Inston \u2013 Virtual Assistant Services Elementor Template Kit\"}]},{\"@type\":\"WebSite\",\"@id\":\"https:\/\/allwintheme.com\/#website\",\"url\":\"https:\/\/allwintheme.com\/\",\"name\":\"Allwintheme\",\"description\":\"Download free WordPress themes for every niche. Blogs, business, eCommerce, portfolio, restaurant and more. All themes are GPL licensed and mobile-ready.\",\"potentialAction\":[{\"@type\":\"SearchAction\",\"target\":{\"@type\":\"EntryPoint\",\"urlTemplate\":\"https:\/\/allwintheme.com\/?s={search_term_string}\"},\"query-input\":{\"@type\":\"PropertyValueSpecification\",\"valueRequired\":true,\"valueName\":\"search_term_string\"}}],\"inLanguage\":\"es-CL\"}]}<\/script>\n<!-- \/ Yoast SEO Premium plugin. -->","yoast_head_json":{"title":"Inston - Virtual Assistant Services Elementor Template Kit - AllWin Theme - Free WordPress Themes Download","description":"Construya r\u00e1pidamente sitios web impresionantes para servicios de asistente virtual con Inston Elementor Template Kit. Sin necesidad de codificaci\u00f3n, optimizado para el tema Hello Elementor.","robots":{"index":"index","follow":"follow","max-snippet":"max-snippet:-1","max-image-preview":"max-image-preview:large","max-video-preview":"max-video-preview:-1"},"canonical":"https:\/\/allwintheme.com\/es\/producto\/inston-servicios-de-asistente-virtual-kit-de-plantillas-elementor\/","og_locale":"es_ES","og_type":"article","og_title":"Inston \u2013 Virtual Assistant Services Elementor Template Kit","og_description":"Quickly build stunning websites for virtual assistant services with Inston Elementor Template Kit. No coding needed\u2014optimized for Hello Elementor theme.","og_url":"https:\/\/allwintheme.com\/es\/producto\/inston-servicios-de-asistente-virtual-kit-de-plantillas-elementor\/","og_site_name":"AllWin Theme \u2013 Free WordPress Themes Download","article_modified_time":"2025-10-20T07:52:34+00:00","og_image":[{"width":768,"height":512,"url":"https:\/\/allwintheme.com\/wp-content\/uploads\/2025\/10\/enjnb1mu.png","type":"image\/png"}],"twitter_card":"summary_large_image","twitter_misc":{"Tiempo estimado de lectura":"2 minutos"},"schema":{"@context":"https:\/\/schema.org","@graph":[{"@type":"WebPage","@id":"https:\/\/allwintheme.com\/product\/inston-virtual-assistant-services-elementor-template-kit\/","url":"https:\/\/allwintheme.com\/product\/inston-virtual-assistant-services-elementor-template-kit\/","name":"Inston - Virtual Assistant Services Elementor Template Kit - AllWin Theme - Free WordPress Themes Download","isPartOf":{"@id":"https:\/\/allwintheme.com\/#website"},"primaryImageOfPage":{"@id":"https:\/\/allwintheme.com\/product\/inston-virtual-assistant-services-elementor-template-kit\/#primaryimage"},"image":{"@id":"https:\/\/allwintheme.com\/product\/inston-virtual-assistant-services-elementor-template-kit\/#primaryimage"},"thumbnailUrl":"https:\/\/allwintheme.com\/wp-content\/uploads\/2025\/10\/enjnb1mu.png","datePublished":"2025-10-20T07:46:19+00:00","dateModified":"2025-10-20T07:52:34+00:00","description":"Construya r\u00e1pidamente sitios web impresionantes para servicios de asistente virtual con Inston Elementor Template Kit. Sin necesidad de codificaci\u00f3n, optimizado para el tema Hello Elementor.","breadcrumb":{"@id":"https:\/\/allwintheme.com\/product\/inston-virtual-assistant-services-elementor-template-kit\/#breadcrumb"},"inLanguage":"es-CL","potentialAction":[{"@type":"ReadAction","target":["https:\/\/allwintheme.com\/product\/inston-virtual-assistant-services-elementor-template-kit\/"]}]},{"@type":"ImageObject","inLanguage":"es-CL","@id":"https:\/\/allwintheme.com\/product\/inston-virtual-assistant-services-elementor-template-kit\/#primaryimage","url":"https:\/\/allwintheme.com\/wp-content\/uploads\/2025\/10\/enjnb1mu.png","contentUrl":"https:\/\/allwintheme.com\/wp-content\/uploads\/2025\/10\/enjnb1mu.png","width":768,"height":512,"caption":"Inston \u2013 Virtual Assistant Services Elementor Template Kit"},{"@type":"BreadcrumbList","@id":"https:\/\/allwintheme.com\/product\/inston-virtual-assistant-services-elementor-template-kit\/#breadcrumb","itemListElement":[{"@type":"ListItem","position":1,"name":"Home","item":"https:\/\/allwintheme.com\/"},{"@type":"ListItem","position":2,"name":"Shop","item":"https:\/\/allwintheme.com\/shop\/"},{"@type":"ListItem","position":3,"name":"Inston \u2013 Virtual Assistant Services Elementor Template Kit"}]},{"@type":"WebSite","@id":"https:\/\/allwintheme.com\/#website","url":"https:\/\/allwintheme.com\/","name":"Allwintheme","description":"Descarga gratis temas de WordPress para todos los nichos. Blogs, negocios, comercio electr\u00f3nico, portafolio, restaurante y m\u00e1s. Todos los temas tienen licencia GPL y est\u00e1n preparados para dispositivos m\u00f3viles.","potentialAction":[{"@type":"SearchAction","target":{"@type":"EntryPoint","urlTemplate":"https:\/\/allwintheme.com\/?s={search_term_string}"},"query-input":{"@type":"PropertyValueSpecification","valueRequired":true,"valueName":"search_term_string"}}],"inLanguage":"es-CL"}]}},"_links":{"self":[{"href":"https:\/\/allwintheme.com\/es\/wp-json\/wp\/v2\/product\/10965","targetHints":{"allow":["GET"]}}],"collection":[{"href":"https:\/\/allwintheme.com\/es\/wp-json\/wp\/v2\/product"}],"about":[{"href":"https:\/\/allwintheme.com\/es\/wp-json\/wp\/v2\/types\/product"}],"replies":[{"embeddable":true,"href":"https:\/\/allwintheme.com\/es\/wp-json\/wp\/v2\/comments?post=10965"}],"version-history":[{"count":5,"href":"https:\/\/allwintheme.com\/es\/wp-json\/wp\/v2\/product\/10965\/revisions"}],"predecessor-version":[{"id":10970,"href":"https:\/\/allwintheme.com\/es\/wp-json\/wp\/v2\/product\/10965\/revisions\/10970"}],"wp:featuredmedia":[{"embeddable":true,"href":"https:\/\/allwintheme.com\/es\/wp-json\/wp\/v2\/media\/10857"}],"wp:attachment":[{"href":"https:\/\/allwintheme.com\/es\/wp-json\/wp\/v2\/media?parent=10965"}],"wp:term":[{"taxonomy":"product_brand","embeddable":true,"href":"https:\/\/allwintheme.com\/es\/wp-json\/wp\/v2\/product_brand?post=10965"},{"taxonomy":"product_cat","embeddable":true,"href":"https:\/\/allwintheme.com\/es\/wp-json\/wp\/v2\/product_cat?post=10965"},{"taxonomy":"product_tag","embeddable":true,"href":"https:\/\/allwintheme.com\/es\/wp-json\/wp\/v2\/product_tag?post=10965"}],"curies":[{"name":"wp","href":"https:\/\/api.w.org\/{rel}","templated":true}]}}