{"id":10971,"date":"2025-10-20T07:52:56","date_gmt":"2025-10-20T07:52:56","guid":{"rendered":"https:\/\/allwintheme.com\/?post_type=product&#038;p=10971"},"modified":"2025-10-20T08:01:37","modified_gmt":"2025-10-20T08:01:37","slug":"varsity-virtual-realidad-aumentada-servicios-elementor-plantilla","status":"publish","type":"product","link":"https:\/\/allwintheme.com\/es\/producto\/varsity-virtual-realidad-aumentada-servicios-elementor-plantilla\/","title":{"rendered":"Varsity - Plantilla Elementor de Servicios de Realidad Virtual y Aumentada"},"content":{"rendered":"<div data-elementor-type=\"wp-post\" data-elementor-id=\"10971\" class=\"elementor elementor-10971\" data-elementor-settings=\"{&quot;element_pack_global_tooltip_width&quot;:{&quot;unit&quot;:&quot;px&quot;,&quot;size&quot;:&quot;&quot;,&quot;sizes&quot;:[]},&quot;element_pack_global_tooltip_width_tablet&quot;:{&quot;unit&quot;:&quot;px&quot;,&quot;size&quot;:&quot;&quot;,&quot;sizes&quot;:[]},&quot;element_pack_global_tooltip_width_mobile&quot;:{&quot;unit&quot;:&quot;px&quot;,&quot;size&quot;:&quot;&quot;,&quot;sizes&quot;:[]},&quot;element_pack_global_tooltip_padding&quot;:{&quot;unit&quot;:&quot;px&quot;,&quot;top&quot;:&quot;&quot;,&quot;right&quot;:&quot;&quot;,&quot;bottom&quot;:&quot;&quot;,&quot;left&quot;:&quot;&quot;,&quot;isLinked&quot;:true},&quot;element_pack_global_tooltip_padding_tablet&quot;:{&quot;unit&quot;:&quot;px&quot;,&quot;top&quot;:&quot;&quot;,&quot;right&quot;:&quot;&quot;,&quot;bottom&quot;:&quot;&quot;,&quot;left&quot;:&quot;&quot;,&quot;isLinked&quot;:true},&quot;element_pack_global_tooltip_padding_mobile&quot;:{&quot;unit&quot;:&quot;px&quot;,&quot;top&quot;:&quot;&quot;,&quot;right&quot;:&quot;&quot;,&quot;bottom&quot;:&quot;&quot;,&quot;left&quot;:&quot;&quot;,&quot;isLinked&quot;:true},&quot;element_pack_global_tooltip_border_radius&quot;:{&quot;unit&quot;:&quot;px&quot;,&quot;top&quot;:&quot;&quot;,&quot;right&quot;:&quot;&quot;,&quot;bottom&quot;:&quot;&quot;,&quot;left&quot;:&quot;&quot;,&quot;isLinked&quot;:true},&quot;element_pack_global_tooltip_border_radius_tablet&quot;:{&quot;unit&quot;:&quot;px&quot;,&quot;top&quot;:&quot;&quot;,&quot;right&quot;:&quot;&quot;,&quot;bottom&quot;:&quot;&quot;,&quot;left&quot;:&quot;&quot;,&quot;isLinked&quot;:true},&quot;element_pack_global_tooltip_border_radius_mobile&quot;:{&quot;unit&quot;:&quot;px&quot;,&quot;top&quot;:&quot;&quot;,&quot;right&quot;:&quot;&quot;,&quot;bottom&quot;:&quot;&quot;,&quot;left&quot;:&quot;&quot;,&quot;isLinked&quot;:true}}\" data-elementor-post-type=\"product\">\n\t\t\t\t<div class=\"elementor-element elementor-element-93aa4a8 e-con-full e-flex e-con e-parent\" data-id=\"93aa4a8\" data-element_type=\"container\" data-e-type=\"container\">\n\t\t\t\t<div class=\"elementor-element elementor-element-2c3f760 miaoshu elementor-widget elementor-widget-wd_text_block\" data-id=\"2c3f760\" data-element_type=\"widget\" data-e-type=\"widget\" data-widget_type=\"wd_text_block.default\">\n\t\t\t\t<div class=\"elementor-widget-container\">\n\t\t\t\t\t\t\t<div class=\"wd-text-block reset-last-child text-left\">\n\t\t\t\n\t\t\t<h2>Varsity: Sumerja a su p\u00fablico en mundos de realidad virtual y realidad aumentada<\/h2>\n<p>En <strong>Kit de plantillas Elementor Varsity<\/strong> le permite crear sitios web cautivadores para realidad virtual, realidad aumentada, salas de juego, criptoempresas, deportes electr\u00f3nicos o proyectos metaversos. Por ejemplo, los desarrolladores y propietarios de empresas utilizan activamente este kit para crear presencias en l\u00ednea profesionales sin necesidad de conocimientos de programaci\u00f3n. De este modo, podr\u00e1 ofrecer experiencias asombrosas e interactivas que atraer\u00e1n de inmediato a visitantes expertos en tecnolog\u00eda.<\/p>\n\n<h3>Dise\u00f1o con sencillez moderna<\/h3>\n<p>Varsity presenta un dise\u00f1o limpio y contempor\u00e1neo que se adapta perfectamente a cualquier dispositivo. Puedes personalizar cada elemento sin esfuerzo gracias a las intuitivas herramientas de Elementor, para que tu sitio refleje el car\u00e1cter innovador de tu marca. Adem\u00e1s, con el dise\u00f1o 100% responsive, tus servicios de realidad virtual y realidad aumentada brillar\u00e1n en ordenadores de sobremesa, tabletas y m\u00f3viles, garantizando una amplia accesibilidad.<\/p>\n\n<h3>\u00bfPor qu\u00e9 elegir Varsity?<\/h3>\n<ul>\n    <li><strong>Dirigido a nichos tecnol\u00f3gicos:<\/strong> Hecho a medida para empresas de realidad virtual, realidad aumentada, juegos y metaversos para destacar sus ofertas \u00fanicas.<\/li>\n    <li><strong>P\u00e1ginas listas para usar:<\/strong> Acceda a 11 p\u00e1ginas preconstruidas y 13 plantillas asombrosas para lanzamientos r\u00e1pidos.<\/li>\n    <li><strong>Personalizaci\u00f3n sin c\u00f3digo:<\/strong> Modifica dise\u00f1os, colores y contenido con la facilidad de arrastrar y soltar en Elementor.<\/li>\n    <li><strong>Totalmente adaptable:<\/strong> Ofrezca un rendimiento impecable en todas las pantallas, impulsando la participaci\u00f3n del usuario.<\/li>\n<\/ul>\n\n<h3>Agilice la creaci\u00f3n de su sitio web<\/h3>\n<p>Con Varsity, puedes importar plantillas directamente a Elementor y empezar a editarlas inmediatamente. Por ejemplo, puedes configurar cabeceras, pies de p\u00e1gina y secciones inmersivas en cuesti\u00f3n de minutos y, a continuaci\u00f3n, integrar tus demostraciones de realidad virtual o tus escaparates de realidad aumentada. Como resultado, puedes centrarte en la innovaci\u00f3n en lugar de en la configuraci\u00f3n t\u00e9cnica, lo que acelera los plazos de tu proyecto.<\/p>\n\n<h3>Lance hoy mismo su sitio web de RV\/RA<\/h3>\n<p>Mejore sus servicios de realidad virtual y aumentada con <strong>Kit de plantillas Elementor Varsity<\/strong>. Por lo tanto, \u00a1h\u00e1gase con este kit ahora y transforme sus ideas en un sitio web din\u00e1mico y de futuro que cautive y convierta!\n\t\t\t\t\t<\/div>\n\t\t\t\t\t\t<\/div>\n\t\t\t\t<\/div>\n\t\t\t\t<\/div>\n\t\t\t\t<\/div>","protected":false},"excerpt":{"rendered":"<p>Varsity: Sumerge a tu audiencia en mundos de realidad virtual y realidad aumentada El kit de plantillas Elementor Varsity te permite crear sitios web cautivadores.<\/p>","protected":false},"featured_media":10858,"comment_status":"open","ping_status":"closed","template":"","meta":{"_acf_changed":false},"product_brand":[],"product_cat":[50],"product_tag":[],"class_list":{"0":"post-10971","1":"product","2":"type-product","3":"status-publish","4":"has-post-thumbnail","6":"product_cat-template-kits","8":"first","9":"instock","10":"sale","11":"downloadable","12":"shipping-taxable","13":"purchasable","14":"product-type-simple"},"acf":[],"yoast_head":"<!-- This site is optimized with the Yoast SEO Premium plugin v25.6 (Yoast SEO v27.1.1) - https:\/\/yoast.com\/product\/yoast-seo-premium-wordpress\/ -->\n<title>Varsity \u2013 Virtual &amp; Augmented Reality Services Elementor Template - AllWin Theme \u2013 Free WordPress Themes Download<\/title>\n<meta name=\"description\" content=\"Build immersive sites for VR, AR, gaming, or metaverse businesses with Varsity Elementor Template Kit. Modern, responsive designs with easy customization.\" \/>\n<meta name=\"robots\" content=\"index, follow, max-snippet:-1, max-image-preview:large, max-video-preview:-1\" \/>\n<link rel=\"canonical\" href=\"https:\/\/allwintheme.com\/es\/producto\/varsity-virtual-realidad-aumentada-servicios-elementor-plantilla\/\" \/>\n<meta property=\"og:locale\" content=\"es_ES\" \/>\n<meta property=\"og:type\" content=\"article\" \/>\n<meta property=\"og:title\" content=\"Varsity \u2013 Virtual &amp; Augmented Reality Services Elementor Template\" \/>\n<meta property=\"og:description\" content=\"Build immersive sites for VR, AR, gaming, or metaverse businesses with Varsity Elementor Template Kit. Modern, responsive designs with easy customization.\" \/>\n<meta property=\"og:url\" content=\"https:\/\/allwintheme.com\/es\/producto\/varsity-virtual-realidad-aumentada-servicios-elementor-plantilla\/\" \/>\n<meta property=\"og:site_name\" content=\"AllWin Theme \u2013 Free WordPress Themes Download\" \/>\n<meta property=\"article:modified_time\" content=\"2025-10-20T08:01:37+00:00\" \/>\n<meta property=\"og:image\" content=\"https:\/\/allwintheme.com\/wp-content\/uploads\/2025\/10\/i5vmm5mh.png\" \/>\n\t<meta property=\"og:image:width\" content=\"768\" \/>\n\t<meta property=\"og:image:height\" content=\"512\" \/>\n\t<meta property=\"og:image:type\" content=\"image\/png\" \/>\n<meta name=\"twitter:card\" content=\"summary_large_image\" \/>\n<meta name=\"twitter:label1\" content=\"Tiempo estimado de lectura\" \/>\n\t<meta name=\"twitter:data1\" content=\"2 minutos\" \/>\n<script type=\"application\/ld+json\" class=\"yoast-schema-graph\">{\"@context\":\"https:\/\/schema.org\",\"@graph\":[{\"@type\":\"WebPage\",\"@id\":\"https:\/\/allwintheme.com\/product\/varsity-virtual-augmented-reality-services-elementor-template\/\",\"url\":\"https:\/\/allwintheme.com\/product\/varsity-virtual-augmented-reality-services-elementor-template\/\",\"name\":\"Varsity \u2013 Virtual & Augmented Reality Services Elementor Template - AllWin Theme \u2013 Free WordPress Themes Download\",\"isPartOf\":{\"@id\":\"https:\/\/allwintheme.com\/#website\"},\"primaryImageOfPage\":{\"@id\":\"https:\/\/allwintheme.com\/product\/varsity-virtual-augmented-reality-services-elementor-template\/#primaryimage\"},\"image\":{\"@id\":\"https:\/\/allwintheme.com\/product\/varsity-virtual-augmented-reality-services-elementor-template\/#primaryimage\"},\"thumbnailUrl\":\"https:\/\/allwintheme.com\/wp-content\/uploads\/2025\/10\/i5vmm5mh.png\",\"datePublished\":\"2025-10-20T07:52:56+00:00\",\"dateModified\":\"2025-10-20T08:01:37+00:00\",\"description\":\"Build immersive sites for VR, AR, gaming, or metaverse businesses with Varsity Elementor Template Kit. Modern, responsive designs with easy customization.\",\"breadcrumb\":{\"@id\":\"https:\/\/allwintheme.com\/product\/varsity-virtual-augmented-reality-services-elementor-template\/#breadcrumb\"},\"inLanguage\":\"es-CL\",\"potentialAction\":[{\"@type\":\"ReadAction\",\"target\":[\"https:\/\/allwintheme.com\/product\/varsity-virtual-augmented-reality-services-elementor-template\/\"]}]},{\"@type\":\"ImageObject\",\"inLanguage\":\"es-CL\",\"@id\":\"https:\/\/allwintheme.com\/product\/varsity-virtual-augmented-reality-services-elementor-template\/#primaryimage\",\"url\":\"https:\/\/allwintheme.com\/wp-content\/uploads\/2025\/10\/i5vmm5mh.png\",\"contentUrl\":\"https:\/\/allwintheme.com\/wp-content\/uploads\/2025\/10\/i5vmm5mh.png\",\"width\":768,\"height\":512,\"caption\":\"Varsity \u2013 Virtual & Augmented Reality Services Elementor Template\"},{\"@type\":\"BreadcrumbList\",\"@id\":\"https:\/\/allwintheme.com\/product\/varsity-virtual-augmented-reality-services-elementor-template\/#breadcrumb\",\"itemListElement\":[{\"@type\":\"ListItem\",\"position\":1,\"name\":\"Home\",\"item\":\"https:\/\/allwintheme.com\/\"},{\"@type\":\"ListItem\",\"position\":2,\"name\":\"Shop\",\"item\":\"https:\/\/allwintheme.com\/shop\/\"},{\"@type\":\"ListItem\",\"position\":3,\"name\":\"Varsity \u2013 Virtual &#038; Augmented Reality Services Elementor Template\"}]},{\"@type\":\"WebSite\",\"@id\":\"https:\/\/allwintheme.com\/#website\",\"url\":\"https:\/\/allwintheme.com\/\",\"name\":\"Allwintheme\",\"description\":\"Download free WordPress themes for every niche. Blogs, business, eCommerce, portfolio, restaurant and more. All themes are GPL licensed and mobile-ready.\",\"potentialAction\":[{\"@type\":\"SearchAction\",\"target\":{\"@type\":\"EntryPoint\",\"urlTemplate\":\"https:\/\/allwintheme.com\/?s={search_term_string}\"},\"query-input\":{\"@type\":\"PropertyValueSpecification\",\"valueRequired\":true,\"valueName\":\"search_term_string\"}}],\"inLanguage\":\"es-CL\"}]}<\/script>\n<!-- \/ Yoast SEO Premium plugin. -->","yoast_head_json":{"title":"Varsity - Virtual &amp; Augmented Reality Services Elementor Template - AllWin Theme - Free WordPress Themes Download","description":"Construye sitios inmersivos para VR, AR, juegos o negocios metaversos con Varsity Elementor Template Kit. Dise\u00f1os modernos y adaptables de f\u00e1cil personalizaci\u00f3n.","robots":{"index":"index","follow":"follow","max-snippet":"max-snippet:-1","max-image-preview":"max-image-preview:large","max-video-preview":"max-video-preview:-1"},"canonical":"https:\/\/allwintheme.com\/es\/producto\/varsity-virtual-realidad-aumentada-servicios-elementor-plantilla\/","og_locale":"es_ES","og_type":"article","og_title":"Varsity \u2013 Virtual & Augmented Reality Services Elementor Template","og_description":"Build immersive sites for VR, AR, gaming, or metaverse businesses with Varsity Elementor Template Kit. Modern, responsive designs with easy customization.","og_url":"https:\/\/allwintheme.com\/es\/producto\/varsity-virtual-realidad-aumentada-servicios-elementor-plantilla\/","og_site_name":"AllWin Theme \u2013 Free WordPress Themes Download","article_modified_time":"2025-10-20T08:01:37+00:00","og_image":[{"width":768,"height":512,"url":"https:\/\/allwintheme.com\/wp-content\/uploads\/2025\/10\/i5vmm5mh.png","type":"image\/png"}],"twitter_card":"summary_large_image","twitter_misc":{"Tiempo estimado de lectura":"2 minutos"},"schema":{"@context":"https:\/\/schema.org","@graph":[{"@type":"WebPage","@id":"https:\/\/allwintheme.com\/product\/varsity-virtual-augmented-reality-services-elementor-template\/","url":"https:\/\/allwintheme.com\/product\/varsity-virtual-augmented-reality-services-elementor-template\/","name":"Varsity - Virtual &amp; Augmented Reality Services Elementor Template - AllWin Theme - Free WordPress Themes Download","isPartOf":{"@id":"https:\/\/allwintheme.com\/#website"},"primaryImageOfPage":{"@id":"https:\/\/allwintheme.com\/product\/varsity-virtual-augmented-reality-services-elementor-template\/#primaryimage"},"image":{"@id":"https:\/\/allwintheme.com\/product\/varsity-virtual-augmented-reality-services-elementor-template\/#primaryimage"},"thumbnailUrl":"https:\/\/allwintheme.com\/wp-content\/uploads\/2025\/10\/i5vmm5mh.png","datePublished":"2025-10-20T07:52:56+00:00","dateModified":"2025-10-20T08:01:37+00:00","description":"Construye sitios inmersivos para VR, AR, juegos o negocios metaversos con Varsity Elementor Template Kit. Dise\u00f1os modernos y adaptables de f\u00e1cil personalizaci\u00f3n.","breadcrumb":{"@id":"https:\/\/allwintheme.com\/product\/varsity-virtual-augmented-reality-services-elementor-template\/#breadcrumb"},"inLanguage":"es-CL","potentialAction":[{"@type":"ReadAction","target":["https:\/\/allwintheme.com\/product\/varsity-virtual-augmented-reality-services-elementor-template\/"]}]},{"@type":"ImageObject","inLanguage":"es-CL","@id":"https:\/\/allwintheme.com\/product\/varsity-virtual-augmented-reality-services-elementor-template\/#primaryimage","url":"https:\/\/allwintheme.com\/wp-content\/uploads\/2025\/10\/i5vmm5mh.png","contentUrl":"https:\/\/allwintheme.com\/wp-content\/uploads\/2025\/10\/i5vmm5mh.png","width":768,"height":512,"caption":"Varsity \u2013 Virtual & Augmented Reality Services Elementor Template"},{"@type":"BreadcrumbList","@id":"https:\/\/allwintheme.com\/product\/varsity-virtual-augmented-reality-services-elementor-template\/#breadcrumb","itemListElement":[{"@type":"ListItem","position":1,"name":"Home","item":"https:\/\/allwintheme.com\/"},{"@type":"ListItem","position":2,"name":"Shop","item":"https:\/\/allwintheme.com\/shop\/"},{"@type":"ListItem","position":3,"name":"Varsity \u2013 Virtual &#038; Augmented Reality Services Elementor Template"}]},{"@type":"WebSite","@id":"https:\/\/allwintheme.com\/#website","url":"https:\/\/allwintheme.com\/","name":"Allwintheme","description":"Descarga gratis temas de WordPress para todos los nichos. Blogs, negocios, comercio electr\u00f3nico, portafolio, restaurante y m\u00e1s. Todos los temas tienen licencia GPL y est\u00e1n preparados para dispositivos m\u00f3viles.","potentialAction":[{"@type":"SearchAction","target":{"@type":"EntryPoint","urlTemplate":"https:\/\/allwintheme.com\/?s={search_term_string}"},"query-input":{"@type":"PropertyValueSpecification","valueRequired":true,"valueName":"search_term_string"}}],"inLanguage":"es-CL"}]}},"_links":{"self":[{"href":"https:\/\/allwintheme.com\/es\/wp-json\/wp\/v2\/product\/10971","targetHints":{"allow":["GET"]}}],"collection":[{"href":"https:\/\/allwintheme.com\/es\/wp-json\/wp\/v2\/product"}],"about":[{"href":"https:\/\/allwintheme.com\/es\/wp-json\/wp\/v2\/types\/product"}],"replies":[{"embeddable":true,"href":"https:\/\/allwintheme.com\/es\/wp-json\/wp\/v2\/comments?post=10971"}],"version-history":[{"count":5,"href":"https:\/\/allwintheme.com\/es\/wp-json\/wp\/v2\/product\/10971\/revisions"}],"predecessor-version":[{"id":10976,"href":"https:\/\/allwintheme.com\/es\/wp-json\/wp\/v2\/product\/10971\/revisions\/10976"}],"wp:featuredmedia":[{"embeddable":true,"href":"https:\/\/allwintheme.com\/es\/wp-json\/wp\/v2\/media\/10858"}],"wp:attachment":[{"href":"https:\/\/allwintheme.com\/es\/wp-json\/wp\/v2\/media?parent=10971"}],"wp:term":[{"taxonomy":"product_brand","embeddable":true,"href":"https:\/\/allwintheme.com\/es\/wp-json\/wp\/v2\/product_brand?post=10971"},{"taxonomy":"product_cat","embeddable":true,"href":"https:\/\/allwintheme.com\/es\/wp-json\/wp\/v2\/product_cat?post=10971"},{"taxonomy":"product_tag","embeddable":true,"href":"https:\/\/allwintheme.com\/es\/wp-json\/wp\/v2\/product_tag?post=10971"}],"curies":[{"name":"wp","href":"https:\/\/api.w.org\/{rel}","templated":true}]}}