{"id":10983,"date":"2025-10-20T08:08:52","date_gmt":"2025-10-20T08:08:52","guid":{"rendered":"https:\/\/allwintheme.com\/?post_type=product&#038;p=10983"},"modified":"2025-10-20T08:17:40","modified_gmt":"2025-10-20T08:17:40","slug":"virtty-servicios-de-realidad-virtual-plantilla-elementor","status":"publish","type":"product","link":"https:\/\/allwintheme.com\/es\/producto\/virtty-servicios-de-realidad-virtual-plantilla-elementor\/","title":{"rendered":"Virtty - Plantilla Elementor de Servicios de Realidad Virtual"},"content":{"rendered":"<div data-elementor-type=\"wp-post\" data-elementor-id=\"10983\" class=\"elementor elementor-10983\" data-elementor-settings=\"{&quot;element_pack_global_tooltip_width&quot;:{&quot;unit&quot;:&quot;px&quot;,&quot;size&quot;:&quot;&quot;,&quot;sizes&quot;:[]},&quot;element_pack_global_tooltip_width_tablet&quot;:{&quot;unit&quot;:&quot;px&quot;,&quot;size&quot;:&quot;&quot;,&quot;sizes&quot;:[]},&quot;element_pack_global_tooltip_width_mobile&quot;:{&quot;unit&quot;:&quot;px&quot;,&quot;size&quot;:&quot;&quot;,&quot;sizes&quot;:[]},&quot;element_pack_global_tooltip_padding&quot;:{&quot;unit&quot;:&quot;px&quot;,&quot;top&quot;:&quot;&quot;,&quot;right&quot;:&quot;&quot;,&quot;bottom&quot;:&quot;&quot;,&quot;left&quot;:&quot;&quot;,&quot;isLinked&quot;:true},&quot;element_pack_global_tooltip_padding_tablet&quot;:{&quot;unit&quot;:&quot;px&quot;,&quot;top&quot;:&quot;&quot;,&quot;right&quot;:&quot;&quot;,&quot;bottom&quot;:&quot;&quot;,&quot;left&quot;:&quot;&quot;,&quot;isLinked&quot;:true},&quot;element_pack_global_tooltip_padding_mobile&quot;:{&quot;unit&quot;:&quot;px&quot;,&quot;top&quot;:&quot;&quot;,&quot;right&quot;:&quot;&quot;,&quot;bottom&quot;:&quot;&quot;,&quot;left&quot;:&quot;&quot;,&quot;isLinked&quot;:true},&quot;element_pack_global_tooltip_border_radius&quot;:{&quot;unit&quot;:&quot;px&quot;,&quot;top&quot;:&quot;&quot;,&quot;right&quot;:&quot;&quot;,&quot;bottom&quot;:&quot;&quot;,&quot;left&quot;:&quot;&quot;,&quot;isLinked&quot;:true},&quot;element_pack_global_tooltip_border_radius_tablet&quot;:{&quot;unit&quot;:&quot;px&quot;,&quot;top&quot;:&quot;&quot;,&quot;right&quot;:&quot;&quot;,&quot;bottom&quot;:&quot;&quot;,&quot;left&quot;:&quot;&quot;,&quot;isLinked&quot;:true},&quot;element_pack_global_tooltip_border_radius_mobile&quot;:{&quot;unit&quot;:&quot;px&quot;,&quot;top&quot;:&quot;&quot;,&quot;right&quot;:&quot;&quot;,&quot;bottom&quot;:&quot;&quot;,&quot;left&quot;:&quot;&quot;,&quot;isLinked&quot;:true}}\" data-elementor-post-type=\"product\">\n\t\t\t\t<div class=\"elementor-element elementor-element-93aa4a8 e-con-full e-flex e-con e-parent\" data-id=\"93aa4a8\" data-element_type=\"container\" data-e-type=\"container\">\n\t\t\t\t<div class=\"elementor-element elementor-element-2c3f760 miaoshu elementor-widget elementor-widget-wd_text_block\" data-id=\"2c3f760\" data-element_type=\"widget\" data-e-type=\"widget\" data-widget_type=\"wd_text_block.default\">\n\t\t\t\t<div class=\"elementor-widget-container\">\n\t\t\t\t\t\t\t<div class=\"wd-text-block reset-last-child text-left\">\n\t\t\t\n\t\t\t<h2>Virtty: Transforme su negocio de RV con modernas plantillas Elementor<\/h2>\n<p><strong>Virtty - Kit de Plantillas Elementor para Servicios de Realidad Virtual<\/strong> permite a los profesionales y agencias de RV crear presencias en l\u00ednea inmersivas sin esfuerzo. Por ejemplo, los desarrolladores y propietarios de empresas utilizan activamente este kit para mostrar servicios de realidad virtual, soluciones de realidad aumentada e innovaciones digitales. De este modo, se crean sitios web cautivadores que atraen al p\u00fablico sin complicaciones de codificaci\u00f3n.<\/p>\n\n<h3>Dise\u00f1o sin esfuerzo para innovadores de la RV<\/h3>\n<p>Virtty ofrece una plataforma elegante y moderna adaptada al sector de la realidad virtual. Puedes elegir entre m\u00e1s de 14 plantillas responsivas cuidadosamente dise\u00f1adas -incluidas p\u00e1ginas de inicio, servicios, portafolio, blog y contacto- para lanzar tu sitio r\u00e1pidamente. Adem\u00e1s, el dise\u00f1o adaptable 100% garantiza una visualizaci\u00f3n perfecta en todos los dispositivos, para que su contenido de realidad virtual brille tanto en m\u00f3viles como en ordenadores de sobremesa.<\/p>\n\n<h3>\u00bfPor qu\u00e9 elegir Virtty?<\/h3>\n<ul>\n    <li><strong>Simplicidad de arrastrar y soltar:<\/strong> La intuitiva interfaz de Elementor te permite personalizar dise\u00f1os, colores y contenidos en cuesti\u00f3n de minutos.<\/li>\n    <li><strong>Funciones centradas en la RV:<\/strong> Destaque los juegos, los proyectos metaversos y las nuevas empresas tecnol\u00f3gicas con animaciones y carteras llamativas.<\/li>\n    <li><strong>No requiere codificaci\u00f3n:<\/strong> Los aut\u00f3nomos y las agencias retocan los dise\u00f1os libremente para adaptarlos a su visi\u00f3n de marca.<\/li>\n    <li><strong>Est\u00e9tica profesional:<\/strong> Los efectos visuales limpios y futuristas te ayudan a destacar en el competitivo espacio de la RV.<\/li>\n<\/ul>\n\n<h3>Libere el potencial creativo a la perfecci\u00f3n<\/h3>\n<p>Con Virtty, agilizas la creaci\u00f3n de sitios web para servicios de RV, experiencias de RA o agencias creativas. Por ejemplo, el kit integra animaciones y secciones modulares que dan vida a tus mundos digitales. Como resultado, ofrecer\u00e1s experiencias de usuario excepcionales que convertir\u00e1n a los visitantes en clientes, sin dejar de centrarte en tus principales innovaciones.<\/p>\n\n<h3>Lance hoy mismo su sitio de RV<\/h3>\n<p>Eleve su negocio de realidad virtual con <strong>Kit de plantillas Elementor Virtty<\/strong>. Por lo tanto, desc\u00e1rguelo ahora para crear un sitio web profesional y envolvente que cautive y convierta.\n\t\t\t\t\t<\/div>\n\t\t\t\t\t\t<\/div>\n\t\t\t\t<\/div>\n\t\t\t\t<\/div>\n\t\t\t\t<\/div>","protected":false},"excerpt":{"rendered":"<p>Virtty: Transform Your VR Business with Modern Elementor Templates Virtty \u2013 Virtual Reality Services Elementor Template Kit empowers VR professionals<\/p>","protected":false},"featured_media":10861,"comment_status":"open","ping_status":"closed","template":"","meta":{"_acf_changed":false},"product_brand":[],"product_cat":[50],"product_tag":[],"class_list":{"0":"post-10983","1":"product","2":"type-product","3":"status-publish","4":"has-post-thumbnail","6":"product_cat-template-kits","8":"first","9":"instock","10":"sale","11":"downloadable","12":"shipping-taxable","13":"purchasable","14":"product-type-simple"},"acf":[],"yoast_head":"<!-- This site is optimized with the Yoast SEO Premium plugin v25.6 (Yoast SEO v27.1.1) - https:\/\/yoast.com\/product\/yoast-seo-premium-wordpress\/ -->\n<title>Virtty \u2013 Virtual Reality Services Elementor Template - AllWin Theme \u2013 Free WordPress Themes Download<\/title>\n<meta name=\"description\" content=\"Build stunning VR service websites with Virtty Elementor Template Kit. 14+ responsive templates, drag-and-drop customization for VR agencies and more.\" \/>\n<meta name=\"robots\" content=\"index, follow, max-snippet:-1, max-image-preview:large, max-video-preview:-1\" \/>\n<link rel=\"canonical\" href=\"https:\/\/allwintheme.com\/es\/producto\/virtty-servicios-de-realidad-virtual-plantilla-elementor\/\" \/>\n<meta property=\"og:locale\" content=\"es_ES\" \/>\n<meta property=\"og:type\" content=\"article\" \/>\n<meta property=\"og:title\" content=\"Virtty \u2013 Virtual Reality Services Elementor Template\" \/>\n<meta property=\"og:description\" content=\"Build stunning VR service websites with Virtty Elementor Template Kit. 14+ responsive templates, drag-and-drop customization for VR agencies and more.\" \/>\n<meta property=\"og:url\" content=\"https:\/\/allwintheme.com\/es\/producto\/virtty-servicios-de-realidad-virtual-plantilla-elementor\/\" \/>\n<meta property=\"og:site_name\" content=\"AllWin Theme \u2013 Free WordPress Themes Download\" \/>\n<meta property=\"article:modified_time\" content=\"2025-10-20T08:17:40+00:00\" \/>\n<meta property=\"og:image\" content=\"https:\/\/allwintheme.com\/wp-content\/uploads\/2025\/10\/4xr2y14q.png\" \/>\n\t<meta property=\"og:image:width\" content=\"768\" \/>\n\t<meta property=\"og:image:height\" content=\"512\" \/>\n\t<meta property=\"og:image:type\" content=\"image\/png\" \/>\n<meta name=\"twitter:card\" content=\"summary_large_image\" \/>\n<meta name=\"twitter:label1\" content=\"Tiempo estimado de lectura\" \/>\n\t<meta name=\"twitter:data1\" content=\"2 minutos\" \/>\n<script type=\"application\/ld+json\" class=\"yoast-schema-graph\">{\"@context\":\"https:\/\/schema.org\",\"@graph\":[{\"@type\":\"WebPage\",\"@id\":\"https:\/\/allwintheme.com\/product\/virtty-virtual-reality-services-elementor-template\/\",\"url\":\"https:\/\/allwintheme.com\/product\/virtty-virtual-reality-services-elementor-template\/\",\"name\":\"Virtty \u2013 Virtual Reality Services Elementor Template - AllWin Theme \u2013 Free WordPress Themes Download\",\"isPartOf\":{\"@id\":\"https:\/\/allwintheme.com\/#website\"},\"primaryImageOfPage\":{\"@id\":\"https:\/\/allwintheme.com\/product\/virtty-virtual-reality-services-elementor-template\/#primaryimage\"},\"image\":{\"@id\":\"https:\/\/allwintheme.com\/product\/virtty-virtual-reality-services-elementor-template\/#primaryimage\"},\"thumbnailUrl\":\"https:\/\/allwintheme.com\/wp-content\/uploads\/2025\/10\/4xr2y14q.png\",\"datePublished\":\"2025-10-20T08:08:52+00:00\",\"dateModified\":\"2025-10-20T08:17:40+00:00\",\"description\":\"Build stunning VR service websites with Virtty Elementor Template Kit. 14+ responsive templates, drag-and-drop customization for VR agencies and more.\",\"breadcrumb\":{\"@id\":\"https:\/\/allwintheme.com\/product\/virtty-virtual-reality-services-elementor-template\/#breadcrumb\"},\"inLanguage\":\"es-CL\",\"potentialAction\":[{\"@type\":\"ReadAction\",\"target\":[\"https:\/\/allwintheme.com\/product\/virtty-virtual-reality-services-elementor-template\/\"]}]},{\"@type\":\"ImageObject\",\"inLanguage\":\"es-CL\",\"@id\":\"https:\/\/allwintheme.com\/product\/virtty-virtual-reality-services-elementor-template\/#primaryimage\",\"url\":\"https:\/\/allwintheme.com\/wp-content\/uploads\/2025\/10\/4xr2y14q.png\",\"contentUrl\":\"https:\/\/allwintheme.com\/wp-content\/uploads\/2025\/10\/4xr2y14q.png\",\"width\":768,\"height\":512,\"caption\":\"Virtty \u2013 Virtual Reality Services Elementor Template\"},{\"@type\":\"BreadcrumbList\",\"@id\":\"https:\/\/allwintheme.com\/product\/virtty-virtual-reality-services-elementor-template\/#breadcrumb\",\"itemListElement\":[{\"@type\":\"ListItem\",\"position\":1,\"name\":\"Home\",\"item\":\"https:\/\/allwintheme.com\/\"},{\"@type\":\"ListItem\",\"position\":2,\"name\":\"Shop\",\"item\":\"https:\/\/allwintheme.com\/shop\/\"},{\"@type\":\"ListItem\",\"position\":3,\"name\":\"Virtty \u2013 Virtual Reality Services Elementor Template\"}]},{\"@type\":\"WebSite\",\"@id\":\"https:\/\/allwintheme.com\/#website\",\"url\":\"https:\/\/allwintheme.com\/\",\"name\":\"Allwintheme\",\"description\":\"Download free WordPress themes for every niche. Blogs, business, eCommerce, portfolio, restaurant and more. All themes are GPL licensed and mobile-ready.\",\"potentialAction\":[{\"@type\":\"SearchAction\",\"target\":{\"@type\":\"EntryPoint\",\"urlTemplate\":\"https:\/\/allwintheme.com\/?s={search_term_string}\"},\"query-input\":{\"@type\":\"PropertyValueSpecification\",\"valueRequired\":true,\"valueName\":\"search_term_string\"}}],\"inLanguage\":\"es-CL\"}]}<\/script>\n<!-- \/ Yoast SEO Premium plugin. -->","yoast_head_json":{"title":"Virtty - Virtual Reality Services Elementor Template - AllWin Theme - Free WordPress Themes Download","description":"Cree impresionantes sitios web de servicios de RV con Virtty Elementor Template Kit. M\u00e1s de 14 plantillas adaptables, personalizaci\u00f3n mediante arrastrar y soltar para agencias de RV y mucho m\u00e1s.","robots":{"index":"index","follow":"follow","max-snippet":"max-snippet:-1","max-image-preview":"max-image-preview:large","max-video-preview":"max-video-preview:-1"},"canonical":"https:\/\/allwintheme.com\/es\/producto\/virtty-servicios-de-realidad-virtual-plantilla-elementor\/","og_locale":"es_ES","og_type":"article","og_title":"Virtty \u2013 Virtual Reality Services Elementor Template","og_description":"Build stunning VR service websites with Virtty Elementor Template Kit. 14+ responsive templates, drag-and-drop customization for VR agencies and more.","og_url":"https:\/\/allwintheme.com\/es\/producto\/virtty-servicios-de-realidad-virtual-plantilla-elementor\/","og_site_name":"AllWin Theme \u2013 Free WordPress Themes Download","article_modified_time":"2025-10-20T08:17:40+00:00","og_image":[{"width":768,"height":512,"url":"https:\/\/allwintheme.com\/wp-content\/uploads\/2025\/10\/4xr2y14q.png","type":"image\/png"}],"twitter_card":"summary_large_image","twitter_misc":{"Tiempo estimado de lectura":"2 minutos"},"schema":{"@context":"https:\/\/schema.org","@graph":[{"@type":"WebPage","@id":"https:\/\/allwintheme.com\/product\/virtty-virtual-reality-services-elementor-template\/","url":"https:\/\/allwintheme.com\/product\/virtty-virtual-reality-services-elementor-template\/","name":"Virtty - Virtual Reality Services Elementor Template - AllWin Theme - Free WordPress Themes Download","isPartOf":{"@id":"https:\/\/allwintheme.com\/#website"},"primaryImageOfPage":{"@id":"https:\/\/allwintheme.com\/product\/virtty-virtual-reality-services-elementor-template\/#primaryimage"},"image":{"@id":"https:\/\/allwintheme.com\/product\/virtty-virtual-reality-services-elementor-template\/#primaryimage"},"thumbnailUrl":"https:\/\/allwintheme.com\/wp-content\/uploads\/2025\/10\/4xr2y14q.png","datePublished":"2025-10-20T08:08:52+00:00","dateModified":"2025-10-20T08:17:40+00:00","description":"Cree impresionantes sitios web de servicios de RV con Virtty Elementor Template Kit. M\u00e1s de 14 plantillas adaptables, personalizaci\u00f3n mediante arrastrar y soltar para agencias de RV y mucho m\u00e1s.","breadcrumb":{"@id":"https:\/\/allwintheme.com\/product\/virtty-virtual-reality-services-elementor-template\/#breadcrumb"},"inLanguage":"es-CL","potentialAction":[{"@type":"ReadAction","target":["https:\/\/allwintheme.com\/product\/virtty-virtual-reality-services-elementor-template\/"]}]},{"@type":"ImageObject","inLanguage":"es-CL","@id":"https:\/\/allwintheme.com\/product\/virtty-virtual-reality-services-elementor-template\/#primaryimage","url":"https:\/\/allwintheme.com\/wp-content\/uploads\/2025\/10\/4xr2y14q.png","contentUrl":"https:\/\/allwintheme.com\/wp-content\/uploads\/2025\/10\/4xr2y14q.png","width":768,"height":512,"caption":"Virtty \u2013 Virtual Reality Services Elementor Template"},{"@type":"BreadcrumbList","@id":"https:\/\/allwintheme.com\/product\/virtty-virtual-reality-services-elementor-template\/#breadcrumb","itemListElement":[{"@type":"ListItem","position":1,"name":"Home","item":"https:\/\/allwintheme.com\/"},{"@type":"ListItem","position":2,"name":"Shop","item":"https:\/\/allwintheme.com\/shop\/"},{"@type":"ListItem","position":3,"name":"Virtty \u2013 Virtual Reality Services Elementor Template"}]},{"@type":"WebSite","@id":"https:\/\/allwintheme.com\/#website","url":"https:\/\/allwintheme.com\/","name":"Allwintheme","description":"Descarga gratis temas de WordPress para todos los nichos. Blogs, negocios, comercio electr\u00f3nico, portafolio, restaurante y m\u00e1s. Todos los temas tienen licencia GPL y est\u00e1n preparados para dispositivos m\u00f3viles.","potentialAction":[{"@type":"SearchAction","target":{"@type":"EntryPoint","urlTemplate":"https:\/\/allwintheme.com\/?s={search_term_string}"},"query-input":{"@type":"PropertyValueSpecification","valueRequired":true,"valueName":"search_term_string"}}],"inLanguage":"es-CL"}]}},"_links":{"self":[{"href":"https:\/\/allwintheme.com\/es\/wp-json\/wp\/v2\/product\/10983","targetHints":{"allow":["GET"]}}],"collection":[{"href":"https:\/\/allwintheme.com\/es\/wp-json\/wp\/v2\/product"}],"about":[{"href":"https:\/\/allwintheme.com\/es\/wp-json\/wp\/v2\/types\/product"}],"replies":[{"embeddable":true,"href":"https:\/\/allwintheme.com\/es\/wp-json\/wp\/v2\/comments?post=10983"}],"version-history":[{"count":5,"href":"https:\/\/allwintheme.com\/es\/wp-json\/wp\/v2\/product\/10983\/revisions"}],"predecessor-version":[{"id":10988,"href":"https:\/\/allwintheme.com\/es\/wp-json\/wp\/v2\/product\/10983\/revisions\/10988"}],"wp:featuredmedia":[{"embeddable":true,"href":"https:\/\/allwintheme.com\/es\/wp-json\/wp\/v2\/media\/10861"}],"wp:attachment":[{"href":"https:\/\/allwintheme.com\/es\/wp-json\/wp\/v2\/media?parent=10983"}],"wp:term":[{"taxonomy":"product_brand","embeddable":true,"href":"https:\/\/allwintheme.com\/es\/wp-json\/wp\/v2\/product_brand?post=10983"},{"taxonomy":"product_cat","embeddable":true,"href":"https:\/\/allwintheme.com\/es\/wp-json\/wp\/v2\/product_cat?post=10983"},{"taxonomy":"product_tag","embeddable":true,"href":"https:\/\/allwintheme.com\/es\/wp-json\/wp\/v2\/product_tag?post=10983"}],"curies":[{"name":"wp","href":"https:\/\/api.w.org\/{rel}","templated":true}]}}