{"id":11007,"date":"2025-10-20T13:57:03","date_gmt":"2025-10-20T13:57:03","guid":{"rendered":"https:\/\/allwintheme.com\/?post_type=product&#038;p=11007"},"modified":"2025-10-20T14:02:36","modified_gmt":"2025-10-20T14:02:36","slug":"virtty-realidad-virtual-elementor-template-kit","status":"publish","type":"product","link":"https:\/\/allwintheme.com\/es\/producto\/virtty-realidad-virtual-elementor-template-kit\/","title":{"rendered":"Virtty Realidad Virtual Elementor Plantilla Kit"},"content":{"rendered":"<div data-elementor-type=\"wp-post\" data-elementor-id=\"11007\" class=\"elementor elementor-11007\" data-elementor-settings=\"{&quot;element_pack_global_tooltip_width&quot;:{&quot;unit&quot;:&quot;px&quot;,&quot;size&quot;:&quot;&quot;,&quot;sizes&quot;:[]},&quot;element_pack_global_tooltip_width_tablet&quot;:{&quot;unit&quot;:&quot;px&quot;,&quot;size&quot;:&quot;&quot;,&quot;sizes&quot;:[]},&quot;element_pack_global_tooltip_width_mobile&quot;:{&quot;unit&quot;:&quot;px&quot;,&quot;size&quot;:&quot;&quot;,&quot;sizes&quot;:[]},&quot;element_pack_global_tooltip_padding&quot;:{&quot;unit&quot;:&quot;px&quot;,&quot;top&quot;:&quot;&quot;,&quot;right&quot;:&quot;&quot;,&quot;bottom&quot;:&quot;&quot;,&quot;left&quot;:&quot;&quot;,&quot;isLinked&quot;:true},&quot;element_pack_global_tooltip_padding_tablet&quot;:{&quot;unit&quot;:&quot;px&quot;,&quot;top&quot;:&quot;&quot;,&quot;right&quot;:&quot;&quot;,&quot;bottom&quot;:&quot;&quot;,&quot;left&quot;:&quot;&quot;,&quot;isLinked&quot;:true},&quot;element_pack_global_tooltip_padding_mobile&quot;:{&quot;unit&quot;:&quot;px&quot;,&quot;top&quot;:&quot;&quot;,&quot;right&quot;:&quot;&quot;,&quot;bottom&quot;:&quot;&quot;,&quot;left&quot;:&quot;&quot;,&quot;isLinked&quot;:true},&quot;element_pack_global_tooltip_border_radius&quot;:{&quot;unit&quot;:&quot;px&quot;,&quot;top&quot;:&quot;&quot;,&quot;right&quot;:&quot;&quot;,&quot;bottom&quot;:&quot;&quot;,&quot;left&quot;:&quot;&quot;,&quot;isLinked&quot;:true},&quot;element_pack_global_tooltip_border_radius_tablet&quot;:{&quot;unit&quot;:&quot;px&quot;,&quot;top&quot;:&quot;&quot;,&quot;right&quot;:&quot;&quot;,&quot;bottom&quot;:&quot;&quot;,&quot;left&quot;:&quot;&quot;,&quot;isLinked&quot;:true},&quot;element_pack_global_tooltip_border_radius_mobile&quot;:{&quot;unit&quot;:&quot;px&quot;,&quot;top&quot;:&quot;&quot;,&quot;right&quot;:&quot;&quot;,&quot;bottom&quot;:&quot;&quot;,&quot;left&quot;:&quot;&quot;,&quot;isLinked&quot;:true}}\" data-elementor-post-type=\"product\">\n\t\t\t\t<div class=\"elementor-element elementor-element-93aa4a8 e-con-full e-flex e-con e-parent\" data-id=\"93aa4a8\" data-element_type=\"container\" data-e-type=\"container\">\n\t\t\t\t<div class=\"elementor-element elementor-element-2c3f760 miaoshu elementor-widget elementor-widget-wd_text_block\" data-id=\"2c3f760\" data-element_type=\"widget\" data-e-type=\"widget\" data-widget_type=\"wd_text_block.default\">\n\t\t\t\t<div class=\"elementor-widget-container\">\n\t\t\t\t\t\t\t<div class=\"wd-text-block reset-last-child text-left\">\n\t\t\t\n\t\t\t<h2>Virtty - Plantilla Elementor de Realidad Virtual y Metaverso<\/h2>\n<p>Virtty es un Kit de Plantillas Elementor de \u00faltima generaci\u00f3n creado para startups de realidad virtual, plataformas metaverso, estudios de juegos y negocios de tecnolog\u00eda inmersiva. Su dise\u00f1o elegante y sus elementos visuales din\u00e1micos te ayudan a mostrar productos, aplicaciones y experiencias con un estilo futurista que atrae a los usuarios modernos.<\/p>\n\n<h3>Dise\u00f1ado para la innovaci\u00f3n<\/h3>\n<p>Virtty ofrece un conjunto completo de dise\u00f1os preconfigurados para servicios de RV, presentaciones de productos, planes de precios e incorporaci\u00f3n de usuarios. Cada p\u00e1gina est\u00e1 estrat\u00e9gicamente dise\u00f1ada para resaltar las caracter\u00edsticas de la tecnolog\u00eda inmersiva, por lo que es ideal para marcas y desarrolladores centrados en la tecnolog\u00eda.<\/p>\n\n<h3>Sin codificaci\u00f3n<\/h3>\n<p>Creado con Elementor, Virtty te permite personalizar cada secci\u00f3n con una sencilla interfaz de arrastrar y soltar. Puedes ajustar f\u00e1cilmente las animaciones, los efectos de fondo y los bloques de contenido para que coincidan con la visi\u00f3n y la marca de tu proyecto.<\/p>\n\n<h3>Respuesta y rendimiento optimizados<\/h3>\n<p>La plantilla es totalmente adaptable y apta para m\u00f3viles, lo que garantiza una experiencia de visualizaci\u00f3n perfecta en todos los dispositivos. Tambi\u00e9n est\u00e1 optimizada para una carga r\u00e1pida y SEO, lo que ayuda a su empresa a destacar en los resultados de b\u00fasqueda.<\/p>\n\n<h3>Caracter\u00edsticas principales<\/h3>\n<ul>\n  <li>Dise\u00f1o futurista y profesional<\/li>\n  <li>Construido con Elementor - sin necesidad de conocimientos de codificaci\u00f3n<\/li>\n  <li>Dise\u00f1o responsive y retina-ready<\/li>\n  <li>Secciones animadas y efectos visuales interactivos<\/li>\n  <li>Ideal para RV, RA, Web3 y nuevas empresas tecnol\u00f3gicas<\/li>\n<\/ul>\n\n<p>Con Virtty, puede crear una potente presencia en l\u00ednea que refleje el futuro de la realidad virtual y la innovaci\u00f3n digital. Lance su sitio web en cuesti\u00f3n de minutos y presente su tecnolog\u00eda de la forma m\u00e1s cautivadora.<\/p>\n\t\t\t\t\t<\/div>\n\t\t\t\t\t\t<\/div>\n\t\t\t\t<\/div>\n\t\t\t\t<\/div>\n\t\t<div class=\"wd-negative-gap elementor-element elementor-element-3a117a9 e-flex e-con-boxed e-con e-parent\" data-id=\"3a117a9\" data-element_type=\"container\" data-e-type=\"container\">\n\t\t\t\t\t<div class=\"e-con-inner\">\n\t\t\t\t<div class=\"elementor-element elementor-element-981c5a2 elementor-widget elementor-widget-wd_text_block\" data-id=\"981c5a2\" data-element_type=\"widget\" data-e-type=\"widget\" data-widget_type=\"wd_text_block.default\">\n\t\t\t\t<div class=\"elementor-widget-container\">\n\t\t\t\t\t\t\t<div class=\"wd-text-block reset-last-child text-left\">\n\t\t\t\n\t\t\t<h2 dir=\"auto\">Virtty: VR Services Elementor Template Kit<\/h2>\n\t\t\t\t\t<\/div>\n\t\t\t\t\t\t<\/div>\n\t\t\t\t<\/div>\n\t\t\t\t\t<\/div>\n\t\t\t\t<\/div>\n\t\t<div class=\"wd-negative-gap elementor-element elementor-element-d0b6edb e-flex e-con-boxed e-con e-parent\" data-id=\"d0b6edb\" data-element_type=\"container\" data-e-type=\"container\">\n\t\t\t\t\t<div class=\"e-con-inner\">\n\t\t\t\t<div class=\"elementor-element elementor-element-9960d7b elementor-widget elementor-widget-video\" data-id=\"9960d7b\" data-element_type=\"widget\" data-e-type=\"widget\" data-settings=\"{&quot;youtube_url&quot;:&quot;https:\\\/\\\/youtu.be\\\/eqEibFf4raE&quot;,&quot;video_type&quot;:&quot;youtube&quot;,&quot;controls&quot;:&quot;yes&quot;}\" data-widget_type=\"video.default\">\n\t\t\t\t\t\t\t<div class=\"elementor-wrapper elementor-open-inline\">\n\t\t\t<div class=\"elementor-video\"><\/div>\t\t<\/div>\n\t\t\t\t\t\t<\/div>\n\t\t\t\t\t<\/div>\n\t\t\t\t<\/div>\n\t\t\t\t<\/div>","protected":false},"excerpt":{"rendered":"<p>Virtty \u2013 Virtual Reality &amp; Metaverse Elementor Template Virtty is a cutting-edge Elementor Template Kit crafted for virtual reality startups,<\/p>","protected":false},"featured_media":10864,"comment_status":"open","ping_status":"closed","template":"","meta":{"_acf_changed":false},"product_brand":[],"product_cat":[50],"product_tag":[],"class_list":{"0":"post-11007","1":"product","2":"type-product","3":"status-publish","4":"has-post-thumbnail","6":"product_cat-template-kits","8":"first","9":"instock","10":"sale","11":"downloadable","12":"shipping-taxable","13":"purchasable","14":"product-type-simple"},"acf":[],"yoast_head":"<!-- This site is optimized with the Yoast SEO Premium plugin v25.6 (Yoast SEO v27.1.1) - https:\/\/yoast.com\/product\/yoast-seo-premium-wordpress\/ -->\n<title>Virtty Virtual Reality Elementor Template Kit - AllWin Theme \u2013 Free WordPress Themes Download<\/title>\n<meta name=\"description\" content=\"Build immersive VR websites effortlessly with Virtty, a modern Elementor Template Kit for WordPress. Ideal for VR services, AR solutions, gaming, and tech startups.\" \/>\n<meta name=\"robots\" content=\"index, follow, max-snippet:-1, max-image-preview:large, max-video-preview:-1\" \/>\n<link rel=\"canonical\" href=\"https:\/\/allwintheme.com\/es\/producto\/virtty-realidad-virtual-elementor-template-kit\/\" \/>\n<meta property=\"og:locale\" content=\"es_ES\" \/>\n<meta property=\"og:type\" content=\"article\" \/>\n<meta property=\"og:title\" content=\"Virtty Virtual Reality Elementor Template Kit\" \/>\n<meta property=\"og:description\" content=\"Build immersive VR websites effortlessly with Virtty, a modern Elementor Template Kit for WordPress. Ideal for VR services, AR solutions, gaming, and tech startups.\" \/>\n<meta property=\"og:url\" content=\"https:\/\/allwintheme.com\/es\/producto\/virtty-realidad-virtual-elementor-template-kit\/\" \/>\n<meta property=\"og:site_name\" content=\"AllWin Theme \u2013 Free WordPress Themes Download\" \/>\n<meta property=\"article:modified_time\" content=\"2025-10-20T14:02:36+00:00\" \/>\n<meta property=\"og:image\" content=\"https:\/\/allwintheme.com\/wp-content\/uploads\/2025\/10\/cp1g53w9.png\" \/>\n\t<meta property=\"og:image:width\" content=\"590\" \/>\n\t<meta property=\"og:image:height\" content=\"300\" \/>\n\t<meta property=\"og:image:type\" content=\"image\/png\" \/>\n<meta name=\"twitter:card\" content=\"summary_large_image\" \/>\n<meta name=\"twitter:label1\" content=\"Tiempo estimado de lectura\" \/>\n\t<meta name=\"twitter:data1\" content=\"2 minutos\" \/>\n<script type=\"application\/ld+json\" class=\"yoast-schema-graph\">{\"@context\":\"https:\/\/schema.org\",\"@graph\":[{\"@type\":\"WebPage\",\"@id\":\"https:\/\/allwintheme.com\/product\/virtty-virtual-reality-elementor-template-kit\/\",\"url\":\"https:\/\/allwintheme.com\/product\/virtty-virtual-reality-elementor-template-kit\/\",\"name\":\"Virtty Virtual Reality Elementor Template Kit - AllWin Theme \u2013 Free WordPress Themes Download\",\"isPartOf\":{\"@id\":\"https:\/\/allwintheme.com\/#website\"},\"primaryImageOfPage\":{\"@id\":\"https:\/\/allwintheme.com\/product\/virtty-virtual-reality-elementor-template-kit\/#primaryimage\"},\"image\":{\"@id\":\"https:\/\/allwintheme.com\/product\/virtty-virtual-reality-elementor-template-kit\/#primaryimage\"},\"thumbnailUrl\":\"https:\/\/allwintheme.com\/wp-content\/uploads\/2025\/10\/cp1g53w9.png\",\"datePublished\":\"2025-10-20T13:57:03+00:00\",\"dateModified\":\"2025-10-20T14:02:36+00:00\",\"description\":\"Build immersive VR websites effortlessly with Virtty, a modern Elementor Template Kit for WordPress. Ideal for VR services, AR solutions, gaming, and tech startups.\",\"breadcrumb\":{\"@id\":\"https:\/\/allwintheme.com\/product\/virtty-virtual-reality-elementor-template-kit\/#breadcrumb\"},\"inLanguage\":\"es-CL\",\"potentialAction\":[{\"@type\":\"ReadAction\",\"target\":[\"https:\/\/allwintheme.com\/product\/virtty-virtual-reality-elementor-template-kit\/\"]}]},{\"@type\":\"ImageObject\",\"inLanguage\":\"es-CL\",\"@id\":\"https:\/\/allwintheme.com\/product\/virtty-virtual-reality-elementor-template-kit\/#primaryimage\",\"url\":\"https:\/\/allwintheme.com\/wp-content\/uploads\/2025\/10\/cp1g53w9.png\",\"contentUrl\":\"https:\/\/allwintheme.com\/wp-content\/uploads\/2025\/10\/cp1g53w9.png\",\"width\":590,\"height\":300,\"caption\":\"Virtty Virtual Reality Elementor Template Kit\"},{\"@type\":\"BreadcrumbList\",\"@id\":\"https:\/\/allwintheme.com\/product\/virtty-virtual-reality-elementor-template-kit\/#breadcrumb\",\"itemListElement\":[{\"@type\":\"ListItem\",\"position\":1,\"name\":\"Home\",\"item\":\"https:\/\/allwintheme.com\/\"},{\"@type\":\"ListItem\",\"position\":2,\"name\":\"Shop\",\"item\":\"https:\/\/allwintheme.com\/shop\/\"},{\"@type\":\"ListItem\",\"position\":3,\"name\":\"Virtty Virtual Reality Elementor Template Kit\"}]},{\"@type\":\"WebSite\",\"@id\":\"https:\/\/allwintheme.com\/#website\",\"url\":\"https:\/\/allwintheme.com\/\",\"name\":\"Allwintheme\",\"description\":\"Download free WordPress themes for every niche. Blogs, business, eCommerce, portfolio, restaurant and more. All themes are GPL licensed and mobile-ready.\",\"potentialAction\":[{\"@type\":\"SearchAction\",\"target\":{\"@type\":\"EntryPoint\",\"urlTemplate\":\"https:\/\/allwintheme.com\/?s={search_term_string}\"},\"query-input\":{\"@type\":\"PropertyValueSpecification\",\"valueRequired\":true,\"valueName\":\"search_term_string\"}}],\"inLanguage\":\"es-CL\"}]}<\/script>\n<!-- \/ Yoast SEO Premium plugin. -->","yoast_head_json":{"title":"Virtty Virtual Reality Elementor Template Kit - AllWin Theme \u2013 Free WordPress Themes Download","description":"Crea sitios web de realidad virtual inmersivos sin esfuerzo con Virtty, un moderno kit de plantillas Elementor para WordPress. Ideal para servicios de realidad virtual, soluciones de realidad aumentada, juegos y startups tecnol\u00f3gicas.","robots":{"index":"index","follow":"follow","max-snippet":"max-snippet:-1","max-image-preview":"max-image-preview:large","max-video-preview":"max-video-preview:-1"},"canonical":"https:\/\/allwintheme.com\/es\/producto\/virtty-realidad-virtual-elementor-template-kit\/","og_locale":"es_ES","og_type":"article","og_title":"Virtty Virtual Reality Elementor Template Kit","og_description":"Build immersive VR websites effortlessly with Virtty, a modern Elementor Template Kit for WordPress. Ideal for VR services, AR solutions, gaming, and tech startups.","og_url":"https:\/\/allwintheme.com\/es\/producto\/virtty-realidad-virtual-elementor-template-kit\/","og_site_name":"AllWin Theme \u2013 Free WordPress Themes Download","article_modified_time":"2025-10-20T14:02:36+00:00","og_image":[{"width":590,"height":300,"url":"https:\/\/allwintheme.com\/wp-content\/uploads\/2025\/10\/cp1g53w9.png","type":"image\/png"}],"twitter_card":"summary_large_image","twitter_misc":{"Tiempo estimado de lectura":"2 minutos"},"schema":{"@context":"https:\/\/schema.org","@graph":[{"@type":"WebPage","@id":"https:\/\/allwintheme.com\/product\/virtty-virtual-reality-elementor-template-kit\/","url":"https:\/\/allwintheme.com\/product\/virtty-virtual-reality-elementor-template-kit\/","name":"Virtty Virtual Reality Elementor Template Kit - AllWin Theme \u2013 Free WordPress Themes Download","isPartOf":{"@id":"https:\/\/allwintheme.com\/#website"},"primaryImageOfPage":{"@id":"https:\/\/allwintheme.com\/product\/virtty-virtual-reality-elementor-template-kit\/#primaryimage"},"image":{"@id":"https:\/\/allwintheme.com\/product\/virtty-virtual-reality-elementor-template-kit\/#primaryimage"},"thumbnailUrl":"https:\/\/allwintheme.com\/wp-content\/uploads\/2025\/10\/cp1g53w9.png","datePublished":"2025-10-20T13:57:03+00:00","dateModified":"2025-10-20T14:02:36+00:00","description":"Crea sitios web de realidad virtual inmersivos sin esfuerzo con Virtty, un moderno kit de plantillas Elementor para WordPress. Ideal para servicios de realidad virtual, soluciones de realidad aumentada, juegos y startups tecnol\u00f3gicas.","breadcrumb":{"@id":"https:\/\/allwintheme.com\/product\/virtty-virtual-reality-elementor-template-kit\/#breadcrumb"},"inLanguage":"es-CL","potentialAction":[{"@type":"ReadAction","target":["https:\/\/allwintheme.com\/product\/virtty-virtual-reality-elementor-template-kit\/"]}]},{"@type":"ImageObject","inLanguage":"es-CL","@id":"https:\/\/allwintheme.com\/product\/virtty-virtual-reality-elementor-template-kit\/#primaryimage","url":"https:\/\/allwintheme.com\/wp-content\/uploads\/2025\/10\/cp1g53w9.png","contentUrl":"https:\/\/allwintheme.com\/wp-content\/uploads\/2025\/10\/cp1g53w9.png","width":590,"height":300,"caption":"Virtty Virtual Reality Elementor Template Kit"},{"@type":"BreadcrumbList","@id":"https:\/\/allwintheme.com\/product\/virtty-virtual-reality-elementor-template-kit\/#breadcrumb","itemListElement":[{"@type":"ListItem","position":1,"name":"Home","item":"https:\/\/allwintheme.com\/"},{"@type":"ListItem","position":2,"name":"Shop","item":"https:\/\/allwintheme.com\/shop\/"},{"@type":"ListItem","position":3,"name":"Virtty Virtual Reality Elementor Template Kit"}]},{"@type":"WebSite","@id":"https:\/\/allwintheme.com\/#website","url":"https:\/\/allwintheme.com\/","name":"Allwintheme","description":"Descarga gratis temas de WordPress para todos los nichos. Blogs, negocios, comercio electr\u00f3nico, portafolio, restaurante y m\u00e1s. Todos los temas tienen licencia GPL y est\u00e1n preparados para dispositivos m\u00f3viles.","potentialAction":[{"@type":"SearchAction","target":{"@type":"EntryPoint","urlTemplate":"https:\/\/allwintheme.com\/?s={search_term_string}"},"query-input":{"@type":"PropertyValueSpecification","valueRequired":true,"valueName":"search_term_string"}}],"inLanguage":"es-CL"}]}},"_links":{"self":[{"href":"https:\/\/allwintheme.com\/es\/wp-json\/wp\/v2\/product\/11007","targetHints":{"allow":["GET"]}}],"collection":[{"href":"https:\/\/allwintheme.com\/es\/wp-json\/wp\/v2\/product"}],"about":[{"href":"https:\/\/allwintheme.com\/es\/wp-json\/wp\/v2\/types\/product"}],"replies":[{"embeddable":true,"href":"https:\/\/allwintheme.com\/es\/wp-json\/wp\/v2\/comments?post=11007"}],"version-history":[{"count":8,"href":"https:\/\/allwintheme.com\/es\/wp-json\/wp\/v2\/product\/11007\/revisions"}],"predecessor-version":[{"id":11015,"href":"https:\/\/allwintheme.com\/es\/wp-json\/wp\/v2\/product\/11007\/revisions\/11015"}],"wp:featuredmedia":[{"embeddable":true,"href":"https:\/\/allwintheme.com\/es\/wp-json\/wp\/v2\/media\/10864"}],"wp:attachment":[{"href":"https:\/\/allwintheme.com\/es\/wp-json\/wp\/v2\/media?parent=11007"}],"wp:term":[{"taxonomy":"product_brand","embeddable":true,"href":"https:\/\/allwintheme.com\/es\/wp-json\/wp\/v2\/product_brand?post=11007"},{"taxonomy":"product_cat","embeddable":true,"href":"https:\/\/allwintheme.com\/es\/wp-json\/wp\/v2\/product_cat?post=11007"},{"taxonomy":"product_tag","embeddable":true,"href":"https:\/\/allwintheme.com\/es\/wp-json\/wp\/v2\/product_tag?post=11007"}],"curies":[{"name":"wp","href":"https:\/\/api.w.org\/{rel}","templated":true}]}}