{"id":11016,"date":"2025-10-20T14:02:57","date_gmt":"2025-10-20T14:02:57","guid":{"rendered":"https:\/\/allwintheme.com\/?post_type=product&#038;p=11016"},"modified":"2025-10-20T14:09:14","modified_gmt":"2025-10-20T14:09:14","slug":"ubikvr-servicios-de-realidad-virtual-kit-elementor","status":"publish","type":"product","link":"https:\/\/allwintheme.com\/es\/producto\/ubikvr-servicios-de-realidad-virtual-kit-elementor\/","title":{"rendered":"Kit Elementor de Servicios de Realidad Virtual UbikVR"},"content":{"rendered":"<div data-elementor-type=\"wp-post\" data-elementor-id=\"11016\" class=\"elementor elementor-11016\" data-elementor-settings=\"{&quot;element_pack_global_tooltip_width&quot;:{&quot;unit&quot;:&quot;px&quot;,&quot;size&quot;:&quot;&quot;,&quot;sizes&quot;:[]},&quot;element_pack_global_tooltip_width_tablet&quot;:{&quot;unit&quot;:&quot;px&quot;,&quot;size&quot;:&quot;&quot;,&quot;sizes&quot;:[]},&quot;element_pack_global_tooltip_width_mobile&quot;:{&quot;unit&quot;:&quot;px&quot;,&quot;size&quot;:&quot;&quot;,&quot;sizes&quot;:[]},&quot;element_pack_global_tooltip_padding&quot;:{&quot;unit&quot;:&quot;px&quot;,&quot;top&quot;:&quot;&quot;,&quot;right&quot;:&quot;&quot;,&quot;bottom&quot;:&quot;&quot;,&quot;left&quot;:&quot;&quot;,&quot;isLinked&quot;:true},&quot;element_pack_global_tooltip_padding_tablet&quot;:{&quot;unit&quot;:&quot;px&quot;,&quot;top&quot;:&quot;&quot;,&quot;right&quot;:&quot;&quot;,&quot;bottom&quot;:&quot;&quot;,&quot;left&quot;:&quot;&quot;,&quot;isLinked&quot;:true},&quot;element_pack_global_tooltip_padding_mobile&quot;:{&quot;unit&quot;:&quot;px&quot;,&quot;top&quot;:&quot;&quot;,&quot;right&quot;:&quot;&quot;,&quot;bottom&quot;:&quot;&quot;,&quot;left&quot;:&quot;&quot;,&quot;isLinked&quot;:true},&quot;element_pack_global_tooltip_border_radius&quot;:{&quot;unit&quot;:&quot;px&quot;,&quot;top&quot;:&quot;&quot;,&quot;right&quot;:&quot;&quot;,&quot;bottom&quot;:&quot;&quot;,&quot;left&quot;:&quot;&quot;,&quot;isLinked&quot;:true},&quot;element_pack_global_tooltip_border_radius_tablet&quot;:{&quot;unit&quot;:&quot;px&quot;,&quot;top&quot;:&quot;&quot;,&quot;right&quot;:&quot;&quot;,&quot;bottom&quot;:&quot;&quot;,&quot;left&quot;:&quot;&quot;,&quot;isLinked&quot;:true},&quot;element_pack_global_tooltip_border_radius_mobile&quot;:{&quot;unit&quot;:&quot;px&quot;,&quot;top&quot;:&quot;&quot;,&quot;right&quot;:&quot;&quot;,&quot;bottom&quot;:&quot;&quot;,&quot;left&quot;:&quot;&quot;,&quot;isLinked&quot;:true}}\" data-elementor-post-type=\"product\">\n\t\t\t\t<div class=\"elementor-element elementor-element-93aa4a8 e-con-full e-flex e-con e-parent\" data-id=\"93aa4a8\" data-element_type=\"container\" data-e-type=\"container\">\n\t\t\t\t<div class=\"elementor-element elementor-element-2c3f760 miaoshu elementor-widget elementor-widget-wd_text_block\" data-id=\"2c3f760\" data-element_type=\"widget\" data-e-type=\"widget\" data-widget_type=\"wd_text_block.default\">\n\t\t\t\t<div class=\"elementor-widget-container\">\n\t\t\t\t\t\t\t<div class=\"wd-text-block reset-last-child text-left\">\n\t\t\t\n\t\t\t<h2>Descubre mundos inmersivos con UbikVR<\/h2>\n<p>UbikVR transforma tu sitio WordPress en una puerta de entrada a las maravillas de la realidad virtual. Este kit de plantillas Elementor te permite crear p\u00e1ginas impresionantes r\u00e1pidamente. Es ideal para proveedores de servicios de realidad virtual, agencias y entusiastas de la tecnolog\u00eda que quieran cautivar a sus visitantes.<\/p>\n\n<h3>Dise\u00f1os elegantes y futuristas<\/h3>\n<p>Obtendr\u00e1 dise\u00f1os modernos que destacan las demostraciones y los servicios de RV. Por ejemplo, las secciones interactivas muestran vistas de 360 grados. Estos elementos atraen a los usuarios de inmediato. Adem\u00e1s, los dise\u00f1os adaptativos garantizan una visualizaci\u00f3n fluida en cualquier dispositivo.<\/p>\n\n<h3>Creado para Elementor Power<\/h3>\n<p>UbikVR funciona perfectamente con Elementor Page Builder. Combina mejor con el tema gratuito Hello Elementor. Sin embargo, tambi\u00e9n se adapta a la mayor\u00eda de los temas compatibles con Elementor. Evita problemas de codificaci\u00f3n y c\u00e9ntrate en la creatividad.<\/p>\n\n<h3>A la medida de los profesionales de la RV<\/h3>\n<p>Cree carteras para formaci\u00f3n en RV, juegos o eventos. El kit incluye plantillas predise\u00f1adas para p\u00e1ginas de servicios y contacto. Adem\u00e1s, su f\u00e1cil personalizaci\u00f3n te permite adaptarlo perfectamente a tu marca. Adem\u00e1s, impulsa el compromiso de tu negocio de RV.<\/p>\n\n<p>Empieza a crear tu escaparate de RV hoy mismo. UbikVR hace que sea sencillo y emocionante dar vida a realidades virtuales en l\u00ednea.<\/p>\n\t\t\t\t\t<\/div>\n\t\t\t\t\t\t<\/div>\n\t\t\t\t<\/div>\n\t\t\t\t<\/div>\n\t\t<div class=\"wd-negative-gap elementor-element elementor-element-3a117a9 e-flex e-con-boxed e-con e-parent\" data-id=\"3a117a9\" data-element_type=\"container\" data-e-type=\"container\">\n\t\t\t\t\t<div class=\"e-con-inner\">\n\t\t\t\t<div class=\"elementor-element elementor-element-981c5a2 elementor-widget elementor-widget-wd_text_block\" data-id=\"981c5a2\" data-element_type=\"widget\" data-e-type=\"widget\" data-widget_type=\"wd_text_block.default\">\n\t\t\t\t<div class=\"elementor-widget-container\">\n\t\t\t\t\t\t\t<div class=\"wd-text-block reset-last-child text-left\">\n\t\t\t\n\t\t\t<h2 dir=\"auto\">Kit Elementor de Servicios de Realidad Virtual<\/h2>\n\t\t\t\t\t<\/div>\n\t\t\t\t\t\t<\/div>\n\t\t\t\t<\/div>\n\t\t\t\t\t<\/div>\n\t\t\t\t<\/div>\n\t\t<div class=\"wd-negative-gap elementor-element elementor-element-d0b6edb e-flex e-con-boxed e-con e-parent\" data-id=\"d0b6edb\" data-element_type=\"container\" data-e-type=\"container\">\n\t\t\t\t\t<div class=\"e-con-inner\">\n\t\t\t\t<div class=\"elementor-element elementor-element-9960d7b elementor-widget elementor-widget-video\" data-id=\"9960d7b\" data-element_type=\"widget\" data-e-type=\"widget\" data-settings=\"{&quot;youtube_url&quot;:&quot;https:\\\/\\\/www.youtube.com\\\/watch?v=XOvuf9W7ih0&quot;,&quot;video_type&quot;:&quot;youtube&quot;,&quot;controls&quot;:&quot;yes&quot;}\" data-widget_type=\"video.default\">\n\t\t\t\t\t\t\t<div class=\"elementor-wrapper elementor-open-inline\">\n\t\t\t<div class=\"elementor-video\"><\/div>\t\t<\/div>\n\t\t\t\t\t\t<\/div>\n\t\t\t\t\t<\/div>\n\t\t\t\t<\/div>\n\t\t\t\t<\/div>","protected":false},"excerpt":{"rendered":"<p>Unlock Immersive Worlds with UbikVR UbikVR transforms your WordPress site into a gateway for virtual reality wonders. This Elementor Template<\/p>","protected":false},"featured_media":10865,"comment_status":"open","ping_status":"closed","template":"","meta":{"_acf_changed":false},"product_brand":[],"product_cat":[50],"product_tag":[],"class_list":{"0":"post-11016","1":"product","2":"type-product","3":"status-publish","4":"has-post-thumbnail","6":"product_cat-template-kits","8":"first","9":"instock","10":"sale","11":"downloadable","12":"shipping-taxable","13":"purchasable","14":"product-type-simple"},"acf":[],"yoast_head":"<!-- This site is optimized with the Yoast SEO Premium plugin v25.6 (Yoast SEO v27.1.1) - https:\/\/yoast.com\/product\/yoast-seo-premium-wordpress\/ -->\n<title>UbikVR Virtual Reality Services Elementor Kit - AllWin Theme \u2013 Free WordPress Themes Download<\/title>\n<meta name=\"description\" content=\"Dive into immersive VR experiences with UbikVR, an Elementor Template Kit for WordPress. Ideal for virtual reality services, agencies, and tech showcases.\" \/>\n<meta name=\"robots\" content=\"index, follow, max-snippet:-1, max-image-preview:large, max-video-preview:-1\" \/>\n<link rel=\"canonical\" href=\"https:\/\/allwintheme.com\/es\/producto\/ubikvr-servicios-de-realidad-virtual-kit-elementor\/\" \/>\n<meta property=\"og:locale\" content=\"es_ES\" \/>\n<meta property=\"og:type\" content=\"article\" \/>\n<meta property=\"og:title\" content=\"UbikVR Virtual Reality Services Elementor Kit\" \/>\n<meta property=\"og:description\" content=\"Dive into immersive VR experiences with UbikVR, an Elementor Template Kit for WordPress. Ideal for virtual reality services, agencies, and tech showcases.\" \/>\n<meta property=\"og:url\" content=\"https:\/\/allwintheme.com\/es\/producto\/ubikvr-servicios-de-realidad-virtual-kit-elementor\/\" \/>\n<meta property=\"og:site_name\" content=\"AllWin Theme \u2013 Free WordPress Themes Download\" \/>\n<meta property=\"article:modified_time\" content=\"2025-10-20T14:09:14+00:00\" \/>\n<meta property=\"og:image\" content=\"https:\/\/allwintheme.com\/wp-content\/uploads\/2025\/10\/d9el3owy.png\" \/>\n\t<meta property=\"og:image:width\" content=\"590\" \/>\n\t<meta property=\"og:image:height\" content=\"300\" \/>\n\t<meta property=\"og:image:type\" content=\"image\/png\" \/>\n<meta name=\"twitter:card\" content=\"summary_large_image\" \/>\n<meta name=\"twitter:label1\" content=\"Tiempo estimado de lectura\" \/>\n\t<meta name=\"twitter:data1\" content=\"1 minuto\" \/>\n<script type=\"application\/ld+json\" class=\"yoast-schema-graph\">{\"@context\":\"https:\/\/schema.org\",\"@graph\":[{\"@type\":\"WebPage\",\"@id\":\"https:\/\/allwintheme.com\/product\/ubikvr-virtual-reality-services-elementor-kit\/\",\"url\":\"https:\/\/allwintheme.com\/product\/ubikvr-virtual-reality-services-elementor-kit\/\",\"name\":\"UbikVR Virtual Reality Services Elementor Kit - AllWin Theme \u2013 Free WordPress Themes Download\",\"isPartOf\":{\"@id\":\"https:\/\/allwintheme.com\/#website\"},\"primaryImageOfPage\":{\"@id\":\"https:\/\/allwintheme.com\/product\/ubikvr-virtual-reality-services-elementor-kit\/#primaryimage\"},\"image\":{\"@id\":\"https:\/\/allwintheme.com\/product\/ubikvr-virtual-reality-services-elementor-kit\/#primaryimage\"},\"thumbnailUrl\":\"https:\/\/allwintheme.com\/wp-content\/uploads\/2025\/10\/d9el3owy.png\",\"datePublished\":\"2025-10-20T14:02:57+00:00\",\"dateModified\":\"2025-10-20T14:09:14+00:00\",\"description\":\"Dive into immersive VR experiences with UbikVR, an Elementor Template Kit for WordPress. Ideal for virtual reality services, agencies, and tech showcases.\",\"breadcrumb\":{\"@id\":\"https:\/\/allwintheme.com\/product\/ubikvr-virtual-reality-services-elementor-kit\/#breadcrumb\"},\"inLanguage\":\"es-CL\",\"potentialAction\":[{\"@type\":\"ReadAction\",\"target\":[\"https:\/\/allwintheme.com\/product\/ubikvr-virtual-reality-services-elementor-kit\/\"]}]},{\"@type\":\"ImageObject\",\"inLanguage\":\"es-CL\",\"@id\":\"https:\/\/allwintheme.com\/product\/ubikvr-virtual-reality-services-elementor-kit\/#primaryimage\",\"url\":\"https:\/\/allwintheme.com\/wp-content\/uploads\/2025\/10\/d9el3owy.png\",\"contentUrl\":\"https:\/\/allwintheme.com\/wp-content\/uploads\/2025\/10\/d9el3owy.png\",\"width\":590,\"height\":300,\"caption\":\"UbikVR Virtual Reality Services Elementor Kit\"},{\"@type\":\"BreadcrumbList\",\"@id\":\"https:\/\/allwintheme.com\/product\/ubikvr-virtual-reality-services-elementor-kit\/#breadcrumb\",\"itemListElement\":[{\"@type\":\"ListItem\",\"position\":1,\"name\":\"Home\",\"item\":\"https:\/\/allwintheme.com\/\"},{\"@type\":\"ListItem\",\"position\":2,\"name\":\"Shop\",\"item\":\"https:\/\/allwintheme.com\/shop\/\"},{\"@type\":\"ListItem\",\"position\":3,\"name\":\"UbikVR Virtual Reality Services Elementor Kit\"}]},{\"@type\":\"WebSite\",\"@id\":\"https:\/\/allwintheme.com\/#website\",\"url\":\"https:\/\/allwintheme.com\/\",\"name\":\"Allwintheme\",\"description\":\"Download free WordPress themes for every niche. Blogs, business, eCommerce, portfolio, restaurant and more. All themes are GPL licensed and mobile-ready.\",\"potentialAction\":[{\"@type\":\"SearchAction\",\"target\":{\"@type\":\"EntryPoint\",\"urlTemplate\":\"https:\/\/allwintheme.com\/?s={search_term_string}\"},\"query-input\":{\"@type\":\"PropertyValueSpecification\",\"valueRequired\":true,\"valueName\":\"search_term_string\"}}],\"inLanguage\":\"es-CL\"}]}<\/script>\n<!-- \/ Yoast SEO Premium plugin. -->","yoast_head_json":{"title":"UbikVR Virtual Reality Services Elementor Kit - AllWin Theme \u2013 Free WordPress Themes Download","description":"Sum\u00e9rgete en experiencias de realidad virtual inmersivas con UbikVR, un kit de plantillas Elementor para WordPress. Ideal para servicios de realidad virtual, agencias y escaparates tecnol\u00f3gicos.","robots":{"index":"index","follow":"follow","max-snippet":"max-snippet:-1","max-image-preview":"max-image-preview:large","max-video-preview":"max-video-preview:-1"},"canonical":"https:\/\/allwintheme.com\/es\/producto\/ubikvr-servicios-de-realidad-virtual-kit-elementor\/","og_locale":"es_ES","og_type":"article","og_title":"UbikVR Virtual Reality Services Elementor Kit","og_description":"Dive into immersive VR experiences with UbikVR, an Elementor Template Kit for WordPress. Ideal for virtual reality services, agencies, and tech showcases.","og_url":"https:\/\/allwintheme.com\/es\/producto\/ubikvr-servicios-de-realidad-virtual-kit-elementor\/","og_site_name":"AllWin Theme \u2013 Free WordPress Themes Download","article_modified_time":"2025-10-20T14:09:14+00:00","og_image":[{"width":590,"height":300,"url":"https:\/\/allwintheme.com\/wp-content\/uploads\/2025\/10\/d9el3owy.png","type":"image\/png"}],"twitter_card":"summary_large_image","twitter_misc":{"Tiempo estimado de lectura":"1 minuto"},"schema":{"@context":"https:\/\/schema.org","@graph":[{"@type":"WebPage","@id":"https:\/\/allwintheme.com\/product\/ubikvr-virtual-reality-services-elementor-kit\/","url":"https:\/\/allwintheme.com\/product\/ubikvr-virtual-reality-services-elementor-kit\/","name":"UbikVR Virtual Reality Services Elementor Kit - AllWin Theme \u2013 Free WordPress Themes Download","isPartOf":{"@id":"https:\/\/allwintheme.com\/#website"},"primaryImageOfPage":{"@id":"https:\/\/allwintheme.com\/product\/ubikvr-virtual-reality-services-elementor-kit\/#primaryimage"},"image":{"@id":"https:\/\/allwintheme.com\/product\/ubikvr-virtual-reality-services-elementor-kit\/#primaryimage"},"thumbnailUrl":"https:\/\/allwintheme.com\/wp-content\/uploads\/2025\/10\/d9el3owy.png","datePublished":"2025-10-20T14:02:57+00:00","dateModified":"2025-10-20T14:09:14+00:00","description":"Sum\u00e9rgete en experiencias de realidad virtual inmersivas con UbikVR, un kit de plantillas Elementor para WordPress. Ideal para servicios de realidad virtual, agencias y escaparates tecnol\u00f3gicos.","breadcrumb":{"@id":"https:\/\/allwintheme.com\/product\/ubikvr-virtual-reality-services-elementor-kit\/#breadcrumb"},"inLanguage":"es-CL","potentialAction":[{"@type":"ReadAction","target":["https:\/\/allwintheme.com\/product\/ubikvr-virtual-reality-services-elementor-kit\/"]}]},{"@type":"ImageObject","inLanguage":"es-CL","@id":"https:\/\/allwintheme.com\/product\/ubikvr-virtual-reality-services-elementor-kit\/#primaryimage","url":"https:\/\/allwintheme.com\/wp-content\/uploads\/2025\/10\/d9el3owy.png","contentUrl":"https:\/\/allwintheme.com\/wp-content\/uploads\/2025\/10\/d9el3owy.png","width":590,"height":300,"caption":"UbikVR Virtual Reality Services Elementor Kit"},{"@type":"BreadcrumbList","@id":"https:\/\/allwintheme.com\/product\/ubikvr-virtual-reality-services-elementor-kit\/#breadcrumb","itemListElement":[{"@type":"ListItem","position":1,"name":"Home","item":"https:\/\/allwintheme.com\/"},{"@type":"ListItem","position":2,"name":"Shop","item":"https:\/\/allwintheme.com\/shop\/"},{"@type":"ListItem","position":3,"name":"UbikVR Virtual Reality Services Elementor Kit"}]},{"@type":"WebSite","@id":"https:\/\/allwintheme.com\/#website","url":"https:\/\/allwintheme.com\/","name":"Allwintheme","description":"Descarga gratis temas de WordPress para todos los nichos. Blogs, negocios, comercio electr\u00f3nico, portafolio, restaurante y m\u00e1s. Todos los temas tienen licencia GPL y est\u00e1n preparados para dispositivos m\u00f3viles.","potentialAction":[{"@type":"SearchAction","target":{"@type":"EntryPoint","urlTemplate":"https:\/\/allwintheme.com\/?s={search_term_string}"},"query-input":{"@type":"PropertyValueSpecification","valueRequired":true,"valueName":"search_term_string"}}],"inLanguage":"es-CL"}]}},"_links":{"self":[{"href":"https:\/\/allwintheme.com\/es\/wp-json\/wp\/v2\/product\/11016","targetHints":{"allow":["GET"]}}],"collection":[{"href":"https:\/\/allwintheme.com\/es\/wp-json\/wp\/v2\/product"}],"about":[{"href":"https:\/\/allwintheme.com\/es\/wp-json\/wp\/v2\/types\/product"}],"replies":[{"embeddable":true,"href":"https:\/\/allwintheme.com\/es\/wp-json\/wp\/v2\/comments?post=11016"}],"version-history":[{"count":5,"href":"https:\/\/allwintheme.com\/es\/wp-json\/wp\/v2\/product\/11016\/revisions"}],"predecessor-version":[{"id":11021,"href":"https:\/\/allwintheme.com\/es\/wp-json\/wp\/v2\/product\/11016\/revisions\/11021"}],"wp:featuredmedia":[{"embeddable":true,"href":"https:\/\/allwintheme.com\/es\/wp-json\/wp\/v2\/media\/10865"}],"wp:attachment":[{"href":"https:\/\/allwintheme.com\/es\/wp-json\/wp\/v2\/media?parent=11016"}],"wp:term":[{"taxonomy":"product_brand","embeddable":true,"href":"https:\/\/allwintheme.com\/es\/wp-json\/wp\/v2\/product_brand?post=11016"},{"taxonomy":"product_cat","embeddable":true,"href":"https:\/\/allwintheme.com\/es\/wp-json\/wp\/v2\/product_cat?post=11016"},{"taxonomy":"product_tag","embeddable":true,"href":"https:\/\/allwintheme.com\/es\/wp-json\/wp\/v2\/product_tag?post=11016"}],"curies":[{"name":"wp","href":"https:\/\/api.w.org\/{rel}","templated":true}]}}