{"id":11056,"date":"2025-10-21T01:35:56","date_gmt":"2025-10-21T01:35:56","guid":{"rendered":"https:\/\/allwintheme.com\/?post_type=product&#038;p=11056"},"modified":"2025-10-21T01:45:45","modified_gmt":"2025-10-21T01:45:45","slug":"eidmart-digital-marketplace-wordpress-theme","status":"publish","type":"product","link":"https:\/\/allwintheme.com\/es\/producto\/eidmart-digital-marketplace-wordpress-theme\/","title":{"rendered":"Eidmart | Digital Marketplace WordPress Theme"},"content":{"rendered":"<div data-elementor-type=\"wp-post\" data-elementor-id=\"11056\" class=\"elementor elementor-11056\" data-elementor-settings=\"{&quot;element_pack_global_tooltip_width&quot;:{&quot;unit&quot;:&quot;px&quot;,&quot;size&quot;:&quot;&quot;,&quot;sizes&quot;:[]},&quot;element_pack_global_tooltip_width_tablet&quot;:{&quot;unit&quot;:&quot;px&quot;,&quot;size&quot;:&quot;&quot;,&quot;sizes&quot;:[]},&quot;element_pack_global_tooltip_width_mobile&quot;:{&quot;unit&quot;:&quot;px&quot;,&quot;size&quot;:&quot;&quot;,&quot;sizes&quot;:[]},&quot;element_pack_global_tooltip_padding&quot;:{&quot;unit&quot;:&quot;px&quot;,&quot;top&quot;:&quot;&quot;,&quot;right&quot;:&quot;&quot;,&quot;bottom&quot;:&quot;&quot;,&quot;left&quot;:&quot;&quot;,&quot;isLinked&quot;:true},&quot;element_pack_global_tooltip_padding_tablet&quot;:{&quot;unit&quot;:&quot;px&quot;,&quot;top&quot;:&quot;&quot;,&quot;right&quot;:&quot;&quot;,&quot;bottom&quot;:&quot;&quot;,&quot;left&quot;:&quot;&quot;,&quot;isLinked&quot;:true},&quot;element_pack_global_tooltip_padding_mobile&quot;:{&quot;unit&quot;:&quot;px&quot;,&quot;top&quot;:&quot;&quot;,&quot;right&quot;:&quot;&quot;,&quot;bottom&quot;:&quot;&quot;,&quot;left&quot;:&quot;&quot;,&quot;isLinked&quot;:true},&quot;element_pack_global_tooltip_border_radius&quot;:{&quot;unit&quot;:&quot;px&quot;,&quot;top&quot;:&quot;&quot;,&quot;right&quot;:&quot;&quot;,&quot;bottom&quot;:&quot;&quot;,&quot;left&quot;:&quot;&quot;,&quot;isLinked&quot;:true},&quot;element_pack_global_tooltip_border_radius_tablet&quot;:{&quot;unit&quot;:&quot;px&quot;,&quot;top&quot;:&quot;&quot;,&quot;right&quot;:&quot;&quot;,&quot;bottom&quot;:&quot;&quot;,&quot;left&quot;:&quot;&quot;,&quot;isLinked&quot;:true},&quot;element_pack_global_tooltip_border_radius_mobile&quot;:{&quot;unit&quot;:&quot;px&quot;,&quot;top&quot;:&quot;&quot;,&quot;right&quot;:&quot;&quot;,&quot;bottom&quot;:&quot;&quot;,&quot;left&quot;:&quot;&quot;,&quot;isLinked&quot;:true}}\" data-elementor-post-type=\"product\">\n\t\t\t\t<div class=\"elementor-element elementor-element-93aa4a8 e-con-full e-flex e-con e-parent\" data-id=\"93aa4a8\" data-element_type=\"container\" data-e-type=\"container\">\n\t\t\t\t<div class=\"elementor-element elementor-element-2c3f760 miaoshu elementor-widget elementor-widget-wd_text_block\" data-id=\"2c3f760\" data-element_type=\"widget\" data-e-type=\"widget\" data-widget_type=\"wd_text_block.default\">\n\t\t\t\t<div class=\"elementor-widget-container\">\n\t\t\t\t\t\t\t<div class=\"wd-text-block reset-last-child text-left\">\n\t\t\t\n\t\t\t<h2>Eidmart: Construya su pr\u00f3spero mercado digital<\/h2>\n<p><strong>Eidmart<\/strong> te permite crear un mercado din\u00e1mico en WordPress para productos y servicios digitales. Por ejemplo, puedes vender desde fotos de stock y temas hasta plugins, software, archivos de audio, v\u00eddeos, ebooks y fuentes. En consecuencia, este tema se integra perfectamente con WordPress y Easy Digital Downloads, para que lances tu sitio r\u00e1pidamente y empieces a generar ingresos.<\/p>\n\n<h3>Configuraci\u00f3n multiproveedor sin esfuerzo<\/h3>\n<p>Con Eidmart, permite a los vendedores cargar y vender sus art\u00edculos digitales directamente a trav\u00e9s de su plataforma. Basta con instalar el plugin Easy Digital Downloads Front-end Submission (FES) para que los usuarios gestionen sus propios anuncios. Adem\u00e1s, el dise\u00f1o limpio y moderno del tema aprovecha las \u00faltimas tecnolog\u00edas, garantizando que su mercado tenga un aspecto profesional y funcione a la perfecci\u00f3n en todos los dispositivos.<\/p>\n\n<h3>\u00bfPor qu\u00e9 elegir Eidmart?<\/h3>\n<ul>\n    <li><strong>Creaci\u00f3n de p\u00e1ginas mediante arrastrar y soltar:<\/strong> Con Elementor puedes crear p\u00e1ginas asombrosas sin escribir una sola l\u00ednea de c\u00f3digo.<\/li>\n    <li><strong>Importaci\u00f3n de demostraciones con un solo clic:<\/strong> Configure r\u00e1pidamente demostraciones predise\u00f1adas para software, fotograf\u00eda o mercados en general.<\/li>\n    <li><strong>Personalizaci\u00f3n de la marca:<\/strong> Cambia f\u00e1cilmente los colores, las fuentes y los dise\u00f1os para adaptarlos a tu visi\u00f3n desde la configuraci\u00f3n del tema.<\/li>\n    <li><strong>Preparado para varios proveedores:<\/strong> La compatibilidad con funciones como los tickets del servicio de asistencia y las bases de conocimientos mejora el compromiso de los usuarios.<\/li>\n    <li><strong>Sensible y vers\u00e1til:<\/strong> El tema se adapta perfectamente a m\u00f3viles, tabletas y ordenadores de sobremesa para ofrecer una experiencia de usuario \u00f3ptima.<\/li>\n<\/ul>\n\n<h3>Agilice su proceso de venta digital<\/h3>\n<p>Eidmart le simplifica la gesti\u00f3n del mercado. Por ejemplo, los vendedores suben productos sin esfuerzo, mientras que usted se centra en el crecimiento y las promociones. Como resultado, su sitio se convierte en un centro de referencia tanto para creadores digitales como para compradores, lo que impulsa las conversiones y la creaci\u00f3n de comunidades.<\/p>\n\n<h3>Lance su mercado hoy mismo<\/h3>\n<p>Transforme su idea en un mercado digital rentable con <strong>Eidmart | Digital Marketplace WordPress Theme<\/strong>. Por lo tanto, \u00a1empieza ahora y ver\u00e1s c\u00f3mo tu negocio en l\u00ednea florece con infinitas posibilidades!\n\t\t\t\t\t<\/div>\n\t\t\t\t\t\t<\/div>\n\t\t\t\t<\/div>\n\t\t\t\t<\/div>\n\t\t<div class=\"wd-negative-gap elementor-element elementor-element-2c19a04 e-flex e-con-boxed e-con e-parent\" data-id=\"2c19a04\" data-element_type=\"container\" data-e-type=\"container\">\n\t\t\t\t\t<div class=\"e-con-inner\">\n\t\t\t\t<div class=\"elementor-element elementor-element-0eab705 elementor-widget elementor-widget-wd_text_block\" data-id=\"0eab705\" data-element_type=\"widget\" data-e-type=\"widget\" data-widget_type=\"wd_text_block.default\">\n\t\t\t\t<div class=\"elementor-widget-container\">\n\t\t\t\t\t\t\t<div class=\"wd-text-block reset-last-child text-left\">\n\t\t\t\n\t\t\t<h1 class=\"elementor-heading-title elementor-size-default\">Eidmart | Digital Marketplace WordPress Theme<\/h1>\n\t\t\t\t\t<\/div>\n\t\t\t\t\t\t<\/div>\n\t\t\t\t<\/div>\n\t\t\t\t\t<\/div>\n\t\t\t\t<\/div>\n\t\t<div class=\"wd-negative-gap elementor-element elementor-element-2016fb4 e-flex e-con-boxed e-con e-parent\" data-id=\"2016fb4\" data-element_type=\"container\" data-e-type=\"container\">\n\t\t\t\t\t<div class=\"e-con-inner\">\n\t\t\t\t<div class=\"elementor-element elementor-element-d65e62f elementor-widget elementor-widget-video\" data-id=\"d65e62f\" data-element_type=\"widget\" data-e-type=\"widget\" data-settings=\"{&quot;youtube_url&quot;:&quot;https:\\\/\\\/youtu.be\\\/gLGRU5eU9cU?list=PL0naHXY7xeQ81-tj7J64SRuqkq7oRXu4W&quot;,&quot;show_image_overlay&quot;:&quot;yes&quot;,&quot;image_overlay&quot;:{&quot;url&quot;:&quot;https:\\\/\\\/allwintheme.com\\\/wp-content\\\/uploads\\\/2025\\\/10\\\/qbbqwohc.png&quot;,&quot;id&quot;:11058,&quot;size&quot;:&quot;&quot;,&quot;alt&quot;:&quot;Eidmart | Digital Marketplace WordPress Theme&quot;,&quot;source&quot;:&quot;library&quot;},&quot;video_type&quot;:&quot;youtube&quot;,&quot;controls&quot;:&quot;yes&quot;}\" data-widget_type=\"video.default\">\n\t\t\t\t\t\t\t<div class=\"elementor-wrapper elementor-open-inline\">\n\t\t\t<div class=\"elementor-video\"><\/div>\t\t\t\t<div class=\"elementor-custom-embed-image-overlay\" style=\"background-image: url(https:\/\/allwintheme.com\/wp-content\/uploads\/2025\/10\/qbbqwohc.png);\">\n\t\t\t\t\t\t\t\t\t\t\t\t\t\t\t\t<div class=\"elementor-custom-embed-play\" role=\"button\" aria-label=\"Reproducir video acerca de Eidmart | Digital Marketplace WordPress Theme\" tabindex=\"0\" data-no-translation-aria-label=\"\">\n\t\t\t\t\t\t\t<svg aria-hidden=\"true\" class=\"e-font-icon-svg e-eicon-play\" viewbox=\"0 0 1000 1000\" xmlns=\"http:\/\/www.w3.org\/2000\/svg\"><path d=\"M838 162C746 71 633 25 500 25 371 25 258 71 163 162 71 254 25 367 25 500 25 633 71 746 163 837 254 929 367 979 500 979 633 979 746 933 838 837 929 746 975 633 975 500 975 367 929 254 838 162M808 192C892 279 933 379 933 500 933 621 892 725 808 808 725 892 621 938 500 938 379 938 279 896 196 808 113 725 67 621 67 500 67 379 108 279 196 192 279 108 383 62 500 62 621 62 721 108 808 192M438 392V642L642 517 438 392Z\"><\/path><\/svg>\t\t\t\t\t\t<\/div>\n\t\t\t\t\t\t\t\t\t<\/div>\n\t\t\t\t\t<\/div>\n\t\t\t\t\t\t<\/div>\n\t\t\t\t\t<\/div>\n\t\t\t\t<\/div>\n\t\t\t\t<\/div>","protected":false},"excerpt":{"rendered":"<p>Eidmart: Build Your Thriving Digital Marketplace Eidmart empowers you to create a dynamic WordPress marketplace for digital products and services.<\/p>","protected":false},"featured_media":11058,"comment_status":"open","ping_status":"closed","template":"","meta":{"_acf_changed":false},"product_brand":[],"product_cat":[48],"product_tag":[],"class_list":{"0":"post-11056","1":"product","2":"type-product","3":"status-publish","4":"has-post-thumbnail","6":"product_cat-themes","8":"first","9":"instock","10":"sale","11":"downloadable","12":"shipping-taxable","13":"purchasable","14":"product-type-simple"},"acf":[],"yoast_head":"<!-- This site is optimized with the Yoast SEO Premium plugin v25.6 (Yoast SEO v27.1.1) - https:\/\/yoast.com\/product\/yoast-seo-premium-wordpress\/ -->\n<title>Eidmart | Digital Marketplace WordPress Theme - AllWin Theme \u2013 Free WordPress Themes Download<\/title>\n<meta name=\"description\" content=\"Launch your digital marketplace with Eidmart. Sell themes, plugins, ebooks, and more using WordPress and Easy Digital Downloads for seamless multi-vendor sales.\" \/>\n<meta name=\"robots\" content=\"index, follow, max-snippet:-1, max-image-preview:large, max-video-preview:-1\" \/>\n<link rel=\"canonical\" href=\"https:\/\/allwintheme.com\/es\/producto\/eidmart-digital-marketplace-wordpress-theme\/\" \/>\n<meta property=\"og:locale\" content=\"es_ES\" \/>\n<meta property=\"og:type\" content=\"article\" \/>\n<meta property=\"og:title\" content=\"Eidmart | Digital Marketplace WordPress Theme\" \/>\n<meta property=\"og:description\" content=\"Launch your digital marketplace with Eidmart. Sell themes, plugins, ebooks, and more using WordPress and Easy Digital Downloads for seamless multi-vendor sales.\" \/>\n<meta property=\"og:url\" content=\"https:\/\/allwintheme.com\/es\/producto\/eidmart-digital-marketplace-wordpress-theme\/\" \/>\n<meta property=\"og:site_name\" content=\"AllWin Theme \u2013 Free WordPress Themes Download\" \/>\n<meta property=\"article:modified_time\" content=\"2025-10-21T01:45:45+00:00\" \/>\n<meta property=\"og:image\" content=\"https:\/\/allwintheme.com\/wp-content\/uploads\/2025\/10\/qbbqwohc.png\" \/>\n\t<meta property=\"og:image:width\" content=\"590\" \/>\n\t<meta property=\"og:image:height\" content=\"300\" \/>\n\t<meta property=\"og:image:type\" content=\"image\/png\" \/>\n<meta name=\"twitter:card\" content=\"summary_large_image\" \/>\n<meta name=\"twitter:label1\" content=\"Tiempo estimado de lectura\" \/>\n\t<meta name=\"twitter:data1\" content=\"2 minutos\" \/>\n<script type=\"application\/ld+json\" class=\"yoast-schema-graph\">{\"@context\":\"https:\/\/schema.org\",\"@graph\":[{\"@type\":\"WebPage\",\"@id\":\"https:\/\/allwintheme.com\/product\/eidmart-digital-marketplace-wordpress-theme\/\",\"url\":\"https:\/\/allwintheme.com\/product\/eidmart-digital-marketplace-wordpress-theme\/\",\"name\":\"Eidmart | Digital Marketplace WordPress Theme - AllWin Theme \u2013 Free WordPress Themes Download\",\"isPartOf\":{\"@id\":\"https:\/\/allwintheme.com\/#website\"},\"primaryImageOfPage\":{\"@id\":\"https:\/\/allwintheme.com\/product\/eidmart-digital-marketplace-wordpress-theme\/#primaryimage\"},\"image\":{\"@id\":\"https:\/\/allwintheme.com\/product\/eidmart-digital-marketplace-wordpress-theme\/#primaryimage\"},\"thumbnailUrl\":\"https:\/\/allwintheme.com\/wp-content\/uploads\/2025\/10\/qbbqwohc.png\",\"datePublished\":\"2025-10-21T01:35:56+00:00\",\"dateModified\":\"2025-10-21T01:45:45+00:00\",\"description\":\"Launch your digital marketplace with Eidmart. Sell themes, plugins, ebooks, and more using WordPress and Easy Digital Downloads for seamless multi-vendor sales.\",\"breadcrumb\":{\"@id\":\"https:\/\/allwintheme.com\/product\/eidmart-digital-marketplace-wordpress-theme\/#breadcrumb\"},\"inLanguage\":\"es-CL\",\"potentialAction\":[{\"@type\":\"ReadAction\",\"target\":[\"https:\/\/allwintheme.com\/product\/eidmart-digital-marketplace-wordpress-theme\/\"]}]},{\"@type\":\"ImageObject\",\"inLanguage\":\"es-CL\",\"@id\":\"https:\/\/allwintheme.com\/product\/eidmart-digital-marketplace-wordpress-theme\/#primaryimage\",\"url\":\"https:\/\/allwintheme.com\/wp-content\/uploads\/2025\/10\/qbbqwohc.png\",\"contentUrl\":\"https:\/\/allwintheme.com\/wp-content\/uploads\/2025\/10\/qbbqwohc.png\",\"width\":590,\"height\":300,\"caption\":\"Eidmart | Digital Marketplace WordPress Theme\"},{\"@type\":\"BreadcrumbList\",\"@id\":\"https:\/\/allwintheme.com\/product\/eidmart-digital-marketplace-wordpress-theme\/#breadcrumb\",\"itemListElement\":[{\"@type\":\"ListItem\",\"position\":1,\"name\":\"Home\",\"item\":\"https:\/\/allwintheme.com\/\"},{\"@type\":\"ListItem\",\"position\":2,\"name\":\"Shop\",\"item\":\"https:\/\/allwintheme.com\/shop\/\"},{\"@type\":\"ListItem\",\"position\":3,\"name\":\"Eidmart | Digital Marketplace WordPress Theme\"}]},{\"@type\":\"WebSite\",\"@id\":\"https:\/\/allwintheme.com\/#website\",\"url\":\"https:\/\/allwintheme.com\/\",\"name\":\"Allwintheme\",\"description\":\"Download free WordPress themes for every niche. Blogs, business, eCommerce, portfolio, restaurant and more. All themes are GPL licensed and mobile-ready.\",\"potentialAction\":[{\"@type\":\"SearchAction\",\"target\":{\"@type\":\"EntryPoint\",\"urlTemplate\":\"https:\/\/allwintheme.com\/?s={search_term_string}\"},\"query-input\":{\"@type\":\"PropertyValueSpecification\",\"valueRequired\":true,\"valueName\":\"search_term_string\"}}],\"inLanguage\":\"es-CL\"}]}<\/script>\n<!-- \/ Yoast SEO Premium plugin. -->","yoast_head_json":{"title":"Eidmart | Digital Marketplace WordPress Theme - AllWin Theme \u2013 Free WordPress Themes Download","description":"Lanza tu mercado digital con Eidmart. Vende temas, plugins, ebooks y mucho m\u00e1s usando WordPress y Easy Digital Downloads para ventas multiproveedor sin problemas.","robots":{"index":"index","follow":"follow","max-snippet":"max-snippet:-1","max-image-preview":"max-image-preview:large","max-video-preview":"max-video-preview:-1"},"canonical":"https:\/\/allwintheme.com\/es\/producto\/eidmart-digital-marketplace-wordpress-theme\/","og_locale":"es_ES","og_type":"article","og_title":"Eidmart | Digital Marketplace WordPress Theme","og_description":"Launch your digital marketplace with Eidmart. Sell themes, plugins, ebooks, and more using WordPress and Easy Digital Downloads for seamless multi-vendor sales.","og_url":"https:\/\/allwintheme.com\/es\/producto\/eidmart-digital-marketplace-wordpress-theme\/","og_site_name":"AllWin Theme \u2013 Free WordPress Themes Download","article_modified_time":"2025-10-21T01:45:45+00:00","og_image":[{"width":590,"height":300,"url":"https:\/\/allwintheme.com\/wp-content\/uploads\/2025\/10\/qbbqwohc.png","type":"image\/png"}],"twitter_card":"summary_large_image","twitter_misc":{"Tiempo estimado de lectura":"2 minutos"},"schema":{"@context":"https:\/\/schema.org","@graph":[{"@type":"WebPage","@id":"https:\/\/allwintheme.com\/product\/eidmart-digital-marketplace-wordpress-theme\/","url":"https:\/\/allwintheme.com\/product\/eidmart-digital-marketplace-wordpress-theme\/","name":"Eidmart | Digital Marketplace WordPress Theme - AllWin Theme \u2013 Free WordPress Themes Download","isPartOf":{"@id":"https:\/\/allwintheme.com\/#website"},"primaryImageOfPage":{"@id":"https:\/\/allwintheme.com\/product\/eidmart-digital-marketplace-wordpress-theme\/#primaryimage"},"image":{"@id":"https:\/\/allwintheme.com\/product\/eidmart-digital-marketplace-wordpress-theme\/#primaryimage"},"thumbnailUrl":"https:\/\/allwintheme.com\/wp-content\/uploads\/2025\/10\/qbbqwohc.png","datePublished":"2025-10-21T01:35:56+00:00","dateModified":"2025-10-21T01:45:45+00:00","description":"Lanza tu mercado digital con Eidmart. Vende temas, plugins, ebooks y mucho m\u00e1s usando WordPress y Easy Digital Downloads para ventas multiproveedor sin problemas.","breadcrumb":{"@id":"https:\/\/allwintheme.com\/product\/eidmart-digital-marketplace-wordpress-theme\/#breadcrumb"},"inLanguage":"es-CL","potentialAction":[{"@type":"ReadAction","target":["https:\/\/allwintheme.com\/product\/eidmart-digital-marketplace-wordpress-theme\/"]}]},{"@type":"ImageObject","inLanguage":"es-CL","@id":"https:\/\/allwintheme.com\/product\/eidmart-digital-marketplace-wordpress-theme\/#primaryimage","url":"https:\/\/allwintheme.com\/wp-content\/uploads\/2025\/10\/qbbqwohc.png","contentUrl":"https:\/\/allwintheme.com\/wp-content\/uploads\/2025\/10\/qbbqwohc.png","width":590,"height":300,"caption":"Eidmart | Digital Marketplace WordPress Theme"},{"@type":"BreadcrumbList","@id":"https:\/\/allwintheme.com\/product\/eidmart-digital-marketplace-wordpress-theme\/#breadcrumb","itemListElement":[{"@type":"ListItem","position":1,"name":"Home","item":"https:\/\/allwintheme.com\/"},{"@type":"ListItem","position":2,"name":"Shop","item":"https:\/\/allwintheme.com\/shop\/"},{"@type":"ListItem","position":3,"name":"Eidmart | Digital Marketplace WordPress Theme"}]},{"@type":"WebSite","@id":"https:\/\/allwintheme.com\/#website","url":"https:\/\/allwintheme.com\/","name":"Allwintheme","description":"Descarga gratis temas de WordPress para todos los nichos. Blogs, negocios, comercio electr\u00f3nico, portafolio, restaurante y m\u00e1s. Todos los temas tienen licencia GPL y est\u00e1n preparados para dispositivos m\u00f3viles.","potentialAction":[{"@type":"SearchAction","target":{"@type":"EntryPoint","urlTemplate":"https:\/\/allwintheme.com\/?s={search_term_string}"},"query-input":{"@type":"PropertyValueSpecification","valueRequired":true,"valueName":"search_term_string"}}],"inLanguage":"es-CL"}]}},"_links":{"self":[{"href":"https:\/\/allwintheme.com\/es\/wp-json\/wp\/v2\/product\/11056","targetHints":{"allow":["GET"]}}],"collection":[{"href":"https:\/\/allwintheme.com\/es\/wp-json\/wp\/v2\/product"}],"about":[{"href":"https:\/\/allwintheme.com\/es\/wp-json\/wp\/v2\/types\/product"}],"replies":[{"embeddable":true,"href":"https:\/\/allwintheme.com\/es\/wp-json\/wp\/v2\/comments?post=11056"}],"version-history":[{"count":10,"href":"https:\/\/allwintheme.com\/es\/wp-json\/wp\/v2\/product\/11056\/revisions"}],"predecessor-version":[{"id":11068,"href":"https:\/\/allwintheme.com\/es\/wp-json\/wp\/v2\/product\/11056\/revisions\/11068"}],"wp:featuredmedia":[{"embeddable":true,"href":"https:\/\/allwintheme.com\/es\/wp-json\/wp\/v2\/media\/11058"}],"wp:attachment":[{"href":"https:\/\/allwintheme.com\/es\/wp-json\/wp\/v2\/media?parent=11056"}],"wp:term":[{"taxonomy":"product_brand","embeddable":true,"href":"https:\/\/allwintheme.com\/es\/wp-json\/wp\/v2\/product_brand?post=11056"},{"taxonomy":"product_cat","embeddable":true,"href":"https:\/\/allwintheme.com\/es\/wp-json\/wp\/v2\/product_cat?post=11056"},{"taxonomy":"product_tag","embeddable":true,"href":"https:\/\/allwintheme.com\/es\/wp-json\/wp\/v2\/product_tag?post=11056"}],"curies":[{"name":"wp","href":"https:\/\/api.w.org\/{rel}","templated":true}]}}