{"id":11085,"date":"2025-10-21T03:00:40","date_gmt":"2025-10-21T03:00:40","guid":{"rendered":"https:\/\/allwintheme.com\/?post_type=product&#038;p=11085"},"modified":"2025-10-21T03:10:37","modified_gmt":"2025-10-21T03:10:37","slug":"mercury-affiliate-wordpress-theme","status":"publish","type":"product","link":"https:\/\/allwintheme.com\/es\/producto\/mercury-affiliate-wordpress-theme\/","title":{"rendered":"Mercury - Affiliate WordPress Theme: Casino, Juegos de Azar y Rese\u00f1as"},"content":{"rendered":"<div data-elementor-type=\"wp-post\" data-elementor-id=\"11085\" class=\"elementor elementor-11085\" data-elementor-settings=\"{&quot;element_pack_global_tooltip_width&quot;:{&quot;unit&quot;:&quot;px&quot;,&quot;size&quot;:&quot;&quot;,&quot;sizes&quot;:[]},&quot;element_pack_global_tooltip_width_tablet&quot;:{&quot;unit&quot;:&quot;px&quot;,&quot;size&quot;:&quot;&quot;,&quot;sizes&quot;:[]},&quot;element_pack_global_tooltip_width_mobile&quot;:{&quot;unit&quot;:&quot;px&quot;,&quot;size&quot;:&quot;&quot;,&quot;sizes&quot;:[]},&quot;element_pack_global_tooltip_padding&quot;:{&quot;unit&quot;:&quot;px&quot;,&quot;top&quot;:&quot;&quot;,&quot;right&quot;:&quot;&quot;,&quot;bottom&quot;:&quot;&quot;,&quot;left&quot;:&quot;&quot;,&quot;isLinked&quot;:true},&quot;element_pack_global_tooltip_padding_tablet&quot;:{&quot;unit&quot;:&quot;px&quot;,&quot;top&quot;:&quot;&quot;,&quot;right&quot;:&quot;&quot;,&quot;bottom&quot;:&quot;&quot;,&quot;left&quot;:&quot;&quot;,&quot;isLinked&quot;:true},&quot;element_pack_global_tooltip_padding_mobile&quot;:{&quot;unit&quot;:&quot;px&quot;,&quot;top&quot;:&quot;&quot;,&quot;right&quot;:&quot;&quot;,&quot;bottom&quot;:&quot;&quot;,&quot;left&quot;:&quot;&quot;,&quot;isLinked&quot;:true},&quot;element_pack_global_tooltip_border_radius&quot;:{&quot;unit&quot;:&quot;px&quot;,&quot;top&quot;:&quot;&quot;,&quot;right&quot;:&quot;&quot;,&quot;bottom&quot;:&quot;&quot;,&quot;left&quot;:&quot;&quot;,&quot;isLinked&quot;:true},&quot;element_pack_global_tooltip_border_radius_tablet&quot;:{&quot;unit&quot;:&quot;px&quot;,&quot;top&quot;:&quot;&quot;,&quot;right&quot;:&quot;&quot;,&quot;bottom&quot;:&quot;&quot;,&quot;left&quot;:&quot;&quot;,&quot;isLinked&quot;:true},&quot;element_pack_global_tooltip_border_radius_mobile&quot;:{&quot;unit&quot;:&quot;px&quot;,&quot;top&quot;:&quot;&quot;,&quot;right&quot;:&quot;&quot;,&quot;bottom&quot;:&quot;&quot;,&quot;left&quot;:&quot;&quot;,&quot;isLinked&quot;:true}}\" data-elementor-post-type=\"product\">\n\t\t\t\t<div class=\"elementor-element elementor-element-93aa4a8 e-con-full e-flex e-con e-parent\" data-id=\"93aa4a8\" data-element_type=\"container\" data-e-type=\"container\">\n\t\t\t\t<div class=\"elementor-element elementor-element-2c3f760 miaoshu elementor-widget elementor-widget-wd_text_block\" data-id=\"2c3f760\" data-element_type=\"widget\" data-e-type=\"widget\" data-widget_type=\"wd_text_block.default\">\n\t\t\t\t<div class=\"elementor-widget-container\">\n\t\t\t\t\t\t\t<div class=\"wd-text-block reset-last-child text-left\">\n\t\t\t\n\t\t\t<h2>Mercurio: El mejor tema de WordPress para afiliados a casinos y juegos de azar<\/h2>\n<p><strong>Mercurio<\/strong> permite a los vendedores afiliados crear sitios web de alta conversi\u00f3n sin esfuerzo. Por ejemplo, puedes promocionar casinos, productos de apuestas y mucho m\u00e1s mientras muestras rese\u00f1as y contenido de noticias. En consecuencia, este tema le ayuda a ganar comisiones sin necesidad de conocimientos t\u00e9cnicos avanzados, ya que ofrece un dise\u00f1o totalmente receptivo y listo para retina que cautiva a los visitantes en cualquier dispositivo.<\/p>\n\n<h3>Lance su sitio de afiliaci\u00f3n con potencia incorporada<\/h3>\n<p>Con Mercury, puede configurar r\u00e1pidamente tipos de entrada personalizados para casinos, juegos y casas de apuestas. Adem\u00e1s, puede clasificar los casinos en una escala de cinco puntos, a\u00f1adir descripciones detalladas e incrustar enlaces de afiliados sin problemas. Como resultado, su sitio se convierte en un recurso al que acudir para tomar decisiones informadas en los nichos del juego, el p\u00f3quer, las apuestas deportivas, los deportes electr\u00f3nicos, las tragaperras, las criptomonedas, las divisas y la loter\u00eda.<\/p>\n\n<h3>\u00bfPor qu\u00e9 elegir Mercury para su marketing de afiliaci\u00f3n?<\/h3>\n<ul>\n    <li><strong>Tipos de entrada personalizados:<\/strong> Puedes crear f\u00e1cilmente secciones dedicadas a rese\u00f1as de casinos, desgloses de juegos y art\u00edculos de noticias.<\/li>\n    <li><strong>Optimizaci\u00f3n de la afiliaci\u00f3n:<\/strong> Integre banners din\u00e1micos y botones de llamada a la acci\u00f3n para aumentar las conversiones y los ingresos.<\/li>\n    <li><strong>Dise\u00f1o SEO:<\/strong> Las funciones integradas garantizan que los motores de b\u00fasqueda adoren su contenido, lo que genera m\u00e1s tr\u00e1fico hacia sus afiliados.<\/li>\n    <li><strong>Dise\u00f1os flexibles:<\/strong> Elija entre m\u00faltiples plantillas y widgets para adaptar perfectamente su sitio a cualquier nicho.<\/li>\n    <li><strong>Respuesta m\u00f3vil:<\/strong> Los visitantes disfrutan de experiencias fluidas en ordenadores de sobremesa, tabletas y tel\u00e9fonos, lo que aumenta la participaci\u00f3n.<\/li>\n<\/ul>\n\n<h3>Racionalice la creaci\u00f3n y monetizaci\u00f3n de contenidos<\/h3>\n<p>Mercury simplifica considerablemente su flujo de trabajo. Por ejemplo, usted publica noticias atractivas sobre tendencias de la industria o rese\u00f1as detalladas con bloques de pros\/contras y logotipos de proveedores. Por lo tanto, esto no s\u00f3lo genera confianza con su audiencia, sino que tambi\u00e9n maximiza las oportunidades de afiliaci\u00f3n a trav\u00e9s de colocaciones estrat\u00e9gicas.<\/p>\n\n<h3>Empieza a ganar con Mercury hoy mismo<\/h3>\n<p>Eleve su nivel de afiliaci\u00f3n con <strong>Mercury - Tema de WordPress para afiliados<\/strong>. Combinando impresionantes efectos visuales con potentes herramientas, podr\u00e1 crear sitios que conviertan y hagan crecer su negocio. Por lo tanto, \u00a1descargue Mercury ahora y transforme su pasi\u00f3n por los juegos de azar y las rese\u00f1as en beneficios reales!\n\t\t\t\t\t<\/div>\n\t\t\t\t\t\t<\/div>\n\t\t\t\t<\/div>\n\t\t\t\t<\/div>\n\t\t<div class=\"wd-negative-gap elementor-element elementor-element-2c19a04 e-flex e-con-boxed e-con e-parent\" data-id=\"2c19a04\" data-element_type=\"container\" data-e-type=\"container\">\n\t\t\t\t\t<div class=\"e-con-inner\">\n\t\t\t\t<div class=\"elementor-element elementor-element-0eab705 elementor-widget elementor-widget-wd_text_block\" data-id=\"0eab705\" data-element_type=\"widget\" data-e-type=\"widget\" data-widget_type=\"wd_text_block.default\">\n\t\t\t\t<div class=\"elementor-widget-container\">\n\t\t\t\t\t\t\t<div class=\"wd-text-block reset-last-child text-left\">\n\t\t\t\n\t\t\t<h1 class=\"elementor-heading-title elementor-size-default\">Mercury - Tema de WordPress para afiliados<\/h1>\n\t\t\t\t\t<\/div>\n\t\t\t\t\t\t<\/div>\n\t\t\t\t<\/div>\n\t\t\t\t\t<\/div>\n\t\t\t\t<\/div>\n\t\t<div class=\"wd-negative-gap elementor-element elementor-element-2016fb4 e-flex e-con-boxed e-con e-parent\" data-id=\"2016fb4\" data-element_type=\"container\" data-e-type=\"container\">\n\t\t\t\t\t<div class=\"e-con-inner\">\n\t\t\t\t<div class=\"elementor-element elementor-element-d65e62f elementor-widget elementor-widget-video\" data-id=\"d65e62f\" data-element_type=\"widget\" data-e-type=\"widget\" data-settings=\"{&quot;youtube_url&quot;:&quot;https:\\\/\\\/www.youtube.com\\\/watch?v=_xqmhYDk-Ek&quot;,&quot;show_image_overlay&quot;:&quot;yes&quot;,&quot;image_overlay&quot;:{&quot;url&quot;:&quot;&quot;,&quot;id&quot;:&quot;&quot;,&quot;size&quot;:&quot;&quot;,&quot;alt&quot;:&quot;Eidmart | Digital Marketplace WordPress Theme&quot;,&quot;source&quot;:&quot;library&quot;},&quot;video_type&quot;:&quot;youtube&quot;,&quot;controls&quot;:&quot;yes&quot;}\" data-widget_type=\"video.default\">\n\t\t\t\t\t\t\t<div class=\"elementor-wrapper elementor-open-inline\">\n\t\t\t<div class=\"elementor-video\"><\/div>\t\t<\/div>\n\t\t\t\t\t\t<\/div>\n\t\t\t\t\t<\/div>\n\t\t\t\t<\/div>\n\t\t\t\t<\/div>","protected":false},"excerpt":{"rendered":"<p>Mercury: The Ultimate Affiliate WordPress Theme for Casino &amp; Gambling Niches Mercury empowers affiliate marketers to create high-converting websites effortlessly.<\/p>","protected":false},"featured_media":11084,"comment_status":"open","ping_status":"closed","template":"","meta":{"_acf_changed":false},"product_brand":[],"product_cat":[48],"product_tag":[],"class_list":{"0":"post-11085","1":"product","2":"type-product","3":"status-publish","4":"has-post-thumbnail","6":"product_cat-themes","8":"first","9":"instock","10":"sale","11":"downloadable","12":"shipping-taxable","13":"purchasable","14":"product-type-simple"},"acf":[],"yoast_head":"<!-- This site is optimized with the Yoast SEO Premium plugin v25.6 (Yoast SEO v27.1.1) - https:\/\/yoast.com\/product\/yoast-seo-premium-wordpress\/ -->\n<title>Mercury \u2013 Affiliate WordPress Theme: Casino, Gambling &amp; Reviews - AllWin Theme \u2013 Free WordPress Themes Download<\/title>\n<meta name=\"description\" content=\"Build profitable affiliate sites with Mercury WordPress theme. Perfect for casino reviews, gambling news, and niches like poker, betting, crypto.\" \/>\n<meta name=\"robots\" content=\"index, follow, max-snippet:-1, max-image-preview:large, max-video-preview:-1\" \/>\n<link rel=\"canonical\" href=\"https:\/\/allwintheme.com\/es\/producto\/mercury-affiliate-wordpress-theme\/\" \/>\n<meta property=\"og:locale\" content=\"es_ES\" \/>\n<meta property=\"og:type\" content=\"article\" \/>\n<meta property=\"og:title\" content=\"Mercury \u2013 Affiliate WordPress Theme: Casino, Gambling &amp; Reviews\" \/>\n<meta property=\"og:description\" content=\"Build profitable affiliate sites with Mercury WordPress theme. Perfect for casino reviews, gambling news, and niches like poker, betting, crypto.\" \/>\n<meta property=\"og:url\" content=\"https:\/\/allwintheme.com\/es\/producto\/mercury-affiliate-wordpress-theme\/\" \/>\n<meta property=\"og:site_name\" content=\"AllWin Theme \u2013 Free WordPress Themes Download\" \/>\n<meta property=\"article:modified_time\" content=\"2025-10-21T03:10:37+00:00\" \/>\n<meta property=\"og:image\" content=\"https:\/\/allwintheme.com\/wp-content\/uploads\/2025\/10\/7himkug5.png\" \/>\n\t<meta property=\"og:image:width\" content=\"590\" \/>\n\t<meta property=\"og:image:height\" content=\"300\" \/>\n\t<meta property=\"og:image:type\" content=\"image\/png\" \/>\n<meta name=\"twitter:card\" content=\"summary_large_image\" \/>\n<meta name=\"twitter:label1\" content=\"Tiempo estimado de lectura\" \/>\n\t<meta name=\"twitter:data1\" content=\"2 minutos\" \/>\n<script type=\"application\/ld+json\" class=\"yoast-schema-graph\">{\"@context\":\"https:\/\/schema.org\",\"@graph\":[{\"@type\":\"WebPage\",\"@id\":\"https:\/\/allwintheme.com\/product\/mercury-affiliate-wordpress-theme\/\",\"url\":\"https:\/\/allwintheme.com\/product\/mercury-affiliate-wordpress-theme\/\",\"name\":\"Mercury \u2013 Affiliate WordPress Theme: Casino, Gambling & Reviews - AllWin Theme \u2013 Free WordPress Themes Download\",\"isPartOf\":{\"@id\":\"https:\/\/allwintheme.com\/#website\"},\"primaryImageOfPage\":{\"@id\":\"https:\/\/allwintheme.com\/product\/mercury-affiliate-wordpress-theme\/#primaryimage\"},\"image\":{\"@id\":\"https:\/\/allwintheme.com\/product\/mercury-affiliate-wordpress-theme\/#primaryimage\"},\"thumbnailUrl\":\"https:\/\/allwintheme.com\/wp-content\/uploads\/2025\/10\/7himkug5.png\",\"datePublished\":\"2025-10-21T03:00:40+00:00\",\"dateModified\":\"2025-10-21T03:10:37+00:00\",\"description\":\"Build profitable affiliate sites with Mercury WordPress theme. Perfect for casino reviews, gambling news, and niches like poker, betting, crypto.\",\"breadcrumb\":{\"@id\":\"https:\/\/allwintheme.com\/product\/mercury-affiliate-wordpress-theme\/#breadcrumb\"},\"inLanguage\":\"es-CL\",\"potentialAction\":[{\"@type\":\"ReadAction\",\"target\":[\"https:\/\/allwintheme.com\/product\/mercury-affiliate-wordpress-theme\/\"]}]},{\"@type\":\"ImageObject\",\"inLanguage\":\"es-CL\",\"@id\":\"https:\/\/allwintheme.com\/product\/mercury-affiliate-wordpress-theme\/#primaryimage\",\"url\":\"https:\/\/allwintheme.com\/wp-content\/uploads\/2025\/10\/7himkug5.png\",\"contentUrl\":\"https:\/\/allwintheme.com\/wp-content\/uploads\/2025\/10\/7himkug5.png\",\"width\":590,\"height\":300,\"caption\":\"Mercury \u2013 Affiliate WordPress Theme. Casino, Gambling & Other Niches. Reviews & News\"},{\"@type\":\"BreadcrumbList\",\"@id\":\"https:\/\/allwintheme.com\/product\/mercury-affiliate-wordpress-theme\/#breadcrumb\",\"itemListElement\":[{\"@type\":\"ListItem\",\"position\":1,\"name\":\"Home\",\"item\":\"https:\/\/allwintheme.com\/\"},{\"@type\":\"ListItem\",\"position\":2,\"name\":\"Shop\",\"item\":\"https:\/\/allwintheme.com\/shop\/\"},{\"@type\":\"ListItem\",\"position\":3,\"name\":\"Mercury \u2013 Affiliate WordPress Theme: Casino, Gambling &#038; Reviews\"}]},{\"@type\":\"WebSite\",\"@id\":\"https:\/\/allwintheme.com\/#website\",\"url\":\"https:\/\/allwintheme.com\/\",\"name\":\"Allwintheme\",\"description\":\"Download free WordPress themes for every niche. Blogs, business, eCommerce, portfolio, restaurant and more. All themes are GPL licensed and mobile-ready.\",\"potentialAction\":[{\"@type\":\"SearchAction\",\"target\":{\"@type\":\"EntryPoint\",\"urlTemplate\":\"https:\/\/allwintheme.com\/?s={search_term_string}\"},\"query-input\":{\"@type\":\"PropertyValueSpecification\",\"valueRequired\":true,\"valueName\":\"search_term_string\"}}],\"inLanguage\":\"es-CL\"}]}<\/script>\n<!-- \/ Yoast SEO Premium plugin. -->","yoast_head_json":{"title":"Mercury \u2013 Affiliate WordPress Theme: Casino, Gambling & Reviews - AllWin Theme \u2013 Free WordPress Themes Download","description":"Construya sitios de afiliados rentables con el tema Mercury WordPress. Perfecto para rese\u00f1as de casinos, noticias de juegos de azar y nichos como el p\u00f3quer, las apuestas y las criptomonedas.","robots":{"index":"index","follow":"follow","max-snippet":"max-snippet:-1","max-image-preview":"max-image-preview:large","max-video-preview":"max-video-preview:-1"},"canonical":"https:\/\/allwintheme.com\/es\/producto\/mercury-affiliate-wordpress-theme\/","og_locale":"es_ES","og_type":"article","og_title":"Mercury \u2013 Affiliate WordPress Theme: Casino, Gambling & Reviews","og_description":"Build profitable affiliate sites with Mercury WordPress theme. Perfect for casino reviews, gambling news, and niches like poker, betting, crypto.","og_url":"https:\/\/allwintheme.com\/es\/producto\/mercury-affiliate-wordpress-theme\/","og_site_name":"AllWin Theme \u2013 Free WordPress Themes Download","article_modified_time":"2025-10-21T03:10:37+00:00","og_image":[{"width":590,"height":300,"url":"https:\/\/allwintheme.com\/wp-content\/uploads\/2025\/10\/7himkug5.png","type":"image\/png"}],"twitter_card":"summary_large_image","twitter_misc":{"Tiempo estimado de lectura":"2 minutos"},"schema":{"@context":"https:\/\/schema.org","@graph":[{"@type":"WebPage","@id":"https:\/\/allwintheme.com\/product\/mercury-affiliate-wordpress-theme\/","url":"https:\/\/allwintheme.com\/product\/mercury-affiliate-wordpress-theme\/","name":"Mercury \u2013 Affiliate WordPress Theme: Casino, Gambling & Reviews - AllWin Theme \u2013 Free WordPress Themes Download","isPartOf":{"@id":"https:\/\/allwintheme.com\/#website"},"primaryImageOfPage":{"@id":"https:\/\/allwintheme.com\/product\/mercury-affiliate-wordpress-theme\/#primaryimage"},"image":{"@id":"https:\/\/allwintheme.com\/product\/mercury-affiliate-wordpress-theme\/#primaryimage"},"thumbnailUrl":"https:\/\/allwintheme.com\/wp-content\/uploads\/2025\/10\/7himkug5.png","datePublished":"2025-10-21T03:00:40+00:00","dateModified":"2025-10-21T03:10:37+00:00","description":"Construya sitios de afiliados rentables con el tema Mercury WordPress. Perfecto para rese\u00f1as de casinos, noticias de juegos de azar y nichos como el p\u00f3quer, las apuestas y las criptomonedas.","breadcrumb":{"@id":"https:\/\/allwintheme.com\/product\/mercury-affiliate-wordpress-theme\/#breadcrumb"},"inLanguage":"es-CL","potentialAction":[{"@type":"ReadAction","target":["https:\/\/allwintheme.com\/product\/mercury-affiliate-wordpress-theme\/"]}]},{"@type":"ImageObject","inLanguage":"es-CL","@id":"https:\/\/allwintheme.com\/product\/mercury-affiliate-wordpress-theme\/#primaryimage","url":"https:\/\/allwintheme.com\/wp-content\/uploads\/2025\/10\/7himkug5.png","contentUrl":"https:\/\/allwintheme.com\/wp-content\/uploads\/2025\/10\/7himkug5.png","width":590,"height":300,"caption":"Mercury \u2013 Affiliate WordPress Theme. Casino, Gambling & Other Niches. Reviews & News"},{"@type":"BreadcrumbList","@id":"https:\/\/allwintheme.com\/product\/mercury-affiliate-wordpress-theme\/#breadcrumb","itemListElement":[{"@type":"ListItem","position":1,"name":"Home","item":"https:\/\/allwintheme.com\/"},{"@type":"ListItem","position":2,"name":"Shop","item":"https:\/\/allwintheme.com\/shop\/"},{"@type":"ListItem","position":3,"name":"Mercury \u2013 Affiliate WordPress Theme: Casino, Gambling &#038; Reviews"}]},{"@type":"WebSite","@id":"https:\/\/allwintheme.com\/#website","url":"https:\/\/allwintheme.com\/","name":"Allwintheme","description":"Descarga gratis temas de WordPress para todos los nichos. Blogs, negocios, comercio electr\u00f3nico, portafolio, restaurante y m\u00e1s. Todos los temas tienen licencia GPL y est\u00e1n preparados para dispositivos m\u00f3viles.","potentialAction":[{"@type":"SearchAction","target":{"@type":"EntryPoint","urlTemplate":"https:\/\/allwintheme.com\/?s={search_term_string}"},"query-input":{"@type":"PropertyValueSpecification","valueRequired":true,"valueName":"search_term_string"}}],"inLanguage":"es-CL"}]}},"_links":{"self":[{"href":"https:\/\/allwintheme.com\/es\/wp-json\/wp\/v2\/product\/11085","targetHints":{"allow":["GET"]}}],"collection":[{"href":"https:\/\/allwintheme.com\/es\/wp-json\/wp\/v2\/product"}],"about":[{"href":"https:\/\/allwintheme.com\/es\/wp-json\/wp\/v2\/types\/product"}],"replies":[{"embeddable":true,"href":"https:\/\/allwintheme.com\/es\/wp-json\/wp\/v2\/comments?post=11085"}],"version-history":[{"count":5,"href":"https:\/\/allwintheme.com\/es\/wp-json\/wp\/v2\/product\/11085\/revisions"}],"predecessor-version":[{"id":11090,"href":"https:\/\/allwintheme.com\/es\/wp-json\/wp\/v2\/product\/11085\/revisions\/11090"}],"wp:featuredmedia":[{"embeddable":true,"href":"https:\/\/allwintheme.com\/es\/wp-json\/wp\/v2\/media\/11084"}],"wp:attachment":[{"href":"https:\/\/allwintheme.com\/es\/wp-json\/wp\/v2\/media?parent=11085"}],"wp:term":[{"taxonomy":"product_brand","embeddable":true,"href":"https:\/\/allwintheme.com\/es\/wp-json\/wp\/v2\/product_brand?post=11085"},{"taxonomy":"product_cat","embeddable":true,"href":"https:\/\/allwintheme.com\/es\/wp-json\/wp\/v2\/product_cat?post=11085"},{"taxonomy":"product_tag","embeddable":true,"href":"https:\/\/allwintheme.com\/es\/wp-json\/wp\/v2\/product_tag?post=11085"}],"curies":[{"name":"wp","href":"https:\/\/api.w.org\/{rel}","templated":true}]}}