{"id":11109,"date":"2025-10-22T01:17:30","date_gmt":"2025-10-22T01:17:30","guid":{"rendered":"https:\/\/allwintheme.com\/?post_type=product&#038;p=11109"},"modified":"2025-10-22T02:07:42","modified_gmt":"2025-10-22T02:07:42","slug":"thegem-creative-multi-purpose-woocommerce-wordpress-theme","status":"publish","type":"product","link":"https:\/\/allwintheme.com\/es\/producto\/thegem-creative-multi-purpose-woocommerce-wordpress-theme\/","title":{"rendered":"TheGem - Creative Multi-Purpose &amp; WooCommerce WordPress Theme"},"content":{"rendered":"<div data-elementor-type=\"wp-post\" data-elementor-id=\"11109\" class=\"elementor elementor-11109\" data-elementor-settings=\"{&quot;element_pack_global_tooltip_width&quot;:{&quot;unit&quot;:&quot;px&quot;,&quot;size&quot;:&quot;&quot;,&quot;sizes&quot;:[]},&quot;element_pack_global_tooltip_width_tablet&quot;:{&quot;unit&quot;:&quot;px&quot;,&quot;size&quot;:&quot;&quot;,&quot;sizes&quot;:[]},&quot;element_pack_global_tooltip_width_mobile&quot;:{&quot;unit&quot;:&quot;px&quot;,&quot;size&quot;:&quot;&quot;,&quot;sizes&quot;:[]},&quot;element_pack_global_tooltip_padding&quot;:{&quot;unit&quot;:&quot;px&quot;,&quot;top&quot;:&quot;&quot;,&quot;right&quot;:&quot;&quot;,&quot;bottom&quot;:&quot;&quot;,&quot;left&quot;:&quot;&quot;,&quot;isLinked&quot;:true},&quot;element_pack_global_tooltip_padding_tablet&quot;:{&quot;unit&quot;:&quot;px&quot;,&quot;top&quot;:&quot;&quot;,&quot;right&quot;:&quot;&quot;,&quot;bottom&quot;:&quot;&quot;,&quot;left&quot;:&quot;&quot;,&quot;isLinked&quot;:true},&quot;element_pack_global_tooltip_padding_mobile&quot;:{&quot;unit&quot;:&quot;px&quot;,&quot;top&quot;:&quot;&quot;,&quot;right&quot;:&quot;&quot;,&quot;bottom&quot;:&quot;&quot;,&quot;left&quot;:&quot;&quot;,&quot;isLinked&quot;:true},&quot;element_pack_global_tooltip_border_radius&quot;:{&quot;unit&quot;:&quot;px&quot;,&quot;top&quot;:&quot;&quot;,&quot;right&quot;:&quot;&quot;,&quot;bottom&quot;:&quot;&quot;,&quot;left&quot;:&quot;&quot;,&quot;isLinked&quot;:true},&quot;element_pack_global_tooltip_border_radius_tablet&quot;:{&quot;unit&quot;:&quot;px&quot;,&quot;top&quot;:&quot;&quot;,&quot;right&quot;:&quot;&quot;,&quot;bottom&quot;:&quot;&quot;,&quot;left&quot;:&quot;&quot;,&quot;isLinked&quot;:true},&quot;element_pack_global_tooltip_border_radius_mobile&quot;:{&quot;unit&quot;:&quot;px&quot;,&quot;top&quot;:&quot;&quot;,&quot;right&quot;:&quot;&quot;,&quot;bottom&quot;:&quot;&quot;,&quot;left&quot;:&quot;&quot;,&quot;isLinked&quot;:true}}\" data-elementor-post-type=\"product\">\n\t\t\t\t<div class=\"elementor-element elementor-element-93aa4a8 e-con-full e-flex e-con e-parent\" data-id=\"93aa4a8\" data-element_type=\"container\" data-e-type=\"container\">\n\t\t\t\t<div class=\"elementor-element elementor-element-2c3f760 miaoshu elementor-widget elementor-widget-wd_text_block\" data-id=\"2c3f760\" data-element_type=\"widget\" data-e-type=\"widget\" data-widget_type=\"wd_text_block.default\">\n\t\t\t\t<div class=\"elementor-widget-container\">\n\t\t\t\t\t\t\t<div class=\"wd-text-block reset-last-child text-left\">\n\t\t\t\n\t\t\t<h2>TheGem: D\u00e9 rienda suelta a su creatividad con un tema de WordPress polivalente<\/h2>\n<p><strong>La gema<\/strong> transforma tu sitio WordPress en una obra maestra creativa, perfecta para portafolios, agencias o tiendas WooCommerce. Por ejemplo, este tema ofrece una amplia biblioteca de dise\u00f1os pre-construidos, por lo que r\u00e1pidamente crear sitios web profesionales. Adem\u00e1s, su perfecta integraci\u00f3n con WooCommerce te permite crear impresionantes tiendas online con facilidad.<\/p>\n\n<h3>Dise\u00f1o vers\u00e1til para cualquier uso<\/h3>\n<p>TheGem le ofrece m\u00e1s de 400 plantillas personalizables y m\u00e1s de 50 demos multiuso. Puede dar forma activamente al aspecto de su sitio mediante controles intuitivos, desde dise\u00f1os creativos y atrevidos hasta elegantes dise\u00f1os de comercio electr\u00f3nico. Adem\u00e1s, la flexibilidad del tema le permite adaptarlo para blogs, portafolios o sitios empresariales sin comprometer el estilo ni la funcionalidad.<\/p>\n\n<h3>\u00bfPor qu\u00e9 elegir TheGem?<\/h3>\n<ul>\n    <li><strong>Impresionantes efectos visuales:<\/strong> Los dise\u00f1adores tienen acceso a m\u00e1s de 400 plantillas y 50 demos para crear sitios web atractivos.<\/li>\n    <li><strong>Potente WooCommerce:<\/strong> Puede crear tiendas en l\u00ednea s\u00f3lidas con funciones y dise\u00f1os de tienda avanzados.<\/li>\n    <li><strong>Alto rendimiento:<\/strong> El tema optimiza la velocidad y el SEO, garantizando tiempos de carga r\u00e1pidos y mejores clasificaciones.<\/li>\n    <li><strong>Totalmente adaptable:<\/strong> Su sitio tendr\u00e1 un aspecto impecable en ordenadores de sobremesa, tabletas y dispositivos m\u00f3viles.<\/li>\n<\/ul>\n\n<h3>Personalizaci\u00f3n y rendimiento sin esfuerzo<\/h3>\n<p>Con TheGem, puedes personalizar cada elemento utilizando un constructor de arrastrar y soltar como Elementor o WPBakery. Por ejemplo, puedes ajustar colores, fuentes y dise\u00f1os en tiempo real, asegur\u00e1ndote de que tu visi\u00f3n cobra vida. Adem\u00e1s, el c\u00f3digo ligero del tema mejora el rendimiento del sitio, para que los visitantes disfruten de una experiencia fluida en todos los dispositivos.<\/p>\n\n<h3>Construya hoy mismo el sitio de sus sue\u00f1os<\/h3>\n<p>Eleve su sitio WordPress con <strong>TheGem - Creative Multi-Purpose &amp; WooCommerce WordPress Theme<\/strong>. Por lo tanto, inst\u00e1lelo ahora para desbloquear infinitas posibilidades de dise\u00f1o y crear un sitio web que cautive a su p\u00fablico.<\/p>\n\t\t\t\t\t<\/div>\n\t\t\t\t\t\t<\/div>\n\t\t\t\t<\/div>\n\t\t\t\t<\/div>\n\t\t<div class=\"wd-negative-gap elementor-element elementor-element-116794f e-flex e-con-boxed e-con e-parent\" data-id=\"116794f\" data-element_type=\"container\" data-e-type=\"container\">\n\t\t\t\t\t<div class=\"e-con-inner\">\n\t\t\t\t<div class=\"elementor-element elementor-element-03d2133 elementor-widget elementor-widget-wd_text_block\" data-id=\"03d2133\" data-element_type=\"widget\" data-e-type=\"widget\" data-widget_type=\"wd_text_block.default\">\n\t\t\t\t<div class=\"elementor-widget-container\">\n\t\t\t\t\t\t\t<div class=\"wd-text-block reset-last-child text-left\">\n\t\t\t\n\t\t\t<div class=\"elementor-element elementor-element-bb9e9c8 elementor-widget elementor-widget-heading\" data-id=\"bb9e9c8\" data-element_type=\"widget\" data-widget_type=\"heading.default\"><div class=\"elementor-widget-container\"><h1 class=\"elementor-heading-title elementor-size-default\">TheGem - Creative Multi-Purpose &amp; WooCommerce WordPress Theme<\/h1><\/div><\/div><div class=\"elementor-element elementor-element-2288f3b elementor-widget__width-inherit elementor-widget elementor-widget-shortcode\" data-id=\"2288f3b\" data-element_type=\"widget\" data-widget_type=\"shortcode.default\"><div class=\"elementor-widget-container\"><div class=\"elementor-shortcode\">\u00a0<\/div><\/div><\/div><div id=\"price\" class=\"elementor-element elementor-element-eccd299 elementor-widget elementor-widget-heading\" data-id=\"eccd299\" data-element_type=\"widget\" data-settings=\"{&quot;enabled_visibility&quot;:&quot;yes&quot;,&quot;dce_visibility_selected&quot;:&quot;hide&quot;}\" data-widget_type=\"heading.default\"><div class=\"elementor-widget-container\">\u00a0<\/div><\/div>\n\t\t\t\t\t<\/div>\n\t\t\t\t\t\t<\/div>\n\t\t\t\t<\/div>\n\t\t\t\t\t<\/div>\n\t\t\t\t<\/div>\n\t\t<div class=\"wd-negative-gap elementor-element elementor-element-c25ccef e-flex e-con-boxed e-con e-parent\" data-id=\"c25ccef\" data-element_type=\"container\" data-e-type=\"container\">\n\t\t\t\t\t<div class=\"e-con-inner\">\n\t\t\t\t<div class=\"elementor-element elementor-element-956e52a elementor-widget elementor-widget-video\" data-id=\"956e52a\" data-element_type=\"widget\" data-e-type=\"widget\" data-settings=\"{&quot;youtube_url&quot;:&quot;https:\\\/\\\/youtu.be\\\/WYPFmPl-I7E&quot;,&quot;video_type&quot;:&quot;youtube&quot;,&quot;controls&quot;:&quot;yes&quot;}\" data-widget_type=\"video.default\">\n\t\t\t\t\t\t\t<div class=\"elementor-wrapper elementor-open-inline\">\n\t\t\t<div class=\"elementor-video\"><\/div>\t\t<\/div>\n\t\t\t\t\t\t<\/div>\n\t\t\t\t\t<\/div>\n\t\t\t\t<\/div>\n\t\t\t\t<\/div>","protected":false},"excerpt":{"rendered":"<p>TheGem: Unleash Creativity with a Multi-Purpose WordPress Theme TheGem transforms your WordPress site into a creative masterpiece, perfect for portfolios,<\/p>","protected":false},"featured_media":11080,"comment_status":"open","ping_status":"closed","template":"","meta":{"_acf_changed":false},"product_brand":[],"product_cat":[48],"product_tag":[],"class_list":{"0":"post-11109","1":"product","2":"type-product","3":"status-publish","4":"has-post-thumbnail","6":"product_cat-themes","8":"first","9":"instock","10":"sale","11":"downloadable","12":"shipping-taxable","13":"purchasable","14":"product-type-simple"},"acf":[],"yoast_head":"<!-- This site is optimized with the Yoast SEO Premium plugin v25.6 (Yoast SEO v27.1.1) - https:\/\/yoast.com\/product\/yoast-seo-premium-wordpress\/ -->\n<title>TheGem \u2013 Creative Multi-Purpose &amp; WooCommerce WordPress Theme - AllWin Theme \u2013 Free WordPress Themes Download<\/title>\n<meta name=\"description\" content=\"TheGem \u2013 Creative Multi-Purpose &amp; WooCommerce WordPress ThemeTheGem: A versatile WordPress theme for creative sites &amp; WooCommerce stores. Enjoy stunning designs, flexibility, and powerful features.\" \/>\n<meta name=\"robots\" content=\"index, follow, max-snippet:-1, max-image-preview:large, max-video-preview:-1\" \/>\n<link rel=\"canonical\" href=\"https:\/\/allwintheme.com\/es\/producto\/thegem-creative-multi-purpose-woocommerce-wordpress-theme\/\" \/>\n<meta property=\"og:locale\" content=\"es_ES\" \/>\n<meta property=\"og:type\" content=\"article\" \/>\n<meta property=\"og:title\" content=\"TheGem \u2013 Creative Multi-Purpose &amp; WooCommerce WordPress Theme\" \/>\n<meta property=\"og:description\" content=\"TheGem \u2013 Creative Multi-Purpose &amp; WooCommerce WordPress ThemeTheGem: A versatile WordPress theme for creative sites &amp; WooCommerce stores. Enjoy stunning designs, flexibility, and powerful features.\" \/>\n<meta property=\"og:url\" content=\"https:\/\/allwintheme.com\/es\/producto\/thegem-creative-multi-purpose-woocommerce-wordpress-theme\/\" \/>\n<meta property=\"og:site_name\" content=\"AllWin Theme \u2013 Free WordPress Themes Download\" \/>\n<meta property=\"article:modified_time\" content=\"2025-10-22T02:07:42+00:00\" \/>\n<meta property=\"og:image\" content=\"https:\/\/allwintheme.com\/wp-content\/uploads\/2025\/10\/9psvl9yf.png\" \/>\n\t<meta property=\"og:image:width\" content=\"590\" \/>\n\t<meta property=\"og:image:height\" content=\"300\" \/>\n\t<meta property=\"og:image:type\" content=\"image\/png\" \/>\n<meta name=\"twitter:card\" content=\"summary_large_image\" \/>\n<meta name=\"twitter:label1\" content=\"Tiempo estimado de lectura\" \/>\n\t<meta name=\"twitter:data1\" content=\"2 minutos\" \/>\n<script type=\"application\/ld+json\" class=\"yoast-schema-graph\">{\"@context\":\"https:\/\/schema.org\",\"@graph\":[{\"@type\":\"WebPage\",\"@id\":\"https:\/\/allwintheme.com\/product\/thegem-creative-multi-purpose-woocommerce-wordpress-theme\/\",\"url\":\"https:\/\/allwintheme.com\/product\/thegem-creative-multi-purpose-woocommerce-wordpress-theme\/\",\"name\":\"TheGem \u2013 Creative Multi-Purpose & WooCommerce WordPress Theme - AllWin Theme \u2013 Free WordPress Themes Download\",\"isPartOf\":{\"@id\":\"https:\/\/allwintheme.com\/#website\"},\"primaryImageOfPage\":{\"@id\":\"https:\/\/allwintheme.com\/product\/thegem-creative-multi-purpose-woocommerce-wordpress-theme\/#primaryimage\"},\"image\":{\"@id\":\"https:\/\/allwintheme.com\/product\/thegem-creative-multi-purpose-woocommerce-wordpress-theme\/#primaryimage\"},\"thumbnailUrl\":\"https:\/\/allwintheme.com\/wp-content\/uploads\/2025\/10\/9psvl9yf.png\",\"datePublished\":\"2025-10-22T01:17:30+00:00\",\"dateModified\":\"2025-10-22T02:07:42+00:00\",\"description\":\"TheGem \u2013 Creative Multi-Purpose & WooCommerce WordPress ThemeTheGem: A versatile WordPress theme for creative sites & WooCommerce stores. Enjoy stunning designs, flexibility, and powerful features.\",\"breadcrumb\":{\"@id\":\"https:\/\/allwintheme.com\/product\/thegem-creative-multi-purpose-woocommerce-wordpress-theme\/#breadcrumb\"},\"inLanguage\":\"es-CL\",\"potentialAction\":[{\"@type\":\"ReadAction\",\"target\":[\"https:\/\/allwintheme.com\/product\/thegem-creative-multi-purpose-woocommerce-wordpress-theme\/\"]}]},{\"@type\":\"ImageObject\",\"inLanguage\":\"es-CL\",\"@id\":\"https:\/\/allwintheme.com\/product\/thegem-creative-multi-purpose-woocommerce-wordpress-theme\/#primaryimage\",\"url\":\"https:\/\/allwintheme.com\/wp-content\/uploads\/2025\/10\/9psvl9yf.png\",\"contentUrl\":\"https:\/\/allwintheme.com\/wp-content\/uploads\/2025\/10\/9psvl9yf.png\",\"width\":590,\"height\":300,\"caption\":\"TheGem \u2013 Creative Multi-Purpose & WooCommerce WordPress Theme\"},{\"@type\":\"BreadcrumbList\",\"@id\":\"https:\/\/allwintheme.com\/product\/thegem-creative-multi-purpose-woocommerce-wordpress-theme\/#breadcrumb\",\"itemListElement\":[{\"@type\":\"ListItem\",\"position\":1,\"name\":\"Home\",\"item\":\"https:\/\/allwintheme.com\/\"},{\"@type\":\"ListItem\",\"position\":2,\"name\":\"Shop\",\"item\":\"https:\/\/allwintheme.com\/shop\/\"},{\"@type\":\"ListItem\",\"position\":3,\"name\":\"TheGem \u2013 Creative Multi-Purpose &#038; WooCommerce WordPress Theme\"}]},{\"@type\":\"WebSite\",\"@id\":\"https:\/\/allwintheme.com\/#website\",\"url\":\"https:\/\/allwintheme.com\/\",\"name\":\"Allwintheme\",\"description\":\"Download free WordPress themes for every niche. Blogs, business, eCommerce, portfolio, restaurant and more. All themes are GPL licensed and mobile-ready.\",\"potentialAction\":[{\"@type\":\"SearchAction\",\"target\":{\"@type\":\"EntryPoint\",\"urlTemplate\":\"https:\/\/allwintheme.com\/?s={search_term_string}\"},\"query-input\":{\"@type\":\"PropertyValueSpecification\",\"valueRequired\":true,\"valueName\":\"search_term_string\"}}],\"inLanguage\":\"es-CL\"}]}<\/script>\n<!-- \/ Yoast SEO Premium plugin. -->","yoast_head_json":{"title":"TheGem \u2013 Creative Multi-Purpose & WooCommerce WordPress Theme - AllWin Theme \u2013 Free WordPress Themes Download","description":"TheGem - Creative Multi-Purpose &amp; WooCommerce WordPress ThemeTheGem: Un tema de WordPress vers\u00e1til para sitios creativos y tiendas WooCommerce. Disfrute de dise\u00f1os impresionantes, flexibilidad y caracter\u00edsticas de gran alcance.","robots":{"index":"index","follow":"follow","max-snippet":"max-snippet:-1","max-image-preview":"max-image-preview:large","max-video-preview":"max-video-preview:-1"},"canonical":"https:\/\/allwintheme.com\/es\/producto\/thegem-creative-multi-purpose-woocommerce-wordpress-theme\/","og_locale":"es_ES","og_type":"article","og_title":"TheGem \u2013 Creative Multi-Purpose & WooCommerce WordPress Theme","og_description":"TheGem \u2013 Creative Multi-Purpose & WooCommerce WordPress ThemeTheGem: A versatile WordPress theme for creative sites & WooCommerce stores. Enjoy stunning designs, flexibility, and powerful features.","og_url":"https:\/\/allwintheme.com\/es\/producto\/thegem-creative-multi-purpose-woocommerce-wordpress-theme\/","og_site_name":"AllWin Theme \u2013 Free WordPress Themes Download","article_modified_time":"2025-10-22T02:07:42+00:00","og_image":[{"width":590,"height":300,"url":"https:\/\/allwintheme.com\/wp-content\/uploads\/2025\/10\/9psvl9yf.png","type":"image\/png"}],"twitter_card":"summary_large_image","twitter_misc":{"Tiempo estimado de lectura":"2 minutos"},"schema":{"@context":"https:\/\/schema.org","@graph":[{"@type":"WebPage","@id":"https:\/\/allwintheme.com\/product\/thegem-creative-multi-purpose-woocommerce-wordpress-theme\/","url":"https:\/\/allwintheme.com\/product\/thegem-creative-multi-purpose-woocommerce-wordpress-theme\/","name":"TheGem \u2013 Creative Multi-Purpose & WooCommerce WordPress Theme - AllWin Theme \u2013 Free WordPress Themes Download","isPartOf":{"@id":"https:\/\/allwintheme.com\/#website"},"primaryImageOfPage":{"@id":"https:\/\/allwintheme.com\/product\/thegem-creative-multi-purpose-woocommerce-wordpress-theme\/#primaryimage"},"image":{"@id":"https:\/\/allwintheme.com\/product\/thegem-creative-multi-purpose-woocommerce-wordpress-theme\/#primaryimage"},"thumbnailUrl":"https:\/\/allwintheme.com\/wp-content\/uploads\/2025\/10\/9psvl9yf.png","datePublished":"2025-10-22T01:17:30+00:00","dateModified":"2025-10-22T02:07:42+00:00","description":"TheGem - Creative Multi-Purpose &amp; WooCommerce WordPress ThemeTheGem: Un tema de WordPress vers\u00e1til para sitios creativos y tiendas WooCommerce. Disfrute de dise\u00f1os impresionantes, flexibilidad y caracter\u00edsticas de gran alcance.","breadcrumb":{"@id":"https:\/\/allwintheme.com\/product\/thegem-creative-multi-purpose-woocommerce-wordpress-theme\/#breadcrumb"},"inLanguage":"es-CL","potentialAction":[{"@type":"ReadAction","target":["https:\/\/allwintheme.com\/product\/thegem-creative-multi-purpose-woocommerce-wordpress-theme\/"]}]},{"@type":"ImageObject","inLanguage":"es-CL","@id":"https:\/\/allwintheme.com\/product\/thegem-creative-multi-purpose-woocommerce-wordpress-theme\/#primaryimage","url":"https:\/\/allwintheme.com\/wp-content\/uploads\/2025\/10\/9psvl9yf.png","contentUrl":"https:\/\/allwintheme.com\/wp-content\/uploads\/2025\/10\/9psvl9yf.png","width":590,"height":300,"caption":"TheGem \u2013 Creative Multi-Purpose & WooCommerce WordPress Theme"},{"@type":"BreadcrumbList","@id":"https:\/\/allwintheme.com\/product\/thegem-creative-multi-purpose-woocommerce-wordpress-theme\/#breadcrumb","itemListElement":[{"@type":"ListItem","position":1,"name":"Home","item":"https:\/\/allwintheme.com\/"},{"@type":"ListItem","position":2,"name":"Shop","item":"https:\/\/allwintheme.com\/shop\/"},{"@type":"ListItem","position":3,"name":"TheGem \u2013 Creative Multi-Purpose &#038; WooCommerce WordPress Theme"}]},{"@type":"WebSite","@id":"https:\/\/allwintheme.com\/#website","url":"https:\/\/allwintheme.com\/","name":"Allwintheme","description":"Descarga gratis temas de WordPress para todos los nichos. Blogs, negocios, comercio electr\u00f3nico, portafolio, restaurante y m\u00e1s. Todos los temas tienen licencia GPL y est\u00e1n preparados para dispositivos m\u00f3viles.","potentialAction":[{"@type":"SearchAction","target":{"@type":"EntryPoint","urlTemplate":"https:\/\/allwintheme.com\/?s={search_term_string}"},"query-input":{"@type":"PropertyValueSpecification","valueRequired":true,"valueName":"search_term_string"}}],"inLanguage":"es-CL"}]}},"_links":{"self":[{"href":"https:\/\/allwintheme.com\/es\/wp-json\/wp\/v2\/product\/11109","targetHints":{"allow":["GET"]}}],"collection":[{"href":"https:\/\/allwintheme.com\/es\/wp-json\/wp\/v2\/product"}],"about":[{"href":"https:\/\/allwintheme.com\/es\/wp-json\/wp\/v2\/types\/product"}],"replies":[{"embeddable":true,"href":"https:\/\/allwintheme.com\/es\/wp-json\/wp\/v2\/comments?post=11109"}],"version-history":[{"count":9,"href":"https:\/\/allwintheme.com\/es\/wp-json\/wp\/v2\/product\/11109\/revisions"}],"predecessor-version":[{"id":11137,"href":"https:\/\/allwintheme.com\/es\/wp-json\/wp\/v2\/product\/11109\/revisions\/11137"}],"wp:featuredmedia":[{"embeddable":true,"href":"https:\/\/allwintheme.com\/es\/wp-json\/wp\/v2\/media\/11080"}],"wp:attachment":[{"href":"https:\/\/allwintheme.com\/es\/wp-json\/wp\/v2\/media?parent=11109"}],"wp:term":[{"taxonomy":"product_brand","embeddable":true,"href":"https:\/\/allwintheme.com\/es\/wp-json\/wp\/v2\/product_brand?post=11109"},{"taxonomy":"product_cat","embeddable":true,"href":"https:\/\/allwintheme.com\/es\/wp-json\/wp\/v2\/product_cat?post=11109"},{"taxonomy":"product_tag","embeddable":true,"href":"https:\/\/allwintheme.com\/es\/wp-json\/wp\/v2\/product_tag?post=11109"}],"curies":[{"name":"wp","href":"https:\/\/api.w.org\/{rel}","templated":true}]}}