{"id":11124,"date":"2025-10-22T01:42:38","date_gmt":"2025-10-22T01:42:38","guid":{"rendered":"https:\/\/allwintheme.com\/?post_type=product&#038;p=11124"},"modified":"2025-10-22T01:54:06","modified_gmt":"2025-10-22T01:54:06","slug":"bridge-tema-creativo-multiuso","status":"publish","type":"product","link":"https:\/\/allwintheme.com\/es\/producto\/bridge-tema-creativo-multiuso\/","title":{"rendered":"Bridge Tema creativo multiuso"},"content":{"rendered":"<div data-elementor-type=\"wp-post\" data-elementor-id=\"11124\" class=\"elementor elementor-11124\" data-elementor-settings=\"{&quot;element_pack_global_tooltip_width&quot;:{&quot;unit&quot;:&quot;px&quot;,&quot;size&quot;:&quot;&quot;,&quot;sizes&quot;:[]},&quot;element_pack_global_tooltip_width_tablet&quot;:{&quot;unit&quot;:&quot;px&quot;,&quot;size&quot;:&quot;&quot;,&quot;sizes&quot;:[]},&quot;element_pack_global_tooltip_width_mobile&quot;:{&quot;unit&quot;:&quot;px&quot;,&quot;size&quot;:&quot;&quot;,&quot;sizes&quot;:[]},&quot;element_pack_global_tooltip_padding&quot;:{&quot;unit&quot;:&quot;px&quot;,&quot;top&quot;:&quot;&quot;,&quot;right&quot;:&quot;&quot;,&quot;bottom&quot;:&quot;&quot;,&quot;left&quot;:&quot;&quot;,&quot;isLinked&quot;:true},&quot;element_pack_global_tooltip_padding_tablet&quot;:{&quot;unit&quot;:&quot;px&quot;,&quot;top&quot;:&quot;&quot;,&quot;right&quot;:&quot;&quot;,&quot;bottom&quot;:&quot;&quot;,&quot;left&quot;:&quot;&quot;,&quot;isLinked&quot;:true},&quot;element_pack_global_tooltip_padding_mobile&quot;:{&quot;unit&quot;:&quot;px&quot;,&quot;top&quot;:&quot;&quot;,&quot;right&quot;:&quot;&quot;,&quot;bottom&quot;:&quot;&quot;,&quot;left&quot;:&quot;&quot;,&quot;isLinked&quot;:true},&quot;element_pack_global_tooltip_border_radius&quot;:{&quot;unit&quot;:&quot;px&quot;,&quot;top&quot;:&quot;&quot;,&quot;right&quot;:&quot;&quot;,&quot;bottom&quot;:&quot;&quot;,&quot;left&quot;:&quot;&quot;,&quot;isLinked&quot;:true},&quot;element_pack_global_tooltip_border_radius_tablet&quot;:{&quot;unit&quot;:&quot;px&quot;,&quot;top&quot;:&quot;&quot;,&quot;right&quot;:&quot;&quot;,&quot;bottom&quot;:&quot;&quot;,&quot;left&quot;:&quot;&quot;,&quot;isLinked&quot;:true},&quot;element_pack_global_tooltip_border_radius_mobile&quot;:{&quot;unit&quot;:&quot;px&quot;,&quot;top&quot;:&quot;&quot;,&quot;right&quot;:&quot;&quot;,&quot;bottom&quot;:&quot;&quot;,&quot;left&quot;:&quot;&quot;,&quot;isLinked&quot;:true}}\" data-elementor-post-type=\"product\">\n\t\t\t\t<div class=\"elementor-element elementor-element-93aa4a8 e-con-full e-flex e-con e-parent\" data-id=\"93aa4a8\" data-element_type=\"container\" data-e-type=\"container\">\n\t\t\t\t<div class=\"elementor-element elementor-element-2c3f760 miaoshu elementor-widget elementor-widget-wd_text_block\" data-id=\"2c3f760\" data-element_type=\"widget\" data-e-type=\"widget\" data-widget_type=\"wd_text_block.default\">\n\t\t\t\t<div class=\"elementor-widget-container\">\n\t\t\t\t\t\t\t<div class=\"wd-text-block reset-last-child text-left\">\n\t\t\t\n\t\t\t<h2>Bridge Tema Creativo Multiprop\u00f3sito: Construye tu visi\u00f3n<\/h2>\n<p>En <strong>Bridge Tema creativo multiuso<\/strong> transforma la forma de crear sitios web con WordPress. Con m\u00e1s de 600 demos predise\u00f1adas, puedes crear r\u00e1pidamente sitios profesionales e impresionantes para cualquier prop\u00f3sito: negocio, portafolio, comercio electr\u00f3nico o blog. Por ejemplo, su amplia biblioteca de dise\u00f1os personalizables, combinada con potentes herramientas de dise\u00f1o, le permite dar vida a su visi\u00f3n sin esfuerzo.<\/p>\n\n<h3>Crear sin l\u00edmites<\/h3>\n<p>Bridge ofrece una flexibilidad inigualable para dise\u00f1ar sitios web \u00fanicos. Puedes personalizar activamente dise\u00f1os, colores, fuentes y animaciones mediante una interfaz intuitiva. Adem\u00e1s, el tema se integra a la perfecci\u00f3n con plugins populares como WPBakery, Elementor y WooCommerce, para que puedas crear p\u00e1ginas din\u00e1micas y tiendas online con facilidad. Como resultado, su sitio se destaca con un aspecto pulido y moderno.<\/p>\n\n<h3>\u00bfPor qu\u00e9 elegir Bridge?<\/h3>\n<ul>\n    <li><strong>M\u00e1s de 600 impresionantes demostraciones:<\/strong> Lanza tu sitio r\u00e1pidamente con plantillas listas para usar para cualquier nicho.<\/li>\n    <li><strong>Potente personalizaci\u00f3n:<\/strong> Puede personalizar todos los elementos, desde las cabeceras hasta las animaciones, sin codificar.<\/li>\n    <li><strong>Compatibilidad de plugins:<\/strong> Bridge funciona perfectamente con WPBakery, Elementor, WooCommerce y m\u00e1s.<\/li>\n    <li><strong>Dise\u00f1o receptivo:<\/strong> Su sitio se ve perfecto en ordenadores de sobremesa, tabletas y dispositivos m\u00f3viles.<\/li>\n    <li><strong>Rendimiento r\u00e1pido:<\/strong> El c\u00f3digo optimizado garantiza tiempos de carga r\u00e1pidos y experiencias de usuario fluidas.<\/li>\n<\/ul>\n\n<h3>Agilice su proceso de dise\u00f1o<\/h3>\n<p>Bridge simplifica la creaci\u00f3n de sitios web tanto para principiantes como para expertos. Por ejemplo, sus constructores de arrastrar y soltar le permiten dise\u00f1ar p\u00e1ginas visualmente, mientras que las opciones avanzadas, como los c\u00f3digos cortos personalizados y los dise\u00f1os de portafolio, dan a los desarrolladores el control creativo. De este modo, ahorrar\u00e1 tiempo y obtendr\u00e1 resultados profesionales sin renunciar a la calidad.<\/p>\n\n<h3>Empiece hoy mismo a construir con Bridge<\/h3>\n<p>Eleve sus proyectos de WordPress con el <strong>Bridge Tema creativo multiuso<\/strong>. Con su amplia biblioteca de demos y sus infinitas opciones de personalizaci\u00f3n, podr\u00e1 crear sitios web que cautiven y conviertan. Por lo tanto, instale Bridge ahora y convierta sus ideas en realidad.<\/p>\n\t\t\t\t\t<\/div>\n\t\t\t\t\t\t<\/div>\n\t\t\t\t<\/div>\n\t\t\t\t<\/div>\n\t\t<div class=\"wd-negative-gap elementor-element elementor-element-116794f e-flex e-con-boxed e-con e-parent\" data-id=\"116794f\" data-element_type=\"container\" data-e-type=\"container\">\n\t\t\t\t\t<div class=\"e-con-inner\">\n\t\t\t\t<div class=\"elementor-element elementor-element-03d2133 elementor-widget elementor-widget-wd_text_block\" data-id=\"03d2133\" data-element_type=\"widget\" data-e-type=\"widget\" data-widget_type=\"wd_text_block.default\">\n\t\t\t\t<div class=\"elementor-widget-container\">\n\t\t\t\t\t\t\t<div class=\"wd-text-block reset-last-child text-left\">\n\t\t\t\n\t\t\t<div class=\"elementor-element elementor-element-bb9e9c8 elementor-widget elementor-widget-heading\" data-id=\"bb9e9c8\" data-element_type=\"widget\" data-widget_type=\"heading.default\"><div class=\"elementor-widget-container\"><h1 class=\"elementor-heading-title elementor-size-default\">Bridge Tema creativo multiuso<\/h1><\/div><\/div>\n\t\t\t\t\t<\/div>\n\t\t\t\t\t\t<\/div>\n\t\t\t\t<\/div>\n\t\t\t\t\t<\/div>\n\t\t\t\t<\/div>\n\t\t<div class=\"wd-negative-gap elementor-element elementor-element-c25ccef e-flex e-con-boxed e-con e-parent\" data-id=\"c25ccef\" data-element_type=\"container\" data-e-type=\"container\">\n\t\t\t\t\t<div class=\"e-con-inner\">\n\t\t\t\t<div class=\"elementor-element elementor-element-956e52a elementor-widget elementor-widget-video\" data-id=\"956e52a\" data-element_type=\"widget\" data-e-type=\"widget\" data-settings=\"{&quot;youtube_url&quot;:&quot;https:\\\/\\\/youtu.be\\\/nQtdQXQRltY&quot;,&quot;video_type&quot;:&quot;youtube&quot;,&quot;controls&quot;:&quot;yes&quot;}\" data-widget_type=\"video.default\">\n\t\t\t\t\t\t\t<div class=\"elementor-wrapper elementor-open-inline\">\n\t\t\t<div class=\"elementor-video\"><\/div>\t\t<\/div>\n\t\t\t\t\t\t<\/div>\n\t\t\t\t\t<\/div>\n\t\t\t\t<\/div>\n\t\t\t\t<\/div>","protected":false},"excerpt":{"rendered":"<p>Bridge Creative Multipurpose Theme: Build Your Vision The Bridge Creative Multipurpose Theme transforms how you create WordPress websites. With over<\/p>","protected":false},"featured_media":11078,"comment_status":"open","ping_status":"closed","template":"","meta":{"_acf_changed":false},"product_brand":[],"product_cat":[48],"product_tag":[],"class_list":{"0":"post-11124","1":"product","2":"type-product","3":"status-publish","4":"has-post-thumbnail","6":"product_cat-themes","8":"first","9":"instock","10":"sale","11":"downloadable","12":"shipping-taxable","13":"purchasable","14":"product-type-simple"},"acf":[],"yoast_head":"<!-- This site is optimized with the Yoast SEO Premium plugin v25.6 (Yoast SEO v27.1.1) - https:\/\/yoast.com\/product\/yoast-seo-premium-wordpress\/ -->\n<title>Bridge Creative Multipurpose Theme - AllWin Theme \u2013 Free WordPress Themes Download<\/title>\n<meta name=\"description\" content=\"Bridge: a versatile WordPress theme with 600+ demos. Build stunning sites with customizable layouts, animations, and seamless integrations.\" \/>\n<meta name=\"robots\" content=\"index, follow, max-snippet:-1, max-image-preview:large, max-video-preview:-1\" \/>\n<link rel=\"canonical\" href=\"https:\/\/allwintheme.com\/es\/producto\/bridge-tema-creativo-multiuso\/\" \/>\n<meta property=\"og:locale\" content=\"es_ES\" \/>\n<meta property=\"og:type\" content=\"article\" \/>\n<meta property=\"og:title\" content=\"Bridge Creative Multipurpose Theme\" \/>\n<meta property=\"og:description\" content=\"Bridge: a versatile WordPress theme with 600+ demos. Build stunning sites with customizable layouts, animations, and seamless integrations.\" \/>\n<meta property=\"og:url\" content=\"https:\/\/allwintheme.com\/es\/producto\/bridge-tema-creativo-multiuso\/\" \/>\n<meta property=\"og:site_name\" content=\"AllWin Theme \u2013 Free WordPress Themes Download\" \/>\n<meta property=\"article:modified_time\" content=\"2025-10-22T01:54:06+00:00\" \/>\n<meta property=\"og:image\" content=\"https:\/\/allwintheme.com\/wp-content\/uploads\/2025\/10\/otd3s7pn.png\" \/>\n\t<meta property=\"og:image:width\" content=\"590\" \/>\n\t<meta property=\"og:image:height\" content=\"300\" \/>\n\t<meta property=\"og:image:type\" content=\"image\/png\" \/>\n<meta name=\"twitter:card\" content=\"summary_large_image\" \/>\n<meta name=\"twitter:label1\" content=\"Tiempo estimado de lectura\" \/>\n\t<meta name=\"twitter:data1\" content=\"2 minutos\" \/>\n<script type=\"application\/ld+json\" class=\"yoast-schema-graph\">{\"@context\":\"https:\/\/schema.org\",\"@graph\":[{\"@type\":\"WebPage\",\"@id\":\"https:\/\/allwintheme.com\/product\/bridge-creative-multipurpose-theme\/\",\"url\":\"https:\/\/allwintheme.com\/product\/bridge-creative-multipurpose-theme\/\",\"name\":\"Bridge Creative Multipurpose Theme - AllWin Theme \u2013 Free WordPress Themes Download\",\"isPartOf\":{\"@id\":\"https:\/\/allwintheme.com\/#website\"},\"primaryImageOfPage\":{\"@id\":\"https:\/\/allwintheme.com\/product\/bridge-creative-multipurpose-theme\/#primaryimage\"},\"image\":{\"@id\":\"https:\/\/allwintheme.com\/product\/bridge-creative-multipurpose-theme\/#primaryimage\"},\"thumbnailUrl\":\"https:\/\/allwintheme.com\/wp-content\/uploads\/2025\/10\/otd3s7pn.png\",\"datePublished\":\"2025-10-22T01:42:38+00:00\",\"dateModified\":\"2025-10-22T01:54:06+00:00\",\"description\":\"Bridge: a versatile WordPress theme with 600+ demos. Build stunning sites with customizable layouts, animations, and seamless integrations.\",\"breadcrumb\":{\"@id\":\"https:\/\/allwintheme.com\/product\/bridge-creative-multipurpose-theme\/#breadcrumb\"},\"inLanguage\":\"es-CL\",\"potentialAction\":[{\"@type\":\"ReadAction\",\"target\":[\"https:\/\/allwintheme.com\/product\/bridge-creative-multipurpose-theme\/\"]}]},{\"@type\":\"ImageObject\",\"inLanguage\":\"es-CL\",\"@id\":\"https:\/\/allwintheme.com\/product\/bridge-creative-multipurpose-theme\/#primaryimage\",\"url\":\"https:\/\/allwintheme.com\/wp-content\/uploads\/2025\/10\/otd3s7pn.png\",\"contentUrl\":\"https:\/\/allwintheme.com\/wp-content\/uploads\/2025\/10\/otd3s7pn.png\",\"width\":590,\"height\":300,\"caption\":\"Bridge Creative Multipurpose Theme\"},{\"@type\":\"BreadcrumbList\",\"@id\":\"https:\/\/allwintheme.com\/product\/bridge-creative-multipurpose-theme\/#breadcrumb\",\"itemListElement\":[{\"@type\":\"ListItem\",\"position\":1,\"name\":\"Home\",\"item\":\"https:\/\/allwintheme.com\/\"},{\"@type\":\"ListItem\",\"position\":2,\"name\":\"Shop\",\"item\":\"https:\/\/allwintheme.com\/shop\/\"},{\"@type\":\"ListItem\",\"position\":3,\"name\":\"Bridge Creative Multipurpose Theme\"}]},{\"@type\":\"WebSite\",\"@id\":\"https:\/\/allwintheme.com\/#website\",\"url\":\"https:\/\/allwintheme.com\/\",\"name\":\"Allwintheme\",\"description\":\"Download free WordPress themes for every niche. Blogs, business, eCommerce, portfolio, restaurant and more. All themes are GPL licensed and mobile-ready.\",\"potentialAction\":[{\"@type\":\"SearchAction\",\"target\":{\"@type\":\"EntryPoint\",\"urlTemplate\":\"https:\/\/allwintheme.com\/?s={search_term_string}\"},\"query-input\":{\"@type\":\"PropertyValueSpecification\",\"valueRequired\":true,\"valueName\":\"search_term_string\"}}],\"inLanguage\":\"es-CL\"}]}<\/script>\n<!-- \/ Yoast SEO Premium plugin. -->","yoast_head_json":{"title":"Bridge Creative Multipurpose Theme - AllWin Theme \u2013 Free WordPress Themes Download","description":"Bridge: un tema de WordPress vers\u00e1til con m\u00e1s de 600 demos. Crea sitios impresionantes con dise\u00f1os personalizables, animaciones e integraciones perfectas.","robots":{"index":"index","follow":"follow","max-snippet":"max-snippet:-1","max-image-preview":"max-image-preview:large","max-video-preview":"max-video-preview:-1"},"canonical":"https:\/\/allwintheme.com\/es\/producto\/bridge-tema-creativo-multiuso\/","og_locale":"es_ES","og_type":"article","og_title":"Bridge Creative Multipurpose Theme","og_description":"Bridge: a versatile WordPress theme with 600+ demos. Build stunning sites with customizable layouts, animations, and seamless integrations.","og_url":"https:\/\/allwintheme.com\/es\/producto\/bridge-tema-creativo-multiuso\/","og_site_name":"AllWin Theme \u2013 Free WordPress Themes Download","article_modified_time":"2025-10-22T01:54:06+00:00","og_image":[{"width":590,"height":300,"url":"https:\/\/allwintheme.com\/wp-content\/uploads\/2025\/10\/otd3s7pn.png","type":"image\/png"}],"twitter_card":"summary_large_image","twitter_misc":{"Tiempo estimado de lectura":"2 minutos"},"schema":{"@context":"https:\/\/schema.org","@graph":[{"@type":"WebPage","@id":"https:\/\/allwintheme.com\/product\/bridge-creative-multipurpose-theme\/","url":"https:\/\/allwintheme.com\/product\/bridge-creative-multipurpose-theme\/","name":"Bridge Creative Multipurpose Theme - AllWin Theme \u2013 Free WordPress Themes Download","isPartOf":{"@id":"https:\/\/allwintheme.com\/#website"},"primaryImageOfPage":{"@id":"https:\/\/allwintheme.com\/product\/bridge-creative-multipurpose-theme\/#primaryimage"},"image":{"@id":"https:\/\/allwintheme.com\/product\/bridge-creative-multipurpose-theme\/#primaryimage"},"thumbnailUrl":"https:\/\/allwintheme.com\/wp-content\/uploads\/2025\/10\/otd3s7pn.png","datePublished":"2025-10-22T01:42:38+00:00","dateModified":"2025-10-22T01:54:06+00:00","description":"Bridge: un tema de WordPress vers\u00e1til con m\u00e1s de 600 demos. Crea sitios impresionantes con dise\u00f1os personalizables, animaciones e integraciones perfectas.","breadcrumb":{"@id":"https:\/\/allwintheme.com\/product\/bridge-creative-multipurpose-theme\/#breadcrumb"},"inLanguage":"es-CL","potentialAction":[{"@type":"ReadAction","target":["https:\/\/allwintheme.com\/product\/bridge-creative-multipurpose-theme\/"]}]},{"@type":"ImageObject","inLanguage":"es-CL","@id":"https:\/\/allwintheme.com\/product\/bridge-creative-multipurpose-theme\/#primaryimage","url":"https:\/\/allwintheme.com\/wp-content\/uploads\/2025\/10\/otd3s7pn.png","contentUrl":"https:\/\/allwintheme.com\/wp-content\/uploads\/2025\/10\/otd3s7pn.png","width":590,"height":300,"caption":"Bridge Creative Multipurpose Theme"},{"@type":"BreadcrumbList","@id":"https:\/\/allwintheme.com\/product\/bridge-creative-multipurpose-theme\/#breadcrumb","itemListElement":[{"@type":"ListItem","position":1,"name":"Home","item":"https:\/\/allwintheme.com\/"},{"@type":"ListItem","position":2,"name":"Shop","item":"https:\/\/allwintheme.com\/shop\/"},{"@type":"ListItem","position":3,"name":"Bridge Creative Multipurpose Theme"}]},{"@type":"WebSite","@id":"https:\/\/allwintheme.com\/#website","url":"https:\/\/allwintheme.com\/","name":"Allwintheme","description":"Descarga gratis temas de WordPress para todos los nichos. Blogs, negocios, comercio electr\u00f3nico, portafolio, restaurante y m\u00e1s. Todos los temas tienen licencia GPL y est\u00e1n preparados para dispositivos m\u00f3viles.","potentialAction":[{"@type":"SearchAction","target":{"@type":"EntryPoint","urlTemplate":"https:\/\/allwintheme.com\/?s={search_term_string}"},"query-input":{"@type":"PropertyValueSpecification","valueRequired":true,"valueName":"search_term_string"}}],"inLanguage":"es-CL"}]}},"_links":{"self":[{"href":"https:\/\/allwintheme.com\/es\/wp-json\/wp\/v2\/product\/11124","targetHints":{"allow":["GET"]}}],"collection":[{"href":"https:\/\/allwintheme.com\/es\/wp-json\/wp\/v2\/product"}],"about":[{"href":"https:\/\/allwintheme.com\/es\/wp-json\/wp\/v2\/types\/product"}],"replies":[{"embeddable":true,"href":"https:\/\/allwintheme.com\/es\/wp-json\/wp\/v2\/comments?post=11124"}],"version-history":[{"count":5,"href":"https:\/\/allwintheme.com\/es\/wp-json\/wp\/v2\/product\/11124\/revisions"}],"predecessor-version":[{"id":11130,"href":"https:\/\/allwintheme.com\/es\/wp-json\/wp\/v2\/product\/11124\/revisions\/11130"}],"wp:featuredmedia":[{"embeddable":true,"href":"https:\/\/allwintheme.com\/es\/wp-json\/wp\/v2\/media\/11078"}],"wp:attachment":[{"href":"https:\/\/allwintheme.com\/es\/wp-json\/wp\/v2\/media?parent=11124"}],"wp:term":[{"taxonomy":"product_brand","embeddable":true,"href":"https:\/\/allwintheme.com\/es\/wp-json\/wp\/v2\/product_brand?post=11124"},{"taxonomy":"product_cat","embeddable":true,"href":"https:\/\/allwintheme.com\/es\/wp-json\/wp\/v2\/product_cat?post=11124"},{"taxonomy":"product_tag","embeddable":true,"href":"https:\/\/allwintheme.com\/es\/wp-json\/wp\/v2\/product_tag?post=11124"}],"curies":[{"name":"wp","href":"https:\/\/api.w.org\/{rel}","templated":true}]}}