{"id":11131,"date":"2025-10-22T01:55:02","date_gmt":"2025-10-22T01:55:02","guid":{"rendered":"https:\/\/allwintheme.com\/?post_type=product&#038;p=11131"},"modified":"2025-10-22T02:05:38","modified_gmt":"2025-10-22T02:05:38","slug":"demos-oceanwp-pro","status":"publish","type":"product","link":"https:\/\/allwintheme.com\/es\/producto\/demos-oceanwp-pro\/","title":{"rendered":"demos oceanwp pro"},"content":{"rendered":"<div data-elementor-type=\"wp-post\" data-elementor-id=\"11131\" class=\"elementor elementor-11131\" data-elementor-settings=\"{&quot;element_pack_global_tooltip_width&quot;:{&quot;unit&quot;:&quot;px&quot;,&quot;size&quot;:&quot;&quot;,&quot;sizes&quot;:[]},&quot;element_pack_global_tooltip_width_tablet&quot;:{&quot;unit&quot;:&quot;px&quot;,&quot;size&quot;:&quot;&quot;,&quot;sizes&quot;:[]},&quot;element_pack_global_tooltip_width_mobile&quot;:{&quot;unit&quot;:&quot;px&quot;,&quot;size&quot;:&quot;&quot;,&quot;sizes&quot;:[]},&quot;element_pack_global_tooltip_padding&quot;:{&quot;unit&quot;:&quot;px&quot;,&quot;top&quot;:&quot;&quot;,&quot;right&quot;:&quot;&quot;,&quot;bottom&quot;:&quot;&quot;,&quot;left&quot;:&quot;&quot;,&quot;isLinked&quot;:true},&quot;element_pack_global_tooltip_padding_tablet&quot;:{&quot;unit&quot;:&quot;px&quot;,&quot;top&quot;:&quot;&quot;,&quot;right&quot;:&quot;&quot;,&quot;bottom&quot;:&quot;&quot;,&quot;left&quot;:&quot;&quot;,&quot;isLinked&quot;:true},&quot;element_pack_global_tooltip_padding_mobile&quot;:{&quot;unit&quot;:&quot;px&quot;,&quot;top&quot;:&quot;&quot;,&quot;right&quot;:&quot;&quot;,&quot;bottom&quot;:&quot;&quot;,&quot;left&quot;:&quot;&quot;,&quot;isLinked&quot;:true},&quot;element_pack_global_tooltip_border_radius&quot;:{&quot;unit&quot;:&quot;px&quot;,&quot;top&quot;:&quot;&quot;,&quot;right&quot;:&quot;&quot;,&quot;bottom&quot;:&quot;&quot;,&quot;left&quot;:&quot;&quot;,&quot;isLinked&quot;:true},&quot;element_pack_global_tooltip_border_radius_tablet&quot;:{&quot;unit&quot;:&quot;px&quot;,&quot;top&quot;:&quot;&quot;,&quot;right&quot;:&quot;&quot;,&quot;bottom&quot;:&quot;&quot;,&quot;left&quot;:&quot;&quot;,&quot;isLinked&quot;:true},&quot;element_pack_global_tooltip_border_radius_mobile&quot;:{&quot;unit&quot;:&quot;px&quot;,&quot;top&quot;:&quot;&quot;,&quot;right&quot;:&quot;&quot;,&quot;bottom&quot;:&quot;&quot;,&quot;left&quot;:&quot;&quot;,&quot;isLinked&quot;:true}}\" data-elementor-post-type=\"product\">\n\t\t\t\t<div class=\"elementor-element elementor-element-93aa4a8 e-con-full e-flex e-con e-parent\" data-id=\"93aa4a8\" data-element_type=\"container\" data-e-type=\"container\">\n\t\t\t\t<div class=\"elementor-element elementor-element-2c3f760 miaoshu elementor-widget elementor-widget-wd_text_block\" data-id=\"2c3f760\" data-element_type=\"widget\" data-e-type=\"widget\" data-widget_type=\"wd_text_block.default\">\n\t\t\t\t<div class=\"elementor-widget-container\">\n\t\t\t\t\t\t\t<div class=\"wd-text-block reset-last-child text-left\">\n\t\t\t\n\t\t\t<h2>OceanWP Pro Demos: Lance sitios profesionales en minutos<\/h2>\n<p>En <strong>Demostraciones de OceanWP Pro<\/strong> revoluciona la forma de crear sitios web con el tema OceanWP. Por ejemplo, puede importar plantillas bellamente dise\u00f1adas con un solo clic, completas con widgets, configuraci\u00f3n del personalizador y contenido. En consecuencia, esto le ahorra innumerables horas en el dise\u00f1o, lo que le permite centrarse en la personalizaci\u00f3n de su sitio a la perfecci\u00f3n.<\/p>\n\n<h3>Importaciones sin esfuerzo con un solo clic<\/h3>\n<p>Con OceanWP Pro Demos, obtendr\u00e1 acceso instant\u00e1neo a una amplia biblioteca de plantillas premium adaptadas a diversos sectores. Adem\u00e1s, el plugin se integra a la perfecci\u00f3n con su configuraci\u00f3n OceanWP, por lo que puede importar todo, desde dise\u00f1os hasta p\u00e1ginas predise\u00f1adas, sin ning\u00fan problema de codificaci\u00f3n. Como resultado, incluso los principiantes pueden crear sitios de aspecto profesional de forma r\u00e1pida y eficaz.<\/p>\n\n<h3>\u00bfPor qu\u00e9 elegir OceanWP Pro Demos?<\/h3>\n<ul>\n    <li><strong>Diversa biblioteca de plantillas:<\/strong> Seleccione entre las demos que cubren negocios, comercio electr\u00f3nico, portfolios, blogs, restaurantes, moda y mucho m\u00e1s para que se adapten perfectamente a su nicho.<\/li>\n    <li><strong>Ahorro de tiempo:<\/strong> Las importaciones con un solo clic gestionan el contenido, la configuraci\u00f3n y los widgets, lo que acelera enormemente el flujo de trabajo.<\/li>\n    <li><strong>Personalizaci\u00f3n total:<\/strong> Modifique f\u00e1cilmente los dise\u00f1os, las disposiciones y los elementos para alinearlos con su marca despu\u00e9s de importarlos.<\/li>\n    <li><strong>Responsive y optimizado para SEO:<\/strong> Todas las demos funcionan a la perfecci\u00f3n en dispositivos m\u00f3viles y siguen las mejores pr\u00e1cticas SEO para una mejor visibilidad.<\/li>\n    <li><strong>Core Extensions Bundle Access:<\/strong> Desbloquea todas las demos pro descargando el plugin desde tu cuenta OceanWP.<\/li>\n<\/ul>\n\n<h3>Agilice el desarrollo de su sitio web<\/h3>\n<p>OceanWP Pro Demos le permite pasar de un lienzo en blanco a un sitio pulido en muy poco tiempo. Por ejemplo, elija una plantilla como la demo Coffee Shop para un ambiente acogedor o la demo Wedding para eventos elegantes, y luego personal\u00edcela sin esfuerzo. Por lo tanto, este plugin no s\u00f3lo acelera sus proyectos, sino que tambi\u00e9n garantiza resultados de alta calidad y visualmente impresionantes en todo momento.<\/p>\n\n<h3>Desbloquee las demos profesionales hoy mismo<\/h3>\n<p>Mejore su experiencia OceanWP con <strong>Demostraciones de OceanWP Pro<\/strong>. Instala el plugin ahora, explora la colecci\u00f3n y empieza a importar tu plantilla ideal. De este modo, construir\u00e1s m\u00e1s r\u00e1pido, dise\u00f1ar\u00e1s de forma m\u00e1s inteligente y crear\u00e1s sitios web que sorprender\u00e1n a tu p\u00fablico.\n\t\t\t\t\t<\/div>\n\t\t\t\t\t\t<\/div>\n\t\t\t\t<\/div>\n\t\t\t\t<\/div>\n\t\t<div class=\"wd-negative-gap elementor-element elementor-element-116794f e-flex e-con-boxed e-con e-parent\" data-id=\"116794f\" data-element_type=\"container\" data-e-type=\"container\">\n\t\t\t\t\t<div class=\"e-con-inner\">\n\t\t\t\t<div class=\"elementor-element elementor-element-03d2133 elementor-widget elementor-widget-wd_text_block\" data-id=\"03d2133\" data-element_type=\"widget\" data-e-type=\"widget\" data-widget_type=\"wd_text_block.default\">\n\t\t\t\t<div class=\"elementor-widget-container\">\n\t\t\t\t\t\t\t<div class=\"wd-text-block reset-last-child text-left\">\n\t\t\t\n\t\t\t<div class=\"elementor-element elementor-element-bb9e9c8 elementor-widget elementor-widget-heading\" data-id=\"bb9e9c8\" data-element_type=\"widget\" data-widget_type=\"heading.default\"><div class=\"elementor-widget-container\"><div id=\"title\" class=\"style-scope ytd-watch-metadata\"><h1 class=\"style-scope ytd-watch-metadata\">OceanWP Demo Import - Tutorial WordPress<\/h1><\/div><\/div><\/div>\n\t\t\t\t\t<\/div>\n\t\t\t\t\t\t<\/div>\n\t\t\t\t<\/div>\n\t\t\t\t\t<\/div>\n\t\t\t\t<\/div>\n\t\t<div class=\"wd-negative-gap elementor-element elementor-element-c25ccef e-flex e-con-boxed e-con e-parent\" data-id=\"c25ccef\" data-element_type=\"container\" data-e-type=\"container\">\n\t\t\t\t\t<div class=\"e-con-inner\">\n\t\t\t\t<div class=\"elementor-element elementor-element-956e52a elementor-widget elementor-widget-video\" data-id=\"956e52a\" data-element_type=\"widget\" data-e-type=\"widget\" data-settings=\"{&quot;youtube_url&quot;:&quot;https:\\\/\\\/youtu.be\\\/xI-Ax6h-Kio&quot;,&quot;video_type&quot;:&quot;youtube&quot;,&quot;controls&quot;:&quot;yes&quot;}\" data-widget_type=\"video.default\">\n\t\t\t\t\t\t\t<div class=\"elementor-wrapper elementor-open-inline\">\n\t\t\t<div class=\"elementor-video\"><\/div>\t\t<\/div>\n\t\t\t\t\t\t<\/div>\n\t\t\t\t\t<\/div>\n\t\t\t\t<\/div>\n\t\t\t\t<\/div>","protected":false},"excerpt":{"rendered":"<p>OceanWP Pro Demos: Lanzamiento de sitios profesionales en minutos El plugin OceanWP Pro Demos revoluciona la forma de construir sitios web con el<\/p>","protected":false},"featured_media":11077,"comment_status":"open","ping_status":"closed","template":"","meta":{"_acf_changed":false},"product_brand":[],"product_cat":[49],"product_tag":[],"class_list":{"0":"post-11131","1":"product","2":"type-product","3":"status-publish","4":"has-post-thumbnail","6":"product_cat-plugins","8":"first","9":"instock","10":"sale","11":"downloadable","12":"shipping-taxable","13":"purchasable","14":"product-type-simple"},"acf":[],"yoast_head":"<!-- This site is optimized with the Yoast SEO Premium plugin v25.6 (Yoast SEO v27.1.1) - https:\/\/yoast.com\/product\/yoast-seo-premium-wordpress\/ -->\n<title>oceanwp pro demos - AllWin Theme \u2013 Free WordPress Themes Download<\/title>\n<meta name=\"description\" content=\"Import stunning professional demos for OceanWP with one click. Access premium templates across niches like business, eCommerce, and more for quick site setup.\" \/>\n<meta name=\"robots\" content=\"index, follow, max-snippet:-1, max-image-preview:large, max-video-preview:-1\" \/>\n<link rel=\"canonical\" href=\"https:\/\/allwintheme.com\/es\/producto\/demos-oceanwp-pro\/\" \/>\n<meta property=\"og:locale\" content=\"es_ES\" \/>\n<meta property=\"og:type\" content=\"article\" \/>\n<meta property=\"og:title\" content=\"oceanwp pro demos\" \/>\n<meta property=\"og:description\" content=\"Import stunning professional demos for OceanWP with one click. Access premium templates across niches like business, eCommerce, and more for quick site setup.\" \/>\n<meta property=\"og:url\" content=\"https:\/\/allwintheme.com\/es\/producto\/demos-oceanwp-pro\/\" \/>\n<meta property=\"og:site_name\" content=\"AllWin Theme \u2013 Free WordPress Themes Download\" \/>\n<meta property=\"article:modified_time\" content=\"2025-10-22T02:05:38+00:00\" \/>\n<meta property=\"og:image\" content=\"https:\/\/allwintheme.com\/wp-content\/uploads\/2025\/10\/ycfoz2np.png\" \/>\n\t<meta property=\"og:image:width\" content=\"590\" \/>\n\t<meta property=\"og:image:height\" content=\"300\" \/>\n\t<meta property=\"og:image:type\" content=\"image\/png\" \/>\n<meta name=\"twitter:card\" content=\"summary_large_image\" \/>\n<meta name=\"twitter:label1\" content=\"Tiempo estimado de lectura\" \/>\n\t<meta name=\"twitter:data1\" content=\"2 minutos\" \/>\n<script type=\"application\/ld+json\" class=\"yoast-schema-graph\">{\"@context\":\"https:\/\/schema.org\",\"@graph\":[{\"@type\":\"WebPage\",\"@id\":\"https:\/\/allwintheme.com\/product\/oceanwp-pro-demos\/\",\"url\":\"https:\/\/allwintheme.com\/product\/oceanwp-pro-demos\/\",\"name\":\"oceanwp pro demos - AllWin Theme \u2013 Free WordPress Themes Download\",\"isPartOf\":{\"@id\":\"https:\/\/allwintheme.com\/#website\"},\"primaryImageOfPage\":{\"@id\":\"https:\/\/allwintheme.com\/product\/oceanwp-pro-demos\/#primaryimage\"},\"image\":{\"@id\":\"https:\/\/allwintheme.com\/product\/oceanwp-pro-demos\/#primaryimage\"},\"thumbnailUrl\":\"https:\/\/allwintheme.com\/wp-content\/uploads\/2025\/10\/ycfoz2np.png\",\"datePublished\":\"2025-10-22T01:55:02+00:00\",\"dateModified\":\"2025-10-22T02:05:38+00:00\",\"description\":\"Import stunning professional demos for OceanWP with one click. Access premium templates across niches like business, eCommerce, and more for quick site setup.\",\"breadcrumb\":{\"@id\":\"https:\/\/allwintheme.com\/product\/oceanwp-pro-demos\/#breadcrumb\"},\"inLanguage\":\"es-CL\",\"potentialAction\":[{\"@type\":\"ReadAction\",\"target\":[\"https:\/\/allwintheme.com\/product\/oceanwp-pro-demos\/\"]}]},{\"@type\":\"ImageObject\",\"inLanguage\":\"es-CL\",\"@id\":\"https:\/\/allwintheme.com\/product\/oceanwp-pro-demos\/#primaryimage\",\"url\":\"https:\/\/allwintheme.com\/wp-content\/uploads\/2025\/10\/ycfoz2np.png\",\"contentUrl\":\"https:\/\/allwintheme.com\/wp-content\/uploads\/2025\/10\/ycfoz2np.png\",\"width\":590,\"height\":300,\"caption\":\"oceanwp pro demos\"},{\"@type\":\"BreadcrumbList\",\"@id\":\"https:\/\/allwintheme.com\/product\/oceanwp-pro-demos\/#breadcrumb\",\"itemListElement\":[{\"@type\":\"ListItem\",\"position\":1,\"name\":\"Home\",\"item\":\"https:\/\/allwintheme.com\/\"},{\"@type\":\"ListItem\",\"position\":2,\"name\":\"Shop\",\"item\":\"https:\/\/allwintheme.com\/shop\/\"},{\"@type\":\"ListItem\",\"position\":3,\"name\":\"oceanwp pro demos\"}]},{\"@type\":\"WebSite\",\"@id\":\"https:\/\/allwintheme.com\/#website\",\"url\":\"https:\/\/allwintheme.com\/\",\"name\":\"Allwintheme\",\"description\":\"Download free WordPress themes for every niche. Blogs, business, eCommerce, portfolio, restaurant and more. All themes are GPL licensed and mobile-ready.\",\"potentialAction\":[{\"@type\":\"SearchAction\",\"target\":{\"@type\":\"EntryPoint\",\"urlTemplate\":\"https:\/\/allwintheme.com\/?s={search_term_string}\"},\"query-input\":{\"@type\":\"PropertyValueSpecification\",\"valueRequired\":true,\"valueName\":\"search_term_string\"}}],\"inLanguage\":\"es-CL\"}]}<\/script>\n<!-- \/ Yoast SEO Premium plugin. -->","yoast_head_json":{"title":"oceanwp pro demos - AllWin Theme - Free WordPress Themes Download","description":"Importe impresionantes demos profesionales para OceanWP con un solo clic. Accede a plantillas premium de nichos como negocios, comercio electr\u00f3nico y m\u00e1s para una configuraci\u00f3n r\u00e1pida del sitio.","robots":{"index":"index","follow":"follow","max-snippet":"max-snippet:-1","max-image-preview":"max-image-preview:large","max-video-preview":"max-video-preview:-1"},"canonical":"https:\/\/allwintheme.com\/es\/producto\/demos-oceanwp-pro\/","og_locale":"es_ES","og_type":"article","og_title":"oceanwp pro demos","og_description":"Import stunning professional demos for OceanWP with one click. Access premium templates across niches like business, eCommerce, and more for quick site setup.","og_url":"https:\/\/allwintheme.com\/es\/producto\/demos-oceanwp-pro\/","og_site_name":"AllWin Theme \u2013 Free WordPress Themes Download","article_modified_time":"2025-10-22T02:05:38+00:00","og_image":[{"width":590,"height":300,"url":"https:\/\/allwintheme.com\/wp-content\/uploads\/2025\/10\/ycfoz2np.png","type":"image\/png"}],"twitter_card":"summary_large_image","twitter_misc":{"Tiempo estimado de lectura":"2 minutos"},"schema":{"@context":"https:\/\/schema.org","@graph":[{"@type":"WebPage","@id":"https:\/\/allwintheme.com\/product\/oceanwp-pro-demos\/","url":"https:\/\/allwintheme.com\/product\/oceanwp-pro-demos\/","name":"oceanwp pro demos - AllWin Theme - Free WordPress Themes Download","isPartOf":{"@id":"https:\/\/allwintheme.com\/#website"},"primaryImageOfPage":{"@id":"https:\/\/allwintheme.com\/product\/oceanwp-pro-demos\/#primaryimage"},"image":{"@id":"https:\/\/allwintheme.com\/product\/oceanwp-pro-demos\/#primaryimage"},"thumbnailUrl":"https:\/\/allwintheme.com\/wp-content\/uploads\/2025\/10\/ycfoz2np.png","datePublished":"2025-10-22T01:55:02+00:00","dateModified":"2025-10-22T02:05:38+00:00","description":"Importe impresionantes demos profesionales para OceanWP con un solo clic. Accede a plantillas premium de nichos como negocios, comercio electr\u00f3nico y m\u00e1s para una configuraci\u00f3n r\u00e1pida del sitio.","breadcrumb":{"@id":"https:\/\/allwintheme.com\/product\/oceanwp-pro-demos\/#breadcrumb"},"inLanguage":"es-CL","potentialAction":[{"@type":"ReadAction","target":["https:\/\/allwintheme.com\/product\/oceanwp-pro-demos\/"]}]},{"@type":"ImageObject","inLanguage":"es-CL","@id":"https:\/\/allwintheme.com\/product\/oceanwp-pro-demos\/#primaryimage","url":"https:\/\/allwintheme.com\/wp-content\/uploads\/2025\/10\/ycfoz2np.png","contentUrl":"https:\/\/allwintheme.com\/wp-content\/uploads\/2025\/10\/ycfoz2np.png","width":590,"height":300,"caption":"oceanwp pro demos"},{"@type":"BreadcrumbList","@id":"https:\/\/allwintheme.com\/product\/oceanwp-pro-demos\/#breadcrumb","itemListElement":[{"@type":"ListItem","position":1,"name":"Home","item":"https:\/\/allwintheme.com\/"},{"@type":"ListItem","position":2,"name":"Shop","item":"https:\/\/allwintheme.com\/shop\/"},{"@type":"ListItem","position":3,"name":"oceanwp pro demos"}]},{"@type":"WebSite","@id":"https:\/\/allwintheme.com\/#website","url":"https:\/\/allwintheme.com\/","name":"Allwintheme","description":"Descarga gratis temas de WordPress para todos los nichos. Blogs, negocios, comercio electr\u00f3nico, portafolio, restaurante y m\u00e1s. Todos los temas tienen licencia GPL y est\u00e1n preparados para dispositivos m\u00f3viles.","potentialAction":[{"@type":"SearchAction","target":{"@type":"EntryPoint","urlTemplate":"https:\/\/allwintheme.com\/?s={search_term_string}"},"query-input":{"@type":"PropertyValueSpecification","valueRequired":true,"valueName":"search_term_string"}}],"inLanguage":"es-CL"}]}},"_links":{"self":[{"href":"https:\/\/allwintheme.com\/es\/wp-json\/wp\/v2\/product\/11131","targetHints":{"allow":["GET"]}}],"collection":[{"href":"https:\/\/allwintheme.com\/es\/wp-json\/wp\/v2\/product"}],"about":[{"href":"https:\/\/allwintheme.com\/es\/wp-json\/wp\/v2\/types\/product"}],"replies":[{"embeddable":true,"href":"https:\/\/allwintheme.com\/es\/wp-json\/wp\/v2\/comments?post=11131"}],"version-history":[{"count":5,"href":"https:\/\/allwintheme.com\/es\/wp-json\/wp\/v2\/product\/11131\/revisions"}],"predecessor-version":[{"id":11136,"href":"https:\/\/allwintheme.com\/es\/wp-json\/wp\/v2\/product\/11131\/revisions\/11136"}],"wp:featuredmedia":[{"embeddable":true,"href":"https:\/\/allwintheme.com\/es\/wp-json\/wp\/v2\/media\/11077"}],"wp:attachment":[{"href":"https:\/\/allwintheme.com\/es\/wp-json\/wp\/v2\/media?parent=11131"}],"wp:term":[{"taxonomy":"product_brand","embeddable":true,"href":"https:\/\/allwintheme.com\/es\/wp-json\/wp\/v2\/product_brand?post=11131"},{"taxonomy":"product_cat","embeddable":true,"href":"https:\/\/allwintheme.com\/es\/wp-json\/wp\/v2\/product_cat?post=11131"},{"taxonomy":"product_tag","embeddable":true,"href":"https:\/\/allwintheme.com\/es\/wp-json\/wp\/v2\/product_tag?post=11131"}],"curies":[{"name":"wp","href":"https:\/\/api.w.org\/{rel}","templated":true}]}}