{"id":11138,"date":"2025-10-22T02:08:18","date_gmt":"2025-10-22T02:08:18","guid":{"rendered":"https:\/\/allwintheme.com\/?post_type=product&#038;p=11138"},"modified":"2025-10-22T02:17:37","modified_gmt":"2025-10-22T02:17:37","slug":"enfold-tema-responsive-multiproposito","status":"publish","type":"product","link":"https:\/\/allwintheme.com\/es\/producto\/enfold-tema-responsive-multiproposito\/","title":{"rendered":"Enfold - Tema polivalente con capacidad de respuesta"},"content":{"rendered":"<div data-elementor-type=\"wp-post\" data-elementor-id=\"11138\" class=\"elementor elementor-11138\" data-elementor-settings=\"{&quot;element_pack_global_tooltip_width&quot;:{&quot;unit&quot;:&quot;px&quot;,&quot;size&quot;:&quot;&quot;,&quot;sizes&quot;:[]},&quot;element_pack_global_tooltip_width_tablet&quot;:{&quot;unit&quot;:&quot;px&quot;,&quot;size&quot;:&quot;&quot;,&quot;sizes&quot;:[]},&quot;element_pack_global_tooltip_width_mobile&quot;:{&quot;unit&quot;:&quot;px&quot;,&quot;size&quot;:&quot;&quot;,&quot;sizes&quot;:[]},&quot;element_pack_global_tooltip_padding&quot;:{&quot;unit&quot;:&quot;px&quot;,&quot;top&quot;:&quot;&quot;,&quot;right&quot;:&quot;&quot;,&quot;bottom&quot;:&quot;&quot;,&quot;left&quot;:&quot;&quot;,&quot;isLinked&quot;:true},&quot;element_pack_global_tooltip_padding_tablet&quot;:{&quot;unit&quot;:&quot;px&quot;,&quot;top&quot;:&quot;&quot;,&quot;right&quot;:&quot;&quot;,&quot;bottom&quot;:&quot;&quot;,&quot;left&quot;:&quot;&quot;,&quot;isLinked&quot;:true},&quot;element_pack_global_tooltip_padding_mobile&quot;:{&quot;unit&quot;:&quot;px&quot;,&quot;top&quot;:&quot;&quot;,&quot;right&quot;:&quot;&quot;,&quot;bottom&quot;:&quot;&quot;,&quot;left&quot;:&quot;&quot;,&quot;isLinked&quot;:true},&quot;element_pack_global_tooltip_border_radius&quot;:{&quot;unit&quot;:&quot;px&quot;,&quot;top&quot;:&quot;&quot;,&quot;right&quot;:&quot;&quot;,&quot;bottom&quot;:&quot;&quot;,&quot;left&quot;:&quot;&quot;,&quot;isLinked&quot;:true},&quot;element_pack_global_tooltip_border_radius_tablet&quot;:{&quot;unit&quot;:&quot;px&quot;,&quot;top&quot;:&quot;&quot;,&quot;right&quot;:&quot;&quot;,&quot;bottom&quot;:&quot;&quot;,&quot;left&quot;:&quot;&quot;,&quot;isLinked&quot;:true},&quot;element_pack_global_tooltip_border_radius_mobile&quot;:{&quot;unit&quot;:&quot;px&quot;,&quot;top&quot;:&quot;&quot;,&quot;right&quot;:&quot;&quot;,&quot;bottom&quot;:&quot;&quot;,&quot;left&quot;:&quot;&quot;,&quot;isLinked&quot;:true}}\" data-elementor-post-type=\"product\">\n\t\t\t\t<div class=\"elementor-element elementor-element-93aa4a8 e-con-full e-flex e-con e-parent\" data-id=\"93aa4a8\" data-element_type=\"container\" data-e-type=\"container\">\n\t\t\t\t<div class=\"elementor-element elementor-element-2c3f760 miaoshu elementor-widget elementor-widget-wd_text_block\" data-id=\"2c3f760\" data-element_type=\"widget\" data-e-type=\"widget\" data-widget_type=\"wd_text_block.default\">\n\t\t\t\t<div class=\"elementor-widget-container\">\n\t\t\t\t\t\t\t<div class=\"wd-text-block reset-last-child text-left\">\n\t\t\t\n\t\t\t<h2>Enfold: su tema de WordPress multiuso con capacidad de respuesta<\/h2>\n<p><strong>Enfold<\/strong> ofrece un tema de WordPress potente, flexible y f\u00e1cil de usar para crear sitios web impresionantes. Por ejemplo, empresas, aut\u00f3nomos y creativos utilizan Enfold para crear sitios web profesionales y adaptados a dispositivos m\u00f3viles sin necesidad de conocimientos de programaci\u00f3n. En consecuencia, su dise\u00f1o adaptativo garantiza un rendimiento perfecto en ordenadores de sobremesa, tabletas y smartphones.<\/p>\n\n<h3>Cree con facilidad y flexibilidad<\/h3>\n<p>Enfold le permite crear sitios web \u00fanicos sin esfuerzo. Con su intuitivo constructor de arrastrar y soltar, puedes personalizar dise\u00f1os, a\u00f1adir elementos y retocar dise\u00f1os en tiempo real. Adem\u00e1s, el tema ofrece plantillas predise\u00f1adas y un s\u00f3lido panel de opciones, para que puedas adaptar r\u00e1pidamente tu sitio a la visi\u00f3n de tu marca.<\/p>\n\n<h3>\u00bfPor qu\u00e9 elegir Enfold?<\/h3>\n<ul>\n    <li><strong>Dise\u00f1o receptivo:<\/strong> Su sitio tendr\u00e1 un aspecto impecable en cualquier dispositivo, lo que garantiza una gran experiencia de usuario.<\/li>\n    <li><strong>Constructor de arrastrar y soltar:<\/strong> Las p\u00e1ginas se dise\u00f1an visualmente, reorganizando los elementos con facilidad.<\/li>\n    <li><strong>Demostraciones preconstruidas:<\/strong> Importe impresionantes plantillas para poner en marcha su sitio en cuesti\u00f3n de minutos.<\/li>\n    <li><strong>Amplia personalizaci\u00f3n:<\/strong> Ajuste los colores, las fuentes y los dise\u00f1os mediante un panel de opciones f\u00e1cil de usar.<\/li>\n    <li><strong>Preparado para WooCommerce:<\/strong> Cree tiendas en l\u00ednea totalmente funcionales con una integraci\u00f3n perfecta.<\/li>\n<\/ul>\n\n<h3>Potencie el desarrollo de su sitio web<\/h3>\n<p>Enfold simplifica el proceso de creaci\u00f3n de sitios web al tiempo que ofrece funciones avanzadas. Por ejemplo, su compatibilidad con plugins populares como WPML y Yoast SEO mejora la funcionalidad de los sitios multiling\u00fces y la optimizaci\u00f3n de las b\u00fasquedas. Como resultado, se crean sitios web profesionales m\u00e1s r\u00e1pidamente, centr\u00e1ndose en la creatividad en lugar de en la complejidad t\u00e9cnica.<\/p>\n\n<h3>Empiece hoy mismo a construir con Enfold<\/h3>\n<p>Mejora tu experiencia WordPress con <strong>Enfold - Tema polivalente con capacidad de respuesta<\/strong>. Por lo tanto, inst\u00e1lelo ahora para desbloquear un sinf\u00edn de posibilidades de dise\u00f1o y ofrecer sitios web cautivadores y con capacidad de respuesta que atraigan a su p\u00fablico.<\/p>\n\t\t\t\t\t<\/div>\n\t\t\t\t\t\t<\/div>\n\t\t\t\t<\/div>\n\t\t\t\t<\/div>\n\t\t<div class=\"wd-negative-gap elementor-element elementor-element-116794f e-flex e-con-boxed e-con e-parent\" data-id=\"116794f\" data-element_type=\"container\" data-e-type=\"container\">\n\t\t\t\t\t<div class=\"e-con-inner\">\n\t\t\t\t<div class=\"elementor-element elementor-element-03d2133 elementor-widget elementor-widget-wd_text_block\" data-id=\"03d2133\" data-element_type=\"widget\" data-e-type=\"widget\" data-widget_type=\"wd_text_block.default\">\n\t\t\t\t<div class=\"elementor-widget-container\">\n\t\t\t\t\t\t\t<div class=\"wd-text-block reset-last-child text-left\">\n\t\t\t\n\t\t\t<div class=\"elementor-element elementor-element-bb9e9c8 elementor-widget elementor-widget-heading\" data-id=\"bb9e9c8\" data-element_type=\"widget\" data-widget_type=\"heading.default\"><div class=\"elementor-widget-container\"><div id=\"title\" class=\"style-scope ytd-watch-metadata\"><h1 class=\"elementor-heading-title elementor-size-default\">Enfold - Tema polivalente con capacidad de respuesta<\/h1><\/div><\/div><\/div>\n\t\t\t\t\t<\/div>\n\t\t\t\t\t\t<\/div>\n\t\t\t\t<\/div>\n\t\t\t\t\t<\/div>\n\t\t\t\t<\/div>\n\t\t<div class=\"wd-negative-gap elementor-element elementor-element-c25ccef e-flex e-con-boxed e-con e-parent\" data-id=\"c25ccef\" data-element_type=\"container\" data-e-type=\"container\">\n\t\t\t\t\t<div class=\"e-con-inner\">\n\t\t\t\t<div class=\"elementor-element elementor-element-956e52a elementor-widget elementor-widget-video\" data-id=\"956e52a\" data-element_type=\"widget\" data-e-type=\"widget\" data-settings=\"{&quot;youtube_url&quot;:&quot;https:\\\/\\\/youtu.be\\\/3eMCt19tA7s&quot;,&quot;video_type&quot;:&quot;youtube&quot;,&quot;controls&quot;:&quot;yes&quot;}\" data-widget_type=\"video.default\">\n\t\t\t\t\t\t\t<div class=\"elementor-wrapper elementor-open-inline\">\n\t\t\t<div class=\"elementor-video\"><\/div>\t\t<\/div>\n\t\t\t\t\t\t<\/div>\n\t\t\t\t\t<\/div>\n\t\t\t\t<\/div>\n\t\t\t\t<\/div>","protected":false},"excerpt":{"rendered":"<p>Enfold: Your Go-To Responsive Multi-Purpose WordPress Theme Enfold delivers a powerful, flexible, and user-friendly WordPress theme for creating stunning websites.<\/p>","protected":false},"featured_media":11076,"comment_status":"open","ping_status":"closed","template":"","meta":{"_acf_changed":false},"product_brand":[],"product_cat":[48],"product_tag":[],"class_list":{"0":"post-11138","1":"product","2":"type-product","3":"status-publish","4":"has-post-thumbnail","6":"product_cat-themes","8":"first","9":"instock","10":"sale","11":"downloadable","12":"shipping-taxable","13":"purchasable","14":"product-type-simple"},"acf":[],"yoast_head":"<!-- This site is optimized with the Yoast SEO Premium plugin v25.6 (Yoast SEO v27.1.1) - https:\/\/yoast.com\/product\/yoast-seo-premium-wordpress\/ -->\n<title>Enfold \u2013 Responsive Multi-Purpose Theme - AllWin Theme \u2013 Free WordPress Themes Download<\/title>\n<meta name=\"description\" content=\"Enfold is a versatile, responsive WordPress theme. Build stunning, mobile-friendly sites with easy customization and powerful features.\" \/>\n<meta name=\"robots\" content=\"index, follow, max-snippet:-1, max-image-preview:large, max-video-preview:-1\" \/>\n<link rel=\"canonical\" href=\"https:\/\/allwintheme.com\/es\/producto\/enfold-tema-responsive-multiproposito\/\" \/>\n<meta property=\"og:locale\" content=\"es_ES\" \/>\n<meta property=\"og:type\" content=\"article\" \/>\n<meta property=\"og:title\" content=\"Enfold \u2013 Responsive Multi-Purpose Theme\" \/>\n<meta property=\"og:description\" content=\"Enfold is a versatile, responsive WordPress theme. Build stunning, mobile-friendly sites with easy customization and powerful features.\" \/>\n<meta property=\"og:url\" content=\"https:\/\/allwintheme.com\/es\/producto\/enfold-tema-responsive-multiproposito\/\" \/>\n<meta property=\"og:site_name\" content=\"AllWin Theme \u2013 Free WordPress Themes Download\" \/>\n<meta property=\"article:modified_time\" content=\"2025-10-22T02:17:37+00:00\" \/>\n<meta property=\"og:image\" content=\"https:\/\/allwintheme.com\/wp-content\/uploads\/2025\/10\/053jxf88.png\" \/>\n\t<meta property=\"og:image:width\" content=\"590\" \/>\n\t<meta property=\"og:image:height\" content=\"300\" \/>\n\t<meta property=\"og:image:type\" content=\"image\/png\" \/>\n<meta name=\"twitter:card\" content=\"summary_large_image\" \/>\n<meta name=\"twitter:label1\" content=\"Tiempo estimado de lectura\" \/>\n\t<meta name=\"twitter:data1\" content=\"2 minutos\" \/>\n<script type=\"application\/ld+json\" class=\"yoast-schema-graph\">{\"@context\":\"https:\/\/schema.org\",\"@graph\":[{\"@type\":\"WebPage\",\"@id\":\"https:\/\/allwintheme.com\/product\/enfold-responsive-multi-purpose-theme\/\",\"url\":\"https:\/\/allwintheme.com\/product\/enfold-responsive-multi-purpose-theme\/\",\"name\":\"Enfold \u2013 Responsive Multi-Purpose Theme - AllWin Theme \u2013 Free WordPress Themes Download\",\"isPartOf\":{\"@id\":\"https:\/\/allwintheme.com\/#website\"},\"primaryImageOfPage\":{\"@id\":\"https:\/\/allwintheme.com\/product\/enfold-responsive-multi-purpose-theme\/#primaryimage\"},\"image\":{\"@id\":\"https:\/\/allwintheme.com\/product\/enfold-responsive-multi-purpose-theme\/#primaryimage\"},\"thumbnailUrl\":\"https:\/\/allwintheme.com\/wp-content\/uploads\/2025\/10\/053jxf88.png\",\"datePublished\":\"2025-10-22T02:08:18+00:00\",\"dateModified\":\"2025-10-22T02:17:37+00:00\",\"description\":\"Enfold is a versatile, responsive WordPress theme. Build stunning, mobile-friendly sites with easy customization and powerful features.\",\"breadcrumb\":{\"@id\":\"https:\/\/allwintheme.com\/product\/enfold-responsive-multi-purpose-theme\/#breadcrumb\"},\"inLanguage\":\"es-CL\",\"potentialAction\":[{\"@type\":\"ReadAction\",\"target\":[\"https:\/\/allwintheme.com\/product\/enfold-responsive-multi-purpose-theme\/\"]}]},{\"@type\":\"ImageObject\",\"inLanguage\":\"es-CL\",\"@id\":\"https:\/\/allwintheme.com\/product\/enfold-responsive-multi-purpose-theme\/#primaryimage\",\"url\":\"https:\/\/allwintheme.com\/wp-content\/uploads\/2025\/10\/053jxf88.png\",\"contentUrl\":\"https:\/\/allwintheme.com\/wp-content\/uploads\/2025\/10\/053jxf88.png\",\"width\":590,\"height\":300,\"caption\":\"Enfold \u2013 Responsive Multi-Purpose Theme\"},{\"@type\":\"BreadcrumbList\",\"@id\":\"https:\/\/allwintheme.com\/product\/enfold-responsive-multi-purpose-theme\/#breadcrumb\",\"itemListElement\":[{\"@type\":\"ListItem\",\"position\":1,\"name\":\"Home\",\"item\":\"https:\/\/allwintheme.com\/\"},{\"@type\":\"ListItem\",\"position\":2,\"name\":\"Shop\",\"item\":\"https:\/\/allwintheme.com\/shop\/\"},{\"@type\":\"ListItem\",\"position\":3,\"name\":\"Enfold \u2013 Responsive Multi-Purpose Theme\"}]},{\"@type\":\"WebSite\",\"@id\":\"https:\/\/allwintheme.com\/#website\",\"url\":\"https:\/\/allwintheme.com\/\",\"name\":\"Allwintheme\",\"description\":\"Download free WordPress themes for every niche. Blogs, business, eCommerce, portfolio, restaurant and more. All themes are GPL licensed and mobile-ready.\",\"potentialAction\":[{\"@type\":\"SearchAction\",\"target\":{\"@type\":\"EntryPoint\",\"urlTemplate\":\"https:\/\/allwintheme.com\/?s={search_term_string}\"},\"query-input\":{\"@type\":\"PropertyValueSpecification\",\"valueRequired\":true,\"valueName\":\"search_term_string\"}}],\"inLanguage\":\"es-CL\"}]}<\/script>\n<!-- \/ Yoast SEO Premium plugin. -->","yoast_head_json":{"title":"Enfold - Responsive Multi-Purpose Theme - AllWin Theme - Free WordPress Themes Download","description":"Enfold es un tema de WordPress vers\u00e1til y adaptable. Cree sitios impresionantes y adaptados a dispositivos m\u00f3viles con una personalizaci\u00f3n sencilla y potentes funciones.","robots":{"index":"index","follow":"follow","max-snippet":"max-snippet:-1","max-image-preview":"max-image-preview:large","max-video-preview":"max-video-preview:-1"},"canonical":"https:\/\/allwintheme.com\/es\/producto\/enfold-tema-responsive-multiproposito\/","og_locale":"es_ES","og_type":"article","og_title":"Enfold \u2013 Responsive Multi-Purpose Theme","og_description":"Enfold is a versatile, responsive WordPress theme. Build stunning, mobile-friendly sites with easy customization and powerful features.","og_url":"https:\/\/allwintheme.com\/es\/producto\/enfold-tema-responsive-multiproposito\/","og_site_name":"AllWin Theme \u2013 Free WordPress Themes Download","article_modified_time":"2025-10-22T02:17:37+00:00","og_image":[{"width":590,"height":300,"url":"https:\/\/allwintheme.com\/wp-content\/uploads\/2025\/10\/053jxf88.png","type":"image\/png"}],"twitter_card":"summary_large_image","twitter_misc":{"Tiempo estimado de lectura":"2 minutos"},"schema":{"@context":"https:\/\/schema.org","@graph":[{"@type":"WebPage","@id":"https:\/\/allwintheme.com\/product\/enfold-responsive-multi-purpose-theme\/","url":"https:\/\/allwintheme.com\/product\/enfold-responsive-multi-purpose-theme\/","name":"Enfold - Responsive Multi-Purpose Theme - AllWin Theme - Free WordPress Themes Download","isPartOf":{"@id":"https:\/\/allwintheme.com\/#website"},"primaryImageOfPage":{"@id":"https:\/\/allwintheme.com\/product\/enfold-responsive-multi-purpose-theme\/#primaryimage"},"image":{"@id":"https:\/\/allwintheme.com\/product\/enfold-responsive-multi-purpose-theme\/#primaryimage"},"thumbnailUrl":"https:\/\/allwintheme.com\/wp-content\/uploads\/2025\/10\/053jxf88.png","datePublished":"2025-10-22T02:08:18+00:00","dateModified":"2025-10-22T02:17:37+00:00","description":"Enfold es un tema de WordPress vers\u00e1til y adaptable. Cree sitios impresionantes y adaptados a dispositivos m\u00f3viles con una personalizaci\u00f3n sencilla y potentes funciones.","breadcrumb":{"@id":"https:\/\/allwintheme.com\/product\/enfold-responsive-multi-purpose-theme\/#breadcrumb"},"inLanguage":"es-CL","potentialAction":[{"@type":"ReadAction","target":["https:\/\/allwintheme.com\/product\/enfold-responsive-multi-purpose-theme\/"]}]},{"@type":"ImageObject","inLanguage":"es-CL","@id":"https:\/\/allwintheme.com\/product\/enfold-responsive-multi-purpose-theme\/#primaryimage","url":"https:\/\/allwintheme.com\/wp-content\/uploads\/2025\/10\/053jxf88.png","contentUrl":"https:\/\/allwintheme.com\/wp-content\/uploads\/2025\/10\/053jxf88.png","width":590,"height":300,"caption":"Enfold \u2013 Responsive Multi-Purpose Theme"},{"@type":"BreadcrumbList","@id":"https:\/\/allwintheme.com\/product\/enfold-responsive-multi-purpose-theme\/#breadcrumb","itemListElement":[{"@type":"ListItem","position":1,"name":"Home","item":"https:\/\/allwintheme.com\/"},{"@type":"ListItem","position":2,"name":"Shop","item":"https:\/\/allwintheme.com\/shop\/"},{"@type":"ListItem","position":3,"name":"Enfold \u2013 Responsive Multi-Purpose Theme"}]},{"@type":"WebSite","@id":"https:\/\/allwintheme.com\/#website","url":"https:\/\/allwintheme.com\/","name":"Allwintheme","description":"Descarga gratis temas de WordPress para todos los nichos. Blogs, negocios, comercio electr\u00f3nico, portafolio, restaurante y m\u00e1s. Todos los temas tienen licencia GPL y est\u00e1n preparados para dispositivos m\u00f3viles.","potentialAction":[{"@type":"SearchAction","target":{"@type":"EntryPoint","urlTemplate":"https:\/\/allwintheme.com\/?s={search_term_string}"},"query-input":{"@type":"PropertyValueSpecification","valueRequired":true,"valueName":"search_term_string"}}],"inLanguage":"es-CL"}]}},"_links":{"self":[{"href":"https:\/\/allwintheme.com\/es\/wp-json\/wp\/v2\/product\/11138","targetHints":{"allow":["GET"]}}],"collection":[{"href":"https:\/\/allwintheme.com\/es\/wp-json\/wp\/v2\/product"}],"about":[{"href":"https:\/\/allwintheme.com\/es\/wp-json\/wp\/v2\/types\/product"}],"replies":[{"embeddable":true,"href":"https:\/\/allwintheme.com\/es\/wp-json\/wp\/v2\/comments?post=11138"}],"version-history":[{"count":6,"href":"https:\/\/allwintheme.com\/es\/wp-json\/wp\/v2\/product\/11138\/revisions"}],"predecessor-version":[{"id":11144,"href":"https:\/\/allwintheme.com\/es\/wp-json\/wp\/v2\/product\/11138\/revisions\/11144"}],"wp:featuredmedia":[{"embeddable":true,"href":"https:\/\/allwintheme.com\/es\/wp-json\/wp\/v2\/media\/11076"}],"wp:attachment":[{"href":"https:\/\/allwintheme.com\/es\/wp-json\/wp\/v2\/media?parent=11138"}],"wp:term":[{"taxonomy":"product_brand","embeddable":true,"href":"https:\/\/allwintheme.com\/es\/wp-json\/wp\/v2\/product_brand?post=11138"},{"taxonomy":"product_cat","embeddable":true,"href":"https:\/\/allwintheme.com\/es\/wp-json\/wp\/v2\/product_cat?post=11138"},{"taxonomy":"product_tag","embeddable":true,"href":"https:\/\/allwintheme.com\/es\/wp-json\/wp\/v2\/product_tag?post=11138"}],"curies":[{"name":"wp","href":"https:\/\/api.w.org\/{rel}","templated":true}]}}