{"id":11145,"date":"2025-10-22T02:18:09","date_gmt":"2025-10-22T02:18:09","guid":{"rendered":"https:\/\/allwintheme.com\/?post_type=product&#038;p=11145"},"modified":"2025-10-22T02:25:51","modified_gmt":"2025-10-22T02:25:51","slug":"rey-fashion-clothing-furniture-wordpress-woocommerce-theme","status":"publish","type":"product","link":"https:\/\/allwintheme.com\/es\/producto\/rey-fashion-clothing-furniture-wordpress-woocommerce-theme\/","title":{"rendered":"Rey - Fashion &amp; Clothing, Furniture WordPress &amp; WooCommerce Theme"},"content":{"rendered":"<div data-elementor-type=\"wp-post\" data-elementor-id=\"11145\" class=\"elementor elementor-11145\" data-elementor-settings=\"{&quot;element_pack_global_tooltip_width&quot;:{&quot;unit&quot;:&quot;px&quot;,&quot;size&quot;:&quot;&quot;,&quot;sizes&quot;:[]},&quot;element_pack_global_tooltip_width_tablet&quot;:{&quot;unit&quot;:&quot;px&quot;,&quot;size&quot;:&quot;&quot;,&quot;sizes&quot;:[]},&quot;element_pack_global_tooltip_width_mobile&quot;:{&quot;unit&quot;:&quot;px&quot;,&quot;size&quot;:&quot;&quot;,&quot;sizes&quot;:[]},&quot;element_pack_global_tooltip_padding&quot;:{&quot;unit&quot;:&quot;px&quot;,&quot;top&quot;:&quot;&quot;,&quot;right&quot;:&quot;&quot;,&quot;bottom&quot;:&quot;&quot;,&quot;left&quot;:&quot;&quot;,&quot;isLinked&quot;:true},&quot;element_pack_global_tooltip_padding_tablet&quot;:{&quot;unit&quot;:&quot;px&quot;,&quot;top&quot;:&quot;&quot;,&quot;right&quot;:&quot;&quot;,&quot;bottom&quot;:&quot;&quot;,&quot;left&quot;:&quot;&quot;,&quot;isLinked&quot;:true},&quot;element_pack_global_tooltip_padding_mobile&quot;:{&quot;unit&quot;:&quot;px&quot;,&quot;top&quot;:&quot;&quot;,&quot;right&quot;:&quot;&quot;,&quot;bottom&quot;:&quot;&quot;,&quot;left&quot;:&quot;&quot;,&quot;isLinked&quot;:true},&quot;element_pack_global_tooltip_border_radius&quot;:{&quot;unit&quot;:&quot;px&quot;,&quot;top&quot;:&quot;&quot;,&quot;right&quot;:&quot;&quot;,&quot;bottom&quot;:&quot;&quot;,&quot;left&quot;:&quot;&quot;,&quot;isLinked&quot;:true},&quot;element_pack_global_tooltip_border_radius_tablet&quot;:{&quot;unit&quot;:&quot;px&quot;,&quot;top&quot;:&quot;&quot;,&quot;right&quot;:&quot;&quot;,&quot;bottom&quot;:&quot;&quot;,&quot;left&quot;:&quot;&quot;,&quot;isLinked&quot;:true},&quot;element_pack_global_tooltip_border_radius_mobile&quot;:{&quot;unit&quot;:&quot;px&quot;,&quot;top&quot;:&quot;&quot;,&quot;right&quot;:&quot;&quot;,&quot;bottom&quot;:&quot;&quot;,&quot;left&quot;:&quot;&quot;,&quot;isLinked&quot;:true}}\" data-elementor-post-type=\"product\">\n\t\t\t\t<div class=\"elementor-element elementor-element-93aa4a8 e-con-full e-flex e-con e-parent\" data-id=\"93aa4a8\" data-element_type=\"container\" data-e-type=\"container\">\n\t\t\t\t<div class=\"elementor-element elementor-element-2c3f760 miaoshu elementor-widget elementor-widget-wd_text_block\" data-id=\"2c3f760\" data-element_type=\"widget\" data-e-type=\"widget\" data-widget_type=\"wd_text_block.default\">\n\t\t\t\t<div class=\"elementor-widget-container\">\n\t\t\t\t\t\t\t<div class=\"wd-text-block reset-last-child text-left\">\n\t\t\t\n\t\t\t<h2>Rey: Revoluciona tu tienda WooCommerce con estilo y velocidad<\/h2>\n<p>En <strong>Rey WordPress &amp; WooCommerce Tema<\/strong> destaca como una de las soluciones m\u00e1s r\u00e1pidas e innovadoras para sitios de comercio electr\u00f3nico. Por ejemplo, los desarrolladores y propietarios de tiendas crean de forma activa impresionantes tiendas en l\u00ednea de moda, ropa, muebles, ropa e incluso carteras de artistas. En consecuencia, este tema ofrece una base ligera repleta de funciones, lo que garantiza que su sitio funcione sin problemas y sin la hinchaz\u00f3n habitual en otros temas.<\/p>\n\n<h3>Desbloquee el dise\u00f1o vers\u00e1til y la personalizaci\u00f3n<\/h3>\n<p>Rey te permite crear dise\u00f1os \u00fanicos adaptados a tu marca. Puede mezclar y combinar dise\u00f1os de cuadr\u00edcula para cat\u00e1logos de productos, personalizar p\u00e1ginas sin codificaci\u00f3n e integrarse perfectamente con Elementor para la magia de arrastrar y soltar. Adem\u00e1s, la funci\u00f3n de vista r\u00e1pida permite a los clientes explorar los detalles sin salir de la p\u00e1gina, lo que aumenta la participaci\u00f3n y las ventas de inmediato.<\/p>\n\n<h3>\u00bfPor qu\u00e9 elegir Rey para su tienda?<\/h3>\n<ul>\n    <li><strong>Rendimiento ultrarr\u00e1pido:<\/strong> Los desarrolladores optimizan Rey para la velocidad, cargando s\u00f3lo los m\u00f3dulos esenciales para mantener su sitio \u00e1gil.<\/li>\n    <li><strong>Infinitas opciones de dise\u00f1o:<\/strong> Los propietarios de las tiendas pueden elegir entre varios estilos de cuadr\u00edcula y plantillas que se actualizan continuamente para ofrecer dise\u00f1os renovados.<\/li>\n    <li><strong>Integraci\u00f3n perfecta con WooCommerce:<\/strong> Rey mejora las p\u00e1ginas de productos, los carritos y los procesos de pago con funciones intuitivas centradas en la conversi\u00f3n.<\/li>\n    <li><strong>Flexibilidad potenciada por Elementor:<\/strong> Los usuarios construyen p\u00e1ginas personalizadas, modales y pesta\u00f1as sin esfuerzo, cubriendo todas las necesidades del sitio.<\/li>\n    <li><strong>Excelencia m\u00f3vil:<\/strong> Los clientes disfrutan de una experiencia impecable en todos los dispositivos, desde ordenadores de sobremesa hasta tel\u00e9fonos inteligentes.<\/li>\n<\/ul>\n\n<h3>Racionalice su flujo de trabajo de comercio electr\u00f3nico<\/h3>\n<p>Con Rey, las configuraciones complejas se convierten en procesos sencillos. Por ejemplo, la infraestructura modular del tema permite futuras actualizaciones sin quebraderos de cabeza, mientras que las herramientas integradas se encargan del SEO y de una navegaci\u00f3n f\u00e1cil de usar. Como resultado, podr\u00e1 centrarse en hacer crecer su negocio en lugar de corregir errores.<\/p>\n\n<h3>Mejore hoy su presencia en Internet<\/h3>\n<p>Coge el <strong>Rey - Fashion &amp; Clothing, Furniture WordPress &amp; WooCommerce Theme<\/strong> ahora y cree una tienda de alto rendimiento que cautive a los compradores. Por lo tanto, \u00a1empieza a personalizar y observa c\u00f3mo tu visi\u00f3n del comercio electr\u00f3nico cobra vida con una velocidad y un estilo inigualables!\n\t\t\t\t\t<\/div>\n\t\t\t\t\t\t<\/div>\n\t\t\t\t<\/div>\n\t\t\t\t<\/div>\n\t\t<div class=\"wd-negative-gap elementor-element elementor-element-116794f e-flex e-con-boxed e-con e-parent\" data-id=\"116794f\" data-element_type=\"container\" data-e-type=\"container\">\n\t\t\t\t\t<div class=\"e-con-inner\">\n\t\t\t\t<div class=\"elementor-element elementor-element-03d2133 elementor-widget elementor-widget-wd_text_block\" data-id=\"03d2133\" data-element_type=\"widget\" data-e-type=\"widget\" data-widget_type=\"wd_text_block.default\">\n\t\t\t\t<div class=\"elementor-widget-container\">\n\t\t\t\t\t\t\t<div class=\"wd-text-block reset-last-child text-left\">\n\t\t\t\n\t\t\t<div class=\"elementor-element elementor-element-bb9e9c8 elementor-widget elementor-widget-heading\" data-id=\"bb9e9c8\" data-element_type=\"widget\" data-widget_type=\"heading.default\"><div class=\"elementor-widget-container\"><div id=\"title\" class=\"style-scope ytd-watch-metadata\"><h1 class=\"elementor-heading-title elementor-size-default\">Rey - Fashion &amp; Clothing, Furniture WordPress &amp; WooCommerce Theme<\/h1><\/div><\/div><\/div>\n\t\t\t\t\t<\/div>\n\t\t\t\t\t\t<\/div>\n\t\t\t\t<\/div>\n\t\t\t\t\t<\/div>\n\t\t\t\t<\/div>\n\t\t<div class=\"wd-negative-gap elementor-element elementor-element-c25ccef e-flex e-con-boxed e-con e-parent\" data-id=\"c25ccef\" data-element_type=\"container\" data-e-type=\"container\">\n\t\t\t\t\t<div class=\"e-con-inner\">\n\t\t\t\t<div class=\"elementor-element elementor-element-956e52a elementor-widget elementor-widget-video\" data-id=\"956e52a\" data-element_type=\"widget\" data-e-type=\"widget\" data-settings=\"{&quot;youtube_url&quot;:&quot;https:\\\/\\\/youtu.be\\\/UmlfxdjQZjw&quot;,&quot;video_type&quot;:&quot;youtube&quot;,&quot;controls&quot;:&quot;yes&quot;}\" data-widget_type=\"video.default\">\n\t\t\t\t\t\t\t<div class=\"elementor-wrapper elementor-open-inline\">\n\t\t\t<div class=\"elementor-video\"><\/div>\t\t<\/div>\n\t\t\t\t\t\t<\/div>\n\t\t\t\t\t<\/div>\n\t\t\t\t<\/div>\n\t\t\t\t<\/div>","protected":false},"excerpt":{"rendered":"<p>Rey: Revoluciona tu tienda WooCommerce con estilo y rapidez El tema Rey para WordPress y WooCommerce destaca por ser uno de los<\/p>","protected":false},"featured_media":11075,"comment_status":"open","ping_status":"closed","template":"","meta":{"_acf_changed":false},"product_brand":[],"product_cat":[48],"product_tag":[],"class_list":{"0":"post-11145","1":"product","2":"type-product","3":"status-publish","4":"has-post-thumbnail","6":"product_cat-themes","8":"first","9":"instock","10":"sale","11":"downloadable","12":"shipping-taxable","13":"purchasable","14":"product-type-simple"},"acf":[],"yoast_head":"<!-- This site is optimized with the Yoast SEO Premium plugin v25.6 (Yoast SEO v27.1.1) - https:\/\/yoast.com\/product\/yoast-seo-premium-wordpress\/ -->\n<title>Rey \u2013 Fashion &amp; Clothing, Furniture WordPress &amp; WooCommerce Theme - AllWin Theme \u2013 Free WordPress Themes Download<\/title>\n<meta name=\"description\" content=\"Discover Rey: A fast, versatile WordPress theme for WooCommerce. Perfect for fashion, furniture, and apparel stores with Elementor integration and custom layouts.\" \/>\n<meta name=\"robots\" content=\"index, follow, max-snippet:-1, max-image-preview:large, max-video-preview:-1\" \/>\n<link rel=\"canonical\" href=\"https:\/\/allwintheme.com\/es\/producto\/rey-fashion-clothing-furniture-wordpress-woocommerce-theme\/\" \/>\n<meta property=\"og:locale\" content=\"es_ES\" \/>\n<meta property=\"og:type\" content=\"article\" \/>\n<meta property=\"og:title\" content=\"Rey \u2013 Fashion &amp; Clothing, Furniture WordPress &amp; WooCommerce Theme\" \/>\n<meta property=\"og:description\" content=\"Discover Rey: A fast, versatile WordPress theme for WooCommerce. Perfect for fashion, furniture, and apparel stores with Elementor integration and custom layouts.\" \/>\n<meta property=\"og:url\" content=\"https:\/\/allwintheme.com\/es\/producto\/rey-fashion-clothing-furniture-wordpress-woocommerce-theme\/\" \/>\n<meta property=\"og:site_name\" content=\"AllWin Theme \u2013 Free WordPress Themes Download\" \/>\n<meta property=\"article:modified_time\" content=\"2025-10-22T02:25:51+00:00\" \/>\n<meta property=\"og:image\" content=\"https:\/\/allwintheme.com\/wp-content\/uploads\/2025\/10\/6q0zj604.png\" \/>\n\t<meta property=\"og:image:width\" content=\"590\" \/>\n\t<meta property=\"og:image:height\" content=\"300\" \/>\n\t<meta property=\"og:image:type\" content=\"image\/png\" \/>\n<meta name=\"twitter:card\" content=\"summary_large_image\" \/>\n<meta name=\"twitter:label1\" content=\"Tiempo estimado de lectura\" \/>\n\t<meta name=\"twitter:data1\" content=\"2 minutos\" \/>\n<script type=\"application\/ld+json\" class=\"yoast-schema-graph\">{\"@context\":\"https:\/\/schema.org\",\"@graph\":[{\"@type\":\"WebPage\",\"@id\":\"https:\/\/allwintheme.com\/product\/rey-fashion-clothing-furniture-wordpress-woocommerce-theme\/\",\"url\":\"https:\/\/allwintheme.com\/product\/rey-fashion-clothing-furniture-wordpress-woocommerce-theme\/\",\"name\":\"Rey \u2013 Fashion & Clothing, Furniture WordPress & WooCommerce Theme - AllWin Theme \u2013 Free WordPress Themes Download\",\"isPartOf\":{\"@id\":\"https:\/\/allwintheme.com\/#website\"},\"primaryImageOfPage\":{\"@id\":\"https:\/\/allwintheme.com\/product\/rey-fashion-clothing-furniture-wordpress-woocommerce-theme\/#primaryimage\"},\"image\":{\"@id\":\"https:\/\/allwintheme.com\/product\/rey-fashion-clothing-furniture-wordpress-woocommerce-theme\/#primaryimage\"},\"thumbnailUrl\":\"https:\/\/allwintheme.com\/wp-content\/uploads\/2025\/10\/6q0zj604.png\",\"datePublished\":\"2025-10-22T02:18:09+00:00\",\"dateModified\":\"2025-10-22T02:25:51+00:00\",\"description\":\"Discover Rey: A fast, versatile WordPress theme for WooCommerce. Perfect for fashion, furniture, and apparel stores with Elementor integration and custom layouts.\",\"breadcrumb\":{\"@id\":\"https:\/\/allwintheme.com\/product\/rey-fashion-clothing-furniture-wordpress-woocommerce-theme\/#breadcrumb\"},\"inLanguage\":\"es-CL\",\"potentialAction\":[{\"@type\":\"ReadAction\",\"target\":[\"https:\/\/allwintheme.com\/product\/rey-fashion-clothing-furniture-wordpress-woocommerce-theme\/\"]}]},{\"@type\":\"ImageObject\",\"inLanguage\":\"es-CL\",\"@id\":\"https:\/\/allwintheme.com\/product\/rey-fashion-clothing-furniture-wordpress-woocommerce-theme\/#primaryimage\",\"url\":\"https:\/\/allwintheme.com\/wp-content\/uploads\/2025\/10\/6q0zj604.png\",\"contentUrl\":\"https:\/\/allwintheme.com\/wp-content\/uploads\/2025\/10\/6q0zj604.png\",\"width\":590,\"height\":300,\"caption\":\"Rey \u2013 Fashion & Clothing, Furniture WordPress & WooCommerce Theme\"},{\"@type\":\"BreadcrumbList\",\"@id\":\"https:\/\/allwintheme.com\/product\/rey-fashion-clothing-furniture-wordpress-woocommerce-theme\/#breadcrumb\",\"itemListElement\":[{\"@type\":\"ListItem\",\"position\":1,\"name\":\"Home\",\"item\":\"https:\/\/allwintheme.com\/\"},{\"@type\":\"ListItem\",\"position\":2,\"name\":\"Shop\",\"item\":\"https:\/\/allwintheme.com\/shop\/\"},{\"@type\":\"ListItem\",\"position\":3,\"name\":\"Rey \u2013 Fashion &#038; Clothing, Furniture WordPress &#038; WooCommerce Theme\"}]},{\"@type\":\"WebSite\",\"@id\":\"https:\/\/allwintheme.com\/#website\",\"url\":\"https:\/\/allwintheme.com\/\",\"name\":\"Allwintheme\",\"description\":\"Download free WordPress themes for every niche. Blogs, business, eCommerce, portfolio, restaurant and more. All themes are GPL licensed and mobile-ready.\",\"potentialAction\":[{\"@type\":\"SearchAction\",\"target\":{\"@type\":\"EntryPoint\",\"urlTemplate\":\"https:\/\/allwintheme.com\/?s={search_term_string}\"},\"query-input\":{\"@type\":\"PropertyValueSpecification\",\"valueRequired\":true,\"valueName\":\"search_term_string\"}}],\"inLanguage\":\"es-CL\"}]}<\/script>\n<!-- \/ Yoast SEO Premium plugin. -->","yoast_head_json":{"title":"Rey - Fashion &amp; Clothing, Furniture WordPress &amp; WooCommerce Theme - AllWin Theme - Free WordPress Themes Download","description":"Descubre Rey: Un tema de WordPress r\u00e1pido y vers\u00e1til para WooCommerce. Perfecto para tiendas de moda, muebles y ropa con integraci\u00f3n de Elementor y dise\u00f1os personalizados.","robots":{"index":"index","follow":"follow","max-snippet":"max-snippet:-1","max-image-preview":"max-image-preview:large","max-video-preview":"max-video-preview:-1"},"canonical":"https:\/\/allwintheme.com\/es\/producto\/rey-fashion-clothing-furniture-wordpress-woocommerce-theme\/","og_locale":"es_ES","og_type":"article","og_title":"Rey \u2013 Fashion & Clothing, Furniture WordPress & WooCommerce Theme","og_description":"Discover Rey: A fast, versatile WordPress theme for WooCommerce. Perfect for fashion, furniture, and apparel stores with Elementor integration and custom layouts.","og_url":"https:\/\/allwintheme.com\/es\/producto\/rey-fashion-clothing-furniture-wordpress-woocommerce-theme\/","og_site_name":"AllWin Theme \u2013 Free WordPress Themes Download","article_modified_time":"2025-10-22T02:25:51+00:00","og_image":[{"width":590,"height":300,"url":"https:\/\/allwintheme.com\/wp-content\/uploads\/2025\/10\/6q0zj604.png","type":"image\/png"}],"twitter_card":"summary_large_image","twitter_misc":{"Tiempo estimado de lectura":"2 minutos"},"schema":{"@context":"https:\/\/schema.org","@graph":[{"@type":"WebPage","@id":"https:\/\/allwintheme.com\/product\/rey-fashion-clothing-furniture-wordpress-woocommerce-theme\/","url":"https:\/\/allwintheme.com\/product\/rey-fashion-clothing-furniture-wordpress-woocommerce-theme\/","name":"Rey - Fashion &amp; Clothing, Furniture WordPress &amp; WooCommerce Theme - AllWin Theme - Free WordPress Themes Download","isPartOf":{"@id":"https:\/\/allwintheme.com\/#website"},"primaryImageOfPage":{"@id":"https:\/\/allwintheme.com\/product\/rey-fashion-clothing-furniture-wordpress-woocommerce-theme\/#primaryimage"},"image":{"@id":"https:\/\/allwintheme.com\/product\/rey-fashion-clothing-furniture-wordpress-woocommerce-theme\/#primaryimage"},"thumbnailUrl":"https:\/\/allwintheme.com\/wp-content\/uploads\/2025\/10\/6q0zj604.png","datePublished":"2025-10-22T02:18:09+00:00","dateModified":"2025-10-22T02:25:51+00:00","description":"Descubre Rey: Un tema de WordPress r\u00e1pido y vers\u00e1til para WooCommerce. Perfecto para tiendas de moda, muebles y ropa con integraci\u00f3n de Elementor y dise\u00f1os personalizados.","breadcrumb":{"@id":"https:\/\/allwintheme.com\/product\/rey-fashion-clothing-furniture-wordpress-woocommerce-theme\/#breadcrumb"},"inLanguage":"es-CL","potentialAction":[{"@type":"ReadAction","target":["https:\/\/allwintheme.com\/product\/rey-fashion-clothing-furniture-wordpress-woocommerce-theme\/"]}]},{"@type":"ImageObject","inLanguage":"es-CL","@id":"https:\/\/allwintheme.com\/product\/rey-fashion-clothing-furniture-wordpress-woocommerce-theme\/#primaryimage","url":"https:\/\/allwintheme.com\/wp-content\/uploads\/2025\/10\/6q0zj604.png","contentUrl":"https:\/\/allwintheme.com\/wp-content\/uploads\/2025\/10\/6q0zj604.png","width":590,"height":300,"caption":"Rey \u2013 Fashion & Clothing, Furniture WordPress & WooCommerce Theme"},{"@type":"BreadcrumbList","@id":"https:\/\/allwintheme.com\/product\/rey-fashion-clothing-furniture-wordpress-woocommerce-theme\/#breadcrumb","itemListElement":[{"@type":"ListItem","position":1,"name":"Home","item":"https:\/\/allwintheme.com\/"},{"@type":"ListItem","position":2,"name":"Shop","item":"https:\/\/allwintheme.com\/shop\/"},{"@type":"ListItem","position":3,"name":"Rey \u2013 Fashion &#038; Clothing, Furniture WordPress &#038; WooCommerce Theme"}]},{"@type":"WebSite","@id":"https:\/\/allwintheme.com\/#website","url":"https:\/\/allwintheme.com\/","name":"Allwintheme","description":"Descarga gratis temas de WordPress para todos los nichos. Blogs, negocios, comercio electr\u00f3nico, portafolio, restaurante y m\u00e1s. Todos los temas tienen licencia GPL y est\u00e1n preparados para dispositivos m\u00f3viles.","potentialAction":[{"@type":"SearchAction","target":{"@type":"EntryPoint","urlTemplate":"https:\/\/allwintheme.com\/?s={search_term_string}"},"query-input":{"@type":"PropertyValueSpecification","valueRequired":true,"valueName":"search_term_string"}}],"inLanguage":"es-CL"}]}},"_links":{"self":[{"href":"https:\/\/allwintheme.com\/es\/wp-json\/wp\/v2\/product\/11145","targetHints":{"allow":["GET"]}}],"collection":[{"href":"https:\/\/allwintheme.com\/es\/wp-json\/wp\/v2\/product"}],"about":[{"href":"https:\/\/allwintheme.com\/es\/wp-json\/wp\/v2\/types\/product"}],"replies":[{"embeddable":true,"href":"https:\/\/allwintheme.com\/es\/wp-json\/wp\/v2\/comments?post=11145"}],"version-history":[{"count":5,"href":"https:\/\/allwintheme.com\/es\/wp-json\/wp\/v2\/product\/11145\/revisions"}],"predecessor-version":[{"id":11150,"href":"https:\/\/allwintheme.com\/es\/wp-json\/wp\/v2\/product\/11145\/revisions\/11150"}],"wp:featuredmedia":[{"embeddable":true,"href":"https:\/\/allwintheme.com\/es\/wp-json\/wp\/v2\/media\/11075"}],"wp:attachment":[{"href":"https:\/\/allwintheme.com\/es\/wp-json\/wp\/v2\/media?parent=11145"}],"wp:term":[{"taxonomy":"product_brand","embeddable":true,"href":"https:\/\/allwintheme.com\/es\/wp-json\/wp\/v2\/product_brand?post=11145"},{"taxonomy":"product_cat","embeddable":true,"href":"https:\/\/allwintheme.com\/es\/wp-json\/wp\/v2\/product_cat?post=11145"},{"taxonomy":"product_tag","embeddable":true,"href":"https:\/\/allwintheme.com\/es\/wp-json\/wp\/v2\/product_tag?post=11145"}],"curies":[{"name":"wp","href":"https:\/\/api.w.org\/{rel}","templated":true}]}}