{"id":11151,"date":"2025-10-22T02:27:00","date_gmt":"2025-10-22T02:27:00","guid":{"rendered":"https:\/\/allwintheme.com\/?post_type=product&#038;p=11151"},"modified":"2025-10-22T02:33:56","modified_gmt":"2025-10-22T02:33:56","slug":"machic-electronics-store-woocommerce-theme","status":"publish","type":"product","link":"https:\/\/allwintheme.com\/es\/producto\/machic-electronics-store-woocommerce-theme\/","title":{"rendered":"Machic - Tienda de electr\u00f3nica WooCommerce Tema"},"content":{"rendered":"<div data-elementor-type=\"wp-post\" data-elementor-id=\"11151\" class=\"elementor elementor-11151\" data-elementor-settings=\"{&quot;element_pack_global_tooltip_width&quot;:{&quot;unit&quot;:&quot;px&quot;,&quot;size&quot;:&quot;&quot;,&quot;sizes&quot;:[]},&quot;element_pack_global_tooltip_width_tablet&quot;:{&quot;unit&quot;:&quot;px&quot;,&quot;size&quot;:&quot;&quot;,&quot;sizes&quot;:[]},&quot;element_pack_global_tooltip_width_mobile&quot;:{&quot;unit&quot;:&quot;px&quot;,&quot;size&quot;:&quot;&quot;,&quot;sizes&quot;:[]},&quot;element_pack_global_tooltip_padding&quot;:{&quot;unit&quot;:&quot;px&quot;,&quot;top&quot;:&quot;&quot;,&quot;right&quot;:&quot;&quot;,&quot;bottom&quot;:&quot;&quot;,&quot;left&quot;:&quot;&quot;,&quot;isLinked&quot;:true},&quot;element_pack_global_tooltip_padding_tablet&quot;:{&quot;unit&quot;:&quot;px&quot;,&quot;top&quot;:&quot;&quot;,&quot;right&quot;:&quot;&quot;,&quot;bottom&quot;:&quot;&quot;,&quot;left&quot;:&quot;&quot;,&quot;isLinked&quot;:true},&quot;element_pack_global_tooltip_padding_mobile&quot;:{&quot;unit&quot;:&quot;px&quot;,&quot;top&quot;:&quot;&quot;,&quot;right&quot;:&quot;&quot;,&quot;bottom&quot;:&quot;&quot;,&quot;left&quot;:&quot;&quot;,&quot;isLinked&quot;:true},&quot;element_pack_global_tooltip_border_radius&quot;:{&quot;unit&quot;:&quot;px&quot;,&quot;top&quot;:&quot;&quot;,&quot;right&quot;:&quot;&quot;,&quot;bottom&quot;:&quot;&quot;,&quot;left&quot;:&quot;&quot;,&quot;isLinked&quot;:true},&quot;element_pack_global_tooltip_border_radius_tablet&quot;:{&quot;unit&quot;:&quot;px&quot;,&quot;top&quot;:&quot;&quot;,&quot;right&quot;:&quot;&quot;,&quot;bottom&quot;:&quot;&quot;,&quot;left&quot;:&quot;&quot;,&quot;isLinked&quot;:true},&quot;element_pack_global_tooltip_border_radius_mobile&quot;:{&quot;unit&quot;:&quot;px&quot;,&quot;top&quot;:&quot;&quot;,&quot;right&quot;:&quot;&quot;,&quot;bottom&quot;:&quot;&quot;,&quot;left&quot;:&quot;&quot;,&quot;isLinked&quot;:true}}\" data-elementor-post-type=\"product\">\n\t\t\t\t<div class=\"elementor-element elementor-element-93aa4a8 e-con-full e-flex e-con e-parent\" data-id=\"93aa4a8\" data-element_type=\"container\" data-e-type=\"container\">\n\t\t\t\t<div class=\"elementor-element elementor-element-2c3f760 miaoshu elementor-widget elementor-widget-wd_text_block\" data-id=\"2c3f760\" data-element_type=\"widget\" data-e-type=\"widget\" data-widget_type=\"wd_text_block.default\">\n\t\t\t\t<div class=\"elementor-widget-container\">\n\t\t\t\t\t\t\t<div class=\"wd-text-block reset-last-child text-left\">\n\t\t\t\n\t\t\t<h2>Machic - Tienda de Electr\u00f3nica WooCommerce Tema: El poder de su tienda de tecnolog\u00eda<\/h2>\n<p>En <strong>Machic - Tienda de electr\u00f3nica WooCommerce Tema<\/strong> ofrece todo lo necesario para lanzar una tienda de electr\u00f3nica en l\u00ednea de alto rendimiento. Por ejemplo, los desarrolladores y propietarios de tiendas lo eligen activamente para crear sitios elegantes para gadgets, tel\u00e9fonos, electrodom\u00e9sticos y m\u00e1s. En consecuencia, este tema basado en Elementor garantiza una configuraci\u00f3n r\u00e1pida y una integraci\u00f3n perfecta con WooCommerce, para que puedas centrarte en las ventas en lugar de en la programaci\u00f3n.<\/p>\n\n<h3>Cree sitios web profesionales de electr\u00f3nica sin esfuerzo<\/h3>\n<p>Machic le permite crear tiendas adaptables y optimizadas para m\u00f3viles en cuesti\u00f3n de horas. Puede mostrar productos con efectos de imagen flotante, diversos dise\u00f1os de tienda y compatibilidad con m\u00faltiples proveedores para los mercados. Adem\u00e1s, el importador de demos de un solo clic le permite importar plantillas de sitios completas r\u00e1pidamente, incluso si carece de conocimientos t\u00e9cnicos. Como resultado, tanto principiantes como profesionales obtienen resultados profesionales sin complicaciones.<\/p>\n\n<h3>\u00bfPor qu\u00e9 elegir Machic?<\/h3>\n<ul>\n    <li><strong>Compatibilidad con Elementor:<\/strong> El constructor de arrastrar y soltar permite un dise\u00f1o de p\u00e1gina intuitivo con personalizaci\u00f3n ilimitada.<\/li>\n    <li><strong>Preparado para varios proveedores:<\/strong> Integre Dokan para crear mercados multivendedor y centros de electr\u00f3nica sin fisuras.<\/li>\n    <li><strong>Dise\u00f1o receptivo:<\/strong> Los temas se adaptan autom\u00e1ticamente a ordenadores de sobremesa, tabletas y m\u00f3viles para una visualizaci\u00f3n \u00f3ptima.<\/li>\n    <li><strong>Funciones avanzadas de la tienda:<\/strong> Las cabeceras m\u00faltiples, las galer\u00edas de productos y los filtros mejoran la navegaci\u00f3n de los usuarios y las conversiones.<\/li>\n    <li><strong>Alto rendimiento:<\/strong> El c\u00f3digo ligero garantiza una carga r\u00e1pida, lo que mejora el SEO y la satisfacci\u00f3n del cliente.<\/li>\n<\/ul>\n\n<h3>Racionalice su flujo de trabajo de comercio electr\u00f3nico<\/h3>\n<p>Con Machic, tienes acceso a seis tipos de cabecera y p\u00e1ginas de tienda personalizables que resaltan tu inventario. Por ejemplo, el tema es compatible con accesorios de moda, fundas de tel\u00e9fono, tiendas de TV y electrodom\u00e9sticos, lo que lo hace vers\u00e1til para varios nichos. Por lo tanto, simplifica la gesti\u00f3n del inventario y la captaci\u00f3n de clientes, ayud\u00e1ndole a hacer crecer su negocio de electr\u00f3nica de forma eficiente.<\/p>\n\n<h3>Lance su tienda hoy mismo<\/h3>\n<p>Mejore su presencia en Internet con <strong>Machic - Tienda de electr\u00f3nica WooCommerce Tema<\/strong>. Mediante la combinaci\u00f3n de potentes herramientas e impresionantes efectos visuales, crear\u00e1 atractivas tiendas tecnol\u00f3gicas que impulsar\u00e1n los resultados. Inst\u00e1lelo ahora y convierta su visi\u00f3n en un pr\u00f3spero sitio de comercio electr\u00f3nico.\n\t\t\t\t\t<\/div>\n\t\t\t\t\t\t<\/div>\n\t\t\t\t<\/div>\n\t\t\t\t<\/div>\n\t\t<div class=\"wd-negative-gap elementor-element elementor-element-116794f e-flex e-con-boxed e-con e-parent\" data-id=\"116794f\" data-element_type=\"container\" data-e-type=\"container\">\n\t\t\t\t\t<div class=\"e-con-inner\">\n\t\t\t\t<div class=\"elementor-element elementor-element-03d2133 elementor-widget elementor-widget-wd_text_block\" data-id=\"03d2133\" data-element_type=\"widget\" data-e-type=\"widget\" data-widget_type=\"wd_text_block.default\">\n\t\t\t\t<div class=\"elementor-widget-container\">\n\t\t\t\t\t\t\t<div class=\"wd-text-block reset-last-child text-left\">\n\t\t\t\n\t\t\t<div class=\"elementor-element elementor-element-bb9e9c8 elementor-widget elementor-widget-heading\" data-id=\"bb9e9c8\" data-element_type=\"widget\" data-widget_type=\"heading.default\"><div class=\"elementor-widget-container\"><div id=\"title\" class=\"style-scope ytd-watch-metadata\"><h1 class=\"elementor-heading-title elementor-size-default\">Machic - Tienda de electr\u00f3nica WooCommerce Tema<\/h1><\/div><\/div><\/div>\n\t\t\t\t\t<\/div>\n\t\t\t\t\t\t<\/div>\n\t\t\t\t<\/div>\n\t\t\t\t\t<\/div>\n\t\t\t\t<\/div>\n\t\t<div class=\"wd-negative-gap elementor-element elementor-element-c25ccef e-flex e-con-boxed e-con e-parent\" data-id=\"c25ccef\" data-element_type=\"container\" data-e-type=\"container\">\n\t\t\t\t\t<div class=\"e-con-inner\">\n\t\t\t\t<div class=\"elementor-element elementor-element-956e52a elementor-widget elementor-widget-video\" data-id=\"956e52a\" data-element_type=\"widget\" data-e-type=\"widget\" data-settings=\"{&quot;youtube_url&quot;:&quot;https:\\\/\\\/youtu.be\\\/6SpSnQ-v_QE&quot;,&quot;video_type&quot;:&quot;youtube&quot;,&quot;controls&quot;:&quot;yes&quot;}\" data-widget_type=\"video.default\">\n\t\t\t\t\t\t\t<div class=\"elementor-wrapper elementor-open-inline\">\n\t\t\t<div class=\"elementor-video\"><\/div>\t\t<\/div>\n\t\t\t\t\t\t<\/div>\n\t\t\t\t\t<\/div>\n\t\t\t\t<\/div>\n\t\t\t\t<\/div>","protected":false},"excerpt":{"rendered":"<p>Machic - Electronics Store WooCommerce Theme: El poder de su tienda de tecnolog\u00eda El Machic - Electronics Store WooCommerce Theme ofrece todo lo que<\/p>","protected":false},"featured_media":11074,"comment_status":"open","ping_status":"closed","template":"","meta":{"_acf_changed":false},"product_brand":[],"product_cat":[48],"product_tag":[],"class_list":{"0":"post-11151","1":"product","2":"type-product","3":"status-publish","4":"has-post-thumbnail","6":"product_cat-themes","8":"first","9":"instock","10":"sale","11":"downloadable","12":"shipping-taxable","13":"purchasable","14":"product-type-simple"},"acf":[],"yoast_head":"<!-- This site is optimized with the Yoast SEO Premium plugin v25.6 (Yoast SEO v27.1.1) - https:\/\/yoast.com\/product\/yoast-seo-premium-wordpress\/ -->\n<title>Machic \u2013 Electronics Store WooCommerce Theme - AllWin Theme \u2013 Free WordPress Themes Download<\/title>\n<meta name=\"description\" content=\"Discover Rey: A fast, versatile WordPress theme for WooCommerce. Perfect for fashion, furniture, and apparel stores with Elementor integration and custom layouts.\" \/>\n<meta name=\"robots\" content=\"index, follow, max-snippet:-1, max-image-preview:large, max-video-preview:-1\" \/>\n<link rel=\"canonical\" href=\"https:\/\/allwintheme.com\/es\/producto\/machic-electronics-store-woocommerce-theme\/\" \/>\n<meta property=\"og:locale\" content=\"es_ES\" \/>\n<meta property=\"og:type\" content=\"article\" \/>\n<meta property=\"og:title\" content=\"Machic \u2013 Electronics Store WooCommerce Theme\" \/>\n<meta property=\"og:description\" content=\"Discover Rey: A fast, versatile WordPress theme for WooCommerce. Perfect for fashion, furniture, and apparel stores with Elementor integration and custom layouts.\" \/>\n<meta property=\"og:url\" content=\"https:\/\/allwintheme.com\/es\/producto\/machic-electronics-store-woocommerce-theme\/\" \/>\n<meta property=\"og:site_name\" content=\"AllWin Theme \u2013 Free WordPress Themes Download\" \/>\n<meta property=\"article:modified_time\" content=\"2025-10-22T02:33:56+00:00\" \/>\n<meta property=\"og:image\" content=\"https:\/\/allwintheme.com\/wp-content\/uploads\/2025\/10\/dqktev3i.png\" \/>\n\t<meta property=\"og:image:width\" content=\"590\" \/>\n\t<meta property=\"og:image:height\" content=\"300\" \/>\n\t<meta property=\"og:image:type\" content=\"image\/png\" \/>\n<meta name=\"twitter:card\" content=\"summary_large_image\" \/>\n<meta name=\"twitter:label1\" content=\"Tiempo estimado de lectura\" \/>\n\t<meta name=\"twitter:data1\" content=\"2 minutos\" \/>\n<script type=\"application\/ld+json\" class=\"yoast-schema-graph\">{\"@context\":\"https:\/\/schema.org\",\"@graph\":[{\"@type\":\"WebPage\",\"@id\":\"https:\/\/allwintheme.com\/product\/machic-electronics-store-woocommerce-theme\/\",\"url\":\"https:\/\/allwintheme.com\/product\/machic-electronics-store-woocommerce-theme\/\",\"name\":\"Machic \u2013 Electronics Store WooCommerce Theme - AllWin Theme \u2013 Free WordPress Themes Download\",\"isPartOf\":{\"@id\":\"https:\/\/allwintheme.com\/#website\"},\"primaryImageOfPage\":{\"@id\":\"https:\/\/allwintheme.com\/product\/machic-electronics-store-woocommerce-theme\/#primaryimage\"},\"image\":{\"@id\":\"https:\/\/allwintheme.com\/product\/machic-electronics-store-woocommerce-theme\/#primaryimage\"},\"thumbnailUrl\":\"https:\/\/allwintheme.com\/wp-content\/uploads\/2025\/10\/dqktev3i.png\",\"datePublished\":\"2025-10-22T02:27:00+00:00\",\"dateModified\":\"2025-10-22T02:33:56+00:00\",\"description\":\"Discover Rey: A fast, versatile WordPress theme for WooCommerce. Perfect for fashion, furniture, and apparel stores with Elementor integration and custom layouts.\",\"breadcrumb\":{\"@id\":\"https:\/\/allwintheme.com\/product\/machic-electronics-store-woocommerce-theme\/#breadcrumb\"},\"inLanguage\":\"es-CL\",\"potentialAction\":[{\"@type\":\"ReadAction\",\"target\":[\"https:\/\/allwintheme.com\/product\/machic-electronics-store-woocommerce-theme\/\"]}]},{\"@type\":\"ImageObject\",\"inLanguage\":\"es-CL\",\"@id\":\"https:\/\/allwintheme.com\/product\/machic-electronics-store-woocommerce-theme\/#primaryimage\",\"url\":\"https:\/\/allwintheme.com\/wp-content\/uploads\/2025\/10\/dqktev3i.png\",\"contentUrl\":\"https:\/\/allwintheme.com\/wp-content\/uploads\/2025\/10\/dqktev3i.png\",\"width\":590,\"height\":300,\"caption\":\"Machic \u2013 Electronics Store WooCommerce Theme\"},{\"@type\":\"BreadcrumbList\",\"@id\":\"https:\/\/allwintheme.com\/product\/machic-electronics-store-woocommerce-theme\/#breadcrumb\",\"itemListElement\":[{\"@type\":\"ListItem\",\"position\":1,\"name\":\"Home\",\"item\":\"https:\/\/allwintheme.com\/\"},{\"@type\":\"ListItem\",\"position\":2,\"name\":\"Shop\",\"item\":\"https:\/\/allwintheme.com\/shop\/\"},{\"@type\":\"ListItem\",\"position\":3,\"name\":\"Machic \u2013 Electronics Store WooCommerce Theme\"}]},{\"@type\":\"WebSite\",\"@id\":\"https:\/\/allwintheme.com\/#website\",\"url\":\"https:\/\/allwintheme.com\/\",\"name\":\"Allwintheme\",\"description\":\"Download free WordPress themes for every niche. Blogs, business, eCommerce, portfolio, restaurant and more. All themes are GPL licensed and mobile-ready.\",\"potentialAction\":[{\"@type\":\"SearchAction\",\"target\":{\"@type\":\"EntryPoint\",\"urlTemplate\":\"https:\/\/allwintheme.com\/?s={search_term_string}\"},\"query-input\":{\"@type\":\"PropertyValueSpecification\",\"valueRequired\":true,\"valueName\":\"search_term_string\"}}],\"inLanguage\":\"es-CL\"}]}<\/script>\n<!-- \/ Yoast SEO Premium plugin. -->","yoast_head_json":{"title":"Machic - Electronics Store WooCommerce Theme - AllWin Theme - Free WordPress Themes Download","description":"Descubre Rey: Un tema de WordPress r\u00e1pido y vers\u00e1til para WooCommerce. Perfecto para tiendas de moda, muebles y ropa con integraci\u00f3n de Elementor y dise\u00f1os personalizados.","robots":{"index":"index","follow":"follow","max-snippet":"max-snippet:-1","max-image-preview":"max-image-preview:large","max-video-preview":"max-video-preview:-1"},"canonical":"https:\/\/allwintheme.com\/es\/producto\/machic-electronics-store-woocommerce-theme\/","og_locale":"es_ES","og_type":"article","og_title":"Machic \u2013 Electronics Store WooCommerce Theme","og_description":"Discover Rey: A fast, versatile WordPress theme for WooCommerce. Perfect for fashion, furniture, and apparel stores with Elementor integration and custom layouts.","og_url":"https:\/\/allwintheme.com\/es\/producto\/machic-electronics-store-woocommerce-theme\/","og_site_name":"AllWin Theme \u2013 Free WordPress Themes Download","article_modified_time":"2025-10-22T02:33:56+00:00","og_image":[{"width":590,"height":300,"url":"https:\/\/allwintheme.com\/wp-content\/uploads\/2025\/10\/dqktev3i.png","type":"image\/png"}],"twitter_card":"summary_large_image","twitter_misc":{"Tiempo estimado de lectura":"2 minutos"},"schema":{"@context":"https:\/\/schema.org","@graph":[{"@type":"WebPage","@id":"https:\/\/allwintheme.com\/product\/machic-electronics-store-woocommerce-theme\/","url":"https:\/\/allwintheme.com\/product\/machic-electronics-store-woocommerce-theme\/","name":"Machic - Electronics Store WooCommerce Theme - AllWin Theme - Free WordPress Themes Download","isPartOf":{"@id":"https:\/\/allwintheme.com\/#website"},"primaryImageOfPage":{"@id":"https:\/\/allwintheme.com\/product\/machic-electronics-store-woocommerce-theme\/#primaryimage"},"image":{"@id":"https:\/\/allwintheme.com\/product\/machic-electronics-store-woocommerce-theme\/#primaryimage"},"thumbnailUrl":"https:\/\/allwintheme.com\/wp-content\/uploads\/2025\/10\/dqktev3i.png","datePublished":"2025-10-22T02:27:00+00:00","dateModified":"2025-10-22T02:33:56+00:00","description":"Descubre Rey: Un tema de WordPress r\u00e1pido y vers\u00e1til para WooCommerce. Perfecto para tiendas de moda, muebles y ropa con integraci\u00f3n de Elementor y dise\u00f1os personalizados.","breadcrumb":{"@id":"https:\/\/allwintheme.com\/product\/machic-electronics-store-woocommerce-theme\/#breadcrumb"},"inLanguage":"es-CL","potentialAction":[{"@type":"ReadAction","target":["https:\/\/allwintheme.com\/product\/machic-electronics-store-woocommerce-theme\/"]}]},{"@type":"ImageObject","inLanguage":"es-CL","@id":"https:\/\/allwintheme.com\/product\/machic-electronics-store-woocommerce-theme\/#primaryimage","url":"https:\/\/allwintheme.com\/wp-content\/uploads\/2025\/10\/dqktev3i.png","contentUrl":"https:\/\/allwintheme.com\/wp-content\/uploads\/2025\/10\/dqktev3i.png","width":590,"height":300,"caption":"Machic \u2013 Electronics Store WooCommerce Theme"},{"@type":"BreadcrumbList","@id":"https:\/\/allwintheme.com\/product\/machic-electronics-store-woocommerce-theme\/#breadcrumb","itemListElement":[{"@type":"ListItem","position":1,"name":"Home","item":"https:\/\/allwintheme.com\/"},{"@type":"ListItem","position":2,"name":"Shop","item":"https:\/\/allwintheme.com\/shop\/"},{"@type":"ListItem","position":3,"name":"Machic \u2013 Electronics Store WooCommerce Theme"}]},{"@type":"WebSite","@id":"https:\/\/allwintheme.com\/#website","url":"https:\/\/allwintheme.com\/","name":"Allwintheme","description":"Descarga gratis temas de WordPress para todos los nichos. Blogs, negocios, comercio electr\u00f3nico, portafolio, restaurante y m\u00e1s. Todos los temas tienen licencia GPL y est\u00e1n preparados para dispositivos m\u00f3viles.","potentialAction":[{"@type":"SearchAction","target":{"@type":"EntryPoint","urlTemplate":"https:\/\/allwintheme.com\/?s={search_term_string}"},"query-input":{"@type":"PropertyValueSpecification","valueRequired":true,"valueName":"search_term_string"}}],"inLanguage":"es-CL"}]}},"_links":{"self":[{"href":"https:\/\/allwintheme.com\/es\/wp-json\/wp\/v2\/product\/11151","targetHints":{"allow":["GET"]}}],"collection":[{"href":"https:\/\/allwintheme.com\/es\/wp-json\/wp\/v2\/product"}],"about":[{"href":"https:\/\/allwintheme.com\/es\/wp-json\/wp\/v2\/types\/product"}],"replies":[{"embeddable":true,"href":"https:\/\/allwintheme.com\/es\/wp-json\/wp\/v2\/comments?post=11151"}],"version-history":[{"count":5,"href":"https:\/\/allwintheme.com\/es\/wp-json\/wp\/v2\/product\/11151\/revisions"}],"predecessor-version":[{"id":11157,"href":"https:\/\/allwintheme.com\/es\/wp-json\/wp\/v2\/product\/11151\/revisions\/11157"}],"wp:featuredmedia":[{"embeddable":true,"href":"https:\/\/allwintheme.com\/es\/wp-json\/wp\/v2\/media\/11074"}],"wp:attachment":[{"href":"https:\/\/allwintheme.com\/es\/wp-json\/wp\/v2\/media?parent=11151"}],"wp:term":[{"taxonomy":"product_brand","embeddable":true,"href":"https:\/\/allwintheme.com\/es\/wp-json\/wp\/v2\/product_brand?post=11151"},{"taxonomy":"product_cat","embeddable":true,"href":"https:\/\/allwintheme.com\/es\/wp-json\/wp\/v2\/product_cat?post=11151"},{"taxonomy":"product_tag","embeddable":true,"href":"https:\/\/allwintheme.com\/es\/wp-json\/wp\/v2\/product_tag?post=11151"}],"curies":[{"name":"wp","href":"https:\/\/api.w.org\/{rel}","templated":true}]}}