{"id":11152,"date":"2025-10-22T02:27:06","date_gmt":"2025-10-22T02:27:06","guid":{"rendered":"https:\/\/allwintheme.com\/?post_type=product&#038;p=11152"},"modified":"2025-10-22T02:49:27","modified_gmt":"2025-10-22T02:49:27","slug":"uncode-creative-woocommerce-wordpress-theme","status":"publish","type":"product","link":"https:\/\/allwintheme.com\/es\/producto\/uncode-creative-woocommerce-wordpress-theme\/","title":{"rendered":"Uncode - Creativo y WooCommerce WordPress Tema"},"content":{"rendered":"<div data-elementor-type=\"wp-post\" data-elementor-id=\"11152\" class=\"elementor elementor-11152\" data-elementor-settings=\"{&quot;element_pack_global_tooltip_width&quot;:{&quot;unit&quot;:&quot;px&quot;,&quot;size&quot;:&quot;&quot;,&quot;sizes&quot;:[]},&quot;element_pack_global_tooltip_width_tablet&quot;:{&quot;unit&quot;:&quot;px&quot;,&quot;size&quot;:&quot;&quot;,&quot;sizes&quot;:[]},&quot;element_pack_global_tooltip_width_mobile&quot;:{&quot;unit&quot;:&quot;px&quot;,&quot;size&quot;:&quot;&quot;,&quot;sizes&quot;:[]},&quot;element_pack_global_tooltip_padding&quot;:{&quot;unit&quot;:&quot;px&quot;,&quot;top&quot;:&quot;&quot;,&quot;right&quot;:&quot;&quot;,&quot;bottom&quot;:&quot;&quot;,&quot;left&quot;:&quot;&quot;,&quot;isLinked&quot;:true},&quot;element_pack_global_tooltip_padding_tablet&quot;:{&quot;unit&quot;:&quot;px&quot;,&quot;top&quot;:&quot;&quot;,&quot;right&quot;:&quot;&quot;,&quot;bottom&quot;:&quot;&quot;,&quot;left&quot;:&quot;&quot;,&quot;isLinked&quot;:true},&quot;element_pack_global_tooltip_padding_mobile&quot;:{&quot;unit&quot;:&quot;px&quot;,&quot;top&quot;:&quot;&quot;,&quot;right&quot;:&quot;&quot;,&quot;bottom&quot;:&quot;&quot;,&quot;left&quot;:&quot;&quot;,&quot;isLinked&quot;:true},&quot;element_pack_global_tooltip_border_radius&quot;:{&quot;unit&quot;:&quot;px&quot;,&quot;top&quot;:&quot;&quot;,&quot;right&quot;:&quot;&quot;,&quot;bottom&quot;:&quot;&quot;,&quot;left&quot;:&quot;&quot;,&quot;isLinked&quot;:true},&quot;element_pack_global_tooltip_border_radius_tablet&quot;:{&quot;unit&quot;:&quot;px&quot;,&quot;top&quot;:&quot;&quot;,&quot;right&quot;:&quot;&quot;,&quot;bottom&quot;:&quot;&quot;,&quot;left&quot;:&quot;&quot;,&quot;isLinked&quot;:true},&quot;element_pack_global_tooltip_border_radius_mobile&quot;:{&quot;unit&quot;:&quot;px&quot;,&quot;top&quot;:&quot;&quot;,&quot;right&quot;:&quot;&quot;,&quot;bottom&quot;:&quot;&quot;,&quot;left&quot;:&quot;&quot;,&quot;isLinked&quot;:true}}\" data-elementor-post-type=\"product\">\n\t\t\t\t<div class=\"wd-negative-gap elementor-element elementor-element-116794f e-flex e-con-boxed e-con e-parent\" data-id=\"116794f\" data-element_type=\"container\" data-e-type=\"container\">\n\t\t\t\t\t<div class=\"e-con-inner\">\n\t\t\t\t<div class=\"elementor-element elementor-element-03d2133 elementor-widget elementor-widget-wd_text_block\" data-id=\"03d2133\" data-element_type=\"widget\" data-e-type=\"widget\" data-widget_type=\"wd_text_block.default\">\n\t\t\t\t<div class=\"elementor-widget-container\">\n\t\t\t\t\t\t\t<div class=\"wd-text-block reset-last-child text-left\">\n\t\t\t\n\t\t\t<h2>Uncode: D\u00e9 rienda suelta a su creatividad con un tema de WordPress polivalente<\/h2>\n<p>En <strong>Uncode Creative &amp; WooCommerce WordPress Theme<\/strong> permite a dise\u00f1adores y empresas crear sitios web asombrosos sin esfuerzo. Por ejemplo, este tema de p\u00edxeles perfectos combina una flexibilidad incre\u00edble con un rendimiento de primera categor\u00eda, para que puedas crear desde portafolios y sitios de agencias hasta vibrantes tiendas online. En consecuencia, Uncode destaca como favorito entre los creativos, gracias a sus herramientas intuitivas y a sus infinitas opciones de personalizaci\u00f3n.<\/p>\n\n<h3>Construya sin esfuerzo con herramientas avanzadas<\/h3>\n<p>Uncode te equipa con un constructor de p\u00e1ginas WPBakery a medida, con editores tanto de backend como de frontend para un dise\u00f1o sin fisuras. Adem\u00e1s, obtienes acceso a m\u00e1s de 70 dise\u00f1os de demostraci\u00f3n y m\u00e1s de 400 secciones de esquemas, lo que te permite mezclar y combinar elementos r\u00e1pidamente. Como resultado, podr\u00e1 crear p\u00e1ginas receptivas y atractivas sin empezar desde cero, ahorrando tiempo y mejorando el atractivo visual de su sitio.<\/p>\n\n<h3>\u00bfPor qu\u00e9 elegir Uncode?<\/h3>\n<ul>\n    <li><strong>Integraci\u00f3n completa con WooCommerce:<\/strong> Los desarrolladores crean tiendas de comercio electr\u00f3nico con funciones de lista de deseos, vista r\u00e1pida y modo de cat\u00e1logo para facilitar las ventas.<\/li>\n    <li><strong>Elementos animados:<\/strong> Los usuarios a\u00f1aden encabezados din\u00e1micos y resaltados para atraer a los visitantes y destacar eficazmente los contenidos clave.<\/li>\n    <li><strong>Plugins Premium incluidos:<\/strong> El tema incluye Slider Revolution y LayerSlider, para que puedas crear deslizadores y galer\u00edas con efectos impresionantes.<\/li>\n    <li><strong>Soporte multiling\u00fce y RTL:<\/strong> Los propietarios de sitios traducen el contenido f\u00e1cilmente gracias a la compatibilidad con WPML, lo que garantiza un alcance global.<\/li>\n    <li><strong>Actualizaciones peri\u00f3dicas y asistencia:<\/strong> El equipo ofrece actualizaciones gratuitas y constantes y 6 meses de ayuda profesional para mantener su sitio seguro y moderno.<\/li>\n<\/ul>\n\n<h3>Mejorar el rendimiento y la flexibilidad<\/h3>\n<p>Con Uncode, se agilizan los flujos de trabajo gracias a funciones como los bloques de contenido para secciones reutilizables y las im\u00e1genes adaptables para una carga optimizada. Por ejemplo, las agencias implementan dise\u00f1os de ancho completo, de una p\u00e1gina o en caja para adaptarse a cualquier proyecto. Por lo tanto, este tema no s\u00f3lo acelera el desarrollo, sino que tambi\u00e9n garantiza que su sitio funcione a la perfecci\u00f3n en todos los dispositivos.<\/p>\n\n<h3>Empiece hoy mismo a crear con Uncode<\/h3>\n<p>Eleve sus proyectos de WordPress con <strong>Uncode - Creativo y WooCommerce WordPress Tema<\/strong>. Combinando potentes herramientas con libertad creativa, podr\u00e1 crear sitios web que cautiven y conviertan. Instale Uncode ahora y convierta su visi\u00f3n en realidad.\n\t\t\t\t\t<\/div>\n\t\t\t\t\t\t<\/div>\n\t\t\t\t<\/div>\n\t\t\t\t\t<\/div>\n\t\t\t\t<\/div>\n\t\t<div class=\"wd-negative-gap elementor-element elementor-element-c25ccef e-flex e-con-boxed e-con e-parent\" data-id=\"c25ccef\" data-element_type=\"container\" data-e-type=\"container\">\n\t\t\t\t\t<div class=\"e-con-inner\">\n\t\t\t\t<div class=\"elementor-element elementor-element-956e52a elementor-widget elementor-widget-video\" data-id=\"956e52a\" data-element_type=\"widget\" data-e-type=\"widget\" data-settings=\"{&quot;youtube_url&quot;:&quot;https:\\\/\\\/youtu.be\\\/vRyS5pL-0dY&quot;,&quot;video_type&quot;:&quot;youtube&quot;,&quot;controls&quot;:&quot;yes&quot;}\" data-widget_type=\"video.default\">\n\t\t\t\t\t\t\t<div class=\"elementor-wrapper elementor-open-inline\">\n\t\t\t<div class=\"elementor-video\"><\/div>\t\t<\/div>\n\t\t\t\t\t\t<\/div>\n\t\t\t\t\t<\/div>\n\t\t\t\t<\/div>\n\t\t\t\t<\/div>","protected":false},"excerpt":{"rendered":"<p>Uncode: Unleash Creativity with a Multi-Purpose WordPress Theme The Uncode Creative &amp; WooCommerce WordPress Theme empowers designers and businesses to<\/p>","protected":false},"featured_media":11073,"comment_status":"open","ping_status":"closed","template":"","meta":{"_acf_changed":false},"product_brand":[],"product_cat":[48],"product_tag":[],"class_list":{"0":"post-11152","1":"product","2":"type-product","3":"status-publish","4":"has-post-thumbnail","6":"product_cat-themes","8":"first","9":"instock","10":"sale","11":"downloadable","12":"shipping-taxable","13":"purchasable","14":"product-type-simple"},"acf":[],"yoast_head":"<!-- This site is optimized with the Yoast SEO Premium plugin v25.6 (Yoast SEO v27.1.1) - https:\/\/yoast.com\/product\/yoast-seo-premium-wordpress\/ -->\n<title>Uncode \u2013 Creative &amp; WooCommerce WordPress Theme - AllWin Theme \u2013 Free WordPress Themes Download<\/title>\n<meta name=\"description\" content=\"Uncode delivers pixel-perfect designs for creative sites and WooCommerce stores. Enjoy flexible layouts, powerful page builders, and seamless eCommerce integration.\" \/>\n<meta name=\"robots\" content=\"index, follow, max-snippet:-1, max-image-preview:large, max-video-preview:-1\" \/>\n<link rel=\"canonical\" href=\"https:\/\/allwintheme.com\/es\/producto\/uncode-creative-woocommerce-wordpress-theme\/\" \/>\n<meta property=\"og:locale\" content=\"es_ES\" \/>\n<meta property=\"og:type\" content=\"article\" \/>\n<meta property=\"og:title\" content=\"Uncode \u2013 Creative &amp; WooCommerce WordPress Theme\" \/>\n<meta property=\"og:description\" content=\"Uncode delivers pixel-perfect designs for creative sites and WooCommerce stores. Enjoy flexible layouts, powerful page builders, and seamless eCommerce integration.\" \/>\n<meta property=\"og:url\" content=\"https:\/\/allwintheme.com\/es\/producto\/uncode-creative-woocommerce-wordpress-theme\/\" \/>\n<meta property=\"og:site_name\" content=\"AllWin Theme \u2013 Free WordPress Themes Download\" \/>\n<meta property=\"article:modified_time\" content=\"2025-10-22T02:49:27+00:00\" \/>\n<meta property=\"og:image\" content=\"https:\/\/allwintheme.com\/wp-content\/uploads\/2025\/10\/wxsz1m1k.png\" \/>\n\t<meta property=\"og:image:width\" content=\"590\" \/>\n\t<meta property=\"og:image:height\" content=\"300\" \/>\n\t<meta property=\"og:image:type\" content=\"image\/png\" \/>\n<meta name=\"twitter:card\" content=\"summary_large_image\" \/>\n<meta name=\"twitter:label1\" content=\"Tiempo estimado de lectura\" \/>\n\t<meta name=\"twitter:data1\" content=\"2 minutos\" \/>\n<script type=\"application\/ld+json\" class=\"yoast-schema-graph\">{\"@context\":\"https:\/\/schema.org\",\"@graph\":[{\"@type\":\"WebPage\",\"@id\":\"https:\/\/allwintheme.com\/product\/uncode-creative-woocommerce-wordpress-theme\/\",\"url\":\"https:\/\/allwintheme.com\/product\/uncode-creative-woocommerce-wordpress-theme\/\",\"name\":\"Uncode \u2013 Creative & WooCommerce WordPress Theme - AllWin Theme \u2013 Free WordPress Themes Download\",\"isPartOf\":{\"@id\":\"https:\/\/allwintheme.com\/#website\"},\"primaryImageOfPage\":{\"@id\":\"https:\/\/allwintheme.com\/product\/uncode-creative-woocommerce-wordpress-theme\/#primaryimage\"},\"image\":{\"@id\":\"https:\/\/allwintheme.com\/product\/uncode-creative-woocommerce-wordpress-theme\/#primaryimage\"},\"thumbnailUrl\":\"https:\/\/allwintheme.com\/wp-content\/uploads\/2025\/10\/wxsz1m1k.png\",\"datePublished\":\"2025-10-22T02:27:06+00:00\",\"dateModified\":\"2025-10-22T02:49:27+00:00\",\"description\":\"Uncode delivers pixel-perfect designs for creative sites and WooCommerce stores. Enjoy flexible layouts, powerful page builders, and seamless eCommerce integration.\",\"breadcrumb\":{\"@id\":\"https:\/\/allwintheme.com\/product\/uncode-creative-woocommerce-wordpress-theme\/#breadcrumb\"},\"inLanguage\":\"es-CL\",\"potentialAction\":[{\"@type\":\"ReadAction\",\"target\":[\"https:\/\/allwintheme.com\/product\/uncode-creative-woocommerce-wordpress-theme\/\"]}]},{\"@type\":\"ImageObject\",\"inLanguage\":\"es-CL\",\"@id\":\"https:\/\/allwintheme.com\/product\/uncode-creative-woocommerce-wordpress-theme\/#primaryimage\",\"url\":\"https:\/\/allwintheme.com\/wp-content\/uploads\/2025\/10\/wxsz1m1k.png\",\"contentUrl\":\"https:\/\/allwintheme.com\/wp-content\/uploads\/2025\/10\/wxsz1m1k.png\",\"width\":590,\"height\":300,\"caption\":\"Uncode \u2013 Creative & WooCommerce WordPress Theme\"},{\"@type\":\"BreadcrumbList\",\"@id\":\"https:\/\/allwintheme.com\/product\/uncode-creative-woocommerce-wordpress-theme\/#breadcrumb\",\"itemListElement\":[{\"@type\":\"ListItem\",\"position\":1,\"name\":\"Home\",\"item\":\"https:\/\/allwintheme.com\/\"},{\"@type\":\"ListItem\",\"position\":2,\"name\":\"Shop\",\"item\":\"https:\/\/allwintheme.com\/shop\/\"},{\"@type\":\"ListItem\",\"position\":3,\"name\":\"Uncode \u2013 Creative &#038; WooCommerce WordPress Theme\"}]},{\"@type\":\"WebSite\",\"@id\":\"https:\/\/allwintheme.com\/#website\",\"url\":\"https:\/\/allwintheme.com\/\",\"name\":\"Allwintheme\",\"description\":\"Download free WordPress themes for every niche. Blogs, business, eCommerce, portfolio, restaurant and more. All themes are GPL licensed and mobile-ready.\",\"potentialAction\":[{\"@type\":\"SearchAction\",\"target\":{\"@type\":\"EntryPoint\",\"urlTemplate\":\"https:\/\/allwintheme.com\/?s={search_term_string}\"},\"query-input\":{\"@type\":\"PropertyValueSpecification\",\"valueRequired\":true,\"valueName\":\"search_term_string\"}}],\"inLanguage\":\"es-CL\"}]}<\/script>\n<!-- \/ Yoast SEO Premium plugin. -->","yoast_head_json":{"title":"Uncode \u2013 Creative & WooCommerce WordPress Theme - AllWin Theme \u2013 Free WordPress Themes Download","description":"Uncode ofrece dise\u00f1os pixel-perfect para sitios creativos y tiendas WooCommerce. Disfruta de dise\u00f1os flexibles, potentes creadores de p\u00e1ginas y una integraci\u00f3n perfecta con eCommerce.","robots":{"index":"index","follow":"follow","max-snippet":"max-snippet:-1","max-image-preview":"max-image-preview:large","max-video-preview":"max-video-preview:-1"},"canonical":"https:\/\/allwintheme.com\/es\/producto\/uncode-creative-woocommerce-wordpress-theme\/","og_locale":"es_ES","og_type":"article","og_title":"Uncode \u2013 Creative & WooCommerce WordPress Theme","og_description":"Uncode delivers pixel-perfect designs for creative sites and WooCommerce stores. Enjoy flexible layouts, powerful page builders, and seamless eCommerce integration.","og_url":"https:\/\/allwintheme.com\/es\/producto\/uncode-creative-woocommerce-wordpress-theme\/","og_site_name":"AllWin Theme \u2013 Free WordPress Themes Download","article_modified_time":"2025-10-22T02:49:27+00:00","og_image":[{"width":590,"height":300,"url":"https:\/\/allwintheme.com\/wp-content\/uploads\/2025\/10\/wxsz1m1k.png","type":"image\/png"}],"twitter_card":"summary_large_image","twitter_misc":{"Tiempo estimado de lectura":"2 minutos"},"schema":{"@context":"https:\/\/schema.org","@graph":[{"@type":"WebPage","@id":"https:\/\/allwintheme.com\/product\/uncode-creative-woocommerce-wordpress-theme\/","url":"https:\/\/allwintheme.com\/product\/uncode-creative-woocommerce-wordpress-theme\/","name":"Uncode \u2013 Creative & WooCommerce WordPress Theme - AllWin Theme \u2013 Free WordPress Themes Download","isPartOf":{"@id":"https:\/\/allwintheme.com\/#website"},"primaryImageOfPage":{"@id":"https:\/\/allwintheme.com\/product\/uncode-creative-woocommerce-wordpress-theme\/#primaryimage"},"image":{"@id":"https:\/\/allwintheme.com\/product\/uncode-creative-woocommerce-wordpress-theme\/#primaryimage"},"thumbnailUrl":"https:\/\/allwintheme.com\/wp-content\/uploads\/2025\/10\/wxsz1m1k.png","datePublished":"2025-10-22T02:27:06+00:00","dateModified":"2025-10-22T02:49:27+00:00","description":"Uncode ofrece dise\u00f1os pixel-perfect para sitios creativos y tiendas WooCommerce. Disfruta de dise\u00f1os flexibles, potentes creadores de p\u00e1ginas y una integraci\u00f3n perfecta con eCommerce.","breadcrumb":{"@id":"https:\/\/allwintheme.com\/product\/uncode-creative-woocommerce-wordpress-theme\/#breadcrumb"},"inLanguage":"es-CL","potentialAction":[{"@type":"ReadAction","target":["https:\/\/allwintheme.com\/product\/uncode-creative-woocommerce-wordpress-theme\/"]}]},{"@type":"ImageObject","inLanguage":"es-CL","@id":"https:\/\/allwintheme.com\/product\/uncode-creative-woocommerce-wordpress-theme\/#primaryimage","url":"https:\/\/allwintheme.com\/wp-content\/uploads\/2025\/10\/wxsz1m1k.png","contentUrl":"https:\/\/allwintheme.com\/wp-content\/uploads\/2025\/10\/wxsz1m1k.png","width":590,"height":300,"caption":"Uncode \u2013 Creative & WooCommerce WordPress Theme"},{"@type":"BreadcrumbList","@id":"https:\/\/allwintheme.com\/product\/uncode-creative-woocommerce-wordpress-theme\/#breadcrumb","itemListElement":[{"@type":"ListItem","position":1,"name":"Home","item":"https:\/\/allwintheme.com\/"},{"@type":"ListItem","position":2,"name":"Shop","item":"https:\/\/allwintheme.com\/shop\/"},{"@type":"ListItem","position":3,"name":"Uncode \u2013 Creative &#038; WooCommerce WordPress Theme"}]},{"@type":"WebSite","@id":"https:\/\/allwintheme.com\/#website","url":"https:\/\/allwintheme.com\/","name":"Allwintheme","description":"Descarga gratis temas de WordPress para todos los nichos. Blogs, negocios, comercio electr\u00f3nico, portafolio, restaurante y m\u00e1s. Todos los temas tienen licencia GPL y est\u00e1n preparados para dispositivos m\u00f3viles.","potentialAction":[{"@type":"SearchAction","target":{"@type":"EntryPoint","urlTemplate":"https:\/\/allwintheme.com\/?s={search_term_string}"},"query-input":{"@type":"PropertyValueSpecification","valueRequired":true,"valueName":"search_term_string"}}],"inLanguage":"es-CL"}]}},"_links":{"self":[{"href":"https:\/\/allwintheme.com\/es\/wp-json\/wp\/v2\/product\/11152","targetHints":{"allow":["GET"]}}],"collection":[{"href":"https:\/\/allwintheme.com\/es\/wp-json\/wp\/v2\/product"}],"about":[{"href":"https:\/\/allwintheme.com\/es\/wp-json\/wp\/v2\/types\/product"}],"replies":[{"embeddable":true,"href":"https:\/\/allwintheme.com\/es\/wp-json\/wp\/v2\/comments?post=11152"}],"version-history":[{"count":6,"href":"https:\/\/allwintheme.com\/es\/wp-json\/wp\/v2\/product\/11152\/revisions"}],"predecessor-version":[{"id":11163,"href":"https:\/\/allwintheme.com\/es\/wp-json\/wp\/v2\/product\/11152\/revisions\/11163"}],"wp:featuredmedia":[{"embeddable":true,"href":"https:\/\/allwintheme.com\/es\/wp-json\/wp\/v2\/media\/11073"}],"wp:attachment":[{"href":"https:\/\/allwintheme.com\/es\/wp-json\/wp\/v2\/media?parent=11152"}],"wp:term":[{"taxonomy":"product_brand","embeddable":true,"href":"https:\/\/allwintheme.com\/es\/wp-json\/wp\/v2\/product_brand?post=11152"},{"taxonomy":"product_cat","embeddable":true,"href":"https:\/\/allwintheme.com\/es\/wp-json\/wp\/v2\/product_cat?post=11152"},{"taxonomy":"product_tag","embeddable":true,"href":"https:\/\/allwintheme.com\/es\/wp-json\/wp\/v2\/product_tag?post=11152"}],"curies":[{"name":"wp","href":"https:\/\/api.w.org\/{rel}","templated":true}]}}