{"id":11170,"date":"2025-10-22T03:06:09","date_gmt":"2025-10-22T03:06:09","guid":{"rendered":"https:\/\/allwintheme.com\/?post_type=product&#038;p=11170"},"modified":"2025-10-22T03:13:01","modified_gmt":"2025-10-22T03:13:01","slug":"razzi-multipurpose-woocommerce-wordpress-theme","status":"publish","type":"product","link":"https:\/\/allwintheme.com\/es\/producto\/razzi-multipurpose-woocommerce-wordpress-theme\/","title":{"rendered":"Razzi - Multipurpose WooCommerce WordPress Theme"},"content":{"rendered":"<div data-elementor-type=\"wp-post\" data-elementor-id=\"11170\" class=\"elementor elementor-11170\" data-elementor-settings=\"{&quot;element_pack_global_tooltip_width&quot;:{&quot;unit&quot;:&quot;px&quot;,&quot;size&quot;:&quot;&quot;,&quot;sizes&quot;:[]},&quot;element_pack_global_tooltip_width_tablet&quot;:{&quot;unit&quot;:&quot;px&quot;,&quot;size&quot;:&quot;&quot;,&quot;sizes&quot;:[]},&quot;element_pack_global_tooltip_width_mobile&quot;:{&quot;unit&quot;:&quot;px&quot;,&quot;size&quot;:&quot;&quot;,&quot;sizes&quot;:[]},&quot;element_pack_global_tooltip_padding&quot;:{&quot;unit&quot;:&quot;px&quot;,&quot;top&quot;:&quot;&quot;,&quot;right&quot;:&quot;&quot;,&quot;bottom&quot;:&quot;&quot;,&quot;left&quot;:&quot;&quot;,&quot;isLinked&quot;:true},&quot;element_pack_global_tooltip_padding_tablet&quot;:{&quot;unit&quot;:&quot;px&quot;,&quot;top&quot;:&quot;&quot;,&quot;right&quot;:&quot;&quot;,&quot;bottom&quot;:&quot;&quot;,&quot;left&quot;:&quot;&quot;,&quot;isLinked&quot;:true},&quot;element_pack_global_tooltip_padding_mobile&quot;:{&quot;unit&quot;:&quot;px&quot;,&quot;top&quot;:&quot;&quot;,&quot;right&quot;:&quot;&quot;,&quot;bottom&quot;:&quot;&quot;,&quot;left&quot;:&quot;&quot;,&quot;isLinked&quot;:true},&quot;element_pack_global_tooltip_border_radius&quot;:{&quot;unit&quot;:&quot;px&quot;,&quot;top&quot;:&quot;&quot;,&quot;right&quot;:&quot;&quot;,&quot;bottom&quot;:&quot;&quot;,&quot;left&quot;:&quot;&quot;,&quot;isLinked&quot;:true},&quot;element_pack_global_tooltip_border_radius_tablet&quot;:{&quot;unit&quot;:&quot;px&quot;,&quot;top&quot;:&quot;&quot;,&quot;right&quot;:&quot;&quot;,&quot;bottom&quot;:&quot;&quot;,&quot;left&quot;:&quot;&quot;,&quot;isLinked&quot;:true},&quot;element_pack_global_tooltip_border_radius_mobile&quot;:{&quot;unit&quot;:&quot;px&quot;,&quot;top&quot;:&quot;&quot;,&quot;right&quot;:&quot;&quot;,&quot;bottom&quot;:&quot;&quot;,&quot;left&quot;:&quot;&quot;,&quot;isLinked&quot;:true}}\" data-elementor-post-type=\"product\">\n\t\t\t\t<div class=\"wd-negative-gap elementor-element elementor-element-116794f e-flex e-con-boxed e-con e-parent\" data-id=\"116794f\" data-element_type=\"container\" data-e-type=\"container\">\n\t\t\t\t\t<div class=\"e-con-inner\">\n\t\t\t\t<div class=\"elementor-element elementor-element-03d2133 elementor-widget elementor-widget-wd_text_block\" data-id=\"03d2133\" data-element_type=\"widget\" data-e-type=\"widget\" data-widget_type=\"wd_text_block.default\">\n\t\t\t\t<div class=\"elementor-widget-container\">\n\t\t\t\t\t\t\t<div class=\"wd-text-block reset-last-child text-left\">\n\t\t\t\n\t\t\t<h2>Razzi: Transforma tu tienda WooCommerce sin esfuerzo<\/h2>\n<p><strong>Razzi - Multipurpose WooCommerce WordPress Theme<\/strong> ofrece una experiencia limpia y minimalista basada en AJAX y adaptada a los minoristas en l\u00ednea. Por ejemplo, los desarrolladores y propietarios de tiendas aprovechan activamente su integraci\u00f3n con Elementor para crear tiendas din\u00e1micas sin complicaciones de codificaci\u00f3n. De este modo, podr\u00e1 crear sitios atractivos para moda, electr\u00f3nica, muebles o cualquier nicho, aumentando las conversiones gracias a una funcionalidad sin fisuras.<\/p>\n\n<h3>Desbloquee la potente personalizaci\u00f3n de la tienda<\/h3>\n<p>Con Razzi, aprovecha el constructor de arrastrar y soltar de Elementor para dise\u00f1ar dise\u00f1os adaptables r\u00e1pidamente. Adem\u00e1s, el tema es compatible con todo el paquete de WooCommerce, incluidos los productos simples, variables, digitales y de afiliaci\u00f3n. Como resultado, podr\u00e1s gestionar pedidos, impuestos, env\u00edos y cupones sin esfuerzo, mientras que funciones avanzadas como las muestras de variaci\u00f3n ayudan a los clientes a seleccionar tallas o colores con facilidad.<\/p>\n\n<h3>\u00bfPor qu\u00e9 elegir Razzi?<\/h3>\n<ul>\n    <li><strong>Dise\u00f1os vers\u00e1tiles:<\/strong> Puede elegir entre varias cabeceras, p\u00e1ginas de inicio y demos de tiendas predise\u00f1adas para adaptarlas a su marca al instante.<\/li>\n    <li><strong>Mejoras de AJAX:<\/strong> Los compradores disfrutan de una navegaci\u00f3n fluida con actualizaciones instant\u00e1neas del carrito y funciones de adici\u00f3n r\u00e1pida, lo que reduce las tasas de rebote.<\/li>\n    <li><strong>Dise\u00f1o Mobile-First:<\/strong> El tema garantiza un rendimiento impecable en todos los dispositivos, para que los clientes compren c\u00f3modamente en cualquier lugar.<\/li>\n    <li><strong>Compatibilidad de plugins:<\/strong> Integraci\u00f3n perfecta con Dokan para mercados multivendedor, sliders y widgets personalizados para un sinf\u00edn de opciones.<\/li>\n<\/ul>\n\n<h3>Agilice el flujo de trabajo de su comercio electr\u00f3nico<\/h3>\n<p>Razzi simplifica la gesti\u00f3n de la tienda con herramientas intuitivas como las barras adhesivas de a\u00f1adir al carrito y los redireccionamientos directos a la caja. Por ejemplo, se saltan los carritos tradicionales para agilizar las compras, mejorando la satisfacci\u00f3n del usuario. Por lo tanto, este tema no s\u00f3lo le ahorra costes de extensi\u00f3n premium, sino que tambi\u00e9n posiciona su negocio para crecer en mercados competitivos.<\/p>\n\n<h3>Lance hoy mismo la tienda de sus sue\u00f1os<\/h3>\n<p>Mejore su presencia en Internet con <strong>Razzi - Multipurpose WooCommerce WordPress Theme<\/strong>. Combinando una est\u00e9tica moderna y funciones robustas, usted ofrece experiencias de compra excepcionales. Instale Razzi ahora y vea c\u00f3mo se disparan sus ventas.\n\t\t\t\t\t<\/div>\n\t\t\t\t\t\t<\/div>\n\t\t\t\t<\/div>\n\t\t\t\t\t<\/div>\n\t\t\t\t<\/div>\n\t\t<div class=\"wd-negative-gap elementor-element elementor-element-c25ccef e-flex e-con-boxed e-con e-parent\" data-id=\"c25ccef\" data-element_type=\"container\" data-e-type=\"container\">\n\t\t\t\t\t<div class=\"e-con-inner\">\n\t\t\t\t<div class=\"elementor-element elementor-element-956e52a elementor-widget elementor-widget-video\" data-id=\"956e52a\" data-element_type=\"widget\" data-e-type=\"widget\" data-settings=\"{&quot;youtube_url&quot;:&quot;https:\\\/\\\/youtu.be\\\/TWIevtwBFbM?list=PL3fm_GjXLNQtNNV4ws0NqeylHRT-L-DlR&quot;,&quot;video_type&quot;:&quot;youtube&quot;,&quot;controls&quot;:&quot;yes&quot;}\" data-widget_type=\"video.default\">\n\t\t\t\t\t\t\t<div class=\"elementor-wrapper elementor-open-inline\">\n\t\t\t<div class=\"elementor-video\"><\/div>\t\t<\/div>\n\t\t\t\t\t\t<\/div>\n\t\t\t\t\t<\/div>\n\t\t\t\t<\/div>\n\t\t\t\t<\/div>","protected":false},"excerpt":{"rendered":"<p>Razzi: Transforme su tienda WooCommerce sin esfuerzo Razzi - Multipurpose WooCommerce WordPress Theme ofrece una experiencia limpia, minimalista y con tecnolog\u00eda AJAX adaptada a las necesidades de su tienda WooCommerce.<\/p>","protected":false},"featured_media":11071,"comment_status":"open","ping_status":"closed","template":"","meta":{"_acf_changed":false},"product_brand":[],"product_cat":[48],"product_tag":[],"class_list":{"0":"post-11170","1":"product","2":"type-product","3":"status-publish","4":"has-post-thumbnail","6":"product_cat-themes","8":"first","9":"instock","10":"sale","11":"downloadable","12":"shipping-taxable","13":"purchasable","14":"product-type-simple"},"acf":[],"yoast_head":"<!-- This site is optimized with the Yoast SEO Premium plugin v25.6 (Yoast SEO v27.1.1) - https:\/\/yoast.com\/product\/yoast-seo-premium-wordpress\/ -->\n<title>Razzi \u2013 Multipurpose WooCommerce WordPress Theme - AllWin Theme \u2013 Free WordPress Themes Download<\/title>\n<meta name=\"description\" content=\"Build stunning WooCommerce stores with Razzi theme. Clean, minimal design powered by Elementor for fashion, electronics, and more.\" \/>\n<meta name=\"robots\" content=\"index, follow, max-snippet:-1, max-image-preview:large, max-video-preview:-1\" \/>\n<link rel=\"canonical\" href=\"https:\/\/allwintheme.com\/es\/producto\/razzi-multipurpose-woocommerce-wordpress-theme\/\" \/>\n<meta property=\"og:locale\" content=\"es_ES\" \/>\n<meta property=\"og:type\" content=\"article\" \/>\n<meta property=\"og:title\" content=\"Razzi \u2013 Multipurpose WooCommerce WordPress Theme\" \/>\n<meta property=\"og:description\" content=\"Build stunning WooCommerce stores with Razzi theme. Clean, minimal design powered by Elementor for fashion, electronics, and more.\" \/>\n<meta property=\"og:url\" content=\"https:\/\/allwintheme.com\/es\/producto\/razzi-multipurpose-woocommerce-wordpress-theme\/\" \/>\n<meta property=\"og:site_name\" content=\"AllWin Theme \u2013 Free WordPress Themes Download\" \/>\n<meta property=\"article:modified_time\" content=\"2025-10-22T03:13:01+00:00\" \/>\n<meta property=\"og:image\" content=\"https:\/\/allwintheme.com\/wp-content\/uploads\/2025\/10\/t2e7btiv.png\" \/>\n\t<meta property=\"og:image:width\" content=\"590\" \/>\n\t<meta property=\"og:image:height\" content=\"300\" \/>\n\t<meta property=\"og:image:type\" content=\"image\/png\" \/>\n<meta name=\"twitter:card\" content=\"summary_large_image\" \/>\n<meta name=\"twitter:label1\" content=\"Tiempo estimado de lectura\" \/>\n\t<meta name=\"twitter:data1\" content=\"2 minutos\" \/>\n<script type=\"application\/ld+json\" class=\"yoast-schema-graph\">{\"@context\":\"https:\/\/schema.org\",\"@graph\":[{\"@type\":\"WebPage\",\"@id\":\"https:\/\/allwintheme.com\/product\/razzi-multipurpose-woocommerce-wordpress-theme\/\",\"url\":\"https:\/\/allwintheme.com\/product\/razzi-multipurpose-woocommerce-wordpress-theme\/\",\"name\":\"Razzi \u2013 Multipurpose WooCommerce WordPress Theme - AllWin Theme \u2013 Free WordPress Themes Download\",\"isPartOf\":{\"@id\":\"https:\/\/allwintheme.com\/#website\"},\"primaryImageOfPage\":{\"@id\":\"https:\/\/allwintheme.com\/product\/razzi-multipurpose-woocommerce-wordpress-theme\/#primaryimage\"},\"image\":{\"@id\":\"https:\/\/allwintheme.com\/product\/razzi-multipurpose-woocommerce-wordpress-theme\/#primaryimage\"},\"thumbnailUrl\":\"https:\/\/allwintheme.com\/wp-content\/uploads\/2025\/10\/t2e7btiv.png\",\"datePublished\":\"2025-10-22T03:06:09+00:00\",\"dateModified\":\"2025-10-22T03:13:01+00:00\",\"description\":\"Build stunning WooCommerce stores with Razzi theme. Clean, minimal design powered by Elementor for fashion, electronics, and more.\",\"breadcrumb\":{\"@id\":\"https:\/\/allwintheme.com\/product\/razzi-multipurpose-woocommerce-wordpress-theme\/#breadcrumb\"},\"inLanguage\":\"es-CL\",\"potentialAction\":[{\"@type\":\"ReadAction\",\"target\":[\"https:\/\/allwintheme.com\/product\/razzi-multipurpose-woocommerce-wordpress-theme\/\"]}]},{\"@type\":\"ImageObject\",\"inLanguage\":\"es-CL\",\"@id\":\"https:\/\/allwintheme.com\/product\/razzi-multipurpose-woocommerce-wordpress-theme\/#primaryimage\",\"url\":\"https:\/\/allwintheme.com\/wp-content\/uploads\/2025\/10\/t2e7btiv.png\",\"contentUrl\":\"https:\/\/allwintheme.com\/wp-content\/uploads\/2025\/10\/t2e7btiv.png\",\"width\":590,\"height\":300,\"caption\":\"Razzi \u2013 Multipurpose WooCommerce WordPress Theme\"},{\"@type\":\"BreadcrumbList\",\"@id\":\"https:\/\/allwintheme.com\/product\/razzi-multipurpose-woocommerce-wordpress-theme\/#breadcrumb\",\"itemListElement\":[{\"@type\":\"ListItem\",\"position\":1,\"name\":\"Home\",\"item\":\"https:\/\/allwintheme.com\/\"},{\"@type\":\"ListItem\",\"position\":2,\"name\":\"Shop\",\"item\":\"https:\/\/allwintheme.com\/shop\/\"},{\"@type\":\"ListItem\",\"position\":3,\"name\":\"Razzi \u2013 Multipurpose WooCommerce WordPress Theme\"}]},{\"@type\":\"WebSite\",\"@id\":\"https:\/\/allwintheme.com\/#website\",\"url\":\"https:\/\/allwintheme.com\/\",\"name\":\"Allwintheme\",\"description\":\"Download free WordPress themes for every niche. Blogs, business, eCommerce, portfolio, restaurant and more. All themes are GPL licensed and mobile-ready.\",\"potentialAction\":[{\"@type\":\"SearchAction\",\"target\":{\"@type\":\"EntryPoint\",\"urlTemplate\":\"https:\/\/allwintheme.com\/?s={search_term_string}\"},\"query-input\":{\"@type\":\"PropertyValueSpecification\",\"valueRequired\":true,\"valueName\":\"search_term_string\"}}],\"inLanguage\":\"es-CL\"}]}<\/script>\n<!-- \/ Yoast SEO Premium plugin. -->","yoast_head_json":{"title":"Razzi \u2013 Multipurpose WooCommerce WordPress Theme - AllWin Theme \u2013 Free WordPress Themes Download","description":"Construye impresionantes tiendas WooCommerce con el tema Razzi. Dise\u00f1o limpio y minimalista impulsado por Elementor para moda, electr\u00f3nica y m\u00e1s.","robots":{"index":"index","follow":"follow","max-snippet":"max-snippet:-1","max-image-preview":"max-image-preview:large","max-video-preview":"max-video-preview:-1"},"canonical":"https:\/\/allwintheme.com\/es\/producto\/razzi-multipurpose-woocommerce-wordpress-theme\/","og_locale":"es_ES","og_type":"article","og_title":"Razzi \u2013 Multipurpose WooCommerce WordPress Theme","og_description":"Build stunning WooCommerce stores with Razzi theme. Clean, minimal design powered by Elementor for fashion, electronics, and more.","og_url":"https:\/\/allwintheme.com\/es\/producto\/razzi-multipurpose-woocommerce-wordpress-theme\/","og_site_name":"AllWin Theme \u2013 Free WordPress Themes Download","article_modified_time":"2025-10-22T03:13:01+00:00","og_image":[{"width":590,"height":300,"url":"https:\/\/allwintheme.com\/wp-content\/uploads\/2025\/10\/t2e7btiv.png","type":"image\/png"}],"twitter_card":"summary_large_image","twitter_misc":{"Tiempo estimado de lectura":"2 minutos"},"schema":{"@context":"https:\/\/schema.org","@graph":[{"@type":"WebPage","@id":"https:\/\/allwintheme.com\/product\/razzi-multipurpose-woocommerce-wordpress-theme\/","url":"https:\/\/allwintheme.com\/product\/razzi-multipurpose-woocommerce-wordpress-theme\/","name":"Razzi \u2013 Multipurpose WooCommerce WordPress Theme - AllWin Theme \u2013 Free WordPress Themes Download","isPartOf":{"@id":"https:\/\/allwintheme.com\/#website"},"primaryImageOfPage":{"@id":"https:\/\/allwintheme.com\/product\/razzi-multipurpose-woocommerce-wordpress-theme\/#primaryimage"},"image":{"@id":"https:\/\/allwintheme.com\/product\/razzi-multipurpose-woocommerce-wordpress-theme\/#primaryimage"},"thumbnailUrl":"https:\/\/allwintheme.com\/wp-content\/uploads\/2025\/10\/t2e7btiv.png","datePublished":"2025-10-22T03:06:09+00:00","dateModified":"2025-10-22T03:13:01+00:00","description":"Construye impresionantes tiendas WooCommerce con el tema Razzi. Dise\u00f1o limpio y minimalista impulsado por Elementor para moda, electr\u00f3nica y m\u00e1s.","breadcrumb":{"@id":"https:\/\/allwintheme.com\/product\/razzi-multipurpose-woocommerce-wordpress-theme\/#breadcrumb"},"inLanguage":"es-CL","potentialAction":[{"@type":"ReadAction","target":["https:\/\/allwintheme.com\/product\/razzi-multipurpose-woocommerce-wordpress-theme\/"]}]},{"@type":"ImageObject","inLanguage":"es-CL","@id":"https:\/\/allwintheme.com\/product\/razzi-multipurpose-woocommerce-wordpress-theme\/#primaryimage","url":"https:\/\/allwintheme.com\/wp-content\/uploads\/2025\/10\/t2e7btiv.png","contentUrl":"https:\/\/allwintheme.com\/wp-content\/uploads\/2025\/10\/t2e7btiv.png","width":590,"height":300,"caption":"Razzi \u2013 Multipurpose WooCommerce WordPress Theme"},{"@type":"BreadcrumbList","@id":"https:\/\/allwintheme.com\/product\/razzi-multipurpose-woocommerce-wordpress-theme\/#breadcrumb","itemListElement":[{"@type":"ListItem","position":1,"name":"Home","item":"https:\/\/allwintheme.com\/"},{"@type":"ListItem","position":2,"name":"Shop","item":"https:\/\/allwintheme.com\/shop\/"},{"@type":"ListItem","position":3,"name":"Razzi \u2013 Multipurpose WooCommerce WordPress Theme"}]},{"@type":"WebSite","@id":"https:\/\/allwintheme.com\/#website","url":"https:\/\/allwintheme.com\/","name":"Allwintheme","description":"Descarga gratis temas de WordPress para todos los nichos. Blogs, negocios, comercio electr\u00f3nico, portafolio, restaurante y m\u00e1s. Todos los temas tienen licencia GPL y est\u00e1n preparados para dispositivos m\u00f3viles.","potentialAction":[{"@type":"SearchAction","target":{"@type":"EntryPoint","urlTemplate":"https:\/\/allwintheme.com\/?s={search_term_string}"},"query-input":{"@type":"PropertyValueSpecification","valueRequired":true,"valueName":"search_term_string"}}],"inLanguage":"es-CL"}]}},"_links":{"self":[{"href":"https:\/\/allwintheme.com\/es\/wp-json\/wp\/v2\/product\/11170","targetHints":{"allow":["GET"]}}],"collection":[{"href":"https:\/\/allwintheme.com\/es\/wp-json\/wp\/v2\/product"}],"about":[{"href":"https:\/\/allwintheme.com\/es\/wp-json\/wp\/v2\/types\/product"}],"replies":[{"embeddable":true,"href":"https:\/\/allwintheme.com\/es\/wp-json\/wp\/v2\/comments?post=11170"}],"version-history":[{"count":5,"href":"https:\/\/allwintheme.com\/es\/wp-json\/wp\/v2\/product\/11170\/revisions"}],"predecessor-version":[{"id":11175,"href":"https:\/\/allwintheme.com\/es\/wp-json\/wp\/v2\/product\/11170\/revisions\/11175"}],"wp:featuredmedia":[{"embeddable":true,"href":"https:\/\/allwintheme.com\/es\/wp-json\/wp\/v2\/media\/11071"}],"wp:attachment":[{"href":"https:\/\/allwintheme.com\/es\/wp-json\/wp\/v2\/media?parent=11170"}],"wp:term":[{"taxonomy":"product_brand","embeddable":true,"href":"https:\/\/allwintheme.com\/es\/wp-json\/wp\/v2\/product_brand?post=11170"},{"taxonomy":"product_cat","embeddable":true,"href":"https:\/\/allwintheme.com\/es\/wp-json\/wp\/v2\/product_cat?post=11170"},{"taxonomy":"product_tag","embeddable":true,"href":"https:\/\/allwintheme.com\/es\/wp-json\/wp\/v2\/product_tag?post=11170"}],"curies":[{"name":"wp","href":"https:\/\/api.w.org\/{rel}","templated":true}]}}