{"id":11176,"date":"2025-10-22T03:13:54","date_gmt":"2025-10-22T03:13:54","guid":{"rendered":"https:\/\/allwintheme.com\/?post_type=product&#038;p=11176"},"modified":"2025-10-23T02:02:20","modified_gmt":"2025-10-23T02:02:20","slug":"minimogwp-el-tema-de-wordpress-para-comercio-electronico-de-alta-conversion","status":"publish","type":"product","link":"https:\/\/allwintheme.com\/es\/producto\/minimogwp-el-tema-de-wordpress-para-comercio-electronico-de-alta-conversion\/","title":{"rendered":"MinimogWP - El tema de WordPress para comercio electr\u00f3nico de alta conversi\u00f3n"},"content":{"rendered":"<div data-elementor-type=\"wp-post\" data-elementor-id=\"11176\" class=\"elementor elementor-11176\" data-elementor-settings=\"{&quot;element_pack_global_tooltip_width&quot;:{&quot;unit&quot;:&quot;px&quot;,&quot;size&quot;:&quot;&quot;,&quot;sizes&quot;:[]},&quot;element_pack_global_tooltip_width_tablet&quot;:{&quot;unit&quot;:&quot;px&quot;,&quot;size&quot;:&quot;&quot;,&quot;sizes&quot;:[]},&quot;element_pack_global_tooltip_width_mobile&quot;:{&quot;unit&quot;:&quot;px&quot;,&quot;size&quot;:&quot;&quot;,&quot;sizes&quot;:[]},&quot;element_pack_global_tooltip_padding&quot;:{&quot;unit&quot;:&quot;px&quot;,&quot;top&quot;:&quot;&quot;,&quot;right&quot;:&quot;&quot;,&quot;bottom&quot;:&quot;&quot;,&quot;left&quot;:&quot;&quot;,&quot;isLinked&quot;:true},&quot;element_pack_global_tooltip_padding_tablet&quot;:{&quot;unit&quot;:&quot;px&quot;,&quot;top&quot;:&quot;&quot;,&quot;right&quot;:&quot;&quot;,&quot;bottom&quot;:&quot;&quot;,&quot;left&quot;:&quot;&quot;,&quot;isLinked&quot;:true},&quot;element_pack_global_tooltip_padding_mobile&quot;:{&quot;unit&quot;:&quot;px&quot;,&quot;top&quot;:&quot;&quot;,&quot;right&quot;:&quot;&quot;,&quot;bottom&quot;:&quot;&quot;,&quot;left&quot;:&quot;&quot;,&quot;isLinked&quot;:true},&quot;element_pack_global_tooltip_border_radius&quot;:{&quot;unit&quot;:&quot;px&quot;,&quot;top&quot;:&quot;&quot;,&quot;right&quot;:&quot;&quot;,&quot;bottom&quot;:&quot;&quot;,&quot;left&quot;:&quot;&quot;,&quot;isLinked&quot;:true},&quot;element_pack_global_tooltip_border_radius_tablet&quot;:{&quot;unit&quot;:&quot;px&quot;,&quot;top&quot;:&quot;&quot;,&quot;right&quot;:&quot;&quot;,&quot;bottom&quot;:&quot;&quot;,&quot;left&quot;:&quot;&quot;,&quot;isLinked&quot;:true},&quot;element_pack_global_tooltip_border_radius_mobile&quot;:{&quot;unit&quot;:&quot;px&quot;,&quot;top&quot;:&quot;&quot;,&quot;right&quot;:&quot;&quot;,&quot;bottom&quot;:&quot;&quot;,&quot;left&quot;:&quot;&quot;,&quot;isLinked&quot;:true}}\" data-elementor-post-type=\"product\">\n\t\t\t\t<div class=\"wd-negative-gap elementor-element elementor-element-116794f e-flex e-con-boxed e-con e-parent\" data-id=\"116794f\" data-element_type=\"container\" data-e-type=\"container\">\n\t\t\t\t\t<div class=\"e-con-inner\">\n\t\t\t\t<div class=\"elementor-element elementor-element-03d2133 elementor-widget elementor-widget-wd_text_block\" data-id=\"03d2133\" data-element_type=\"widget\" data-e-type=\"widget\" data-widget_type=\"wd_text_block.default\">\n\t\t\t\t<div class=\"elementor-widget-container\">\n\t\t\t\t\t\t\t<div class=\"wd-text-block reset-last-child text-left\">\n\t\t\t\n\t\t\t<h2>MinimogWP: Transforme su tienda en un motor de conversi\u00f3n<\/h2>\n<p><strong>MinimogWP<\/strong> es el tema de WordPress de \u00faltima generaci\u00f3n que los desarrolladores y propietarios de tiendas eligen activamente por su incomparable potencial de conversi\u00f3n. Por ejemplo, este tema extensible desbloquea los puntos fuertes ocultos de su sitio de comercio electr\u00f3nico a trav\u00e9s de un paquete de funciones integradas, por lo que evitar\u00e1 costes adicionales o plugins. De este modo, podr\u00e1 crear tiendas profesionales en cuesti\u00f3n de minutos y convertir a sus visitantes en clientes fieles con un rendimiento impecable.<\/p>\n\n<h3>Cree impresionantes tiendas sin esfuerzo<\/h3>\n<p>Con MinimogWP, tendr\u00e1 acceso a m\u00e1s de 60 sofisticadas demos, m\u00e1s de 7 estilos de cabecera y m\u00e1s de 30 opciones de pie de p\u00e1gina para personalizar su dise\u00f1o al instante. Adem\u00e1s, el tema se integra perfectamente con WooCommerce, permitiendo funciones como a\u00f1adir al carrito con un solo clic y cargas de p\u00e1gina ultrarr\u00e1pidas que superan el 98% de otras tiendas WordPress. Como resultado, tus clientes disfrutar\u00e1n de una experiencia de compra sin fricciones desde la navegaci\u00f3n hasta el pago.<\/p>\n\n<h3>\u00bfPor qu\u00e9 elegir MinimogWP?<\/h3>\n<ul>\n    <li><strong>Herramientas para aumentar la conversi\u00f3n:<\/strong> Implemente listas de deseos, vistas r\u00e1pidas y paquetes de productos para aumentar las ventas.<\/li>\n    <li><strong>Funciones de comercio electr\u00f3nico premium:<\/strong> El tema incluye galer\u00edas de v\u00eddeo, temporizadores de cuenta atr\u00e1s de ventas y elementos de prueba social para aumentar la participaci\u00f3n.<\/li>\n    <li><strong>F\u00e1cil personalizaci\u00f3n:<\/strong> Puede ajustar los colores, las fuentes y los dise\u00f1os sin codificar, asegur\u00e1ndose de que su marca brille con luz propia.<\/li>\n    <li><strong>Optimizado para SEO y velocidad:<\/strong> Las optimizaciones incorporadas ayudan a los motores de b\u00fasqueda a clasificar mejor su sitio, al tiempo que mantienen los tiempos de carga al m\u00ednimo.<\/li>\n    <li><strong>Compatibilidad con Elementor:<\/strong> Puedes arrastrar y soltar dise\u00f1os usando Elementor, con soporte completo para widgets avanzados.<\/li>\n<\/ul>\n\n<h3>Desbloquee un sinf\u00edn de posibilidades para su tienda<\/h3>\n<p>MinimogWP le permite crear mercados similares a Amazon o tiendas boutique con integraci\u00f3n Dokan para soporte multiproveedor. Por ejemplo, elementos avanzados como vistas de productos de 360 grados y muestras mejoran la interacci\u00f3n con el usuario, lo que 74% lleva a mayores conversiones en las p\u00e1ginas de productos. Por lo tanto, tanto si vende moda, electr\u00f3nica o productos nicho, este tema agiliza su flujo de trabajo y maximiza los ingresos.<\/p>\n\n<h3>Lance hoy mismo su tienda de alta conversi\u00f3n<\/h3>\n<p>Mejore su comercio electr\u00f3nico con <strong>MinimogWP - El tema de WordPress para comercio electr\u00f3nico de alta conversi\u00f3n<\/strong>. Al combinar un dise\u00f1o experto, funciones robustas y una configuraci\u00f3n sin esfuerzo, usted se centra en el crecimiento y no en los obst\u00e1culos t\u00e9cnicos. Instale MinimogWP ahora y vea c\u00f3mo se disparan sus ventas.\n\t\t\t\t\t<\/div>\n\t\t\t\t\t\t<\/div>\n\t\t\t\t<\/div>\n\t\t\t\t\t<\/div>\n\t\t\t\t<\/div>\n\t\t<div class=\"wd-negative-gap elementor-element elementor-element-c25ccef e-flex e-con-boxed e-con e-parent\" data-id=\"c25ccef\" data-element_type=\"container\" data-e-type=\"container\">\n\t\t\t\t\t<div class=\"e-con-inner\">\n\t\t\t\t<div class=\"elementor-element elementor-element-956e52a elementor-widget elementor-widget-video\" data-id=\"956e52a\" data-element_type=\"widget\" data-e-type=\"widget\" data-settings=\"{&quot;youtube_url&quot;:&quot;https:\\\/\\\/youtu.be\\\/32D9nHon80E&quot;,&quot;video_type&quot;:&quot;youtube&quot;,&quot;controls&quot;:&quot;yes&quot;}\" data-widget_type=\"video.default\">\n\t\t\t\t\t\t\t<div class=\"elementor-wrapper elementor-open-inline\">\n\t\t\t<div class=\"elementor-video\"><\/div>\t\t<\/div>\n\t\t\t\t\t\t<\/div>\n\t\t\t\t\t<\/div>\n\t\t\t\t<\/div>\n\t\t\t\t<\/div>","protected":false},"excerpt":{"rendered":"<p>MinimogWP: Transform Your Store into a Conversion Powerhouse MinimogWP stands as the next-generation WordPress theme that developers and store owners<\/p>","protected":false},"featured_media":11070,"comment_status":"open","ping_status":"closed","template":"","meta":{"_acf_changed":false},"product_brand":[],"product_cat":[48],"product_tag":[],"class_list":{"0":"post-11176","1":"product","2":"type-product","3":"status-publish","4":"has-post-thumbnail","6":"product_cat-themes","8":"first","9":"instock","10":"sale","11":"downloadable","12":"shipping-taxable","13":"purchasable","14":"product-type-simple"},"acf":[],"yoast_head":"<!-- This site is optimized with the Yoast SEO Premium plugin v25.6 (Yoast SEO v27.1.1) - https:\/\/yoast.com\/product\/yoast-seo-premium-wordpress\/ -->\n<title>MinimogWP \u2013 The High Converting eCommerce WordPress Theme - AllWin Theme \u2013 Free WordPress Themes Download<\/title>\n<meta name=\"description\" content=\"Boost your online store with MinimogWP, the ultimate WordPress theme. Enjoy fast loading, WooCommerce features like wishlists and quick view, plus 60+ demos for quick setup.\" \/>\n<meta name=\"robots\" content=\"index, follow, max-snippet:-1, max-image-preview:large, max-video-preview:-1\" \/>\n<link rel=\"canonical\" href=\"https:\/\/allwintheme.com\/es\/producto\/minimogwp-el-tema-de-wordpress-para-comercio-electronico-de-alta-conversion\/\" \/>\n<meta property=\"og:locale\" content=\"es_ES\" \/>\n<meta property=\"og:type\" content=\"article\" \/>\n<meta property=\"og:title\" content=\"MinimogWP \u2013 The High Converting eCommerce WordPress Theme\" \/>\n<meta property=\"og:description\" content=\"Boost your online store with MinimogWP, the ultimate WordPress theme. Enjoy fast loading, WooCommerce features like wishlists and quick view, plus 60+ demos for quick setup.\" \/>\n<meta property=\"og:url\" content=\"https:\/\/allwintheme.com\/es\/producto\/minimogwp-el-tema-de-wordpress-para-comercio-electronico-de-alta-conversion\/\" \/>\n<meta property=\"og:site_name\" content=\"AllWin Theme \u2013 Free WordPress Themes Download\" \/>\n<meta property=\"article:modified_time\" content=\"2025-10-23T02:02:20+00:00\" \/>\n<meta property=\"og:image\" content=\"https:\/\/allwintheme.com\/wp-content\/uploads\/2025\/10\/t8d3dw7k.png\" \/>\n\t<meta property=\"og:image:width\" content=\"590\" \/>\n\t<meta property=\"og:image:height\" content=\"300\" \/>\n\t<meta property=\"og:image:type\" content=\"image\/png\" \/>\n<meta name=\"twitter:card\" content=\"summary_large_image\" \/>\n<meta name=\"twitter:label1\" content=\"Tiempo estimado de lectura\" \/>\n\t<meta name=\"twitter:data1\" content=\"2 minutos\" \/>\n<script type=\"application\/ld+json\" class=\"yoast-schema-graph\">{\"@context\":\"https:\/\/schema.org\",\"@graph\":[{\"@type\":\"WebPage\",\"@id\":\"https:\/\/allwintheme.com\/product\/minimogwp-the-high-converting-ecommerce-wordpress-theme\/\",\"url\":\"https:\/\/allwintheme.com\/product\/minimogwp-the-high-converting-ecommerce-wordpress-theme\/\",\"name\":\"MinimogWP \u2013 The High Converting eCommerce WordPress Theme - AllWin Theme \u2013 Free WordPress Themes Download\",\"isPartOf\":{\"@id\":\"https:\/\/allwintheme.com\/#website\"},\"primaryImageOfPage\":{\"@id\":\"https:\/\/allwintheme.com\/product\/minimogwp-the-high-converting-ecommerce-wordpress-theme\/#primaryimage\"},\"image\":{\"@id\":\"https:\/\/allwintheme.com\/product\/minimogwp-the-high-converting-ecommerce-wordpress-theme\/#primaryimage\"},\"thumbnailUrl\":\"https:\/\/allwintheme.com\/wp-content\/uploads\/2025\/10\/t8d3dw7k.png\",\"datePublished\":\"2025-10-22T03:13:54+00:00\",\"dateModified\":\"2025-10-23T02:02:20+00:00\",\"description\":\"Boost your online store with MinimogWP, the ultimate WordPress theme. Enjoy fast loading, WooCommerce features like wishlists and quick view, plus 60+ demos for quick setup.\",\"breadcrumb\":{\"@id\":\"https:\/\/allwintheme.com\/product\/minimogwp-the-high-converting-ecommerce-wordpress-theme\/#breadcrumb\"},\"inLanguage\":\"es-CL\",\"potentialAction\":[{\"@type\":\"ReadAction\",\"target\":[\"https:\/\/allwintheme.com\/product\/minimogwp-the-high-converting-ecommerce-wordpress-theme\/\"]}]},{\"@type\":\"ImageObject\",\"inLanguage\":\"es-CL\",\"@id\":\"https:\/\/allwintheme.com\/product\/minimogwp-the-high-converting-ecommerce-wordpress-theme\/#primaryimage\",\"url\":\"https:\/\/allwintheme.com\/wp-content\/uploads\/2025\/10\/t8d3dw7k.png\",\"contentUrl\":\"https:\/\/allwintheme.com\/wp-content\/uploads\/2025\/10\/t8d3dw7k.png\",\"width\":590,\"height\":300,\"caption\":\"MinimogWP \u2013 The High Converting eCommerce WordPress Theme\"},{\"@type\":\"BreadcrumbList\",\"@id\":\"https:\/\/allwintheme.com\/product\/minimogwp-the-high-converting-ecommerce-wordpress-theme\/#breadcrumb\",\"itemListElement\":[{\"@type\":\"ListItem\",\"position\":1,\"name\":\"Home\",\"item\":\"https:\/\/allwintheme.com\/\"},{\"@type\":\"ListItem\",\"position\":2,\"name\":\"Shop\",\"item\":\"https:\/\/allwintheme.com\/shop\/\"},{\"@type\":\"ListItem\",\"position\":3,\"name\":\"MinimogWP \u2013 The High Converting eCommerce WordPress Theme\"}]},{\"@type\":\"WebSite\",\"@id\":\"https:\/\/allwintheme.com\/#website\",\"url\":\"https:\/\/allwintheme.com\/\",\"name\":\"Allwintheme\",\"description\":\"Download free WordPress themes for every niche. Blogs, business, eCommerce, portfolio, restaurant and more. All themes are GPL licensed and mobile-ready.\",\"potentialAction\":[{\"@type\":\"SearchAction\",\"target\":{\"@type\":\"EntryPoint\",\"urlTemplate\":\"https:\/\/allwintheme.com\/?s={search_term_string}\"},\"query-input\":{\"@type\":\"PropertyValueSpecification\",\"valueRequired\":true,\"valueName\":\"search_term_string\"}}],\"inLanguage\":\"es-CL\"}]}<\/script>\n<!-- \/ Yoast SEO Premium plugin. -->","yoast_head_json":{"title":"MinimogWP \u2013 The High Converting eCommerce WordPress Theme - AllWin Theme \u2013 Free WordPress Themes Download","description":"Impulsa tu tienda online con MinimogWP, el tema de WordPress definitivo. Disfruta de carga r\u00e1pida, funciones de WooCommerce como listas de deseos y vista r\u00e1pida, adem\u00e1s de m\u00e1s de 60 demos para una configuraci\u00f3n r\u00e1pida.","robots":{"index":"index","follow":"follow","max-snippet":"max-snippet:-1","max-image-preview":"max-image-preview:large","max-video-preview":"max-video-preview:-1"},"canonical":"https:\/\/allwintheme.com\/es\/producto\/minimogwp-el-tema-de-wordpress-para-comercio-electronico-de-alta-conversion\/","og_locale":"es_ES","og_type":"article","og_title":"MinimogWP \u2013 The High Converting eCommerce WordPress Theme","og_description":"Boost your online store with MinimogWP, the ultimate WordPress theme. Enjoy fast loading, WooCommerce features like wishlists and quick view, plus 60+ demos for quick setup.","og_url":"https:\/\/allwintheme.com\/es\/producto\/minimogwp-el-tema-de-wordpress-para-comercio-electronico-de-alta-conversion\/","og_site_name":"AllWin Theme \u2013 Free WordPress Themes Download","article_modified_time":"2025-10-23T02:02:20+00:00","og_image":[{"width":590,"height":300,"url":"https:\/\/allwintheme.com\/wp-content\/uploads\/2025\/10\/t8d3dw7k.png","type":"image\/png"}],"twitter_card":"summary_large_image","twitter_misc":{"Tiempo estimado de lectura":"2 minutos"},"schema":{"@context":"https:\/\/schema.org","@graph":[{"@type":"WebPage","@id":"https:\/\/allwintheme.com\/product\/minimogwp-the-high-converting-ecommerce-wordpress-theme\/","url":"https:\/\/allwintheme.com\/product\/minimogwp-the-high-converting-ecommerce-wordpress-theme\/","name":"MinimogWP \u2013 The High Converting eCommerce WordPress Theme - AllWin Theme \u2013 Free WordPress Themes Download","isPartOf":{"@id":"https:\/\/allwintheme.com\/#website"},"primaryImageOfPage":{"@id":"https:\/\/allwintheme.com\/product\/minimogwp-the-high-converting-ecommerce-wordpress-theme\/#primaryimage"},"image":{"@id":"https:\/\/allwintheme.com\/product\/minimogwp-the-high-converting-ecommerce-wordpress-theme\/#primaryimage"},"thumbnailUrl":"https:\/\/allwintheme.com\/wp-content\/uploads\/2025\/10\/t8d3dw7k.png","datePublished":"2025-10-22T03:13:54+00:00","dateModified":"2025-10-23T02:02:20+00:00","description":"Impulsa tu tienda online con MinimogWP, el tema de WordPress definitivo. Disfruta de carga r\u00e1pida, funciones de WooCommerce como listas de deseos y vista r\u00e1pida, adem\u00e1s de m\u00e1s de 60 demos para una configuraci\u00f3n r\u00e1pida.","breadcrumb":{"@id":"https:\/\/allwintheme.com\/product\/minimogwp-the-high-converting-ecommerce-wordpress-theme\/#breadcrumb"},"inLanguage":"es-CL","potentialAction":[{"@type":"ReadAction","target":["https:\/\/allwintheme.com\/product\/minimogwp-the-high-converting-ecommerce-wordpress-theme\/"]}]},{"@type":"ImageObject","inLanguage":"es-CL","@id":"https:\/\/allwintheme.com\/product\/minimogwp-the-high-converting-ecommerce-wordpress-theme\/#primaryimage","url":"https:\/\/allwintheme.com\/wp-content\/uploads\/2025\/10\/t8d3dw7k.png","contentUrl":"https:\/\/allwintheme.com\/wp-content\/uploads\/2025\/10\/t8d3dw7k.png","width":590,"height":300,"caption":"MinimogWP \u2013 The High Converting eCommerce WordPress Theme"},{"@type":"BreadcrumbList","@id":"https:\/\/allwintheme.com\/product\/minimogwp-the-high-converting-ecommerce-wordpress-theme\/#breadcrumb","itemListElement":[{"@type":"ListItem","position":1,"name":"Home","item":"https:\/\/allwintheme.com\/"},{"@type":"ListItem","position":2,"name":"Shop","item":"https:\/\/allwintheme.com\/shop\/"},{"@type":"ListItem","position":3,"name":"MinimogWP \u2013 The High Converting eCommerce WordPress Theme"}]},{"@type":"WebSite","@id":"https:\/\/allwintheme.com\/#website","url":"https:\/\/allwintheme.com\/","name":"Allwintheme","description":"Descarga gratis temas de WordPress para todos los nichos. Blogs, negocios, comercio electr\u00f3nico, portafolio, restaurante y m\u00e1s. Todos los temas tienen licencia GPL y est\u00e1n preparados para dispositivos m\u00f3viles.","potentialAction":[{"@type":"SearchAction","target":{"@type":"EntryPoint","urlTemplate":"https:\/\/allwintheme.com\/?s={search_term_string}"},"query-input":{"@type":"PropertyValueSpecification","valueRequired":true,"valueName":"search_term_string"}}],"inLanguage":"es-CL"}]}},"_links":{"self":[{"href":"https:\/\/allwintheme.com\/es\/wp-json\/wp\/v2\/product\/11176","targetHints":{"allow":["GET"]}}],"collection":[{"href":"https:\/\/allwintheme.com\/es\/wp-json\/wp\/v2\/product"}],"about":[{"href":"https:\/\/allwintheme.com\/es\/wp-json\/wp\/v2\/types\/product"}],"replies":[{"embeddable":true,"href":"https:\/\/allwintheme.com\/es\/wp-json\/wp\/v2\/comments?post=11176"}],"version-history":[{"count":5,"href":"https:\/\/allwintheme.com\/es\/wp-json\/wp\/v2\/product\/11176\/revisions"}],"predecessor-version":[{"id":11181,"href":"https:\/\/allwintheme.com\/es\/wp-json\/wp\/v2\/product\/11176\/revisions\/11181"}],"wp:featuredmedia":[{"embeddable":true,"href":"https:\/\/allwintheme.com\/es\/wp-json\/wp\/v2\/media\/11070"}],"wp:attachment":[{"href":"https:\/\/allwintheme.com\/es\/wp-json\/wp\/v2\/media?parent=11176"}],"wp:term":[{"taxonomy":"product_brand","embeddable":true,"href":"https:\/\/allwintheme.com\/es\/wp-json\/wp\/v2\/product_brand?post=11176"},{"taxonomy":"product_cat","embeddable":true,"href":"https:\/\/allwintheme.com\/es\/wp-json\/wp\/v2\/product_cat?post=11176"},{"taxonomy":"product_tag","embeddable":true,"href":"https:\/\/allwintheme.com\/es\/wp-json\/wp\/v2\/product_tag?post=11176"}],"curies":[{"name":"wp","href":"https:\/\/api.w.org\/{rel}","templated":true}]}}