{"id":11418,"date":"2025-10-23T01:18:18","date_gmt":"2025-10-23T01:18:18","guid":{"rendered":"https:\/\/allwintheme.com\/?post_type=product&#038;p=11418"},"modified":"2025-10-23T01:28:04","modified_gmt":"2025-10-23T01:28:04","slug":"ecademy-education-lms-y-cursos-de-formacion-en-linea","status":"publish","type":"product","link":"https:\/\/allwintheme.com\/es\/producto\/ecademy-education-lms-y-cursos-de-formacion-en-linea\/","title":{"rendered":"eCademy Education LMS y cursos de formaci\u00f3n en l\u00ednea"},"content":{"rendered":"<div data-elementor-type=\"wp-post\" data-elementor-id=\"11418\" class=\"elementor elementor-11418\" data-elementor-settings=\"{&quot;element_pack_global_tooltip_width&quot;:{&quot;unit&quot;:&quot;px&quot;,&quot;size&quot;:&quot;&quot;,&quot;sizes&quot;:[]},&quot;element_pack_global_tooltip_width_tablet&quot;:{&quot;unit&quot;:&quot;px&quot;,&quot;size&quot;:&quot;&quot;,&quot;sizes&quot;:[]},&quot;element_pack_global_tooltip_width_mobile&quot;:{&quot;unit&quot;:&quot;px&quot;,&quot;size&quot;:&quot;&quot;,&quot;sizes&quot;:[]},&quot;element_pack_global_tooltip_padding&quot;:{&quot;unit&quot;:&quot;px&quot;,&quot;top&quot;:&quot;&quot;,&quot;right&quot;:&quot;&quot;,&quot;bottom&quot;:&quot;&quot;,&quot;left&quot;:&quot;&quot;,&quot;isLinked&quot;:true},&quot;element_pack_global_tooltip_padding_tablet&quot;:{&quot;unit&quot;:&quot;px&quot;,&quot;top&quot;:&quot;&quot;,&quot;right&quot;:&quot;&quot;,&quot;bottom&quot;:&quot;&quot;,&quot;left&quot;:&quot;&quot;,&quot;isLinked&quot;:true},&quot;element_pack_global_tooltip_padding_mobile&quot;:{&quot;unit&quot;:&quot;px&quot;,&quot;top&quot;:&quot;&quot;,&quot;right&quot;:&quot;&quot;,&quot;bottom&quot;:&quot;&quot;,&quot;left&quot;:&quot;&quot;,&quot;isLinked&quot;:true},&quot;element_pack_global_tooltip_border_radius&quot;:{&quot;unit&quot;:&quot;px&quot;,&quot;top&quot;:&quot;&quot;,&quot;right&quot;:&quot;&quot;,&quot;bottom&quot;:&quot;&quot;,&quot;left&quot;:&quot;&quot;,&quot;isLinked&quot;:true},&quot;element_pack_global_tooltip_border_radius_tablet&quot;:{&quot;unit&quot;:&quot;px&quot;,&quot;top&quot;:&quot;&quot;,&quot;right&quot;:&quot;&quot;,&quot;bottom&quot;:&quot;&quot;,&quot;left&quot;:&quot;&quot;,&quot;isLinked&quot;:true},&quot;element_pack_global_tooltip_border_radius_mobile&quot;:{&quot;unit&quot;:&quot;px&quot;,&quot;top&quot;:&quot;&quot;,&quot;right&quot;:&quot;&quot;,&quot;bottom&quot;:&quot;&quot;,&quot;left&quot;:&quot;&quot;,&quot;isLinked&quot;:true}}\" data-elementor-post-type=\"product\">\n\t\t\t\t<div class=\"wd-negative-gap elementor-element elementor-element-116794f e-flex e-con-boxed e-con e-parent\" data-id=\"116794f\" data-element_type=\"container\" data-e-type=\"container\">\n\t\t\t\t\t<div class=\"e-con-inner\">\n\t\t\t\t<div class=\"elementor-element elementor-element-03d2133 elementor-widget elementor-widget-wd_text_block\" data-id=\"03d2133\" data-element_type=\"widget\" data-e-type=\"widget\" data-widget_type=\"wd_text_block.default\">\n\t\t\t\t<div class=\"elementor-widget-container\">\n\t\t\t\t\t\t\t<div class=\"wd-text-block reset-last-child text-left\">\n\t\t\t\n\t\t\t<h2>eCademy: Transforme el aprendizaje con su tema LMS definitivo<\/h2>\n<p><strong>eCademy Educaci\u00f3n LMS Tema<\/strong> permite a educadores e instituciones crear plataformas din\u00e1micas de formaci\u00f3n en l\u00ednea sin esfuerzo. Por ejemplo, este moderno tema de WordPress se integra a la perfecci\u00f3n con los plugins LMS m\u00e1s populares, para que puedas impartir cursos, cuestionarios y certificaciones sin complicaciones. En consecuencia, los estudiantes disfrutan de una experiencia interactiva que aumenta el compromiso y la retenci\u00f3n.<\/p>\n\n<h3>Lance cursos con potentes integraciones<\/h3>\n<p>eCademy te equipa con herramientas esenciales para la educaci\u00f3n en l\u00ednea. Puedes crear activamente cat\u00e1logos de cursos utilizando Tutor LMS, LearnPress o LearnDash, mientras que Elementor te permite dise\u00f1ar p\u00e1ginas personalizadas mediante arrastrar y soltar. Adem\u00e1s, WooCommerce gestiona los pagos sin problemas, permitiendo a los usuarios inscribirse y comprar cursos al instante. Como resultado, usted gestiona todo desde un panel de control intuitivo.<\/p>\n\n<h3>\u00bfPor qu\u00e9 elegir eCademy?<\/h3>\n<ul>\n    <li><strong>Soporte LMS vers\u00e1til:<\/strong> Los desarrolladores integran Tutor LMS, LearnPress y LearnDash para ofrecer cursos flexibles.<\/li>\n    <li><strong>Retransmisi\u00f3n en directo e interacci\u00f3n:<\/strong> A\u00f1ade clases de Zoom, mensajer\u00eda privada y funciones de Google Classroom para fomentar la colaboraci\u00f3n en tiempo real.<\/li>\n    <li><strong>Gesti\u00f3n de certificados:<\/strong> Los instructores generan e imprimen certificados personalizados, recompensando los logros de los alumnos.<\/li>\n    <li><strong>Eventos y herramientas comunitarias:<\/strong> El tema incorpora WP Events Manager y BuddyPress, para que las comunidades prosperen con foros y horarios.<\/li>\n<\/ul>\n\n<h3>Mejore la experiencia del usuario sin esfuerzo<\/h3>\n<p>Con eCademy, puedes personalizar encabezados, pies de p\u00e1gina y dise\u00f1os mediante constructores integrados, garantizando un aspecto de marca en todos los dispositivos. Por ejemplo, el soporte RTL lo hace ideal para sitios en \u00e1rabe o hebreo, mientras que el dise\u00f1o responsivo mantiene el contenido accesible en m\u00f3viles. Por lo tanto, las optimizaciones SEO de la integraci\u00f3n Yoast ayudan a atraer m\u00e1s alumnos de forma org\u00e1nica, haciendo crecer tu plataforma de forma sostenible.<\/p>\n\n<h3>Empiece hoy mismo a construir su imperio educativo<\/h3>\n<p>Mejore su formaci\u00f3n en l\u00ednea con <strong>eCademy Educaci\u00f3n LMS Tema<\/strong>. Gracias a la combinaci\u00f3n de funciones potentes y una configuraci\u00f3n sencilla, podr\u00e1 crear sitios de aprendizaje electr\u00f3nico profesionales que inspirar\u00e1n. Inst\u00e1lelo ahora y vea c\u00f3mo sus cursos cobran vida.\n\t\t\t\t\t<\/div>\n\t\t\t\t\t\t<\/div>\n\t\t\t\t<\/div>\n\t\t\t\t\t<\/div>\n\t\t\t\t<\/div>\n\t\t<div class=\"elementor-element elementor-element-c25ccef e-con-full e-flex e-con e-parent\" data-id=\"c25ccef\" data-element_type=\"container\" data-e-type=\"container\">\n\t\t\t\t<div class=\"elementor-element elementor-element-956e52a elementor-widget elementor-widget-video\" data-id=\"956e52a\" data-element_type=\"widget\" data-e-type=\"widget\" data-settings=\"{&quot;youtube_url&quot;:&quot;https:\\\/\\\/youtu.be\\\/ylnUH-63-Tc&quot;,&quot;video_type&quot;:&quot;youtube&quot;,&quot;controls&quot;:&quot;yes&quot;}\" data-widget_type=\"video.default\">\n\t\t\t\t\t\t\t<div class=\"elementor-wrapper elementor-open-inline\">\n\t\t\t<div class=\"elementor-video\"><\/div>\t\t<\/div>\n\t\t\t\t\t\t<\/div>\n\t\t\t\t<\/div>\n\t\t\t\t<\/div>","protected":false},"excerpt":{"rendered":"<p>eCademy: Transform Learning with Your Ultimate LMS Theme eCademy Education LMS Theme empowers educators and institutions to create dynamic online<\/p>","protected":false},"featured_media":11419,"comment_status":"open","ping_status":"closed","template":"","meta":{"_acf_changed":false},"product_brand":[],"product_cat":[48],"product_tag":[],"class_list":{"0":"post-11418","1":"product","2":"type-product","3":"status-publish","4":"has-post-thumbnail","6":"product_cat-themes","8":"first","9":"instock","10":"sale","11":"downloadable","12":"shipping-taxable","13":"purchasable","14":"product-type-simple"},"acf":[],"yoast_head":"<!-- This site is optimized with the Yoast SEO Premium plugin v25.6 (Yoast SEO v27.1.1) - https:\/\/yoast.com\/product\/yoast-seo-premium-wordpress\/ -->\n<title>eCademy Education LMS and Online Training Courses - AllWin Theme \u2013 Free WordPress Themes Download<\/title>\n<meta name=\"description\" content=\"Build engaging online courses with eCademy LMS WordPress theme. Integrate Tutor LMS, Elementor, and WooCommerce for seamless education platforms.\" \/>\n<meta name=\"robots\" content=\"index, follow, max-snippet:-1, max-image-preview:large, max-video-preview:-1\" \/>\n<link rel=\"canonical\" href=\"https:\/\/allwintheme.com\/es\/producto\/ecademy-education-lms-y-cursos-de-formacion-en-linea\/\" \/>\n<meta property=\"og:locale\" content=\"es_ES\" \/>\n<meta property=\"og:type\" content=\"article\" \/>\n<meta property=\"og:title\" content=\"eCademy Education LMS and Online Training Courses\" \/>\n<meta property=\"og:description\" content=\"Build engaging online courses with eCademy LMS WordPress theme. Integrate Tutor LMS, Elementor, and WooCommerce for seamless education platforms.\" \/>\n<meta property=\"og:url\" content=\"https:\/\/allwintheme.com\/es\/producto\/ecademy-education-lms-y-cursos-de-formacion-en-linea\/\" \/>\n<meta property=\"og:site_name\" content=\"AllWin Theme \u2013 Free WordPress Themes Download\" \/>\n<meta property=\"article:modified_time\" content=\"2025-10-23T01:28:04+00:00\" \/>\n<meta property=\"og:image\" content=\"https:\/\/allwintheme.com\/wp-content\/uploads\/2025\/10\/az7pksvn.png\" \/>\n\t<meta property=\"og:image:width\" content=\"590\" \/>\n\t<meta property=\"og:image:height\" content=\"300\" \/>\n\t<meta property=\"og:image:type\" content=\"image\/png\" \/>\n<meta name=\"twitter:card\" content=\"summary_large_image\" \/>\n<meta name=\"twitter:label1\" content=\"Tiempo estimado de lectura\" \/>\n\t<meta name=\"twitter:data1\" content=\"2 minutos\" \/>\n<script type=\"application\/ld+json\" class=\"yoast-schema-graph\">{\"@context\":\"https:\/\/schema.org\",\"@graph\":[{\"@type\":\"WebPage\",\"@id\":\"https:\/\/allwintheme.com\/product\/ecademy-education-lms-and-online-training-courses\/\",\"url\":\"https:\/\/allwintheme.com\/product\/ecademy-education-lms-and-online-training-courses\/\",\"name\":\"eCademy Education LMS and Online Training Courses - AllWin Theme \u2013 Free WordPress Themes Download\",\"isPartOf\":{\"@id\":\"https:\/\/allwintheme.com\/#website\"},\"primaryImageOfPage\":{\"@id\":\"https:\/\/allwintheme.com\/product\/ecademy-education-lms-and-online-training-courses\/#primaryimage\"},\"image\":{\"@id\":\"https:\/\/allwintheme.com\/product\/ecademy-education-lms-and-online-training-courses\/#primaryimage\"},\"thumbnailUrl\":\"https:\/\/allwintheme.com\/wp-content\/uploads\/2025\/10\/az7pksvn.png\",\"datePublished\":\"2025-10-23T01:18:18+00:00\",\"dateModified\":\"2025-10-23T01:28:04+00:00\",\"description\":\"Build engaging online courses with eCademy LMS WordPress theme. Integrate Tutor LMS, Elementor, and WooCommerce for seamless education platforms.\",\"breadcrumb\":{\"@id\":\"https:\/\/allwintheme.com\/product\/ecademy-education-lms-and-online-training-courses\/#breadcrumb\"},\"inLanguage\":\"es-CL\",\"potentialAction\":[{\"@type\":\"ReadAction\",\"target\":[\"https:\/\/allwintheme.com\/product\/ecademy-education-lms-and-online-training-courses\/\"]}]},{\"@type\":\"ImageObject\",\"inLanguage\":\"es-CL\",\"@id\":\"https:\/\/allwintheme.com\/product\/ecademy-education-lms-and-online-training-courses\/#primaryimage\",\"url\":\"https:\/\/allwintheme.com\/wp-content\/uploads\/2025\/10\/az7pksvn.png\",\"contentUrl\":\"https:\/\/allwintheme.com\/wp-content\/uploads\/2025\/10\/az7pksvn.png\",\"width\":590,\"height\":300,\"caption\":\"eCademy Education LMS and Online Training Courses\"},{\"@type\":\"BreadcrumbList\",\"@id\":\"https:\/\/allwintheme.com\/product\/ecademy-education-lms-and-online-training-courses\/#breadcrumb\",\"itemListElement\":[{\"@type\":\"ListItem\",\"position\":1,\"name\":\"Home\",\"item\":\"https:\/\/allwintheme.com\/\"},{\"@type\":\"ListItem\",\"position\":2,\"name\":\"Shop\",\"item\":\"https:\/\/allwintheme.com\/shop\/\"},{\"@type\":\"ListItem\",\"position\":3,\"name\":\"eCademy Education LMS and Online Training Courses\"}]},{\"@type\":\"WebSite\",\"@id\":\"https:\/\/allwintheme.com\/#website\",\"url\":\"https:\/\/allwintheme.com\/\",\"name\":\"Allwintheme\",\"description\":\"Download free WordPress themes for every niche. Blogs, business, eCommerce, portfolio, restaurant and more. All themes are GPL licensed and mobile-ready.\",\"potentialAction\":[{\"@type\":\"SearchAction\",\"target\":{\"@type\":\"EntryPoint\",\"urlTemplate\":\"https:\/\/allwintheme.com\/?s={search_term_string}\"},\"query-input\":{\"@type\":\"PropertyValueSpecification\",\"valueRequired\":true,\"valueName\":\"search_term_string\"}}],\"inLanguage\":\"es-CL\"}]}<\/script>\n<!-- \/ Yoast SEO Premium plugin. -->","yoast_head_json":{"title":"eCademy Education LMS and Online Training Courses - AllWin Theme \u2013 Free WordPress Themes Download","description":"Crea atractivos cursos online con el tema de WordPress eCademy LMS. Integra Tutor LMS, Elementor y WooCommerce para crear plataformas educativas perfectas.","robots":{"index":"index","follow":"follow","max-snippet":"max-snippet:-1","max-image-preview":"max-image-preview:large","max-video-preview":"max-video-preview:-1"},"canonical":"https:\/\/allwintheme.com\/es\/producto\/ecademy-education-lms-y-cursos-de-formacion-en-linea\/","og_locale":"es_ES","og_type":"article","og_title":"eCademy Education LMS and Online Training Courses","og_description":"Build engaging online courses with eCademy LMS WordPress theme. Integrate Tutor LMS, Elementor, and WooCommerce for seamless education platforms.","og_url":"https:\/\/allwintheme.com\/es\/producto\/ecademy-education-lms-y-cursos-de-formacion-en-linea\/","og_site_name":"AllWin Theme \u2013 Free WordPress Themes Download","article_modified_time":"2025-10-23T01:28:04+00:00","og_image":[{"width":590,"height":300,"url":"https:\/\/allwintheme.com\/wp-content\/uploads\/2025\/10\/az7pksvn.png","type":"image\/png"}],"twitter_card":"summary_large_image","twitter_misc":{"Tiempo estimado de lectura":"2 minutos"},"schema":{"@context":"https:\/\/schema.org","@graph":[{"@type":"WebPage","@id":"https:\/\/allwintheme.com\/product\/ecademy-education-lms-and-online-training-courses\/","url":"https:\/\/allwintheme.com\/product\/ecademy-education-lms-and-online-training-courses\/","name":"eCademy Education LMS and Online Training Courses - AllWin Theme \u2013 Free WordPress Themes Download","isPartOf":{"@id":"https:\/\/allwintheme.com\/#website"},"primaryImageOfPage":{"@id":"https:\/\/allwintheme.com\/product\/ecademy-education-lms-and-online-training-courses\/#primaryimage"},"image":{"@id":"https:\/\/allwintheme.com\/product\/ecademy-education-lms-and-online-training-courses\/#primaryimage"},"thumbnailUrl":"https:\/\/allwintheme.com\/wp-content\/uploads\/2025\/10\/az7pksvn.png","datePublished":"2025-10-23T01:18:18+00:00","dateModified":"2025-10-23T01:28:04+00:00","description":"Crea atractivos cursos online con el tema de WordPress eCademy LMS. Integra Tutor LMS, Elementor y WooCommerce para crear plataformas educativas perfectas.","breadcrumb":{"@id":"https:\/\/allwintheme.com\/product\/ecademy-education-lms-and-online-training-courses\/#breadcrumb"},"inLanguage":"es-CL","potentialAction":[{"@type":"ReadAction","target":["https:\/\/allwintheme.com\/product\/ecademy-education-lms-and-online-training-courses\/"]}]},{"@type":"ImageObject","inLanguage":"es-CL","@id":"https:\/\/allwintheme.com\/product\/ecademy-education-lms-and-online-training-courses\/#primaryimage","url":"https:\/\/allwintheme.com\/wp-content\/uploads\/2025\/10\/az7pksvn.png","contentUrl":"https:\/\/allwintheme.com\/wp-content\/uploads\/2025\/10\/az7pksvn.png","width":590,"height":300,"caption":"eCademy Education LMS and Online Training Courses"},{"@type":"BreadcrumbList","@id":"https:\/\/allwintheme.com\/product\/ecademy-education-lms-and-online-training-courses\/#breadcrumb","itemListElement":[{"@type":"ListItem","position":1,"name":"Home","item":"https:\/\/allwintheme.com\/"},{"@type":"ListItem","position":2,"name":"Shop","item":"https:\/\/allwintheme.com\/shop\/"},{"@type":"ListItem","position":3,"name":"eCademy Education LMS and Online Training Courses"}]},{"@type":"WebSite","@id":"https:\/\/allwintheme.com\/#website","url":"https:\/\/allwintheme.com\/","name":"Allwintheme","description":"Descarga gratis temas de WordPress para todos los nichos. Blogs, negocios, comercio electr\u00f3nico, portafolio, restaurante y m\u00e1s. Todos los temas tienen licencia GPL y est\u00e1n preparados para dispositivos m\u00f3viles.","potentialAction":[{"@type":"SearchAction","target":{"@type":"EntryPoint","urlTemplate":"https:\/\/allwintheme.com\/?s={search_term_string}"},"query-input":{"@type":"PropertyValueSpecification","valueRequired":true,"valueName":"search_term_string"}}],"inLanguage":"es-CL"}]}},"_links":{"self":[{"href":"https:\/\/allwintheme.com\/es\/wp-json\/wp\/v2\/product\/11418","targetHints":{"allow":["GET"]}}],"collection":[{"href":"https:\/\/allwintheme.com\/es\/wp-json\/wp\/v2\/product"}],"about":[{"href":"https:\/\/allwintheme.com\/es\/wp-json\/wp\/v2\/types\/product"}],"replies":[{"embeddable":true,"href":"https:\/\/allwintheme.com\/es\/wp-json\/wp\/v2\/comments?post=11418"}],"version-history":[{"count":5,"href":"https:\/\/allwintheme.com\/es\/wp-json\/wp\/v2\/product\/11418\/revisions"}],"predecessor-version":[{"id":11424,"href":"https:\/\/allwintheme.com\/es\/wp-json\/wp\/v2\/product\/11418\/revisions\/11424"}],"wp:featuredmedia":[{"embeddable":true,"href":"https:\/\/allwintheme.com\/es\/wp-json\/wp\/v2\/media\/11419"}],"wp:attachment":[{"href":"https:\/\/allwintheme.com\/es\/wp-json\/wp\/v2\/media?parent=11418"}],"wp:term":[{"taxonomy":"product_brand","embeddable":true,"href":"https:\/\/allwintheme.com\/es\/wp-json\/wp\/v2\/product_brand?post=11418"},{"taxonomy":"product_cat","embeddable":true,"href":"https:\/\/allwintheme.com\/es\/wp-json\/wp\/v2\/product_cat?post=11418"},{"taxonomy":"product_tag","embeddable":true,"href":"https:\/\/allwintheme.com\/es\/wp-json\/wp\/v2\/product_tag?post=11418"}],"curies":[{"name":"wp","href":"https:\/\/api.w.org\/{rel}","templated":true}]}}