{"id":11432,"date":"2025-10-23T01:38:07","date_gmt":"2025-10-23T01:38:07","guid":{"rendered":"https:\/\/allwintheme.com\/?post_type=product&#038;p=11432"},"modified":"2025-10-23T01:45:08","modified_gmt":"2025-10-23T01:45:08","slug":"medicoz-clinic-pharmacy-wordpress-theme","status":"publish","type":"product","link":"https:\/\/allwintheme.com\/es\/producto\/medicoz-clinic-pharmacy-wordpress-theme\/","title":{"rendered":"Medicoz - Cl\u00ednica y Farmacia WordPress Tema"},"content":{"rendered":"<div data-elementor-type=\"wp-post\" data-elementor-id=\"11432\" class=\"elementor elementor-11432\" data-elementor-settings=\"{&quot;element_pack_global_tooltip_width&quot;:{&quot;unit&quot;:&quot;px&quot;,&quot;size&quot;:&quot;&quot;,&quot;sizes&quot;:[]},&quot;element_pack_global_tooltip_width_tablet&quot;:{&quot;unit&quot;:&quot;px&quot;,&quot;size&quot;:&quot;&quot;,&quot;sizes&quot;:[]},&quot;element_pack_global_tooltip_width_mobile&quot;:{&quot;unit&quot;:&quot;px&quot;,&quot;size&quot;:&quot;&quot;,&quot;sizes&quot;:[]},&quot;element_pack_global_tooltip_padding&quot;:{&quot;unit&quot;:&quot;px&quot;,&quot;top&quot;:&quot;&quot;,&quot;right&quot;:&quot;&quot;,&quot;bottom&quot;:&quot;&quot;,&quot;left&quot;:&quot;&quot;,&quot;isLinked&quot;:true},&quot;element_pack_global_tooltip_padding_tablet&quot;:{&quot;unit&quot;:&quot;px&quot;,&quot;top&quot;:&quot;&quot;,&quot;right&quot;:&quot;&quot;,&quot;bottom&quot;:&quot;&quot;,&quot;left&quot;:&quot;&quot;,&quot;isLinked&quot;:true},&quot;element_pack_global_tooltip_padding_mobile&quot;:{&quot;unit&quot;:&quot;px&quot;,&quot;top&quot;:&quot;&quot;,&quot;right&quot;:&quot;&quot;,&quot;bottom&quot;:&quot;&quot;,&quot;left&quot;:&quot;&quot;,&quot;isLinked&quot;:true},&quot;element_pack_global_tooltip_border_radius&quot;:{&quot;unit&quot;:&quot;px&quot;,&quot;top&quot;:&quot;&quot;,&quot;right&quot;:&quot;&quot;,&quot;bottom&quot;:&quot;&quot;,&quot;left&quot;:&quot;&quot;,&quot;isLinked&quot;:true},&quot;element_pack_global_tooltip_border_radius_tablet&quot;:{&quot;unit&quot;:&quot;px&quot;,&quot;top&quot;:&quot;&quot;,&quot;right&quot;:&quot;&quot;,&quot;bottom&quot;:&quot;&quot;,&quot;left&quot;:&quot;&quot;,&quot;isLinked&quot;:true},&quot;element_pack_global_tooltip_border_radius_mobile&quot;:{&quot;unit&quot;:&quot;px&quot;,&quot;top&quot;:&quot;&quot;,&quot;right&quot;:&quot;&quot;,&quot;bottom&quot;:&quot;&quot;,&quot;left&quot;:&quot;&quot;,&quot;isLinked&quot;:true}}\" data-elementor-post-type=\"product\">\n\t\t\t\t<div class=\"wd-negative-gap elementor-element elementor-element-116794f e-flex e-con-boxed e-con e-parent\" data-id=\"116794f\" data-element_type=\"container\" data-e-type=\"container\">\n\t\t\t\t\t<div class=\"e-con-inner\">\n\t\t\t\t<div class=\"elementor-element elementor-element-03d2133 elementor-widget elementor-widget-wd_text_block\" data-id=\"03d2133\" data-element_type=\"widget\" data-e-type=\"widget\" data-widget_type=\"wd_text_block.default\">\n\t\t\t\t<div class=\"elementor-widget-container\">\n\t\t\t\t\t\t\t<div class=\"wd-text-block reset-last-child text-left\">\n\t\t\t\n\t\t\t<h2>Medicoz: Lo \u00faltimo en temas de WordPress para cl\u00ednicas y farmacias<\/h2>\n<p><strong>Medicoz - Cl\u00ednica y Farmacia WordPress Tema<\/strong> transforma la forma en que los proveedores sanitarios crean su presencia en l\u00ednea. Por ejemplo, cl\u00ednicas, farmacias y profesionales m\u00e9dicos utilizan activamente este tema para crear sitios web profesionales y f\u00e1ciles de usar. En consecuencia, Medicoz ofrece una experiencia perfecta para mostrar servicios, gestionar citas y atraer a los pacientes, todo desde una plataforma intuitiva.<\/p>\n\n<h3>Crear un sitio web m\u00e9dico profesional<\/h3>\n<p>Medicoz le proporciona potentes herramientas para dise\u00f1ar sitios web sorprendentes y adaptables a las necesidades sanitarias. Puede personalizar dise\u00f1os, a\u00f1adir p\u00e1ginas de servicios e integrar sistemas de reservas sin esfuerzo. Adem\u00e1s, el dise\u00f1o limpio del tema garantiza que su sitio tenga un aspecto pulido en ordenadores de sobremesa, tabletas y dispositivos m\u00f3viles, mejorando la accesibilidad para su p\u00fablico.<\/p>\n\n<h3>\u00bfPor qu\u00e9 elegir Medicoz?<\/h3>\n<ul>\n    <li><strong>Dise\u00f1o totalmente adaptable:<\/strong> Su sitio web se adapta perfectamente a cualquier dispositivo, garantizando una gran experiencia de usuario.<\/li>\n    <li><strong>Dise\u00f1os personalizables:<\/strong> Puede personalizar las p\u00e1ginas con constructores de arrastrar y soltar para obtener dise\u00f1os \u00fanicos y acordes con su marca.<\/li>\n    <li><strong>Integraci\u00f3n de citas:<\/strong> El tema es compatible con sistemas de reservas, para que los pacientes programen sus visitas con facilidad.<\/li>\n    <li><strong>Optimizado para SEO y velocidad:<\/strong> Medicoz aumenta la visibilidad y carga r\u00e1pidamente, manteniendo la atenci\u00f3n de los visitantes.<\/li>\n<\/ul>\n\n<h3>Optimice su presencia en l\u00ednea<\/h3>\n<p>Con Medicoz, simplificar\u00e1 la gesti\u00f3n de su sitio web y mejorar\u00e1 su imagen profesional. Por ejemplo, las plantillas predise\u00f1adas del tema le permiten mostrar servicios m\u00e9dicos, perfiles de personal y productos de farmacia de forma eficaz. Como resultado, ahorrar\u00e1 tiempo y crear\u00e1 un sitio que genere confianza entre pacientes y clientes por igual.<\/p>\n\n<h3>Lance hoy mismo su sitio sanitario<\/h3>\n<p>Eleve su cl\u00ednica o farmacia con <strong>Medicoz - Cl\u00ednica y Farmacia WordPress Tema<\/strong>. Por lo tanto, \u00a1inst\u00e1lelo ahora para crear un sitio web moderno y funcional que conecte con su p\u00fablico y agilice las operaciones!<\/p>\n\t\t\t\t\t<\/div>\n\t\t\t\t\t\t<\/div>\n\t\t\t\t<\/div>\n\t\t\t\t\t<\/div>\n\t\t\t\t<\/div>\n\t\t<div class=\"elementor-element elementor-element-c25ccef e-con-full e-flex e-con e-parent\" data-id=\"c25ccef\" data-element_type=\"container\" data-e-type=\"container\">\n\t\t\t\t<div class=\"elementor-element elementor-element-956e52a elementor-widget elementor-widget-video\" data-id=\"956e52a\" data-element_type=\"widget\" data-e-type=\"widget\" data-settings=\"{&quot;youtube_url&quot;:&quot;https:\\\/\\\/youtu.be\\\/VdlFXhIUMNM&quot;,&quot;video_type&quot;:&quot;youtube&quot;,&quot;controls&quot;:&quot;yes&quot;}\" data-widget_type=\"video.default\">\n\t\t\t\t\t\t\t<div class=\"elementor-wrapper elementor-open-inline\">\n\t\t\t<div class=\"elementor-video\"><\/div>\t\t<\/div>\n\t\t\t\t\t\t<\/div>\n\t\t\t\t<\/div>\n\t\t\t\t<\/div>","protected":false},"excerpt":{"rendered":"<p>Medicoz: The Ultimate WordPress Theme for Clinics &amp; Pharmacies Medicoz \u2013 Clinic &amp; Pharmacy WordPress Theme transforms how healthcare providers<\/p>","protected":false},"featured_media":11433,"comment_status":"open","ping_status":"closed","template":"","meta":{"_acf_changed":false},"product_brand":[],"product_cat":[48],"product_tag":[],"class_list":{"0":"post-11432","1":"product","2":"type-product","3":"status-publish","4":"has-post-thumbnail","6":"product_cat-themes","8":"first","9":"instock","10":"sale","11":"downloadable","12":"shipping-taxable","13":"purchasable","14":"product-type-simple"},"acf":[],"yoast_head":"<!-- This site is optimized with the Yoast SEO Premium plugin v25.6 (Yoast SEO v27.1.1) - https:\/\/yoast.com\/product\/yoast-seo-premium-wordpress\/ -->\n<title>Medicoz \u2013 Clinic &amp; Pharmacy WordPress Theme - AllWin Theme \u2013 Free WordPress Themes Download<\/title>\n<meta name=\"description\" content=\"Medicoz empowers clinics and pharmacies with a responsive WordPress theme. Customize layouts, showcase services, and streamline bookings effortlessly.\" \/>\n<meta name=\"robots\" content=\"index, follow, max-snippet:-1, max-image-preview:large, max-video-preview:-1\" \/>\n<link rel=\"canonical\" href=\"https:\/\/allwintheme.com\/es\/producto\/medicoz-clinic-pharmacy-wordpress-theme\/\" \/>\n<meta property=\"og:locale\" content=\"es_ES\" \/>\n<meta property=\"og:type\" content=\"article\" \/>\n<meta property=\"og:title\" content=\"Medicoz \u2013 Clinic &amp; Pharmacy WordPress Theme\" \/>\n<meta property=\"og:description\" content=\"Medicoz empowers clinics and pharmacies with a responsive WordPress theme. Customize layouts, showcase services, and streamline bookings effortlessly.\" \/>\n<meta property=\"og:url\" content=\"https:\/\/allwintheme.com\/es\/producto\/medicoz-clinic-pharmacy-wordpress-theme\/\" \/>\n<meta property=\"og:site_name\" content=\"AllWin Theme \u2013 Free WordPress Themes Download\" \/>\n<meta property=\"article:modified_time\" content=\"2025-10-23T01:45:08+00:00\" \/>\n<meta property=\"og:image\" content=\"https:\/\/allwintheme.com\/wp-content\/uploads\/2025\/10\/62546lff.png\" \/>\n\t<meta property=\"og:image:width\" content=\"590\" \/>\n\t<meta property=\"og:image:height\" content=\"300\" \/>\n\t<meta property=\"og:image:type\" content=\"image\/png\" \/>\n<meta name=\"twitter:card\" content=\"summary_large_image\" \/>\n<meta name=\"twitter:label1\" content=\"Tiempo estimado de lectura\" \/>\n\t<meta name=\"twitter:data1\" content=\"2 minutos\" \/>\n<script type=\"application\/ld+json\" class=\"yoast-schema-graph\">{\"@context\":\"https:\/\/schema.org\",\"@graph\":[{\"@type\":\"WebPage\",\"@id\":\"https:\/\/allwintheme.com\/product\/medicoz-clinic-pharmacy-wordpress-theme\/\",\"url\":\"https:\/\/allwintheme.com\/product\/medicoz-clinic-pharmacy-wordpress-theme\/\",\"name\":\"Medicoz \u2013 Clinic & Pharmacy WordPress Theme - AllWin Theme \u2013 Free WordPress Themes Download\",\"isPartOf\":{\"@id\":\"https:\/\/allwintheme.com\/#website\"},\"primaryImageOfPage\":{\"@id\":\"https:\/\/allwintheme.com\/product\/medicoz-clinic-pharmacy-wordpress-theme\/#primaryimage\"},\"image\":{\"@id\":\"https:\/\/allwintheme.com\/product\/medicoz-clinic-pharmacy-wordpress-theme\/#primaryimage\"},\"thumbnailUrl\":\"https:\/\/allwintheme.com\/wp-content\/uploads\/2025\/10\/62546lff.png\",\"datePublished\":\"2025-10-23T01:38:07+00:00\",\"dateModified\":\"2025-10-23T01:45:08+00:00\",\"description\":\"Medicoz empowers clinics and pharmacies with a responsive WordPress theme. Customize layouts, showcase services, and streamline bookings effortlessly.\",\"breadcrumb\":{\"@id\":\"https:\/\/allwintheme.com\/product\/medicoz-clinic-pharmacy-wordpress-theme\/#breadcrumb\"},\"inLanguage\":\"es-CL\",\"potentialAction\":[{\"@type\":\"ReadAction\",\"target\":[\"https:\/\/allwintheme.com\/product\/medicoz-clinic-pharmacy-wordpress-theme\/\"]}]},{\"@type\":\"ImageObject\",\"inLanguage\":\"es-CL\",\"@id\":\"https:\/\/allwintheme.com\/product\/medicoz-clinic-pharmacy-wordpress-theme\/#primaryimage\",\"url\":\"https:\/\/allwintheme.com\/wp-content\/uploads\/2025\/10\/62546lff.png\",\"contentUrl\":\"https:\/\/allwintheme.com\/wp-content\/uploads\/2025\/10\/62546lff.png\",\"width\":590,\"height\":300,\"caption\":\"Medicoz \u2013 Clinic & Pharmacy WordPress Theme\"},{\"@type\":\"BreadcrumbList\",\"@id\":\"https:\/\/allwintheme.com\/product\/medicoz-clinic-pharmacy-wordpress-theme\/#breadcrumb\",\"itemListElement\":[{\"@type\":\"ListItem\",\"position\":1,\"name\":\"Home\",\"item\":\"https:\/\/allwintheme.com\/\"},{\"@type\":\"ListItem\",\"position\":2,\"name\":\"Shop\",\"item\":\"https:\/\/allwintheme.com\/shop\/\"},{\"@type\":\"ListItem\",\"position\":3,\"name\":\"Medicoz \u2013 Clinic &#038; Pharmacy WordPress Theme\"}]},{\"@type\":\"WebSite\",\"@id\":\"https:\/\/allwintheme.com\/#website\",\"url\":\"https:\/\/allwintheme.com\/\",\"name\":\"Allwintheme\",\"description\":\"Download free WordPress themes for every niche. Blogs, business, eCommerce, portfolio, restaurant and more. All themes are GPL licensed and mobile-ready.\",\"potentialAction\":[{\"@type\":\"SearchAction\",\"target\":{\"@type\":\"EntryPoint\",\"urlTemplate\":\"https:\/\/allwintheme.com\/?s={search_term_string}\"},\"query-input\":{\"@type\":\"PropertyValueSpecification\",\"valueRequired\":true,\"valueName\":\"search_term_string\"}}],\"inLanguage\":\"es-CL\"}]}<\/script>\n<!-- \/ Yoast SEO Premium plugin. -->","yoast_head_json":{"title":"Medicoz \u2013 Clinic & Pharmacy WordPress Theme - AllWin Theme \u2013 Free WordPress Themes Download","description":"Medicoz ofrece a cl\u00ednicas y farmacias un tema de WordPress adaptable. Personaliza dise\u00f1os, muestra servicios y agiliza las reservas sin esfuerzo.","robots":{"index":"index","follow":"follow","max-snippet":"max-snippet:-1","max-image-preview":"max-image-preview:large","max-video-preview":"max-video-preview:-1"},"canonical":"https:\/\/allwintheme.com\/es\/producto\/medicoz-clinic-pharmacy-wordpress-theme\/","og_locale":"es_ES","og_type":"article","og_title":"Medicoz \u2013 Clinic & Pharmacy WordPress Theme","og_description":"Medicoz empowers clinics and pharmacies with a responsive WordPress theme. Customize layouts, showcase services, and streamline bookings effortlessly.","og_url":"https:\/\/allwintheme.com\/es\/producto\/medicoz-clinic-pharmacy-wordpress-theme\/","og_site_name":"AllWin Theme \u2013 Free WordPress Themes Download","article_modified_time":"2025-10-23T01:45:08+00:00","og_image":[{"width":590,"height":300,"url":"https:\/\/allwintheme.com\/wp-content\/uploads\/2025\/10\/62546lff.png","type":"image\/png"}],"twitter_card":"summary_large_image","twitter_misc":{"Tiempo estimado de lectura":"2 minutos"},"schema":{"@context":"https:\/\/schema.org","@graph":[{"@type":"WebPage","@id":"https:\/\/allwintheme.com\/product\/medicoz-clinic-pharmacy-wordpress-theme\/","url":"https:\/\/allwintheme.com\/product\/medicoz-clinic-pharmacy-wordpress-theme\/","name":"Medicoz \u2013 Clinic & Pharmacy WordPress Theme - AllWin Theme \u2013 Free WordPress Themes Download","isPartOf":{"@id":"https:\/\/allwintheme.com\/#website"},"primaryImageOfPage":{"@id":"https:\/\/allwintheme.com\/product\/medicoz-clinic-pharmacy-wordpress-theme\/#primaryimage"},"image":{"@id":"https:\/\/allwintheme.com\/product\/medicoz-clinic-pharmacy-wordpress-theme\/#primaryimage"},"thumbnailUrl":"https:\/\/allwintheme.com\/wp-content\/uploads\/2025\/10\/62546lff.png","datePublished":"2025-10-23T01:38:07+00:00","dateModified":"2025-10-23T01:45:08+00:00","description":"Medicoz ofrece a cl\u00ednicas y farmacias un tema de WordPress adaptable. Personaliza dise\u00f1os, muestra servicios y agiliza las reservas sin esfuerzo.","breadcrumb":{"@id":"https:\/\/allwintheme.com\/product\/medicoz-clinic-pharmacy-wordpress-theme\/#breadcrumb"},"inLanguage":"es-CL","potentialAction":[{"@type":"ReadAction","target":["https:\/\/allwintheme.com\/product\/medicoz-clinic-pharmacy-wordpress-theme\/"]}]},{"@type":"ImageObject","inLanguage":"es-CL","@id":"https:\/\/allwintheme.com\/product\/medicoz-clinic-pharmacy-wordpress-theme\/#primaryimage","url":"https:\/\/allwintheme.com\/wp-content\/uploads\/2025\/10\/62546lff.png","contentUrl":"https:\/\/allwintheme.com\/wp-content\/uploads\/2025\/10\/62546lff.png","width":590,"height":300,"caption":"Medicoz \u2013 Clinic & Pharmacy WordPress Theme"},{"@type":"BreadcrumbList","@id":"https:\/\/allwintheme.com\/product\/medicoz-clinic-pharmacy-wordpress-theme\/#breadcrumb","itemListElement":[{"@type":"ListItem","position":1,"name":"Home","item":"https:\/\/allwintheme.com\/"},{"@type":"ListItem","position":2,"name":"Shop","item":"https:\/\/allwintheme.com\/shop\/"},{"@type":"ListItem","position":3,"name":"Medicoz \u2013 Clinic &#038; Pharmacy WordPress Theme"}]},{"@type":"WebSite","@id":"https:\/\/allwintheme.com\/#website","url":"https:\/\/allwintheme.com\/","name":"Allwintheme","description":"Descarga gratis temas de WordPress para todos los nichos. Blogs, negocios, comercio electr\u00f3nico, portafolio, restaurante y m\u00e1s. Todos los temas tienen licencia GPL y est\u00e1n preparados para dispositivos m\u00f3viles.","potentialAction":[{"@type":"SearchAction","target":{"@type":"EntryPoint","urlTemplate":"https:\/\/allwintheme.com\/?s={search_term_string}"},"query-input":{"@type":"PropertyValueSpecification","valueRequired":true,"valueName":"search_term_string"}}],"inLanguage":"es-CL"}]}},"_links":{"self":[{"href":"https:\/\/allwintheme.com\/es\/wp-json\/wp\/v2\/product\/11432","targetHints":{"allow":["GET"]}}],"collection":[{"href":"https:\/\/allwintheme.com\/es\/wp-json\/wp\/v2\/product"}],"about":[{"href":"https:\/\/allwintheme.com\/es\/wp-json\/wp\/v2\/types\/product"}],"replies":[{"embeddable":true,"href":"https:\/\/allwintheme.com\/es\/wp-json\/wp\/v2\/comments?post=11432"}],"version-history":[{"count":6,"href":"https:\/\/allwintheme.com\/es\/wp-json\/wp\/v2\/product\/11432\/revisions"}],"predecessor-version":[{"id":11439,"href":"https:\/\/allwintheme.com\/es\/wp-json\/wp\/v2\/product\/11432\/revisions\/11439"}],"wp:featuredmedia":[{"embeddable":true,"href":"https:\/\/allwintheme.com\/es\/wp-json\/wp\/v2\/media\/11433"}],"wp:attachment":[{"href":"https:\/\/allwintheme.com\/es\/wp-json\/wp\/v2\/media?parent=11432"}],"wp:term":[{"taxonomy":"product_brand","embeddable":true,"href":"https:\/\/allwintheme.com\/es\/wp-json\/wp\/v2\/product_brand?post=11432"},{"taxonomy":"product_cat","embeddable":true,"href":"https:\/\/allwintheme.com\/es\/wp-json\/wp\/v2\/product_cat?post=11432"},{"taxonomy":"product_tag","embeddable":true,"href":"https:\/\/allwintheme.com\/es\/wp-json\/wp\/v2\/product_tag?post=11432"}],"curies":[{"name":"wp","href":"https:\/\/api.w.org\/{rel}","templated":true}]}}