{"id":11440,"date":"2025-10-23T01:45:32","date_gmt":"2025-10-23T01:45:32","guid":{"rendered":"https:\/\/allwintheme.com\/?post_type=product&#038;p=11440"},"modified":"2025-10-23T01:54:55","modified_gmt":"2025-10-23T01:54:55","slug":"alloggio-hotel-booking-theme","status":"publish","type":"product","link":"https:\/\/allwintheme.com\/es\/producto\/alloggio-hotel-booking-theme\/","title":{"rendered":"Alloggio - Hotel Booking Theme"},"content":{"rendered":"<div data-elementor-type=\"wp-post\" data-elementor-id=\"11440\" class=\"elementor elementor-11440\" data-elementor-settings=\"{&quot;element_pack_global_tooltip_width&quot;:{&quot;unit&quot;:&quot;px&quot;,&quot;size&quot;:&quot;&quot;,&quot;sizes&quot;:[]},&quot;element_pack_global_tooltip_width_tablet&quot;:{&quot;unit&quot;:&quot;px&quot;,&quot;size&quot;:&quot;&quot;,&quot;sizes&quot;:[]},&quot;element_pack_global_tooltip_width_mobile&quot;:{&quot;unit&quot;:&quot;px&quot;,&quot;size&quot;:&quot;&quot;,&quot;sizes&quot;:[]},&quot;element_pack_global_tooltip_padding&quot;:{&quot;unit&quot;:&quot;px&quot;,&quot;top&quot;:&quot;&quot;,&quot;right&quot;:&quot;&quot;,&quot;bottom&quot;:&quot;&quot;,&quot;left&quot;:&quot;&quot;,&quot;isLinked&quot;:true},&quot;element_pack_global_tooltip_padding_tablet&quot;:{&quot;unit&quot;:&quot;px&quot;,&quot;top&quot;:&quot;&quot;,&quot;right&quot;:&quot;&quot;,&quot;bottom&quot;:&quot;&quot;,&quot;left&quot;:&quot;&quot;,&quot;isLinked&quot;:true},&quot;element_pack_global_tooltip_padding_mobile&quot;:{&quot;unit&quot;:&quot;px&quot;,&quot;top&quot;:&quot;&quot;,&quot;right&quot;:&quot;&quot;,&quot;bottom&quot;:&quot;&quot;,&quot;left&quot;:&quot;&quot;,&quot;isLinked&quot;:true},&quot;element_pack_global_tooltip_border_radius&quot;:{&quot;unit&quot;:&quot;px&quot;,&quot;top&quot;:&quot;&quot;,&quot;right&quot;:&quot;&quot;,&quot;bottom&quot;:&quot;&quot;,&quot;left&quot;:&quot;&quot;,&quot;isLinked&quot;:true},&quot;element_pack_global_tooltip_border_radius_tablet&quot;:{&quot;unit&quot;:&quot;px&quot;,&quot;top&quot;:&quot;&quot;,&quot;right&quot;:&quot;&quot;,&quot;bottom&quot;:&quot;&quot;,&quot;left&quot;:&quot;&quot;,&quot;isLinked&quot;:true},&quot;element_pack_global_tooltip_border_radius_mobile&quot;:{&quot;unit&quot;:&quot;px&quot;,&quot;top&quot;:&quot;&quot;,&quot;right&quot;:&quot;&quot;,&quot;bottom&quot;:&quot;&quot;,&quot;left&quot;:&quot;&quot;,&quot;isLinked&quot;:true}}\" data-elementor-post-type=\"product\">\n\t\t\t\t<div class=\"wd-negative-gap elementor-element elementor-element-116794f e-flex e-con-boxed e-con e-parent\" data-id=\"116794f\" data-element_type=\"container\" data-e-type=\"container\">\n\t\t\t\t\t<div class=\"e-con-inner\">\n\t\t\t\t<div class=\"elementor-element elementor-element-03d2133 elementor-widget elementor-widget-wd_text_block\" data-id=\"03d2133\" data-element_type=\"widget\" data-e-type=\"widget\" data-widget_type=\"wd_text_block.default\">\n\t\t\t\t<div class=\"elementor-widget-container\">\n\t\t\t\t\t\t\t<div class=\"wd-text-block reset-last-child text-left\">\n\t\t\t\n\t\t\t<h2>Alloggio: Cree su sitio web de reservas hoteleras perfecto<\/h2>\n<p><strong>Alloggio - Hotel Booking Theme<\/strong> ofrece una soluci\u00f3n moderna e intuitiva para hoteles, pensiones, complejos tur\u00edsticos y apartamentos. Por ejemplo, puede mostrar habitaciones, gestionar reservas e impulsar las reservas sin esfuerzo. En consecuencia, este tema transforma su sitio en un centro de f\u00e1cil uso que aumenta la ocupaci\u00f3n y la satisfacci\u00f3n de los hu\u00e9spedes.<\/p>\n\n<h3>Reserva anticipada simplificada<\/h3>\n<p>Alloggio te equipa con un robusto sistema de reservas integrado potenciado por WooCommerce. Los usuarios comprueban r\u00e1pidamente la disponibilidad, seleccionan las habitaciones y completan los pagos. Adem\u00e1s, las reglas de reserva flexibles le permiten establecer precios de temporada y opciones de medio d\u00eda, por lo que controla todos los detalles al tiempo que ofrece una experiencia perfecta para los hu\u00e9spedes.<\/p>\n\n<h3>\u00bfPor qu\u00e9 elegir Alloggio?<\/h3>\n<ul>\n    <li><strong>Impresionantes presentaciones en sala:<\/strong> Cree listas detalladas de habitaciones, individuales y galer\u00edas para destacar los servicios y cautivar a los visitantes.<\/li>\n    <li><strong>Widgets f\u00e1ciles de usar:<\/strong> Integre botones de PayPal, cupones de descuento y formularios de contacto para personalizarlos f\u00e1cilmente.<\/li>\n    <li><strong>Soporte completo de WooCommerce:<\/strong> Gestione pagos, listas de deseos y carritos de forma segura para agilizar sus operaciones.<\/li>\n    <li><strong>Compatibilidad con Elementor:<\/strong> Arrastre y suelte sus dise\u00f1os con Qi Addons para una flexibilidad de dise\u00f1o infinita.<\/li>\n<\/ul>\n\n<h3>Mejore el dise\u00f1o y la funcionalidad de su sitio web<\/h3>\n<p>Con Alloggio, puedes crear p\u00e1ginas con capacidad de respuesta y listas para retina que brillen en cualquier dispositivo. Por ejemplo, incluya rese\u00f1as, paquetes de precios y blogs para atraer a su p\u00fablico. Como resultado, el sitio web de su hotel no solo tendr\u00e1 un aspecto elegante, sino que tambi\u00e9n convertir\u00e1 a los visitantes en reservas de forma eficaz.<\/p>\n\n<h3>Lance hoy mismo el sitio web del hotel de sus sue\u00f1os<\/h3>\n<p>Experimenta la facilidad de Alloggio y crea una central de reservas. \u00a1Por lo tanto, instale el tema ahora para atraer a m\u00e1s hu\u00e9spedes y gestionar su propiedad como un profesional!\n\t\t\t\t\t<\/div>\n\t\t\t\t\t\t<\/div>\n\t\t\t\t<\/div>\n\t\t\t\t\t<\/div>\n\t\t\t\t<\/div>\n\t\t<div class=\"elementor-element elementor-element-c25ccef e-con-full e-flex e-con e-parent\" data-id=\"c25ccef\" data-element_type=\"container\" data-e-type=\"container\">\n\t\t\t\t<div class=\"elementor-element elementor-element-956e52a elementor-widget elementor-widget-video\" data-id=\"956e52a\" data-element_type=\"widget\" data-e-type=\"widget\" data-settings=\"{&quot;youtube_url&quot;:&quot;https:\\\/\\\/youtu.be\\\/c7wjAYtBSuQ&quot;,&quot;video_type&quot;:&quot;youtube&quot;,&quot;controls&quot;:&quot;yes&quot;}\" data-widget_type=\"video.default\">\n\t\t\t\t\t\t\t<div class=\"elementor-wrapper elementor-open-inline\">\n\t\t\t<div class=\"elementor-video\"><\/div>\t\t<\/div>\n\t\t\t\t\t\t<\/div>\n\t\t\t\t<\/div>\n\t\t\t\t<\/div>","protected":false},"excerpt":{"rendered":"<p>Alloggio: Craft Your Perfect Hotel Booking Website Alloggio \u2013 Hotel Booking Theme delivers a modern, intuitive solution for hotels, B&amp;Bs,<\/p>","protected":false},"featured_media":11441,"comment_status":"open","ping_status":"closed","template":"","meta":{"_acf_changed":false},"product_brand":[],"product_cat":[48],"product_tag":[],"class_list":{"0":"post-11440","1":"product","2":"type-product","3":"status-publish","4":"has-post-thumbnail","6":"product_cat-themes","8":"first","9":"instock","10":"sale","11":"downloadable","12":"shipping-taxable","13":"purchasable","14":"product-type-simple"},"acf":[],"yoast_head":"<!-- This site is optimized with the Yoast SEO Premium plugin v25.6 (Yoast SEO v27.1.1) - https:\/\/yoast.com\/product\/yoast-seo-premium-wordpress\/ -->\n<title>Alloggio \u2013 Hotel Booking Theme - AllWin Theme \u2013 Free WordPress Themes Download<\/title>\n<meta name=\"description\" content=\"Build stunning hotel booking sites with Alloggio. Features advanced reservations, room galleries, and WooCommerce integration for seamless bookings.\" \/>\n<meta name=\"robots\" content=\"index, follow, max-snippet:-1, max-image-preview:large, max-video-preview:-1\" \/>\n<link rel=\"canonical\" href=\"https:\/\/allwintheme.com\/es\/producto\/alloggio-hotel-booking-theme\/\" \/>\n<meta property=\"og:locale\" content=\"es_ES\" \/>\n<meta property=\"og:type\" content=\"article\" \/>\n<meta property=\"og:title\" content=\"Alloggio \u2013 Hotel Booking Theme\" \/>\n<meta property=\"og:description\" content=\"Build stunning hotel booking sites with Alloggio. Features advanced reservations, room galleries, and WooCommerce integration for seamless bookings.\" \/>\n<meta property=\"og:url\" content=\"https:\/\/allwintheme.com\/es\/producto\/alloggio-hotel-booking-theme\/\" \/>\n<meta property=\"og:site_name\" content=\"AllWin Theme \u2013 Free WordPress Themes Download\" \/>\n<meta property=\"article:modified_time\" content=\"2025-10-23T01:54:55+00:00\" \/>\n<meta property=\"og:image\" content=\"https:\/\/allwintheme.com\/wp-content\/uploads\/2025\/10\/gp0uwbqh.png\" \/>\n\t<meta property=\"og:image:width\" content=\"590\" \/>\n\t<meta property=\"og:image:height\" content=\"300\" \/>\n\t<meta property=\"og:image:type\" content=\"image\/png\" \/>\n<meta name=\"twitter:card\" content=\"summary_large_image\" \/>\n<meta name=\"twitter:label1\" content=\"Tiempo estimado de lectura\" \/>\n\t<meta name=\"twitter:data1\" content=\"2 minutos\" \/>\n<script type=\"application\/ld+json\" class=\"yoast-schema-graph\">{\"@context\":\"https:\/\/schema.org\",\"@graph\":[{\"@type\":\"WebPage\",\"@id\":\"https:\/\/allwintheme.com\/product\/alloggio-hotel-booking-theme\/\",\"url\":\"https:\/\/allwintheme.com\/product\/alloggio-hotel-booking-theme\/\",\"name\":\"Alloggio \u2013 Hotel Booking Theme - AllWin Theme \u2013 Free WordPress Themes Download\",\"isPartOf\":{\"@id\":\"https:\/\/allwintheme.com\/#website\"},\"primaryImageOfPage\":{\"@id\":\"https:\/\/allwintheme.com\/product\/alloggio-hotel-booking-theme\/#primaryimage\"},\"image\":{\"@id\":\"https:\/\/allwintheme.com\/product\/alloggio-hotel-booking-theme\/#primaryimage\"},\"thumbnailUrl\":\"https:\/\/allwintheme.com\/wp-content\/uploads\/2025\/10\/gp0uwbqh.png\",\"datePublished\":\"2025-10-23T01:45:32+00:00\",\"dateModified\":\"2025-10-23T01:54:55+00:00\",\"description\":\"Build stunning hotel booking sites with Alloggio. Features advanced reservations, room galleries, and WooCommerce integration for seamless bookings.\",\"breadcrumb\":{\"@id\":\"https:\/\/allwintheme.com\/product\/alloggio-hotel-booking-theme\/#breadcrumb\"},\"inLanguage\":\"es-CL\",\"potentialAction\":[{\"@type\":\"ReadAction\",\"target\":[\"https:\/\/allwintheme.com\/product\/alloggio-hotel-booking-theme\/\"]}]},{\"@type\":\"ImageObject\",\"inLanguage\":\"es-CL\",\"@id\":\"https:\/\/allwintheme.com\/product\/alloggio-hotel-booking-theme\/#primaryimage\",\"url\":\"https:\/\/allwintheme.com\/wp-content\/uploads\/2025\/10\/gp0uwbqh.png\",\"contentUrl\":\"https:\/\/allwintheme.com\/wp-content\/uploads\/2025\/10\/gp0uwbqh.png\",\"width\":590,\"height\":300,\"caption\":\"Alloggio \u2013 Hotel Booking Theme\"},{\"@type\":\"BreadcrumbList\",\"@id\":\"https:\/\/allwintheme.com\/product\/alloggio-hotel-booking-theme\/#breadcrumb\",\"itemListElement\":[{\"@type\":\"ListItem\",\"position\":1,\"name\":\"Home\",\"item\":\"https:\/\/allwintheme.com\/\"},{\"@type\":\"ListItem\",\"position\":2,\"name\":\"Shop\",\"item\":\"https:\/\/allwintheme.com\/shop\/\"},{\"@type\":\"ListItem\",\"position\":3,\"name\":\"Alloggio \u2013 Hotel Booking Theme\"}]},{\"@type\":\"WebSite\",\"@id\":\"https:\/\/allwintheme.com\/#website\",\"url\":\"https:\/\/allwintheme.com\/\",\"name\":\"Allwintheme\",\"description\":\"Download free WordPress themes for every niche. Blogs, business, eCommerce, portfolio, restaurant and more. All themes are GPL licensed and mobile-ready.\",\"potentialAction\":[{\"@type\":\"SearchAction\",\"target\":{\"@type\":\"EntryPoint\",\"urlTemplate\":\"https:\/\/allwintheme.com\/?s={search_term_string}\"},\"query-input\":{\"@type\":\"PropertyValueSpecification\",\"valueRequired\":true,\"valueName\":\"search_term_string\"}}],\"inLanguage\":\"es-CL\"}]}<\/script>\n<!-- \/ Yoast SEO Premium plugin. -->","yoast_head_json":{"title":"Alloggio \u2013 Hotel Booking Theme - AllWin Theme \u2013 Free WordPress Themes Download","description":"Construye impresionantes sitios de reservas de hoteles con Alloggio. Cuenta con reservas avanzadas, galer\u00edas de habitaciones, y la integraci\u00f3n de WooCommerce para reservas sin problemas.","robots":{"index":"index","follow":"follow","max-snippet":"max-snippet:-1","max-image-preview":"max-image-preview:large","max-video-preview":"max-video-preview:-1"},"canonical":"https:\/\/allwintheme.com\/es\/producto\/alloggio-hotel-booking-theme\/","og_locale":"es_ES","og_type":"article","og_title":"Alloggio \u2013 Hotel Booking Theme","og_description":"Build stunning hotel booking sites with Alloggio. Features advanced reservations, room galleries, and WooCommerce integration for seamless bookings.","og_url":"https:\/\/allwintheme.com\/es\/producto\/alloggio-hotel-booking-theme\/","og_site_name":"AllWin Theme \u2013 Free WordPress Themes Download","article_modified_time":"2025-10-23T01:54:55+00:00","og_image":[{"width":590,"height":300,"url":"https:\/\/allwintheme.com\/wp-content\/uploads\/2025\/10\/gp0uwbqh.png","type":"image\/png"}],"twitter_card":"summary_large_image","twitter_misc":{"Tiempo estimado de lectura":"2 minutos"},"schema":{"@context":"https:\/\/schema.org","@graph":[{"@type":"WebPage","@id":"https:\/\/allwintheme.com\/product\/alloggio-hotel-booking-theme\/","url":"https:\/\/allwintheme.com\/product\/alloggio-hotel-booking-theme\/","name":"Alloggio \u2013 Hotel Booking Theme - AllWin Theme \u2013 Free WordPress Themes Download","isPartOf":{"@id":"https:\/\/allwintheme.com\/#website"},"primaryImageOfPage":{"@id":"https:\/\/allwintheme.com\/product\/alloggio-hotel-booking-theme\/#primaryimage"},"image":{"@id":"https:\/\/allwintheme.com\/product\/alloggio-hotel-booking-theme\/#primaryimage"},"thumbnailUrl":"https:\/\/allwintheme.com\/wp-content\/uploads\/2025\/10\/gp0uwbqh.png","datePublished":"2025-10-23T01:45:32+00:00","dateModified":"2025-10-23T01:54:55+00:00","description":"Construye impresionantes sitios de reservas de hoteles con Alloggio. Cuenta con reservas avanzadas, galer\u00edas de habitaciones, y la integraci\u00f3n de WooCommerce para reservas sin problemas.","breadcrumb":{"@id":"https:\/\/allwintheme.com\/product\/alloggio-hotel-booking-theme\/#breadcrumb"},"inLanguage":"es-CL","potentialAction":[{"@type":"ReadAction","target":["https:\/\/allwintheme.com\/product\/alloggio-hotel-booking-theme\/"]}]},{"@type":"ImageObject","inLanguage":"es-CL","@id":"https:\/\/allwintheme.com\/product\/alloggio-hotel-booking-theme\/#primaryimage","url":"https:\/\/allwintheme.com\/wp-content\/uploads\/2025\/10\/gp0uwbqh.png","contentUrl":"https:\/\/allwintheme.com\/wp-content\/uploads\/2025\/10\/gp0uwbqh.png","width":590,"height":300,"caption":"Alloggio \u2013 Hotel Booking Theme"},{"@type":"BreadcrumbList","@id":"https:\/\/allwintheme.com\/product\/alloggio-hotel-booking-theme\/#breadcrumb","itemListElement":[{"@type":"ListItem","position":1,"name":"Home","item":"https:\/\/allwintheme.com\/"},{"@type":"ListItem","position":2,"name":"Shop","item":"https:\/\/allwintheme.com\/shop\/"},{"@type":"ListItem","position":3,"name":"Alloggio \u2013 Hotel Booking Theme"}]},{"@type":"WebSite","@id":"https:\/\/allwintheme.com\/#website","url":"https:\/\/allwintheme.com\/","name":"Allwintheme","description":"Descarga gratis temas de WordPress para todos los nichos. Blogs, negocios, comercio electr\u00f3nico, portafolio, restaurante y m\u00e1s. Todos los temas tienen licencia GPL y est\u00e1n preparados para dispositivos m\u00f3viles.","potentialAction":[{"@type":"SearchAction","target":{"@type":"EntryPoint","urlTemplate":"https:\/\/allwintheme.com\/?s={search_term_string}"},"query-input":{"@type":"PropertyValueSpecification","valueRequired":true,"valueName":"search_term_string"}}],"inLanguage":"es-CL"}]}},"_links":{"self":[{"href":"https:\/\/allwintheme.com\/es\/wp-json\/wp\/v2\/product\/11440","targetHints":{"allow":["GET"]}}],"collection":[{"href":"https:\/\/allwintheme.com\/es\/wp-json\/wp\/v2\/product"}],"about":[{"href":"https:\/\/allwintheme.com\/es\/wp-json\/wp\/v2\/types\/product"}],"replies":[{"embeddable":true,"href":"https:\/\/allwintheme.com\/es\/wp-json\/wp\/v2\/comments?post=11440"}],"version-history":[{"count":5,"href":"https:\/\/allwintheme.com\/es\/wp-json\/wp\/v2\/product\/11440\/revisions"}],"predecessor-version":[{"id":11446,"href":"https:\/\/allwintheme.com\/es\/wp-json\/wp\/v2\/product\/11440\/revisions\/11446"}],"wp:featuredmedia":[{"embeddable":true,"href":"https:\/\/allwintheme.com\/es\/wp-json\/wp\/v2\/media\/11441"}],"wp:attachment":[{"href":"https:\/\/allwintheme.com\/es\/wp-json\/wp\/v2\/media?parent=11440"}],"wp:term":[{"taxonomy":"product_brand","embeddable":true,"href":"https:\/\/allwintheme.com\/es\/wp-json\/wp\/v2\/product_brand?post=11440"},{"taxonomy":"product_cat","embeddable":true,"href":"https:\/\/allwintheme.com\/es\/wp-json\/wp\/v2\/product_cat?post=11440"},{"taxonomy":"product_tag","embeddable":true,"href":"https:\/\/allwintheme.com\/es\/wp-json\/wp\/v2\/product_tag?post=11440"}],"curies":[{"name":"wp","href":"https:\/\/api.w.org\/{rel}","templated":true}]}}