{"id":11507,"date":"2025-10-23T07:50:47","date_gmt":"2025-10-23T07:50:47","guid":{"rendered":"https:\/\/allwintheme.com\/?post_type=product&#038;p=11507"},"modified":"2025-10-23T07:58:26","modified_gmt":"2025-10-23T07:58:26","slug":"listivo-classified-ads-directory-listing-theme","status":"publish","type":"product","link":"https:\/\/allwintheme.com\/es\/producto\/listivo-classified-ads-directory-listing-theme\/","title":{"rendered":"Listivo - Tema para anuncios clasificados y directorios"},"content":{"rendered":"<div data-elementor-type=\"wp-post\" data-elementor-id=\"11507\" class=\"elementor elementor-11507\" data-elementor-settings=\"{&quot;element_pack_global_tooltip_width&quot;:{&quot;unit&quot;:&quot;px&quot;,&quot;size&quot;:&quot;&quot;,&quot;sizes&quot;:[]},&quot;element_pack_global_tooltip_width_tablet&quot;:{&quot;unit&quot;:&quot;px&quot;,&quot;size&quot;:&quot;&quot;,&quot;sizes&quot;:[]},&quot;element_pack_global_tooltip_width_mobile&quot;:{&quot;unit&quot;:&quot;px&quot;,&quot;size&quot;:&quot;&quot;,&quot;sizes&quot;:[]},&quot;element_pack_global_tooltip_padding&quot;:{&quot;unit&quot;:&quot;px&quot;,&quot;top&quot;:&quot;&quot;,&quot;right&quot;:&quot;&quot;,&quot;bottom&quot;:&quot;&quot;,&quot;left&quot;:&quot;&quot;,&quot;isLinked&quot;:true},&quot;element_pack_global_tooltip_padding_tablet&quot;:{&quot;unit&quot;:&quot;px&quot;,&quot;top&quot;:&quot;&quot;,&quot;right&quot;:&quot;&quot;,&quot;bottom&quot;:&quot;&quot;,&quot;left&quot;:&quot;&quot;,&quot;isLinked&quot;:true},&quot;element_pack_global_tooltip_padding_mobile&quot;:{&quot;unit&quot;:&quot;px&quot;,&quot;top&quot;:&quot;&quot;,&quot;right&quot;:&quot;&quot;,&quot;bottom&quot;:&quot;&quot;,&quot;left&quot;:&quot;&quot;,&quot;isLinked&quot;:true},&quot;element_pack_global_tooltip_border_radius&quot;:{&quot;unit&quot;:&quot;px&quot;,&quot;top&quot;:&quot;&quot;,&quot;right&quot;:&quot;&quot;,&quot;bottom&quot;:&quot;&quot;,&quot;left&quot;:&quot;&quot;,&quot;isLinked&quot;:true},&quot;element_pack_global_tooltip_border_radius_tablet&quot;:{&quot;unit&quot;:&quot;px&quot;,&quot;top&quot;:&quot;&quot;,&quot;right&quot;:&quot;&quot;,&quot;bottom&quot;:&quot;&quot;,&quot;left&quot;:&quot;&quot;,&quot;isLinked&quot;:true},&quot;element_pack_global_tooltip_border_radius_mobile&quot;:{&quot;unit&quot;:&quot;px&quot;,&quot;top&quot;:&quot;&quot;,&quot;right&quot;:&quot;&quot;,&quot;bottom&quot;:&quot;&quot;,&quot;left&quot;:&quot;&quot;,&quot;isLinked&quot;:true}}\" data-elementor-post-type=\"product\">\n\t\t\t\t<div class=\"wd-negative-gap elementor-element elementor-element-116794f e-flex e-con-boxed e-con e-parent\" data-id=\"116794f\" data-element_type=\"container\" data-e-type=\"container\">\n\t\t\t\t\t<div class=\"e-con-inner\">\n\t\t\t\t<div class=\"elementor-element elementor-element-03d2133 elementor-widget elementor-widget-wd_text_block\" data-id=\"03d2133\" data-element_type=\"widget\" data-e-type=\"widget\" data-widget_type=\"wd_text_block.default\">\n\t\t\t\t<div class=\"elementor-widget-container\">\n\t\t\t\t\t\t\t<div class=\"wd-text-block reset-last-child text-left\">\n\t\t\t\n\t\t\t<h2>Listivo: Crear una plataforma din\u00e1mica de anuncios clasificados y directorios<\/h2>\n<p>En <strong>Tema de anuncios clasificados y directorios de Listivo<\/strong> le permite lanzar un directorio profesional y atractivo o un sitio web de anuncios clasificados sin esfuerzo. Por ejemplo, los empresarios y las empresas utilizan activamente Listivo para crear plataformas de anuncios inmobiliarios, de autom\u00f3viles o de servicios. En consecuencia, usted ofrece una experiencia de usuario sin fisuras que impulsa el tr\u00e1fico y el compromiso.<\/p>\n\n<h3>Configuraci\u00f3n sin esfuerzo para directorios potentes<\/h3>\n<p>Listivo simplifica el proceso de creaci\u00f3n de un directorio rico en funciones. Puede configurar r\u00e1pidamente p\u00e1ginas de anuncios personalizables, perfiles de usuario y filtros de b\u00fasqueda avanzados directamente desde el panel de control de WordPress. Adem\u00e1s, su integraci\u00f3n con plugins populares como Elementor asegura que el dise\u00f1o de dise\u00f1os impresionantes sin conocimientos de codificaci\u00f3n.<\/p>\n\n<h3>\u00bfPor qu\u00e9 elegir Listivo?<\/h3>\n<ul>\n    <li><strong>B\u00fasqueda avanzada y filtros:<\/strong> Los usuarios encuentran los anuncios al instante con b\u00fasquedas basadas en la ubicaci\u00f3n, filtros de categor\u00edas y campos personalizados.<\/li>\n    <li><strong>Monetizaci\u00f3n f\u00e1cil:<\/strong> Ofrece anuncios de pago, planes de suscripci\u00f3n o anuncios promocionados mediante la integraci\u00f3n con WooCommerce.<\/li>\n    <li><strong>Cuadros de mando f\u00e1ciles de usar:<\/strong> Los vendedores gestionan los anuncios y los compradores guardan sus favoritos, lo que aumenta la interacci\u00f3n y la fidelidad.<\/li>\n    <li><strong>Dise\u00f1o optimizado para m\u00f3viles:<\/strong> El dise\u00f1o totalmente adaptable garantiza una experiencia impecable en ordenadores de sobremesa, tabletas y tel\u00e9fonos.<\/li>\n    <li><strong>Personalizaci\u00f3n flexible:<\/strong> Puede modificar los colores, las fuentes y los dise\u00f1os para adaptarlos a su marca con la sencillez de arrastrar y soltar.<\/li>\n<\/ul>\n\n<h3>Atraiga a los usuarios con funciones inteligentes<\/h3>\n<p>Listivo mejora la participaci\u00f3n de los usuarios con herramientas como las b\u00fasquedas guardadas, la comparaci\u00f3n de anuncios y el chat en directo. Por ejemplo, los compradores contactan directamente con los vendedores, mientras que las funciones de geolocalizaci\u00f3n ayudan a los usuarios a descubrir anuncios cercanos. Como resultado, su plataforma se convierte en un destino de referencia para clasificados y directorios.<\/p>\n\n<h3>SEO y rendimiento optimizados<\/h3>\n<p>Usted optimiza su sitio para los motores de b\u00fasqueda con las herramientas SEO integradas de Listivo, impulsando el tr\u00e1fico org\u00e1nico sin esfuerzo. Adem\u00e1s, su c\u00f3digo ligero garantiza tiempos de carga r\u00e1pidos, manteniendo satisfechos a los usuarios. Por lo tanto, usted construye un directorio de alto rendimiento que se destaca en los mercados competitivos.<\/p>\n\n<h3>Lance su directorio hoy mismo<\/h3>\n<p>Transforme su visi\u00f3n en una pr\u00f3spera plataforma de anuncios clasificados con <strong>Tema de anuncios clasificados y directorios de Listivo<\/strong>. Gracias a la importaci\u00f3n de demostraciones con un solo clic y a la extensa documentaci\u00f3n, podr\u00e1 empezar r\u00e1pidamente. Inst\u00e1lelo ahora y cree un directorio que conecte a usuarios y empresas sin problemas.\n\t\t\t\t\t<\/div>\n\t\t\t\t\t\t<\/div>\n\t\t\t\t<\/div>\n\t\t\t\t\t<\/div>\n\t\t\t\t<\/div>\n\t\t<div class=\"elementor-element elementor-element-c25ccef e-con-full e-flex e-con e-parent\" data-id=\"c25ccef\" data-element_type=\"container\" data-e-type=\"container\">\n\t\t\t\t<div class=\"elementor-element elementor-element-956e52a elementor-widget elementor-widget-video\" data-id=\"956e52a\" data-element_type=\"widget\" data-e-type=\"widget\" data-settings=\"{&quot;youtube_url&quot;:&quot;https:\\\/\\\/youtu.be\\\/dyGeF4MTzbA&quot;,&quot;video_type&quot;:&quot;youtube&quot;,&quot;controls&quot;:&quot;yes&quot;}\" data-widget_type=\"video.default\">\n\t\t\t\t\t\t\t<div class=\"elementor-wrapper elementor-open-inline\">\n\t\t\t<div class=\"elementor-video\"><\/div>\t\t<\/div>\n\t\t\t\t\t\t<\/div>\n\t\t\t\t<\/div>\n\t\t\t\t<\/div>","protected":false},"excerpt":{"rendered":"<p>Listivo: Build a Vibrant Classified Ads &amp; Directory Platform The Listivo Classified Ads &amp; Directory Listing Theme empowers you to<\/p>","protected":false},"featured_media":11469,"comment_status":"open","ping_status":"closed","template":"","meta":{"_acf_changed":false},"product_brand":[],"product_cat":[48],"product_tag":[],"class_list":{"0":"post-11507","1":"product","2":"type-product","3":"status-publish","4":"has-post-thumbnail","6":"product_cat-themes","8":"first","9":"instock","10":"sale","11":"downloadable","12":"shipping-taxable","13":"purchasable","14":"product-type-simple"},"acf":[],"yoast_head":"<!-- This site is optimized with the Yoast SEO Premium plugin v25.6 (Yoast SEO v27.1.1) - https:\/\/yoast.com\/product\/yoast-seo-premium-wordpress\/ -->\n<title>Listivo \u2013 Classified Ads &amp; Directory Listing Theme - AllWin Theme \u2013 Free WordPress Themes Download<\/title>\n<meta name=\"description\" content=\"Build stunning healthcare websites with Medicare WordPress theme. Tailored for clinics, doctors, and hospitals with appointment booking and responsive demos.\" \/>\n<meta name=\"robots\" content=\"index, follow, max-snippet:-1, max-image-preview:large, max-video-preview:-1\" \/>\n<link rel=\"canonical\" href=\"https:\/\/allwintheme.com\/es\/producto\/listivo-classified-ads-directory-listing-theme\/\" \/>\n<meta property=\"og:locale\" content=\"es_ES\" \/>\n<meta property=\"og:type\" content=\"article\" \/>\n<meta property=\"og:title\" content=\"Listivo \u2013 Classified Ads &amp; Directory Listing Theme\" \/>\n<meta property=\"og:description\" content=\"Build stunning healthcare websites with Medicare WordPress theme. Tailored for clinics, doctors, and hospitals with appointment booking and responsive demos.\" \/>\n<meta property=\"og:url\" content=\"https:\/\/allwintheme.com\/es\/producto\/listivo-classified-ads-directory-listing-theme\/\" \/>\n<meta property=\"og:site_name\" content=\"AllWin Theme \u2013 Free WordPress Themes Download\" \/>\n<meta property=\"article:modified_time\" content=\"2025-10-23T07:58:26+00:00\" \/>\n<meta property=\"og:image\" content=\"https:\/\/allwintheme.com\/wp-content\/uploads\/2025\/10\/z9c8vvrr.png\" \/>\n\t<meta property=\"og:image:width\" content=\"590\" \/>\n\t<meta property=\"og:image:height\" content=\"300\" \/>\n\t<meta property=\"og:image:type\" content=\"image\/png\" \/>\n<meta name=\"twitter:card\" content=\"summary_large_image\" \/>\n<meta name=\"twitter:label1\" content=\"Tiempo estimado de lectura\" \/>\n\t<meta name=\"twitter:data1\" content=\"2 minutos\" \/>\n<script type=\"application\/ld+json\" class=\"yoast-schema-graph\">{\"@context\":\"https:\/\/schema.org\",\"@graph\":[{\"@type\":\"WebPage\",\"@id\":\"https:\/\/allwintheme.com\/product\/listivo-classified-ads-directory-listing-theme\/\",\"url\":\"https:\/\/allwintheme.com\/product\/listivo-classified-ads-directory-listing-theme\/\",\"name\":\"Listivo \u2013 Classified Ads & Directory Listing Theme - AllWin Theme \u2013 Free WordPress Themes Download\",\"isPartOf\":{\"@id\":\"https:\/\/allwintheme.com\/#website\"},\"primaryImageOfPage\":{\"@id\":\"https:\/\/allwintheme.com\/product\/listivo-classified-ads-directory-listing-theme\/#primaryimage\"},\"image\":{\"@id\":\"https:\/\/allwintheme.com\/product\/listivo-classified-ads-directory-listing-theme\/#primaryimage\"},\"thumbnailUrl\":\"https:\/\/allwintheme.com\/wp-content\/uploads\/2025\/10\/z9c8vvrr.png\",\"datePublished\":\"2025-10-23T07:50:47+00:00\",\"dateModified\":\"2025-10-23T07:58:26+00:00\",\"description\":\"Build stunning healthcare websites with Medicare WordPress theme. Tailored for clinics, doctors, and hospitals with appointment booking and responsive demos.\",\"breadcrumb\":{\"@id\":\"https:\/\/allwintheme.com\/product\/listivo-classified-ads-directory-listing-theme\/#breadcrumb\"},\"inLanguage\":\"es-CL\",\"potentialAction\":[{\"@type\":\"ReadAction\",\"target\":[\"https:\/\/allwintheme.com\/product\/listivo-classified-ads-directory-listing-theme\/\"]}]},{\"@type\":\"ImageObject\",\"inLanguage\":\"es-CL\",\"@id\":\"https:\/\/allwintheme.com\/product\/listivo-classified-ads-directory-listing-theme\/#primaryimage\",\"url\":\"https:\/\/allwintheme.com\/wp-content\/uploads\/2025\/10\/z9c8vvrr.png\",\"contentUrl\":\"https:\/\/allwintheme.com\/wp-content\/uploads\/2025\/10\/z9c8vvrr.png\",\"width\":590,\"height\":300,\"caption\":\"Listivo \u2013 Classified Ads & Directory Listing Theme\"},{\"@type\":\"BreadcrumbList\",\"@id\":\"https:\/\/allwintheme.com\/product\/listivo-classified-ads-directory-listing-theme\/#breadcrumb\",\"itemListElement\":[{\"@type\":\"ListItem\",\"position\":1,\"name\":\"Home\",\"item\":\"https:\/\/allwintheme.com\/\"},{\"@type\":\"ListItem\",\"position\":2,\"name\":\"Shop\",\"item\":\"https:\/\/allwintheme.com\/shop\/\"},{\"@type\":\"ListItem\",\"position\":3,\"name\":\"Listivo \u2013 Classified Ads &#038; Directory Listing Theme\"}]},{\"@type\":\"WebSite\",\"@id\":\"https:\/\/allwintheme.com\/#website\",\"url\":\"https:\/\/allwintheme.com\/\",\"name\":\"Allwintheme\",\"description\":\"Download free WordPress themes for every niche. Blogs, business, eCommerce, portfolio, restaurant and more. All themes are GPL licensed and mobile-ready.\",\"potentialAction\":[{\"@type\":\"SearchAction\",\"target\":{\"@type\":\"EntryPoint\",\"urlTemplate\":\"https:\/\/allwintheme.com\/?s={search_term_string}\"},\"query-input\":{\"@type\":\"PropertyValueSpecification\",\"valueRequired\":true,\"valueName\":\"search_term_string\"}}],\"inLanguage\":\"es-CL\"}]}<\/script>\n<!-- \/ Yoast SEO Premium plugin. -->","yoast_head_json":{"title":"Listivo \u2013 Classified Ads & Directory Listing Theme - AllWin Theme \u2013 Free WordPress Themes Download","description":"Cree impresionantes sitios web de atenci\u00f3n sanitaria con el tema de WordPress Medicare. Adaptado para cl\u00ednicas, m\u00e9dicos y hospitales con reserva de citas y demos responsivas.","robots":{"index":"index","follow":"follow","max-snippet":"max-snippet:-1","max-image-preview":"max-image-preview:large","max-video-preview":"max-video-preview:-1"},"canonical":"https:\/\/allwintheme.com\/es\/producto\/listivo-classified-ads-directory-listing-theme\/","og_locale":"es_ES","og_type":"article","og_title":"Listivo \u2013 Classified Ads & Directory Listing Theme","og_description":"Build stunning healthcare websites with Medicare WordPress theme. Tailored for clinics, doctors, and hospitals with appointment booking and responsive demos.","og_url":"https:\/\/allwintheme.com\/es\/producto\/listivo-classified-ads-directory-listing-theme\/","og_site_name":"AllWin Theme \u2013 Free WordPress Themes Download","article_modified_time":"2025-10-23T07:58:26+00:00","og_image":[{"width":590,"height":300,"url":"https:\/\/allwintheme.com\/wp-content\/uploads\/2025\/10\/z9c8vvrr.png","type":"image\/png"}],"twitter_card":"summary_large_image","twitter_misc":{"Tiempo estimado de lectura":"2 minutos"},"schema":{"@context":"https:\/\/schema.org","@graph":[{"@type":"WebPage","@id":"https:\/\/allwintheme.com\/product\/listivo-classified-ads-directory-listing-theme\/","url":"https:\/\/allwintheme.com\/product\/listivo-classified-ads-directory-listing-theme\/","name":"Listivo \u2013 Classified Ads & Directory Listing Theme - AllWin Theme \u2013 Free WordPress Themes Download","isPartOf":{"@id":"https:\/\/allwintheme.com\/#website"},"primaryImageOfPage":{"@id":"https:\/\/allwintheme.com\/product\/listivo-classified-ads-directory-listing-theme\/#primaryimage"},"image":{"@id":"https:\/\/allwintheme.com\/product\/listivo-classified-ads-directory-listing-theme\/#primaryimage"},"thumbnailUrl":"https:\/\/allwintheme.com\/wp-content\/uploads\/2025\/10\/z9c8vvrr.png","datePublished":"2025-10-23T07:50:47+00:00","dateModified":"2025-10-23T07:58:26+00:00","description":"Cree impresionantes sitios web de atenci\u00f3n sanitaria con el tema de WordPress Medicare. Adaptado para cl\u00ednicas, m\u00e9dicos y hospitales con reserva de citas y demos responsivas.","breadcrumb":{"@id":"https:\/\/allwintheme.com\/product\/listivo-classified-ads-directory-listing-theme\/#breadcrumb"},"inLanguage":"es-CL","potentialAction":[{"@type":"ReadAction","target":["https:\/\/allwintheme.com\/product\/listivo-classified-ads-directory-listing-theme\/"]}]},{"@type":"ImageObject","inLanguage":"es-CL","@id":"https:\/\/allwintheme.com\/product\/listivo-classified-ads-directory-listing-theme\/#primaryimage","url":"https:\/\/allwintheme.com\/wp-content\/uploads\/2025\/10\/z9c8vvrr.png","contentUrl":"https:\/\/allwintheme.com\/wp-content\/uploads\/2025\/10\/z9c8vvrr.png","width":590,"height":300,"caption":"Listivo \u2013 Classified Ads & Directory Listing Theme"},{"@type":"BreadcrumbList","@id":"https:\/\/allwintheme.com\/product\/listivo-classified-ads-directory-listing-theme\/#breadcrumb","itemListElement":[{"@type":"ListItem","position":1,"name":"Home","item":"https:\/\/allwintheme.com\/"},{"@type":"ListItem","position":2,"name":"Shop","item":"https:\/\/allwintheme.com\/shop\/"},{"@type":"ListItem","position":3,"name":"Listivo \u2013 Classified Ads &#038; Directory Listing Theme"}]},{"@type":"WebSite","@id":"https:\/\/allwintheme.com\/#website","url":"https:\/\/allwintheme.com\/","name":"Allwintheme","description":"Descarga gratis temas de WordPress para todos los nichos. Blogs, negocios, comercio electr\u00f3nico, portafolio, restaurante y m\u00e1s. Todos los temas tienen licencia GPL y est\u00e1n preparados para dispositivos m\u00f3viles.","potentialAction":[{"@type":"SearchAction","target":{"@type":"EntryPoint","urlTemplate":"https:\/\/allwintheme.com\/?s={search_term_string}"},"query-input":{"@type":"PropertyValueSpecification","valueRequired":true,"valueName":"search_term_string"}}],"inLanguage":"es-CL"}]}},"_links":{"self":[{"href":"https:\/\/allwintheme.com\/es\/wp-json\/wp\/v2\/product\/11507","targetHints":{"allow":["GET"]}}],"collection":[{"href":"https:\/\/allwintheme.com\/es\/wp-json\/wp\/v2\/product"}],"about":[{"href":"https:\/\/allwintheme.com\/es\/wp-json\/wp\/v2\/types\/product"}],"replies":[{"embeddable":true,"href":"https:\/\/allwintheme.com\/es\/wp-json\/wp\/v2\/comments?post=11507"}],"version-history":[{"count":9,"href":"https:\/\/allwintheme.com\/es\/wp-json\/wp\/v2\/product\/11507\/revisions"}],"predecessor-version":[{"id":11517,"href":"https:\/\/allwintheme.com\/es\/wp-json\/wp\/v2\/product\/11507\/revisions\/11517"}],"wp:featuredmedia":[{"embeddable":true,"href":"https:\/\/allwintheme.com\/es\/wp-json\/wp\/v2\/media\/11469"}],"wp:attachment":[{"href":"https:\/\/allwintheme.com\/es\/wp-json\/wp\/v2\/media?parent=11507"}],"wp:term":[{"taxonomy":"product_brand","embeddable":true,"href":"https:\/\/allwintheme.com\/es\/wp-json\/wp\/v2\/product_brand?post=11507"},{"taxonomy":"product_cat","embeddable":true,"href":"https:\/\/allwintheme.com\/es\/wp-json\/wp\/v2\/product_cat?post=11507"},{"taxonomy":"product_tag","embeddable":true,"href":"https:\/\/allwintheme.com\/es\/wp-json\/wp\/v2\/product_tag?post=11507"}],"curies":[{"name":"wp","href":"https:\/\/api.w.org\/{rel}","templated":true}]}}