{"id":11580,"date":"2025-10-24T01:07:03","date_gmt":"2025-10-24T01:07:03","guid":{"rendered":"https:\/\/allwintheme.com\/?post_type=product&#038;p=11580"},"modified":"2025-10-24T01:14:20","modified_gmt":"2025-10-24T01:14:20","slug":"itfirm-it-solutions-services","status":"publish","type":"product","link":"https:\/\/allwintheme.com\/es\/producto\/itfirm-it-solutions-services\/","title":{"rendered":"ITfirm - Servicios de soluciones inform\u00e1ticas"},"content":{"rendered":"<div data-elementor-type=\"wp-post\" data-elementor-id=\"11580\" class=\"elementor elementor-11580\" data-elementor-settings=\"{&quot;element_pack_global_tooltip_width&quot;:{&quot;unit&quot;:&quot;px&quot;,&quot;size&quot;:&quot;&quot;,&quot;sizes&quot;:[]},&quot;element_pack_global_tooltip_width_tablet&quot;:{&quot;unit&quot;:&quot;px&quot;,&quot;size&quot;:&quot;&quot;,&quot;sizes&quot;:[]},&quot;element_pack_global_tooltip_width_mobile&quot;:{&quot;unit&quot;:&quot;px&quot;,&quot;size&quot;:&quot;&quot;,&quot;sizes&quot;:[]},&quot;element_pack_global_tooltip_padding&quot;:{&quot;unit&quot;:&quot;px&quot;,&quot;top&quot;:&quot;&quot;,&quot;right&quot;:&quot;&quot;,&quot;bottom&quot;:&quot;&quot;,&quot;left&quot;:&quot;&quot;,&quot;isLinked&quot;:true},&quot;element_pack_global_tooltip_padding_tablet&quot;:{&quot;unit&quot;:&quot;px&quot;,&quot;top&quot;:&quot;&quot;,&quot;right&quot;:&quot;&quot;,&quot;bottom&quot;:&quot;&quot;,&quot;left&quot;:&quot;&quot;,&quot;isLinked&quot;:true},&quot;element_pack_global_tooltip_padding_mobile&quot;:{&quot;unit&quot;:&quot;px&quot;,&quot;top&quot;:&quot;&quot;,&quot;right&quot;:&quot;&quot;,&quot;bottom&quot;:&quot;&quot;,&quot;left&quot;:&quot;&quot;,&quot;isLinked&quot;:true},&quot;element_pack_global_tooltip_border_radius&quot;:{&quot;unit&quot;:&quot;px&quot;,&quot;top&quot;:&quot;&quot;,&quot;right&quot;:&quot;&quot;,&quot;bottom&quot;:&quot;&quot;,&quot;left&quot;:&quot;&quot;,&quot;isLinked&quot;:true},&quot;element_pack_global_tooltip_border_radius_tablet&quot;:{&quot;unit&quot;:&quot;px&quot;,&quot;top&quot;:&quot;&quot;,&quot;right&quot;:&quot;&quot;,&quot;bottom&quot;:&quot;&quot;,&quot;left&quot;:&quot;&quot;,&quot;isLinked&quot;:true},&quot;element_pack_global_tooltip_border_radius_mobile&quot;:{&quot;unit&quot;:&quot;px&quot;,&quot;top&quot;:&quot;&quot;,&quot;right&quot;:&quot;&quot;,&quot;bottom&quot;:&quot;&quot;,&quot;left&quot;:&quot;&quot;,&quot;isLinked&quot;:true}}\" data-elementor-post-type=\"product\">\n\t\t\t\t<div class=\"wd-negative-gap elementor-element elementor-element-116794f e-flex e-con-boxed e-con e-parent\" data-id=\"116794f\" data-element_type=\"container\" data-e-type=\"container\">\n\t\t\t\t\t<div class=\"e-con-inner\">\n\t\t\t\t<div class=\"elementor-element elementor-element-03d2133 elementor-widget elementor-widget-wd_text_block\" data-id=\"03d2133\" data-element_type=\"widget\" data-e-type=\"widget\" data-widget_type=\"wd_text_block.default\">\n\t\t\t\t<div class=\"elementor-widget-container\">\n\t\t\t\t\t\t\t<div class=\"wd-text-block reset-last-child text-left\">\n\t\t\t\n\t\t\t<h2>ITfirm: Cree un sitio web de soluciones inform\u00e1ticas sorprendente<\/h2>\n<p>En <strong>ITfirm - IT Solutions Services Theme<\/strong> permite a las empresas tecnol\u00f3gicas crear sitios web profesionales y adaptables sin esfuerzo. Por ejemplo, las empresas y consultor\u00edas de TI utilizan activamente este tema de WordPress para mostrar sus servicios, atraer clientes y aumentar su credibilidad. De este modo, se crea una presencia online potente que impulsa el crecimiento del negocio con el m\u00ednimo esfuerzo.<\/p>\n\n<h3>Instalaci\u00f3n sin esfuerzo para empresas tecnol\u00f3gicas<\/h3>\n<p>ITfirm agiliza el proceso de creaci\u00f3n de un sitio web adaptado a los servicios de TI. Puedes destacar soluciones como la ciberseguridad, la computaci\u00f3n en la nube o el desarrollo de software mediante dise\u00f1os predefinidos. Adem\u00e1s, el tema se integra a la perfecci\u00f3n con creadores de p\u00e1ginas populares como Elementor, para que puedas personalizar p\u00e1ginas de forma r\u00e1pida y eficiente desde tu panel de WordPress.<\/p>\n\n<h3>\u00bfPor qu\u00e9 elegir ITfirm?<\/h3>\n<ul>\n    <li><strong>Demostraciones predise\u00f1adas:<\/strong> Importe plantillas listas para usar para servicios de TI, consultor\u00eda o nuevas empresas tecnol\u00f3gicas con un solo clic.<\/li>\n    <li><strong>Personalizaci\u00f3n avanzada:<\/strong> Puede ajustar f\u00e1cilmente los colores, las fuentes y los dise\u00f1os para adaptarlos a la identidad de su marca.<\/li>\n    <li><strong>Herramientas de escaparate de servicios:<\/strong> Las secciones dedicadas le permiten mostrar carteras, estudios de casos y testimonios de clientes de forma eficaz.<\/li>\n    <li><strong>Preparado para WooCommerce:<\/strong> Venda servicios o productos inform\u00e1ticos directamente con un sistema de comercio electr\u00f3nico totalmente integrado.<\/li>\n    <li><strong>R\u00e1pido y optimizado para SEO:<\/strong> El tema se carga r\u00e1pidamente y sigue las mejores pr\u00e1cticas de SEO, lo que le ayuda a posicionarse mejor en los motores de b\u00fasqueda.<\/li>\n<\/ul>\n\n<h3>Dise\u00f1o moderno y totalmente adaptable<\/h3>\n<p>ITfirm garantiza que su sitio web brille en todos los dispositivos, desde ordenadores de sobremesa hasta smartphones, gracias a su dise\u00f1o responsive. Por ejemplo, los clientes potenciales pueden explorar sus servicios sin problemas sobre la marcha. El resultado es una experiencia moderna y f\u00e1cil de usar que genera confianza y fomenta el compromiso.<\/p>\n\n<h3>Optimice su presencia en l\u00ednea<\/h3>\n<p>Con ITfirm, tendr\u00e1 acceso a opciones de personalizaci\u00f3n ilimitadas, incluidos shortcodes para elementos interactivos como sliders y tablas de precios. Adem\u00e1s, el c\u00f3digo limpio y el r\u00e1pido rendimiento del tema mejoran la experiencia del usuario y la visibilidad en las b\u00fasquedas. Por lo tanto, atraer\u00e1 m\u00e1s clientes potenciales y los convertir\u00e1 en clientes fieles sin esfuerzo.<\/p>\n\n<h3>Lance hoy mismo su sitio web sobre TI<\/h3>\n<p>Transforme su negocio de TI con <strong>ITfirm - IT Solutions Services Theme<\/strong>. Con una configuraci\u00f3n sencilla, importaci\u00f3n de demos con un solo clic y un completo servicio de asistencia, podr\u00e1 lanzar un sitio web profesional en un abrir y cerrar de ojos. Inst\u00e1lelo ahora y muestre sus conocimientos t\u00e9cnicos al mundo.\n\t\t\t\t\t<\/div>\n\t\t\t\t\t\t<\/div>\n\t\t\t\t<\/div>\n\t\t\t\t\t<\/div>\n\t\t\t\t<\/div>\n\t\t<div class=\"elementor-element elementor-element-c25ccef e-con-full e-flex e-con e-parent\" data-id=\"c25ccef\" data-element_type=\"container\" data-e-type=\"container\">\n\t\t\t\t<div class=\"elementor-element elementor-element-956e52a elementor-widget elementor-widget-video\" data-id=\"956e52a\" data-element_type=\"widget\" data-e-type=\"widget\" data-settings=\"{&quot;youtube_url&quot;:&quot;https:\\\/\\\/youtu.be\\\/DlaG88-RjKk&quot;,&quot;video_type&quot;:&quot;youtube&quot;,&quot;controls&quot;:&quot;yes&quot;}\" data-widget_type=\"video.default\">\n\t\t\t\t\t\t\t<div class=\"elementor-wrapper elementor-open-inline\">\n\t\t\t<div class=\"elementor-video\"><\/div>\t\t<\/div>\n\t\t\t\t\t\t<\/div>\n\t\t\t\t<\/div>\n\t\t\t\t<\/div>","protected":false},"excerpt":{"rendered":"<p>ITfirm: Build a Stunning IT Solutions Website The ITfirm \u2013 IT Solutions Services Theme empowers tech businesses to craft professional,<\/p>","protected":false},"featured_media":11480,"comment_status":"open","ping_status":"closed","template":"","meta":{"_acf_changed":false},"product_brand":[],"product_cat":[48],"product_tag":[],"class_list":{"0":"post-11580","1":"product","2":"type-product","3":"status-publish","4":"has-post-thumbnail","6":"product_cat-themes","8":"first","9":"instock","10":"sale","11":"downloadable","12":"shipping-taxable","13":"purchasable","14":"product-type-simple"},"acf":[],"yoast_head":"<!-- This site is optimized with the Yoast SEO Premium plugin v25.6 (Yoast SEO v27.1.1) - https:\/\/yoast.com\/product\/yoast-seo-premium-wordpress\/ -->\n<title>ITfirm \u2013 IT Solutions Services - AllWin Theme \u2013 Free WordPress Themes Download<\/title>\n<meta name=\"description\" content=\"Create a professional IT services website with ITfirm. Responsive WordPress theme for tech solutions, SEO-optimized with easy customization.\" \/>\n<meta name=\"robots\" content=\"index, follow, max-snippet:-1, max-image-preview:large, max-video-preview:-1\" \/>\n<link rel=\"canonical\" href=\"https:\/\/allwintheme.com\/es\/producto\/itfirm-it-solutions-services\/\" \/>\n<meta property=\"og:locale\" content=\"es_ES\" \/>\n<meta property=\"og:type\" content=\"article\" \/>\n<meta property=\"og:title\" content=\"ITfirm \u2013 IT Solutions Services\" \/>\n<meta property=\"og:description\" content=\"Create a professional IT services website with ITfirm. Responsive WordPress theme for tech solutions, SEO-optimized with easy customization.\" \/>\n<meta property=\"og:url\" content=\"https:\/\/allwintheme.com\/es\/producto\/itfirm-it-solutions-services\/\" \/>\n<meta property=\"og:site_name\" content=\"AllWin Theme \u2013 Free WordPress Themes Download\" \/>\n<meta property=\"article:modified_time\" content=\"2025-10-24T01:14:20+00:00\" \/>\n<meta property=\"og:image\" content=\"https:\/\/allwintheme.com\/wp-content\/uploads\/2025\/10\/ITfirm-\u2013-IT-Solutions-Services.png\" \/>\n\t<meta property=\"og:image:width\" content=\"722\" \/>\n\t<meta property=\"og:image:height\" content=\"369\" \/>\n\t<meta property=\"og:image:type\" content=\"image\/png\" \/>\n<meta name=\"twitter:card\" content=\"summary_large_image\" \/>\n<meta name=\"twitter:label1\" content=\"Tiempo estimado de lectura\" \/>\n\t<meta name=\"twitter:data1\" content=\"2 minutos\" \/>\n<script type=\"application\/ld+json\" class=\"yoast-schema-graph\">{\"@context\":\"https:\/\/schema.org\",\"@graph\":[{\"@type\":\"WebPage\",\"@id\":\"https:\/\/allwintheme.com\/product\/itfirm-it-solutions-services\/\",\"url\":\"https:\/\/allwintheme.com\/product\/itfirm-it-solutions-services\/\",\"name\":\"ITfirm \u2013 IT Solutions Services - AllWin Theme \u2013 Free WordPress Themes Download\",\"isPartOf\":{\"@id\":\"https:\/\/allwintheme.com\/#website\"},\"primaryImageOfPage\":{\"@id\":\"https:\/\/allwintheme.com\/product\/itfirm-it-solutions-services\/#primaryimage\"},\"image\":{\"@id\":\"https:\/\/allwintheme.com\/product\/itfirm-it-solutions-services\/#primaryimage\"},\"thumbnailUrl\":\"https:\/\/allwintheme.com\/wp-content\/uploads\/2025\/10\/ITfirm-\u2013-IT-Solutions-Services.png\",\"datePublished\":\"2025-10-24T01:07:03+00:00\",\"dateModified\":\"2025-10-24T01:14:20+00:00\",\"description\":\"Create a professional IT services website with ITfirm. Responsive WordPress theme for tech solutions, SEO-optimized with easy customization.\",\"breadcrumb\":{\"@id\":\"https:\/\/allwintheme.com\/product\/itfirm-it-solutions-services\/#breadcrumb\"},\"inLanguage\":\"es-CL\",\"potentialAction\":[{\"@type\":\"ReadAction\",\"target\":[\"https:\/\/allwintheme.com\/product\/itfirm-it-solutions-services\/\"]}]},{\"@type\":\"ImageObject\",\"inLanguage\":\"es-CL\",\"@id\":\"https:\/\/allwintheme.com\/product\/itfirm-it-solutions-services\/#primaryimage\",\"url\":\"https:\/\/allwintheme.com\/wp-content\/uploads\/2025\/10\/ITfirm-\u2013-IT-Solutions-Services.png\",\"contentUrl\":\"https:\/\/allwintheme.com\/wp-content\/uploads\/2025\/10\/ITfirm-\u2013-IT-Solutions-Services.png\",\"width\":722,\"height\":369,\"caption\":\"ITfirm \u2013 IT Solutions Services\"},{\"@type\":\"BreadcrumbList\",\"@id\":\"https:\/\/allwintheme.com\/product\/itfirm-it-solutions-services\/#breadcrumb\",\"itemListElement\":[{\"@type\":\"ListItem\",\"position\":1,\"name\":\"Home\",\"item\":\"https:\/\/allwintheme.com\/\"},{\"@type\":\"ListItem\",\"position\":2,\"name\":\"Shop\",\"item\":\"https:\/\/allwintheme.com\/shop\/\"},{\"@type\":\"ListItem\",\"position\":3,\"name\":\"ITfirm \u2013 IT Solutions Services\"}]},{\"@type\":\"WebSite\",\"@id\":\"https:\/\/allwintheme.com\/#website\",\"url\":\"https:\/\/allwintheme.com\/\",\"name\":\"Allwintheme\",\"description\":\"Download free WordPress themes for every niche. Blogs, business, eCommerce, portfolio, restaurant and more. All themes are GPL licensed and mobile-ready.\",\"potentialAction\":[{\"@type\":\"SearchAction\",\"target\":{\"@type\":\"EntryPoint\",\"urlTemplate\":\"https:\/\/allwintheme.com\/?s={search_term_string}\"},\"query-input\":{\"@type\":\"PropertyValueSpecification\",\"valueRequired\":true,\"valueName\":\"search_term_string\"}}],\"inLanguage\":\"es-CL\"}]}<\/script>\n<!-- \/ Yoast SEO Premium plugin. -->","yoast_head_json":{"title":"ITfirm \u2013 IT Solutions Services - AllWin Theme \u2013 Free WordPress Themes Download","description":"Cree un sitio web profesional de servicios inform\u00e1ticos con ITfirm. Tema de WordPress responsivo para soluciones tecnol\u00f3gicas, optimizado para SEO y f\u00e1cil de personalizar.","robots":{"index":"index","follow":"follow","max-snippet":"max-snippet:-1","max-image-preview":"max-image-preview:large","max-video-preview":"max-video-preview:-1"},"canonical":"https:\/\/allwintheme.com\/es\/producto\/itfirm-it-solutions-services\/","og_locale":"es_ES","og_type":"article","og_title":"ITfirm \u2013 IT Solutions Services","og_description":"Create a professional IT services website with ITfirm. Responsive WordPress theme for tech solutions, SEO-optimized with easy customization.","og_url":"https:\/\/allwintheme.com\/es\/producto\/itfirm-it-solutions-services\/","og_site_name":"AllWin Theme \u2013 Free WordPress Themes Download","article_modified_time":"2025-10-24T01:14:20+00:00","og_image":[{"width":722,"height":369,"url":"https:\/\/allwintheme.com\/wp-content\/uploads\/2025\/10\/ITfirm-\u2013-IT-Solutions-Services.png","type":"image\/png"}],"twitter_card":"summary_large_image","twitter_misc":{"Tiempo estimado de lectura":"2 minutos"},"schema":{"@context":"https:\/\/schema.org","@graph":[{"@type":"WebPage","@id":"https:\/\/allwintheme.com\/product\/itfirm-it-solutions-services\/","url":"https:\/\/allwintheme.com\/product\/itfirm-it-solutions-services\/","name":"ITfirm \u2013 IT Solutions Services - AllWin Theme \u2013 Free WordPress Themes Download","isPartOf":{"@id":"https:\/\/allwintheme.com\/#website"},"primaryImageOfPage":{"@id":"https:\/\/allwintheme.com\/product\/itfirm-it-solutions-services\/#primaryimage"},"image":{"@id":"https:\/\/allwintheme.com\/product\/itfirm-it-solutions-services\/#primaryimage"},"thumbnailUrl":"https:\/\/allwintheme.com\/wp-content\/uploads\/2025\/10\/ITfirm-\u2013-IT-Solutions-Services.png","datePublished":"2025-10-24T01:07:03+00:00","dateModified":"2025-10-24T01:14:20+00:00","description":"Cree un sitio web profesional de servicios inform\u00e1ticos con ITfirm. Tema de WordPress responsivo para soluciones tecnol\u00f3gicas, optimizado para SEO y f\u00e1cil de personalizar.","breadcrumb":{"@id":"https:\/\/allwintheme.com\/product\/itfirm-it-solutions-services\/#breadcrumb"},"inLanguage":"es-CL","potentialAction":[{"@type":"ReadAction","target":["https:\/\/allwintheme.com\/product\/itfirm-it-solutions-services\/"]}]},{"@type":"ImageObject","inLanguage":"es-CL","@id":"https:\/\/allwintheme.com\/product\/itfirm-it-solutions-services\/#primaryimage","url":"https:\/\/allwintheme.com\/wp-content\/uploads\/2025\/10\/ITfirm-\u2013-IT-Solutions-Services.png","contentUrl":"https:\/\/allwintheme.com\/wp-content\/uploads\/2025\/10\/ITfirm-\u2013-IT-Solutions-Services.png","width":722,"height":369,"caption":"ITfirm \u2013 IT Solutions Services"},{"@type":"BreadcrumbList","@id":"https:\/\/allwintheme.com\/product\/itfirm-it-solutions-services\/#breadcrumb","itemListElement":[{"@type":"ListItem","position":1,"name":"Home","item":"https:\/\/allwintheme.com\/"},{"@type":"ListItem","position":2,"name":"Shop","item":"https:\/\/allwintheme.com\/shop\/"},{"@type":"ListItem","position":3,"name":"ITfirm \u2013 IT Solutions Services"}]},{"@type":"WebSite","@id":"https:\/\/allwintheme.com\/#website","url":"https:\/\/allwintheme.com\/","name":"Allwintheme","description":"Descarga gratis temas de WordPress para todos los nichos. Blogs, negocios, comercio electr\u00f3nico, portafolio, restaurante y m\u00e1s. Todos los temas tienen licencia GPL y est\u00e1n preparados para dispositivos m\u00f3viles.","potentialAction":[{"@type":"SearchAction","target":{"@type":"EntryPoint","urlTemplate":"https:\/\/allwintheme.com\/?s={search_term_string}"},"query-input":{"@type":"PropertyValueSpecification","valueRequired":true,"valueName":"search_term_string"}}],"inLanguage":"es-CL"}]}},"_links":{"self":[{"href":"https:\/\/allwintheme.com\/es\/wp-json\/wp\/v2\/product\/11580","targetHints":{"allow":["GET"]}}],"collection":[{"href":"https:\/\/allwintheme.com\/es\/wp-json\/wp\/v2\/product"}],"about":[{"href":"https:\/\/allwintheme.com\/es\/wp-json\/wp\/v2\/types\/product"}],"replies":[{"embeddable":true,"href":"https:\/\/allwintheme.com\/es\/wp-json\/wp\/v2\/comments?post=11580"}],"version-history":[{"count":5,"href":"https:\/\/allwintheme.com\/es\/wp-json\/wp\/v2\/product\/11580\/revisions"}],"predecessor-version":[{"id":11585,"href":"https:\/\/allwintheme.com\/es\/wp-json\/wp\/v2\/product\/11580\/revisions\/11585"}],"wp:featuredmedia":[{"embeddable":true,"href":"https:\/\/allwintheme.com\/es\/wp-json\/wp\/v2\/media\/11480"}],"wp:attachment":[{"href":"https:\/\/allwintheme.com\/es\/wp-json\/wp\/v2\/media?parent=11580"}],"wp:term":[{"taxonomy":"product_brand","embeddable":true,"href":"https:\/\/allwintheme.com\/es\/wp-json\/wp\/v2\/product_brand?post=11580"},{"taxonomy":"product_cat","embeddable":true,"href":"https:\/\/allwintheme.com\/es\/wp-json\/wp\/v2\/product_cat?post=11580"},{"taxonomy":"product_tag","embeddable":true,"href":"https:\/\/allwintheme.com\/es\/wp-json\/wp\/v2\/product_tag?post=11580"}],"curies":[{"name":"wp","href":"https:\/\/api.w.org\/{rel}","templated":true}]}}