{"id":11586,"date":"2025-10-24T01:15:20","date_gmt":"2025-10-24T01:15:20","guid":{"rendered":"https:\/\/allwintheme.com\/?post_type=product&#038;p=11586"},"modified":"2025-10-24T01:20:56","modified_gmt":"2025-10-24T01:20:56","slug":"tema-polivalente-saasland","status":"publish","type":"product","link":"https:\/\/allwintheme.com\/es\/producto\/tema-polivalente-saasland\/","title":{"rendered":"Tema polivalente Saasland"},"content":{"rendered":"<div data-elementor-type=\"wp-post\" data-elementor-id=\"11586\" class=\"elementor elementor-11586\" data-elementor-settings=\"{&quot;element_pack_global_tooltip_width&quot;:{&quot;unit&quot;:&quot;px&quot;,&quot;size&quot;:&quot;&quot;,&quot;sizes&quot;:[]},&quot;element_pack_global_tooltip_width_tablet&quot;:{&quot;unit&quot;:&quot;px&quot;,&quot;size&quot;:&quot;&quot;,&quot;sizes&quot;:[]},&quot;element_pack_global_tooltip_width_mobile&quot;:{&quot;unit&quot;:&quot;px&quot;,&quot;size&quot;:&quot;&quot;,&quot;sizes&quot;:[]},&quot;element_pack_global_tooltip_padding&quot;:{&quot;unit&quot;:&quot;px&quot;,&quot;top&quot;:&quot;&quot;,&quot;right&quot;:&quot;&quot;,&quot;bottom&quot;:&quot;&quot;,&quot;left&quot;:&quot;&quot;,&quot;isLinked&quot;:true},&quot;element_pack_global_tooltip_padding_tablet&quot;:{&quot;unit&quot;:&quot;px&quot;,&quot;top&quot;:&quot;&quot;,&quot;right&quot;:&quot;&quot;,&quot;bottom&quot;:&quot;&quot;,&quot;left&quot;:&quot;&quot;,&quot;isLinked&quot;:true},&quot;element_pack_global_tooltip_padding_mobile&quot;:{&quot;unit&quot;:&quot;px&quot;,&quot;top&quot;:&quot;&quot;,&quot;right&quot;:&quot;&quot;,&quot;bottom&quot;:&quot;&quot;,&quot;left&quot;:&quot;&quot;,&quot;isLinked&quot;:true},&quot;element_pack_global_tooltip_border_radius&quot;:{&quot;unit&quot;:&quot;px&quot;,&quot;top&quot;:&quot;&quot;,&quot;right&quot;:&quot;&quot;,&quot;bottom&quot;:&quot;&quot;,&quot;left&quot;:&quot;&quot;,&quot;isLinked&quot;:true},&quot;element_pack_global_tooltip_border_radius_tablet&quot;:{&quot;unit&quot;:&quot;px&quot;,&quot;top&quot;:&quot;&quot;,&quot;right&quot;:&quot;&quot;,&quot;bottom&quot;:&quot;&quot;,&quot;left&quot;:&quot;&quot;,&quot;isLinked&quot;:true},&quot;element_pack_global_tooltip_border_radius_mobile&quot;:{&quot;unit&quot;:&quot;px&quot;,&quot;top&quot;:&quot;&quot;,&quot;right&quot;:&quot;&quot;,&quot;bottom&quot;:&quot;&quot;,&quot;left&quot;:&quot;&quot;,&quot;isLinked&quot;:true}}\" data-elementor-post-type=\"product\">\n\t\t\t\t<div class=\"wd-negative-gap elementor-element elementor-element-116794f e-flex e-con-boxed e-con e-parent\" data-id=\"116794f\" data-element_type=\"container\" data-e-type=\"container\">\n\t\t\t\t\t<div class=\"e-con-inner\">\n\t\t\t\t<div class=\"elementor-element elementor-element-03d2133 elementor-widget elementor-widget-wd_text_block\" data-id=\"03d2133\" data-element_type=\"widget\" data-e-type=\"widget\" data-widget_type=\"wd_text_block.default\">\n\t\t\t\t<div class=\"elementor-widget-container\">\n\t\t\t\t\t\t\t<div class=\"wd-text-block reset-last-child text-left\">\n\t\t\t\n\t\t\t<h2>Saasland Tema Multiprop\u00f3sito: Construya el sitio web de sus sue\u00f1os<\/h2>\n<p>En <strong>Tema polivalente Saasland<\/strong> transforma tu visi\u00f3n en un sitio web profesional y atractivo. Por ejemplo, startups, empresas SaaS y agencias creativas utilizan activamente este tema de WordPress para crear plataformas online atractivas. Gracias a sus s\u00f3lidas funciones y a su flexibilidad, podr\u00e1s ofrecer experiencias de usuario excepcionales con el m\u00ednimo esfuerzo.<\/p>\n\n<h3>Dise\u00f1o vers\u00e1til para cualquier sector<\/h3>\n<p>Saasland ofrece m\u00e1s de 50 demos predise\u00f1adas para sectores como SaaS, startups tecnol\u00f3gicas, portfolios y comercio electr\u00f3nico. Puedes importar cualquier demo con un solo clic, por lo que tu sitio estar\u00e1 listo en cuesti\u00f3n de minutos. Adem\u00e1s, el tema se integra perfectamente con Elementor, lo que le permite personalizar los dise\u00f1os sin esfuerzo con la simplicidad de arrastrar y soltar.<\/p>\n\n<h3>\u00bfPor qu\u00e9 elegir Saasland?<\/h3>\n<ul>\n    <li><strong>M\u00e1s de 50 asombrosas demostraciones:<\/strong> Elija entre plantillas de bonito dise\u00f1o para poner en marcha la creaci\u00f3n de su sitio web.<\/li>\n    <li><strong>Compatibilidad con Elementor:<\/strong> Las p\u00e1ginas se editan visualmente, creando dise\u00f1os \u00fanicos sin necesidad de conocimientos de programaci\u00f3n.<\/li>\n    <li><strong>Opciones avanzadas de cartera:<\/strong> Muestre proyectos con cuadr\u00edculas personalizables, carruseles y dise\u00f1os de mamposter\u00eda.<\/li>\n    <li><strong>Preparado para WooCommerce:<\/strong> Cree tiendas en l\u00ednea con expositores de productos e integraciones de pago sin fisuras.<\/li>\n    <li><strong>Optimizado para SEO y velocidad:<\/strong> El tema mejora las clasificaciones y se carga r\u00e1pidamente para mejorar la participaci\u00f3n de los usuarios.<\/li>\n<\/ul>\n\n<h3>Totalmente adaptable y con muchas funciones<\/h3>\n<p>Saasland garantiza que su sitio web brille en todos los dispositivos, desde ordenadores de sobremesa hasta smartphones. Por ejemplo, su dise\u00f1o responsive se adapta perfectamente a cualquier tama\u00f1o de pantalla. Adem\u00e1s, funciones como los efectos de paralaje, los fondos de v\u00eddeo y m\u00e1s de 800 fuentes de Google te permiten crear p\u00e1ginas visualmente impresionantes que cautivan a los visitantes.<\/p>\n\n<h3>Potentes herramientas para el crecimiento<\/h3>\n<p>Desbloquea herramientas como la integraci\u00f3n con MailChimp para campa\u00f1as de correo electr\u00f3nico y la compatibilidad con WPML para sitios multiling\u00fces. Como resultado, llegar\u00e1s a audiencias globales y har\u00e1s crecer tu marca de forma efectiva. Adem\u00e1s, las actualizaciones peri\u00f3dicas y el soporte especializado de Saasland mantendr\u00e1n tu sitio web en perfecto funcionamiento.<\/p>\n\n<h3>Lance su sitio web hoy mismo<\/h3>\n<p>Cree un sitio web profesional y de alto rendimiento con <strong>Tema polivalente Saasland<\/strong>. Ya sea que est\u00e9 lanzando un producto SaaS, una cartera o una tienda en l\u00ednea, Saasland le permite destacar. Por lo tanto, \u00a1inst\u00e1lalo ahora y crea un sitio web que impulse el \u00e9xito!\n\t\t\t\t\t<\/div>\n\t\t\t\t\t\t<\/div>\n\t\t\t\t<\/div>\n\t\t\t\t\t<\/div>\n\t\t\t\t<\/div>\n\t\t<div class=\"elementor-element elementor-element-c25ccef e-con-full e-flex e-con e-parent\" data-id=\"c25ccef\" data-element_type=\"container\" data-e-type=\"container\">\n\t\t\t\t<div class=\"elementor-element elementor-element-956e52a elementor-widget elementor-widget-video\" data-id=\"956e52a\" data-element_type=\"widget\" data-e-type=\"widget\" data-settings=\"{&quot;youtube_url&quot;:&quot;https:\\\/\\\/youtu.be\\\/fFGvlsLucgQ&quot;,&quot;video_type&quot;:&quot;youtube&quot;,&quot;controls&quot;:&quot;yes&quot;}\" data-widget_type=\"video.default\">\n\t\t\t\t\t\t\t<div class=\"elementor-wrapper elementor-open-inline\">\n\t\t\t<div class=\"elementor-video\"><\/div>\t\t<\/div>\n\t\t\t\t\t\t<\/div>\n\t\t\t\t<\/div>\n\t\t\t\t<\/div>","protected":false},"excerpt":{"rendered":"<p>Saasland MultiPurpose Theme: Build Your Dream Website The Saasland MultiPurpose Theme transforms your vision into a professional, eye-catching website. For<\/p>","protected":false},"featured_media":11481,"comment_status":"open","ping_status":"closed","template":"","meta":{"_acf_changed":false},"product_brand":[],"product_cat":[48],"product_tag":[],"class_list":{"0":"post-11586","1":"product","2":"type-product","3":"status-publish","4":"has-post-thumbnail","6":"product_cat-themes","8":"first","9":"instock","10":"sale","11":"downloadable","12":"shipping-taxable","13":"purchasable","14":"product-type-simple"},"acf":[],"yoast_head":"<!-- This site is optimized with the Yoast SEO Premium plugin v25.6 (Yoast SEO v27.1.1) - https:\/\/yoast.com\/product\/yoast-seo-premium-wordpress\/ -->\n<title>Saasland MultiPurpose Theme - AllWin Theme \u2013 Free WordPress Themes Download<\/title>\n<meta name=\"description\" content=\"Create stunning websites with Saasland, a versatile WordPress theme for SaaS, startups, and portfolios. Fully responsive with 50+ demos.\" \/>\n<meta name=\"robots\" content=\"index, follow, max-snippet:-1, max-image-preview:large, max-video-preview:-1\" \/>\n<link rel=\"canonical\" href=\"https:\/\/allwintheme.com\/es\/producto\/tema-polivalente-saasland\/\" \/>\n<meta property=\"og:locale\" content=\"es_ES\" \/>\n<meta property=\"og:type\" content=\"article\" \/>\n<meta property=\"og:title\" content=\"Saasland MultiPurpose Theme\" \/>\n<meta property=\"og:description\" content=\"Create stunning websites with Saasland, a versatile WordPress theme for SaaS, startups, and portfolios. Fully responsive with 50+ demos.\" \/>\n<meta property=\"og:url\" content=\"https:\/\/allwintheme.com\/es\/producto\/tema-polivalente-saasland\/\" \/>\n<meta property=\"og:site_name\" content=\"AllWin Theme \u2013 Free WordPress Themes Download\" \/>\n<meta property=\"article:modified_time\" content=\"2025-10-24T01:20:56+00:00\" \/>\n<meta property=\"og:image\" content=\"https:\/\/allwintheme.com\/wp-content\/uploads\/2025\/10\/Saasland-MultiPurpose-Theme.png\" \/>\n\t<meta property=\"og:image:width\" content=\"590\" \/>\n\t<meta property=\"og:image:height\" content=\"300\" \/>\n\t<meta property=\"og:image:type\" content=\"image\/png\" \/>\n<meta name=\"twitter:card\" content=\"summary_large_image\" \/>\n<meta name=\"twitter:label1\" content=\"Tiempo estimado de lectura\" \/>\n\t<meta name=\"twitter:data1\" content=\"2 minutos\" \/>\n<script type=\"application\/ld+json\" class=\"yoast-schema-graph\">{\"@context\":\"https:\/\/schema.org\",\"@graph\":[{\"@type\":\"WebPage\",\"@id\":\"https:\/\/allwintheme.com\/product\/saasland-multipurpose-theme\/\",\"url\":\"https:\/\/allwintheme.com\/product\/saasland-multipurpose-theme\/\",\"name\":\"Saasland MultiPurpose Theme - AllWin Theme \u2013 Free WordPress Themes Download\",\"isPartOf\":{\"@id\":\"https:\/\/allwintheme.com\/#website\"},\"primaryImageOfPage\":{\"@id\":\"https:\/\/allwintheme.com\/product\/saasland-multipurpose-theme\/#primaryimage\"},\"image\":{\"@id\":\"https:\/\/allwintheme.com\/product\/saasland-multipurpose-theme\/#primaryimage\"},\"thumbnailUrl\":\"https:\/\/allwintheme.com\/wp-content\/uploads\/2025\/10\/Saasland-MultiPurpose-Theme.png\",\"datePublished\":\"2025-10-24T01:15:20+00:00\",\"dateModified\":\"2025-10-24T01:20:56+00:00\",\"description\":\"Create stunning websites with Saasland, a versatile WordPress theme for SaaS, startups, and portfolios. Fully responsive with 50+ demos.\",\"breadcrumb\":{\"@id\":\"https:\/\/allwintheme.com\/product\/saasland-multipurpose-theme\/#breadcrumb\"},\"inLanguage\":\"es-CL\",\"potentialAction\":[{\"@type\":\"ReadAction\",\"target\":[\"https:\/\/allwintheme.com\/product\/saasland-multipurpose-theme\/\"]}]},{\"@type\":\"ImageObject\",\"inLanguage\":\"es-CL\",\"@id\":\"https:\/\/allwintheme.com\/product\/saasland-multipurpose-theme\/#primaryimage\",\"url\":\"https:\/\/allwintheme.com\/wp-content\/uploads\/2025\/10\/Saasland-MultiPurpose-Theme.png\",\"contentUrl\":\"https:\/\/allwintheme.com\/wp-content\/uploads\/2025\/10\/Saasland-MultiPurpose-Theme.png\",\"width\":590,\"height\":300,\"caption\":\"Saasland MultiPurpose Theme\"},{\"@type\":\"BreadcrumbList\",\"@id\":\"https:\/\/allwintheme.com\/product\/saasland-multipurpose-theme\/#breadcrumb\",\"itemListElement\":[{\"@type\":\"ListItem\",\"position\":1,\"name\":\"Home\",\"item\":\"https:\/\/allwintheme.com\/\"},{\"@type\":\"ListItem\",\"position\":2,\"name\":\"Shop\",\"item\":\"https:\/\/allwintheme.com\/shop\/\"},{\"@type\":\"ListItem\",\"position\":3,\"name\":\"Saasland MultiPurpose Theme\"}]},{\"@type\":\"WebSite\",\"@id\":\"https:\/\/allwintheme.com\/#website\",\"url\":\"https:\/\/allwintheme.com\/\",\"name\":\"Allwintheme\",\"description\":\"Download free WordPress themes for every niche. Blogs, business, eCommerce, portfolio, restaurant and more. All themes are GPL licensed and mobile-ready.\",\"potentialAction\":[{\"@type\":\"SearchAction\",\"target\":{\"@type\":\"EntryPoint\",\"urlTemplate\":\"https:\/\/allwintheme.com\/?s={search_term_string}\"},\"query-input\":{\"@type\":\"PropertyValueSpecification\",\"valueRequired\":true,\"valueName\":\"search_term_string\"}}],\"inLanguage\":\"es-CL\"}]}<\/script>\n<!-- \/ Yoast SEO Premium plugin. -->","yoast_head_json":{"title":"Saasland MultiPurpose Theme - AllWin Theme - Free WordPress Themes Download","description":"Crea impresionantes sitios web con Saasland, un vers\u00e1til tema de WordPress para SaaS, startups y portfolios. Totalmente adaptable con m\u00e1s de 50 demos.","robots":{"index":"index","follow":"follow","max-snippet":"max-snippet:-1","max-image-preview":"max-image-preview:large","max-video-preview":"max-video-preview:-1"},"canonical":"https:\/\/allwintheme.com\/es\/producto\/tema-polivalente-saasland\/","og_locale":"es_ES","og_type":"article","og_title":"Saasland MultiPurpose Theme","og_description":"Create stunning websites with Saasland, a versatile WordPress theme for SaaS, startups, and portfolios. Fully responsive with 50+ demos.","og_url":"https:\/\/allwintheme.com\/es\/producto\/tema-polivalente-saasland\/","og_site_name":"AllWin Theme \u2013 Free WordPress Themes Download","article_modified_time":"2025-10-24T01:20:56+00:00","og_image":[{"width":590,"height":300,"url":"https:\/\/allwintheme.com\/wp-content\/uploads\/2025\/10\/Saasland-MultiPurpose-Theme.png","type":"image\/png"}],"twitter_card":"summary_large_image","twitter_misc":{"Tiempo estimado de lectura":"2 minutos"},"schema":{"@context":"https:\/\/schema.org","@graph":[{"@type":"WebPage","@id":"https:\/\/allwintheme.com\/product\/saasland-multipurpose-theme\/","url":"https:\/\/allwintheme.com\/product\/saasland-multipurpose-theme\/","name":"Saasland MultiPurpose Theme - AllWin Theme - Free WordPress Themes Download","isPartOf":{"@id":"https:\/\/allwintheme.com\/#website"},"primaryImageOfPage":{"@id":"https:\/\/allwintheme.com\/product\/saasland-multipurpose-theme\/#primaryimage"},"image":{"@id":"https:\/\/allwintheme.com\/product\/saasland-multipurpose-theme\/#primaryimage"},"thumbnailUrl":"https:\/\/allwintheme.com\/wp-content\/uploads\/2025\/10\/Saasland-MultiPurpose-Theme.png","datePublished":"2025-10-24T01:15:20+00:00","dateModified":"2025-10-24T01:20:56+00:00","description":"Crea impresionantes sitios web con Saasland, un vers\u00e1til tema de WordPress para SaaS, startups y portfolios. Totalmente adaptable con m\u00e1s de 50 demos.","breadcrumb":{"@id":"https:\/\/allwintheme.com\/product\/saasland-multipurpose-theme\/#breadcrumb"},"inLanguage":"es-CL","potentialAction":[{"@type":"ReadAction","target":["https:\/\/allwintheme.com\/product\/saasland-multipurpose-theme\/"]}]},{"@type":"ImageObject","inLanguage":"es-CL","@id":"https:\/\/allwintheme.com\/product\/saasland-multipurpose-theme\/#primaryimage","url":"https:\/\/allwintheme.com\/wp-content\/uploads\/2025\/10\/Saasland-MultiPurpose-Theme.png","contentUrl":"https:\/\/allwintheme.com\/wp-content\/uploads\/2025\/10\/Saasland-MultiPurpose-Theme.png","width":590,"height":300,"caption":"Saasland MultiPurpose Theme"},{"@type":"BreadcrumbList","@id":"https:\/\/allwintheme.com\/product\/saasland-multipurpose-theme\/#breadcrumb","itemListElement":[{"@type":"ListItem","position":1,"name":"Home","item":"https:\/\/allwintheme.com\/"},{"@type":"ListItem","position":2,"name":"Shop","item":"https:\/\/allwintheme.com\/shop\/"},{"@type":"ListItem","position":3,"name":"Saasland MultiPurpose Theme"}]},{"@type":"WebSite","@id":"https:\/\/allwintheme.com\/#website","url":"https:\/\/allwintheme.com\/","name":"Allwintheme","description":"Descarga gratis temas de WordPress para todos los nichos. Blogs, negocios, comercio electr\u00f3nico, portafolio, restaurante y m\u00e1s. Todos los temas tienen licencia GPL y est\u00e1n preparados para dispositivos m\u00f3viles.","potentialAction":[{"@type":"SearchAction","target":{"@type":"EntryPoint","urlTemplate":"https:\/\/allwintheme.com\/?s={search_term_string}"},"query-input":{"@type":"PropertyValueSpecification","valueRequired":true,"valueName":"search_term_string"}}],"inLanguage":"es-CL"}]}},"_links":{"self":[{"href":"https:\/\/allwintheme.com\/es\/wp-json\/wp\/v2\/product\/11586","targetHints":{"allow":["GET"]}}],"collection":[{"href":"https:\/\/allwintheme.com\/es\/wp-json\/wp\/v2\/product"}],"about":[{"href":"https:\/\/allwintheme.com\/es\/wp-json\/wp\/v2\/types\/product"}],"replies":[{"embeddable":true,"href":"https:\/\/allwintheme.com\/es\/wp-json\/wp\/v2\/comments?post=11586"}],"version-history":[{"count":5,"href":"https:\/\/allwintheme.com\/es\/wp-json\/wp\/v2\/product\/11586\/revisions"}],"predecessor-version":[{"id":11591,"href":"https:\/\/allwintheme.com\/es\/wp-json\/wp\/v2\/product\/11586\/revisions\/11591"}],"wp:featuredmedia":[{"embeddable":true,"href":"https:\/\/allwintheme.com\/es\/wp-json\/wp\/v2\/media\/11481"}],"wp:attachment":[{"href":"https:\/\/allwintheme.com\/es\/wp-json\/wp\/v2\/media?parent=11586"}],"wp:term":[{"taxonomy":"product_brand","embeddable":true,"href":"https:\/\/allwintheme.com\/es\/wp-json\/wp\/v2\/product_brand?post=11586"},{"taxonomy":"product_cat","embeddable":true,"href":"https:\/\/allwintheme.com\/es\/wp-json\/wp\/v2\/product_cat?post=11586"},{"taxonomy":"product_tag","embeddable":true,"href":"https:\/\/allwintheme.com\/es\/wp-json\/wp\/v2\/product_tag?post=11586"}],"curies":[{"name":"wp","href":"https:\/\/api.w.org\/{rel}","templated":true}]}}