{"id":11617,"date":"2025-10-24T02:15:59","date_gmt":"2025-10-24T02:15:59","guid":{"rendered":"https:\/\/allwintheme.com\/?post_type=product&#038;p=11617"},"modified":"2025-10-24T03:17:18","modified_gmt":"2025-10-24T03:17:18","slug":"elessi-woocommerce-ajax-wordpress-tema-rtl-soporte-2","status":"publish","type":"product","link":"https:\/\/allwintheme.com\/es\/producto\/elessi-woocommerce-ajax-wordpress-tema-rtl-soporte-2\/","title":{"rendered":"Elessi - WooCommerce AJAX WordPress Theme - Soporte RTL"},"content":{"rendered":"<div data-elementor-type=\"wp-post\" data-elementor-id=\"11617\" class=\"elementor elementor-11617\" data-elementor-settings=\"{&quot;element_pack_global_tooltip_width&quot;:{&quot;unit&quot;:&quot;px&quot;,&quot;size&quot;:&quot;&quot;,&quot;sizes&quot;:[]},&quot;element_pack_global_tooltip_width_tablet&quot;:{&quot;unit&quot;:&quot;px&quot;,&quot;size&quot;:&quot;&quot;,&quot;sizes&quot;:[]},&quot;element_pack_global_tooltip_width_mobile&quot;:{&quot;unit&quot;:&quot;px&quot;,&quot;size&quot;:&quot;&quot;,&quot;sizes&quot;:[]},&quot;element_pack_global_tooltip_padding&quot;:{&quot;unit&quot;:&quot;px&quot;,&quot;top&quot;:&quot;&quot;,&quot;right&quot;:&quot;&quot;,&quot;bottom&quot;:&quot;&quot;,&quot;left&quot;:&quot;&quot;,&quot;isLinked&quot;:true},&quot;element_pack_global_tooltip_padding_tablet&quot;:{&quot;unit&quot;:&quot;px&quot;,&quot;top&quot;:&quot;&quot;,&quot;right&quot;:&quot;&quot;,&quot;bottom&quot;:&quot;&quot;,&quot;left&quot;:&quot;&quot;,&quot;isLinked&quot;:true},&quot;element_pack_global_tooltip_padding_mobile&quot;:{&quot;unit&quot;:&quot;px&quot;,&quot;top&quot;:&quot;&quot;,&quot;right&quot;:&quot;&quot;,&quot;bottom&quot;:&quot;&quot;,&quot;left&quot;:&quot;&quot;,&quot;isLinked&quot;:true},&quot;element_pack_global_tooltip_border_radius&quot;:{&quot;unit&quot;:&quot;px&quot;,&quot;top&quot;:&quot;&quot;,&quot;right&quot;:&quot;&quot;,&quot;bottom&quot;:&quot;&quot;,&quot;left&quot;:&quot;&quot;,&quot;isLinked&quot;:true},&quot;element_pack_global_tooltip_border_radius_tablet&quot;:{&quot;unit&quot;:&quot;px&quot;,&quot;top&quot;:&quot;&quot;,&quot;right&quot;:&quot;&quot;,&quot;bottom&quot;:&quot;&quot;,&quot;left&quot;:&quot;&quot;,&quot;isLinked&quot;:true},&quot;element_pack_global_tooltip_border_radius_mobile&quot;:{&quot;unit&quot;:&quot;px&quot;,&quot;top&quot;:&quot;&quot;,&quot;right&quot;:&quot;&quot;,&quot;bottom&quot;:&quot;&quot;,&quot;left&quot;:&quot;&quot;,&quot;isLinked&quot;:true}}\" data-elementor-post-type=\"product\">\n\t\t\t\t<div class=\"wd-negative-gap elementor-element elementor-element-116794f e-flex e-con-boxed e-con e-parent\" data-id=\"116794f\" data-element_type=\"container\" data-e-type=\"container\">\n\t\t\t\t\t<div class=\"e-con-inner\">\n\t\t\t\t<div class=\"elementor-element elementor-element-03d2133 elementor-widget elementor-widget-wd_text_block\" data-id=\"03d2133\" data-element_type=\"widget\" data-e-type=\"widget\" data-widget_type=\"wd_text_block.default\">\n\t\t\t\t<div class=\"elementor-widget-container\">\n\t\t\t\t\t\t\t<div class=\"wd-text-block reset-last-child text-left\">\n\t\t\t\n\t\t\t<h2>Elessi: Revolucione su tienda WooCommerce con el poder de AJAX<\/h2>\n<p>En <strong>Elessi WooCommerce AJAX WordPress Theme<\/strong> transforma su tienda en l\u00ednea en una plataforma elegante y de alto rendimiento. Por ejemplo, los propietarios de tiendas aprovechan activamente sus funciones AJAX para crear experiencias de navegaci\u00f3n fluidas. De este modo, los clientes disfrutan de interacciones m\u00e1s r\u00e1pidas sin necesidad de recargar la p\u00e1gina, lo que aumenta las conversiones y la satisfacci\u00f3n.<\/p>\n\n<h3>Experiencia de compra AJAX sin fisuras<\/h3>\n<p>Elessi le equipa con herramientas AJAX avanzadas para una navegaci\u00f3n sin esfuerzo. Puede implementar un filtrado de productos \u00fanico, vistas r\u00e1pidas en ventanas emergentes fuera del lienzo y paginaci\u00f3n de desplazamiento infinito. Adem\u00e1s, el tema admite m\u00faltiples barras laterales de lista de deseos y carrito, para que los usuarios a\u00f1adan art\u00edculos r\u00e1pidamente mientras exploran su cat\u00e1logo.<\/p>\n\n<h3>\u00bfPor qu\u00e9 elegir Elessi?<\/h3>\n<ul>\n    <li><strong>Soporte RTL completo:<\/strong> Elessi se adapta perfectamente a las lenguas de derecha a izquierda, llegando con facilidad al p\u00fablico de todo el mundo.<\/li>\n    <li><strong>Demostraciones con un clic:<\/strong> Instale dise\u00f1os profesionales al instante, acelerando el lanzamiento de su sitio.<\/li>\n    <li><strong>Herramienta de comparaci\u00f3n \u00fanica:<\/strong> Los clientes comparan los productos, lo que facilita la toma de decisiones.<\/li>\n    <li><strong>Integraci\u00f3n de la tienda de la marca:<\/strong> Muestre productos por marca con p\u00e1ginas y filtros espec\u00edficos.<\/li>\n    <li><strong>Instagram Feed:<\/strong> Incorpore contenido de Instagram que pueda comprarse para impulsar el tr\u00e1fico social y las ventas.<\/li>\n<\/ul>\n\n<h3>Personalizaci\u00f3n y compatibilidad flexibles<\/h3>\n<p>Con Elessi, obtienes un control completo a trav\u00e9s de constructores de encabezado y pie de p\u00e1gina, colores ilimitados e integraci\u00f3n con Elementor\/WPBakery. Por ejemplo, el marco de opciones del tema te permite ajustar todo a trav\u00e9s de un sencillo panel de control. Como resultado, se crea un sitio totalmente sensible que brilla en los m\u00f3viles y ordenadores de sobremesa por igual.<\/p>\n\n<h3>Optimizaci\u00f3n SEO para el crecimiento<\/h3>\n<p>Elessi prioriza el \u00e9xito de los motores de b\u00fasqueda con un c\u00f3digo limpio y tiempos de carga r\u00e1pidos. Adem\u00e1s, su dise\u00f1o apto para m\u00f3viles garantiza las mejores clasificaciones en todos los dispositivos. Por lo tanto, atrae a m\u00e1s visitantes org\u00e1nicos y escala su negocio de comercio electr\u00f3nico sin esfuerzo.<\/p>\n\n<h3>Lance hoy mismo la tienda de sus sue\u00f1os<\/h3>\n<p>Mejora tu sitio WooCommerce con <strong>Elessi - WooCommerce AJAX WordPress Tema<\/strong>. Con soporte RTL y un sinf\u00edn de caracter\u00edsticas, construir tiendas atractivas que convierten. \u00a1Instale ahora y vea c\u00f3mo su tienda en l\u00ednea prospera!\n\t\t\t\t\t<\/div>\n\t\t\t\t\t\t<\/div>\n\t\t\t\t<\/div>\n\t\t\t\t\t<\/div>\n\t\t\t\t<\/div>\n\t\t<div class=\"elementor-element elementor-element-c25ccef e-con-full e-flex e-con e-parent\" data-id=\"c25ccef\" data-element_type=\"container\" data-e-type=\"container\">\n\t\t\t\t<div class=\"elementor-element elementor-element-956e52a elementor-widget elementor-widget-video\" data-id=\"956e52a\" data-element_type=\"widget\" data-e-type=\"widget\" data-settings=\"{&quot;youtube_url&quot;:&quot;https:\\\/\\\/youtu.be\\\/CPUWfg0PKe8&quot;,&quot;video_type&quot;:&quot;youtube&quot;,&quot;controls&quot;:&quot;yes&quot;}\" data-widget_type=\"video.default\">\n\t\t\t\t\t\t\t<div class=\"elementor-wrapper elementor-open-inline\">\n\t\t\t<div class=\"elementor-video\"><\/div>\t\t<\/div>\n\t\t\t\t\t\t<\/div>\n\t\t\t\t<\/div>\n\t\t\t\t<\/div>","protected":false},"excerpt":{"rendered":"<p>Elessi: Revolutionize Your WooCommerce Store with AJAX Power The Elessi WooCommerce AJAX WordPress Theme transforms your online shop into a<\/p>","protected":false},"featured_media":11643,"comment_status":"open","ping_status":"closed","template":"","meta":{"_acf_changed":false},"product_brand":[],"product_cat":[48],"product_tag":[],"class_list":{"0":"post-11617","1":"product","2":"type-product","3":"status-publish","4":"has-post-thumbnail","6":"product_cat-themes","8":"first","9":"instock","10":"sale","11":"downloadable","12":"shipping-taxable","13":"purchasable","14":"product-type-simple"},"acf":[],"yoast_head":"<!-- This site is optimized with the Yoast SEO Premium plugin v25.6 (Yoast SEO v27.1.1) - https:\/\/yoast.com\/product\/yoast-seo-premium-wordpress\/ -->\n<title>Elessi \u2013 WooCommerce AJAX WordPress Theme \u2013 RTL support - AllWin Theme \u2013 Free WordPress Themes Download<\/title>\n<meta name=\"description\" content=\"Elessi delivers a modern WooCommerce AJAX theme with RTL support. Enjoy seamless shopping, quick views, and customizable layouts for your e-commerce site.\" \/>\n<meta name=\"robots\" content=\"index, follow, max-snippet:-1, max-image-preview:large, max-video-preview:-1\" \/>\n<link rel=\"canonical\" href=\"https:\/\/allwintheme.com\/es\/producto\/elessi-woocommerce-ajax-wordpress-tema-rtl-soporte-2\/\" \/>\n<meta property=\"og:locale\" content=\"es_ES\" \/>\n<meta property=\"og:type\" content=\"article\" \/>\n<meta property=\"og:title\" content=\"Elessi \u2013 WooCommerce AJAX WordPress Theme \u2013 RTL support\" \/>\n<meta property=\"og:description\" content=\"Elessi delivers a modern WooCommerce AJAX theme with RTL support. Enjoy seamless shopping, quick views, and customizable layouts for your e-commerce site.\" \/>\n<meta property=\"og:url\" content=\"https:\/\/allwintheme.com\/es\/producto\/elessi-woocommerce-ajax-wordpress-tema-rtl-soporte-2\/\" \/>\n<meta property=\"og:site_name\" content=\"AllWin Theme \u2013 Free WordPress Themes Download\" \/>\n<meta property=\"article:modified_time\" content=\"2025-10-24T03:17:18+00:00\" \/>\n<meta property=\"og:image\" content=\"https:\/\/allwintheme.com\/wp-content\/uploads\/2025\/10\/m4vre2s9.png\" \/>\n\t<meta property=\"og:image:width\" content=\"590\" \/>\n\t<meta property=\"og:image:height\" content=\"300\" \/>\n\t<meta property=\"og:image:type\" content=\"image\/png\" \/>\n<meta name=\"twitter:card\" content=\"summary_large_image\" \/>\n<meta name=\"twitter:label1\" content=\"Tiempo estimado de lectura\" \/>\n\t<meta name=\"twitter:data1\" content=\"2 minutos\" \/>\n<script type=\"application\/ld+json\" class=\"yoast-schema-graph\">{\"@context\":\"https:\/\/schema.org\",\"@graph\":[{\"@type\":\"WebPage\",\"@id\":\"https:\/\/allwintheme.com\/product\/elessi-woocommerce-ajax-wordpress-theme-rtl-support-2\/\",\"url\":\"https:\/\/allwintheme.com\/product\/elessi-woocommerce-ajax-wordpress-theme-rtl-support-2\/\",\"name\":\"Elessi \u2013 WooCommerce AJAX WordPress Theme \u2013 RTL support - AllWin Theme \u2013 Free WordPress Themes Download\",\"isPartOf\":{\"@id\":\"https:\/\/allwintheme.com\/#website\"},\"primaryImageOfPage\":{\"@id\":\"https:\/\/allwintheme.com\/product\/elessi-woocommerce-ajax-wordpress-theme-rtl-support-2\/#primaryimage\"},\"image\":{\"@id\":\"https:\/\/allwintheme.com\/product\/elessi-woocommerce-ajax-wordpress-theme-rtl-support-2\/#primaryimage\"},\"thumbnailUrl\":\"https:\/\/allwintheme.com\/wp-content\/uploads\/2025\/10\/m4vre2s9.png\",\"datePublished\":\"2025-10-24T02:15:59+00:00\",\"dateModified\":\"2025-10-24T03:17:18+00:00\",\"description\":\"Elessi delivers a modern WooCommerce AJAX theme with RTL support. Enjoy seamless shopping, quick views, and customizable layouts for your e-commerce site.\",\"breadcrumb\":{\"@id\":\"https:\/\/allwintheme.com\/product\/elessi-woocommerce-ajax-wordpress-theme-rtl-support-2\/#breadcrumb\"},\"inLanguage\":\"es-CL\",\"potentialAction\":[{\"@type\":\"ReadAction\",\"target\":[\"https:\/\/allwintheme.com\/product\/elessi-woocommerce-ajax-wordpress-theme-rtl-support-2\/\"]}]},{\"@type\":\"ImageObject\",\"inLanguage\":\"es-CL\",\"@id\":\"https:\/\/allwintheme.com\/product\/elessi-woocommerce-ajax-wordpress-theme-rtl-support-2\/#primaryimage\",\"url\":\"https:\/\/allwintheme.com\/wp-content\/uploads\/2025\/10\/m4vre2s9.png\",\"contentUrl\":\"https:\/\/allwintheme.com\/wp-content\/uploads\/2025\/10\/m4vre2s9.png\",\"width\":590,\"height\":300,\"caption\":\"Elessi \u2013 WooCommerce AJAX WordPress Theme \u2013 RTL support\"},{\"@type\":\"BreadcrumbList\",\"@id\":\"https:\/\/allwintheme.com\/product\/elessi-woocommerce-ajax-wordpress-theme-rtl-support-2\/#breadcrumb\",\"itemListElement\":[{\"@type\":\"ListItem\",\"position\":1,\"name\":\"Home\",\"item\":\"https:\/\/allwintheme.com\/\"},{\"@type\":\"ListItem\",\"position\":2,\"name\":\"Shop\",\"item\":\"https:\/\/allwintheme.com\/shop\/\"},{\"@type\":\"ListItem\",\"position\":3,\"name\":\"Elessi \u2013 WooCommerce AJAX WordPress Theme \u2013 RTL support\"}]},{\"@type\":\"WebSite\",\"@id\":\"https:\/\/allwintheme.com\/#website\",\"url\":\"https:\/\/allwintheme.com\/\",\"name\":\"Allwintheme\",\"description\":\"Download free WordPress themes for every niche. Blogs, business, eCommerce, portfolio, restaurant and more. All themes are GPL licensed and mobile-ready.\",\"potentialAction\":[{\"@type\":\"SearchAction\",\"target\":{\"@type\":\"EntryPoint\",\"urlTemplate\":\"https:\/\/allwintheme.com\/?s={search_term_string}\"},\"query-input\":{\"@type\":\"PropertyValueSpecification\",\"valueRequired\":true,\"valueName\":\"search_term_string\"}}],\"inLanguage\":\"es-CL\"}]}<\/script>\n<!-- \/ Yoast SEO Premium plugin. -->","yoast_head_json":{"title":"Elessi - WooCommerce AJAX WordPress Theme - RTL support - AllWin Theme - Free WordPress Themes Download","description":"Elessi ofrece un moderno tema WooCommerce AJAX con soporte RTL. Disfruta de compras fluidas, vistas r\u00e1pidas y dise\u00f1os personalizables para tu sitio de comercio electr\u00f3nico.","robots":{"index":"index","follow":"follow","max-snippet":"max-snippet:-1","max-image-preview":"max-image-preview:large","max-video-preview":"max-video-preview:-1"},"canonical":"https:\/\/allwintheme.com\/es\/producto\/elessi-woocommerce-ajax-wordpress-tema-rtl-soporte-2\/","og_locale":"es_ES","og_type":"article","og_title":"Elessi \u2013 WooCommerce AJAX WordPress Theme \u2013 RTL support","og_description":"Elessi delivers a modern WooCommerce AJAX theme with RTL support. Enjoy seamless shopping, quick views, and customizable layouts for your e-commerce site.","og_url":"https:\/\/allwintheme.com\/es\/producto\/elessi-woocommerce-ajax-wordpress-tema-rtl-soporte-2\/","og_site_name":"AllWin Theme \u2013 Free WordPress Themes Download","article_modified_time":"2025-10-24T03:17:18+00:00","og_image":[{"width":590,"height":300,"url":"https:\/\/allwintheme.com\/wp-content\/uploads\/2025\/10\/m4vre2s9.png","type":"image\/png"}],"twitter_card":"summary_large_image","twitter_misc":{"Tiempo estimado de lectura":"2 minutos"},"schema":{"@context":"https:\/\/schema.org","@graph":[{"@type":"WebPage","@id":"https:\/\/allwintheme.com\/product\/elessi-woocommerce-ajax-wordpress-theme-rtl-support-2\/","url":"https:\/\/allwintheme.com\/product\/elessi-woocommerce-ajax-wordpress-theme-rtl-support-2\/","name":"Elessi - WooCommerce AJAX WordPress Theme - RTL support - AllWin Theme - Free WordPress Themes Download","isPartOf":{"@id":"https:\/\/allwintheme.com\/#website"},"primaryImageOfPage":{"@id":"https:\/\/allwintheme.com\/product\/elessi-woocommerce-ajax-wordpress-theme-rtl-support-2\/#primaryimage"},"image":{"@id":"https:\/\/allwintheme.com\/product\/elessi-woocommerce-ajax-wordpress-theme-rtl-support-2\/#primaryimage"},"thumbnailUrl":"https:\/\/allwintheme.com\/wp-content\/uploads\/2025\/10\/m4vre2s9.png","datePublished":"2025-10-24T02:15:59+00:00","dateModified":"2025-10-24T03:17:18+00:00","description":"Elessi ofrece un moderno tema WooCommerce AJAX con soporte RTL. Disfruta de compras fluidas, vistas r\u00e1pidas y dise\u00f1os personalizables para tu sitio de comercio electr\u00f3nico.","breadcrumb":{"@id":"https:\/\/allwintheme.com\/product\/elessi-woocommerce-ajax-wordpress-theme-rtl-support-2\/#breadcrumb"},"inLanguage":"es-CL","potentialAction":[{"@type":"ReadAction","target":["https:\/\/allwintheme.com\/product\/elessi-woocommerce-ajax-wordpress-theme-rtl-support-2\/"]}]},{"@type":"ImageObject","inLanguage":"es-CL","@id":"https:\/\/allwintheme.com\/product\/elessi-woocommerce-ajax-wordpress-theme-rtl-support-2\/#primaryimage","url":"https:\/\/allwintheme.com\/wp-content\/uploads\/2025\/10\/m4vre2s9.png","contentUrl":"https:\/\/allwintheme.com\/wp-content\/uploads\/2025\/10\/m4vre2s9.png","width":590,"height":300,"caption":"Elessi \u2013 WooCommerce AJAX WordPress Theme \u2013 RTL support"},{"@type":"BreadcrumbList","@id":"https:\/\/allwintheme.com\/product\/elessi-woocommerce-ajax-wordpress-theme-rtl-support-2\/#breadcrumb","itemListElement":[{"@type":"ListItem","position":1,"name":"Home","item":"https:\/\/allwintheme.com\/"},{"@type":"ListItem","position":2,"name":"Shop","item":"https:\/\/allwintheme.com\/shop\/"},{"@type":"ListItem","position":3,"name":"Elessi \u2013 WooCommerce AJAX WordPress Theme \u2013 RTL support"}]},{"@type":"WebSite","@id":"https:\/\/allwintheme.com\/#website","url":"https:\/\/allwintheme.com\/","name":"Allwintheme","description":"Descarga gratis temas de WordPress para todos los nichos. Blogs, negocios, comercio electr\u00f3nico, portafolio, restaurante y m\u00e1s. Todos los temas tienen licencia GPL y est\u00e1n preparados para dispositivos m\u00f3viles.","potentialAction":[{"@type":"SearchAction","target":{"@type":"EntryPoint","urlTemplate":"https:\/\/allwintheme.com\/?s={search_term_string}"},"query-input":{"@type":"PropertyValueSpecification","valueRequired":true,"valueName":"search_term_string"}}],"inLanguage":"es-CL"}]}},"_links":{"self":[{"href":"https:\/\/allwintheme.com\/es\/wp-json\/wp\/v2\/product\/11617","targetHints":{"allow":["GET"]}}],"collection":[{"href":"https:\/\/allwintheme.com\/es\/wp-json\/wp\/v2\/product"}],"about":[{"href":"https:\/\/allwintheme.com\/es\/wp-json\/wp\/v2\/types\/product"}],"replies":[{"embeddable":true,"href":"https:\/\/allwintheme.com\/es\/wp-json\/wp\/v2\/comments?post=11617"}],"version-history":[{"count":8,"href":"https:\/\/allwintheme.com\/es\/wp-json\/wp\/v2\/product\/11617\/revisions"}],"predecessor-version":[{"id":11651,"href":"https:\/\/allwintheme.com\/es\/wp-json\/wp\/v2\/product\/11617\/revisions\/11651"}],"wp:featuredmedia":[{"embeddable":true,"href":"https:\/\/allwintheme.com\/es\/wp-json\/wp\/v2\/media\/11643"}],"wp:attachment":[{"href":"https:\/\/allwintheme.com\/es\/wp-json\/wp\/v2\/media?parent=11617"}],"wp:term":[{"taxonomy":"product_brand","embeddable":true,"href":"https:\/\/allwintheme.com\/es\/wp-json\/wp\/v2\/product_brand?post=11617"},{"taxonomy":"product_cat","embeddable":true,"href":"https:\/\/allwintheme.com\/es\/wp-json\/wp\/v2\/product_cat?post=11617"},{"taxonomy":"product_tag","embeddable":true,"href":"https:\/\/allwintheme.com\/es\/wp-json\/wp\/v2\/product_tag?post=11617"}],"curies":[{"name":"wp","href":"https:\/\/api.w.org\/{rel}","templated":true}]}}