{"id":11620,"date":"2025-10-24T02:16:05","date_gmt":"2025-10-24T02:16:05","guid":{"rendered":"https:\/\/allwintheme.com\/?post_type=product&#038;p=11620"},"modified":"2025-10-24T02:27:32","modified_gmt":"2025-10-24T02:27:32","slug":"newzin-wordpress-periodico-revista-tema","status":"publish","type":"product","link":"https:\/\/allwintheme.com\/es\/producto\/newzin-wordpress-periodico-revista-tema\/","title":{"rendered":"Newzin - Tema para peri\u00f3dicos y revistas en WordPress"},"content":{"rendered":"<div data-elementor-type=\"wp-post\" data-elementor-id=\"11620\" class=\"elementor elementor-11620\" data-elementor-settings=\"{&quot;element_pack_global_tooltip_width&quot;:{&quot;unit&quot;:&quot;px&quot;,&quot;size&quot;:&quot;&quot;,&quot;sizes&quot;:[]},&quot;element_pack_global_tooltip_width_tablet&quot;:{&quot;unit&quot;:&quot;px&quot;,&quot;size&quot;:&quot;&quot;,&quot;sizes&quot;:[]},&quot;element_pack_global_tooltip_width_mobile&quot;:{&quot;unit&quot;:&quot;px&quot;,&quot;size&quot;:&quot;&quot;,&quot;sizes&quot;:[]},&quot;element_pack_global_tooltip_padding&quot;:{&quot;unit&quot;:&quot;px&quot;,&quot;top&quot;:&quot;&quot;,&quot;right&quot;:&quot;&quot;,&quot;bottom&quot;:&quot;&quot;,&quot;left&quot;:&quot;&quot;,&quot;isLinked&quot;:true},&quot;element_pack_global_tooltip_padding_tablet&quot;:{&quot;unit&quot;:&quot;px&quot;,&quot;top&quot;:&quot;&quot;,&quot;right&quot;:&quot;&quot;,&quot;bottom&quot;:&quot;&quot;,&quot;left&quot;:&quot;&quot;,&quot;isLinked&quot;:true},&quot;element_pack_global_tooltip_padding_mobile&quot;:{&quot;unit&quot;:&quot;px&quot;,&quot;top&quot;:&quot;&quot;,&quot;right&quot;:&quot;&quot;,&quot;bottom&quot;:&quot;&quot;,&quot;left&quot;:&quot;&quot;,&quot;isLinked&quot;:true},&quot;element_pack_global_tooltip_border_radius&quot;:{&quot;unit&quot;:&quot;px&quot;,&quot;top&quot;:&quot;&quot;,&quot;right&quot;:&quot;&quot;,&quot;bottom&quot;:&quot;&quot;,&quot;left&quot;:&quot;&quot;,&quot;isLinked&quot;:true},&quot;element_pack_global_tooltip_border_radius_tablet&quot;:{&quot;unit&quot;:&quot;px&quot;,&quot;top&quot;:&quot;&quot;,&quot;right&quot;:&quot;&quot;,&quot;bottom&quot;:&quot;&quot;,&quot;left&quot;:&quot;&quot;,&quot;isLinked&quot;:true},&quot;element_pack_global_tooltip_border_radius_mobile&quot;:{&quot;unit&quot;:&quot;px&quot;,&quot;top&quot;:&quot;&quot;,&quot;right&quot;:&quot;&quot;,&quot;bottom&quot;:&quot;&quot;,&quot;left&quot;:&quot;&quot;,&quot;isLinked&quot;:true}}\" data-elementor-post-type=\"product\">\n\t\t\t\t<div class=\"wd-negative-gap elementor-element elementor-element-116794f e-flex e-con-boxed e-con e-parent\" data-id=\"116794f\" data-element_type=\"container\" data-e-type=\"container\">\n\t\t\t\t\t<div class=\"e-con-inner\">\n\t\t\t\t<div class=\"elementor-element elementor-element-03d2133 elementor-widget elementor-widget-wd_text_block\" data-id=\"03d2133\" data-element_type=\"widget\" data-e-type=\"widget\" data-widget_type=\"wd_text_block.default\">\n\t\t\t\t<div class=\"elementor-widget-container\">\n\t\t\t\t\t\t\t<div class=\"wd-text-block reset-last-child text-left\">\n\t\t\t\n\t\t\t<h2>Newzin: Cree un sitio web vibrante de noticias y revistas<\/h2>\n<p>En <strong>Newzin WordPress Peri\u00f3dico y Revista Tema<\/strong> le permite lanzar una plataforma profesional de noticias o revistas sin esfuerzo. Por ejemplo, los editores y blogueros utilizan activamente Newzin para mostrar contenidos atractivos con im\u00e1genes impresionantes. De este modo, se cautiva a los lectores y se aumenta la retenci\u00f3n de la audiencia con el m\u00ednimo esfuerzo.<\/p>\n\n<h3>Publicaci\u00f3n de contenidos sin esfuerzo<\/h3>\n<p>Newzin simplifica la creaci\u00f3n de sitios din\u00e1micos de noticias. Puedes crear dise\u00f1os cautivadores para art\u00edculos, rese\u00f1as y editoriales con su intuitivo constructor de arrastrar y soltar. Adem\u00e1s, el tema se integra a la perfecci\u00f3n con plugins populares como Elementor, para que puedas personalizar p\u00e1ginas de forma r\u00e1pida y eficiente desde tu panel de WordPress.<\/p>\n\n<h3>\u00bfPor qu\u00e9 elegir Newzin?<\/h3>\n<ul>\n    <li><strong>Impresionantes opciones de dise\u00f1o:<\/strong> Elija entre varios estilos de p\u00e1gina de inicio, p\u00e1ginas de categor\u00edas y formatos de entrada para adaptarlos a su marca.<\/li>\n    <li><strong>Dise\u00f1o Ad-Ready:<\/strong> Monetice su sitio con espacios publicitarios dedicados para banners e integraci\u00f3n con Google AdSense.<\/li>\n    <li><strong>Rapidez y capacidad de respuesta:<\/strong> Newzin garantiza que su sitio web cargue r\u00e1pidamente y tenga un aspecto impecable en ordenadores de sobremesa, tabletas y m\u00f3viles.<\/li>\n    <li><strong>Tipograf\u00eda avanzada:<\/strong> Personalice fuentes y colores para crear un dise\u00f1o \u00fanico y legible que destaque.<\/li>\n    <li><strong>Integraci\u00f3n de los medios sociales:<\/strong> Ampl\u00ede su alcance con herramientas integradas para compartir y widgets de feeds sociales.<\/li>\n<\/ul>\n\n<h3>Atraiga a los lectores con funciones modernas<\/h3>\n<p>Newzin ofrece herramientas para mantener enganchada a su audiencia. Por ejemplo, su teletipo en directo y sus secciones de noticias de \u00faltima hora destacan al instante las noticias m\u00e1s destacadas. Adem\u00e1s, el tema permite publicar v\u00eddeos y galer\u00edas, para que puedas ofrecer contenidos multimedia de calidad. Como resultado, los lectores seguir\u00e1n enganchados y volver\u00e1n a por m\u00e1s.<\/p>\n\n<h3>SEO y rendimiento optimizados<\/h3>\n<p>La estructura SEO de Newzin mejora la visibilidad y ayuda a los motores de b\u00fasqueda a clasificar mejor los contenidos. Adem\u00e1s, el c\u00f3digo ligero del tema garantiza tiempos de carga r\u00e1pidos, mejorando la experiencia y la retenci\u00f3n del usuario. Por lo tanto, atrae m\u00e1s tr\u00e1fico org\u00e1nico y aumenta el n\u00famero de lectores sin esfuerzo.<\/p>\n\n<h3>Lance hoy mismo su sitio web de noticias<\/h3>\n<p>Transforme su visi\u00f3n en una pr\u00f3spera publicaci\u00f3n digital con <strong>Newzin - Tema para peri\u00f3dicos y revistas en WordPress<\/strong>. Con la importaci\u00f3n de demos en un clic y las amplias opciones de personalizaci\u00f3n, empezar\u00e1s a publicar en un abrir y cerrar de ojos. Inst\u00e1lelo ahora y ofrezca noticias que cautiven a su audiencia.\n\t\t\t\t\t<\/div>\n\t\t\t\t\t\t<\/div>\n\t\t\t\t<\/div>\n\t\t\t\t\t<\/div>\n\t\t\t\t<\/div>\n\t\t<div class=\"elementor-element elementor-element-c25ccef e-con-full e-flex e-con e-parent\" data-id=\"c25ccef\" data-element_type=\"container\" data-e-type=\"container\">\n\t\t\t\t<div class=\"elementor-element elementor-element-956e52a elementor-widget elementor-widget-video\" data-id=\"956e52a\" data-element_type=\"widget\" data-e-type=\"widget\" data-settings=\"{&quot;youtube_url&quot;:&quot;https:\\\/\\\/www.youtube.com\\\/shorts\\\/ef1jrKPSK-A?feature=share&quot;,&quot;video_type&quot;:&quot;youtube&quot;,&quot;controls&quot;:&quot;yes&quot;}\" data-widget_type=\"video.default\">\n\t\t\t\t\t\t\t<div class=\"elementor-wrapper elementor-open-inline\">\n\t\t\t<div class=\"elementor-video\"><\/div>\t\t<\/div>\n\t\t\t\t\t\t<\/div>\n\t\t\t\t<\/div>\n\t\t\t\t<\/div>","protected":false},"excerpt":{"rendered":"<p>Newzin: Build a Vibrant News &amp; Magazine Website The Newzin WordPress Newspaper &amp; Magazine Theme empowers you to launch a<\/p>","protected":false},"featured_media":11613,"comment_status":"open","ping_status":"closed","template":"","meta":{"_acf_changed":false},"product_brand":[],"product_cat":[48],"product_tag":[],"class_list":{"0":"post-11620","1":"product","2":"type-product","3":"status-publish","4":"has-post-thumbnail","6":"product_cat-themes","8":"first","9":"instock","10":"sale","11":"downloadable","12":"shipping-taxable","13":"purchasable","14":"product-type-simple"},"acf":[],"yoast_head":"<!-- This site is optimized with the Yoast SEO Premium plugin v25.6 (Yoast SEO v27.1.1) - https:\/\/yoast.com\/product\/yoast-seo-premium-wordpress\/ -->\n<title>Newzin \u2013 WordPress Newspaper &amp; Magazine Theme - AllWin Theme \u2013 Free WordPress Themes Download<\/title>\n<meta name=\"description\" content=\"Create a dynamic news or magazine site with Newzin. Responsive WordPress theme with stunning layouts, ad spaces, and easy customization.\" \/>\n<meta name=\"robots\" content=\"index, follow, max-snippet:-1, max-image-preview:large, max-video-preview:-1\" \/>\n<link rel=\"canonical\" href=\"https:\/\/allwintheme.com\/es\/producto\/newzin-wordpress-periodico-revista-tema\/\" \/>\n<meta property=\"og:locale\" content=\"es_ES\" \/>\n<meta property=\"og:type\" content=\"article\" \/>\n<meta property=\"og:title\" content=\"Newzin \u2013 WordPress Newspaper &amp; Magazine Theme\" \/>\n<meta property=\"og:description\" content=\"Create a dynamic news or magazine site with Newzin. Responsive WordPress theme with stunning layouts, ad spaces, and easy customization.\" \/>\n<meta property=\"og:url\" content=\"https:\/\/allwintheme.com\/es\/producto\/newzin-wordpress-periodico-revista-tema\/\" \/>\n<meta property=\"og:site_name\" content=\"AllWin Theme \u2013 Free WordPress Themes Download\" \/>\n<meta property=\"article:modified_time\" content=\"2025-10-24T02:27:32+00:00\" \/>\n<meta property=\"og:image\" content=\"https:\/\/allwintheme.com\/wp-content\/uploads\/2025\/10\/Newzin-\u2013-WordPress-Newspaper-Magazine-Theme.png\" \/>\n\t<meta property=\"og:image:width\" content=\"590\" \/>\n\t<meta property=\"og:image:height\" content=\"300\" \/>\n\t<meta property=\"og:image:type\" content=\"image\/png\" \/>\n<meta name=\"twitter:card\" content=\"summary_large_image\" \/>\n<meta name=\"twitter:label1\" content=\"Tiempo estimado de lectura\" \/>\n\t<meta name=\"twitter:data1\" content=\"2 minutos\" \/>\n<script type=\"application\/ld+json\" class=\"yoast-schema-graph\">{\"@context\":\"https:\/\/schema.org\",\"@graph\":[{\"@type\":\"WebPage\",\"@id\":\"https:\/\/allwintheme.com\/product\/newzin-wordpress-newspaper-magazine-theme\/\",\"url\":\"https:\/\/allwintheme.com\/product\/newzin-wordpress-newspaper-magazine-theme\/\",\"name\":\"Newzin \u2013 WordPress Newspaper & Magazine Theme - AllWin Theme \u2013 Free WordPress Themes Download\",\"isPartOf\":{\"@id\":\"https:\/\/allwintheme.com\/#website\"},\"primaryImageOfPage\":{\"@id\":\"https:\/\/allwintheme.com\/product\/newzin-wordpress-newspaper-magazine-theme\/#primaryimage\"},\"image\":{\"@id\":\"https:\/\/allwintheme.com\/product\/newzin-wordpress-newspaper-magazine-theme\/#primaryimage\"},\"thumbnailUrl\":\"https:\/\/allwintheme.com\/wp-content\/uploads\/2025\/10\/Newzin-\u2013-WordPress-Newspaper-Magazine-Theme.png\",\"datePublished\":\"2025-10-24T02:16:05+00:00\",\"dateModified\":\"2025-10-24T02:27:32+00:00\",\"description\":\"Create a dynamic news or magazine site with Newzin. Responsive WordPress theme with stunning layouts, ad spaces, and easy customization.\",\"breadcrumb\":{\"@id\":\"https:\/\/allwintheme.com\/product\/newzin-wordpress-newspaper-magazine-theme\/#breadcrumb\"},\"inLanguage\":\"es-CL\",\"potentialAction\":[{\"@type\":\"ReadAction\",\"target\":[\"https:\/\/allwintheme.com\/product\/newzin-wordpress-newspaper-magazine-theme\/\"]}]},{\"@type\":\"ImageObject\",\"inLanguage\":\"es-CL\",\"@id\":\"https:\/\/allwintheme.com\/product\/newzin-wordpress-newspaper-magazine-theme\/#primaryimage\",\"url\":\"https:\/\/allwintheme.com\/wp-content\/uploads\/2025\/10\/Newzin-\u2013-WordPress-Newspaper-Magazine-Theme.png\",\"contentUrl\":\"https:\/\/allwintheme.com\/wp-content\/uploads\/2025\/10\/Newzin-\u2013-WordPress-Newspaper-Magazine-Theme.png\",\"width\":590,\"height\":300,\"caption\":\"Newzin \u2013 WordPress Newspaper & Magazine Theme\"},{\"@type\":\"BreadcrumbList\",\"@id\":\"https:\/\/allwintheme.com\/product\/newzin-wordpress-newspaper-magazine-theme\/#breadcrumb\",\"itemListElement\":[{\"@type\":\"ListItem\",\"position\":1,\"name\":\"Home\",\"item\":\"https:\/\/allwintheme.com\/\"},{\"@type\":\"ListItem\",\"position\":2,\"name\":\"Shop\",\"item\":\"https:\/\/allwintheme.com\/shop\/\"},{\"@type\":\"ListItem\",\"position\":3,\"name\":\"Newzin \u2013 WordPress Newspaper &#038; Magazine Theme\"}]},{\"@type\":\"WebSite\",\"@id\":\"https:\/\/allwintheme.com\/#website\",\"url\":\"https:\/\/allwintheme.com\/\",\"name\":\"Allwintheme\",\"description\":\"Download free WordPress themes for every niche. Blogs, business, eCommerce, portfolio, restaurant and more. All themes are GPL licensed and mobile-ready.\",\"potentialAction\":[{\"@type\":\"SearchAction\",\"target\":{\"@type\":\"EntryPoint\",\"urlTemplate\":\"https:\/\/allwintheme.com\/?s={search_term_string}\"},\"query-input\":{\"@type\":\"PropertyValueSpecification\",\"valueRequired\":true,\"valueName\":\"search_term_string\"}}],\"inLanguage\":\"es-CL\"}]}<\/script>\n<!-- \/ Yoast SEO Premium plugin. -->","yoast_head_json":{"title":"Newzin \u2013 WordPress Newspaper & Magazine Theme - AllWin Theme \u2013 Free WordPress Themes Download","description":"Crea un sitio din\u00e1mico de noticias o revistas con Newzin. Tema de WordPress responsivo con impresionantes dise\u00f1os, espacios publicitarios y f\u00e1cil personalizaci\u00f3n.","robots":{"index":"index","follow":"follow","max-snippet":"max-snippet:-1","max-image-preview":"max-image-preview:large","max-video-preview":"max-video-preview:-1"},"canonical":"https:\/\/allwintheme.com\/es\/producto\/newzin-wordpress-periodico-revista-tema\/","og_locale":"es_ES","og_type":"article","og_title":"Newzin \u2013 WordPress Newspaper & Magazine Theme","og_description":"Create a dynamic news or magazine site with Newzin. Responsive WordPress theme with stunning layouts, ad spaces, and easy customization.","og_url":"https:\/\/allwintheme.com\/es\/producto\/newzin-wordpress-periodico-revista-tema\/","og_site_name":"AllWin Theme \u2013 Free WordPress Themes Download","article_modified_time":"2025-10-24T02:27:32+00:00","og_image":[{"width":590,"height":300,"url":"https:\/\/allwintheme.com\/wp-content\/uploads\/2025\/10\/Newzin-\u2013-WordPress-Newspaper-Magazine-Theme.png","type":"image\/png"}],"twitter_card":"summary_large_image","twitter_misc":{"Tiempo estimado de lectura":"2 minutos"},"schema":{"@context":"https:\/\/schema.org","@graph":[{"@type":"WebPage","@id":"https:\/\/allwintheme.com\/product\/newzin-wordpress-newspaper-magazine-theme\/","url":"https:\/\/allwintheme.com\/product\/newzin-wordpress-newspaper-magazine-theme\/","name":"Newzin \u2013 WordPress Newspaper & Magazine Theme - AllWin Theme \u2013 Free WordPress Themes Download","isPartOf":{"@id":"https:\/\/allwintheme.com\/#website"},"primaryImageOfPage":{"@id":"https:\/\/allwintheme.com\/product\/newzin-wordpress-newspaper-magazine-theme\/#primaryimage"},"image":{"@id":"https:\/\/allwintheme.com\/product\/newzin-wordpress-newspaper-magazine-theme\/#primaryimage"},"thumbnailUrl":"https:\/\/allwintheme.com\/wp-content\/uploads\/2025\/10\/Newzin-\u2013-WordPress-Newspaper-Magazine-Theme.png","datePublished":"2025-10-24T02:16:05+00:00","dateModified":"2025-10-24T02:27:32+00:00","description":"Crea un sitio din\u00e1mico de noticias o revistas con Newzin. Tema de WordPress responsivo con impresionantes dise\u00f1os, espacios publicitarios y f\u00e1cil personalizaci\u00f3n.","breadcrumb":{"@id":"https:\/\/allwintheme.com\/product\/newzin-wordpress-newspaper-magazine-theme\/#breadcrumb"},"inLanguage":"es-CL","potentialAction":[{"@type":"ReadAction","target":["https:\/\/allwintheme.com\/product\/newzin-wordpress-newspaper-magazine-theme\/"]}]},{"@type":"ImageObject","inLanguage":"es-CL","@id":"https:\/\/allwintheme.com\/product\/newzin-wordpress-newspaper-magazine-theme\/#primaryimage","url":"https:\/\/allwintheme.com\/wp-content\/uploads\/2025\/10\/Newzin-\u2013-WordPress-Newspaper-Magazine-Theme.png","contentUrl":"https:\/\/allwintheme.com\/wp-content\/uploads\/2025\/10\/Newzin-\u2013-WordPress-Newspaper-Magazine-Theme.png","width":590,"height":300,"caption":"Newzin \u2013 WordPress Newspaper & Magazine Theme"},{"@type":"BreadcrumbList","@id":"https:\/\/allwintheme.com\/product\/newzin-wordpress-newspaper-magazine-theme\/#breadcrumb","itemListElement":[{"@type":"ListItem","position":1,"name":"Home","item":"https:\/\/allwintheme.com\/"},{"@type":"ListItem","position":2,"name":"Shop","item":"https:\/\/allwintheme.com\/shop\/"},{"@type":"ListItem","position":3,"name":"Newzin \u2013 WordPress Newspaper &#038; Magazine Theme"}]},{"@type":"WebSite","@id":"https:\/\/allwintheme.com\/#website","url":"https:\/\/allwintheme.com\/","name":"Allwintheme","description":"Descarga gratis temas de WordPress para todos los nichos. Blogs, negocios, comercio electr\u00f3nico, portafolio, restaurante y m\u00e1s. Todos los temas tienen licencia GPL y est\u00e1n preparados para dispositivos m\u00f3viles.","potentialAction":[{"@type":"SearchAction","target":{"@type":"EntryPoint","urlTemplate":"https:\/\/allwintheme.com\/?s={search_term_string}"},"query-input":{"@type":"PropertyValueSpecification","valueRequired":true,"valueName":"search_term_string"}}],"inLanguage":"es-CL"}]}},"_links":{"self":[{"href":"https:\/\/allwintheme.com\/es\/wp-json\/wp\/v2\/product\/11620","targetHints":{"allow":["GET"]}}],"collection":[{"href":"https:\/\/allwintheme.com\/es\/wp-json\/wp\/v2\/product"}],"about":[{"href":"https:\/\/allwintheme.com\/es\/wp-json\/wp\/v2\/types\/product"}],"replies":[{"embeddable":true,"href":"https:\/\/allwintheme.com\/es\/wp-json\/wp\/v2\/comments?post=11620"}],"version-history":[{"count":7,"href":"https:\/\/allwintheme.com\/es\/wp-json\/wp\/v2\/product\/11620\/revisions"}],"predecessor-version":[{"id":11627,"href":"https:\/\/allwintheme.com\/es\/wp-json\/wp\/v2\/product\/11620\/revisions\/11627"}],"wp:featuredmedia":[{"embeddable":true,"href":"https:\/\/allwintheme.com\/es\/wp-json\/wp\/v2\/media\/11613"}],"wp:attachment":[{"href":"https:\/\/allwintheme.com\/es\/wp-json\/wp\/v2\/media?parent=11620"}],"wp:term":[{"taxonomy":"product_brand","embeddable":true,"href":"https:\/\/allwintheme.com\/es\/wp-json\/wp\/v2\/product_brand?post=11620"},{"taxonomy":"product_cat","embeddable":true,"href":"https:\/\/allwintheme.com\/es\/wp-json\/wp\/v2\/product_cat?post=11620"},{"taxonomy":"product_tag","embeddable":true,"href":"https:\/\/allwintheme.com\/es\/wp-json\/wp\/v2\/product_tag?post=11620"}],"curies":[{"name":"wp","href":"https:\/\/api.w.org\/{rel}","templated":true}]}}