{"id":11664,"date":"2025-10-24T07:42:34","date_gmt":"2025-10-24T07:42:34","guid":{"rendered":"https:\/\/allwintheme.com\/?post_type=product&#038;p=11664"},"modified":"2025-10-24T07:50:15","modified_gmt":"2025-10-24T07:50:15","slug":"wpmu-dev-defender-pro","status":"publish","type":"product","link":"https:\/\/allwintheme.com\/es\/producto\/wpmu-dev-defender-pro\/","title":{"rendered":"WPMU DEV Defender Pro"},"content":{"rendered":"<div data-elementor-type=\"wp-post\" data-elementor-id=\"11664\" class=\"elementor elementor-11664\" data-elementor-settings=\"{&quot;element_pack_global_tooltip_width&quot;:{&quot;unit&quot;:&quot;px&quot;,&quot;size&quot;:&quot;&quot;,&quot;sizes&quot;:[]},&quot;element_pack_global_tooltip_width_tablet&quot;:{&quot;unit&quot;:&quot;px&quot;,&quot;size&quot;:&quot;&quot;,&quot;sizes&quot;:[]},&quot;element_pack_global_tooltip_width_mobile&quot;:{&quot;unit&quot;:&quot;px&quot;,&quot;size&quot;:&quot;&quot;,&quot;sizes&quot;:[]},&quot;element_pack_global_tooltip_padding&quot;:{&quot;unit&quot;:&quot;px&quot;,&quot;top&quot;:&quot;&quot;,&quot;right&quot;:&quot;&quot;,&quot;bottom&quot;:&quot;&quot;,&quot;left&quot;:&quot;&quot;,&quot;isLinked&quot;:true},&quot;element_pack_global_tooltip_padding_tablet&quot;:{&quot;unit&quot;:&quot;px&quot;,&quot;top&quot;:&quot;&quot;,&quot;right&quot;:&quot;&quot;,&quot;bottom&quot;:&quot;&quot;,&quot;left&quot;:&quot;&quot;,&quot;isLinked&quot;:true},&quot;element_pack_global_tooltip_padding_mobile&quot;:{&quot;unit&quot;:&quot;px&quot;,&quot;top&quot;:&quot;&quot;,&quot;right&quot;:&quot;&quot;,&quot;bottom&quot;:&quot;&quot;,&quot;left&quot;:&quot;&quot;,&quot;isLinked&quot;:true},&quot;element_pack_global_tooltip_border_radius&quot;:{&quot;unit&quot;:&quot;px&quot;,&quot;top&quot;:&quot;&quot;,&quot;right&quot;:&quot;&quot;,&quot;bottom&quot;:&quot;&quot;,&quot;left&quot;:&quot;&quot;,&quot;isLinked&quot;:true},&quot;element_pack_global_tooltip_border_radius_tablet&quot;:{&quot;unit&quot;:&quot;px&quot;,&quot;top&quot;:&quot;&quot;,&quot;right&quot;:&quot;&quot;,&quot;bottom&quot;:&quot;&quot;,&quot;left&quot;:&quot;&quot;,&quot;isLinked&quot;:true},&quot;element_pack_global_tooltip_border_radius_mobile&quot;:{&quot;unit&quot;:&quot;px&quot;,&quot;top&quot;:&quot;&quot;,&quot;right&quot;:&quot;&quot;,&quot;bottom&quot;:&quot;&quot;,&quot;left&quot;:&quot;&quot;,&quot;isLinked&quot;:true}}\" data-elementor-post-type=\"product\">\n\t\t\t\t<div class=\"wd-negative-gap elementor-element elementor-element-116794f e-flex e-con-boxed e-con e-parent\" data-id=\"116794f\" data-element_type=\"container\" data-e-type=\"container\">\n\t\t\t\t\t<div class=\"e-con-inner\">\n\t\t\t\t<div class=\"elementor-element elementor-element-03d2133 elementor-widget elementor-widget-wd_text_block\" data-id=\"03d2133\" data-element_type=\"widget\" data-e-type=\"widget\" data-widget_type=\"wd_text_block.default\">\n\t\t\t\t<div class=\"elementor-widget-container\">\n\t\t\t\t\t\t\t<div class=\"wd-text-block reset-last-child text-left\">\n\t\t\t\n\t\t\t<h2>WPMU DEV Defender Pro: Fortalezca la seguridad de su WordPress<\/h2>\n<p><strong>WPMU DEV Defender Pro<\/strong> protege activamente su sitio WordPress frente a las amenazas, garantizando una s\u00f3lida protecci\u00f3n con el m\u00ednimo esfuerzo. Por ejemplo, los propietarios y desarrolladores de sitios conf\u00edan en este plugin para bloquear a los hackers, el malware y los ataques de fuerza bruta. En consecuencia, usted mantiene un sitio web seguro mientras se centra en su contenido y en el crecimiento de su negocio.<\/p>\n\n<h3>Seguridad integral simplificada<\/h3>\n<p>Defender Pro te equipa con potentes herramientas para reforzar las defensas de tu sitio. Puede ejecutar an\u00e1lisis automatizados de malware, activar un cortafuegos de aplicaciones web (WAF) y aplicar ajustes de seguridad con un solo clic y sin esfuerzo. Adem\u00e1s, el complemento supervisa las vulnerabilidades y la actividad sospechosa, para que pueda anticiparse a los posibles riesgos sin necesidad de complejas configuraciones.<\/p>\n\n<h3>\u00bfPor qu\u00e9 elegir Defender Pro?<\/h3>\n<ul>\n    <li><strong>An\u00e1lisis automatizados de malware:<\/strong> El plugin escanea su sitio con regularidad y elimina las amenazas al instante para mantenerlo limpio.<\/li>\n    <li><strong>Protecci\u00f3n avanzada de cortafuegos:<\/strong> Defender bloquea las IP y los bots maliciosos, impidiendo eficazmente el acceso no autorizado.<\/li>\n    <li><strong>Autenticaci\u00f3n de dos factores (2FA):<\/strong> A\u00f1ade una capa adicional de seguridad de inicio de sesi\u00f3n para proteger las cuentas de usuario.<\/li>\n    <li><strong>Recomendaciones de seguridad:<\/strong> Los ajustes con un solo clic endurecen su sitio, como actualizar los permisos de los archivos y ocultar los errores de inicio de sesi\u00f3n.<\/li>\n    <li><strong>Sistema de bloqueo IP:<\/strong> El plugin bloquea autom\u00e1ticamente a los usuarios sospechosos tras repetidos intentos fallidos de inicio de sesi\u00f3n.<\/li>\n<\/ul>\n\n<h3>Supervisi\u00f3n proactiva y gesti\u00f3n sencilla<\/h3>\n<p>Con Defender Pro, obtendr\u00e1 informaci\u00f3n en tiempo real sobre el estado de seguridad de su sitio web. Por ejemplo, realiza un seguimiento de los cambios en los archivos principales y le avisa de posibles problemas. Adem\u00e1s, el panel de control f\u00e1cil de usar simplifica la gesti\u00f3n, por lo que incluso los principiantes pueden proteger sus sitios sin conocimientos t\u00e9cnicos. Como resultado, usted ahorra tiempo y mantiene la tranquilidad.<\/p>\n\n<h3>Integraci\u00f3n y rendimiento sin fisuras<\/h3>\n<p>Defender Pro funciona sin problemas con cualquier tema o plugin de WordPress, garantizando que no afecte a la velocidad del sitio. Adem\u00e1s, es compatible con redes multisitio, por lo que es ideal para gestionar varios sitios web. Por lo tanto, usted protege toda su presencia digital de manera eficiente con una sola soluci\u00f3n.<\/p>\n\n<h3>Proteja su sitio web con Defender Pro hoy mismo<\/h3>\n<p>Transforme la seguridad de su WordPress con <strong>WPMU DEV Defender Pro<\/strong>. Al instalar este plugin, se defiende proactivamente contra las amenazas y mantiene su sitio seguro. \u00a1Empieza ahora y construye una fortaleza alrededor de tu sitio WordPress con facilidad!\n\t\t\t\t\t<\/div>\n\t\t\t\t\t\t<\/div>\n\t\t\t\t<\/div>\n\t\t\t\t\t<\/div>\n\t\t\t\t<\/div>\n\t\t<div class=\"elementor-element elementor-element-c25ccef e-con-full e-flex e-con e-parent\" data-id=\"c25ccef\" data-element_type=\"container\" data-e-type=\"container\">\n\t\t\t\t<div class=\"elementor-element elementor-element-956e52a elementor-widget elementor-widget-video\" data-id=\"956e52a\" data-element_type=\"widget\" data-e-type=\"widget\" data-settings=\"{&quot;youtube_url&quot;:&quot;https:\\\/\\\/youtu.be\\\/w9pfRCuT36Q&quot;,&quot;video_type&quot;:&quot;youtube&quot;,&quot;controls&quot;:&quot;yes&quot;}\" data-widget_type=\"video.default\">\n\t\t\t\t\t\t\t<div class=\"elementor-wrapper elementor-open-inline\">\n\t\t\t<div class=\"elementor-video\"><\/div>\t\t<\/div>\n\t\t\t\t\t\t<\/div>\n\t\t\t\t<\/div>\n\t\t\t\t<\/div>","protected":false},"excerpt":{"rendered":"<p>WPMU DEV Defender Pro: Fortalezca la seguridad de su WordPress WPMU DEV Defender Pro protege activamente su sitio de WordPress de las amenazas, asegurando<\/p>","protected":false},"featured_media":11663,"comment_status":"open","ping_status":"closed","template":"","meta":{"_acf_changed":false},"product_brand":[],"product_cat":[49],"product_tag":[],"class_list":{"0":"post-11664","1":"product","2":"type-product","3":"status-publish","4":"has-post-thumbnail","6":"product_cat-plugins","8":"first","9":"instock","10":"sale","11":"downloadable","12":"shipping-taxable","13":"purchasable","14":"product-type-simple"},"acf":[],"yoast_head":"<!-- This site is optimized with the Yoast SEO Premium plugin v25.6 (Yoast SEO v27.1.1) - https:\/\/yoast.com\/product\/yoast-seo-premium-wordpress\/ -->\n<title>WPMU DEV Defender Pro - AllWin Theme \u2013 Free WordPress Themes Download<\/title>\n<meta name=\"description\" content=\"Secure your WordPress site with WPMU DEV Defender Pro. Boost protection with malware scans, firewall, and one-click security tweaks.\" \/>\n<meta name=\"robots\" content=\"index, follow, max-snippet:-1, max-image-preview:large, max-video-preview:-1\" \/>\n<link rel=\"canonical\" href=\"https:\/\/allwintheme.com\/es\/producto\/wpmu-dev-defender-pro\/\" \/>\n<meta property=\"og:locale\" content=\"es_ES\" \/>\n<meta property=\"og:type\" content=\"article\" \/>\n<meta property=\"og:title\" content=\"WPMU DEV Defender Pro\" \/>\n<meta property=\"og:description\" content=\"Secure your WordPress site with WPMU DEV Defender Pro. Boost protection with malware scans, firewall, and one-click security tweaks.\" \/>\n<meta property=\"og:url\" content=\"https:\/\/allwintheme.com\/es\/producto\/wpmu-dev-defender-pro\/\" \/>\n<meta property=\"og:site_name\" content=\"AllWin Theme \u2013 Free WordPress Themes Download\" \/>\n<meta property=\"article:modified_time\" content=\"2025-10-24T07:50:15+00:00\" \/>\n<meta property=\"og:image\" content=\"https:\/\/allwintheme.com\/wp-content\/uploads\/2025\/10\/WPMU-DEV-Defender-Pro.png\" \/>\n\t<meta property=\"og:image:width\" content=\"590\" \/>\n\t<meta property=\"og:image:height\" content=\"300\" \/>\n\t<meta property=\"og:image:type\" content=\"image\/png\" \/>\n<meta name=\"twitter:card\" content=\"summary_large_image\" \/>\n<meta name=\"twitter:label1\" content=\"Tiempo estimado de lectura\" \/>\n\t<meta name=\"twitter:data1\" content=\"2 minutos\" \/>\n<script type=\"application\/ld+json\" class=\"yoast-schema-graph\">{\"@context\":\"https:\/\/schema.org\",\"@graph\":[{\"@type\":\"WebPage\",\"@id\":\"https:\/\/allwintheme.com\/product\/wpmu-dev-defender-pro\/\",\"url\":\"https:\/\/allwintheme.com\/product\/wpmu-dev-defender-pro\/\",\"name\":\"WPMU DEV Defender Pro - AllWin Theme \u2013 Free WordPress Themes Download\",\"isPartOf\":{\"@id\":\"https:\/\/allwintheme.com\/#website\"},\"primaryImageOfPage\":{\"@id\":\"https:\/\/allwintheme.com\/product\/wpmu-dev-defender-pro\/#primaryimage\"},\"image\":{\"@id\":\"https:\/\/allwintheme.com\/product\/wpmu-dev-defender-pro\/#primaryimage\"},\"thumbnailUrl\":\"https:\/\/allwintheme.com\/wp-content\/uploads\/2025\/10\/WPMU-DEV-Defender-Pro.png\",\"datePublished\":\"2025-10-24T07:42:34+00:00\",\"dateModified\":\"2025-10-24T07:50:15+00:00\",\"description\":\"Secure your WordPress site with WPMU DEV Defender Pro. Boost protection with malware scans, firewall, and one-click security tweaks.\",\"breadcrumb\":{\"@id\":\"https:\/\/allwintheme.com\/product\/wpmu-dev-defender-pro\/#breadcrumb\"},\"inLanguage\":\"es-CL\",\"potentialAction\":[{\"@type\":\"ReadAction\",\"target\":[\"https:\/\/allwintheme.com\/product\/wpmu-dev-defender-pro\/\"]}]},{\"@type\":\"ImageObject\",\"inLanguage\":\"es-CL\",\"@id\":\"https:\/\/allwintheme.com\/product\/wpmu-dev-defender-pro\/#primaryimage\",\"url\":\"https:\/\/allwintheme.com\/wp-content\/uploads\/2025\/10\/WPMU-DEV-Defender-Pro.png\",\"contentUrl\":\"https:\/\/allwintheme.com\/wp-content\/uploads\/2025\/10\/WPMU-DEV-Defender-Pro.png\",\"width\":590,\"height\":300,\"caption\":\"WPMU DEV Defender Pro\"},{\"@type\":\"BreadcrumbList\",\"@id\":\"https:\/\/allwintheme.com\/product\/wpmu-dev-defender-pro\/#breadcrumb\",\"itemListElement\":[{\"@type\":\"ListItem\",\"position\":1,\"name\":\"Home\",\"item\":\"https:\/\/allwintheme.com\/\"},{\"@type\":\"ListItem\",\"position\":2,\"name\":\"Shop\",\"item\":\"https:\/\/allwintheme.com\/shop\/\"},{\"@type\":\"ListItem\",\"position\":3,\"name\":\"WPMU DEV Defender Pro\"}]},{\"@type\":\"WebSite\",\"@id\":\"https:\/\/allwintheme.com\/#website\",\"url\":\"https:\/\/allwintheme.com\/\",\"name\":\"Allwintheme\",\"description\":\"Download free WordPress themes for every niche. Blogs, business, eCommerce, portfolio, restaurant and more. All themes are GPL licensed and mobile-ready.\",\"potentialAction\":[{\"@type\":\"SearchAction\",\"target\":{\"@type\":\"EntryPoint\",\"urlTemplate\":\"https:\/\/allwintheme.com\/?s={search_term_string}\"},\"query-input\":{\"@type\":\"PropertyValueSpecification\",\"valueRequired\":true,\"valueName\":\"search_term_string\"}}],\"inLanguage\":\"es-CL\"}]}<\/script>\n<!-- \/ Yoast SEO Premium plugin. -->","yoast_head_json":{"title":"WPMU DEV Defender Pro - AllWin Theme - Free WordPress Themes Download","description":"Protege tu sitio WordPress con WPMU DEV Defender Pro. Aumenta la protecci\u00f3n con an\u00e1lisis de malware, cortafuegos y ajustes de seguridad con un solo clic.","robots":{"index":"index","follow":"follow","max-snippet":"max-snippet:-1","max-image-preview":"max-image-preview:large","max-video-preview":"max-video-preview:-1"},"canonical":"https:\/\/allwintheme.com\/es\/producto\/wpmu-dev-defender-pro\/","og_locale":"es_ES","og_type":"article","og_title":"WPMU DEV Defender Pro","og_description":"Secure your WordPress site with WPMU DEV Defender Pro. Boost protection with malware scans, firewall, and one-click security tweaks.","og_url":"https:\/\/allwintheme.com\/es\/producto\/wpmu-dev-defender-pro\/","og_site_name":"AllWin Theme \u2013 Free WordPress Themes Download","article_modified_time":"2025-10-24T07:50:15+00:00","og_image":[{"width":590,"height":300,"url":"https:\/\/allwintheme.com\/wp-content\/uploads\/2025\/10\/WPMU-DEV-Defender-Pro.png","type":"image\/png"}],"twitter_card":"summary_large_image","twitter_misc":{"Tiempo estimado de lectura":"2 minutos"},"schema":{"@context":"https:\/\/schema.org","@graph":[{"@type":"WebPage","@id":"https:\/\/allwintheme.com\/product\/wpmu-dev-defender-pro\/","url":"https:\/\/allwintheme.com\/product\/wpmu-dev-defender-pro\/","name":"WPMU DEV Defender Pro - AllWin Theme - Free WordPress Themes Download","isPartOf":{"@id":"https:\/\/allwintheme.com\/#website"},"primaryImageOfPage":{"@id":"https:\/\/allwintheme.com\/product\/wpmu-dev-defender-pro\/#primaryimage"},"image":{"@id":"https:\/\/allwintheme.com\/product\/wpmu-dev-defender-pro\/#primaryimage"},"thumbnailUrl":"https:\/\/allwintheme.com\/wp-content\/uploads\/2025\/10\/WPMU-DEV-Defender-Pro.png","datePublished":"2025-10-24T07:42:34+00:00","dateModified":"2025-10-24T07:50:15+00:00","description":"Protege tu sitio WordPress con WPMU DEV Defender Pro. Aumenta la protecci\u00f3n con an\u00e1lisis de malware, cortafuegos y ajustes de seguridad con un solo clic.","breadcrumb":{"@id":"https:\/\/allwintheme.com\/product\/wpmu-dev-defender-pro\/#breadcrumb"},"inLanguage":"es-CL","potentialAction":[{"@type":"ReadAction","target":["https:\/\/allwintheme.com\/product\/wpmu-dev-defender-pro\/"]}]},{"@type":"ImageObject","inLanguage":"es-CL","@id":"https:\/\/allwintheme.com\/product\/wpmu-dev-defender-pro\/#primaryimage","url":"https:\/\/allwintheme.com\/wp-content\/uploads\/2025\/10\/WPMU-DEV-Defender-Pro.png","contentUrl":"https:\/\/allwintheme.com\/wp-content\/uploads\/2025\/10\/WPMU-DEV-Defender-Pro.png","width":590,"height":300,"caption":"WPMU DEV Defender Pro"},{"@type":"BreadcrumbList","@id":"https:\/\/allwintheme.com\/product\/wpmu-dev-defender-pro\/#breadcrumb","itemListElement":[{"@type":"ListItem","position":1,"name":"Home","item":"https:\/\/allwintheme.com\/"},{"@type":"ListItem","position":2,"name":"Shop","item":"https:\/\/allwintheme.com\/shop\/"},{"@type":"ListItem","position":3,"name":"WPMU DEV Defender Pro"}]},{"@type":"WebSite","@id":"https:\/\/allwintheme.com\/#website","url":"https:\/\/allwintheme.com\/","name":"Allwintheme","description":"Descarga gratis temas de WordPress para todos los nichos. Blogs, negocios, comercio electr\u00f3nico, portafolio, restaurante y m\u00e1s. Todos los temas tienen licencia GPL y est\u00e1n preparados para dispositivos m\u00f3viles.","potentialAction":[{"@type":"SearchAction","target":{"@type":"EntryPoint","urlTemplate":"https:\/\/allwintheme.com\/?s={search_term_string}"},"query-input":{"@type":"PropertyValueSpecification","valueRequired":true,"valueName":"search_term_string"}}],"inLanguage":"es-CL"}]}},"_links":{"self":[{"href":"https:\/\/allwintheme.com\/es\/wp-json\/wp\/v2\/product\/11664","targetHints":{"allow":["GET"]}}],"collection":[{"href":"https:\/\/allwintheme.com\/es\/wp-json\/wp\/v2\/product"}],"about":[{"href":"https:\/\/allwintheme.com\/es\/wp-json\/wp\/v2\/types\/product"}],"replies":[{"embeddable":true,"href":"https:\/\/allwintheme.com\/es\/wp-json\/wp\/v2\/comments?post=11664"}],"version-history":[{"count":5,"href":"https:\/\/allwintheme.com\/es\/wp-json\/wp\/v2\/product\/11664\/revisions"}],"predecessor-version":[{"id":11669,"href":"https:\/\/allwintheme.com\/es\/wp-json\/wp\/v2\/product\/11664\/revisions\/11669"}],"wp:featuredmedia":[{"embeddable":true,"href":"https:\/\/allwintheme.com\/es\/wp-json\/wp\/v2\/media\/11663"}],"wp:attachment":[{"href":"https:\/\/allwintheme.com\/es\/wp-json\/wp\/v2\/media?parent=11664"}],"wp:term":[{"taxonomy":"product_brand","embeddable":true,"href":"https:\/\/allwintheme.com\/es\/wp-json\/wp\/v2\/product_brand?post=11664"},{"taxonomy":"product_cat","embeddable":true,"href":"https:\/\/allwintheme.com\/es\/wp-json\/wp\/v2\/product_cat?post=11664"},{"taxonomy":"product_tag","embeddable":true,"href":"https:\/\/allwintheme.com\/es\/wp-json\/wp\/v2\/product_tag?post=11664"}],"curies":[{"name":"wp","href":"https:\/\/api.w.org\/{rel}","templated":true}]}}