{"id":11670,"date":"2025-10-24T07:50:44","date_gmt":"2025-10-24T07:50:44","guid":{"rendered":"https:\/\/allwintheme.com\/?post_type=product&#038;p=11670"},"modified":"2025-10-24T08:03:07","modified_gmt":"2025-10-24T08:03:07","slug":"wordfence-seguridad-premium","status":"publish","type":"product","link":"https:\/\/allwintheme.com\/es\/producto\/wordfence-seguridad-premium\/","title":{"rendered":"Wordfence Seguridad Premium"},"content":{"rendered":"<div data-elementor-type=\"wp-post\" data-elementor-id=\"11670\" class=\"elementor elementor-11670\" data-elementor-settings=\"{&quot;element_pack_global_tooltip_width&quot;:{&quot;unit&quot;:&quot;px&quot;,&quot;size&quot;:&quot;&quot;,&quot;sizes&quot;:[]},&quot;element_pack_global_tooltip_width_tablet&quot;:{&quot;unit&quot;:&quot;px&quot;,&quot;size&quot;:&quot;&quot;,&quot;sizes&quot;:[]},&quot;element_pack_global_tooltip_width_mobile&quot;:{&quot;unit&quot;:&quot;px&quot;,&quot;size&quot;:&quot;&quot;,&quot;sizes&quot;:[]},&quot;element_pack_global_tooltip_padding&quot;:{&quot;unit&quot;:&quot;px&quot;,&quot;top&quot;:&quot;&quot;,&quot;right&quot;:&quot;&quot;,&quot;bottom&quot;:&quot;&quot;,&quot;left&quot;:&quot;&quot;,&quot;isLinked&quot;:true},&quot;element_pack_global_tooltip_padding_tablet&quot;:{&quot;unit&quot;:&quot;px&quot;,&quot;top&quot;:&quot;&quot;,&quot;right&quot;:&quot;&quot;,&quot;bottom&quot;:&quot;&quot;,&quot;left&quot;:&quot;&quot;,&quot;isLinked&quot;:true},&quot;element_pack_global_tooltip_padding_mobile&quot;:{&quot;unit&quot;:&quot;px&quot;,&quot;top&quot;:&quot;&quot;,&quot;right&quot;:&quot;&quot;,&quot;bottom&quot;:&quot;&quot;,&quot;left&quot;:&quot;&quot;,&quot;isLinked&quot;:true},&quot;element_pack_global_tooltip_border_radius&quot;:{&quot;unit&quot;:&quot;px&quot;,&quot;top&quot;:&quot;&quot;,&quot;right&quot;:&quot;&quot;,&quot;bottom&quot;:&quot;&quot;,&quot;left&quot;:&quot;&quot;,&quot;isLinked&quot;:true},&quot;element_pack_global_tooltip_border_radius_tablet&quot;:{&quot;unit&quot;:&quot;px&quot;,&quot;top&quot;:&quot;&quot;,&quot;right&quot;:&quot;&quot;,&quot;bottom&quot;:&quot;&quot;,&quot;left&quot;:&quot;&quot;,&quot;isLinked&quot;:true},&quot;element_pack_global_tooltip_border_radius_mobile&quot;:{&quot;unit&quot;:&quot;px&quot;,&quot;top&quot;:&quot;&quot;,&quot;right&quot;:&quot;&quot;,&quot;bottom&quot;:&quot;&quot;,&quot;left&quot;:&quot;&quot;,&quot;isLinked&quot;:true}}\" data-elementor-post-type=\"product\">\n\t\t\t\t<div class=\"wd-negative-gap elementor-element elementor-element-116794f e-flex e-con-boxed e-con e-parent\" data-id=\"116794f\" data-element_type=\"container\" data-e-type=\"container\">\n\t\t\t\t\t<div class=\"e-con-inner\">\n\t\t\t\t<div class=\"elementor-element elementor-element-03d2133 elementor-widget elementor-widget-wd_text_block\" data-id=\"03d2133\" data-element_type=\"widget\" data-e-type=\"widget\" data-widget_type=\"wd_text_block.default\">\n\t\t\t\t<div class=\"elementor-widget-container\">\n\t\t\t\t\t\t\t<div class=\"wd-text-block reset-last-child text-left\">\n\t\t\t\n\t\t\t<h2>Wordfence Seguridad Premium: Fortalezca su sitio WordPress<\/h2>\n<p><strong>Wordfence Seguridad Premium<\/strong> equipa su sitio WordPress con una protecci\u00f3n de primer nivel contra las ciberamenazas. Por ejemplo, los propietarios de sitios web conf\u00edan activamente en sus s\u00f3lidas herramientas para proteger sus sitios de hackers, malware y vulnerabilidades. Como resultado, usted gana en tranquilidad mientras mantiene una presencia en l\u00ednea segura.<\/p>\n\n<h3>Soluciones integrales de seguridad<\/h3>\n<p>Wordfence ofrece un potente conjunto de funciones de seguridad para proteger su sitio. En concreto, se beneficia de un cortafuegos de aplicaciones web (WAF) que bloquea el tr\u00e1fico malicioso en tiempo real. Adem\u00e1s, el plugin escanea diariamente en busca de malware, cambios en los archivos y vulnerabilidades, asegurando que tu sitio se mantiene limpio y seguro.<\/p>\n\n<h3>\u00bfPor qu\u00e9 elegir Wordfence Security Premium?<\/h3>\n<ul>\n    <li><strong>Defensa contra amenazas en tiempo real:<\/strong> El complemento actualiza sus reglas de cortafuegos al instante para bloquear las amenazas emergentes, manteniendo su sitio seguro.<\/li>\n    <li><strong>An\u00e1lisis avanzado de malware:<\/strong> Detecta y elimina malware, puertas traseras y spam de SEO antes de que da\u00f1en su sitio.<\/li>\n    <li><strong>Autenticaci\u00f3n de dos factores (2FA):<\/strong> Los usuarios aseguran sus inicios de sesi\u00f3n con una capa extra de protecci\u00f3n, reduciendo los riesgos de acceso no autorizado.<\/li>\n    <li><strong>Bloqueo de pa\u00edses y limitaci\u00f3n de tarifas:<\/strong> Puede controlar el acceso bloqueando regiones espec\u00edficas o limitando los intentos de inicio de sesi\u00f3n para evitar ataques de fuerza bruta.<\/li>\n    <li><strong>Asistencia Premium:<\/strong> El equipo especializado resuelve los problemas r\u00e1pidamente, garantizando la protecci\u00f3n de su sitio web.<\/li>\n<\/ul>\n\n<h3>Protecci\u00f3n y rendimiento en tiempo real<\/h3>\n<p>Con Wordfence, puede supervisar el tr\u00e1fico en tiempo real y bloquear las actividades sospechosas al instante. Por ejemplo, el plugin identifica y detiene bots maliciosos, direcciones IP y scripts maliciosos. Adem\u00e1s, su escaneo optimizado garantiza un impacto m\u00ednimo en la velocidad del sitio, para que sus visitantes disfruten de una experiencia fluida.<\/p>\n\n<h3>Adel\u00e1ntese a las amenazas<\/h3>\n<p>Wordfence Security Premium mantiene su sitio por delante de las amenazas en evoluci\u00f3n con actualizaciones en tiempo real de su Threat Defense Feed. En consecuencia, usted protege sus datos, reputaci\u00f3n y usuarios sin necesidad de conocimientos t\u00e9cnicos avanzados. Por lo tanto, tanto si dirige un blog, una tienda de comercio electr\u00f3nico o una cartera de productos, este complemento le garantiza una seguridad s\u00f3lida.<\/p>\n\n<h3>Proteja su sitio web hoy mismo<\/h3>\n<p>Refuerce su sitio WordPress con <strong>Wordfence Seguridad Premium<\/strong>. Si lo instala ahora, proteger\u00e1 su sitio de ataques de forma proactiva y mantendr\u00e1 la confianza de su p\u00fablico. Empiece hoy mismo a proteger su presencia en Internet.\n\t\t\t\t\t<\/div>\n\t\t\t\t\t\t<\/div>\n\t\t\t\t<\/div>\n\t\t\t\t\t<\/div>\n\t\t\t\t<\/div>\n\t\t<div class=\"elementor-element elementor-element-c25ccef e-con-full e-flex e-con e-parent\" data-id=\"c25ccef\" data-element_type=\"container\" data-e-type=\"container\">\n\t\t\t\t<div class=\"elementor-element elementor-element-956e52a elementor-widget elementor-widget-video\" data-id=\"956e52a\" data-element_type=\"widget\" data-e-type=\"widget\" data-settings=\"{&quot;youtube_url&quot;:&quot;https:\\\/\\\/youtu.be\\\/7eZyW1WgsJ4&quot;,&quot;video_type&quot;:&quot;youtube&quot;,&quot;controls&quot;:&quot;yes&quot;}\" data-widget_type=\"video.default\">\n\t\t\t\t\t\t\t<div class=\"elementor-wrapper elementor-open-inline\">\n\t\t\t<div class=\"elementor-video\"><\/div>\t\t<\/div>\n\t\t\t\t\t\t<\/div>\n\t\t\t\t<\/div>\n\t\t\t\t<\/div>","protected":false},"excerpt":{"rendered":"<p>Wordfence Security Premium: Fortify Your WordPress Site Wordfence Security Premium equips your WordPress site with top-tier protection against cyber threats.<\/p>","protected":false},"featured_media":11662,"comment_status":"open","ping_status":"closed","template":"","meta":{"_acf_changed":false},"product_brand":[],"product_cat":[49],"product_tag":[],"class_list":{"0":"post-11670","1":"product","2":"type-product","3":"status-publish","4":"has-post-thumbnail","6":"product_cat-plugins","8":"first","9":"instock","10":"sale","11":"downloadable","12":"shipping-taxable","13":"purchasable","14":"product-type-simple"},"acf":[],"yoast_head":"<!-- This site is optimized with the Yoast SEO Premium plugin v25.6 (Yoast SEO v27.1.1) - https:\/\/yoast.com\/product\/yoast-seo-premium-wordpress\/ -->\n<title>Wordfence Security Premium - AllWin Theme \u2013 Free WordPress Themes Download<\/title>\n<meta name=\"description\" content=\"Protect your WordPress site with Wordfence Security Premium. Advanced firewall, malware scanning, and real-time threat defense for ultimate security.\" \/>\n<meta name=\"robots\" content=\"index, follow, max-snippet:-1, max-image-preview:large, max-video-preview:-1\" \/>\n<link rel=\"canonical\" href=\"https:\/\/allwintheme.com\/es\/producto\/wordfence-seguridad-premium\/\" \/>\n<meta property=\"og:locale\" content=\"es_ES\" \/>\n<meta property=\"og:type\" content=\"article\" \/>\n<meta property=\"og:title\" content=\"Wordfence Security Premium\" \/>\n<meta property=\"og:description\" content=\"Protect your WordPress site with Wordfence Security Premium. Advanced firewall, malware scanning, and real-time threat defense for ultimate security.\" \/>\n<meta property=\"og:url\" content=\"https:\/\/allwintheme.com\/es\/producto\/wordfence-seguridad-premium\/\" \/>\n<meta property=\"og:site_name\" content=\"AllWin Theme \u2013 Free WordPress Themes Download\" \/>\n<meta property=\"article:modified_time\" content=\"2025-10-24T08:03:07+00:00\" \/>\n<meta property=\"og:image\" content=\"https:\/\/allwintheme.com\/wp-content\/uploads\/2025\/10\/Wordfence-Security-Premium.png\" \/>\n\t<meta property=\"og:image:width\" content=\"600\" \/>\n\t<meta property=\"og:image:height\" content=\"300\" \/>\n\t<meta property=\"og:image:type\" content=\"image\/png\" \/>\n<meta name=\"twitter:card\" content=\"summary_large_image\" \/>\n<meta name=\"twitter:label1\" content=\"Tiempo estimado de lectura\" \/>\n\t<meta name=\"twitter:data1\" content=\"2 minutos\" \/>\n<script type=\"application\/ld+json\" class=\"yoast-schema-graph\">{\"@context\":\"https:\/\/schema.org\",\"@graph\":[{\"@type\":\"WebPage\",\"@id\":\"https:\/\/allwintheme.com\/product\/wordfence-security-premium\/\",\"url\":\"https:\/\/allwintheme.com\/product\/wordfence-security-premium\/\",\"name\":\"Wordfence Security Premium - AllWin Theme \u2013 Free WordPress Themes Download\",\"isPartOf\":{\"@id\":\"https:\/\/allwintheme.com\/#website\"},\"primaryImageOfPage\":{\"@id\":\"https:\/\/allwintheme.com\/product\/wordfence-security-premium\/#primaryimage\"},\"image\":{\"@id\":\"https:\/\/allwintheme.com\/product\/wordfence-security-premium\/#primaryimage\"},\"thumbnailUrl\":\"https:\/\/allwintheme.com\/wp-content\/uploads\/2025\/10\/Wordfence-Security-Premium.png\",\"datePublished\":\"2025-10-24T07:50:44+00:00\",\"dateModified\":\"2025-10-24T08:03:07+00:00\",\"description\":\"Protect your WordPress site with Wordfence Security Premium. Advanced firewall, malware scanning, and real-time threat defense for ultimate security.\",\"breadcrumb\":{\"@id\":\"https:\/\/allwintheme.com\/product\/wordfence-security-premium\/#breadcrumb\"},\"inLanguage\":\"es-CL\",\"potentialAction\":[{\"@type\":\"ReadAction\",\"target\":[\"https:\/\/allwintheme.com\/product\/wordfence-security-premium\/\"]}]},{\"@type\":\"ImageObject\",\"inLanguage\":\"es-CL\",\"@id\":\"https:\/\/allwintheme.com\/product\/wordfence-security-premium\/#primaryimage\",\"url\":\"https:\/\/allwintheme.com\/wp-content\/uploads\/2025\/10\/Wordfence-Security-Premium.png\",\"contentUrl\":\"https:\/\/allwintheme.com\/wp-content\/uploads\/2025\/10\/Wordfence-Security-Premium.png\",\"width\":600,\"height\":300,\"caption\":\"Wordfence Security Premium\"},{\"@type\":\"BreadcrumbList\",\"@id\":\"https:\/\/allwintheme.com\/product\/wordfence-security-premium\/#breadcrumb\",\"itemListElement\":[{\"@type\":\"ListItem\",\"position\":1,\"name\":\"Home\",\"item\":\"https:\/\/allwintheme.com\/\"},{\"@type\":\"ListItem\",\"position\":2,\"name\":\"Shop\",\"item\":\"https:\/\/allwintheme.com\/shop\/\"},{\"@type\":\"ListItem\",\"position\":3,\"name\":\"Wordfence Security Premium\"}]},{\"@type\":\"WebSite\",\"@id\":\"https:\/\/allwintheme.com\/#website\",\"url\":\"https:\/\/allwintheme.com\/\",\"name\":\"Allwintheme\",\"description\":\"Download free WordPress themes for every niche. Blogs, business, eCommerce, portfolio, restaurant and more. All themes are GPL licensed and mobile-ready.\",\"potentialAction\":[{\"@type\":\"SearchAction\",\"target\":{\"@type\":\"EntryPoint\",\"urlTemplate\":\"https:\/\/allwintheme.com\/?s={search_term_string}\"},\"query-input\":{\"@type\":\"PropertyValueSpecification\",\"valueRequired\":true,\"valueName\":\"search_term_string\"}}],\"inLanguage\":\"es-CL\"}]}<\/script>\n<!-- \/ Yoast SEO Premium plugin. -->","yoast_head_json":{"title":"Wordfence Security Premium - AllWin Theme - Free WordPress Themes Download","description":"Proteja su sitio WordPress con Wordfence Security Premium. Firewall avanzado, escaneo de malware y defensa contra amenazas en tiempo real para la m\u00e1xima seguridad.","robots":{"index":"index","follow":"follow","max-snippet":"max-snippet:-1","max-image-preview":"max-image-preview:large","max-video-preview":"max-video-preview:-1"},"canonical":"https:\/\/allwintheme.com\/es\/producto\/wordfence-seguridad-premium\/","og_locale":"es_ES","og_type":"article","og_title":"Wordfence Security Premium","og_description":"Protect your WordPress site with Wordfence Security Premium. Advanced firewall, malware scanning, and real-time threat defense for ultimate security.","og_url":"https:\/\/allwintheme.com\/es\/producto\/wordfence-seguridad-premium\/","og_site_name":"AllWin Theme \u2013 Free WordPress Themes Download","article_modified_time":"2025-10-24T08:03:07+00:00","og_image":[{"width":600,"height":300,"url":"https:\/\/allwintheme.com\/wp-content\/uploads\/2025\/10\/Wordfence-Security-Premium.png","type":"image\/png"}],"twitter_card":"summary_large_image","twitter_misc":{"Tiempo estimado de lectura":"2 minutos"},"schema":{"@context":"https:\/\/schema.org","@graph":[{"@type":"WebPage","@id":"https:\/\/allwintheme.com\/product\/wordfence-security-premium\/","url":"https:\/\/allwintheme.com\/product\/wordfence-security-premium\/","name":"Wordfence Security Premium - AllWin Theme - Free WordPress Themes Download","isPartOf":{"@id":"https:\/\/allwintheme.com\/#website"},"primaryImageOfPage":{"@id":"https:\/\/allwintheme.com\/product\/wordfence-security-premium\/#primaryimage"},"image":{"@id":"https:\/\/allwintheme.com\/product\/wordfence-security-premium\/#primaryimage"},"thumbnailUrl":"https:\/\/allwintheme.com\/wp-content\/uploads\/2025\/10\/Wordfence-Security-Premium.png","datePublished":"2025-10-24T07:50:44+00:00","dateModified":"2025-10-24T08:03:07+00:00","description":"Proteja su sitio WordPress con Wordfence Security Premium. Firewall avanzado, escaneo de malware y defensa contra amenazas en tiempo real para la m\u00e1xima seguridad.","breadcrumb":{"@id":"https:\/\/allwintheme.com\/product\/wordfence-security-premium\/#breadcrumb"},"inLanguage":"es-CL","potentialAction":[{"@type":"ReadAction","target":["https:\/\/allwintheme.com\/product\/wordfence-security-premium\/"]}]},{"@type":"ImageObject","inLanguage":"es-CL","@id":"https:\/\/allwintheme.com\/product\/wordfence-security-premium\/#primaryimage","url":"https:\/\/allwintheme.com\/wp-content\/uploads\/2025\/10\/Wordfence-Security-Premium.png","contentUrl":"https:\/\/allwintheme.com\/wp-content\/uploads\/2025\/10\/Wordfence-Security-Premium.png","width":600,"height":300,"caption":"Wordfence Security Premium"},{"@type":"BreadcrumbList","@id":"https:\/\/allwintheme.com\/product\/wordfence-security-premium\/#breadcrumb","itemListElement":[{"@type":"ListItem","position":1,"name":"Home","item":"https:\/\/allwintheme.com\/"},{"@type":"ListItem","position":2,"name":"Shop","item":"https:\/\/allwintheme.com\/shop\/"},{"@type":"ListItem","position":3,"name":"Wordfence Security Premium"}]},{"@type":"WebSite","@id":"https:\/\/allwintheme.com\/#website","url":"https:\/\/allwintheme.com\/","name":"Allwintheme","description":"Descarga gratis temas de WordPress para todos los nichos. Blogs, negocios, comercio electr\u00f3nico, portafolio, restaurante y m\u00e1s. Todos los temas tienen licencia GPL y est\u00e1n preparados para dispositivos m\u00f3viles.","potentialAction":[{"@type":"SearchAction","target":{"@type":"EntryPoint","urlTemplate":"https:\/\/allwintheme.com\/?s={search_term_string}"},"query-input":{"@type":"PropertyValueSpecification","valueRequired":true,"valueName":"search_term_string"}}],"inLanguage":"es-CL"}]}},"_links":{"self":[{"href":"https:\/\/allwintheme.com\/es\/wp-json\/wp\/v2\/product\/11670","targetHints":{"allow":["GET"]}}],"collection":[{"href":"https:\/\/allwintheme.com\/es\/wp-json\/wp\/v2\/product"}],"about":[{"href":"https:\/\/allwintheme.com\/es\/wp-json\/wp\/v2\/types\/product"}],"replies":[{"embeddable":true,"href":"https:\/\/allwintheme.com\/es\/wp-json\/wp\/v2\/comments?post=11670"}],"version-history":[{"count":8,"href":"https:\/\/allwintheme.com\/es\/wp-json\/wp\/v2\/product\/11670\/revisions"}],"predecessor-version":[{"id":11678,"href":"https:\/\/allwintheme.com\/es\/wp-json\/wp\/v2\/product\/11670\/revisions\/11678"}],"wp:featuredmedia":[{"embeddable":true,"href":"https:\/\/allwintheme.com\/es\/wp-json\/wp\/v2\/media\/11662"}],"wp:attachment":[{"href":"https:\/\/allwintheme.com\/es\/wp-json\/wp\/v2\/media?parent=11670"}],"wp:term":[{"taxonomy":"product_brand","embeddable":true,"href":"https:\/\/allwintheme.com\/es\/wp-json\/wp\/v2\/product_brand?post=11670"},{"taxonomy":"product_cat","embeddable":true,"href":"https:\/\/allwintheme.com\/es\/wp-json\/wp\/v2\/product_cat?post=11670"},{"taxonomy":"product_tag","embeddable":true,"href":"https:\/\/allwintheme.com\/es\/wp-json\/wp\/v2\/product_tag?post=11670"}],"curies":[{"name":"wp","href":"https:\/\/api.w.org\/{rel}","templated":true}]}}