{"id":11685,"date":"2025-10-24T08:11:00","date_gmt":"2025-10-24T08:11:00","guid":{"rendered":"https:\/\/allwintheme.com\/?post_type=product&#038;p=11685"},"modified":"2025-10-24T08:24:16","modified_gmt":"2025-10-24T08:24:16","slug":"realmente-simple-ssl-pro","status":"publish","type":"product","link":"https:\/\/allwintheme.com\/es\/producto\/realmente-simple-ssl-pro\/","title":{"rendered":"Realmente Simple SSL Pro"},"content":{"rendered":"<div data-elementor-type=\"wp-post\" data-elementor-id=\"11685\" class=\"elementor elementor-11685\" data-elementor-settings=\"{&quot;element_pack_global_tooltip_width&quot;:{&quot;unit&quot;:&quot;px&quot;,&quot;size&quot;:&quot;&quot;,&quot;sizes&quot;:[]},&quot;element_pack_global_tooltip_width_tablet&quot;:{&quot;unit&quot;:&quot;px&quot;,&quot;size&quot;:&quot;&quot;,&quot;sizes&quot;:[]},&quot;element_pack_global_tooltip_width_mobile&quot;:{&quot;unit&quot;:&quot;px&quot;,&quot;size&quot;:&quot;&quot;,&quot;sizes&quot;:[]},&quot;element_pack_global_tooltip_padding&quot;:{&quot;unit&quot;:&quot;px&quot;,&quot;top&quot;:&quot;&quot;,&quot;right&quot;:&quot;&quot;,&quot;bottom&quot;:&quot;&quot;,&quot;left&quot;:&quot;&quot;,&quot;isLinked&quot;:true},&quot;element_pack_global_tooltip_padding_tablet&quot;:{&quot;unit&quot;:&quot;px&quot;,&quot;top&quot;:&quot;&quot;,&quot;right&quot;:&quot;&quot;,&quot;bottom&quot;:&quot;&quot;,&quot;left&quot;:&quot;&quot;,&quot;isLinked&quot;:true},&quot;element_pack_global_tooltip_padding_mobile&quot;:{&quot;unit&quot;:&quot;px&quot;,&quot;top&quot;:&quot;&quot;,&quot;right&quot;:&quot;&quot;,&quot;bottom&quot;:&quot;&quot;,&quot;left&quot;:&quot;&quot;,&quot;isLinked&quot;:true},&quot;element_pack_global_tooltip_border_radius&quot;:{&quot;unit&quot;:&quot;px&quot;,&quot;top&quot;:&quot;&quot;,&quot;right&quot;:&quot;&quot;,&quot;bottom&quot;:&quot;&quot;,&quot;left&quot;:&quot;&quot;,&quot;isLinked&quot;:true},&quot;element_pack_global_tooltip_border_radius_tablet&quot;:{&quot;unit&quot;:&quot;px&quot;,&quot;top&quot;:&quot;&quot;,&quot;right&quot;:&quot;&quot;,&quot;bottom&quot;:&quot;&quot;,&quot;left&quot;:&quot;&quot;,&quot;isLinked&quot;:true},&quot;element_pack_global_tooltip_border_radius_mobile&quot;:{&quot;unit&quot;:&quot;px&quot;,&quot;top&quot;:&quot;&quot;,&quot;right&quot;:&quot;&quot;,&quot;bottom&quot;:&quot;&quot;,&quot;left&quot;:&quot;&quot;,&quot;isLinked&quot;:true}}\" data-elementor-post-type=\"product\">\n\t\t\t\t<div class=\"wd-negative-gap elementor-element elementor-element-116794f e-flex e-con-boxed e-con e-parent\" data-id=\"116794f\" data-element_type=\"container\" data-e-type=\"container\">\n\t\t\t\t\t<div class=\"e-con-inner\">\n\t\t\t\t<div class=\"elementor-element elementor-element-03d2133 elementor-widget elementor-widget-wd_text_block\" data-id=\"03d2133\" data-element_type=\"widget\" data-e-type=\"widget\" data-widget_type=\"wd_text_block.default\">\n\t\t\t\t<div class=\"elementor-widget-container\">\n\t\t\t\t\t\t\t<div class=\"wd-text-block reset-last-child text-left\">\n\t\t\t\n\t\t\t<h2>Really Simple SSL Pro: Simplifique y refuerce la seguridad de su sitio web<\/h2>\n<p><strong>Realmente Simple SSL Pro<\/strong> transforma el complejo proceso de proteger su sitio de WordPress en una experiencia perfecta. Por ejemplo, los propietarios y desarrolladores de sitios web utilizan activamente este plugin para automatizar la integraci\u00f3n de certificados SSL. De este modo, te aseguras un sitio totalmente seguro y habilitado para HTTPS sin quebraderos de cabeza t\u00e9cnicos, lo que aumenta la confianza de los usuarios y el posicionamiento SEO.<\/p>\n\n<h3>Implantaci\u00f3n de SSL sin esfuerzo<\/h3>\n<p>Really Simple SSL Pro se encarga del trabajo pesado de la configuraci\u00f3n SSL. Usted activa el plugin y \u00e9ste configura autom\u00e1ticamente su sitio para HTTPS, redirige el tr\u00e1fico HTTP y soluciona los problemas de contenido mixto. Adem\u00e1s, optimiza la configuraci\u00f3n de seguridad de su sitio, para que pueda centrarse en el funcionamiento de su negocio en lugar de solucionar problemas.<\/p>\n\n<h3>\u00bfPor qu\u00e9 elegir Really Simple SSL Pro?<\/h3>\n<ul>\n    <li><strong>Configuraci\u00f3n autom\u00e1tica de SSL:<\/strong> El plugin configura HTTPS y resuelve errores de contenido mixto con el m\u00ednimo esfuerzo.<\/li>\n    <li><strong>Cabeceras de seguridad avanzadas:<\/strong> Usted mejora la protecci\u00f3n con HSTS, CSP y otras s\u00f3lidas funciones de seguridad.<\/li>\n    <li><strong>Supervisi\u00f3n en tiempo real:<\/strong> El plugin busca vulnerabilidades y sugiere correcciones para mantener su sitio seguro.<\/li>\n    <li><strong>Optimizaci\u00f3n del rendimiento:<\/strong> Las funciones HTTP\/2 push y preload aceleran su sitio seguro.<\/li>\n    <li><strong>Soporte multisitio:<\/strong> Gestione SSL en varios sitios de WordPress sin esfuerzo.<\/li>\n<\/ul>\n\n<h3>Aumente la seguridad y la confianza de los usuarios<\/h3>\n<p>Con Really Simple SSL Pro, proteger\u00e1 datos confidenciales como los de inicio de sesi\u00f3n y pago. Por ejemplo, sus avanzadas cabeceras de seguridad protegen contra amenazas comunes como los ataques XSS. Como resultado, los visitantes ven el icono del candado de confianza, lo que les anima a interactuar con su sitio con confianza.<\/p>\n\n<h3>Ventajas de SEO y rendimiento<\/h3>\n<p>Los motores de b\u00fasqueda dan prioridad a los sitios HTTPS, y este plugin garantiza el cumplimiento de las mejores pr\u00e1cticas. Adem\u00e1s, funciones como la precarga HSTS y la optimizaci\u00f3n HTTP\/2 mejoran los tiempos de carga, mejorando la experiencia del usuario. Por lo tanto, atraes m\u00e1s tr\u00e1fico org\u00e1nico mientras mantienes tu sitio r\u00e1pido y seguro.<\/p>\n\n<h3>Proteja su sitio web hoy mismo<\/h3>\n<p>Aumente la seguridad de su sitio WordPress con <strong>Realmente Simple SSL Pro<\/strong>. Con una instalaci\u00f3n de un solo clic y potentes herramientas, proteger\u00e1 a sus usuarios y mejorar\u00e1 el rendimiento sin esfuerzo. Inst\u00e1lelo ahora y convierta su sitio en un destino seguro y de confianza.\n\t\t\t\t\t<\/div>\n\t\t\t\t\t\t<\/div>\n\t\t\t\t<\/div>\n\t\t\t\t\t<\/div>\n\t\t\t\t<\/div>\n\t\t<div class=\"elementor-element elementor-element-c25ccef e-con-full e-flex e-con e-parent\" data-id=\"c25ccef\" data-element_type=\"container\" data-e-type=\"container\">\n\t\t\t\t<div class=\"elementor-element elementor-element-956e52a elementor-widget elementor-widget-video\" data-id=\"956e52a\" data-element_type=\"widget\" data-e-type=\"widget\" data-settings=\"{&quot;youtube_url&quot;:&quot;https:\\\/\\\/youtu.be\\\/0EyVfeJCOks&quot;,&quot;video_type&quot;:&quot;youtube&quot;,&quot;controls&quot;:&quot;yes&quot;}\" data-widget_type=\"video.default\">\n\t\t\t\t\t\t\t<div class=\"elementor-wrapper elementor-open-inline\">\n\t\t\t<div class=\"elementor-video\"><\/div>\t\t<\/div>\n\t\t\t\t\t\t<\/div>\n\t\t\t\t<\/div>\n\t\t\t\t<\/div>","protected":false},"excerpt":{"rendered":"<p>Really Simple SSL Pro: Simplify and Strengthen Your Site\u2019s Security Really Simple SSL Pro transforms the complex process of securing<\/p>","protected":false},"featured_media":11660,"comment_status":"open","ping_status":"closed","template":"","meta":{"_acf_changed":false},"product_brand":[],"product_cat":[49],"product_tag":[],"class_list":{"0":"post-11685","1":"product","2":"type-product","3":"status-publish","4":"has-post-thumbnail","6":"product_cat-plugins","8":"first","9":"instock","10":"sale","11":"downloadable","12":"shipping-taxable","13":"purchasable","14":"product-type-simple"},"acf":[],"yoast_head":"<!-- This site is optimized with the Yoast SEO Premium plugin v25.6 (Yoast SEO v27.1.1) - https:\/\/yoast.com\/product\/yoast-seo-premium-wordpress\/ -->\n<title>Really Simple SSL Pro - AllWin Theme \u2013 Free WordPress Themes Download<\/title>\n<meta name=\"description\" content=\"Secure your WordPress site effortlessly with Really Simple SSL Pro. Automate SSL setup, enhance security, and optimize performance.\" \/>\n<meta name=\"robots\" content=\"index, follow, max-snippet:-1, max-image-preview:large, max-video-preview:-1\" \/>\n<link rel=\"canonical\" href=\"https:\/\/allwintheme.com\/es\/producto\/realmente-simple-ssl-pro\/\" \/>\n<meta property=\"og:locale\" content=\"es_ES\" \/>\n<meta property=\"og:type\" content=\"article\" \/>\n<meta property=\"og:title\" content=\"Really Simple SSL Pro\" \/>\n<meta property=\"og:description\" content=\"Secure your WordPress site effortlessly with Really Simple SSL Pro. Automate SSL setup, enhance security, and optimize performance.\" \/>\n<meta property=\"og:url\" content=\"https:\/\/allwintheme.com\/es\/producto\/realmente-simple-ssl-pro\/\" \/>\n<meta property=\"og:site_name\" content=\"AllWin Theme \u2013 Free WordPress Themes Download\" \/>\n<meta property=\"article:modified_time\" content=\"2025-10-24T08:24:16+00:00\" \/>\n<meta property=\"og:image\" content=\"https:\/\/allwintheme.com\/wp-content\/uploads\/2025\/10\/Really-Simple-SSL-Pro.png\" \/>\n\t<meta property=\"og:image:width\" content=\"590\" \/>\n\t<meta property=\"og:image:height\" content=\"300\" \/>\n\t<meta property=\"og:image:type\" content=\"image\/png\" \/>\n<meta name=\"twitter:card\" content=\"summary_large_image\" \/>\n<meta name=\"twitter:label1\" content=\"Tiempo estimado de lectura\" \/>\n\t<meta name=\"twitter:data1\" content=\"2 minutos\" \/>\n<script type=\"application\/ld+json\" class=\"yoast-schema-graph\">{\"@context\":\"https:\/\/schema.org\",\"@graph\":[{\"@type\":\"WebPage\",\"@id\":\"https:\/\/allwintheme.com\/product\/really-simple-ssl-pro\/\",\"url\":\"https:\/\/allwintheme.com\/product\/really-simple-ssl-pro\/\",\"name\":\"Really Simple SSL Pro - AllWin Theme \u2013 Free WordPress Themes Download\",\"isPartOf\":{\"@id\":\"https:\/\/allwintheme.com\/#website\"},\"primaryImageOfPage\":{\"@id\":\"https:\/\/allwintheme.com\/product\/really-simple-ssl-pro\/#primaryimage\"},\"image\":{\"@id\":\"https:\/\/allwintheme.com\/product\/really-simple-ssl-pro\/#primaryimage\"},\"thumbnailUrl\":\"https:\/\/allwintheme.com\/wp-content\/uploads\/2025\/10\/Really-Simple-SSL-Pro.png\",\"datePublished\":\"2025-10-24T08:11:00+00:00\",\"dateModified\":\"2025-10-24T08:24:16+00:00\",\"description\":\"Secure your WordPress site effortlessly with Really Simple SSL Pro. Automate SSL setup, enhance security, and optimize performance.\",\"breadcrumb\":{\"@id\":\"https:\/\/allwintheme.com\/product\/really-simple-ssl-pro\/#breadcrumb\"},\"inLanguage\":\"es-CL\",\"potentialAction\":[{\"@type\":\"ReadAction\",\"target\":[\"https:\/\/allwintheme.com\/product\/really-simple-ssl-pro\/\"]}]},{\"@type\":\"ImageObject\",\"inLanguage\":\"es-CL\",\"@id\":\"https:\/\/allwintheme.com\/product\/really-simple-ssl-pro\/#primaryimage\",\"url\":\"https:\/\/allwintheme.com\/wp-content\/uploads\/2025\/10\/Really-Simple-SSL-Pro.png\",\"contentUrl\":\"https:\/\/allwintheme.com\/wp-content\/uploads\/2025\/10\/Really-Simple-SSL-Pro.png\",\"width\":590,\"height\":300,\"caption\":\"Really Simple SSL Pro\"},{\"@type\":\"BreadcrumbList\",\"@id\":\"https:\/\/allwintheme.com\/product\/really-simple-ssl-pro\/#breadcrumb\",\"itemListElement\":[{\"@type\":\"ListItem\",\"position\":1,\"name\":\"Home\",\"item\":\"https:\/\/allwintheme.com\/\"},{\"@type\":\"ListItem\",\"position\":2,\"name\":\"Shop\",\"item\":\"https:\/\/allwintheme.com\/shop\/\"},{\"@type\":\"ListItem\",\"position\":3,\"name\":\"Really Simple SSL Pro\"}]},{\"@type\":\"WebSite\",\"@id\":\"https:\/\/allwintheme.com\/#website\",\"url\":\"https:\/\/allwintheme.com\/\",\"name\":\"Allwintheme\",\"description\":\"Download free WordPress themes for every niche. Blogs, business, eCommerce, portfolio, restaurant and more. All themes are GPL licensed and mobile-ready.\",\"potentialAction\":[{\"@type\":\"SearchAction\",\"target\":{\"@type\":\"EntryPoint\",\"urlTemplate\":\"https:\/\/allwintheme.com\/?s={search_term_string}\"},\"query-input\":{\"@type\":\"PropertyValueSpecification\",\"valueRequired\":true,\"valueName\":\"search_term_string\"}}],\"inLanguage\":\"es-CL\"}]}<\/script>\n<!-- \/ Yoast SEO Premium plugin. -->","yoast_head_json":{"title":"Really Simple SSL Pro - AllWin Theme \u2013 Free WordPress Themes Download","description":"Proteja su sitio WordPress sin esfuerzo con Really Simple SSL Pro. Automatiza la configuraci\u00f3n SSL, mejora la seguridad y optimiza el rendimiento.","robots":{"index":"index","follow":"follow","max-snippet":"max-snippet:-1","max-image-preview":"max-image-preview:large","max-video-preview":"max-video-preview:-1"},"canonical":"https:\/\/allwintheme.com\/es\/producto\/realmente-simple-ssl-pro\/","og_locale":"es_ES","og_type":"article","og_title":"Really Simple SSL Pro","og_description":"Secure your WordPress site effortlessly with Really Simple SSL Pro. Automate SSL setup, enhance security, and optimize performance.","og_url":"https:\/\/allwintheme.com\/es\/producto\/realmente-simple-ssl-pro\/","og_site_name":"AllWin Theme \u2013 Free WordPress Themes Download","article_modified_time":"2025-10-24T08:24:16+00:00","og_image":[{"width":590,"height":300,"url":"https:\/\/allwintheme.com\/wp-content\/uploads\/2025\/10\/Really-Simple-SSL-Pro.png","type":"image\/png"}],"twitter_card":"summary_large_image","twitter_misc":{"Tiempo estimado de lectura":"2 minutos"},"schema":{"@context":"https:\/\/schema.org","@graph":[{"@type":"WebPage","@id":"https:\/\/allwintheme.com\/product\/really-simple-ssl-pro\/","url":"https:\/\/allwintheme.com\/product\/really-simple-ssl-pro\/","name":"Really Simple SSL Pro - AllWin Theme \u2013 Free WordPress Themes Download","isPartOf":{"@id":"https:\/\/allwintheme.com\/#website"},"primaryImageOfPage":{"@id":"https:\/\/allwintheme.com\/product\/really-simple-ssl-pro\/#primaryimage"},"image":{"@id":"https:\/\/allwintheme.com\/product\/really-simple-ssl-pro\/#primaryimage"},"thumbnailUrl":"https:\/\/allwintheme.com\/wp-content\/uploads\/2025\/10\/Really-Simple-SSL-Pro.png","datePublished":"2025-10-24T08:11:00+00:00","dateModified":"2025-10-24T08:24:16+00:00","description":"Proteja su sitio WordPress sin esfuerzo con Really Simple SSL Pro. Automatiza la configuraci\u00f3n SSL, mejora la seguridad y optimiza el rendimiento.","breadcrumb":{"@id":"https:\/\/allwintheme.com\/product\/really-simple-ssl-pro\/#breadcrumb"},"inLanguage":"es-CL","potentialAction":[{"@type":"ReadAction","target":["https:\/\/allwintheme.com\/product\/really-simple-ssl-pro\/"]}]},{"@type":"ImageObject","inLanguage":"es-CL","@id":"https:\/\/allwintheme.com\/product\/really-simple-ssl-pro\/#primaryimage","url":"https:\/\/allwintheme.com\/wp-content\/uploads\/2025\/10\/Really-Simple-SSL-Pro.png","contentUrl":"https:\/\/allwintheme.com\/wp-content\/uploads\/2025\/10\/Really-Simple-SSL-Pro.png","width":590,"height":300,"caption":"Really Simple SSL Pro"},{"@type":"BreadcrumbList","@id":"https:\/\/allwintheme.com\/product\/really-simple-ssl-pro\/#breadcrumb","itemListElement":[{"@type":"ListItem","position":1,"name":"Home","item":"https:\/\/allwintheme.com\/"},{"@type":"ListItem","position":2,"name":"Shop","item":"https:\/\/allwintheme.com\/shop\/"},{"@type":"ListItem","position":3,"name":"Really Simple SSL Pro"}]},{"@type":"WebSite","@id":"https:\/\/allwintheme.com\/#website","url":"https:\/\/allwintheme.com\/","name":"Allwintheme","description":"Descarga gratis temas de WordPress para todos los nichos. Blogs, negocios, comercio electr\u00f3nico, portafolio, restaurante y m\u00e1s. Todos los temas tienen licencia GPL y est\u00e1n preparados para dispositivos m\u00f3viles.","potentialAction":[{"@type":"SearchAction","target":{"@type":"EntryPoint","urlTemplate":"https:\/\/allwintheme.com\/?s={search_term_string}"},"query-input":{"@type":"PropertyValueSpecification","valueRequired":true,"valueName":"search_term_string"}}],"inLanguage":"es-CL"}]}},"_links":{"self":[{"href":"https:\/\/allwintheme.com\/es\/wp-json\/wp\/v2\/product\/11685","targetHints":{"allow":["GET"]}}],"collection":[{"href":"https:\/\/allwintheme.com\/es\/wp-json\/wp\/v2\/product"}],"about":[{"href":"https:\/\/allwintheme.com\/es\/wp-json\/wp\/v2\/types\/product"}],"replies":[{"embeddable":true,"href":"https:\/\/allwintheme.com\/es\/wp-json\/wp\/v2\/comments?post=11685"}],"version-history":[{"count":8,"href":"https:\/\/allwintheme.com\/es\/wp-json\/wp\/v2\/product\/11685\/revisions"}],"predecessor-version":[{"id":11693,"href":"https:\/\/allwintheme.com\/es\/wp-json\/wp\/v2\/product\/11685\/revisions\/11693"}],"wp:featuredmedia":[{"embeddable":true,"href":"https:\/\/allwintheme.com\/es\/wp-json\/wp\/v2\/media\/11660"}],"wp:attachment":[{"href":"https:\/\/allwintheme.com\/es\/wp-json\/wp\/v2\/media?parent=11685"}],"wp:term":[{"taxonomy":"product_brand","embeddable":true,"href":"https:\/\/allwintheme.com\/es\/wp-json\/wp\/v2\/product_brand?post=11685"},{"taxonomy":"product_cat","embeddable":true,"href":"https:\/\/allwintheme.com\/es\/wp-json\/wp\/v2\/product_cat?post=11685"},{"taxonomy":"product_tag","embeddable":true,"href":"https:\/\/allwintheme.com\/es\/wp-json\/wp\/v2\/product_tag?post=11685"}],"curies":[{"name":"wp","href":"https:\/\/api.w.org\/{rel}","templated":true}]}}