{"id":11700,"date":"2025-10-24T13:15:43","date_gmt":"2025-10-24T13:15:43","guid":{"rendered":"https:\/\/allwintheme.com\/?post_type=product&#038;p=11700"},"modified":"2025-10-24T13:21:11","modified_gmt":"2025-10-24T13:21:11","slug":"wpml-cms-navigation-addon","status":"publish","type":"product","link":"https:\/\/allwintheme.com\/es\/producto\/wpml-cms-navigation-addon\/","title":{"rendered":"WPML CMS Navegaci\u00f3n Addon"},"content":{"rendered":"<div data-elementor-type=\"wp-post\" data-elementor-id=\"11700\" class=\"elementor elementor-11700\" data-elementor-settings=\"{&quot;element_pack_global_tooltip_width&quot;:{&quot;unit&quot;:&quot;px&quot;,&quot;size&quot;:&quot;&quot;,&quot;sizes&quot;:[]},&quot;element_pack_global_tooltip_width_tablet&quot;:{&quot;unit&quot;:&quot;px&quot;,&quot;size&quot;:&quot;&quot;,&quot;sizes&quot;:[]},&quot;element_pack_global_tooltip_width_mobile&quot;:{&quot;unit&quot;:&quot;px&quot;,&quot;size&quot;:&quot;&quot;,&quot;sizes&quot;:[]},&quot;element_pack_global_tooltip_padding&quot;:{&quot;unit&quot;:&quot;px&quot;,&quot;top&quot;:&quot;&quot;,&quot;right&quot;:&quot;&quot;,&quot;bottom&quot;:&quot;&quot;,&quot;left&quot;:&quot;&quot;,&quot;isLinked&quot;:true},&quot;element_pack_global_tooltip_padding_tablet&quot;:{&quot;unit&quot;:&quot;px&quot;,&quot;top&quot;:&quot;&quot;,&quot;right&quot;:&quot;&quot;,&quot;bottom&quot;:&quot;&quot;,&quot;left&quot;:&quot;&quot;,&quot;isLinked&quot;:true},&quot;element_pack_global_tooltip_padding_mobile&quot;:{&quot;unit&quot;:&quot;px&quot;,&quot;top&quot;:&quot;&quot;,&quot;right&quot;:&quot;&quot;,&quot;bottom&quot;:&quot;&quot;,&quot;left&quot;:&quot;&quot;,&quot;isLinked&quot;:true},&quot;element_pack_global_tooltip_border_radius&quot;:{&quot;unit&quot;:&quot;px&quot;,&quot;top&quot;:&quot;&quot;,&quot;right&quot;:&quot;&quot;,&quot;bottom&quot;:&quot;&quot;,&quot;left&quot;:&quot;&quot;,&quot;isLinked&quot;:true},&quot;element_pack_global_tooltip_border_radius_tablet&quot;:{&quot;unit&quot;:&quot;px&quot;,&quot;top&quot;:&quot;&quot;,&quot;right&quot;:&quot;&quot;,&quot;bottom&quot;:&quot;&quot;,&quot;left&quot;:&quot;&quot;,&quot;isLinked&quot;:true},&quot;element_pack_global_tooltip_border_radius_mobile&quot;:{&quot;unit&quot;:&quot;px&quot;,&quot;top&quot;:&quot;&quot;,&quot;right&quot;:&quot;&quot;,&quot;bottom&quot;:&quot;&quot;,&quot;left&quot;:&quot;&quot;,&quot;isLinked&quot;:true}}\" data-elementor-post-type=\"product\">\n\t\t\t\t<div class=\"wd-negative-gap elementor-element elementor-element-116794f e-flex e-con-boxed e-con e-parent\" data-id=\"116794f\" data-element_type=\"container\" data-e-type=\"container\">\n\t\t\t\t\t<div class=\"e-con-inner\">\n\t\t\t\t<div class=\"elementor-element elementor-element-03d2133 elementor-widget elementor-widget-wd_text_block\" data-id=\"03d2133\" data-element_type=\"widget\" data-e-type=\"widget\" data-widget_type=\"wd_text_block.default\">\n\t\t\t\t<div class=\"elementor-widget-container\">\n\t\t\t\t\t\t\t<div class=\"wd-text-block reset-last-child text-left\">\n\t\t\t\n\t\t\t<h2>WPML CMS Navegaci\u00f3n Addon<\/h2>\n<p>WPML CMS Navigation Addon ayuda a los usuarios de WordPress a gestionar la navegaci\u00f3n multiling\u00fce con facilidad. Mejora su sitio web a\u00f1adiendo men\u00fas, migas de pan y herramientas de navegaci\u00f3n en la barra lateral, lo que permite a los visitantes navegar por el contenido sin problemas en diferentes idiomas.<\/p>\n\n<h3>Navegaci\u00f3n clara y f\u00e1cil<\/h3>\n<p>Este complemento le ofrece un mayor control sobre la forma en que los usuarios se mueven por su sitio. Adem\u00e1s, le permite crear men\u00fas de navegaci\u00f3n personalizados y migas de pan estructuradas, para que su p\u00fablico pueda saber en todo momento d\u00f3nde se encuentra y qu\u00e9 contenido est\u00e1 disponible a continuaci\u00f3n.<\/p>\n\n<h3>Integraci\u00f3n perfecta con WPML<\/h3>\n<p>Los usuarios de WPML pueden activar el complemento y empezar a gestionar inmediatamente las opciones de navegaci\u00f3n para cada idioma. Adem\u00e1s, puedes mostrar men\u00fas y widgets de barra lateral espec\u00edficos para cada idioma, lo que ayuda a crear una experiencia a medida para los visitantes globales.<\/p>\n\n<h3>Flexible y f\u00e1cil de configurar<\/h3>\n<p>Puede personalizar los ajustes de navegaci\u00f3n directamente desde el panel de control de WordPress. Adem\u00e1s, el complemento admite estructuras de sitios complejas, por lo que es adecuado para blogs, sitios web corporativos y grandes plataformas multiling\u00fces.<\/p>\n\n<h3>Caracter\u00edsticas principales<\/h3>\n<ul>\n  <li>Opciones de navegaci\u00f3n multiling\u00fce mejoradas<\/li>\n  <li>Men\u00fas personalizados y migas de pan<\/li>\n  <li>Widgets de navegaci\u00f3n de la barra lateral<\/li>\n  <li>Compatibilidad total con WPML<\/li>\n  <li>Configuraci\u00f3n sencilla y controles intuitivos<\/li>\n<\/ul>\n\n<p>Con el Complemento de Navegaci\u00f3n WPML CMS, puede mejorar la usabilidad del sitio web, guiar a los usuarios de forma m\u00e1s eficaz y garantizar una experiencia de navegaci\u00f3n fluida en varios idiomas.<\/p>\n\t\t\t\t\t<\/div>\n\t\t\t\t\t\t<\/div>\n\t\t\t\t<\/div>\n\t\t\t\t\t<\/div>\n\t\t\t\t<\/div>\n\t\t<div class=\"elementor-element elementor-element-c25ccef e-con-full e-flex e-con e-parent\" data-id=\"c25ccef\" data-element_type=\"container\" data-e-type=\"container\">\n\t\t\t\t<div class=\"elementor-element elementor-element-956e52a elementor-widget elementor-widget-video\" data-id=\"956e52a\" data-element_type=\"widget\" data-e-type=\"widget\" data-settings=\"{&quot;youtube_url&quot;:&quot;https:\\\/\\\/youtu.be\\\/D6rPyeagfJs&quot;,&quot;video_type&quot;:&quot;youtube&quot;,&quot;controls&quot;:&quot;yes&quot;}\" data-widget_type=\"video.default\">\n\t\t\t\t\t\t\t<div class=\"elementor-wrapper elementor-open-inline\">\n\t\t\t<div class=\"elementor-video\"><\/div>\t\t<\/div>\n\t\t\t\t\t\t<\/div>\n\t\t\t\t<\/div>\n\t\t\t\t<\/div>","protected":false},"excerpt":{"rendered":"<p>WPML CMS Navigation Addon The WPML CMS Navigation Addon helps WordPress users manage multilingual navigation with ease. It enhances your<\/p>","protected":false},"featured_media":11658,"comment_status":"open","ping_status":"closed","template":"","meta":{"_acf_changed":false},"product_brand":[],"product_cat":[49],"product_tag":[],"class_list":{"0":"post-11700","1":"product","2":"type-product","3":"status-publish","4":"has-post-thumbnail","6":"product_cat-plugins","8":"first","9":"instock","10":"sale","11":"downloadable","12":"shipping-taxable","13":"purchasable","14":"product-type-simple"},"acf":[],"yoast_head":"<!-- This site is optimized with the Yoast SEO Premium plugin v25.6 (Yoast SEO v27.1.1) - https:\/\/yoast.com\/product\/yoast-seo-premium-wordpress\/ -->\n<title>WPML CMS Navigation Addon - AllWin Theme \u2013 Free WordPress Themes Download<\/title>\n<meta name=\"description\" content=\"Improve multilingual site navigation with the WPML CMS Navigation Addon, offering menus, breadcrumbs, and sidebar navigation for better user experience.\" \/>\n<meta name=\"robots\" content=\"index, follow, max-snippet:-1, max-image-preview:large, max-video-preview:-1\" \/>\n<link rel=\"canonical\" href=\"https:\/\/allwintheme.com\/es\/producto\/wpml-cms-navigation-addon\/\" \/>\n<meta property=\"og:locale\" content=\"es_ES\" \/>\n<meta property=\"og:type\" content=\"article\" \/>\n<meta property=\"og:title\" content=\"WPML CMS Navigation Addon\" \/>\n<meta property=\"og:description\" content=\"Improve multilingual site navigation with the WPML CMS Navigation Addon, offering menus, breadcrumbs, and sidebar navigation for better user experience.\" \/>\n<meta property=\"og:url\" content=\"https:\/\/allwintheme.com\/es\/producto\/wpml-cms-navigation-addon\/\" \/>\n<meta property=\"og:site_name\" content=\"AllWin Theme \u2013 Free WordPress Themes Download\" \/>\n<meta property=\"article:modified_time\" content=\"2025-10-24T13:21:11+00:00\" \/>\n<meta property=\"og:image\" content=\"https:\/\/allwintheme.com\/wp-content\/uploads\/2025\/10\/WPML-CMS-Navigation-Addon.png\" \/>\n\t<meta property=\"og:image:width\" content=\"712\" \/>\n\t<meta property=\"og:image:height\" content=\"474\" \/>\n\t<meta property=\"og:image:type\" content=\"image\/png\" \/>\n<meta name=\"twitter:card\" content=\"summary_large_image\" \/>\n<meta name=\"twitter:label1\" content=\"Tiempo estimado de lectura\" \/>\n\t<meta name=\"twitter:data1\" content=\"2 minutos\" \/>\n<script type=\"application\/ld+json\" class=\"yoast-schema-graph\">{\"@context\":\"https:\/\/schema.org\",\"@graph\":[{\"@type\":\"WebPage\",\"@id\":\"https:\/\/allwintheme.com\/product\/wpml-cms-navigation-addon\/\",\"url\":\"https:\/\/allwintheme.com\/product\/wpml-cms-navigation-addon\/\",\"name\":\"WPML CMS Navigation Addon - AllWin Theme \u2013 Free WordPress Themes Download\",\"isPartOf\":{\"@id\":\"https:\/\/allwintheme.com\/#website\"},\"primaryImageOfPage\":{\"@id\":\"https:\/\/allwintheme.com\/product\/wpml-cms-navigation-addon\/#primaryimage\"},\"image\":{\"@id\":\"https:\/\/allwintheme.com\/product\/wpml-cms-navigation-addon\/#primaryimage\"},\"thumbnailUrl\":\"https:\/\/allwintheme.com\/wp-content\/uploads\/2025\/10\/WPML-CMS-Navigation-Addon.png\",\"datePublished\":\"2025-10-24T13:15:43+00:00\",\"dateModified\":\"2025-10-24T13:21:11+00:00\",\"description\":\"Improve multilingual site navigation with the WPML CMS Navigation Addon, offering menus, breadcrumbs, and sidebar navigation for better user experience.\",\"breadcrumb\":{\"@id\":\"https:\/\/allwintheme.com\/product\/wpml-cms-navigation-addon\/#breadcrumb\"},\"inLanguage\":\"es-CL\",\"potentialAction\":[{\"@type\":\"ReadAction\",\"target\":[\"https:\/\/allwintheme.com\/product\/wpml-cms-navigation-addon\/\"]}]},{\"@type\":\"ImageObject\",\"inLanguage\":\"es-CL\",\"@id\":\"https:\/\/allwintheme.com\/product\/wpml-cms-navigation-addon\/#primaryimage\",\"url\":\"https:\/\/allwintheme.com\/wp-content\/uploads\/2025\/10\/WPML-CMS-Navigation-Addon.png\",\"contentUrl\":\"https:\/\/allwintheme.com\/wp-content\/uploads\/2025\/10\/WPML-CMS-Navigation-Addon.png\",\"width\":712,\"height\":474,\"caption\":\"WPML CMS Navigation Addon\"},{\"@type\":\"BreadcrumbList\",\"@id\":\"https:\/\/allwintheme.com\/product\/wpml-cms-navigation-addon\/#breadcrumb\",\"itemListElement\":[{\"@type\":\"ListItem\",\"position\":1,\"name\":\"Home\",\"item\":\"https:\/\/allwintheme.com\/\"},{\"@type\":\"ListItem\",\"position\":2,\"name\":\"Shop\",\"item\":\"https:\/\/allwintheme.com\/shop\/\"},{\"@type\":\"ListItem\",\"position\":3,\"name\":\"WPML CMS Navigation Addon\"}]},{\"@type\":\"WebSite\",\"@id\":\"https:\/\/allwintheme.com\/#website\",\"url\":\"https:\/\/allwintheme.com\/\",\"name\":\"Allwintheme\",\"description\":\"Download free WordPress themes for every niche. Blogs, business, eCommerce, portfolio, restaurant and more. All themes are GPL licensed and mobile-ready.\",\"potentialAction\":[{\"@type\":\"SearchAction\",\"target\":{\"@type\":\"EntryPoint\",\"urlTemplate\":\"https:\/\/allwintheme.com\/?s={search_term_string}\"},\"query-input\":{\"@type\":\"PropertyValueSpecification\",\"valueRequired\":true,\"valueName\":\"search_term_string\"}}],\"inLanguage\":\"es-CL\"}]}<\/script>\n<!-- \/ Yoast SEO Premium plugin. -->","yoast_head_json":{"title":"WPML CMS Navigation Addon - AllWin Theme - Free WordPress Themes Download","description":"Mejore la navegaci\u00f3n de su sitio multiling\u00fce con el Complemento WPML CMS Navigation, que ofrece men\u00fas, migas de pan y navegaci\u00f3n en la barra lateral para mejorar la experiencia del usuario.","robots":{"index":"index","follow":"follow","max-snippet":"max-snippet:-1","max-image-preview":"max-image-preview:large","max-video-preview":"max-video-preview:-1"},"canonical":"https:\/\/allwintheme.com\/es\/producto\/wpml-cms-navigation-addon\/","og_locale":"es_ES","og_type":"article","og_title":"WPML CMS Navigation Addon","og_description":"Improve multilingual site navigation with the WPML CMS Navigation Addon, offering menus, breadcrumbs, and sidebar navigation for better user experience.","og_url":"https:\/\/allwintheme.com\/es\/producto\/wpml-cms-navigation-addon\/","og_site_name":"AllWin Theme \u2013 Free WordPress Themes Download","article_modified_time":"2025-10-24T13:21:11+00:00","og_image":[{"width":712,"height":474,"url":"https:\/\/allwintheme.com\/wp-content\/uploads\/2025\/10\/WPML-CMS-Navigation-Addon.png","type":"image\/png"}],"twitter_card":"summary_large_image","twitter_misc":{"Tiempo estimado de lectura":"2 minutos"},"schema":{"@context":"https:\/\/schema.org","@graph":[{"@type":"WebPage","@id":"https:\/\/allwintheme.com\/product\/wpml-cms-navigation-addon\/","url":"https:\/\/allwintheme.com\/product\/wpml-cms-navigation-addon\/","name":"WPML CMS Navigation Addon - AllWin Theme - Free WordPress Themes Download","isPartOf":{"@id":"https:\/\/allwintheme.com\/#website"},"primaryImageOfPage":{"@id":"https:\/\/allwintheme.com\/product\/wpml-cms-navigation-addon\/#primaryimage"},"image":{"@id":"https:\/\/allwintheme.com\/product\/wpml-cms-navigation-addon\/#primaryimage"},"thumbnailUrl":"https:\/\/allwintheme.com\/wp-content\/uploads\/2025\/10\/WPML-CMS-Navigation-Addon.png","datePublished":"2025-10-24T13:15:43+00:00","dateModified":"2025-10-24T13:21:11+00:00","description":"Mejore la navegaci\u00f3n de su sitio multiling\u00fce con el Complemento WPML CMS Navigation, que ofrece men\u00fas, migas de pan y navegaci\u00f3n en la barra lateral para mejorar la experiencia del usuario.","breadcrumb":{"@id":"https:\/\/allwintheme.com\/product\/wpml-cms-navigation-addon\/#breadcrumb"},"inLanguage":"es-CL","potentialAction":[{"@type":"ReadAction","target":["https:\/\/allwintheme.com\/product\/wpml-cms-navigation-addon\/"]}]},{"@type":"ImageObject","inLanguage":"es-CL","@id":"https:\/\/allwintheme.com\/product\/wpml-cms-navigation-addon\/#primaryimage","url":"https:\/\/allwintheme.com\/wp-content\/uploads\/2025\/10\/WPML-CMS-Navigation-Addon.png","contentUrl":"https:\/\/allwintheme.com\/wp-content\/uploads\/2025\/10\/WPML-CMS-Navigation-Addon.png","width":712,"height":474,"caption":"WPML CMS Navigation Addon"},{"@type":"BreadcrumbList","@id":"https:\/\/allwintheme.com\/product\/wpml-cms-navigation-addon\/#breadcrumb","itemListElement":[{"@type":"ListItem","position":1,"name":"Home","item":"https:\/\/allwintheme.com\/"},{"@type":"ListItem","position":2,"name":"Shop","item":"https:\/\/allwintheme.com\/shop\/"},{"@type":"ListItem","position":3,"name":"WPML CMS Navigation Addon"}]},{"@type":"WebSite","@id":"https:\/\/allwintheme.com\/#website","url":"https:\/\/allwintheme.com\/","name":"Allwintheme","description":"Descarga gratis temas de WordPress para todos los nichos. Blogs, negocios, comercio electr\u00f3nico, portafolio, restaurante y m\u00e1s. Todos los temas tienen licencia GPL y est\u00e1n preparados para dispositivos m\u00f3viles.","potentialAction":[{"@type":"SearchAction","target":{"@type":"EntryPoint","urlTemplate":"https:\/\/allwintheme.com\/?s={search_term_string}"},"query-input":{"@type":"PropertyValueSpecification","valueRequired":true,"valueName":"search_term_string"}}],"inLanguage":"es-CL"}]}},"_links":{"self":[{"href":"https:\/\/allwintheme.com\/es\/wp-json\/wp\/v2\/product\/11700","targetHints":{"allow":["GET"]}}],"collection":[{"href":"https:\/\/allwintheme.com\/es\/wp-json\/wp\/v2\/product"}],"about":[{"href":"https:\/\/allwintheme.com\/es\/wp-json\/wp\/v2\/types\/product"}],"replies":[{"embeddable":true,"href":"https:\/\/allwintheme.com\/es\/wp-json\/wp\/v2\/comments?post=11700"}],"version-history":[{"count":5,"href":"https:\/\/allwintheme.com\/es\/wp-json\/wp\/v2\/product\/11700\/revisions"}],"predecessor-version":[{"id":11705,"href":"https:\/\/allwintheme.com\/es\/wp-json\/wp\/v2\/product\/11700\/revisions\/11705"}],"wp:featuredmedia":[{"embeddable":true,"href":"https:\/\/allwintheme.com\/es\/wp-json\/wp\/v2\/media\/11658"}],"wp:attachment":[{"href":"https:\/\/allwintheme.com\/es\/wp-json\/wp\/v2\/media?parent=11700"}],"wp:term":[{"taxonomy":"product_brand","embeddable":true,"href":"https:\/\/allwintheme.com\/es\/wp-json\/wp\/v2\/product_brand?post=11700"},{"taxonomy":"product_cat","embeddable":true,"href":"https:\/\/allwintheme.com\/es\/wp-json\/wp\/v2\/product_cat?post=11700"},{"taxonomy":"product_tag","embeddable":true,"href":"https:\/\/allwintheme.com\/es\/wp-json\/wp\/v2\/product_tag?post=11700"}],"curies":[{"name":"wp","href":"https:\/\/api.w.org\/{rel}","templated":true}]}}