{"id":11733,"date":"2025-10-24T14:16:20","date_gmt":"2025-10-24T14:16:20","guid":{"rendered":"https:\/\/allwintheme.com\/?post_type=product&#038;p=11733"},"modified":"2025-10-24T14:21:00","modified_gmt":"2025-10-24T14:21:00","slug":"ocultar-mi-fantasma-wp","status":"publish","type":"product","link":"https:\/\/allwintheme.com\/es\/producto\/ocultar-mi-fantasma-wp\/","title":{"rendered":"Ocultar mi WP Ghost"},"content":{"rendered":"<div data-elementor-type=\"wp-post\" data-elementor-id=\"11733\" class=\"elementor elementor-11733\" data-elementor-settings=\"{&quot;element_pack_global_tooltip_width&quot;:{&quot;unit&quot;:&quot;px&quot;,&quot;size&quot;:&quot;&quot;,&quot;sizes&quot;:[]},&quot;element_pack_global_tooltip_width_tablet&quot;:{&quot;unit&quot;:&quot;px&quot;,&quot;size&quot;:&quot;&quot;,&quot;sizes&quot;:[]},&quot;element_pack_global_tooltip_width_mobile&quot;:{&quot;unit&quot;:&quot;px&quot;,&quot;size&quot;:&quot;&quot;,&quot;sizes&quot;:[]},&quot;element_pack_global_tooltip_padding&quot;:{&quot;unit&quot;:&quot;px&quot;,&quot;top&quot;:&quot;&quot;,&quot;right&quot;:&quot;&quot;,&quot;bottom&quot;:&quot;&quot;,&quot;left&quot;:&quot;&quot;,&quot;isLinked&quot;:true},&quot;element_pack_global_tooltip_padding_tablet&quot;:{&quot;unit&quot;:&quot;px&quot;,&quot;top&quot;:&quot;&quot;,&quot;right&quot;:&quot;&quot;,&quot;bottom&quot;:&quot;&quot;,&quot;left&quot;:&quot;&quot;,&quot;isLinked&quot;:true},&quot;element_pack_global_tooltip_padding_mobile&quot;:{&quot;unit&quot;:&quot;px&quot;,&quot;top&quot;:&quot;&quot;,&quot;right&quot;:&quot;&quot;,&quot;bottom&quot;:&quot;&quot;,&quot;left&quot;:&quot;&quot;,&quot;isLinked&quot;:true},&quot;element_pack_global_tooltip_border_radius&quot;:{&quot;unit&quot;:&quot;px&quot;,&quot;top&quot;:&quot;&quot;,&quot;right&quot;:&quot;&quot;,&quot;bottom&quot;:&quot;&quot;,&quot;left&quot;:&quot;&quot;,&quot;isLinked&quot;:true},&quot;element_pack_global_tooltip_border_radius_tablet&quot;:{&quot;unit&quot;:&quot;px&quot;,&quot;top&quot;:&quot;&quot;,&quot;right&quot;:&quot;&quot;,&quot;bottom&quot;:&quot;&quot;,&quot;left&quot;:&quot;&quot;,&quot;isLinked&quot;:true},&quot;element_pack_global_tooltip_border_radius_mobile&quot;:{&quot;unit&quot;:&quot;px&quot;,&quot;top&quot;:&quot;&quot;,&quot;right&quot;:&quot;&quot;,&quot;bottom&quot;:&quot;&quot;,&quot;left&quot;:&quot;&quot;,&quot;isLinked&quot;:true}}\" data-elementor-post-type=\"product\">\n\t\t\t\t<div class=\"wd-negative-gap elementor-element elementor-element-116794f e-flex e-con-boxed e-con e-parent\" data-id=\"116794f\" data-element_type=\"container\" data-e-type=\"container\">\n\t\t\t\t\t<div class=\"e-con-inner\">\n\t\t\t\t<div class=\"elementor-element elementor-element-03d2133 elementor-widget elementor-widget-wd_text_block\" data-id=\"03d2133\" data-element_type=\"widget\" data-e-type=\"widget\" data-widget_type=\"wd_text_block.default\">\n\t\t\t\t<div class=\"elementor-widget-container\">\n\t\t\t\t\t\t\t<div class=\"wd-text-block reset-last-child text-left\">\n\t\t\t\n\t\t\t<h2>Hide My WP Ghost - Plugin de seguridad y protecci\u00f3n para WordPress<\/h2>\n<p>Hide My WP Ghost ayuda a los usuarios de WordPress a proteger sus sitios web contra los intentos de pirater\u00eda m\u00e1s comunes ocultando las rutas vulnerables y bloqueando los bots automatizados. Ofrece una capa de seguridad proactiva que mantiene su sitio seguro sin afectar al rendimiento.<\/p>\n\n<h3>Refuerce la seguridad de su sitio web<\/h3>\n<p>La mayor\u00eda de los ataques se dirigen a archivos y URLs predecibles de WordPress. Hide My WP Ghost cambia estas rutas, haciendo que sea extremadamente dif\u00edcil para los atacantes localizar sus archivos principales. Adem\u00e1s, el plugin monitoriza activamente la actividad sospechosa e impide el acceso no autorizado.<\/p>\n\n<h3>Configuraci\u00f3n sencilla con resultados potentes<\/h3>\n<p>Puede activar las funciones de seguridad con s\u00f3lo unos clics. Adem\u00e1s, puede elegir modos preconfigurados o personalizar el nivel de protecci\u00f3n para adaptarlo a sus necesidades. Como resultado, su sitio web permanece protegido mientras usted mantiene el control total sobre la visibilidad y la funcionalidad.<\/p>\n\n<h3>Rendimiento y compatibilidad<\/h3>\n<p>Hide My WP Ghost funciona sin problemas con los temas, plugins y entornos de alojamiento m\u00e1s populares. Adem\u00e1s, su estructura ligera garantiza una velocidad de carga r\u00e1pida, por lo que su sitio web seguir\u00e1 siendo eficiente y f\u00e1cil de usar, a la vez que seguro.<\/p>\n\n<h3>Principales ventajas<\/h3>\n<ul>\n  <li>Oculta las rutas del n\u00facleo de WordPress y las URL de inicio de sesi\u00f3n<\/li>\n  <li>Protege contra ataques de bots e intentos de fuerza bruta<\/li>\n  <li>F\u00e1cil configuraci\u00f3n con m\u00faltiples modos de seguridad<\/li>\n  <li>Compatible con los principales temas y plugins<\/li>\n  <li>Mejora la seguridad general sin ralentizar su sitio web<\/li>\n<\/ul>\n\n<p>Al utilizar Hide My WP Ghost, creas un entorno seguro que protege tu sitio web, genera confianza entre tus usuarios y garantiza que tu contenido permanezca a salvo de las ciberamenazas.<\/p>\n\t\t\t\t\t<\/div>\n\t\t\t\t\t\t<\/div>\n\t\t\t\t<\/div>\n\t\t\t\t\t<\/div>\n\t\t\t\t<\/div>\n\t\t<div class=\"elementor-element elementor-element-c25ccef e-con-full e-flex e-con e-parent\" data-id=\"c25ccef\" data-element_type=\"container\" data-e-type=\"container\">\n\t\t\t\t<div class=\"elementor-element elementor-element-956e52a elementor-widget elementor-widget-video\" data-id=\"956e52a\" data-element_type=\"widget\" data-e-type=\"widget\" data-settings=\"{&quot;youtube_url&quot;:&quot;https:\\\/\\\/youtu.be\\\/lYKrCcZaRW4&quot;,&quot;video_type&quot;:&quot;youtube&quot;,&quot;controls&quot;:&quot;yes&quot;}\" data-widget_type=\"video.default\">\n\t\t\t\t\t\t\t<div class=\"elementor-wrapper elementor-open-inline\">\n\t\t\t<div class=\"elementor-video\"><\/div>\t\t<\/div>\n\t\t\t\t\t\t<\/div>\n\t\t\t\t<\/div>\n\t\t\t\t<\/div>","protected":false},"excerpt":{"rendered":"<p>Hide My WP Ghost \u2013 WordPress Security and Protection Plugin Hide My WP Ghost helps WordPress users protect their websites<\/p>","protected":false},"featured_media":11653,"comment_status":"open","ping_status":"closed","template":"","meta":{"_acf_changed":false},"product_brand":[],"product_cat":[49],"product_tag":[],"class_list":{"0":"post-11733","1":"product","2":"type-product","3":"status-publish","4":"has-post-thumbnail","6":"product_cat-plugins","8":"first","9":"instock","10":"sale","11":"downloadable","12":"shipping-taxable","13":"purchasable","14":"product-type-simple"},"acf":[],"yoast_head":"<!-- This site is optimized with the Yoast SEO Premium plugin v25.6 (Yoast SEO v27.1.1) - https:\/\/yoast.com\/product\/yoast-seo-premium-wordpress\/ -->\n<title>Hide My WP Ghost - AllWin Theme \u2013 Free WordPress Themes Download<\/title>\n<meta name=\"description\" content=\"Protect your WordPress website from hackers by hiding core paths and blocking attacks with Hide My WP Ghost.\" \/>\n<meta name=\"robots\" content=\"index, follow, max-snippet:-1, max-image-preview:large, max-video-preview:-1\" \/>\n<link rel=\"canonical\" href=\"https:\/\/allwintheme.com\/es\/producto\/ocultar-mi-fantasma-wp\/\" \/>\n<meta property=\"og:locale\" content=\"es_ES\" \/>\n<meta property=\"og:type\" content=\"article\" \/>\n<meta property=\"og:title\" content=\"Hide My WP Ghost\" \/>\n<meta property=\"og:description\" content=\"Protect your WordPress website from hackers by hiding core paths and blocking attacks with Hide My WP Ghost.\" \/>\n<meta property=\"og:url\" content=\"https:\/\/allwintheme.com\/es\/producto\/ocultar-mi-fantasma-wp\/\" \/>\n<meta property=\"og:site_name\" content=\"AllWin Theme \u2013 Free WordPress Themes Download\" \/>\n<meta property=\"article:modified_time\" content=\"2025-10-24T14:21:00+00:00\" \/>\n<meta property=\"og:image\" content=\"https:\/\/allwintheme.com\/wp-content\/uploads\/2025\/10\/Hide-My-WP-Ghost.png\" \/>\n\t<meta property=\"og:image:width\" content=\"590\" \/>\n\t<meta property=\"og:image:height\" content=\"300\" \/>\n\t<meta property=\"og:image:type\" content=\"image\/png\" \/>\n<meta name=\"twitter:card\" content=\"summary_large_image\" \/>\n<meta name=\"twitter:label1\" content=\"Tiempo estimado de lectura\" \/>\n\t<meta name=\"twitter:data1\" content=\"2 minutos\" \/>\n<script type=\"application\/ld+json\" class=\"yoast-schema-graph\">{\"@context\":\"https:\/\/schema.org\",\"@graph\":[{\"@type\":\"WebPage\",\"@id\":\"https:\/\/allwintheme.com\/product\/hide-my-wp-ghost\/\",\"url\":\"https:\/\/allwintheme.com\/product\/hide-my-wp-ghost\/\",\"name\":\"Hide My WP Ghost - AllWin Theme \u2013 Free WordPress Themes Download\",\"isPartOf\":{\"@id\":\"https:\/\/allwintheme.com\/#website\"},\"primaryImageOfPage\":{\"@id\":\"https:\/\/allwintheme.com\/product\/hide-my-wp-ghost\/#primaryimage\"},\"image\":{\"@id\":\"https:\/\/allwintheme.com\/product\/hide-my-wp-ghost\/#primaryimage\"},\"thumbnailUrl\":\"https:\/\/allwintheme.com\/wp-content\/uploads\/2025\/10\/Hide-My-WP-Ghost.png\",\"datePublished\":\"2025-10-24T14:16:20+00:00\",\"dateModified\":\"2025-10-24T14:21:00+00:00\",\"description\":\"Protect your WordPress website from hackers by hiding core paths and blocking attacks with Hide My WP Ghost.\",\"breadcrumb\":{\"@id\":\"https:\/\/allwintheme.com\/product\/hide-my-wp-ghost\/#breadcrumb\"},\"inLanguage\":\"es-CL\",\"potentialAction\":[{\"@type\":\"ReadAction\",\"target\":[\"https:\/\/allwintheme.com\/product\/hide-my-wp-ghost\/\"]}]},{\"@type\":\"ImageObject\",\"inLanguage\":\"es-CL\",\"@id\":\"https:\/\/allwintheme.com\/product\/hide-my-wp-ghost\/#primaryimage\",\"url\":\"https:\/\/allwintheme.com\/wp-content\/uploads\/2025\/10\/Hide-My-WP-Ghost.png\",\"contentUrl\":\"https:\/\/allwintheme.com\/wp-content\/uploads\/2025\/10\/Hide-My-WP-Ghost.png\",\"width\":590,\"height\":300,\"caption\":\"Hide My WP Ghost\"},{\"@type\":\"BreadcrumbList\",\"@id\":\"https:\/\/allwintheme.com\/product\/hide-my-wp-ghost\/#breadcrumb\",\"itemListElement\":[{\"@type\":\"ListItem\",\"position\":1,\"name\":\"Home\",\"item\":\"https:\/\/allwintheme.com\/\"},{\"@type\":\"ListItem\",\"position\":2,\"name\":\"Shop\",\"item\":\"https:\/\/allwintheme.com\/shop\/\"},{\"@type\":\"ListItem\",\"position\":3,\"name\":\"Hide My WP Ghost\"}]},{\"@type\":\"WebSite\",\"@id\":\"https:\/\/allwintheme.com\/#website\",\"url\":\"https:\/\/allwintheme.com\/\",\"name\":\"Allwintheme\",\"description\":\"Download free WordPress themes for every niche. Blogs, business, eCommerce, portfolio, restaurant and more. All themes are GPL licensed and mobile-ready.\",\"potentialAction\":[{\"@type\":\"SearchAction\",\"target\":{\"@type\":\"EntryPoint\",\"urlTemplate\":\"https:\/\/allwintheme.com\/?s={search_term_string}\"},\"query-input\":{\"@type\":\"PropertyValueSpecification\",\"valueRequired\":true,\"valueName\":\"search_term_string\"}}],\"inLanguage\":\"es-CL\"}]}<\/script>\n<!-- \/ Yoast SEO Premium plugin. -->","yoast_head_json":{"title":"Hide My WP Ghost - AllWin Theme \u2013 Free WordPress Themes Download","description":"Proteja su sitio web WordPress de los hackers ocultando las rutas del n\u00facleo y bloqueando los ataques con Hide My WP Ghost.","robots":{"index":"index","follow":"follow","max-snippet":"max-snippet:-1","max-image-preview":"max-image-preview:large","max-video-preview":"max-video-preview:-1"},"canonical":"https:\/\/allwintheme.com\/es\/producto\/ocultar-mi-fantasma-wp\/","og_locale":"es_ES","og_type":"article","og_title":"Hide My WP Ghost","og_description":"Protect your WordPress website from hackers by hiding core paths and blocking attacks with Hide My WP Ghost.","og_url":"https:\/\/allwintheme.com\/es\/producto\/ocultar-mi-fantasma-wp\/","og_site_name":"AllWin Theme \u2013 Free WordPress Themes Download","article_modified_time":"2025-10-24T14:21:00+00:00","og_image":[{"width":590,"height":300,"url":"https:\/\/allwintheme.com\/wp-content\/uploads\/2025\/10\/Hide-My-WP-Ghost.png","type":"image\/png"}],"twitter_card":"summary_large_image","twitter_misc":{"Tiempo estimado de lectura":"2 minutos"},"schema":{"@context":"https:\/\/schema.org","@graph":[{"@type":"WebPage","@id":"https:\/\/allwintheme.com\/product\/hide-my-wp-ghost\/","url":"https:\/\/allwintheme.com\/product\/hide-my-wp-ghost\/","name":"Hide My WP Ghost - AllWin Theme \u2013 Free WordPress Themes Download","isPartOf":{"@id":"https:\/\/allwintheme.com\/#website"},"primaryImageOfPage":{"@id":"https:\/\/allwintheme.com\/product\/hide-my-wp-ghost\/#primaryimage"},"image":{"@id":"https:\/\/allwintheme.com\/product\/hide-my-wp-ghost\/#primaryimage"},"thumbnailUrl":"https:\/\/allwintheme.com\/wp-content\/uploads\/2025\/10\/Hide-My-WP-Ghost.png","datePublished":"2025-10-24T14:16:20+00:00","dateModified":"2025-10-24T14:21:00+00:00","description":"Proteja su sitio web WordPress de los hackers ocultando las rutas del n\u00facleo y bloqueando los ataques con Hide My WP Ghost.","breadcrumb":{"@id":"https:\/\/allwintheme.com\/product\/hide-my-wp-ghost\/#breadcrumb"},"inLanguage":"es-CL","potentialAction":[{"@type":"ReadAction","target":["https:\/\/allwintheme.com\/product\/hide-my-wp-ghost\/"]}]},{"@type":"ImageObject","inLanguage":"es-CL","@id":"https:\/\/allwintheme.com\/product\/hide-my-wp-ghost\/#primaryimage","url":"https:\/\/allwintheme.com\/wp-content\/uploads\/2025\/10\/Hide-My-WP-Ghost.png","contentUrl":"https:\/\/allwintheme.com\/wp-content\/uploads\/2025\/10\/Hide-My-WP-Ghost.png","width":590,"height":300,"caption":"Hide My WP Ghost"},{"@type":"BreadcrumbList","@id":"https:\/\/allwintheme.com\/product\/hide-my-wp-ghost\/#breadcrumb","itemListElement":[{"@type":"ListItem","position":1,"name":"Home","item":"https:\/\/allwintheme.com\/"},{"@type":"ListItem","position":2,"name":"Shop","item":"https:\/\/allwintheme.com\/shop\/"},{"@type":"ListItem","position":3,"name":"Hide My WP Ghost"}]},{"@type":"WebSite","@id":"https:\/\/allwintheme.com\/#website","url":"https:\/\/allwintheme.com\/","name":"Allwintheme","description":"Descarga gratis temas de WordPress para todos los nichos. Blogs, negocios, comercio electr\u00f3nico, portafolio, restaurante y m\u00e1s. Todos los temas tienen licencia GPL y est\u00e1n preparados para dispositivos m\u00f3viles.","potentialAction":[{"@type":"SearchAction","target":{"@type":"EntryPoint","urlTemplate":"https:\/\/allwintheme.com\/?s={search_term_string}"},"query-input":{"@type":"PropertyValueSpecification","valueRequired":true,"valueName":"search_term_string"}}],"inLanguage":"es-CL"}]}},"_links":{"self":[{"href":"https:\/\/allwintheme.com\/es\/wp-json\/wp\/v2\/product\/11733","targetHints":{"allow":["GET"]}}],"collection":[{"href":"https:\/\/allwintheme.com\/es\/wp-json\/wp\/v2\/product"}],"about":[{"href":"https:\/\/allwintheme.com\/es\/wp-json\/wp\/v2\/types\/product"}],"replies":[{"embeddable":true,"href":"https:\/\/allwintheme.com\/es\/wp-json\/wp\/v2\/comments?post=11733"}],"version-history":[{"count":5,"href":"https:\/\/allwintheme.com\/es\/wp-json\/wp\/v2\/product\/11733\/revisions"}],"predecessor-version":[{"id":11738,"href":"https:\/\/allwintheme.com\/es\/wp-json\/wp\/v2\/product\/11733\/revisions\/11738"}],"wp:featuredmedia":[{"embeddable":true,"href":"https:\/\/allwintheme.com\/es\/wp-json\/wp\/v2\/media\/11653"}],"wp:attachment":[{"href":"https:\/\/allwintheme.com\/es\/wp-json\/wp\/v2\/media?parent=11733"}],"wp:term":[{"taxonomy":"product_brand","embeddable":true,"href":"https:\/\/allwintheme.com\/es\/wp-json\/wp\/v2\/product_brand?post=11733"},{"taxonomy":"product_cat","embeddable":true,"href":"https:\/\/allwintheme.com\/es\/wp-json\/wp\/v2\/product_cat?post=11733"},{"taxonomy":"product_tag","embeddable":true,"href":"https:\/\/allwintheme.com\/es\/wp-json\/wp\/v2\/product_tag?post=11733"}],"curies":[{"name":"wp","href":"https:\/\/api.w.org\/{rel}","templated":true}]}}