{"id":11768,"date":"2025-10-25T08:24:44","date_gmt":"2025-10-25T08:24:44","guid":{"rendered":"https:\/\/allwintheme.com\/?post_type=product&#038;p=11768"},"modified":"2025-10-25T08:37:11","modified_gmt":"2025-10-25T08:37:11","slug":"tema-authority-pro","status":"publish","type":"product","link":"https:\/\/allwintheme.com\/es\/producto\/tema-authority-pro\/","title":{"rendered":"Tema Authority Pro"},"content":{"rendered":"<div data-elementor-type=\"wp-post\" data-elementor-id=\"11768\" class=\"elementor elementor-11768\" data-elementor-settings=\"{&quot;element_pack_global_tooltip_width&quot;:{&quot;unit&quot;:&quot;px&quot;,&quot;size&quot;:&quot;&quot;,&quot;sizes&quot;:[]},&quot;element_pack_global_tooltip_width_tablet&quot;:{&quot;unit&quot;:&quot;px&quot;,&quot;size&quot;:&quot;&quot;,&quot;sizes&quot;:[]},&quot;element_pack_global_tooltip_width_mobile&quot;:{&quot;unit&quot;:&quot;px&quot;,&quot;size&quot;:&quot;&quot;,&quot;sizes&quot;:[]},&quot;element_pack_global_tooltip_padding&quot;:{&quot;unit&quot;:&quot;px&quot;,&quot;top&quot;:&quot;&quot;,&quot;right&quot;:&quot;&quot;,&quot;bottom&quot;:&quot;&quot;,&quot;left&quot;:&quot;&quot;,&quot;isLinked&quot;:true},&quot;element_pack_global_tooltip_padding_tablet&quot;:{&quot;unit&quot;:&quot;px&quot;,&quot;top&quot;:&quot;&quot;,&quot;right&quot;:&quot;&quot;,&quot;bottom&quot;:&quot;&quot;,&quot;left&quot;:&quot;&quot;,&quot;isLinked&quot;:true},&quot;element_pack_global_tooltip_padding_mobile&quot;:{&quot;unit&quot;:&quot;px&quot;,&quot;top&quot;:&quot;&quot;,&quot;right&quot;:&quot;&quot;,&quot;bottom&quot;:&quot;&quot;,&quot;left&quot;:&quot;&quot;,&quot;isLinked&quot;:true},&quot;element_pack_global_tooltip_border_radius&quot;:{&quot;unit&quot;:&quot;px&quot;,&quot;top&quot;:&quot;&quot;,&quot;right&quot;:&quot;&quot;,&quot;bottom&quot;:&quot;&quot;,&quot;left&quot;:&quot;&quot;,&quot;isLinked&quot;:true},&quot;element_pack_global_tooltip_border_radius_tablet&quot;:{&quot;unit&quot;:&quot;px&quot;,&quot;top&quot;:&quot;&quot;,&quot;right&quot;:&quot;&quot;,&quot;bottom&quot;:&quot;&quot;,&quot;left&quot;:&quot;&quot;,&quot;isLinked&quot;:true},&quot;element_pack_global_tooltip_border_radius_mobile&quot;:{&quot;unit&quot;:&quot;px&quot;,&quot;top&quot;:&quot;&quot;,&quot;right&quot;:&quot;&quot;,&quot;bottom&quot;:&quot;&quot;,&quot;left&quot;:&quot;&quot;,&quot;isLinked&quot;:true}}\" data-elementor-post-type=\"product\">\n\t\t\t\t<div class=\"wd-negative-gap elementor-element elementor-element-116794f e-flex e-con-boxed e-con e-parent\" data-id=\"116794f\" data-element_type=\"container\" data-e-type=\"container\">\n\t\t\t\t\t<div class=\"e-con-inner\">\n\t\t\t\t<div class=\"elementor-element elementor-element-03d2133 elementor-widget elementor-widget-wd_text_block\" data-id=\"03d2133\" data-element_type=\"widget\" data-e-type=\"widget\" data-widget_type=\"wd_text_block.default\">\n\t\t\t\t<div class=\"elementor-widget-container\">\n\t\t\t\t\t\t\t<div class=\"wd-text-block reset-last-child text-left\">\n\t\t\t\n\t\t\t<h2>Authority Pro - Tema para marcas personales y expertos<\/h2>\n<p>Authority Pro ofrece a empresarios, creadores de contenido y expertos del sector una plataforma profesional para mostrar sus conocimientos y generar confianza entre su audiencia. Ofrece un dise\u00f1o centrado que dirige a los visitantes hacia sus servicios, cursos o programas de consultor\u00eda, ayud\u00e1ndole a aumentar su influencia y sus ingresos.<\/p>\n\n<h3>Dise\u00f1ado para crear autoridad<\/h3>\n<p>Si eres entrenador, autor, orador o vendedor digital, este tema te ayuda a presentar tu experiencia con claridad. Adem\u00e1s, Authority Pro sit\u00faa tu marca personal en el centro, permiti\u00e9ndote destacar testimonios, mostrar caracter\u00edsticas multimedia y promocionar imanes de clientes potenciales para captar nuevos clientes.<\/p>\n\n<h3>F\u00e1cil de personalizar<\/h3>\n<p>Puede ajustar todos los elementos con las herramientas de personalizaci\u00f3n de WordPress. Adem\u00e1s, puede cambiar los colores, subir logotipos personalizados y reorganizar las secciones de la p\u00e1gina para que se ajusten a la identidad de su marca. Por lo tanto, puede lanzar un sitio web pulido en menos tiempo y con m\u00e1s control.<\/p>\n\n<h3>Optimizado para crecer<\/h3>\n<p>El tema ofrece un dise\u00f1o adaptable y una carga r\u00e1pida de las p\u00e1ginas para mantener el inter\u00e9s de los usuarios. Adem\u00e1s, Authority Pro es compatible con SEO, lo que ayuda a que su nombre y contenido aparezcan m\u00e1s arriba en los resultados de b\u00fasqueda. Como resultado, puede aumentar la visibilidad, atraer a m\u00e1s suscriptores y convertir a los visitantes en fieles seguidores.<\/p>\n\n<h3>Caracter\u00edsticas principales<\/h3>\n<ul>\n  <li>Dise\u00f1o profesional centrado en la marca personal<\/li>\n  <li>Totalmente adaptable a todos los dispositivos<\/li>\n  <li>Personalizaci\u00f3n sencilla con vista previa en tiempo real<\/li>\n  <li>Estructura optimizada para SEO<\/li>\n  <li>Secciones integradas para testimonios, servicios y suscripciones por correo electr\u00f3nico<\/li>\n<\/ul>\n\n<p>Al elegir Authority Pro, usted crea una plataforma que comunica credibilidad, fortalece su marca personal y convierte su experiencia en un negocio exitoso.<\/p>\n\t\t\t\t\t<\/div>\n\t\t\t\t\t\t<\/div>\n\t\t\t\t<\/div>\n\t\t\t\t\t<\/div>\n\t\t\t\t<\/div>\n\t\t<div class=\"wd-negative-gap elementor-element elementor-element-713dd8f e-flex e-con-boxed e-con e-parent\" data-id=\"713dd8f\" data-element_type=\"container\" data-e-type=\"container\">\n\t\t\t\t\t<div class=\"e-con-inner\">\n\t\t\t\t<div class=\"elementor-element elementor-element-74b76b0 elementor-widget elementor-widget-video\" data-id=\"74b76b0\" data-element_type=\"widget\" data-e-type=\"widget\" data-settings=\"{&quot;youtube_url&quot;:&quot;https:\\\/\\\/youtu.be\\\/mgWmR2jKhh8&quot;,&quot;video_type&quot;:&quot;youtube&quot;,&quot;controls&quot;:&quot;yes&quot;}\" data-widget_type=\"video.default\">\n\t\t\t\t\t\t\t<div class=\"elementor-wrapper elementor-open-inline\">\n\t\t\t<div class=\"elementor-video\"><\/div>\t\t<\/div>\n\t\t\t\t\t\t<\/div>\n\t\t\t\t\t<\/div>\n\t\t\t\t<\/div>\n\t\t\t\t<\/div>","protected":false},"excerpt":{"rendered":"<p>Authority Pro \u2013 Theme for Personal Brands and Experts Authority Pro gives entrepreneurs, content creators, and industry experts a professional<\/p>","protected":false},"featured_media":11769,"comment_status":"open","ping_status":"closed","template":"","meta":{"_acf_changed":false},"product_brand":[],"product_cat":[49],"product_tag":[],"class_list":{"0":"post-11768","1":"product","2":"type-product","3":"status-publish","4":"has-post-thumbnail","6":"product_cat-plugins","8":"first","9":"instock","10":"sale","11":"downloadable","12":"shipping-taxable","13":"purchasable","14":"product-type-simple"},"acf":[],"yoast_head":"<!-- This site is optimized with the Yoast SEO Premium plugin v25.6 (Yoast SEO v27.1.1) - https:\/\/yoast.com\/product\/yoast-seo-premium-wordpress\/ -->\n<title>Authority Pro Theme - AllWin Theme \u2013 Free WordPress Themes Download<\/title>\n<meta name=\"description\" content=\"Build authority and grow your personal brand with the Authority Pro Theme, designed for experts, coaches, entrepreneurs, and thought leaders.\" \/>\n<meta name=\"robots\" content=\"index, follow, max-snippet:-1, max-image-preview:large, max-video-preview:-1\" \/>\n<link rel=\"canonical\" href=\"https:\/\/allwintheme.com\/es\/producto\/tema-authority-pro\/\" \/>\n<meta property=\"og:locale\" content=\"es_ES\" \/>\n<meta property=\"og:type\" content=\"article\" \/>\n<meta property=\"og:title\" content=\"Authority Pro Theme\" \/>\n<meta property=\"og:description\" content=\"Build authority and grow your personal brand with the Authority Pro Theme, designed for experts, coaches, entrepreneurs, and thought leaders.\" \/>\n<meta property=\"og:url\" content=\"https:\/\/allwintheme.com\/es\/producto\/tema-authority-pro\/\" \/>\n<meta property=\"og:site_name\" content=\"AllWin Theme \u2013 Free WordPress Themes Download\" \/>\n<meta property=\"article:modified_time\" content=\"2025-10-25T08:37:11+00:00\" \/>\n<meta property=\"og:image\" content=\"https:\/\/allwintheme.com\/wp-content\/uploads\/2025\/10\/rdg96v98.png\" \/>\n\t<meta property=\"og:image:width\" content=\"590\" \/>\n\t<meta property=\"og:image:height\" content=\"300\" \/>\n\t<meta property=\"og:image:type\" content=\"image\/png\" \/>\n<meta name=\"twitter:card\" content=\"summary_large_image\" \/>\n<meta name=\"twitter:label1\" content=\"Tiempo estimado de lectura\" \/>\n\t<meta name=\"twitter:data1\" content=\"2 minutos\" \/>\n<script type=\"application\/ld+json\" class=\"yoast-schema-graph\">{\"@context\":\"https:\/\/schema.org\",\"@graph\":[{\"@type\":\"WebPage\",\"@id\":\"https:\/\/allwintheme.com\/product\/authority-pro-theme\/\",\"url\":\"https:\/\/allwintheme.com\/product\/authority-pro-theme\/\",\"name\":\"Authority Pro Theme - AllWin Theme \u2013 Free WordPress Themes Download\",\"isPartOf\":{\"@id\":\"https:\/\/allwintheme.com\/#website\"},\"primaryImageOfPage\":{\"@id\":\"https:\/\/allwintheme.com\/product\/authority-pro-theme\/#primaryimage\"},\"image\":{\"@id\":\"https:\/\/allwintheme.com\/product\/authority-pro-theme\/#primaryimage\"},\"thumbnailUrl\":\"https:\/\/allwintheme.com\/wp-content\/uploads\/2025\/10\/rdg96v98.png\",\"datePublished\":\"2025-10-25T08:24:44+00:00\",\"dateModified\":\"2025-10-25T08:37:11+00:00\",\"description\":\"Build authority and grow your personal brand with the Authority Pro Theme, designed for experts, coaches, entrepreneurs, and thought leaders.\",\"breadcrumb\":{\"@id\":\"https:\/\/allwintheme.com\/product\/authority-pro-theme\/#breadcrumb\"},\"inLanguage\":\"es-CL\",\"potentialAction\":[{\"@type\":\"ReadAction\",\"target\":[\"https:\/\/allwintheme.com\/product\/authority-pro-theme\/\"]}]},{\"@type\":\"ImageObject\",\"inLanguage\":\"es-CL\",\"@id\":\"https:\/\/allwintheme.com\/product\/authority-pro-theme\/#primaryimage\",\"url\":\"https:\/\/allwintheme.com\/wp-content\/uploads\/2025\/10\/rdg96v98.png\",\"contentUrl\":\"https:\/\/allwintheme.com\/wp-content\/uploads\/2025\/10\/rdg96v98.png\",\"width\":590,\"height\":300,\"caption\":\"Authority Pro Theme\"},{\"@type\":\"BreadcrumbList\",\"@id\":\"https:\/\/allwintheme.com\/product\/authority-pro-theme\/#breadcrumb\",\"itemListElement\":[{\"@type\":\"ListItem\",\"position\":1,\"name\":\"Home\",\"item\":\"https:\/\/allwintheme.com\/\"},{\"@type\":\"ListItem\",\"position\":2,\"name\":\"Shop\",\"item\":\"https:\/\/allwintheme.com\/shop\/\"},{\"@type\":\"ListItem\",\"position\":3,\"name\":\"Authority Pro Theme\"}]},{\"@type\":\"WebSite\",\"@id\":\"https:\/\/allwintheme.com\/#website\",\"url\":\"https:\/\/allwintheme.com\/\",\"name\":\"Allwintheme\",\"description\":\"Download free WordPress themes for every niche. Blogs, business, eCommerce, portfolio, restaurant and more. All themes are GPL licensed and mobile-ready.\",\"potentialAction\":[{\"@type\":\"SearchAction\",\"target\":{\"@type\":\"EntryPoint\",\"urlTemplate\":\"https:\/\/allwintheme.com\/?s={search_term_string}\"},\"query-input\":{\"@type\":\"PropertyValueSpecification\",\"valueRequired\":true,\"valueName\":\"search_term_string\"}}],\"inLanguage\":\"es-CL\"}]}<\/script>\n<!-- \/ Yoast SEO Premium plugin. -->","yoast_head_json":{"title":"Authority Pro Theme - AllWin Theme - Free WordPress Themes Download","description":"Construya autoridad y haga crecer su marca personal con el Tema Authority Pro, dise\u00f1ado para expertos, entrenadores, empresarios y l\u00edderes de opini\u00f3n.","robots":{"index":"index","follow":"follow","max-snippet":"max-snippet:-1","max-image-preview":"max-image-preview:large","max-video-preview":"max-video-preview:-1"},"canonical":"https:\/\/allwintheme.com\/es\/producto\/tema-authority-pro\/","og_locale":"es_ES","og_type":"article","og_title":"Authority Pro Theme","og_description":"Build authority and grow your personal brand with the Authority Pro Theme, designed for experts, coaches, entrepreneurs, and thought leaders.","og_url":"https:\/\/allwintheme.com\/es\/producto\/tema-authority-pro\/","og_site_name":"AllWin Theme \u2013 Free WordPress Themes Download","article_modified_time":"2025-10-25T08:37:11+00:00","og_image":[{"width":590,"height":300,"url":"https:\/\/allwintheme.com\/wp-content\/uploads\/2025\/10\/rdg96v98.png","type":"image\/png"}],"twitter_card":"summary_large_image","twitter_misc":{"Tiempo estimado de lectura":"2 minutos"},"schema":{"@context":"https:\/\/schema.org","@graph":[{"@type":"WebPage","@id":"https:\/\/allwintheme.com\/product\/authority-pro-theme\/","url":"https:\/\/allwintheme.com\/product\/authority-pro-theme\/","name":"Authority Pro Theme - AllWin Theme - Free WordPress Themes Download","isPartOf":{"@id":"https:\/\/allwintheme.com\/#website"},"primaryImageOfPage":{"@id":"https:\/\/allwintheme.com\/product\/authority-pro-theme\/#primaryimage"},"image":{"@id":"https:\/\/allwintheme.com\/product\/authority-pro-theme\/#primaryimage"},"thumbnailUrl":"https:\/\/allwintheme.com\/wp-content\/uploads\/2025\/10\/rdg96v98.png","datePublished":"2025-10-25T08:24:44+00:00","dateModified":"2025-10-25T08:37:11+00:00","description":"Construya autoridad y haga crecer su marca personal con el Tema Authority Pro, dise\u00f1ado para expertos, entrenadores, empresarios y l\u00edderes de opini\u00f3n.","breadcrumb":{"@id":"https:\/\/allwintheme.com\/product\/authority-pro-theme\/#breadcrumb"},"inLanguage":"es-CL","potentialAction":[{"@type":"ReadAction","target":["https:\/\/allwintheme.com\/product\/authority-pro-theme\/"]}]},{"@type":"ImageObject","inLanguage":"es-CL","@id":"https:\/\/allwintheme.com\/product\/authority-pro-theme\/#primaryimage","url":"https:\/\/allwintheme.com\/wp-content\/uploads\/2025\/10\/rdg96v98.png","contentUrl":"https:\/\/allwintheme.com\/wp-content\/uploads\/2025\/10\/rdg96v98.png","width":590,"height":300,"caption":"Authority Pro Theme"},{"@type":"BreadcrumbList","@id":"https:\/\/allwintheme.com\/product\/authority-pro-theme\/#breadcrumb","itemListElement":[{"@type":"ListItem","position":1,"name":"Home","item":"https:\/\/allwintheme.com\/"},{"@type":"ListItem","position":2,"name":"Shop","item":"https:\/\/allwintheme.com\/shop\/"},{"@type":"ListItem","position":3,"name":"Authority Pro Theme"}]},{"@type":"WebSite","@id":"https:\/\/allwintheme.com\/#website","url":"https:\/\/allwintheme.com\/","name":"Allwintheme","description":"Descarga gratis temas de WordPress para todos los nichos. Blogs, negocios, comercio electr\u00f3nico, portafolio, restaurante y m\u00e1s. Todos los temas tienen licencia GPL y est\u00e1n preparados para dispositivos m\u00f3viles.","potentialAction":[{"@type":"SearchAction","target":{"@type":"EntryPoint","urlTemplate":"https:\/\/allwintheme.com\/?s={search_term_string}"},"query-input":{"@type":"PropertyValueSpecification","valueRequired":true,"valueName":"search_term_string"}}],"inLanguage":"es-CL"}]}},"_links":{"self":[{"href":"https:\/\/allwintheme.com\/es\/wp-json\/wp\/v2\/product\/11768","targetHints":{"allow":["GET"]}}],"collection":[{"href":"https:\/\/allwintheme.com\/es\/wp-json\/wp\/v2\/product"}],"about":[{"href":"https:\/\/allwintheme.com\/es\/wp-json\/wp\/v2\/types\/product"}],"replies":[{"embeddable":true,"href":"https:\/\/allwintheme.com\/es\/wp-json\/wp\/v2\/comments?post=11768"}],"version-history":[{"count":5,"href":"https:\/\/allwintheme.com\/es\/wp-json\/wp\/v2\/product\/11768\/revisions"}],"predecessor-version":[{"id":11774,"href":"https:\/\/allwintheme.com\/es\/wp-json\/wp\/v2\/product\/11768\/revisions\/11774"}],"wp:featuredmedia":[{"embeddable":true,"href":"https:\/\/allwintheme.com\/es\/wp-json\/wp\/v2\/media\/11769"}],"wp:attachment":[{"href":"https:\/\/allwintheme.com\/es\/wp-json\/wp\/v2\/media?parent=11768"}],"wp:term":[{"taxonomy":"product_brand","embeddable":true,"href":"https:\/\/allwintheme.com\/es\/wp-json\/wp\/v2\/product_brand?post=11768"},{"taxonomy":"product_cat","embeddable":true,"href":"https:\/\/allwintheme.com\/es\/wp-json\/wp\/v2\/product_cat?post=11768"},{"taxonomy":"product_tag","embeddable":true,"href":"https:\/\/allwintheme.com\/es\/wp-json\/wp\/v2\/product_tag?post=11768"}],"curies":[{"name":"wp","href":"https:\/\/api.w.org\/{rel}","templated":true}]}}