{"id":11782,"date":"2025-10-25T09:16:38","date_gmt":"2025-10-25T09:16:38","guid":{"rendered":"https:\/\/allwintheme.com\/?post_type=product&#038;p=11782"},"modified":"2025-10-25T09:20:54","modified_gmt":"2025-10-25T09:20:54","slug":"kadence-ai-plantillas-de-inicio","status":"publish","type":"product","link":"https:\/\/allwintheme.com\/es\/producto\/kadence-ai-plantillas-de-inicio\/","title":{"rendered":"Plantillas de inicio Kadence AI"},"content":{"rendered":"<div data-elementor-type=\"wp-post\" data-elementor-id=\"11782\" class=\"elementor elementor-11782\" data-elementor-settings=\"{&quot;element_pack_global_tooltip_width&quot;:{&quot;unit&quot;:&quot;px&quot;,&quot;size&quot;:&quot;&quot;,&quot;sizes&quot;:[]},&quot;element_pack_global_tooltip_width_tablet&quot;:{&quot;unit&quot;:&quot;px&quot;,&quot;size&quot;:&quot;&quot;,&quot;sizes&quot;:[]},&quot;element_pack_global_tooltip_width_mobile&quot;:{&quot;unit&quot;:&quot;px&quot;,&quot;size&quot;:&quot;&quot;,&quot;sizes&quot;:[]},&quot;element_pack_global_tooltip_padding&quot;:{&quot;unit&quot;:&quot;px&quot;,&quot;top&quot;:&quot;&quot;,&quot;right&quot;:&quot;&quot;,&quot;bottom&quot;:&quot;&quot;,&quot;left&quot;:&quot;&quot;,&quot;isLinked&quot;:true},&quot;element_pack_global_tooltip_padding_tablet&quot;:{&quot;unit&quot;:&quot;px&quot;,&quot;top&quot;:&quot;&quot;,&quot;right&quot;:&quot;&quot;,&quot;bottom&quot;:&quot;&quot;,&quot;left&quot;:&quot;&quot;,&quot;isLinked&quot;:true},&quot;element_pack_global_tooltip_padding_mobile&quot;:{&quot;unit&quot;:&quot;px&quot;,&quot;top&quot;:&quot;&quot;,&quot;right&quot;:&quot;&quot;,&quot;bottom&quot;:&quot;&quot;,&quot;left&quot;:&quot;&quot;,&quot;isLinked&quot;:true},&quot;element_pack_global_tooltip_border_radius&quot;:{&quot;unit&quot;:&quot;px&quot;,&quot;top&quot;:&quot;&quot;,&quot;right&quot;:&quot;&quot;,&quot;bottom&quot;:&quot;&quot;,&quot;left&quot;:&quot;&quot;,&quot;isLinked&quot;:true},&quot;element_pack_global_tooltip_border_radius_tablet&quot;:{&quot;unit&quot;:&quot;px&quot;,&quot;top&quot;:&quot;&quot;,&quot;right&quot;:&quot;&quot;,&quot;bottom&quot;:&quot;&quot;,&quot;left&quot;:&quot;&quot;,&quot;isLinked&quot;:true},&quot;element_pack_global_tooltip_border_radius_mobile&quot;:{&quot;unit&quot;:&quot;px&quot;,&quot;top&quot;:&quot;&quot;,&quot;right&quot;:&quot;&quot;,&quot;bottom&quot;:&quot;&quot;,&quot;left&quot;:&quot;&quot;,&quot;isLinked&quot;:true}}\" data-elementor-post-type=\"product\">\n\t\t\t\t<div class=\"wd-negative-gap elementor-element elementor-element-116794f e-flex e-con-boxed e-con e-parent\" data-id=\"116794f\" data-element_type=\"container\" data-e-type=\"container\">\n\t\t\t\t\t<div class=\"e-con-inner\">\n\t\t\t\t<div class=\"elementor-element elementor-element-03d2133 elementor-widget elementor-widget-wd_text_block\" data-id=\"03d2133\" data-element_type=\"widget\" data-e-type=\"widget\" data-widget_type=\"wd_text_block.default\">\n\t\t\t\t<div class=\"elementor-widget-container\">\n\t\t\t\t\t\t\t<div class=\"wd-text-block reset-last-child text-left\">\n\t\t\t\n\t\t\t<h2>Plantillas de inicio Kadence AI<\/h2>\n<p>Las plantillas de inicio de Kadence AI le ayudan a crear un sitio web WordPress completo de forma r\u00e1pida y profesional. En lugar de empezar desde cero, puede elegir un dise\u00f1o ya hecho, personalizarlo con su contenido y lanzar su sitio en cuesti\u00f3n de minutos.<\/p>\n\n<h3>Dise\u00f1o inteligente para cualquier sector<\/h3>\n<p>Tanto si dirige una agencia, una tienda online, un negocio de coaching o una marca personal, Kadence ofrece plantillas adaptadas a diferentes sectores. Adem\u00e1s, cada plantilla utiliza sugerencias de dise\u00f1o inteligentes que ayudan a que su contenido destaque y mejore el compromiso del usuario.<\/p>\n\n<h3>Personalizaci\u00f3n r\u00e1pida con asistencia de IA<\/h3>\n<p>Puede personalizar f\u00e1cilmente las p\u00e1ginas utilizando la gu\u00eda Kadence AI. Adem\u00e1s, puede ajustar los colores, la tipograf\u00eda y los elementos de dise\u00f1o con controles intuitivos. Por lo tanto, puede crear un sitio web que refleje la identidad de su marca sin necesidad de tener experiencia en dise\u00f1o o codificaci\u00f3n.<\/p>\n\n<h3>Optimizado para la velocidad y SEO<\/h3>\n<p>Las plantillas Kadence se centran en una estructura ligera y en el rendimiento. Adem\u00e1s, todas las plantillas son adaptativas, compatibles con dispositivos m\u00f3viles y est\u00e1n optimizadas para los motores de b\u00fasqueda. Como resultado, su sitio web se carga m\u00e1s r\u00e1pido y se clasifica mejor, lo que le proporciona una ventaja competitiva en l\u00ednea.<\/p>\n\n<h3>Principales ventajas<\/h3>\n<ul>\n  <li>Dise\u00f1os profesionales para m\u00faltiples sectores<\/li>\n  <li>Personalizaci\u00f3n asistida por IA para una configuraci\u00f3n m\u00e1s r\u00e1pida<\/li>\n  <li>Dise\u00f1os adaptados a dispositivos m\u00f3viles<\/li>\n  <li>SEO f\u00e1cil de usar y rendimiento optimizado<\/li>\n  <li>Edici\u00f3n sencilla mediante arrastrar y soltar<\/li>\n<\/ul>\n\n<p>Al elegir Kadence AI Starter Templates, puede lanzar un sitio web de alto rendimiento con confianza, atraer a su p\u00fablico objetivo y hacer crecer su negocio en l\u00ednea con facilidad.<\/p>\n\t\t\t\t\t<\/div>\n\t\t\t\t\t\t<\/div>\n\t\t\t\t<\/div>\n\t\t\t\t\t<\/div>\n\t\t\t\t<\/div>\n\t\t<div class=\"wd-negative-gap elementor-element elementor-element-713dd8f e-flex e-con-boxed e-con e-parent\" data-id=\"713dd8f\" data-element_type=\"container\" data-e-type=\"container\">\n\t\t\t\t\t<div class=\"e-con-inner\">\n\t\t\t\t<div class=\"elementor-element elementor-element-74b76b0 elementor-widget elementor-widget-video\" data-id=\"74b76b0\" data-element_type=\"widget\" data-e-type=\"widget\" data-settings=\"{&quot;youtube_url&quot;:&quot;https:\\\/\\\/youtu.be\\\/2iOyifwwuCY&quot;,&quot;video_type&quot;:&quot;youtube&quot;,&quot;controls&quot;:&quot;yes&quot;}\" data-widget_type=\"video.default\">\n\t\t\t\t\t\t\t<div class=\"elementor-wrapper elementor-open-inline\">\n\t\t\t<div class=\"elementor-video\"><\/div>\t\t<\/div>\n\t\t\t\t\t\t<\/div>\n\t\t\t\t\t<\/div>\n\t\t\t\t<\/div>\n\t\t\t\t<\/div>","protected":false},"excerpt":{"rendered":"<p>Plantillas de inicio Kadence AI Las plantillas de inicio Kadence AI le ayudan a crear un sitio web WordPress completo de forma r\u00e1pida y profesional. En lugar de<\/p>","protected":false},"featured_media":11783,"comment_status":"open","ping_status":"closed","template":"","meta":{"_acf_changed":false},"product_brand":[],"product_cat":[49],"product_tag":[],"class_list":{"0":"post-11782","1":"product","2":"type-product","3":"status-publish","4":"has-post-thumbnail","6":"product_cat-plugins","8":"first","9":"instock","10":"sale","11":"downloadable","12":"shipping-taxable","13":"purchasable","14":"product-type-simple"},"acf":[],"yoast_head":"<!-- This site is optimized with the Yoast SEO Premium plugin v25.6 (Yoast SEO v27.1.1) - https:\/\/yoast.com\/product\/yoast-seo-premium-wordpress\/ -->\n<title>Kadence AI Starter Templates - AllWin Theme \u2013 Free WordPress Themes Download<\/title>\n<meta name=\"description\" content=\"Launch professional WordPress sites instantly with Kadence AI Starter Templates, offering smart design options for any business.\" \/>\n<meta name=\"robots\" content=\"index, follow, max-snippet:-1, max-image-preview:large, max-video-preview:-1\" \/>\n<link rel=\"canonical\" href=\"https:\/\/allwintheme.com\/es\/producto\/kadence-ai-plantillas-de-inicio\/\" \/>\n<meta property=\"og:locale\" content=\"es_ES\" \/>\n<meta property=\"og:type\" content=\"article\" \/>\n<meta property=\"og:title\" content=\"Kadence AI Starter Templates\" \/>\n<meta property=\"og:description\" content=\"Launch professional WordPress sites instantly with Kadence AI Starter Templates, offering smart design options for any business.\" \/>\n<meta property=\"og:url\" content=\"https:\/\/allwintheme.com\/es\/producto\/kadence-ai-plantillas-de-inicio\/\" \/>\n<meta property=\"og:site_name\" content=\"AllWin Theme \u2013 Free WordPress Themes Download\" \/>\n<meta property=\"article:modified_time\" content=\"2025-10-25T09:20:54+00:00\" \/>\n<meta property=\"og:image\" content=\"https:\/\/allwintheme.com\/wp-content\/uploads\/2025\/10\/56o41wyz.png\" \/>\n\t<meta property=\"og:image:width\" content=\"768\" \/>\n\t<meta property=\"og:image:height\" content=\"392\" \/>\n\t<meta property=\"og:image:type\" content=\"image\/png\" \/>\n<meta name=\"twitter:card\" content=\"summary_large_image\" \/>\n<meta name=\"twitter:label1\" content=\"Tiempo estimado de lectura\" \/>\n\t<meta name=\"twitter:data1\" content=\"2 minutos\" \/>\n<script type=\"application\/ld+json\" class=\"yoast-schema-graph\">{\"@context\":\"https:\/\/schema.org\",\"@graph\":[{\"@type\":\"WebPage\",\"@id\":\"https:\/\/allwintheme.com\/product\/kadence-ai-starter-templates\/\",\"url\":\"https:\/\/allwintheme.com\/product\/kadence-ai-starter-templates\/\",\"name\":\"Kadence AI Starter Templates - AllWin Theme \u2013 Free WordPress Themes Download\",\"isPartOf\":{\"@id\":\"https:\/\/allwintheme.com\/#website\"},\"primaryImageOfPage\":{\"@id\":\"https:\/\/allwintheme.com\/product\/kadence-ai-starter-templates\/#primaryimage\"},\"image\":{\"@id\":\"https:\/\/allwintheme.com\/product\/kadence-ai-starter-templates\/#primaryimage\"},\"thumbnailUrl\":\"https:\/\/allwintheme.com\/wp-content\/uploads\/2025\/10\/56o41wyz.png\",\"datePublished\":\"2025-10-25T09:16:38+00:00\",\"dateModified\":\"2025-10-25T09:20:54+00:00\",\"description\":\"Launch professional WordPress sites instantly with Kadence AI Starter Templates, offering smart design options for any business.\",\"breadcrumb\":{\"@id\":\"https:\/\/allwintheme.com\/product\/kadence-ai-starter-templates\/#breadcrumb\"},\"inLanguage\":\"es-CL\",\"potentialAction\":[{\"@type\":\"ReadAction\",\"target\":[\"https:\/\/allwintheme.com\/product\/kadence-ai-starter-templates\/\"]}]},{\"@type\":\"ImageObject\",\"inLanguage\":\"es-CL\",\"@id\":\"https:\/\/allwintheme.com\/product\/kadence-ai-starter-templates\/#primaryimage\",\"url\":\"https:\/\/allwintheme.com\/wp-content\/uploads\/2025\/10\/56o41wyz.png\",\"contentUrl\":\"https:\/\/allwintheme.com\/wp-content\/uploads\/2025\/10\/56o41wyz.png\",\"width\":768,\"height\":392,\"caption\":\"Kadence AI Starter Templates\"},{\"@type\":\"BreadcrumbList\",\"@id\":\"https:\/\/allwintheme.com\/product\/kadence-ai-starter-templates\/#breadcrumb\",\"itemListElement\":[{\"@type\":\"ListItem\",\"position\":1,\"name\":\"Home\",\"item\":\"https:\/\/allwintheme.com\/\"},{\"@type\":\"ListItem\",\"position\":2,\"name\":\"Shop\",\"item\":\"https:\/\/allwintheme.com\/shop\/\"},{\"@type\":\"ListItem\",\"position\":3,\"name\":\"Kadence AI Starter Templates\"}]},{\"@type\":\"WebSite\",\"@id\":\"https:\/\/allwintheme.com\/#website\",\"url\":\"https:\/\/allwintheme.com\/\",\"name\":\"Allwintheme\",\"description\":\"Download free WordPress themes for every niche. Blogs, business, eCommerce, portfolio, restaurant and more. All themes are GPL licensed and mobile-ready.\",\"potentialAction\":[{\"@type\":\"SearchAction\",\"target\":{\"@type\":\"EntryPoint\",\"urlTemplate\":\"https:\/\/allwintheme.com\/?s={search_term_string}\"},\"query-input\":{\"@type\":\"PropertyValueSpecification\",\"valueRequired\":true,\"valueName\":\"search_term_string\"}}],\"inLanguage\":\"es-CL\"}]}<\/script>\n<!-- \/ Yoast SEO Premium plugin. -->","yoast_head_json":{"title":"Kadence AI Starter Templates - AllWin Theme - Free WordPress Themes Download","description":"Lance sitios WordPress profesionales al instante con las plantillas de inicio Kadence AI, que ofrecen opciones de dise\u00f1o inteligentes para cualquier negocio.","robots":{"index":"index","follow":"follow","max-snippet":"max-snippet:-1","max-image-preview":"max-image-preview:large","max-video-preview":"max-video-preview:-1"},"canonical":"https:\/\/allwintheme.com\/es\/producto\/kadence-ai-plantillas-de-inicio\/","og_locale":"es_ES","og_type":"article","og_title":"Kadence AI Starter Templates","og_description":"Launch professional WordPress sites instantly with Kadence AI Starter Templates, offering smart design options for any business.","og_url":"https:\/\/allwintheme.com\/es\/producto\/kadence-ai-plantillas-de-inicio\/","og_site_name":"AllWin Theme \u2013 Free WordPress Themes Download","article_modified_time":"2025-10-25T09:20:54+00:00","og_image":[{"width":768,"height":392,"url":"https:\/\/allwintheme.com\/wp-content\/uploads\/2025\/10\/56o41wyz.png","type":"image\/png"}],"twitter_card":"summary_large_image","twitter_misc":{"Tiempo estimado de lectura":"2 minutos"},"schema":{"@context":"https:\/\/schema.org","@graph":[{"@type":"WebPage","@id":"https:\/\/allwintheme.com\/product\/kadence-ai-starter-templates\/","url":"https:\/\/allwintheme.com\/product\/kadence-ai-starter-templates\/","name":"Kadence AI Starter Templates - AllWin Theme - Free WordPress Themes Download","isPartOf":{"@id":"https:\/\/allwintheme.com\/#website"},"primaryImageOfPage":{"@id":"https:\/\/allwintheme.com\/product\/kadence-ai-starter-templates\/#primaryimage"},"image":{"@id":"https:\/\/allwintheme.com\/product\/kadence-ai-starter-templates\/#primaryimage"},"thumbnailUrl":"https:\/\/allwintheme.com\/wp-content\/uploads\/2025\/10\/56o41wyz.png","datePublished":"2025-10-25T09:16:38+00:00","dateModified":"2025-10-25T09:20:54+00:00","description":"Lance sitios WordPress profesionales al instante con las plantillas de inicio Kadence AI, que ofrecen opciones de dise\u00f1o inteligentes para cualquier negocio.","breadcrumb":{"@id":"https:\/\/allwintheme.com\/product\/kadence-ai-starter-templates\/#breadcrumb"},"inLanguage":"es-CL","potentialAction":[{"@type":"ReadAction","target":["https:\/\/allwintheme.com\/product\/kadence-ai-starter-templates\/"]}]},{"@type":"ImageObject","inLanguage":"es-CL","@id":"https:\/\/allwintheme.com\/product\/kadence-ai-starter-templates\/#primaryimage","url":"https:\/\/allwintheme.com\/wp-content\/uploads\/2025\/10\/56o41wyz.png","contentUrl":"https:\/\/allwintheme.com\/wp-content\/uploads\/2025\/10\/56o41wyz.png","width":768,"height":392,"caption":"Kadence AI Starter Templates"},{"@type":"BreadcrumbList","@id":"https:\/\/allwintheme.com\/product\/kadence-ai-starter-templates\/#breadcrumb","itemListElement":[{"@type":"ListItem","position":1,"name":"Home","item":"https:\/\/allwintheme.com\/"},{"@type":"ListItem","position":2,"name":"Shop","item":"https:\/\/allwintheme.com\/shop\/"},{"@type":"ListItem","position":3,"name":"Kadence AI Starter Templates"}]},{"@type":"WebSite","@id":"https:\/\/allwintheme.com\/#website","url":"https:\/\/allwintheme.com\/","name":"Allwintheme","description":"Descarga gratis temas de WordPress para todos los nichos. Blogs, negocios, comercio electr\u00f3nico, portafolio, restaurante y m\u00e1s. Todos los temas tienen licencia GPL y est\u00e1n preparados para dispositivos m\u00f3viles.","potentialAction":[{"@type":"SearchAction","target":{"@type":"EntryPoint","urlTemplate":"https:\/\/allwintheme.com\/?s={search_term_string}"},"query-input":{"@type":"PropertyValueSpecification","valueRequired":true,"valueName":"search_term_string"}}],"inLanguage":"es-CL"}]}},"_links":{"self":[{"href":"https:\/\/allwintheme.com\/es\/wp-json\/wp\/v2\/product\/11782","targetHints":{"allow":["GET"]}}],"collection":[{"href":"https:\/\/allwintheme.com\/es\/wp-json\/wp\/v2\/product"}],"about":[{"href":"https:\/\/allwintheme.com\/es\/wp-json\/wp\/v2\/types\/product"}],"replies":[{"embeddable":true,"href":"https:\/\/allwintheme.com\/es\/wp-json\/wp\/v2\/comments?post=11782"}],"version-history":[{"count":5,"href":"https:\/\/allwintheme.com\/es\/wp-json\/wp\/v2\/product\/11782\/revisions"}],"predecessor-version":[{"id":11788,"href":"https:\/\/allwintheme.com\/es\/wp-json\/wp\/v2\/product\/11782\/revisions\/11788"}],"wp:featuredmedia":[{"embeddable":true,"href":"https:\/\/allwintheme.com\/es\/wp-json\/wp\/v2\/media\/11783"}],"wp:attachment":[{"href":"https:\/\/allwintheme.com\/es\/wp-json\/wp\/v2\/media?parent=11782"}],"wp:term":[{"taxonomy":"product_brand","embeddable":true,"href":"https:\/\/allwintheme.com\/es\/wp-json\/wp\/v2\/product_brand?post=11782"},{"taxonomy":"product_cat","embeddable":true,"href":"https:\/\/allwintheme.com\/es\/wp-json\/wp\/v2\/product_cat?post=11782"},{"taxonomy":"product_tag","embeddable":true,"href":"https:\/\/allwintheme.com\/es\/wp-json\/wp\/v2\/product_tag?post=11782"}],"curies":[{"name":"wp","href":"https:\/\/api.w.org\/{rel}","templated":true}]}}