{"id":11796,"date":"2025-10-26T01:41:24","date_gmt":"2025-10-26T01:41:24","guid":{"rendered":"https:\/\/allwintheme.com\/?post_type=product&#038;p=11796"},"modified":"2025-10-26T02:03:34","modified_gmt":"2025-10-26T02:03:34","slug":"plugin-wordpress-scalability-pro","status":"publish","type":"product","link":"https:\/\/allwintheme.com\/es\/producto\/plugin-wordpress-scalability-pro\/","title":{"rendered":"Scalability Pro WordPress Plugin"},"content":{"rendered":"<div data-elementor-type=\"wp-post\" data-elementor-id=\"11796\" class=\"elementor elementor-11796\" data-elementor-settings=\"{&quot;element_pack_global_tooltip_width&quot;:{&quot;unit&quot;:&quot;px&quot;,&quot;size&quot;:&quot;&quot;,&quot;sizes&quot;:[]},&quot;element_pack_global_tooltip_width_tablet&quot;:{&quot;unit&quot;:&quot;px&quot;,&quot;size&quot;:&quot;&quot;,&quot;sizes&quot;:[]},&quot;element_pack_global_tooltip_width_mobile&quot;:{&quot;unit&quot;:&quot;px&quot;,&quot;size&quot;:&quot;&quot;,&quot;sizes&quot;:[]},&quot;element_pack_global_tooltip_padding&quot;:{&quot;unit&quot;:&quot;px&quot;,&quot;top&quot;:&quot;&quot;,&quot;right&quot;:&quot;&quot;,&quot;bottom&quot;:&quot;&quot;,&quot;left&quot;:&quot;&quot;,&quot;isLinked&quot;:true},&quot;element_pack_global_tooltip_padding_tablet&quot;:{&quot;unit&quot;:&quot;px&quot;,&quot;top&quot;:&quot;&quot;,&quot;right&quot;:&quot;&quot;,&quot;bottom&quot;:&quot;&quot;,&quot;left&quot;:&quot;&quot;,&quot;isLinked&quot;:true},&quot;element_pack_global_tooltip_padding_mobile&quot;:{&quot;unit&quot;:&quot;px&quot;,&quot;top&quot;:&quot;&quot;,&quot;right&quot;:&quot;&quot;,&quot;bottom&quot;:&quot;&quot;,&quot;left&quot;:&quot;&quot;,&quot;isLinked&quot;:true},&quot;element_pack_global_tooltip_border_radius&quot;:{&quot;unit&quot;:&quot;px&quot;,&quot;top&quot;:&quot;&quot;,&quot;right&quot;:&quot;&quot;,&quot;bottom&quot;:&quot;&quot;,&quot;left&quot;:&quot;&quot;,&quot;isLinked&quot;:true},&quot;element_pack_global_tooltip_border_radius_tablet&quot;:{&quot;unit&quot;:&quot;px&quot;,&quot;top&quot;:&quot;&quot;,&quot;right&quot;:&quot;&quot;,&quot;bottom&quot;:&quot;&quot;,&quot;left&quot;:&quot;&quot;,&quot;isLinked&quot;:true},&quot;element_pack_global_tooltip_border_radius_mobile&quot;:{&quot;unit&quot;:&quot;px&quot;,&quot;top&quot;:&quot;&quot;,&quot;right&quot;:&quot;&quot;,&quot;bottom&quot;:&quot;&quot;,&quot;left&quot;:&quot;&quot;,&quot;isLinked&quot;:true}}\" data-elementor-post-type=\"product\">\n\t\t\t\t<div class=\"wd-negative-gap elementor-element elementor-element-116794f e-flex e-con-boxed e-con e-parent\" data-id=\"116794f\" data-element_type=\"container\" data-e-type=\"container\">\n\t\t\t\t\t<div class=\"e-con-inner\">\n\t\t\t\t<div class=\"elementor-element elementor-element-03d2133 elementor-widget elementor-widget-wd_text_block\" data-id=\"03d2133\" data-element_type=\"widget\" data-e-type=\"widget\" data-widget_type=\"wd_text_block.default\">\n\t\t\t\t<div class=\"elementor-widget-container\">\n\t\t\t\t\t\t\t<div class=\"wd-text-block reset-last-child text-left\">\n\t\t\t\n\t\t\t<h2>Escalabilidad Pro: Aumente el rendimiento de su WordPress<\/h2>\n<p>En <strong>Scalability Pro WordPress Plugin<\/strong> transforma la velocidad y eficiencia de tu sitio, especialmente para configuraciones de WordPress y WooCommerce a gran escala. Por ejemplo, las empresas con extensas bases de datos o sitios de alto tr\u00e1fico utilizan activamente este plugin para optimizar el rendimiento. En consecuencia, ofrece cargas de p\u00e1gina m\u00e1s r\u00e1pidas y una experiencia de usuario m\u00e1s fluida sin codificaci\u00f3n compleja.<\/p>\n\n<h3>Optimizaci\u00f3n sin esfuerzo para sitios grandes<\/h3>\n<p>Scalability Pro aborda directamente los cuellos de botella en el rendimiento. En concreto, optimiza las consultas a la base de datos, reduce la carga del servidor y acelera las p\u00e1ginas de productos, los archivos y las b\u00fasquedas de WooCommerce. Adem\u00e1s, estas mejoras se implementan directamente desde el panel de control de WordPress, por lo que se ahorra tiempo y recursos a la vez que se aumenta la eficiencia.<\/p>\n\n<h3>\u00bfPor qu\u00e9 elegir Scalability Pro?<\/h3>\n<ul>\n    <li><strong>Optimizaci\u00f3n de bases de datos:<\/strong> El complemento agiliza las grandes bases de datos, reduciendo los tiempos de consulta y acelerando la visualizaci\u00f3n de las p\u00e1ginas.<\/li>\n    <li><strong>WooCommerce Boost:<\/strong> Mejore el rendimiento de la tienda con filtros de productos, archivos y procesos de pago optimizados.<\/li>\n    <li><strong>Arquitectura escalable:<\/strong> Su sitio gestiona sin esfuerzo el tr\u00e1fico elevado y los datos complejos, garantizando la fiabilidad.<\/li>\n    <li><strong>F\u00e1cil instalaci\u00f3n:<\/strong> Los usuarios no t\u00e9cnicos configuran los ajustes r\u00e1pidamente con opciones claras y sin necesidad de codificaci\u00f3n.<\/li>\n    <li><strong>Herramientas para desarrolladores:<\/strong> Los usuarios avanzados tienen acceso a ajustes personalizados de las consultas para un ajuste preciso del rendimiento.<\/li>\n<\/ul>\n\n<h3>Rendimiento sin fisuras en todos los dispositivos<\/h3>\n<p>Scalability Pro garantiza que tu sitio funcione sin problemas en ordenadores de sobremesa, tabletas y m\u00f3viles. Por ejemplo, reduce los tiempos de carga de las tiendas WooCommerce con miles de productos o publicaciones. Como resultado, mejora la satisfacci\u00f3n del usuario y el posicionamiento SEO, ya que los sitios m\u00e1s r\u00e1pidos se posicionan mejor en los motores de b\u00fasqueda.<\/p>\n\n<h3>Prepare su sitio web para el futuro<\/h3>\n<p>Con Scalability Pro, preparar\u00e1 su sitio para el crecimiento. Tanto si gestiona un blog, una tienda de comercio electr\u00f3nico o una plataforma de afiliaci\u00f3n, este complemento se adapta a sus necesidades. Por lo tanto, evitar ralentizaciones como su tr\u00e1fico o base de datos escalas, manteniendo su sitio sensible y fiable.<\/p>\n\n<h3>Optimice su sitio web hoy mismo<\/h3>\n<p>Mejore el rendimiento de WordPress con <strong>Scalability Pro WordPress Plugin<\/strong>. Inst\u00e1lelo ahora para conseguir tiempos de carga m\u00e1s r\u00e1pidos, usuarios m\u00e1s satisfechos y un sitio escalable listo para el \u00e9xito.\n\t\t\t\t\t<\/div>\n\t\t\t\t\t\t<\/div>\n\t\t\t\t<\/div>\n\t\t\t\t\t<\/div>\n\t\t\t\t<\/div>\n\t\t<div class=\"wd-negative-gap elementor-element elementor-element-713dd8f e-flex e-con-boxed e-con e-parent\" data-id=\"713dd8f\" data-element_type=\"container\" data-e-type=\"container\">\n\t\t\t\t\t<div class=\"e-con-inner\">\n\t\t\t\t<div class=\"elementor-element elementor-element-74b76b0 elementor-widget elementor-widget-video\" data-id=\"74b76b0\" data-element_type=\"widget\" data-e-type=\"widget\" data-settings=\"{&quot;youtube_url&quot;:&quot;https:\\\/\\\/youtu.be\\\/T7yAPt0ZfY4&quot;,&quot;video_type&quot;:&quot;youtube&quot;,&quot;controls&quot;:&quot;yes&quot;}\" data-widget_type=\"video.default\">\n\t\t\t\t\t\t\t<div class=\"elementor-wrapper elementor-open-inline\">\n\t\t\t<div class=\"elementor-video\"><\/div>\t\t<\/div>\n\t\t\t\t\t\t<\/div>\n\t\t\t\t\t<\/div>\n\t\t\t\t<\/div>\n\t\t\t\t<\/div>","protected":false},"excerpt":{"rendered":"<p>Scalability Pro: Supercharge Your WordPress Performance The Scalability Pro WordPress Plugin transforms your site\u2019s speed and efficiency, especially for large-scale<\/p>","protected":false},"featured_media":11807,"comment_status":"open","ping_status":"closed","template":"","meta":{"_acf_changed":false},"product_brand":[],"product_cat":[49],"product_tag":[],"class_list":{"0":"post-11796","1":"product","2":"type-product","3":"status-publish","4":"has-post-thumbnail","6":"product_cat-plugins","8":"first","9":"instock","10":"sale","11":"downloadable","12":"shipping-taxable","13":"purchasable","14":"product-type-simple"},"acf":[],"yoast_head":"<!-- This site is optimized with the Yoast SEO Premium plugin v25.6 (Yoast SEO v27.1.1) - https:\/\/yoast.com\/product\/yoast-seo-premium-wordpress\/ -->\n<title>Scalability Pro WordPress Plugin - AllWin Theme \u2013 Free WordPress Themes Download<\/title>\n<meta name=\"description\" content=\"Boost your WordPress site\u2019s speed with Scalability Pro. Optimize large databases, queries, and WooCommerce for faster performance and scalability.\" \/>\n<meta name=\"robots\" content=\"index, follow, max-snippet:-1, max-image-preview:large, max-video-preview:-1\" \/>\n<link rel=\"canonical\" href=\"https:\/\/allwintheme.com\/es\/producto\/plugin-wordpress-scalability-pro\/\" \/>\n<meta property=\"og:locale\" content=\"es_ES\" \/>\n<meta property=\"og:type\" content=\"article\" \/>\n<meta property=\"og:title\" content=\"Scalability Pro WordPress Plugin\" \/>\n<meta property=\"og:description\" content=\"Boost your WordPress site\u2019s speed with Scalability Pro. Optimize large databases, queries, and WooCommerce for faster performance and scalability.\" \/>\n<meta property=\"og:url\" content=\"https:\/\/allwintheme.com\/es\/producto\/plugin-wordpress-scalability-pro\/\" \/>\n<meta property=\"og:site_name\" content=\"AllWin Theme \u2013 Free WordPress Themes Download\" \/>\n<meta property=\"article:modified_time\" content=\"2025-10-26T02:03:34+00:00\" \/>\n<meta property=\"og:image\" content=\"https:\/\/allwintheme.com\/wp-content\/uploads\/2025\/10\/173kz4nf.png\" \/>\n\t<meta property=\"og:image:width\" content=\"590\" \/>\n\t<meta property=\"og:image:height\" content=\"300\" \/>\n\t<meta property=\"og:image:type\" content=\"image\/png\" \/>\n<meta name=\"twitter:card\" content=\"summary_large_image\" \/>\n<meta name=\"twitter:label1\" content=\"Tiempo estimado de lectura\" \/>\n\t<meta name=\"twitter:data1\" content=\"2 minutos\" \/>\n<script type=\"application\/ld+json\" class=\"yoast-schema-graph\">{\"@context\":\"https:\/\/schema.org\",\"@graph\":[{\"@type\":\"WebPage\",\"@id\":\"https:\/\/allwintheme.com\/product\/scalability-pro-wordpress-plugin\/\",\"url\":\"https:\/\/allwintheme.com\/product\/scalability-pro-wordpress-plugin\/\",\"name\":\"Scalability Pro WordPress Plugin - AllWin Theme \u2013 Free WordPress Themes Download\",\"isPartOf\":{\"@id\":\"https:\/\/allwintheme.com\/#website\"},\"primaryImageOfPage\":{\"@id\":\"https:\/\/allwintheme.com\/product\/scalability-pro-wordpress-plugin\/#primaryimage\"},\"image\":{\"@id\":\"https:\/\/allwintheme.com\/product\/scalability-pro-wordpress-plugin\/#primaryimage\"},\"thumbnailUrl\":\"https:\/\/allwintheme.com\/wp-content\/uploads\/2025\/10\/173kz4nf.png\",\"datePublished\":\"2025-10-26T01:41:24+00:00\",\"dateModified\":\"2025-10-26T02:03:34+00:00\",\"description\":\"Boost your WordPress site\u2019s speed with Scalability Pro. Optimize large databases, queries, and WooCommerce for faster performance and scalability.\",\"breadcrumb\":{\"@id\":\"https:\/\/allwintheme.com\/product\/scalability-pro-wordpress-plugin\/#breadcrumb\"},\"inLanguage\":\"es-CL\",\"potentialAction\":[{\"@type\":\"ReadAction\",\"target\":[\"https:\/\/allwintheme.com\/product\/scalability-pro-wordpress-plugin\/\"]}]},{\"@type\":\"ImageObject\",\"inLanguage\":\"es-CL\",\"@id\":\"https:\/\/allwintheme.com\/product\/scalability-pro-wordpress-plugin\/#primaryimage\",\"url\":\"https:\/\/allwintheme.com\/wp-content\/uploads\/2025\/10\/173kz4nf.png\",\"contentUrl\":\"https:\/\/allwintheme.com\/wp-content\/uploads\/2025\/10\/173kz4nf.png\",\"width\":590,\"height\":300,\"caption\":\"Scalability Pro WordPress Plugin\"},{\"@type\":\"BreadcrumbList\",\"@id\":\"https:\/\/allwintheme.com\/product\/scalability-pro-wordpress-plugin\/#breadcrumb\",\"itemListElement\":[{\"@type\":\"ListItem\",\"position\":1,\"name\":\"Home\",\"item\":\"https:\/\/allwintheme.com\/\"},{\"@type\":\"ListItem\",\"position\":2,\"name\":\"Shop\",\"item\":\"https:\/\/allwintheme.com\/shop\/\"},{\"@type\":\"ListItem\",\"position\":3,\"name\":\"Scalability Pro WordPress Plugin\"}]},{\"@type\":\"WebSite\",\"@id\":\"https:\/\/allwintheme.com\/#website\",\"url\":\"https:\/\/allwintheme.com\/\",\"name\":\"Allwintheme\",\"description\":\"Download free WordPress themes for every niche. Blogs, business, eCommerce, portfolio, restaurant and more. All themes are GPL licensed and mobile-ready.\",\"potentialAction\":[{\"@type\":\"SearchAction\",\"target\":{\"@type\":\"EntryPoint\",\"urlTemplate\":\"https:\/\/allwintheme.com\/?s={search_term_string}\"},\"query-input\":{\"@type\":\"PropertyValueSpecification\",\"valueRequired\":true,\"valueName\":\"search_term_string\"}}],\"inLanguage\":\"es-CL\"}]}<\/script>\n<!-- \/ Yoast SEO Premium plugin. -->","yoast_head_json":{"title":"Scalability Pro WordPress Plugin - AllWin Theme \u2013 Free WordPress Themes Download","description":"Aumenta la velocidad de tu sitio WordPress con Scalability Pro. Optimiza grandes bases de datos, consultas y WooCommerce para obtener un rendimiento y una escalabilidad m\u00e1s r\u00e1pidos.","robots":{"index":"index","follow":"follow","max-snippet":"max-snippet:-1","max-image-preview":"max-image-preview:large","max-video-preview":"max-video-preview:-1"},"canonical":"https:\/\/allwintheme.com\/es\/producto\/plugin-wordpress-scalability-pro\/","og_locale":"es_ES","og_type":"article","og_title":"Scalability Pro WordPress Plugin","og_description":"Boost your WordPress site\u2019s speed with Scalability Pro. Optimize large databases, queries, and WooCommerce for faster performance and scalability.","og_url":"https:\/\/allwintheme.com\/es\/producto\/plugin-wordpress-scalability-pro\/","og_site_name":"AllWin Theme \u2013 Free WordPress Themes Download","article_modified_time":"2025-10-26T02:03:34+00:00","og_image":[{"width":590,"height":300,"url":"https:\/\/allwintheme.com\/wp-content\/uploads\/2025\/10\/173kz4nf.png","type":"image\/png"}],"twitter_card":"summary_large_image","twitter_misc":{"Tiempo estimado de lectura":"2 minutos"},"schema":{"@context":"https:\/\/schema.org","@graph":[{"@type":"WebPage","@id":"https:\/\/allwintheme.com\/product\/scalability-pro-wordpress-plugin\/","url":"https:\/\/allwintheme.com\/product\/scalability-pro-wordpress-plugin\/","name":"Scalability Pro WordPress Plugin - AllWin Theme \u2013 Free WordPress Themes Download","isPartOf":{"@id":"https:\/\/allwintheme.com\/#website"},"primaryImageOfPage":{"@id":"https:\/\/allwintheme.com\/product\/scalability-pro-wordpress-plugin\/#primaryimage"},"image":{"@id":"https:\/\/allwintheme.com\/product\/scalability-pro-wordpress-plugin\/#primaryimage"},"thumbnailUrl":"https:\/\/allwintheme.com\/wp-content\/uploads\/2025\/10\/173kz4nf.png","datePublished":"2025-10-26T01:41:24+00:00","dateModified":"2025-10-26T02:03:34+00:00","description":"Aumenta la velocidad de tu sitio WordPress con Scalability Pro. Optimiza grandes bases de datos, consultas y WooCommerce para obtener un rendimiento y una escalabilidad m\u00e1s r\u00e1pidos.","breadcrumb":{"@id":"https:\/\/allwintheme.com\/product\/scalability-pro-wordpress-plugin\/#breadcrumb"},"inLanguage":"es-CL","potentialAction":[{"@type":"ReadAction","target":["https:\/\/allwintheme.com\/product\/scalability-pro-wordpress-plugin\/"]}]},{"@type":"ImageObject","inLanguage":"es-CL","@id":"https:\/\/allwintheme.com\/product\/scalability-pro-wordpress-plugin\/#primaryimage","url":"https:\/\/allwintheme.com\/wp-content\/uploads\/2025\/10\/173kz4nf.png","contentUrl":"https:\/\/allwintheme.com\/wp-content\/uploads\/2025\/10\/173kz4nf.png","width":590,"height":300,"caption":"Scalability Pro WordPress Plugin"},{"@type":"BreadcrumbList","@id":"https:\/\/allwintheme.com\/product\/scalability-pro-wordpress-plugin\/#breadcrumb","itemListElement":[{"@type":"ListItem","position":1,"name":"Home","item":"https:\/\/allwintheme.com\/"},{"@type":"ListItem","position":2,"name":"Shop","item":"https:\/\/allwintheme.com\/shop\/"},{"@type":"ListItem","position":3,"name":"Scalability Pro WordPress Plugin"}]},{"@type":"WebSite","@id":"https:\/\/allwintheme.com\/#website","url":"https:\/\/allwintheme.com\/","name":"Allwintheme","description":"Descarga gratis temas de WordPress para todos los nichos. Blogs, negocios, comercio electr\u00f3nico, portafolio, restaurante y m\u00e1s. Todos los temas tienen licencia GPL y est\u00e1n preparados para dispositivos m\u00f3viles.","potentialAction":[{"@type":"SearchAction","target":{"@type":"EntryPoint","urlTemplate":"https:\/\/allwintheme.com\/?s={search_term_string}"},"query-input":{"@type":"PropertyValueSpecification","valueRequired":true,"valueName":"search_term_string"}}],"inLanguage":"es-CL"}]}},"_links":{"self":[{"href":"https:\/\/allwintheme.com\/es\/wp-json\/wp\/v2\/product\/11796","targetHints":{"allow":["GET"]}}],"collection":[{"href":"https:\/\/allwintheme.com\/es\/wp-json\/wp\/v2\/product"}],"about":[{"href":"https:\/\/allwintheme.com\/es\/wp-json\/wp\/v2\/types\/product"}],"replies":[{"embeddable":true,"href":"https:\/\/allwintheme.com\/es\/wp-json\/wp\/v2\/comments?post=11796"}],"version-history":[{"count":5,"href":"https:\/\/allwintheme.com\/es\/wp-json\/wp\/v2\/product\/11796\/revisions"}],"predecessor-version":[{"id":11812,"href":"https:\/\/allwintheme.com\/es\/wp-json\/wp\/v2\/product\/11796\/revisions\/11812"}],"wp:featuredmedia":[{"embeddable":true,"href":"https:\/\/allwintheme.com\/es\/wp-json\/wp\/v2\/media\/11807"}],"wp:attachment":[{"href":"https:\/\/allwintheme.com\/es\/wp-json\/wp\/v2\/media?parent=11796"}],"wp:term":[{"taxonomy":"product_brand","embeddable":true,"href":"https:\/\/allwintheme.com\/es\/wp-json\/wp\/v2\/product_brand?post=11796"},{"taxonomy":"product_cat","embeddable":true,"href":"https:\/\/allwintheme.com\/es\/wp-json\/wp\/v2\/product_cat?post=11796"},{"taxonomy":"product_tag","embeddable":true,"href":"https:\/\/allwintheme.com\/es\/wp-json\/wp\/v2\/product_tag?post=11796"}],"curies":[{"name":"wp","href":"https:\/\/api.w.org\/{rel}","templated":true}]}}