{"id":11797,"date":"2025-10-26T01:51:37","date_gmt":"2025-10-26T01:51:37","guid":{"rendered":"https:\/\/allwintheme.com\/?post_type=product&#038;p=11797"},"modified":"2025-10-26T01:57:48","modified_gmt":"2025-10-26T01:57:48","slug":"asset-cleanup-pro-performance-plugin","status":"publish","type":"product","link":"https:\/\/allwintheme.com\/es\/producto\/asset-cleanup-pro-performance-plugin\/","title":{"rendered":"Plugin de rendimiento Asset CleanUp Pro"},"content":{"rendered":"<div data-elementor-type=\"wp-post\" data-elementor-id=\"11797\" class=\"elementor elementor-11797\" data-elementor-settings=\"{&quot;element_pack_global_tooltip_width&quot;:{&quot;unit&quot;:&quot;px&quot;,&quot;size&quot;:&quot;&quot;,&quot;sizes&quot;:[]},&quot;element_pack_global_tooltip_width_tablet&quot;:{&quot;unit&quot;:&quot;px&quot;,&quot;size&quot;:&quot;&quot;,&quot;sizes&quot;:[]},&quot;element_pack_global_tooltip_width_mobile&quot;:{&quot;unit&quot;:&quot;px&quot;,&quot;size&quot;:&quot;&quot;,&quot;sizes&quot;:[]},&quot;element_pack_global_tooltip_padding&quot;:{&quot;unit&quot;:&quot;px&quot;,&quot;top&quot;:&quot;&quot;,&quot;right&quot;:&quot;&quot;,&quot;bottom&quot;:&quot;&quot;,&quot;left&quot;:&quot;&quot;,&quot;isLinked&quot;:true},&quot;element_pack_global_tooltip_padding_tablet&quot;:{&quot;unit&quot;:&quot;px&quot;,&quot;top&quot;:&quot;&quot;,&quot;right&quot;:&quot;&quot;,&quot;bottom&quot;:&quot;&quot;,&quot;left&quot;:&quot;&quot;,&quot;isLinked&quot;:true},&quot;element_pack_global_tooltip_padding_mobile&quot;:{&quot;unit&quot;:&quot;px&quot;,&quot;top&quot;:&quot;&quot;,&quot;right&quot;:&quot;&quot;,&quot;bottom&quot;:&quot;&quot;,&quot;left&quot;:&quot;&quot;,&quot;isLinked&quot;:true},&quot;element_pack_global_tooltip_border_radius&quot;:{&quot;unit&quot;:&quot;px&quot;,&quot;top&quot;:&quot;&quot;,&quot;right&quot;:&quot;&quot;,&quot;bottom&quot;:&quot;&quot;,&quot;left&quot;:&quot;&quot;,&quot;isLinked&quot;:true},&quot;element_pack_global_tooltip_border_radius_tablet&quot;:{&quot;unit&quot;:&quot;px&quot;,&quot;top&quot;:&quot;&quot;,&quot;right&quot;:&quot;&quot;,&quot;bottom&quot;:&quot;&quot;,&quot;left&quot;:&quot;&quot;,&quot;isLinked&quot;:true},&quot;element_pack_global_tooltip_border_radius_mobile&quot;:{&quot;unit&quot;:&quot;px&quot;,&quot;top&quot;:&quot;&quot;,&quot;right&quot;:&quot;&quot;,&quot;bottom&quot;:&quot;&quot;,&quot;left&quot;:&quot;&quot;,&quot;isLinked&quot;:true}}\" data-elementor-post-type=\"product\">\n\t\t\t\t<div class=\"wd-negative-gap elementor-element elementor-element-116794f e-flex e-con-boxed e-con e-parent\" data-id=\"116794f\" data-element_type=\"container\" data-e-type=\"container\">\n\t\t\t\t\t<div class=\"e-con-inner\">\n\t\t\t\t<div class=\"elementor-element elementor-element-03d2133 elementor-widget elementor-widget-wd_text_block\" data-id=\"03d2133\" data-element_type=\"widget\" data-e-type=\"widget\" data-widget_type=\"wd_text_block.default\">\n\t\t\t\t<div class=\"elementor-widget-container\">\n\t\t\t\t\t\t\t<div class=\"wd-text-block reset-last-child text-left\">\n\t\t\t\n\t\t\t<h2>Asset CleanUp Pro: Aumente el rendimiento de su WordPress<\/h2>\n<p>En <strong>Plugin de rendimiento Asset CleanUp Pro<\/strong> transforma su sitio WordPress optimizando su velocidad y eficacia. Por ejemplo, los desarrolladores y propietarios de sitios utilizan activamente este plugin para eliminar CSS y JavaScript innecesarios, reduciendo los tiempos de carga de las p\u00e1ginas. De este modo, se ofrece una experiencia de usuario m\u00e1s r\u00e1pida y fluida que mantiene el inter\u00e9s de los visitantes.<\/p>\n\n<h3>Optimice los activos de su sitio web<\/h3>\n<p>Asset CleanUp Pro le permite gestionar archivos CSS y JavaScript con precisi\u00f3n. Puede desactivar selectivamente scripts y estilos por p\u00e1gina, asegur\u00e1ndose de que s\u00f3lo se cargan los activos esenciales. Adem\u00e1s, este plugin minimiza las solicitudes HTTP, por lo que su sitio se ejecuta m\u00e1s delgado y m\u00e1s r\u00e1pido sin sacrificar la funcionalidad.<\/p>\n\n<h3>\u00bfPor qu\u00e9 elegir Asset CleanUp Pro?<\/h3>\n<ul>\n    <li><strong>Carga selectiva de activos:<\/strong> T\u00fa eliges qu\u00e9 archivos CSS\/JS se cargan en determinadas p\u00e1ginas, entradas o tipos de entrada personalizados.<\/li>\n    <li><strong>Minificaci\u00f3n y combinaci\u00f3n:<\/strong> El plugin comprime y combina archivos para reducir las peticiones al servidor y aumentar la velocidad.<\/li>\n    <li><strong>Generaci\u00f3n de CSS cr\u00edticos:<\/strong> Genera autom\u00e1ticamente CSS cr\u00edtico para el contenido por encima de la p\u00e1gina, mejorando los tiempos de carga percibidos.<\/li>\n    <li><strong>Herramientas avanzadas de depuraci\u00f3n:<\/strong> Los desarrolladores identifican y resuelven r\u00e1pidamente los conflictos entre activos gracias a las funciones de diagn\u00f3stico integradas.<\/li>\n    <li><strong>Organizador de plugins:<\/strong> Controla la carga de plugins para evitar que scripts innecesarios ralenticen p\u00e1ginas espec\u00edficas.<\/li>\n<\/ul>\n\n<h3>Mejorar la experiencia del usuario y el SEO<\/h3>\n<p>Con Asset CleanUp Pro, mejorar\u00e1 significativamente el rendimiento del sitio, lo que aumenta la satisfacci\u00f3n del usuario. Por ejemplo, tiempos de carga m\u00e1s r\u00e1pidos reducen las tasas de rebote, manteniendo a los visitantes en su sitio m\u00e1s tiempo. Adem\u00e1s, los motores de b\u00fasqueda recompensan a los sitios optimizados con clasificaciones m\u00e1s altas, por lo que atrae m\u00e1s tr\u00e1fico org\u00e1nico sin esfuerzo.<\/p>\n\n<h3>F\u00e1cil instalaci\u00f3n para un m\u00e1ximo impacto<\/h3>\n<p>No necesita conocimientos de programaci\u00f3n para utilizar Asset CleanUp Pro. Su intuitivo panel de control le permite gestionar los activos con unos pocos clics. Como resultado, optimizar\u00e1 r\u00e1pidamente incluso sitios complejos. Por lo tanto, \u00a1instale este plugin hoy mismo y libere todo el potencial de su sitio WordPress!<\/p>\n\n<h3>Aumente ya la velocidad de su sitio web<\/h3>\n<p>Mejore el rendimiento de WordPress con <strong>Asset CleanUp Pro<\/strong>. Al reducir la sobrecarga y optimizar los activos, crear\u00e1 un sitio ultrarr\u00e1pido que deleitar\u00e1 a los usuarios y se posicionar\u00e1 mejor. Empiece ahora y compruebe la diferencia.\n\t\t\t\t\t<\/div>\n\t\t\t\t\t\t<\/div>\n\t\t\t\t<\/div>\n\t\t\t\t\t<\/div>\n\t\t\t\t<\/div>\n\t\t\t\t<\/div>","protected":false},"excerpt":{"rendered":"<p>Asset CleanUp Pro: El plugin Asset CleanUp Pro Performance transforma su sitio WordPress optimizando su rendimiento.<\/p>","protected":false},"featured_media":11798,"comment_status":"open","ping_status":"closed","template":"","meta":{"_acf_changed":false},"product_brand":[],"product_cat":[49],"product_tag":[],"class_list":{"0":"post-11797","1":"product","2":"type-product","3":"status-publish","4":"has-post-thumbnail","6":"product_cat-plugins","8":"first","9":"instock","10":"sale","11":"downloadable","12":"shipping-taxable","13":"purchasable","14":"product-type-simple"},"acf":[],"yoast_head":"<!-- This site is optimized with the Yoast SEO Premium plugin v25.6 (Yoast SEO v27.1.1) - https:\/\/yoast.com\/product\/yoast-seo-premium-wordpress\/ -->\n<title>Asset CleanUp Pro Performance Plugin - AllWin Theme \u2013 Free WordPress Themes Download<\/title>\n<meta name=\"description\" content=\"Boost WordPress speed with Asset CleanUp Pro. Optimize CSS\/JS loading, reduce bloat, and enhance performance for faster, user-friendly sites.\" \/>\n<meta name=\"robots\" content=\"index, follow, max-snippet:-1, max-image-preview:large, max-video-preview:-1\" \/>\n<link rel=\"canonical\" href=\"https:\/\/allwintheme.com\/es\/producto\/asset-cleanup-pro-performance-plugin\/\" \/>\n<meta property=\"og:locale\" content=\"es_ES\" \/>\n<meta property=\"og:type\" content=\"article\" \/>\n<meta property=\"og:title\" content=\"Asset CleanUp Pro Performance Plugin\" \/>\n<meta property=\"og:description\" content=\"Boost WordPress speed with Asset CleanUp Pro. Optimize CSS\/JS loading, reduce bloat, and enhance performance for faster, user-friendly sites.\" \/>\n<meta property=\"og:url\" content=\"https:\/\/allwintheme.com\/es\/producto\/asset-cleanup-pro-performance-plugin\/\" \/>\n<meta property=\"og:site_name\" content=\"AllWin Theme \u2013 Free WordPress Themes Download\" \/>\n<meta property=\"article:modified_time\" content=\"2025-10-26T01:57:48+00:00\" \/>\n<meta property=\"og:image\" content=\"https:\/\/allwintheme.com\/wp-content\/uploads\/2025\/10\/p3kz1fd7.png\" \/>\n\t<meta property=\"og:image:width\" content=\"590\" \/>\n\t<meta property=\"og:image:height\" content=\"300\" \/>\n\t<meta property=\"og:image:type\" content=\"image\/png\" \/>\n<meta name=\"twitter:card\" content=\"summary_large_image\" \/>\n<meta name=\"twitter:label1\" content=\"Tiempo estimado de lectura\" \/>\n\t<meta name=\"twitter:data1\" content=\"2 minutos\" \/>\n<script type=\"application\/ld+json\" class=\"yoast-schema-graph\">{\"@context\":\"https:\/\/schema.org\",\"@graph\":[{\"@type\":\"WebPage\",\"@id\":\"https:\/\/allwintheme.com\/product\/asset-cleanup-pro-performance-plugin\/\",\"url\":\"https:\/\/allwintheme.com\/product\/asset-cleanup-pro-performance-plugin\/\",\"name\":\"Asset CleanUp Pro Performance Plugin - AllWin Theme \u2013 Free WordPress Themes Download\",\"isPartOf\":{\"@id\":\"https:\/\/allwintheme.com\/#website\"},\"primaryImageOfPage\":{\"@id\":\"https:\/\/allwintheme.com\/product\/asset-cleanup-pro-performance-plugin\/#primaryimage\"},\"image\":{\"@id\":\"https:\/\/allwintheme.com\/product\/asset-cleanup-pro-performance-plugin\/#primaryimage\"},\"thumbnailUrl\":\"https:\/\/allwintheme.com\/wp-content\/uploads\/2025\/10\/p3kz1fd7.png\",\"datePublished\":\"2025-10-26T01:51:37+00:00\",\"dateModified\":\"2025-10-26T01:57:48+00:00\",\"description\":\"Boost WordPress speed with Asset CleanUp Pro. Optimize CSS\/JS loading, reduce bloat, and enhance performance for faster, user-friendly sites.\",\"breadcrumb\":{\"@id\":\"https:\/\/allwintheme.com\/product\/asset-cleanup-pro-performance-plugin\/#breadcrumb\"},\"inLanguage\":\"es-CL\",\"potentialAction\":[{\"@type\":\"ReadAction\",\"target\":[\"https:\/\/allwintheme.com\/product\/asset-cleanup-pro-performance-plugin\/\"]}]},{\"@type\":\"ImageObject\",\"inLanguage\":\"es-CL\",\"@id\":\"https:\/\/allwintheme.com\/product\/asset-cleanup-pro-performance-plugin\/#primaryimage\",\"url\":\"https:\/\/allwintheme.com\/wp-content\/uploads\/2025\/10\/p3kz1fd7.png\",\"contentUrl\":\"https:\/\/allwintheme.com\/wp-content\/uploads\/2025\/10\/p3kz1fd7.png\",\"width\":590,\"height\":300,\"caption\":\"Asset CleanUp Pro Performance Plugin\"},{\"@type\":\"BreadcrumbList\",\"@id\":\"https:\/\/allwintheme.com\/product\/asset-cleanup-pro-performance-plugin\/#breadcrumb\",\"itemListElement\":[{\"@type\":\"ListItem\",\"position\":1,\"name\":\"Home\",\"item\":\"https:\/\/allwintheme.com\/\"},{\"@type\":\"ListItem\",\"position\":2,\"name\":\"Shop\",\"item\":\"https:\/\/allwintheme.com\/shop\/\"},{\"@type\":\"ListItem\",\"position\":3,\"name\":\"Asset CleanUp Pro Performance Plugin\"}]},{\"@type\":\"WebSite\",\"@id\":\"https:\/\/allwintheme.com\/#website\",\"url\":\"https:\/\/allwintheme.com\/\",\"name\":\"Allwintheme\",\"description\":\"Download free WordPress themes for every niche. Blogs, business, eCommerce, portfolio, restaurant and more. All themes are GPL licensed and mobile-ready.\",\"potentialAction\":[{\"@type\":\"SearchAction\",\"target\":{\"@type\":\"EntryPoint\",\"urlTemplate\":\"https:\/\/allwintheme.com\/?s={search_term_string}\"},\"query-input\":{\"@type\":\"PropertyValueSpecification\",\"valueRequired\":true,\"valueName\":\"search_term_string\"}}],\"inLanguage\":\"es-CL\"}]}<\/script>\n<!-- \/ Yoast SEO Premium plugin. -->","yoast_head_json":{"title":"Asset CleanUp Pro Performance Plugin - AllWin Theme \u2013 Free WordPress Themes Download","description":"Aumente la velocidad de WordPress con Asset CleanUp Pro. Optimiza la carga de CSS\/JS, reduce la hinchaz\u00f3n y mejora el rendimiento para conseguir sitios m\u00e1s r\u00e1pidos y f\u00e1ciles de usar.","robots":{"index":"index","follow":"follow","max-snippet":"max-snippet:-1","max-image-preview":"max-image-preview:large","max-video-preview":"max-video-preview:-1"},"canonical":"https:\/\/allwintheme.com\/es\/producto\/asset-cleanup-pro-performance-plugin\/","og_locale":"es_ES","og_type":"article","og_title":"Asset CleanUp Pro Performance Plugin","og_description":"Boost WordPress speed with Asset CleanUp Pro. Optimize CSS\/JS loading, reduce bloat, and enhance performance for faster, user-friendly sites.","og_url":"https:\/\/allwintheme.com\/es\/producto\/asset-cleanup-pro-performance-plugin\/","og_site_name":"AllWin Theme \u2013 Free WordPress Themes Download","article_modified_time":"2025-10-26T01:57:48+00:00","og_image":[{"width":590,"height":300,"url":"https:\/\/allwintheme.com\/wp-content\/uploads\/2025\/10\/p3kz1fd7.png","type":"image\/png"}],"twitter_card":"summary_large_image","twitter_misc":{"Tiempo estimado de lectura":"2 minutos"},"schema":{"@context":"https:\/\/schema.org","@graph":[{"@type":"WebPage","@id":"https:\/\/allwintheme.com\/product\/asset-cleanup-pro-performance-plugin\/","url":"https:\/\/allwintheme.com\/product\/asset-cleanup-pro-performance-plugin\/","name":"Asset CleanUp Pro Performance Plugin - AllWin Theme \u2013 Free WordPress Themes Download","isPartOf":{"@id":"https:\/\/allwintheme.com\/#website"},"primaryImageOfPage":{"@id":"https:\/\/allwintheme.com\/product\/asset-cleanup-pro-performance-plugin\/#primaryimage"},"image":{"@id":"https:\/\/allwintheme.com\/product\/asset-cleanup-pro-performance-plugin\/#primaryimage"},"thumbnailUrl":"https:\/\/allwintheme.com\/wp-content\/uploads\/2025\/10\/p3kz1fd7.png","datePublished":"2025-10-26T01:51:37+00:00","dateModified":"2025-10-26T01:57:48+00:00","description":"Aumente la velocidad de WordPress con Asset CleanUp Pro. Optimiza la carga de CSS\/JS, reduce la hinchaz\u00f3n y mejora el rendimiento para conseguir sitios m\u00e1s r\u00e1pidos y f\u00e1ciles de usar.","breadcrumb":{"@id":"https:\/\/allwintheme.com\/product\/asset-cleanup-pro-performance-plugin\/#breadcrumb"},"inLanguage":"es-CL","potentialAction":[{"@type":"ReadAction","target":["https:\/\/allwintheme.com\/product\/asset-cleanup-pro-performance-plugin\/"]}]},{"@type":"ImageObject","inLanguage":"es-CL","@id":"https:\/\/allwintheme.com\/product\/asset-cleanup-pro-performance-plugin\/#primaryimage","url":"https:\/\/allwintheme.com\/wp-content\/uploads\/2025\/10\/p3kz1fd7.png","contentUrl":"https:\/\/allwintheme.com\/wp-content\/uploads\/2025\/10\/p3kz1fd7.png","width":590,"height":300,"caption":"Asset CleanUp Pro Performance Plugin"},{"@type":"BreadcrumbList","@id":"https:\/\/allwintheme.com\/product\/asset-cleanup-pro-performance-plugin\/#breadcrumb","itemListElement":[{"@type":"ListItem","position":1,"name":"Home","item":"https:\/\/allwintheme.com\/"},{"@type":"ListItem","position":2,"name":"Shop","item":"https:\/\/allwintheme.com\/shop\/"},{"@type":"ListItem","position":3,"name":"Asset CleanUp Pro Performance Plugin"}]},{"@type":"WebSite","@id":"https:\/\/allwintheme.com\/#website","url":"https:\/\/allwintheme.com\/","name":"Allwintheme","description":"Descarga gratis temas de WordPress para todos los nichos. Blogs, negocios, comercio electr\u00f3nico, portafolio, restaurante y m\u00e1s. Todos los temas tienen licencia GPL y est\u00e1n preparados para dispositivos m\u00f3viles.","potentialAction":[{"@type":"SearchAction","target":{"@type":"EntryPoint","urlTemplate":"https:\/\/allwintheme.com\/?s={search_term_string}"},"query-input":{"@type":"PropertyValueSpecification","valueRequired":true,"valueName":"search_term_string"}}],"inLanguage":"es-CL"}]}},"_links":{"self":[{"href":"https:\/\/allwintheme.com\/es\/wp-json\/wp\/v2\/product\/11797","targetHints":{"allow":["GET"]}}],"collection":[{"href":"https:\/\/allwintheme.com\/es\/wp-json\/wp\/v2\/product"}],"about":[{"href":"https:\/\/allwintheme.com\/es\/wp-json\/wp\/v2\/types\/product"}],"replies":[{"embeddable":true,"href":"https:\/\/allwintheme.com\/es\/wp-json\/wp\/v2\/comments?post=11797"}],"version-history":[{"count":8,"href":"https:\/\/allwintheme.com\/es\/wp-json\/wp\/v2\/product\/11797\/revisions"}],"predecessor-version":[{"id":11806,"href":"https:\/\/allwintheme.com\/es\/wp-json\/wp\/v2\/product\/11797\/revisions\/11806"}],"wp:featuredmedia":[{"embeddable":true,"href":"https:\/\/allwintheme.com\/es\/wp-json\/wp\/v2\/media\/11798"}],"wp:attachment":[{"href":"https:\/\/allwintheme.com\/es\/wp-json\/wp\/v2\/media?parent=11797"}],"wp:term":[{"taxonomy":"product_brand","embeddable":true,"href":"https:\/\/allwintheme.com\/es\/wp-json\/wp\/v2\/product_brand?post=11797"},{"taxonomy":"product_cat","embeddable":true,"href":"https:\/\/allwintheme.com\/es\/wp-json\/wp\/v2\/product_cat?post=11797"},{"taxonomy":"product_tag","embeddable":true,"href":"https:\/\/allwintheme.com\/es\/wp-json\/wp\/v2\/product_tag?post=11797"}],"curies":[{"name":"wp","href":"https:\/\/api.w.org\/{rel}","templated":true}]}}