{"id":11813,"date":"2025-10-26T02:15:44","date_gmt":"2025-10-26T02:15:44","guid":{"rendered":"https:\/\/allwintheme.com\/?post_type=product&#038;p=11813"},"modified":"2025-10-26T02:26:13","modified_gmt":"2025-10-26T02:26:13","slug":"w3-total-cache-pro-plugin","status":"publish","type":"product","link":"https:\/\/allwintheme.com\/es\/producto\/w3-total-cache-pro-plugin\/","title":{"rendered":"Plugin W3 Total Cache Pro"},"content":{"rendered":"<div data-elementor-type=\"wp-post\" data-elementor-id=\"11813\" class=\"elementor elementor-11813\" data-elementor-settings=\"{&quot;element_pack_global_tooltip_width&quot;:{&quot;unit&quot;:&quot;px&quot;,&quot;size&quot;:&quot;&quot;,&quot;sizes&quot;:[]},&quot;element_pack_global_tooltip_width_tablet&quot;:{&quot;unit&quot;:&quot;px&quot;,&quot;size&quot;:&quot;&quot;,&quot;sizes&quot;:[]},&quot;element_pack_global_tooltip_width_mobile&quot;:{&quot;unit&quot;:&quot;px&quot;,&quot;size&quot;:&quot;&quot;,&quot;sizes&quot;:[]},&quot;element_pack_global_tooltip_padding&quot;:{&quot;unit&quot;:&quot;px&quot;,&quot;top&quot;:&quot;&quot;,&quot;right&quot;:&quot;&quot;,&quot;bottom&quot;:&quot;&quot;,&quot;left&quot;:&quot;&quot;,&quot;isLinked&quot;:true},&quot;element_pack_global_tooltip_padding_tablet&quot;:{&quot;unit&quot;:&quot;px&quot;,&quot;top&quot;:&quot;&quot;,&quot;right&quot;:&quot;&quot;,&quot;bottom&quot;:&quot;&quot;,&quot;left&quot;:&quot;&quot;,&quot;isLinked&quot;:true},&quot;element_pack_global_tooltip_padding_mobile&quot;:{&quot;unit&quot;:&quot;px&quot;,&quot;top&quot;:&quot;&quot;,&quot;right&quot;:&quot;&quot;,&quot;bottom&quot;:&quot;&quot;,&quot;left&quot;:&quot;&quot;,&quot;isLinked&quot;:true},&quot;element_pack_global_tooltip_border_radius&quot;:{&quot;unit&quot;:&quot;px&quot;,&quot;top&quot;:&quot;&quot;,&quot;right&quot;:&quot;&quot;,&quot;bottom&quot;:&quot;&quot;,&quot;left&quot;:&quot;&quot;,&quot;isLinked&quot;:true},&quot;element_pack_global_tooltip_border_radius_tablet&quot;:{&quot;unit&quot;:&quot;px&quot;,&quot;top&quot;:&quot;&quot;,&quot;right&quot;:&quot;&quot;,&quot;bottom&quot;:&quot;&quot;,&quot;left&quot;:&quot;&quot;,&quot;isLinked&quot;:true},&quot;element_pack_global_tooltip_border_radius_mobile&quot;:{&quot;unit&quot;:&quot;px&quot;,&quot;top&quot;:&quot;&quot;,&quot;right&quot;:&quot;&quot;,&quot;bottom&quot;:&quot;&quot;,&quot;left&quot;:&quot;&quot;,&quot;isLinked&quot;:true}}\" data-elementor-post-type=\"product\">\n\t\t\t\t<div class=\"wd-negative-gap elementor-element elementor-element-116794f e-flex e-con-boxed e-con e-parent\" data-id=\"116794f\" data-element_type=\"container\" data-e-type=\"container\">\n\t\t\t\t\t<div class=\"e-con-inner\">\n\t\t\t\t<div class=\"elementor-element elementor-element-03d2133 elementor-widget elementor-widget-wd_text_block\" data-id=\"03d2133\" data-element_type=\"widget\" data-e-type=\"widget\" data-widget_type=\"wd_text_block.default\">\n\t\t\t\t<div class=\"elementor-widget-container\">\n\t\t\t\t\t\t\t<div class=\"wd-text-block reset-last-child text-left\">\n\t\t\t\n\t\t\t<h2>W3 Total Cache Pro: Potencie su sitio WordPress<\/h2>\n<p>En <strong>Plugin W3 Total Cache Pro<\/strong> mejora dr\u00e1sticamente el rendimiento de su sitio WordPress. Por ejemplo, los propietarios de sitios web utilizan activamente este plugin para reducir dr\u00e1sticamente los tiempos de carga de las p\u00e1ginas y mejorar la satisfacci\u00f3n de los usuarios. De este modo, se mejora el posicionamiento SEO y se mantiene el inter\u00e9s de los visitantes con una experiencia m\u00e1s r\u00e1pida y fluida.<\/p>\n\n<h3>Optimice la velocidad con facilidad<\/h3>\n<p>W3 Total Cache Pro optimiza el rendimiento de su sitio mediante t\u00e9cnicas avanzadas de almacenamiento en cach\u00e9. Puede implementar el almacenamiento en cach\u00e9 de p\u00e1ginas, bases de datos y objetos sin esfuerzo. Adem\u00e1s, el plugin se integra con redes de distribuci\u00f3n de contenidos (CDN), por lo que tu contenido se carga r\u00e1pidamente en todo el mundo, reduciendo la carga del servidor.<\/p>\n\n<h3>\u00bfPor qu\u00e9 elegir W3 Total Cache Pro?<\/h3>\n<ul>\n    <li><strong>Almacenamiento en cach\u00e9:<\/strong> Almacene en cach\u00e9 p\u00e1ginas, entradas, CSS, JavaScript y feeds para minimizar los tiempos de carga.<\/li>\n    <li><strong>Compresi\u00f3n avanzada:<\/strong> Minificar HTML, CSS y JavaScript para reducir el tama\u00f1o de los archivos y acelerar la entrega.<\/li>\n    <li><strong>Integraci\u00f3n CDN:<\/strong> Con\u00e9ctese sin problemas con CDN como Cloudflare o Amazon CloudFront para obtener un rendimiento global.<\/li>\n    <li><strong>Cach\u00e9 de fragmentos:<\/strong> Optimice el contenido din\u00e1mico, para que incluso los sitios complejos funcionen con eficacia.<\/li>\n    <li><strong>Caracter\u00edsticas Pro:<\/strong> Desbloquee el almacenamiento en cach\u00e9 de la API REST, el almacenamiento en cach\u00e9 de Google Maps y los an\u00e1lisis detallados para obtener una visi\u00f3n m\u00e1s profunda.<\/li>\n<\/ul>\n\n<h3>Mejorar la experiencia del usuario y el SEO<\/h3>\n<p>Con W3 Total Cache Pro, crear\u00e1 un sitio web ultrarr\u00e1pido que mantendr\u00e1 contentos a los usuarios. Por ejemplo, los tiempos de carga m\u00e1s r\u00e1pidos reducen las tasas de rebote, mientras que los motores de b\u00fasqueda recompensan a su sitio con mejores clasificaciones. Adem\u00e1s, la funci\u00f3n de carga lenta del plugin retrasa la carga de im\u00e1genes hasta que sea necesario, lo que aumenta a\u00fan m\u00e1s la velocidad.<\/p>\n\n<h3>Configuraci\u00f3n sencilla, resultados potentes<\/h3>\n<p>No es necesario ser un experto en tecnolog\u00eda para utilizar W3 Total Cache Pro. El plugin ofrece una interfaz intuitiva, para que pueda configurar los ajustes r\u00e1pidamente. Como resultado, se obtiene un rendimiento de nivel profesional sin codificaci\u00f3n compleja. Por lo tanto, optimice su sitio y vea c\u00f3mo se disparan las conversiones.<\/p>\n\n<h3>Acelere su sitio web hoy mismo<\/h3>\n<p>Transforme su sitio WordPress con <strong>Plugin W3 Total Cache Pro<\/strong>. Inst\u00e1lelo ahora y consiga velocidades de v\u00e9rtigo, usuarios m\u00e1s satisfechos y un mejor SEO. Empieza a optimizar hoy mismo y lleva el rendimiento de tu sitio web al siguiente nivel.<\/p>\n\t\t\t\t\t<\/div>\n\t\t\t\t\t\t<\/div>\n\t\t\t\t<\/div>\n\t\t\t\t\t<\/div>\n\t\t\t\t<\/div>\n\t\t<div class=\"wd-negative-gap elementor-element elementor-element-b840373 e-flex e-con-boxed e-con e-parent\" data-id=\"b840373\" data-element_type=\"container\" data-e-type=\"container\">\n\t\t\t\t\t<div class=\"e-con-inner\">\n\t\t\t\t<div class=\"elementor-element elementor-element-386449b elementor-widget elementor-widget-video\" data-id=\"386449b\" data-element_type=\"widget\" data-e-type=\"widget\" data-settings=\"{&quot;youtube_url&quot;:&quot;https:\\\/\\\/youtu.be\\\/Mtc3J9wZwTQ&quot;,&quot;video_type&quot;:&quot;youtube&quot;,&quot;controls&quot;:&quot;yes&quot;}\" data-widget_type=\"video.default\">\n\t\t\t\t\t\t\t<div class=\"elementor-wrapper elementor-open-inline\">\n\t\t\t<div class=\"elementor-video\"><\/div>\t\t<\/div>\n\t\t\t\t\t\t<\/div>\n\t\t\t\t\t<\/div>\n\t\t\t\t<\/div>\n\t\t\t\t<\/div>","protected":false},"excerpt":{"rendered":"<p>W3 Total Cache Pro: Supercharge Your WordPress Site The W3 Total Cache Pro Plugin dramatically improves your WordPress site\u2019s performance.<\/p>","protected":false},"featured_media":11814,"comment_status":"open","ping_status":"closed","template":"","meta":{"_acf_changed":false},"product_brand":[],"product_cat":[49],"product_tag":[],"class_list":{"0":"post-11813","1":"product","2":"type-product","3":"status-publish","4":"has-post-thumbnail","6":"product_cat-plugins","8":"first","9":"instock","10":"sale","11":"downloadable","12":"shipping-taxable","13":"purchasable","14":"product-type-simple"},"acf":[],"yoast_head":"<!-- This site is optimized with the Yoast SEO Premium plugin v25.6 (Yoast SEO v27.1.1) - https:\/\/yoast.com\/product\/yoast-seo-premium-wordpress\/ -->\n<title>W3 Total Cache Pro Plugin - AllWin Theme \u2013 Free WordPress Themes Download<\/title>\n<meta name=\"description\" content=\"Boost your WordPress site speed with W3 Total Cache Pro. Optimize performance, reduce load times, and enhance user experience effortlessly.\" \/>\n<meta name=\"robots\" content=\"index, follow, max-snippet:-1, max-image-preview:large, max-video-preview:-1\" \/>\n<link rel=\"canonical\" href=\"https:\/\/allwintheme.com\/es\/producto\/w3-total-cache-pro-plugin\/\" \/>\n<meta property=\"og:locale\" content=\"es_ES\" \/>\n<meta property=\"og:type\" content=\"article\" \/>\n<meta property=\"og:title\" content=\"W3 Total Cache Pro Plugin\" \/>\n<meta property=\"og:description\" content=\"Boost your WordPress site speed with W3 Total Cache Pro. Optimize performance, reduce load times, and enhance user experience effortlessly.\" \/>\n<meta property=\"og:url\" content=\"https:\/\/allwintheme.com\/es\/producto\/w3-total-cache-pro-plugin\/\" \/>\n<meta property=\"og:site_name\" content=\"AllWin Theme \u2013 Free WordPress Themes Download\" \/>\n<meta property=\"article:modified_time\" content=\"2025-10-26T02:26:13+00:00\" \/>\n<meta property=\"og:image\" content=\"https:\/\/allwintheme.com\/wp-content\/uploads\/2025\/10\/aeac4i0e.png\" \/>\n\t<meta property=\"og:image:width\" content=\"590\" \/>\n\t<meta property=\"og:image:height\" content=\"300\" \/>\n\t<meta property=\"og:image:type\" content=\"image\/png\" \/>\n<meta name=\"twitter:card\" content=\"summary_large_image\" \/>\n<meta name=\"twitter:label1\" content=\"Tiempo estimado de lectura\" \/>\n\t<meta name=\"twitter:data1\" content=\"2 minutos\" \/>\n<script type=\"application\/ld+json\" class=\"yoast-schema-graph\">{\"@context\":\"https:\/\/schema.org\",\"@graph\":[{\"@type\":\"WebPage\",\"@id\":\"https:\/\/allwintheme.com\/product\/w3-total-cache-pro-plugin\/\",\"url\":\"https:\/\/allwintheme.com\/product\/w3-total-cache-pro-plugin\/\",\"name\":\"W3 Total Cache Pro Plugin - AllWin Theme \u2013 Free WordPress Themes Download\",\"isPartOf\":{\"@id\":\"https:\/\/allwintheme.com\/#website\"},\"primaryImageOfPage\":{\"@id\":\"https:\/\/allwintheme.com\/product\/w3-total-cache-pro-plugin\/#primaryimage\"},\"image\":{\"@id\":\"https:\/\/allwintheme.com\/product\/w3-total-cache-pro-plugin\/#primaryimage\"},\"thumbnailUrl\":\"https:\/\/allwintheme.com\/wp-content\/uploads\/2025\/10\/aeac4i0e.png\",\"datePublished\":\"2025-10-26T02:15:44+00:00\",\"dateModified\":\"2025-10-26T02:26:13+00:00\",\"description\":\"Boost your WordPress site speed with W3 Total Cache Pro. Optimize performance, reduce load times, and enhance user experience effortlessly.\",\"breadcrumb\":{\"@id\":\"https:\/\/allwintheme.com\/product\/w3-total-cache-pro-plugin\/#breadcrumb\"},\"inLanguage\":\"es-CL\",\"potentialAction\":[{\"@type\":\"ReadAction\",\"target\":[\"https:\/\/allwintheme.com\/product\/w3-total-cache-pro-plugin\/\"]}]},{\"@type\":\"ImageObject\",\"inLanguage\":\"es-CL\",\"@id\":\"https:\/\/allwintheme.com\/product\/w3-total-cache-pro-plugin\/#primaryimage\",\"url\":\"https:\/\/allwintheme.com\/wp-content\/uploads\/2025\/10\/aeac4i0e.png\",\"contentUrl\":\"https:\/\/allwintheme.com\/wp-content\/uploads\/2025\/10\/aeac4i0e.png\",\"width\":590,\"height\":300,\"caption\":\"W3 Total Cache Pro Plugin\"},{\"@type\":\"BreadcrumbList\",\"@id\":\"https:\/\/allwintheme.com\/product\/w3-total-cache-pro-plugin\/#breadcrumb\",\"itemListElement\":[{\"@type\":\"ListItem\",\"position\":1,\"name\":\"Home\",\"item\":\"https:\/\/allwintheme.com\/\"},{\"@type\":\"ListItem\",\"position\":2,\"name\":\"Shop\",\"item\":\"https:\/\/allwintheme.com\/shop\/\"},{\"@type\":\"ListItem\",\"position\":3,\"name\":\"W3 Total Cache Pro Plugin\"}]},{\"@type\":\"WebSite\",\"@id\":\"https:\/\/allwintheme.com\/#website\",\"url\":\"https:\/\/allwintheme.com\/\",\"name\":\"Allwintheme\",\"description\":\"Download free WordPress themes for every niche. Blogs, business, eCommerce, portfolio, restaurant and more. All themes are GPL licensed and mobile-ready.\",\"potentialAction\":[{\"@type\":\"SearchAction\",\"target\":{\"@type\":\"EntryPoint\",\"urlTemplate\":\"https:\/\/allwintheme.com\/?s={search_term_string}\"},\"query-input\":{\"@type\":\"PropertyValueSpecification\",\"valueRequired\":true,\"valueName\":\"search_term_string\"}}],\"inLanguage\":\"es-CL\"}]}<\/script>\n<!-- \/ Yoast SEO Premium plugin. -->","yoast_head_json":{"title":"W3 Total Cache Pro Plugin - AllWin Theme \u2013 Free WordPress Themes Download","description":"Aumente la velocidad de su sitio WordPress con W3 Total Cache Pro. Optimiza el rendimiento, reduce los tiempos de carga y mejora la experiencia del usuario sin esfuerzo.","robots":{"index":"index","follow":"follow","max-snippet":"max-snippet:-1","max-image-preview":"max-image-preview:large","max-video-preview":"max-video-preview:-1"},"canonical":"https:\/\/allwintheme.com\/es\/producto\/w3-total-cache-pro-plugin\/","og_locale":"es_ES","og_type":"article","og_title":"W3 Total Cache Pro Plugin","og_description":"Boost your WordPress site speed with W3 Total Cache Pro. Optimize performance, reduce load times, and enhance user experience effortlessly.","og_url":"https:\/\/allwintheme.com\/es\/producto\/w3-total-cache-pro-plugin\/","og_site_name":"AllWin Theme \u2013 Free WordPress Themes Download","article_modified_time":"2025-10-26T02:26:13+00:00","og_image":[{"width":590,"height":300,"url":"https:\/\/allwintheme.com\/wp-content\/uploads\/2025\/10\/aeac4i0e.png","type":"image\/png"}],"twitter_card":"summary_large_image","twitter_misc":{"Tiempo estimado de lectura":"2 minutos"},"schema":{"@context":"https:\/\/schema.org","@graph":[{"@type":"WebPage","@id":"https:\/\/allwintheme.com\/product\/w3-total-cache-pro-plugin\/","url":"https:\/\/allwintheme.com\/product\/w3-total-cache-pro-plugin\/","name":"W3 Total Cache Pro Plugin - AllWin Theme \u2013 Free WordPress Themes Download","isPartOf":{"@id":"https:\/\/allwintheme.com\/#website"},"primaryImageOfPage":{"@id":"https:\/\/allwintheme.com\/product\/w3-total-cache-pro-plugin\/#primaryimage"},"image":{"@id":"https:\/\/allwintheme.com\/product\/w3-total-cache-pro-plugin\/#primaryimage"},"thumbnailUrl":"https:\/\/allwintheme.com\/wp-content\/uploads\/2025\/10\/aeac4i0e.png","datePublished":"2025-10-26T02:15:44+00:00","dateModified":"2025-10-26T02:26:13+00:00","description":"Aumente la velocidad de su sitio WordPress con W3 Total Cache Pro. Optimiza el rendimiento, reduce los tiempos de carga y mejora la experiencia del usuario sin esfuerzo.","breadcrumb":{"@id":"https:\/\/allwintheme.com\/product\/w3-total-cache-pro-plugin\/#breadcrumb"},"inLanguage":"es-CL","potentialAction":[{"@type":"ReadAction","target":["https:\/\/allwintheme.com\/product\/w3-total-cache-pro-plugin\/"]}]},{"@type":"ImageObject","inLanguage":"es-CL","@id":"https:\/\/allwintheme.com\/product\/w3-total-cache-pro-plugin\/#primaryimage","url":"https:\/\/allwintheme.com\/wp-content\/uploads\/2025\/10\/aeac4i0e.png","contentUrl":"https:\/\/allwintheme.com\/wp-content\/uploads\/2025\/10\/aeac4i0e.png","width":590,"height":300,"caption":"W3 Total Cache Pro Plugin"},{"@type":"BreadcrumbList","@id":"https:\/\/allwintheme.com\/product\/w3-total-cache-pro-plugin\/#breadcrumb","itemListElement":[{"@type":"ListItem","position":1,"name":"Home","item":"https:\/\/allwintheme.com\/"},{"@type":"ListItem","position":2,"name":"Shop","item":"https:\/\/allwintheme.com\/shop\/"},{"@type":"ListItem","position":3,"name":"W3 Total Cache Pro Plugin"}]},{"@type":"WebSite","@id":"https:\/\/allwintheme.com\/#website","url":"https:\/\/allwintheme.com\/","name":"Allwintheme","description":"Descarga gratis temas de WordPress para todos los nichos. Blogs, negocios, comercio electr\u00f3nico, portafolio, restaurante y m\u00e1s. Todos los temas tienen licencia GPL y est\u00e1n preparados para dispositivos m\u00f3viles.","potentialAction":[{"@type":"SearchAction","target":{"@type":"EntryPoint","urlTemplate":"https:\/\/allwintheme.com\/?s={search_term_string}"},"query-input":{"@type":"PropertyValueSpecification","valueRequired":true,"valueName":"search_term_string"}}],"inLanguage":"es-CL"}]}},"_links":{"self":[{"href":"https:\/\/allwintheme.com\/es\/wp-json\/wp\/v2\/product\/11813","targetHints":{"allow":["GET"]}}],"collection":[{"href":"https:\/\/allwintheme.com\/es\/wp-json\/wp\/v2\/product"}],"about":[{"href":"https:\/\/allwintheme.com\/es\/wp-json\/wp\/v2\/types\/product"}],"replies":[{"embeddable":true,"href":"https:\/\/allwintheme.com\/es\/wp-json\/wp\/v2\/comments?post=11813"}],"version-history":[{"count":5,"href":"https:\/\/allwintheme.com\/es\/wp-json\/wp\/v2\/product\/11813\/revisions"}],"predecessor-version":[{"id":11819,"href":"https:\/\/allwintheme.com\/es\/wp-json\/wp\/v2\/product\/11813\/revisions\/11819"}],"wp:featuredmedia":[{"embeddable":true,"href":"https:\/\/allwintheme.com\/es\/wp-json\/wp\/v2\/media\/11814"}],"wp:attachment":[{"href":"https:\/\/allwintheme.com\/es\/wp-json\/wp\/v2\/media?parent=11813"}],"wp:term":[{"taxonomy":"product_brand","embeddable":true,"href":"https:\/\/allwintheme.com\/es\/wp-json\/wp\/v2\/product_brand?post=11813"},{"taxonomy":"product_cat","embeddable":true,"href":"https:\/\/allwintheme.com\/es\/wp-json\/wp\/v2\/product_cat?post=11813"},{"taxonomy":"product_tag","embeddable":true,"href":"https:\/\/allwintheme.com\/es\/wp-json\/wp\/v2\/product_tag?post=11813"}],"curies":[{"name":"wp","href":"https:\/\/api.w.org\/{rel}","templated":true}]}}