{"id":11820,"date":"2025-10-26T02:32:16","date_gmt":"2025-10-26T02:32:16","guid":{"rendered":"https:\/\/allwintheme.com\/?post_type=product&#038;p=11820"},"modified":"2025-10-26T02:40:42","modified_gmt":"2025-10-26T02:40:42","slug":"wp-optimizar-premium","status":"publish","type":"product","link":"https:\/\/allwintheme.com\/es\/producto\/wp-optimizar-premium\/","title":{"rendered":"WP-Optimize Premium"},"content":{"rendered":"<div data-elementor-type=\"wp-post\" data-elementor-id=\"11820\" class=\"elementor elementor-11820\" data-elementor-settings=\"{&quot;element_pack_global_tooltip_width&quot;:{&quot;unit&quot;:&quot;px&quot;,&quot;size&quot;:&quot;&quot;,&quot;sizes&quot;:[]},&quot;element_pack_global_tooltip_width_tablet&quot;:{&quot;unit&quot;:&quot;px&quot;,&quot;size&quot;:&quot;&quot;,&quot;sizes&quot;:[]},&quot;element_pack_global_tooltip_width_mobile&quot;:{&quot;unit&quot;:&quot;px&quot;,&quot;size&quot;:&quot;&quot;,&quot;sizes&quot;:[]},&quot;element_pack_global_tooltip_padding&quot;:{&quot;unit&quot;:&quot;px&quot;,&quot;top&quot;:&quot;&quot;,&quot;right&quot;:&quot;&quot;,&quot;bottom&quot;:&quot;&quot;,&quot;left&quot;:&quot;&quot;,&quot;isLinked&quot;:true},&quot;element_pack_global_tooltip_padding_tablet&quot;:{&quot;unit&quot;:&quot;px&quot;,&quot;top&quot;:&quot;&quot;,&quot;right&quot;:&quot;&quot;,&quot;bottom&quot;:&quot;&quot;,&quot;left&quot;:&quot;&quot;,&quot;isLinked&quot;:true},&quot;element_pack_global_tooltip_padding_mobile&quot;:{&quot;unit&quot;:&quot;px&quot;,&quot;top&quot;:&quot;&quot;,&quot;right&quot;:&quot;&quot;,&quot;bottom&quot;:&quot;&quot;,&quot;left&quot;:&quot;&quot;,&quot;isLinked&quot;:true},&quot;element_pack_global_tooltip_border_radius&quot;:{&quot;unit&quot;:&quot;px&quot;,&quot;top&quot;:&quot;&quot;,&quot;right&quot;:&quot;&quot;,&quot;bottom&quot;:&quot;&quot;,&quot;left&quot;:&quot;&quot;,&quot;isLinked&quot;:true},&quot;element_pack_global_tooltip_border_radius_tablet&quot;:{&quot;unit&quot;:&quot;px&quot;,&quot;top&quot;:&quot;&quot;,&quot;right&quot;:&quot;&quot;,&quot;bottom&quot;:&quot;&quot;,&quot;left&quot;:&quot;&quot;,&quot;isLinked&quot;:true},&quot;element_pack_global_tooltip_border_radius_mobile&quot;:{&quot;unit&quot;:&quot;px&quot;,&quot;top&quot;:&quot;&quot;,&quot;right&quot;:&quot;&quot;,&quot;bottom&quot;:&quot;&quot;,&quot;left&quot;:&quot;&quot;,&quot;isLinked&quot;:true}}\" data-elementor-post-type=\"product\">\n\t\t\t\t<div class=\"wd-negative-gap elementor-element elementor-element-116794f e-flex e-con-boxed e-con e-parent\" data-id=\"116794f\" data-element_type=\"container\" data-e-type=\"container\">\n\t\t\t\t\t<div class=\"e-con-inner\">\n\t\t\t\t<div class=\"elementor-element elementor-element-03d2133 elementor-widget elementor-widget-wd_text_block\" data-id=\"03d2133\" data-element_type=\"widget\" data-e-type=\"widget\" data-widget_type=\"wd_text_block.default\">\n\t\t\t\t<div class=\"elementor-widget-container\">\n\t\t\t\t\t\t\t<div class=\"wd-text-block reset-last-child text-left\">\n\t\t\t\n\t\t\t<h2>WP-Optimize Premium: Aumente el rendimiento de su WordPress<\/h2>\n<p><strong>WP-Optimize Premium<\/strong> transforma tu sitio WordPress en una plataforma \u00e1gil, r\u00e1pida y eficiente. Por ejemplo, los propietarios de sitios utilizan activamente este plugin para limpiar bases de datos, comprimir im\u00e1genes y habilitar el almacenamiento en cach\u00e9 avanzado. De este modo, se consiguen tiempos de carga ultrarr\u00e1pidos y una experiencia de usuario m\u00e1s fluida sin necesidad de conocimientos t\u00e9cnicos.<\/p>\n\n<h3>Optimice el rendimiento del sitio<\/h3>\n<p>WP-Optimize Premium simplifica la optimizaci\u00f3n de sitios web con potentes herramientas. Limpia bases de datos hinchadas, elimina datos innecesarios y programa limpiezas autom\u00e1ticas sin esfuerzo. Adem\u00e1s, el plugin optimiza las im\u00e1genes e implementa el almacenamiento en cach\u00e9, por lo que su sitio funciona al m\u00e1ximo rendimiento en todos los dispositivos.<\/p>\n\n<h3>\u00bfPor qu\u00e9 elegir WP-Optimize Premium?<\/h3>\n<ul>\n    <li><strong>Optimizaci\u00f3n de bases de datos:<\/strong> Elimine los datos redundantes, como los comentarios de spam y los transitorios, para mantener su base de datos aligerada.<\/li>\n    <li><strong>Compresi\u00f3n de im\u00e1genes:<\/strong> El plugin reduce el tama\u00f1o de las im\u00e1genes sin perder calidad, lo que acelera la carga de las p\u00e1ginas.<\/li>\n    <li><strong>Cach\u00e9 avanzado:<\/strong> Habilita el almacenamiento en cach\u00e9 de p\u00e1ginas, navegadores y minificaci\u00f3n para la entrega instant\u00e1nea de contenidos.<\/li>\n    <li><strong>Soporte multisitio:<\/strong> Gestione las optimizaciones de varios sitios de WordPress desde un \u00fanico panel de control.<\/li>\n    <li><strong>Carga perezosa:<\/strong> Cargue las im\u00e1genes s\u00f3lo cuando los usuarios se desplacen, reduciendo as\u00ed el tiempo de carga inicial de la p\u00e1gina.<\/li>\n<\/ul>\n\n<h3>Mayor control y flexibilidad<\/h3>\n<p>Con WP-Optimize Premium, obtienes un control granular sobre las optimizaciones. Por ejemplo, puedes programar limpiezas para que se ejecuten autom\u00e1ticamente y excluir datos espec\u00edficos de la eliminaci\u00f3n. Adem\u00e1s, el plugin soporta la conversi\u00f3n WebP, por lo que ofrece im\u00e1genes de \u00faltima generaci\u00f3n para los navegadores modernos. Como resultado, su sitio se mantiene r\u00e1pido, SEO-friendly, y centrado en el usuario.<\/p>\n\n<h3>F\u00e1cil configuraci\u00f3n para todos los usuarios<\/h3>\n<p>No necesitas conocimientos de programaci\u00f3n para desbloquear el poder de WP-Optimize Premium. La interfaz intuitiva le gu\u00eda a trav\u00e9s de la configuraci\u00f3n, y los registros detallados de seguimiento de cada acci\u00f3n. Por lo tanto, si usted maneja un blog, tienda de comercio electr\u00f3nico, o la cartera, a mantener un sitio de alto rendimiento sin esfuerzo.<\/p>\n\n<h3>Optimice su sitio web hoy mismo<\/h3>\n<p>Mejore el rendimiento de WordPress con <strong>WP-Optimize Premium<\/strong>. Al agilizar las bases de datos, las im\u00e1genes y el almacenamiento en cach\u00e9, ofrece una experiencia m\u00e1s r\u00e1pida y fiable. Inst\u00e1lelo ahora y vea c\u00f3mo su sitio alcanza nuevas cotas.\n\t\t\t\t\t<\/div>\n\t\t\t\t\t\t<\/div>\n\t\t\t\t<\/div>\n\t\t\t\t\t<\/div>\n\t\t\t\t<\/div>\n\t\t<div class=\"wd-negative-gap elementor-element elementor-element-b840373 e-flex e-con-boxed e-con e-parent\" data-id=\"b840373\" data-element_type=\"container\" data-e-type=\"container\">\n\t\t\t\t\t<div class=\"e-con-inner\">\n\t\t\t\t<div class=\"elementor-element elementor-element-386449b elementor-widget elementor-widget-video\" data-id=\"386449b\" data-element_type=\"widget\" data-e-type=\"widget\" data-settings=\"{&quot;youtube_url&quot;:&quot;https:\\\/\\\/youtu.be\\\/nI7IOIjOs7I&quot;,&quot;video_type&quot;:&quot;youtube&quot;,&quot;controls&quot;:&quot;yes&quot;}\" data-widget_type=\"video.default\">\n\t\t\t\t\t\t\t<div class=\"elementor-wrapper elementor-open-inline\">\n\t\t\t<div class=\"elementor-video\"><\/div>\t\t<\/div>\n\t\t\t\t\t\t<\/div>\n\t\t\t\t\t<\/div>\n\t\t\t\t<\/div>\n\t\t\t\t<\/div>","protected":false},"excerpt":{"rendered":"<p>WP-Optimize Premium: Supercharge Your WordPress Performance WP-Optimize Premium transforms your WordPress site into a lean, fast, and efficient platform. For<\/p>","protected":false},"featured_media":11821,"comment_status":"open","ping_status":"closed","template":"","meta":{"_acf_changed":false},"product_brand":[],"product_cat":[49],"product_tag":[],"class_list":{"0":"post-11820","1":"product","2":"type-product","3":"status-publish","4":"has-post-thumbnail","6":"product_cat-plugins","8":"first","9":"instock","10":"sale","11":"downloadable","12":"shipping-taxable","13":"purchasable","14":"product-type-simple"},"acf":[],"yoast_head":"<!-- This site is optimized with the Yoast SEO Premium plugin v25.6 (Yoast SEO v27.1.1) - https:\/\/yoast.com\/product\/yoast-seo-premium-wordpress\/ -->\n<title>WP-Optimize Premium - AllWin Theme \u2013 Free WordPress Themes Download<\/title>\n<meta name=\"description\" content=\"Boost your WordPress site with WP-Optimize Premium. Optimize databases, images, and caching for faster performance and seamless management.\" \/>\n<meta name=\"robots\" content=\"index, follow, max-snippet:-1, max-image-preview:large, max-video-preview:-1\" \/>\n<link rel=\"canonical\" href=\"https:\/\/allwintheme.com\/es\/producto\/wp-optimizar-premium\/\" \/>\n<meta property=\"og:locale\" content=\"es_ES\" \/>\n<meta property=\"og:type\" content=\"article\" \/>\n<meta property=\"og:title\" content=\"WP-Optimize Premium\" \/>\n<meta property=\"og:description\" content=\"Boost your WordPress site with WP-Optimize Premium. Optimize databases, images, and caching for faster performance and seamless management.\" \/>\n<meta property=\"og:url\" content=\"https:\/\/allwintheme.com\/es\/producto\/wp-optimizar-premium\/\" \/>\n<meta property=\"og:site_name\" content=\"AllWin Theme \u2013 Free WordPress Themes Download\" \/>\n<meta property=\"article:modified_time\" content=\"2025-10-26T02:40:42+00:00\" \/>\n<meta property=\"og:image\" content=\"https:\/\/allwintheme.com\/wp-content\/uploads\/2025\/10\/o4puet5o.png\" \/>\n\t<meta property=\"og:image:width\" content=\"590\" \/>\n\t<meta property=\"og:image:height\" content=\"300\" \/>\n\t<meta property=\"og:image:type\" content=\"image\/png\" \/>\n<meta name=\"twitter:card\" content=\"summary_large_image\" \/>\n<meta name=\"twitter:label1\" content=\"Tiempo estimado de lectura\" \/>\n\t<meta name=\"twitter:data1\" content=\"2 minutos\" \/>\n<script type=\"application\/ld+json\" class=\"yoast-schema-graph\">{\"@context\":\"https:\/\/schema.org\",\"@graph\":[{\"@type\":\"WebPage\",\"@id\":\"https:\/\/allwintheme.com\/product\/wp-optimize-premium\/\",\"url\":\"https:\/\/allwintheme.com\/product\/wp-optimize-premium\/\",\"name\":\"WP-Optimize Premium - AllWin Theme \u2013 Free WordPress Themes Download\",\"isPartOf\":{\"@id\":\"https:\/\/allwintheme.com\/#website\"},\"primaryImageOfPage\":{\"@id\":\"https:\/\/allwintheme.com\/product\/wp-optimize-premium\/#primaryimage\"},\"image\":{\"@id\":\"https:\/\/allwintheme.com\/product\/wp-optimize-premium\/#primaryimage\"},\"thumbnailUrl\":\"https:\/\/allwintheme.com\/wp-content\/uploads\/2025\/10\/o4puet5o.png\",\"datePublished\":\"2025-10-26T02:32:16+00:00\",\"dateModified\":\"2025-10-26T02:40:42+00:00\",\"description\":\"Boost your WordPress site with WP-Optimize Premium. Optimize databases, images, and caching for faster performance and seamless management.\",\"breadcrumb\":{\"@id\":\"https:\/\/allwintheme.com\/product\/wp-optimize-premium\/#breadcrumb\"},\"inLanguage\":\"es-CL\",\"potentialAction\":[{\"@type\":\"ReadAction\",\"target\":[\"https:\/\/allwintheme.com\/product\/wp-optimize-premium\/\"]}]},{\"@type\":\"ImageObject\",\"inLanguage\":\"es-CL\",\"@id\":\"https:\/\/allwintheme.com\/product\/wp-optimize-premium\/#primaryimage\",\"url\":\"https:\/\/allwintheme.com\/wp-content\/uploads\/2025\/10\/o4puet5o.png\",\"contentUrl\":\"https:\/\/allwintheme.com\/wp-content\/uploads\/2025\/10\/o4puet5o.png\",\"width\":590,\"height\":300,\"caption\":\"WP-Optimize Premium\"},{\"@type\":\"BreadcrumbList\",\"@id\":\"https:\/\/allwintheme.com\/product\/wp-optimize-premium\/#breadcrumb\",\"itemListElement\":[{\"@type\":\"ListItem\",\"position\":1,\"name\":\"Home\",\"item\":\"https:\/\/allwintheme.com\/\"},{\"@type\":\"ListItem\",\"position\":2,\"name\":\"Shop\",\"item\":\"https:\/\/allwintheme.com\/shop\/\"},{\"@type\":\"ListItem\",\"position\":3,\"name\":\"WP-Optimize Premium\"}]},{\"@type\":\"WebSite\",\"@id\":\"https:\/\/allwintheme.com\/#website\",\"url\":\"https:\/\/allwintheme.com\/\",\"name\":\"Allwintheme\",\"description\":\"Download free WordPress themes for every niche. Blogs, business, eCommerce, portfolio, restaurant and more. All themes are GPL licensed and mobile-ready.\",\"potentialAction\":[{\"@type\":\"SearchAction\",\"target\":{\"@type\":\"EntryPoint\",\"urlTemplate\":\"https:\/\/allwintheme.com\/?s={search_term_string}\"},\"query-input\":{\"@type\":\"PropertyValueSpecification\",\"valueRequired\":true,\"valueName\":\"search_term_string\"}}],\"inLanguage\":\"es-CL\"}]}<\/script>\n<!-- \/ Yoast SEO Premium plugin. -->","yoast_head_json":{"title":"WP-Optimize Premium - AllWin Theme - Free WordPress Themes Download","description":"Potencie su sitio WordPress con WP-Optimize Premium. Optimiza las bases de datos, las im\u00e1genes y la cach\u00e9 para obtener un rendimiento m\u00e1s r\u00e1pido y una gesti\u00f3n perfecta.","robots":{"index":"index","follow":"follow","max-snippet":"max-snippet:-1","max-image-preview":"max-image-preview:large","max-video-preview":"max-video-preview:-1"},"canonical":"https:\/\/allwintheme.com\/es\/producto\/wp-optimizar-premium\/","og_locale":"es_ES","og_type":"article","og_title":"WP-Optimize Premium","og_description":"Boost your WordPress site with WP-Optimize Premium. Optimize databases, images, and caching for faster performance and seamless management.","og_url":"https:\/\/allwintheme.com\/es\/producto\/wp-optimizar-premium\/","og_site_name":"AllWin Theme \u2013 Free WordPress Themes Download","article_modified_time":"2025-10-26T02:40:42+00:00","og_image":[{"width":590,"height":300,"url":"https:\/\/allwintheme.com\/wp-content\/uploads\/2025\/10\/o4puet5o.png","type":"image\/png"}],"twitter_card":"summary_large_image","twitter_misc":{"Tiempo estimado de lectura":"2 minutos"},"schema":{"@context":"https:\/\/schema.org","@graph":[{"@type":"WebPage","@id":"https:\/\/allwintheme.com\/product\/wp-optimize-premium\/","url":"https:\/\/allwintheme.com\/product\/wp-optimize-premium\/","name":"WP-Optimize Premium - AllWin Theme - Free WordPress Themes Download","isPartOf":{"@id":"https:\/\/allwintheme.com\/#website"},"primaryImageOfPage":{"@id":"https:\/\/allwintheme.com\/product\/wp-optimize-premium\/#primaryimage"},"image":{"@id":"https:\/\/allwintheme.com\/product\/wp-optimize-premium\/#primaryimage"},"thumbnailUrl":"https:\/\/allwintheme.com\/wp-content\/uploads\/2025\/10\/o4puet5o.png","datePublished":"2025-10-26T02:32:16+00:00","dateModified":"2025-10-26T02:40:42+00:00","description":"Potencie su sitio WordPress con WP-Optimize Premium. Optimiza las bases de datos, las im\u00e1genes y la cach\u00e9 para obtener un rendimiento m\u00e1s r\u00e1pido y una gesti\u00f3n perfecta.","breadcrumb":{"@id":"https:\/\/allwintheme.com\/product\/wp-optimize-premium\/#breadcrumb"},"inLanguage":"es-CL","potentialAction":[{"@type":"ReadAction","target":["https:\/\/allwintheme.com\/product\/wp-optimize-premium\/"]}]},{"@type":"ImageObject","inLanguage":"es-CL","@id":"https:\/\/allwintheme.com\/product\/wp-optimize-premium\/#primaryimage","url":"https:\/\/allwintheme.com\/wp-content\/uploads\/2025\/10\/o4puet5o.png","contentUrl":"https:\/\/allwintheme.com\/wp-content\/uploads\/2025\/10\/o4puet5o.png","width":590,"height":300,"caption":"WP-Optimize Premium"},{"@type":"BreadcrumbList","@id":"https:\/\/allwintheme.com\/product\/wp-optimize-premium\/#breadcrumb","itemListElement":[{"@type":"ListItem","position":1,"name":"Home","item":"https:\/\/allwintheme.com\/"},{"@type":"ListItem","position":2,"name":"Shop","item":"https:\/\/allwintheme.com\/shop\/"},{"@type":"ListItem","position":3,"name":"WP-Optimize Premium"}]},{"@type":"WebSite","@id":"https:\/\/allwintheme.com\/#website","url":"https:\/\/allwintheme.com\/","name":"Allwintheme","description":"Descarga gratis temas de WordPress para todos los nichos. Blogs, negocios, comercio electr\u00f3nico, portafolio, restaurante y m\u00e1s. Todos los temas tienen licencia GPL y est\u00e1n preparados para dispositivos m\u00f3viles.","potentialAction":[{"@type":"SearchAction","target":{"@type":"EntryPoint","urlTemplate":"https:\/\/allwintheme.com\/?s={search_term_string}"},"query-input":{"@type":"PropertyValueSpecification","valueRequired":true,"valueName":"search_term_string"}}],"inLanguage":"es-CL"}]}},"_links":{"self":[{"href":"https:\/\/allwintheme.com\/es\/wp-json\/wp\/v2\/product\/11820","targetHints":{"allow":["GET"]}}],"collection":[{"href":"https:\/\/allwintheme.com\/es\/wp-json\/wp\/v2\/product"}],"about":[{"href":"https:\/\/allwintheme.com\/es\/wp-json\/wp\/v2\/types\/product"}],"replies":[{"embeddable":true,"href":"https:\/\/allwintheme.com\/es\/wp-json\/wp\/v2\/comments?post=11820"}],"version-history":[{"count":5,"href":"https:\/\/allwintheme.com\/es\/wp-json\/wp\/v2\/product\/11820\/revisions"}],"predecessor-version":[{"id":11826,"href":"https:\/\/allwintheme.com\/es\/wp-json\/wp\/v2\/product\/11820\/revisions\/11826"}],"wp:featuredmedia":[{"embeddable":true,"href":"https:\/\/allwintheme.com\/es\/wp-json\/wp\/v2\/media\/11821"}],"wp:attachment":[{"href":"https:\/\/allwintheme.com\/es\/wp-json\/wp\/v2\/media?parent=11820"}],"wp:term":[{"taxonomy":"product_brand","embeddable":true,"href":"https:\/\/allwintheme.com\/es\/wp-json\/wp\/v2\/product_brand?post=11820"},{"taxonomy":"product_cat","embeddable":true,"href":"https:\/\/allwintheme.com\/es\/wp-json\/wp\/v2\/product_cat?post=11820"},{"taxonomy":"product_tag","embeddable":true,"href":"https:\/\/allwintheme.com\/es\/wp-json\/wp\/v2\/product_tag?post=11820"}],"curies":[{"name":"wp","href":"https:\/\/api.w.org\/{rel}","templated":true}]}}