{"id":11827,"date":"2025-10-26T02:44:17","date_gmt":"2025-10-26T02:44:17","guid":{"rendered":"https:\/\/allwintheme.com\/?post_type=product&#038;p=11827"},"modified":"2025-10-26T02:50:09","modified_gmt":"2025-10-26T02:50:09","slug":"flyingpress-plugin-wordpress","status":"publish","type":"product","link":"https:\/\/allwintheme.com\/es\/producto\/flyingpress-plugin-wordpress\/","title":{"rendered":"FlyingPress WordPress Plugin"},"content":{"rendered":"<div data-elementor-type=\"wp-post\" data-elementor-id=\"11827\" class=\"elementor elementor-11827\" data-elementor-settings=\"{&quot;element_pack_global_tooltip_width&quot;:{&quot;unit&quot;:&quot;px&quot;,&quot;size&quot;:&quot;&quot;,&quot;sizes&quot;:[]},&quot;element_pack_global_tooltip_width_tablet&quot;:{&quot;unit&quot;:&quot;px&quot;,&quot;size&quot;:&quot;&quot;,&quot;sizes&quot;:[]},&quot;element_pack_global_tooltip_width_mobile&quot;:{&quot;unit&quot;:&quot;px&quot;,&quot;size&quot;:&quot;&quot;,&quot;sizes&quot;:[]},&quot;element_pack_global_tooltip_padding&quot;:{&quot;unit&quot;:&quot;px&quot;,&quot;top&quot;:&quot;&quot;,&quot;right&quot;:&quot;&quot;,&quot;bottom&quot;:&quot;&quot;,&quot;left&quot;:&quot;&quot;,&quot;isLinked&quot;:true},&quot;element_pack_global_tooltip_padding_tablet&quot;:{&quot;unit&quot;:&quot;px&quot;,&quot;top&quot;:&quot;&quot;,&quot;right&quot;:&quot;&quot;,&quot;bottom&quot;:&quot;&quot;,&quot;left&quot;:&quot;&quot;,&quot;isLinked&quot;:true},&quot;element_pack_global_tooltip_padding_mobile&quot;:{&quot;unit&quot;:&quot;px&quot;,&quot;top&quot;:&quot;&quot;,&quot;right&quot;:&quot;&quot;,&quot;bottom&quot;:&quot;&quot;,&quot;left&quot;:&quot;&quot;,&quot;isLinked&quot;:true},&quot;element_pack_global_tooltip_border_radius&quot;:{&quot;unit&quot;:&quot;px&quot;,&quot;top&quot;:&quot;&quot;,&quot;right&quot;:&quot;&quot;,&quot;bottom&quot;:&quot;&quot;,&quot;left&quot;:&quot;&quot;,&quot;isLinked&quot;:true},&quot;element_pack_global_tooltip_border_radius_tablet&quot;:{&quot;unit&quot;:&quot;px&quot;,&quot;top&quot;:&quot;&quot;,&quot;right&quot;:&quot;&quot;,&quot;bottom&quot;:&quot;&quot;,&quot;left&quot;:&quot;&quot;,&quot;isLinked&quot;:true},&quot;element_pack_global_tooltip_border_radius_mobile&quot;:{&quot;unit&quot;:&quot;px&quot;,&quot;top&quot;:&quot;&quot;,&quot;right&quot;:&quot;&quot;,&quot;bottom&quot;:&quot;&quot;,&quot;left&quot;:&quot;&quot;,&quot;isLinked&quot;:true}}\" data-elementor-post-type=\"product\">\n\t\t\t\t<div class=\"wd-negative-gap elementor-element elementor-element-116794f e-flex e-con-boxed e-con e-parent\" data-id=\"116794f\" data-element_type=\"container\" data-e-type=\"container\">\n\t\t\t\t\t<div class=\"e-con-inner\">\n\t\t\t\t<div class=\"elementor-element elementor-element-03d2133 elementor-widget elementor-widget-wd_text_block\" data-id=\"03d2133\" data-element_type=\"widget\" data-e-type=\"widget\" data-widget_type=\"wd_text_block.default\">\n\t\t\t\t<div class=\"elementor-widget-container\">\n\t\t\t\t\t\t\t<div class=\"wd-text-block reset-last-child text-left\">\n\t\t\t\n\t\t\t<h2>FlyingPress: Acelere su sitio WordPress al instante<\/h2>\n<p>En <strong>FlyingPress WordPress Plugin<\/strong> transforma los sitios web lentos en experiencias ultrarr\u00e1pidas. Por ejemplo, los propietarios de sitios combinan activamente el almacenamiento en cach\u00e9 inteligente, la optimizaci\u00f3n del c\u00f3digo y la gesti\u00f3n de im\u00e1genes para reducir dr\u00e1sticamente los tiempos de carga. De este modo, los visitantes disfrutan de una navegaci\u00f3n m\u00e1s fluida y los motores de b\u00fasqueda le recompensan con mejores posiciones.<\/p>\n\n<h3>Optimice el rendimiento con el m\u00ednimo esfuerzo<\/h3>\n<p>FlyingPress gestiona autom\u00e1ticamente las tareas de velocidad complejas. Basta con activar el plugin para que elimine los recursos que bloquean la renderizaci\u00f3n, aplace JavaScript y precargue los activos cr\u00edticos. Adem\u00e1s, la integraci\u00f3n CDN incorporada garantiza la entrega global, por lo que su contenido llega r\u00e1pidamente a los usuarios sin importar su ubicaci\u00f3n.<\/p>\n\n<h3>\u00bfPor qu\u00e9 elegir FlyingPress?<\/h3>\n<ul>\n    <li><strong>Optimizaci\u00f3n inteligente de CSS y JS:<\/strong> El plugin minifica, combina y aplaza el c\u00f3digo para eliminar retrasos.<\/li>\n    <li><strong>Tratamiento de im\u00e1genes de nueva generaci\u00f3n:<\/strong> FlyingPress genera im\u00e1genes WebP y las sirve mediante lazy loading para una carga visual instant\u00e1nea.<\/li>\n    <li><strong>Optimizaci\u00f3n de fuentes:<\/strong> Precarga Google Fonts localmente y las intercambia de forma eficaz para evitar cambios en el dise\u00f1o.<\/li>\n    <li><strong>Eliminaci\u00f3n de hinchaz\u00f3n:<\/strong> Elimina el CSS no utilizado de los creadores de p\u00e1ginas y temas m\u00e1s populares con un solo clic.<\/li>\n    <li><strong>Cach\u00e9 en tiempo real:<\/strong> El plugin sirve p\u00e1ginas HTML predise\u00f1adas, lo que reduce significativamente la carga de trabajo del servidor.<\/li>\n<\/ul>\n\n<h3>Mejore autom\u00e1ticamente las constantes vitales de Core Web<\/h3>\n<p>FlyingPress se dirige directamente a LCP, CLS y FID. Por ejemplo, retrasa los scripts de terceros hasta la interacci\u00f3n del usuario y elimina el CSS no utilizado por p\u00e1gina. Como resultado, consigue puntuaciones verdes en Google PageSpeed sin necesidad de ajustes manuales ni conocimientos de codificaci\u00f3n.<\/p>\n\n<h3>Ligero pero potente<\/h3>\n<p>A diferencia de los plugins de optimizaci\u00f3n hinchados, FlyingPress no supera los 50 KB. Adem\u00e1s, evita las consultas a la base de datos en cada carga de p\u00e1gina, por lo que su sitio sigue siendo \u00e1gil incluso con mucho tr\u00e1fico. Por lo tanto, obtendr\u00e1 un rendimiento de nivel empresarial con una configuraci\u00f3n sencilla que se realiza en cuesti\u00f3n de minutos.<\/p>\n\n<h3>Acelere su sitio web hoy mismo<\/h3>\n<p>Instale <strong>FlyingPress<\/strong> ahora y vea c\u00f3mo disminuyen sus tiempos de carga. Con actualizaciones regulares y resultados probados en miles de sitios, este plugin ofrece un rendimiento m\u00e1s r\u00e1pido que los usuarios notan y Google ama. Act\u00edvelo hoy mismo y supere a sus competidores.\n\t\t\t\t\t<\/div>\n\t\t\t\t\t\t<\/div>\n\t\t\t\t<\/div>\n\t\t\t\t\t<\/div>\n\t\t\t\t<\/div>\n\t\t<div class=\"wd-negative-gap elementor-element elementor-element-b840373 e-flex e-con-boxed e-con e-parent\" data-id=\"b840373\" data-element_type=\"container\" data-e-type=\"container\">\n\t\t\t\t\t<div class=\"e-con-inner\">\n\t\t\t\t<div class=\"elementor-element elementor-element-386449b elementor-widget elementor-widget-video\" data-id=\"386449b\" data-element_type=\"widget\" data-e-type=\"widget\" data-settings=\"{&quot;youtube_url&quot;:&quot;https:\\\/\\\/youtu.be\\\/RMkR0vW6U8o&quot;,&quot;video_type&quot;:&quot;youtube&quot;,&quot;controls&quot;:&quot;yes&quot;}\" data-widget_type=\"video.default\">\n\t\t\t\t\t\t\t<div class=\"elementor-wrapper elementor-open-inline\">\n\t\t\t<div class=\"elementor-video\"><\/div>\t\t<\/div>\n\t\t\t\t\t\t<\/div>\n\t\t\t\t\t<\/div>\n\t\t\t\t<\/div>\n\t\t\t\t<\/div>","protected":false},"excerpt":{"rendered":"<p>FlyingPress: Accelerate Your WordPress Site Instantly The FlyingPress WordPress Plugin transforms slow websites into lightning-fast experiences. For example, site owners<\/p>","protected":false},"featured_media":11828,"comment_status":"open","ping_status":"closed","template":"","meta":{"_acf_changed":false},"product_brand":[],"product_cat":[49],"product_tag":[],"class_list":{"0":"post-11827","1":"product","2":"type-product","3":"status-publish","4":"has-post-thumbnail","6":"product_cat-plugins","8":"first","9":"instock","10":"sale","11":"downloadable","12":"shipping-taxable","13":"purchasable","14":"product-type-simple"},"acf":[],"yoast_head":"<!-- This site is optimized with the Yoast SEO Premium plugin v25.6 (Yoast SEO v27.1.1) - https:\/\/yoast.com\/product\/yoast-seo-premium-wordpress\/ -->\n<title>FlyingPress WordPress Plugin - AllWin Theme \u2013 Free WordPress Themes Download<\/title>\n<meta name=\"description\" content=\"Boost site speed with FlyingPress. This lightweight plugin optimizes CSS, JS, fonts, and images for faster loading and better Core Web Vitals.\" \/>\n<meta name=\"robots\" content=\"index, follow, max-snippet:-1, max-image-preview:large, max-video-preview:-1\" \/>\n<link rel=\"canonical\" href=\"https:\/\/allwintheme.com\/es\/producto\/flyingpress-plugin-wordpress\/\" \/>\n<meta property=\"og:locale\" content=\"es_ES\" \/>\n<meta property=\"og:type\" content=\"article\" \/>\n<meta property=\"og:title\" content=\"FlyingPress WordPress Plugin\" \/>\n<meta property=\"og:description\" content=\"Boost site speed with FlyingPress. This lightweight plugin optimizes CSS, JS, fonts, and images for faster loading and better Core Web Vitals.\" \/>\n<meta property=\"og:url\" content=\"https:\/\/allwintheme.com\/es\/producto\/flyingpress-plugin-wordpress\/\" \/>\n<meta property=\"og:site_name\" content=\"AllWin Theme \u2013 Free WordPress Themes Download\" \/>\n<meta property=\"article:modified_time\" content=\"2025-10-26T02:50:09+00:00\" \/>\n<meta property=\"og:image\" content=\"https:\/\/allwintheme.com\/wp-content\/uploads\/2025\/10\/txsshldf.png\" \/>\n\t<meta property=\"og:image:width\" content=\"590\" \/>\n\t<meta property=\"og:image:height\" content=\"300\" \/>\n\t<meta property=\"og:image:type\" content=\"image\/png\" \/>\n<meta name=\"twitter:card\" content=\"summary_large_image\" \/>\n<meta name=\"twitter:label1\" content=\"Tiempo estimado de lectura\" \/>\n\t<meta name=\"twitter:data1\" content=\"2 minutos\" \/>\n<script type=\"application\/ld+json\" class=\"yoast-schema-graph\">{\"@context\":\"https:\/\/schema.org\",\"@graph\":[{\"@type\":\"WebPage\",\"@id\":\"https:\/\/allwintheme.com\/product\/flyingpress-wordpress-plugin\/\",\"url\":\"https:\/\/allwintheme.com\/product\/flyingpress-wordpress-plugin\/\",\"name\":\"FlyingPress WordPress Plugin - AllWin Theme \u2013 Free WordPress Themes Download\",\"isPartOf\":{\"@id\":\"https:\/\/allwintheme.com\/#website\"},\"primaryImageOfPage\":{\"@id\":\"https:\/\/allwintheme.com\/product\/flyingpress-wordpress-plugin\/#primaryimage\"},\"image\":{\"@id\":\"https:\/\/allwintheme.com\/product\/flyingpress-wordpress-plugin\/#primaryimage\"},\"thumbnailUrl\":\"https:\/\/allwintheme.com\/wp-content\/uploads\/2025\/10\/txsshldf.png\",\"datePublished\":\"2025-10-26T02:44:17+00:00\",\"dateModified\":\"2025-10-26T02:50:09+00:00\",\"description\":\"Boost site speed with FlyingPress. This lightweight plugin optimizes CSS, JS, fonts, and images for faster loading and better Core Web Vitals.\",\"breadcrumb\":{\"@id\":\"https:\/\/allwintheme.com\/product\/flyingpress-wordpress-plugin\/#breadcrumb\"},\"inLanguage\":\"es-CL\",\"potentialAction\":[{\"@type\":\"ReadAction\",\"target\":[\"https:\/\/allwintheme.com\/product\/flyingpress-wordpress-plugin\/\"]}]},{\"@type\":\"ImageObject\",\"inLanguage\":\"es-CL\",\"@id\":\"https:\/\/allwintheme.com\/product\/flyingpress-wordpress-plugin\/#primaryimage\",\"url\":\"https:\/\/allwintheme.com\/wp-content\/uploads\/2025\/10\/txsshldf.png\",\"contentUrl\":\"https:\/\/allwintheme.com\/wp-content\/uploads\/2025\/10\/txsshldf.png\",\"width\":590,\"height\":300,\"caption\":\"FlyingPress WordPress Plugin\"},{\"@type\":\"BreadcrumbList\",\"@id\":\"https:\/\/allwintheme.com\/product\/flyingpress-wordpress-plugin\/#breadcrumb\",\"itemListElement\":[{\"@type\":\"ListItem\",\"position\":1,\"name\":\"Home\",\"item\":\"https:\/\/allwintheme.com\/\"},{\"@type\":\"ListItem\",\"position\":2,\"name\":\"Shop\",\"item\":\"https:\/\/allwintheme.com\/shop\/\"},{\"@type\":\"ListItem\",\"position\":3,\"name\":\"FlyingPress WordPress Plugin\"}]},{\"@type\":\"WebSite\",\"@id\":\"https:\/\/allwintheme.com\/#website\",\"url\":\"https:\/\/allwintheme.com\/\",\"name\":\"Allwintheme\",\"description\":\"Download free WordPress themes for every niche. Blogs, business, eCommerce, portfolio, restaurant and more. All themes are GPL licensed and mobile-ready.\",\"potentialAction\":[{\"@type\":\"SearchAction\",\"target\":{\"@type\":\"EntryPoint\",\"urlTemplate\":\"https:\/\/allwintheme.com\/?s={search_term_string}\"},\"query-input\":{\"@type\":\"PropertyValueSpecification\",\"valueRequired\":true,\"valueName\":\"search_term_string\"}}],\"inLanguage\":\"es-CL\"}]}<\/script>\n<!-- \/ Yoast SEO Premium plugin. -->","yoast_head_json":{"title":"FlyingPress WordPress Plugin - AllWin Theme - Free WordPress Themes Download","description":"Aumente la velocidad de su sitio web con FlyingPress. Este ligero plugin optimiza CSS, JS, fuentes e im\u00e1genes para una carga m\u00e1s r\u00e1pida y mejores Core Web Vitals.","robots":{"index":"index","follow":"follow","max-snippet":"max-snippet:-1","max-image-preview":"max-image-preview:large","max-video-preview":"max-video-preview:-1"},"canonical":"https:\/\/allwintheme.com\/es\/producto\/flyingpress-plugin-wordpress\/","og_locale":"es_ES","og_type":"article","og_title":"FlyingPress WordPress Plugin","og_description":"Boost site speed with FlyingPress. This lightweight plugin optimizes CSS, JS, fonts, and images for faster loading and better Core Web Vitals.","og_url":"https:\/\/allwintheme.com\/es\/producto\/flyingpress-plugin-wordpress\/","og_site_name":"AllWin Theme \u2013 Free WordPress Themes Download","article_modified_time":"2025-10-26T02:50:09+00:00","og_image":[{"width":590,"height":300,"url":"https:\/\/allwintheme.com\/wp-content\/uploads\/2025\/10\/txsshldf.png","type":"image\/png"}],"twitter_card":"summary_large_image","twitter_misc":{"Tiempo estimado de lectura":"2 minutos"},"schema":{"@context":"https:\/\/schema.org","@graph":[{"@type":"WebPage","@id":"https:\/\/allwintheme.com\/product\/flyingpress-wordpress-plugin\/","url":"https:\/\/allwintheme.com\/product\/flyingpress-wordpress-plugin\/","name":"FlyingPress WordPress Plugin - AllWin Theme - Free WordPress Themes Download","isPartOf":{"@id":"https:\/\/allwintheme.com\/#website"},"primaryImageOfPage":{"@id":"https:\/\/allwintheme.com\/product\/flyingpress-wordpress-plugin\/#primaryimage"},"image":{"@id":"https:\/\/allwintheme.com\/product\/flyingpress-wordpress-plugin\/#primaryimage"},"thumbnailUrl":"https:\/\/allwintheme.com\/wp-content\/uploads\/2025\/10\/txsshldf.png","datePublished":"2025-10-26T02:44:17+00:00","dateModified":"2025-10-26T02:50:09+00:00","description":"Aumente la velocidad de su sitio web con FlyingPress. Este ligero plugin optimiza CSS, JS, fuentes e im\u00e1genes para una carga m\u00e1s r\u00e1pida y mejores Core Web Vitals.","breadcrumb":{"@id":"https:\/\/allwintheme.com\/product\/flyingpress-wordpress-plugin\/#breadcrumb"},"inLanguage":"es-CL","potentialAction":[{"@type":"ReadAction","target":["https:\/\/allwintheme.com\/product\/flyingpress-wordpress-plugin\/"]}]},{"@type":"ImageObject","inLanguage":"es-CL","@id":"https:\/\/allwintheme.com\/product\/flyingpress-wordpress-plugin\/#primaryimage","url":"https:\/\/allwintheme.com\/wp-content\/uploads\/2025\/10\/txsshldf.png","contentUrl":"https:\/\/allwintheme.com\/wp-content\/uploads\/2025\/10\/txsshldf.png","width":590,"height":300,"caption":"FlyingPress WordPress Plugin"},{"@type":"BreadcrumbList","@id":"https:\/\/allwintheme.com\/product\/flyingpress-wordpress-plugin\/#breadcrumb","itemListElement":[{"@type":"ListItem","position":1,"name":"Home","item":"https:\/\/allwintheme.com\/"},{"@type":"ListItem","position":2,"name":"Shop","item":"https:\/\/allwintheme.com\/shop\/"},{"@type":"ListItem","position":3,"name":"FlyingPress WordPress Plugin"}]},{"@type":"WebSite","@id":"https:\/\/allwintheme.com\/#website","url":"https:\/\/allwintheme.com\/","name":"Allwintheme","description":"Descarga gratis temas de WordPress para todos los nichos. Blogs, negocios, comercio electr\u00f3nico, portafolio, restaurante y m\u00e1s. Todos los temas tienen licencia GPL y est\u00e1n preparados para dispositivos m\u00f3viles.","potentialAction":[{"@type":"SearchAction","target":{"@type":"EntryPoint","urlTemplate":"https:\/\/allwintheme.com\/?s={search_term_string}"},"query-input":{"@type":"PropertyValueSpecification","valueRequired":true,"valueName":"search_term_string"}}],"inLanguage":"es-CL"}]}},"_links":{"self":[{"href":"https:\/\/allwintheme.com\/es\/wp-json\/wp\/v2\/product\/11827","targetHints":{"allow":["GET"]}}],"collection":[{"href":"https:\/\/allwintheme.com\/es\/wp-json\/wp\/v2\/product"}],"about":[{"href":"https:\/\/allwintheme.com\/es\/wp-json\/wp\/v2\/types\/product"}],"replies":[{"embeddable":true,"href":"https:\/\/allwintheme.com\/es\/wp-json\/wp\/v2\/comments?post=11827"}],"version-history":[{"count":5,"href":"https:\/\/allwintheme.com\/es\/wp-json\/wp\/v2\/product\/11827\/revisions"}],"predecessor-version":[{"id":11833,"href":"https:\/\/allwintheme.com\/es\/wp-json\/wp\/v2\/product\/11827\/revisions\/11833"}],"wp:featuredmedia":[{"embeddable":true,"href":"https:\/\/allwintheme.com\/es\/wp-json\/wp\/v2\/media\/11828"}],"wp:attachment":[{"href":"https:\/\/allwintheme.com\/es\/wp-json\/wp\/v2\/media?parent=11827"}],"wp:term":[{"taxonomy":"product_brand","embeddable":true,"href":"https:\/\/allwintheme.com\/es\/wp-json\/wp\/v2\/product_brand?post=11827"},{"taxonomy":"product_cat","embeddable":true,"href":"https:\/\/allwintheme.com\/es\/wp-json\/wp\/v2\/product_cat?post=11827"},{"taxonomy":"product_tag","embeddable":true,"href":"https:\/\/allwintheme.com\/es\/wp-json\/wp\/v2\/product_tag?post=11827"}],"curies":[{"name":"wp","href":"https:\/\/api.w.org\/{rel}","templated":true}]}}