{"id":11856,"date":"2025-10-27T11:49:28","date_gmt":"2025-10-27T11:49:28","guid":{"rendered":"https:\/\/allwintheme.com\/?post_type=product&#038;p=11856"},"modified":"2025-10-27T11:56:46","modified_gmt":"2025-10-27T11:56:46","slug":"kadence-bloquea-pro","status":"publish","type":"product","link":"https:\/\/allwintheme.com\/es\/producto\/kadence-bloquea-pro\/","title":{"rendered":"Kadence Bloques Pro"},"content":{"rendered":"<div data-elementor-type=\"wp-post\" data-elementor-id=\"11856\" class=\"elementor elementor-11856\" data-elementor-settings=\"{&quot;element_pack_global_tooltip_width&quot;:{&quot;unit&quot;:&quot;px&quot;,&quot;size&quot;:&quot;&quot;,&quot;sizes&quot;:[]},&quot;element_pack_global_tooltip_width_tablet&quot;:{&quot;unit&quot;:&quot;px&quot;,&quot;size&quot;:&quot;&quot;,&quot;sizes&quot;:[]},&quot;element_pack_global_tooltip_width_mobile&quot;:{&quot;unit&quot;:&quot;px&quot;,&quot;size&quot;:&quot;&quot;,&quot;sizes&quot;:[]},&quot;element_pack_global_tooltip_padding&quot;:{&quot;unit&quot;:&quot;px&quot;,&quot;top&quot;:&quot;&quot;,&quot;right&quot;:&quot;&quot;,&quot;bottom&quot;:&quot;&quot;,&quot;left&quot;:&quot;&quot;,&quot;isLinked&quot;:true},&quot;element_pack_global_tooltip_padding_tablet&quot;:{&quot;unit&quot;:&quot;px&quot;,&quot;top&quot;:&quot;&quot;,&quot;right&quot;:&quot;&quot;,&quot;bottom&quot;:&quot;&quot;,&quot;left&quot;:&quot;&quot;,&quot;isLinked&quot;:true},&quot;element_pack_global_tooltip_padding_mobile&quot;:{&quot;unit&quot;:&quot;px&quot;,&quot;top&quot;:&quot;&quot;,&quot;right&quot;:&quot;&quot;,&quot;bottom&quot;:&quot;&quot;,&quot;left&quot;:&quot;&quot;,&quot;isLinked&quot;:true},&quot;element_pack_global_tooltip_border_radius&quot;:{&quot;unit&quot;:&quot;px&quot;,&quot;top&quot;:&quot;&quot;,&quot;right&quot;:&quot;&quot;,&quot;bottom&quot;:&quot;&quot;,&quot;left&quot;:&quot;&quot;,&quot;isLinked&quot;:true},&quot;element_pack_global_tooltip_border_radius_tablet&quot;:{&quot;unit&quot;:&quot;px&quot;,&quot;top&quot;:&quot;&quot;,&quot;right&quot;:&quot;&quot;,&quot;bottom&quot;:&quot;&quot;,&quot;left&quot;:&quot;&quot;,&quot;isLinked&quot;:true},&quot;element_pack_global_tooltip_border_radius_mobile&quot;:{&quot;unit&quot;:&quot;px&quot;,&quot;top&quot;:&quot;&quot;,&quot;right&quot;:&quot;&quot;,&quot;bottom&quot;:&quot;&quot;,&quot;left&quot;:&quot;&quot;,&quot;isLinked&quot;:true}}\" data-elementor-post-type=\"product\">\n\t\t\t\t<div class=\"wd-negative-gap elementor-element elementor-element-116794f e-flex e-con-boxed e-con e-parent\" data-id=\"116794f\" data-element_type=\"container\" data-e-type=\"container\">\n\t\t\t\t\t<div class=\"e-con-inner\">\n\t\t\t\t<div class=\"elementor-element elementor-element-03d2133 elementor-widget elementor-widget-wd_text_block\" data-id=\"03d2133\" data-element_type=\"widget\" data-e-type=\"widget\" data-widget_type=\"wd_text_block.default\">\n\t\t\t\t<div class=\"elementor-widget-container\">\n\t\t\t\t\t\t\t<div class=\"wd-text-block reset-last-child text-left\">\n\t\t\t\n\t\t\t<h2>Kadence Blocks Pro - Construir m\u00e1s inteligentemente, dise\u00f1ar m\u00e1s r\u00e1pido<\/h2>\n<p>Kadence Blocks Pro le ofrece potentes herramientas de creaci\u00f3n de p\u00e1ginas que le ayudar\u00e1n a crear sitios web WordPress profesionales con rapidez y flexibilidad. Ampl\u00eda el editor de bloques predeterminado con opciones de dise\u00f1o avanzadas, lo que le permite crear dise\u00f1os visualmente impresionantes sin necesidad de escribir c\u00f3digo.<\/p>\n\n<h3>Desbloquee el control de dise\u00f1o profesional<\/h3>\n<p>Con Kadence Blocks Pro, puede personalizar f\u00e1cilmente cada secci\u00f3n de su sitio web. Adem\u00e1s, los bloques permiten un control total sobre el espaciado, la tipograf\u00eda y la configuraci\u00f3n responsiva. Como resultado, puede dise\u00f1ar p\u00e1ginas \u00fanicas que se ajusten a la identidad de su marca y mejoren el compromiso del usuario.<\/p>\n\n<h3>Bloques din\u00e1micos que impulsan las conversiones<\/h3>\n<p>Este kit de herramientas incluye bloques avanzados como pesta\u00f1as, acordeones, deslizadores, galer\u00edas y tablas de precios. Adem\u00e1s, puede a\u00f1adir animaciones, l\u00f3gica de visualizaci\u00f3n condicional y efectos de interacci\u00f3n para captar la atenci\u00f3n y mejorar las conversiones. De este modo, su sitio web ser\u00e1 m\u00e1s interactivo y eficaz.<\/p>\n\n<h3>Velocidad y rendimiento optimizados<\/h3>\n<p>Kadence Blocks Pro es ligero y se centra en el rendimiento. A diferencia de los constructores de p\u00e1ginas hinchados, s\u00f3lo carga lo necesario. En consecuencia, su sitio se mantiene r\u00e1pido, se posiciona mejor en los resultados de b\u00fasqueda y ofrece experiencias de usuario fluidas en todos los dispositivos.<\/p>\n\n<h3>Caracter\u00edsticas principales<\/h3>\n<ul>\n  <li>Controles avanzados de disposici\u00f3n y dise\u00f1o<\/li>\n  <li>Edici\u00f3n adaptable a todos los dispositivos<\/li>\n  <li>Contenido din\u00e1mico y opciones de visualizaci\u00f3n condicional<\/li>\n  <li>Ligero y de rendimiento optimizado<\/li>\n  <li>Funciona a la perfecci\u00f3n con el editor Gutenberg<\/li>\n<\/ul>\n\n<p>Al utilizar Kadence Blocks Pro, puede mejorar su sitio web de WordPress con herramientas de dise\u00f1o modernas y orientadas a la conversi\u00f3n que le ayudar\u00e1n a crear m\u00e1s r\u00e1pido, mejorar el aspecto y mejorar el rendimiento.<\/p>\n\t\t\t\t\t<\/div>\n\t\t\t\t\t\t<\/div>\n\t\t\t\t<\/div>\n\t\t\t\t\t<\/div>\n\t\t\t\t<\/div>\n\t\t<div class=\"wd-negative-gap elementor-element elementor-element-713dd8f e-flex e-con-boxed e-con e-parent\" data-id=\"713dd8f\" data-element_type=\"container\" data-e-type=\"container\">\n\t\t\t\t\t<div class=\"e-con-inner\">\n\t\t\t\t<div class=\"elementor-element elementor-element-74b76b0 elementor-widget elementor-widget-video\" data-id=\"74b76b0\" data-element_type=\"widget\" data-e-type=\"widget\" data-settings=\"{&quot;youtube_url&quot;:&quot;https:\\\/\\\/youtu.be\\\/pQ0sO6CyQQ0&quot;,&quot;video_type&quot;:&quot;youtube&quot;,&quot;controls&quot;:&quot;yes&quot;}\" data-widget_type=\"video.default\">\n\t\t\t\t\t\t\t<div class=\"elementor-wrapper elementor-open-inline\">\n\t\t\t<div class=\"elementor-video\"><\/div>\t\t<\/div>\n\t\t\t\t\t\t<\/div>\n\t\t\t\t\t<\/div>\n\t\t\t\t<\/div>\n\t\t\t\t<\/div>","protected":false},"excerpt":{"rendered":"<p>Kadence Blocks Pro \u2013 Build Smarter, Design Faster Kadence Blocks Pro gives you powerful page-building tools that help you create<\/p>","protected":false},"featured_media":11857,"comment_status":"open","ping_status":"closed","template":"","meta":{"_acf_changed":false},"product_brand":[],"product_cat":[49],"product_tag":[],"class_list":{"0":"post-11856","1":"product","2":"type-product","3":"status-publish","4":"has-post-thumbnail","6":"product_cat-plugins","8":"first","9":"instock","10":"sale","11":"downloadable","12":"shipping-taxable","13":"purchasable","14":"product-type-simple"},"acf":[],"yoast_head":"<!-- This site is optimized with the Yoast SEO Premium plugin v25.6 (Yoast SEO v27.1.1) - https:\/\/yoast.com\/product\/yoast-seo-premium-wordpress\/ -->\n<title>Kadence Blocks Pro - AllWin Theme \u2013 Free WordPress Themes Download<\/title>\n<meta name=\"description\" content=\"Enhance your WordPress site with Kadence Blocks Pro, offering powerful design tools and dynamic content blocks for faster page building.\" \/>\n<meta name=\"robots\" content=\"index, follow, max-snippet:-1, max-image-preview:large, max-video-preview:-1\" \/>\n<link rel=\"canonical\" href=\"https:\/\/allwintheme.com\/es\/producto\/kadence-bloquea-pro\/\" \/>\n<meta property=\"og:locale\" content=\"es_ES\" \/>\n<meta property=\"og:type\" content=\"article\" \/>\n<meta property=\"og:title\" content=\"Kadence Blocks Pro\" \/>\n<meta property=\"og:description\" content=\"Enhance your WordPress site with Kadence Blocks Pro, offering powerful design tools and dynamic content blocks for faster page building.\" \/>\n<meta property=\"og:url\" content=\"https:\/\/allwintheme.com\/es\/producto\/kadence-bloquea-pro\/\" \/>\n<meta property=\"og:site_name\" content=\"AllWin Theme \u2013 Free WordPress Themes Download\" \/>\n<meta property=\"article:modified_time\" content=\"2025-10-27T11:56:46+00:00\" \/>\n<meta property=\"og:image\" content=\"https:\/\/allwintheme.com\/wp-content\/uploads\/2025\/10\/l5w0m5cf.png\" \/>\n\t<meta property=\"og:image:width\" content=\"590\" \/>\n\t<meta property=\"og:image:height\" content=\"300\" \/>\n\t<meta property=\"og:image:type\" content=\"image\/png\" \/>\n<meta name=\"twitter:card\" content=\"summary_large_image\" \/>\n<meta name=\"twitter:label1\" content=\"Tiempo estimado de lectura\" \/>\n\t<meta name=\"twitter:data1\" content=\"2 minutos\" \/>\n<script type=\"application\/ld+json\" class=\"yoast-schema-graph\">{\"@context\":\"https:\/\/schema.org\",\"@graph\":[{\"@type\":\"WebPage\",\"@id\":\"https:\/\/allwintheme.com\/product\/kadence-blocks-pro\/\",\"url\":\"https:\/\/allwintheme.com\/product\/kadence-blocks-pro\/\",\"name\":\"Kadence Blocks Pro - AllWin Theme \u2013 Free WordPress Themes Download\",\"isPartOf\":{\"@id\":\"https:\/\/allwintheme.com\/#website\"},\"primaryImageOfPage\":{\"@id\":\"https:\/\/allwintheme.com\/product\/kadence-blocks-pro\/#primaryimage\"},\"image\":{\"@id\":\"https:\/\/allwintheme.com\/product\/kadence-blocks-pro\/#primaryimage\"},\"thumbnailUrl\":\"https:\/\/allwintheme.com\/wp-content\/uploads\/2025\/10\/l5w0m5cf.png\",\"datePublished\":\"2025-10-27T11:49:28+00:00\",\"dateModified\":\"2025-10-27T11:56:46+00:00\",\"description\":\"Enhance your WordPress site with Kadence Blocks Pro, offering powerful design tools and dynamic content blocks for faster page building.\",\"breadcrumb\":{\"@id\":\"https:\/\/allwintheme.com\/product\/kadence-blocks-pro\/#breadcrumb\"},\"inLanguage\":\"es-CL\",\"potentialAction\":[{\"@type\":\"ReadAction\",\"target\":[\"https:\/\/allwintheme.com\/product\/kadence-blocks-pro\/\"]}]},{\"@type\":\"ImageObject\",\"inLanguage\":\"es-CL\",\"@id\":\"https:\/\/allwintheme.com\/product\/kadence-blocks-pro\/#primaryimage\",\"url\":\"https:\/\/allwintheme.com\/wp-content\/uploads\/2025\/10\/l5w0m5cf.png\",\"contentUrl\":\"https:\/\/allwintheme.com\/wp-content\/uploads\/2025\/10\/l5w0m5cf.png\",\"width\":590,\"height\":300,\"caption\":\"Kadence Blocks Pro\"},{\"@type\":\"BreadcrumbList\",\"@id\":\"https:\/\/allwintheme.com\/product\/kadence-blocks-pro\/#breadcrumb\",\"itemListElement\":[{\"@type\":\"ListItem\",\"position\":1,\"name\":\"Home\",\"item\":\"https:\/\/allwintheme.com\/\"},{\"@type\":\"ListItem\",\"position\":2,\"name\":\"Shop\",\"item\":\"https:\/\/allwintheme.com\/shop\/\"},{\"@type\":\"ListItem\",\"position\":3,\"name\":\"Kadence Blocks Pro\"}]},{\"@type\":\"WebSite\",\"@id\":\"https:\/\/allwintheme.com\/#website\",\"url\":\"https:\/\/allwintheme.com\/\",\"name\":\"Allwintheme\",\"description\":\"Download free WordPress themes for every niche. Blogs, business, eCommerce, portfolio, restaurant and more. All themes are GPL licensed and mobile-ready.\",\"potentialAction\":[{\"@type\":\"SearchAction\",\"target\":{\"@type\":\"EntryPoint\",\"urlTemplate\":\"https:\/\/allwintheme.com\/?s={search_term_string}\"},\"query-input\":{\"@type\":\"PropertyValueSpecification\",\"valueRequired\":true,\"valueName\":\"search_term_string\"}}],\"inLanguage\":\"es-CL\"}]}<\/script>\n<!-- \/ Yoast SEO Premium plugin. -->","yoast_head_json":{"title":"Kadence Blocks Pro - AllWin Theme \u2013 Free WordPress Themes Download","description":"Mejore su sitio de WordPress con Kadence Blocks Pro, que ofrece potentes herramientas de dise\u00f1o y bloques de contenido din\u00e1micos para crear p\u00e1ginas m\u00e1s r\u00e1pidamente.","robots":{"index":"index","follow":"follow","max-snippet":"max-snippet:-1","max-image-preview":"max-image-preview:large","max-video-preview":"max-video-preview:-1"},"canonical":"https:\/\/allwintheme.com\/es\/producto\/kadence-bloquea-pro\/","og_locale":"es_ES","og_type":"article","og_title":"Kadence Blocks Pro","og_description":"Enhance your WordPress site with Kadence Blocks Pro, offering powerful design tools and dynamic content blocks for faster page building.","og_url":"https:\/\/allwintheme.com\/es\/producto\/kadence-bloquea-pro\/","og_site_name":"AllWin Theme \u2013 Free WordPress Themes Download","article_modified_time":"2025-10-27T11:56:46+00:00","og_image":[{"width":590,"height":300,"url":"https:\/\/allwintheme.com\/wp-content\/uploads\/2025\/10\/l5w0m5cf.png","type":"image\/png"}],"twitter_card":"summary_large_image","twitter_misc":{"Tiempo estimado de lectura":"2 minutos"},"schema":{"@context":"https:\/\/schema.org","@graph":[{"@type":"WebPage","@id":"https:\/\/allwintheme.com\/product\/kadence-blocks-pro\/","url":"https:\/\/allwintheme.com\/product\/kadence-blocks-pro\/","name":"Kadence Blocks Pro - AllWin Theme \u2013 Free WordPress Themes Download","isPartOf":{"@id":"https:\/\/allwintheme.com\/#website"},"primaryImageOfPage":{"@id":"https:\/\/allwintheme.com\/product\/kadence-blocks-pro\/#primaryimage"},"image":{"@id":"https:\/\/allwintheme.com\/product\/kadence-blocks-pro\/#primaryimage"},"thumbnailUrl":"https:\/\/allwintheme.com\/wp-content\/uploads\/2025\/10\/l5w0m5cf.png","datePublished":"2025-10-27T11:49:28+00:00","dateModified":"2025-10-27T11:56:46+00:00","description":"Mejore su sitio de WordPress con Kadence Blocks Pro, que ofrece potentes herramientas de dise\u00f1o y bloques de contenido din\u00e1micos para crear p\u00e1ginas m\u00e1s r\u00e1pidamente.","breadcrumb":{"@id":"https:\/\/allwintheme.com\/product\/kadence-blocks-pro\/#breadcrumb"},"inLanguage":"es-CL","potentialAction":[{"@type":"ReadAction","target":["https:\/\/allwintheme.com\/product\/kadence-blocks-pro\/"]}]},{"@type":"ImageObject","inLanguage":"es-CL","@id":"https:\/\/allwintheme.com\/product\/kadence-blocks-pro\/#primaryimage","url":"https:\/\/allwintheme.com\/wp-content\/uploads\/2025\/10\/l5w0m5cf.png","contentUrl":"https:\/\/allwintheme.com\/wp-content\/uploads\/2025\/10\/l5w0m5cf.png","width":590,"height":300,"caption":"Kadence Blocks Pro"},{"@type":"BreadcrumbList","@id":"https:\/\/allwintheme.com\/product\/kadence-blocks-pro\/#breadcrumb","itemListElement":[{"@type":"ListItem","position":1,"name":"Home","item":"https:\/\/allwintheme.com\/"},{"@type":"ListItem","position":2,"name":"Shop","item":"https:\/\/allwintheme.com\/shop\/"},{"@type":"ListItem","position":3,"name":"Kadence Blocks Pro"}]},{"@type":"WebSite","@id":"https:\/\/allwintheme.com\/#website","url":"https:\/\/allwintheme.com\/","name":"Allwintheme","description":"Descarga gratis temas de WordPress para todos los nichos. Blogs, negocios, comercio electr\u00f3nico, portafolio, restaurante y m\u00e1s. Todos los temas tienen licencia GPL y est\u00e1n preparados para dispositivos m\u00f3viles.","potentialAction":[{"@type":"SearchAction","target":{"@type":"EntryPoint","urlTemplate":"https:\/\/allwintheme.com\/?s={search_term_string}"},"query-input":{"@type":"PropertyValueSpecification","valueRequired":true,"valueName":"search_term_string"}}],"inLanguage":"es-CL"}]}},"_links":{"self":[{"href":"https:\/\/allwintheme.com\/es\/wp-json\/wp\/v2\/product\/11856","targetHints":{"allow":["GET"]}}],"collection":[{"href":"https:\/\/allwintheme.com\/es\/wp-json\/wp\/v2\/product"}],"about":[{"href":"https:\/\/allwintheme.com\/es\/wp-json\/wp\/v2\/types\/product"}],"replies":[{"embeddable":true,"href":"https:\/\/allwintheme.com\/es\/wp-json\/wp\/v2\/comments?post=11856"}],"version-history":[{"count":5,"href":"https:\/\/allwintheme.com\/es\/wp-json\/wp\/v2\/product\/11856\/revisions"}],"predecessor-version":[{"id":11862,"href":"https:\/\/allwintheme.com\/es\/wp-json\/wp\/v2\/product\/11856\/revisions\/11862"}],"wp:featuredmedia":[{"embeddable":true,"href":"https:\/\/allwintheme.com\/es\/wp-json\/wp\/v2\/media\/11857"}],"wp:attachment":[{"href":"https:\/\/allwintheme.com\/es\/wp-json\/wp\/v2\/media?parent=11856"}],"wp:term":[{"taxonomy":"product_brand","embeddable":true,"href":"https:\/\/allwintheme.com\/es\/wp-json\/wp\/v2\/product_brand?post=11856"},{"taxonomy":"product_cat","embeddable":true,"href":"https:\/\/allwintheme.com\/es\/wp-json\/wp\/v2\/product_cat?post=11856"},{"taxonomy":"product_tag","embeddable":true,"href":"https:\/\/allwintheme.com\/es\/wp-json\/wp\/v2\/product_tag?post=11856"}],"curies":[{"name":"wp","href":"https:\/\/api.w.org\/{rel}","templated":true}]}}