{"id":11889,"date":"2025-10-27T12:15:59","date_gmt":"2025-10-27T12:15:59","guid":{"rendered":"https:\/\/allwintheme.com\/?post_type=product&#038;p=11889"},"modified":"2025-10-27T12:21:33","modified_gmt":"2025-10-27T12:21:33","slug":"tabla-de-precios-kadence","status":"publish","type":"product","link":"https:\/\/allwintheme.com\/es\/producto\/tabla-de-precios-kadence\/","title":{"rendered":"Tabla de precios de Kadence"},"content":{"rendered":"<div data-elementor-type=\"wp-post\" data-elementor-id=\"11889\" class=\"elementor elementor-11889\" data-elementor-settings=\"{&quot;element_pack_global_tooltip_width&quot;:{&quot;unit&quot;:&quot;px&quot;,&quot;size&quot;:&quot;&quot;,&quot;sizes&quot;:[]},&quot;element_pack_global_tooltip_width_tablet&quot;:{&quot;unit&quot;:&quot;px&quot;,&quot;size&quot;:&quot;&quot;,&quot;sizes&quot;:[]},&quot;element_pack_global_tooltip_width_mobile&quot;:{&quot;unit&quot;:&quot;px&quot;,&quot;size&quot;:&quot;&quot;,&quot;sizes&quot;:[]},&quot;element_pack_global_tooltip_padding&quot;:{&quot;unit&quot;:&quot;px&quot;,&quot;top&quot;:&quot;&quot;,&quot;right&quot;:&quot;&quot;,&quot;bottom&quot;:&quot;&quot;,&quot;left&quot;:&quot;&quot;,&quot;isLinked&quot;:true},&quot;element_pack_global_tooltip_padding_tablet&quot;:{&quot;unit&quot;:&quot;px&quot;,&quot;top&quot;:&quot;&quot;,&quot;right&quot;:&quot;&quot;,&quot;bottom&quot;:&quot;&quot;,&quot;left&quot;:&quot;&quot;,&quot;isLinked&quot;:true},&quot;element_pack_global_tooltip_padding_mobile&quot;:{&quot;unit&quot;:&quot;px&quot;,&quot;top&quot;:&quot;&quot;,&quot;right&quot;:&quot;&quot;,&quot;bottom&quot;:&quot;&quot;,&quot;left&quot;:&quot;&quot;,&quot;isLinked&quot;:true},&quot;element_pack_global_tooltip_border_radius&quot;:{&quot;unit&quot;:&quot;px&quot;,&quot;top&quot;:&quot;&quot;,&quot;right&quot;:&quot;&quot;,&quot;bottom&quot;:&quot;&quot;,&quot;left&quot;:&quot;&quot;,&quot;isLinked&quot;:true},&quot;element_pack_global_tooltip_border_radius_tablet&quot;:{&quot;unit&quot;:&quot;px&quot;,&quot;top&quot;:&quot;&quot;,&quot;right&quot;:&quot;&quot;,&quot;bottom&quot;:&quot;&quot;,&quot;left&quot;:&quot;&quot;,&quot;isLinked&quot;:true},&quot;element_pack_global_tooltip_border_radius_mobile&quot;:{&quot;unit&quot;:&quot;px&quot;,&quot;top&quot;:&quot;&quot;,&quot;right&quot;:&quot;&quot;,&quot;bottom&quot;:&quot;&quot;,&quot;left&quot;:&quot;&quot;,&quot;isLinked&quot;:true}}\" data-elementor-post-type=\"product\">\n\t\t\t\t<div class=\"wd-negative-gap elementor-element elementor-element-116794f e-flex e-con-boxed e-con e-parent\" data-id=\"116794f\" data-element_type=\"container\" data-e-type=\"container\">\n\t\t\t\t\t<div class=\"e-con-inner\">\n\t\t\t\t<div class=\"elementor-element elementor-element-03d2133 elementor-widget elementor-widget-wd_text_block\" data-id=\"03d2133\" data-element_type=\"widget\" data-e-type=\"widget\" data-widget_type=\"wd_text_block.default\">\n\t\t\t\t<div class=\"elementor-widget-container\">\n\t\t\t\t\t\t\t<div class=\"wd-text-block reset-last-child text-left\">\n\t\t\t\n\t\t\t<h2>Tabla de precios Kadence - Visualizaci\u00f3n de precios sencilla y eficaz<\/h2>\n<p>La tabla de precios de Kadence le ayuda a presentar sus planes de precios en un formato limpio y profesional que mejora la claridad y aumenta las conversiones. En lugar de utilizar complejas herramientas de dise\u00f1o, puede crear atractivas tablas de precios en cuesti\u00f3n de minutos.<\/p>\n\n<h3>Dise\u00f1ado para impulsar las conversiones<\/h3>\n<p>Esta herramienta le permite destacar su plan m\u00e1s popular, comparar caracter\u00edsticas y mostrar claramente las diferencias de valor entre las opciones. Adem\u00e1s, su intuitiva interfaz facilita la orientaci\u00f3n de sus visitantes hacia el plan que mejor se adapte a sus necesidades.<\/p>\n\n<h3>Dise\u00f1o totalmente personalizable<\/h3>\n<p>Puede ajustar los colores, las fuentes, los iconos y los estilos de los botones directamente desde el panel de control de WordPress. Adem\u00e1s, Kadence le permite controlar la ubicaci\u00f3n de las columnas, las listas de caracter\u00edsticas y los botones de llamada a la acci\u00f3n, lo que garantiza que sus tablas de precios se adapten perfectamente a su marca.<\/p>\n\n<h3>Sensible y f\u00e1cil de usar<\/h3>\n<p>Kadence garantiza que sus tablas de precios se vean perfectamente en ordenadores de sobremesa, tabletas y dispositivos m\u00f3viles. Adem\u00e1s, su c\u00f3digo ligero mejora la velocidad de carga, proporcionando una experiencia de usuario fluida en todas las plataformas.<\/p>\n\n<h3>Caracter\u00edsticas principales<\/h3>\n<ul>\n  <li>Generador de tablas de precios de arrastrar y soltar<\/li>\n  <li>Destaque los planes destacados o recomendados<\/li>\n  <li>Colores, iconos y tipograf\u00eda personalizables<\/li>\n  <li>Dise\u00f1o adaptado al m\u00f3vil y de carga r\u00e1pida<\/li>\n  <li>Perfecta integraci\u00f3n con Kadence Blocks y WordPress<\/li>\n<\/ul>\n\n<p>Al utilizar la tabla de precios de Kadence, puede presentar sus precios con confianza, mejorar la confianza y aumentar las inscripciones de clientes mediante dise\u00f1os de planes claros y convincentes.<\/p>\n\t\t\t\t\t<\/div>\n\t\t\t\t\t\t<\/div>\n\t\t\t\t<\/div>\n\t\t\t\t\t<\/div>\n\t\t\t\t<\/div>\n\t\t<div class=\"wd-negative-gap elementor-element elementor-element-e530e90 e-flex e-con-boxed e-con e-parent\" data-id=\"e530e90\" data-element_type=\"container\" data-e-type=\"container\">\n\t\t\t\t\t<div class=\"e-con-inner\">\n\t\t\t\t<div class=\"elementor-element elementor-element-be7931b elementor-widget elementor-widget-video\" data-id=\"be7931b\" data-element_type=\"widget\" data-e-type=\"widget\" data-settings=\"{&quot;youtube_url&quot;:&quot;https:\\\/\\\/youtu.be\\\/g_V4z_ELyQ8&quot;,&quot;video_type&quot;:&quot;youtube&quot;,&quot;controls&quot;:&quot;yes&quot;}\" data-widget_type=\"video.default\">\n\t\t\t\t\t\t\t<div class=\"elementor-wrapper elementor-open-inline\">\n\t\t\t<div class=\"elementor-video\"><\/div>\t\t<\/div>\n\t\t\t\t\t\t<\/div>\n\t\t\t\t\t<\/div>\n\t\t\t\t<\/div>\n\t\t\t\t<\/div>","protected":false},"excerpt":{"rendered":"<p>Kadence Pricing Table \u2013 Simple and Effective Pricing Display Kadence Pricing Table helps you present your pricing plans in a<\/p>","protected":false},"featured_media":11890,"comment_status":"open","ping_status":"closed","template":"","meta":{"_acf_changed":false},"product_brand":[],"product_cat":[49],"product_tag":[],"class_list":{"0":"post-11889","1":"product","2":"type-product","3":"status-publish","4":"has-post-thumbnail","6":"product_cat-plugins","8":"first","9":"instock","10":"sale","11":"downloadable","12":"shipping-taxable","13":"purchasable","14":"product-type-simple"},"acf":[],"yoast_head":"<!-- This site is optimized with the Yoast SEO Premium plugin v25.6 (Yoast SEO v27.1.1) - https:\/\/yoast.com\/product\/yoast-seo-premium-wordpress\/ -->\n<title>Kadence Pricing Table - AllWin Theme \u2013 Free WordPress Themes Download<\/title>\n<meta name=\"description\" content=\"Create responsive and customizable pricing tables with Kadence. Boost conversions and clearly present your plans.\" \/>\n<meta name=\"robots\" content=\"index, follow, max-snippet:-1, max-image-preview:large, max-video-preview:-1\" \/>\n<link rel=\"canonical\" href=\"https:\/\/allwintheme.com\/es\/producto\/tabla-de-precios-kadence\/\" \/>\n<meta property=\"og:locale\" content=\"es_ES\" \/>\n<meta property=\"og:type\" content=\"article\" \/>\n<meta property=\"og:title\" content=\"Kadence Pricing Table\" \/>\n<meta property=\"og:description\" content=\"Create responsive and customizable pricing tables with Kadence. Boost conversions and clearly present your plans.\" \/>\n<meta property=\"og:url\" content=\"https:\/\/allwintheme.com\/es\/producto\/tabla-de-precios-kadence\/\" \/>\n<meta property=\"og:site_name\" content=\"AllWin Theme \u2013 Free WordPress Themes Download\" \/>\n<meta property=\"article:modified_time\" content=\"2025-10-27T12:21:33+00:00\" \/>\n<meta property=\"og:image\" content=\"https:\/\/allwintheme.com\/wp-content\/uploads\/2025\/10\/xqz4unfq.png\" \/>\n\t<meta property=\"og:image:width\" content=\"590\" \/>\n\t<meta property=\"og:image:height\" content=\"300\" \/>\n\t<meta property=\"og:image:type\" content=\"image\/png\" \/>\n<meta name=\"twitter:card\" content=\"summary_large_image\" \/>\n<meta name=\"twitter:label1\" content=\"Tiempo estimado de lectura\" \/>\n\t<meta name=\"twitter:data1\" content=\"2 minutos\" \/>\n<script type=\"application\/ld+json\" class=\"yoast-schema-graph\">{\"@context\":\"https:\/\/schema.org\",\"@graph\":[{\"@type\":\"WebPage\",\"@id\":\"https:\/\/allwintheme.com\/product\/kadence-pricing-table\/\",\"url\":\"https:\/\/allwintheme.com\/product\/kadence-pricing-table\/\",\"name\":\"Kadence Pricing Table - AllWin Theme \u2013 Free WordPress Themes Download\",\"isPartOf\":{\"@id\":\"https:\/\/allwintheme.com\/#website\"},\"primaryImageOfPage\":{\"@id\":\"https:\/\/allwintheme.com\/product\/kadence-pricing-table\/#primaryimage\"},\"image\":{\"@id\":\"https:\/\/allwintheme.com\/product\/kadence-pricing-table\/#primaryimage\"},\"thumbnailUrl\":\"https:\/\/allwintheme.com\/wp-content\/uploads\/2025\/10\/xqz4unfq.png\",\"datePublished\":\"2025-10-27T12:15:59+00:00\",\"dateModified\":\"2025-10-27T12:21:33+00:00\",\"description\":\"Create responsive and customizable pricing tables with Kadence. Boost conversions and clearly present your plans.\",\"breadcrumb\":{\"@id\":\"https:\/\/allwintheme.com\/product\/kadence-pricing-table\/#breadcrumb\"},\"inLanguage\":\"es-CL\",\"potentialAction\":[{\"@type\":\"ReadAction\",\"target\":[\"https:\/\/allwintheme.com\/product\/kadence-pricing-table\/\"]}]},{\"@type\":\"ImageObject\",\"inLanguage\":\"es-CL\",\"@id\":\"https:\/\/allwintheme.com\/product\/kadence-pricing-table\/#primaryimage\",\"url\":\"https:\/\/allwintheme.com\/wp-content\/uploads\/2025\/10\/xqz4unfq.png\",\"contentUrl\":\"https:\/\/allwintheme.com\/wp-content\/uploads\/2025\/10\/xqz4unfq.png\",\"width\":590,\"height\":300,\"caption\":\"Kadence Pricing Table\"},{\"@type\":\"BreadcrumbList\",\"@id\":\"https:\/\/allwintheme.com\/product\/kadence-pricing-table\/#breadcrumb\",\"itemListElement\":[{\"@type\":\"ListItem\",\"position\":1,\"name\":\"Home\",\"item\":\"https:\/\/allwintheme.com\/\"},{\"@type\":\"ListItem\",\"position\":2,\"name\":\"Shop\",\"item\":\"https:\/\/allwintheme.com\/shop\/\"},{\"@type\":\"ListItem\",\"position\":3,\"name\":\"Kadence Pricing Table\"}]},{\"@type\":\"WebSite\",\"@id\":\"https:\/\/allwintheme.com\/#website\",\"url\":\"https:\/\/allwintheme.com\/\",\"name\":\"Allwintheme\",\"description\":\"Download free WordPress themes for every niche. Blogs, business, eCommerce, portfolio, restaurant and more. All themes are GPL licensed and mobile-ready.\",\"potentialAction\":[{\"@type\":\"SearchAction\",\"target\":{\"@type\":\"EntryPoint\",\"urlTemplate\":\"https:\/\/allwintheme.com\/?s={search_term_string}\"},\"query-input\":{\"@type\":\"PropertyValueSpecification\",\"valueRequired\":true,\"valueName\":\"search_term_string\"}}],\"inLanguage\":\"es-CL\"}]}<\/script>\n<!-- \/ Yoast SEO Premium plugin. -->","yoast_head_json":{"title":"Kadence Pricing Table - AllWin Theme - Free WordPress Themes Download","description":"Cree tablas de precios adaptables y personalizables con Kadence. Aumente las conversiones y presente sus planes con claridad.","robots":{"index":"index","follow":"follow","max-snippet":"max-snippet:-1","max-image-preview":"max-image-preview:large","max-video-preview":"max-video-preview:-1"},"canonical":"https:\/\/allwintheme.com\/es\/producto\/tabla-de-precios-kadence\/","og_locale":"es_ES","og_type":"article","og_title":"Kadence Pricing Table","og_description":"Create responsive and customizable pricing tables with Kadence. Boost conversions and clearly present your plans.","og_url":"https:\/\/allwintheme.com\/es\/producto\/tabla-de-precios-kadence\/","og_site_name":"AllWin Theme \u2013 Free WordPress Themes Download","article_modified_time":"2025-10-27T12:21:33+00:00","og_image":[{"width":590,"height":300,"url":"https:\/\/allwintheme.com\/wp-content\/uploads\/2025\/10\/xqz4unfq.png","type":"image\/png"}],"twitter_card":"summary_large_image","twitter_misc":{"Tiempo estimado de lectura":"2 minutos"},"schema":{"@context":"https:\/\/schema.org","@graph":[{"@type":"WebPage","@id":"https:\/\/allwintheme.com\/product\/kadence-pricing-table\/","url":"https:\/\/allwintheme.com\/product\/kadence-pricing-table\/","name":"Kadence Pricing Table - AllWin Theme - Free WordPress Themes Download","isPartOf":{"@id":"https:\/\/allwintheme.com\/#website"},"primaryImageOfPage":{"@id":"https:\/\/allwintheme.com\/product\/kadence-pricing-table\/#primaryimage"},"image":{"@id":"https:\/\/allwintheme.com\/product\/kadence-pricing-table\/#primaryimage"},"thumbnailUrl":"https:\/\/allwintheme.com\/wp-content\/uploads\/2025\/10\/xqz4unfq.png","datePublished":"2025-10-27T12:15:59+00:00","dateModified":"2025-10-27T12:21:33+00:00","description":"Cree tablas de precios adaptables y personalizables con Kadence. Aumente las conversiones y presente sus planes con claridad.","breadcrumb":{"@id":"https:\/\/allwintheme.com\/product\/kadence-pricing-table\/#breadcrumb"},"inLanguage":"es-CL","potentialAction":[{"@type":"ReadAction","target":["https:\/\/allwintheme.com\/product\/kadence-pricing-table\/"]}]},{"@type":"ImageObject","inLanguage":"es-CL","@id":"https:\/\/allwintheme.com\/product\/kadence-pricing-table\/#primaryimage","url":"https:\/\/allwintheme.com\/wp-content\/uploads\/2025\/10\/xqz4unfq.png","contentUrl":"https:\/\/allwintheme.com\/wp-content\/uploads\/2025\/10\/xqz4unfq.png","width":590,"height":300,"caption":"Kadence Pricing Table"},{"@type":"BreadcrumbList","@id":"https:\/\/allwintheme.com\/product\/kadence-pricing-table\/#breadcrumb","itemListElement":[{"@type":"ListItem","position":1,"name":"Home","item":"https:\/\/allwintheme.com\/"},{"@type":"ListItem","position":2,"name":"Shop","item":"https:\/\/allwintheme.com\/shop\/"},{"@type":"ListItem","position":3,"name":"Kadence Pricing Table"}]},{"@type":"WebSite","@id":"https:\/\/allwintheme.com\/#website","url":"https:\/\/allwintheme.com\/","name":"Allwintheme","description":"Descarga gratis temas de WordPress para todos los nichos. Blogs, negocios, comercio electr\u00f3nico, portafolio, restaurante y m\u00e1s. Todos los temas tienen licencia GPL y est\u00e1n preparados para dispositivos m\u00f3viles.","potentialAction":[{"@type":"SearchAction","target":{"@type":"EntryPoint","urlTemplate":"https:\/\/allwintheme.com\/?s={search_term_string}"},"query-input":{"@type":"PropertyValueSpecification","valueRequired":true,"valueName":"search_term_string"}}],"inLanguage":"es-CL"}]}},"_links":{"self":[{"href":"https:\/\/allwintheme.com\/es\/wp-json\/wp\/v2\/product\/11889","targetHints":{"allow":["GET"]}}],"collection":[{"href":"https:\/\/allwintheme.com\/es\/wp-json\/wp\/v2\/product"}],"about":[{"href":"https:\/\/allwintheme.com\/es\/wp-json\/wp\/v2\/types\/product"}],"replies":[{"embeddable":true,"href":"https:\/\/allwintheme.com\/es\/wp-json\/wp\/v2\/comments?post=11889"}],"version-history":[{"count":5,"href":"https:\/\/allwintheme.com\/es\/wp-json\/wp\/v2\/product\/11889\/revisions"}],"predecessor-version":[{"id":11895,"href":"https:\/\/allwintheme.com\/es\/wp-json\/wp\/v2\/product\/11889\/revisions\/11895"}],"wp:featuredmedia":[{"embeddable":true,"href":"https:\/\/allwintheme.com\/es\/wp-json\/wp\/v2\/media\/11890"}],"wp:attachment":[{"href":"https:\/\/allwintheme.com\/es\/wp-json\/wp\/v2\/media?parent=11889"}],"wp:term":[{"taxonomy":"product_brand","embeddable":true,"href":"https:\/\/allwintheme.com\/es\/wp-json\/wp\/v2\/product_brand?post=11889"},{"taxonomy":"product_cat","embeddable":true,"href":"https:\/\/allwintheme.com\/es\/wp-json\/wp\/v2\/product_cat?post=11889"},{"taxonomy":"product_tag","embeddable":true,"href":"https:\/\/allwintheme.com\/es\/wp-json\/wp\/v2\/product_tag?post=11889"}],"curies":[{"name":"wp","href":"https:\/\/api.w.org\/{rel}","templated":true}]}}