{"id":11903,"date":"2025-10-27T12:28:22","date_gmt":"2025-10-27T12:28:22","guid":{"rendered":"https:\/\/allwintheme.com\/?post_type=product&#038;p=11903"},"modified":"2025-10-27T12:33:19","modified_gmt":"2025-10-27T12:33:19","slug":"kadence-woocommerce-extras","status":"publish","type":"product","link":"https:\/\/allwintheme.com\/es\/producto\/kadence-woocommerce-extras\/","title":{"rendered":"Kadence WooCommerce Extras"},"content":{"rendered":"<div data-elementor-type=\"wp-post\" data-elementor-id=\"11903\" class=\"elementor elementor-11903\" data-elementor-settings=\"{&quot;element_pack_global_tooltip_width&quot;:{&quot;unit&quot;:&quot;px&quot;,&quot;size&quot;:&quot;&quot;,&quot;sizes&quot;:[]},&quot;element_pack_global_tooltip_width_tablet&quot;:{&quot;unit&quot;:&quot;px&quot;,&quot;size&quot;:&quot;&quot;,&quot;sizes&quot;:[]},&quot;element_pack_global_tooltip_width_mobile&quot;:{&quot;unit&quot;:&quot;px&quot;,&quot;size&quot;:&quot;&quot;,&quot;sizes&quot;:[]},&quot;element_pack_global_tooltip_padding&quot;:{&quot;unit&quot;:&quot;px&quot;,&quot;top&quot;:&quot;&quot;,&quot;right&quot;:&quot;&quot;,&quot;bottom&quot;:&quot;&quot;,&quot;left&quot;:&quot;&quot;,&quot;isLinked&quot;:true},&quot;element_pack_global_tooltip_padding_tablet&quot;:{&quot;unit&quot;:&quot;px&quot;,&quot;top&quot;:&quot;&quot;,&quot;right&quot;:&quot;&quot;,&quot;bottom&quot;:&quot;&quot;,&quot;left&quot;:&quot;&quot;,&quot;isLinked&quot;:true},&quot;element_pack_global_tooltip_padding_mobile&quot;:{&quot;unit&quot;:&quot;px&quot;,&quot;top&quot;:&quot;&quot;,&quot;right&quot;:&quot;&quot;,&quot;bottom&quot;:&quot;&quot;,&quot;left&quot;:&quot;&quot;,&quot;isLinked&quot;:true},&quot;element_pack_global_tooltip_border_radius&quot;:{&quot;unit&quot;:&quot;px&quot;,&quot;top&quot;:&quot;&quot;,&quot;right&quot;:&quot;&quot;,&quot;bottom&quot;:&quot;&quot;,&quot;left&quot;:&quot;&quot;,&quot;isLinked&quot;:true},&quot;element_pack_global_tooltip_border_radius_tablet&quot;:{&quot;unit&quot;:&quot;px&quot;,&quot;top&quot;:&quot;&quot;,&quot;right&quot;:&quot;&quot;,&quot;bottom&quot;:&quot;&quot;,&quot;left&quot;:&quot;&quot;,&quot;isLinked&quot;:true},&quot;element_pack_global_tooltip_border_radius_mobile&quot;:{&quot;unit&quot;:&quot;px&quot;,&quot;top&quot;:&quot;&quot;,&quot;right&quot;:&quot;&quot;,&quot;bottom&quot;:&quot;&quot;,&quot;left&quot;:&quot;&quot;,&quot;isLinked&quot;:true}}\" data-elementor-post-type=\"product\">\n\t\t\t\t<div class=\"wd-negative-gap elementor-element elementor-element-116794f e-flex e-con-boxed e-con e-parent\" data-id=\"116794f\" data-element_type=\"container\" data-e-type=\"container\">\n\t\t\t\t\t<div class=\"e-con-inner\">\n\t\t\t\t<div class=\"elementor-element elementor-element-03d2133 elementor-widget elementor-widget-wd_text_block\" data-id=\"03d2133\" data-element_type=\"widget\" data-e-type=\"widget\" data-widget_type=\"wd_text_block.default\">\n\t\t\t\t<div class=\"elementor-widget-container\">\n\t\t\t\t\t\t\t<div class=\"wd-text-block reset-last-child text-left\">\n\t\t\t\n\t\t\t<h2>Kadence WooCommerce Extras - Mejoras avanzadas de comercio electr\u00f3nico<\/h2>\n<p>Kadence WooCommerce Extras proporciona a su tienda en l\u00ednea potentes herramientas para mejorar la presentaci\u00f3n de los productos y la interacci\u00f3n con los clientes. Con este plugin, puedes mejorar la experiencia de compra, aumentar el compromiso y aumentar las conversiones sin esfuerzo.<\/p>\n\n<h3>Actualice sus p\u00e1ginas de productos<\/h3>\n<p>Con Kadence WooCommerce Extras, puede a\u00f1adir galer\u00edas din\u00e1micas de productos, pesta\u00f1as personalizadas y funciones avanzadas de variaci\u00f3n. Adem\u00e1s, estas mejoras ayudan a los clientes a explorar sus productos con claridad y confianza, lo que conduce a decisiones de compra m\u00e1s r\u00e1pidas.<\/p>\n\n<h3>Mejorar la experiencia de compra<\/h3>\n<p>El plugin introduce funciones inteligentes como barras adhesivas para a\u00f1adir al carrito, ventanas emergentes de vista r\u00e1pida y elementos de pago optimizados. Como resultado, su tienda ofrece un flujo m\u00e1s fluido que mantiene a los clientes interesados desde la navegaci\u00f3n hasta el pago.<\/p>\n\n<h3>F\u00e1cil personalizaci\u00f3n y control total<\/h3>\n<p>Puede ajustar los dise\u00f1os, modificar las plantillas de productos y personalizar las interacciones de los usuarios con ajustes intuitivos. Adem\u00e1s, Kadence WooCommerce Extras se integra a la perfecci\u00f3n con el tema Kadence y WooCommerce, ofreci\u00e9ndole un dise\u00f1o coherente en todo su sitio.<\/p>\n\n<h3>Principales ventajas<\/h3>\n<ul>\n  <li>Mejores opciones de presentaci\u00f3n de productos<\/li>\n  <li>Mejora de la usabilidad del carrito y la caja<\/li>\n  <li>Herramientas de personalizaci\u00f3n de arrastrar y soltar<\/li>\n  <li>Funciones adaptables y optimizadas para m\u00f3viles<\/li>\n  <li>Integraci\u00f3n perfecta con Kadence Theme<\/li>\n<\/ul>\n\n<p>Con Kadence WooCommerce Extras, puede mejorar la apariencia de su tienda, optimizar la experiencia del cliente y crear una experiencia de compra que impulse m\u00e1s ventas y fidelice a los clientes.<\/p>\n\t\t\t\t\t<\/div>\n\t\t\t\t\t\t<\/div>\n\t\t\t\t<\/div>\n\t\t\t\t\t<\/div>\n\t\t\t\t<\/div>\n\t\t<div class=\"wd-negative-gap elementor-element elementor-element-3df88e3 e-flex e-con-boxed e-con e-parent\" data-id=\"3df88e3\" data-element_type=\"container\" data-e-type=\"container\">\n\t\t\t\t\t<div class=\"e-con-inner\">\n\t\t\t\t<div class=\"elementor-element elementor-element-0749d51 elementor-widget elementor-widget-video\" data-id=\"0749d51\" data-element_type=\"widget\" data-e-type=\"widget\" data-settings=\"{&quot;youtube_url&quot;:&quot;https:\\\/\\\/youtu.be\\\/hDtYELNv-ds&quot;,&quot;video_type&quot;:&quot;youtube&quot;,&quot;controls&quot;:&quot;yes&quot;}\" data-widget_type=\"video.default\">\n\t\t\t\t\t\t\t<div class=\"elementor-wrapper elementor-open-inline\">\n\t\t\t<div class=\"elementor-video\"><\/div>\t\t<\/div>\n\t\t\t\t\t\t<\/div>\n\t\t\t\t\t<\/div>\n\t\t\t\t<\/div>\n\t\t\t\t<\/div>","protected":false},"excerpt":{"rendered":"<p>Kadence WooCommerce Extras - Mejoras avanzadas de comercio electr\u00f3nico Kadence WooCommerce Extras ofrece a su tienda en l\u00ednea potentes herramientas para mejorar la presentaci\u00f3n de los productos<\/p>","protected":false},"featured_media":11904,"comment_status":"open","ping_status":"closed","template":"","meta":{"_acf_changed":false},"product_brand":[],"product_cat":[49],"product_tag":[],"class_list":{"0":"post-11903","1":"product","2":"type-product","3":"status-publish","4":"has-post-thumbnail","6":"product_cat-plugins","8":"first","9":"instock","10":"sale","11":"downloadable","12":"shipping-taxable","13":"purchasable","14":"product-type-simple"},"acf":[],"yoast_head":"<!-- This site is optimized with the Yoast SEO Premium plugin v25.6 (Yoast SEO v27.1.1) - https:\/\/yoast.com\/product\/yoast-seo-premium-wordpress\/ -->\n<title>Kadence WooCommerce Extras - AllWin Theme \u2013 Free WordPress Themes Download<\/title>\n<meta name=\"description\" content=\"Enhance your online store with Kadence WooCommerce Extras, adding advanced product layouts, cart features, and a better shopping experience.\" \/>\n<meta name=\"robots\" content=\"index, follow, max-snippet:-1, max-image-preview:large, max-video-preview:-1\" \/>\n<link rel=\"canonical\" href=\"https:\/\/allwintheme.com\/es\/producto\/kadence-woocommerce-extras\/\" \/>\n<meta property=\"og:locale\" content=\"es_ES\" \/>\n<meta property=\"og:type\" content=\"article\" \/>\n<meta property=\"og:title\" content=\"Kadence WooCommerce Extras\" \/>\n<meta property=\"og:description\" content=\"Enhance your online store with Kadence WooCommerce Extras, adding advanced product layouts, cart features, and a better shopping experience.\" \/>\n<meta property=\"og:url\" content=\"https:\/\/allwintheme.com\/es\/producto\/kadence-woocommerce-extras\/\" \/>\n<meta property=\"og:site_name\" content=\"AllWin Theme \u2013 Free WordPress Themes Download\" \/>\n<meta property=\"article:modified_time\" content=\"2025-10-27T12:33:19+00:00\" \/>\n<meta property=\"og:image\" content=\"https:\/\/allwintheme.com\/wp-content\/uploads\/2025\/10\/ycp945zs.png\" \/>\n\t<meta property=\"og:image:width\" content=\"590\" \/>\n\t<meta property=\"og:image:height\" content=\"300\" \/>\n\t<meta property=\"og:image:type\" content=\"image\/png\" \/>\n<meta name=\"twitter:card\" content=\"summary_large_image\" \/>\n<meta name=\"twitter:label1\" content=\"Tiempo estimado de lectura\" \/>\n\t<meta name=\"twitter:data1\" content=\"2 minutos\" \/>\n<script type=\"application\/ld+json\" class=\"yoast-schema-graph\">{\"@context\":\"https:\/\/schema.org\",\"@graph\":[{\"@type\":\"WebPage\",\"@id\":\"https:\/\/allwintheme.com\/product\/kadence-woocommerce-extras\/\",\"url\":\"https:\/\/allwintheme.com\/product\/kadence-woocommerce-extras\/\",\"name\":\"Kadence WooCommerce Extras - AllWin Theme \u2013 Free WordPress Themes Download\",\"isPartOf\":{\"@id\":\"https:\/\/allwintheme.com\/#website\"},\"primaryImageOfPage\":{\"@id\":\"https:\/\/allwintheme.com\/product\/kadence-woocommerce-extras\/#primaryimage\"},\"image\":{\"@id\":\"https:\/\/allwintheme.com\/product\/kadence-woocommerce-extras\/#primaryimage\"},\"thumbnailUrl\":\"https:\/\/allwintheme.com\/wp-content\/uploads\/2025\/10\/ycp945zs.png\",\"datePublished\":\"2025-10-27T12:28:22+00:00\",\"dateModified\":\"2025-10-27T12:33:19+00:00\",\"description\":\"Enhance your online store with Kadence WooCommerce Extras, adding advanced product layouts, cart features, and a better shopping experience.\",\"breadcrumb\":{\"@id\":\"https:\/\/allwintheme.com\/product\/kadence-woocommerce-extras\/#breadcrumb\"},\"inLanguage\":\"es-CL\",\"potentialAction\":[{\"@type\":\"ReadAction\",\"target\":[\"https:\/\/allwintheme.com\/product\/kadence-woocommerce-extras\/\"]}]},{\"@type\":\"ImageObject\",\"inLanguage\":\"es-CL\",\"@id\":\"https:\/\/allwintheme.com\/product\/kadence-woocommerce-extras\/#primaryimage\",\"url\":\"https:\/\/allwintheme.com\/wp-content\/uploads\/2025\/10\/ycp945zs.png\",\"contentUrl\":\"https:\/\/allwintheme.com\/wp-content\/uploads\/2025\/10\/ycp945zs.png\",\"width\":590,\"height\":300,\"caption\":\"Kadence WooCommerce Extras\"},{\"@type\":\"BreadcrumbList\",\"@id\":\"https:\/\/allwintheme.com\/product\/kadence-woocommerce-extras\/#breadcrumb\",\"itemListElement\":[{\"@type\":\"ListItem\",\"position\":1,\"name\":\"Home\",\"item\":\"https:\/\/allwintheme.com\/\"},{\"@type\":\"ListItem\",\"position\":2,\"name\":\"Shop\",\"item\":\"https:\/\/allwintheme.com\/shop\/\"},{\"@type\":\"ListItem\",\"position\":3,\"name\":\"Kadence WooCommerce Extras\"}]},{\"@type\":\"WebSite\",\"@id\":\"https:\/\/allwintheme.com\/#website\",\"url\":\"https:\/\/allwintheme.com\/\",\"name\":\"Allwintheme\",\"description\":\"Download free WordPress themes for every niche. Blogs, business, eCommerce, portfolio, restaurant and more. All themes are GPL licensed and mobile-ready.\",\"potentialAction\":[{\"@type\":\"SearchAction\",\"target\":{\"@type\":\"EntryPoint\",\"urlTemplate\":\"https:\/\/allwintheme.com\/?s={search_term_string}\"},\"query-input\":{\"@type\":\"PropertyValueSpecification\",\"valueRequired\":true,\"valueName\":\"search_term_string\"}}],\"inLanguage\":\"es-CL\"}]}<\/script>\n<!-- \/ Yoast SEO Premium plugin. -->","yoast_head_json":{"title":"Kadence WooCommerce Extras - AllWin Theme - Free WordPress Themes Download","description":"Mejore su tienda en l\u00ednea con Kadence WooCommerce Extras, a\u00f1adiendo dise\u00f1os avanzados de productos, funciones de carrito y una mejor experiencia de compra.","robots":{"index":"index","follow":"follow","max-snippet":"max-snippet:-1","max-image-preview":"max-image-preview:large","max-video-preview":"max-video-preview:-1"},"canonical":"https:\/\/allwintheme.com\/es\/producto\/kadence-woocommerce-extras\/","og_locale":"es_ES","og_type":"article","og_title":"Kadence WooCommerce Extras","og_description":"Enhance your online store with Kadence WooCommerce Extras, adding advanced product layouts, cart features, and a better shopping experience.","og_url":"https:\/\/allwintheme.com\/es\/producto\/kadence-woocommerce-extras\/","og_site_name":"AllWin Theme \u2013 Free WordPress Themes Download","article_modified_time":"2025-10-27T12:33:19+00:00","og_image":[{"width":590,"height":300,"url":"https:\/\/allwintheme.com\/wp-content\/uploads\/2025\/10\/ycp945zs.png","type":"image\/png"}],"twitter_card":"summary_large_image","twitter_misc":{"Tiempo estimado de lectura":"2 minutos"},"schema":{"@context":"https:\/\/schema.org","@graph":[{"@type":"WebPage","@id":"https:\/\/allwintheme.com\/product\/kadence-woocommerce-extras\/","url":"https:\/\/allwintheme.com\/product\/kadence-woocommerce-extras\/","name":"Kadence WooCommerce Extras - AllWin Theme - Free WordPress Themes Download","isPartOf":{"@id":"https:\/\/allwintheme.com\/#website"},"primaryImageOfPage":{"@id":"https:\/\/allwintheme.com\/product\/kadence-woocommerce-extras\/#primaryimage"},"image":{"@id":"https:\/\/allwintheme.com\/product\/kadence-woocommerce-extras\/#primaryimage"},"thumbnailUrl":"https:\/\/allwintheme.com\/wp-content\/uploads\/2025\/10\/ycp945zs.png","datePublished":"2025-10-27T12:28:22+00:00","dateModified":"2025-10-27T12:33:19+00:00","description":"Mejore su tienda en l\u00ednea con Kadence WooCommerce Extras, a\u00f1adiendo dise\u00f1os avanzados de productos, funciones de carrito y una mejor experiencia de compra.","breadcrumb":{"@id":"https:\/\/allwintheme.com\/product\/kadence-woocommerce-extras\/#breadcrumb"},"inLanguage":"es-CL","potentialAction":[{"@type":"ReadAction","target":["https:\/\/allwintheme.com\/product\/kadence-woocommerce-extras\/"]}]},{"@type":"ImageObject","inLanguage":"es-CL","@id":"https:\/\/allwintheme.com\/product\/kadence-woocommerce-extras\/#primaryimage","url":"https:\/\/allwintheme.com\/wp-content\/uploads\/2025\/10\/ycp945zs.png","contentUrl":"https:\/\/allwintheme.com\/wp-content\/uploads\/2025\/10\/ycp945zs.png","width":590,"height":300,"caption":"Kadence WooCommerce Extras"},{"@type":"BreadcrumbList","@id":"https:\/\/allwintheme.com\/product\/kadence-woocommerce-extras\/#breadcrumb","itemListElement":[{"@type":"ListItem","position":1,"name":"Home","item":"https:\/\/allwintheme.com\/"},{"@type":"ListItem","position":2,"name":"Shop","item":"https:\/\/allwintheme.com\/shop\/"},{"@type":"ListItem","position":3,"name":"Kadence WooCommerce Extras"}]},{"@type":"WebSite","@id":"https:\/\/allwintheme.com\/#website","url":"https:\/\/allwintheme.com\/","name":"Allwintheme","description":"Descarga gratis temas de WordPress para todos los nichos. Blogs, negocios, comercio electr\u00f3nico, portafolio, restaurante y m\u00e1s. Todos los temas tienen licencia GPL y est\u00e1n preparados para dispositivos m\u00f3viles.","potentialAction":[{"@type":"SearchAction","target":{"@type":"EntryPoint","urlTemplate":"https:\/\/allwintheme.com\/?s={search_term_string}"},"query-input":{"@type":"PropertyValueSpecification","valueRequired":true,"valueName":"search_term_string"}}],"inLanguage":"es-CL"}]}},"_links":{"self":[{"href":"https:\/\/allwintheme.com\/es\/wp-json\/wp\/v2\/product\/11903","targetHints":{"allow":["GET"]}}],"collection":[{"href":"https:\/\/allwintheme.com\/es\/wp-json\/wp\/v2\/product"}],"about":[{"href":"https:\/\/allwintheme.com\/es\/wp-json\/wp\/v2\/types\/product"}],"replies":[{"embeddable":true,"href":"https:\/\/allwintheme.com\/es\/wp-json\/wp\/v2\/comments?post=11903"}],"version-history":[{"count":5,"href":"https:\/\/allwintheme.com\/es\/wp-json\/wp\/v2\/product\/11903\/revisions"}],"predecessor-version":[{"id":11909,"href":"https:\/\/allwintheme.com\/es\/wp-json\/wp\/v2\/product\/11903\/revisions\/11909"}],"wp:featuredmedia":[{"embeddable":true,"href":"https:\/\/allwintheme.com\/es\/wp-json\/wp\/v2\/media\/11904"}],"wp:attachment":[{"href":"https:\/\/allwintheme.com\/es\/wp-json\/wp\/v2\/media?parent=11903"}],"wp:term":[{"taxonomy":"product_brand","embeddable":true,"href":"https:\/\/allwintheme.com\/es\/wp-json\/wp\/v2\/product_brand?post=11903"},{"taxonomy":"product_cat","embeddable":true,"href":"https:\/\/allwintheme.com\/es\/wp-json\/wp\/v2\/product_cat?post=11903"},{"taxonomy":"product_tag","embeddable":true,"href":"https:\/\/allwintheme.com\/es\/wp-json\/wp\/v2\/product_tag?post=11903"}],"curies":[{"name":"wp","href":"https:\/\/api.w.org\/{rel}","templated":true}]}}