{"id":11924,"date":"2025-10-27T12:42:47","date_gmt":"2025-10-27T12:42:47","guid":{"rendered":"https:\/\/allwintheme.com\/?post_type=product&#038;p=11924"},"modified":"2025-10-27T12:46:42","modified_gmt":"2025-10-27T12:46:42","slug":"kadence-virtue-tema-premium","status":"publish","type":"product","link":"https:\/\/allwintheme.com\/es\/producto\/kadence-virtue-tema-premium\/","title":{"rendered":"Kadence Virtue Tema Premium"},"content":{"rendered":"<div data-elementor-type=\"wp-post\" data-elementor-id=\"11924\" class=\"elementor elementor-11924\" data-elementor-settings=\"{&quot;element_pack_global_tooltip_width&quot;:{&quot;unit&quot;:&quot;px&quot;,&quot;size&quot;:&quot;&quot;,&quot;sizes&quot;:[]},&quot;element_pack_global_tooltip_width_tablet&quot;:{&quot;unit&quot;:&quot;px&quot;,&quot;size&quot;:&quot;&quot;,&quot;sizes&quot;:[]},&quot;element_pack_global_tooltip_width_mobile&quot;:{&quot;unit&quot;:&quot;px&quot;,&quot;size&quot;:&quot;&quot;,&quot;sizes&quot;:[]},&quot;element_pack_global_tooltip_padding&quot;:{&quot;unit&quot;:&quot;px&quot;,&quot;top&quot;:&quot;&quot;,&quot;right&quot;:&quot;&quot;,&quot;bottom&quot;:&quot;&quot;,&quot;left&quot;:&quot;&quot;,&quot;isLinked&quot;:true},&quot;element_pack_global_tooltip_padding_tablet&quot;:{&quot;unit&quot;:&quot;px&quot;,&quot;top&quot;:&quot;&quot;,&quot;right&quot;:&quot;&quot;,&quot;bottom&quot;:&quot;&quot;,&quot;left&quot;:&quot;&quot;,&quot;isLinked&quot;:true},&quot;element_pack_global_tooltip_padding_mobile&quot;:{&quot;unit&quot;:&quot;px&quot;,&quot;top&quot;:&quot;&quot;,&quot;right&quot;:&quot;&quot;,&quot;bottom&quot;:&quot;&quot;,&quot;left&quot;:&quot;&quot;,&quot;isLinked&quot;:true},&quot;element_pack_global_tooltip_border_radius&quot;:{&quot;unit&quot;:&quot;px&quot;,&quot;top&quot;:&quot;&quot;,&quot;right&quot;:&quot;&quot;,&quot;bottom&quot;:&quot;&quot;,&quot;left&quot;:&quot;&quot;,&quot;isLinked&quot;:true},&quot;element_pack_global_tooltip_border_radius_tablet&quot;:{&quot;unit&quot;:&quot;px&quot;,&quot;top&quot;:&quot;&quot;,&quot;right&quot;:&quot;&quot;,&quot;bottom&quot;:&quot;&quot;,&quot;left&quot;:&quot;&quot;,&quot;isLinked&quot;:true},&quot;element_pack_global_tooltip_border_radius_mobile&quot;:{&quot;unit&quot;:&quot;px&quot;,&quot;top&quot;:&quot;&quot;,&quot;right&quot;:&quot;&quot;,&quot;bottom&quot;:&quot;&quot;,&quot;left&quot;:&quot;&quot;,&quot;isLinked&quot;:true}}\" data-elementor-post-type=\"product\">\n\t\t\t\t<div class=\"wd-negative-gap elementor-element elementor-element-116794f e-flex e-con-boxed e-con e-parent\" data-id=\"116794f\" data-element_type=\"container\" data-e-type=\"container\">\n\t\t\t\t\t<div class=\"e-con-inner\">\n\t\t\t\t<div class=\"elementor-element elementor-element-03d2133 elementor-widget elementor-widget-wd_text_block\" data-id=\"03d2133\" data-element_type=\"widget\" data-e-type=\"widget\" data-widget_type=\"wd_text_block.default\">\n\t\t\t\t<div class=\"elementor-widget-container\">\n\t\t\t\t\t\t\t<div class=\"wd-text-block reset-last-child text-left\">\n\t\t\t\n\t\t\t<h2>Kadence Virtue - Tema Premium para WordPress<\/h2>\n<p>Kadence Virtue ayuda a las empresas y a los profesionales creativos a crear r\u00e1pidamente sitios web elegantes y totalmente funcionales. Al combinar flexibilidad y rendimiento, este tema premium garantiza que su sitio web tenga un aspecto moderno, cargue r\u00e1pido y atraiga a los visitantes con eficacia.<\/p>\n\n<h3>Dise\u00f1o vers\u00e1til para todos los sectores<\/h3>\n<p>Tanto si dirige una empresa, una agencia creativa o un portafolio personal, Kadence Virtue le ofrece plantillas predise\u00f1adas que se adaptan a sus necesidades. Adem\u00e1s, cada dise\u00f1o est\u00e1 cuidadosamente estructurado para guiar a los visitantes a trav\u00e9s de sus servicios, proyectos o productos, fomentando un compromiso significativo.<\/p>\n\n<h3>F\u00e1cil personalizaci\u00f3n<\/h3>\n<p>Con su constructor de arrastrar y soltar, Kadence Virtue le permite ajustar los colores, la tipograf\u00eda, los dise\u00f1os y el contenido sin esfuerzo. Adem\u00e1s, puede incluir testimonios, destacar a su equipo o a\u00f1adir estudios de casos sin codificar. Por lo tanto, su marca mantiene un aspecto coherente y profesional en todas las p\u00e1ginas.<\/p>\n\n<h3>Rendimiento sensible y optimizado<\/h3>\n<p>Kadence Virtue ofrece un rendimiento fluido en ordenadores de sobremesa, tabletas y dispositivos m\u00f3viles. Adem\u00e1s, el tema est\u00e1 optimizado para la velocidad y los motores de b\u00fasqueda, lo que ayuda a que su sitio web se posicione mejor y atraiga a m\u00e1s clientes potenciales. Como resultado, su presencia en l\u00ednea se convierte en una poderosa herramienta de crecimiento.<\/p>\n\n<h3>Caracter\u00edsticas principales<\/h3>\n<ul>\n  <li>Dise\u00f1o moderno y profesional<\/li>\n  <li>Totalmente adaptable a todos los dispositivos<\/li>\n  <li>Constructor de p\u00e1ginas de arrastrar y soltar<\/li>\n  <li>SEO-friendly y carga r\u00e1pida<\/li>\n  <li>Incluye servicios, portafolio, testimonios y p\u00e1ginas de contacto<\/li>\n<\/ul>\n\n<p>Con Kadence Virtue, puede crear un sitio web visualmente atractivo y funcional que genere confianza, muestre su trabajo y convierta a los visitantes en clientes de forma eficaz.<\/p>\n\t\t\t\t\t<\/div>\n\t\t\t\t\t\t<\/div>\n\t\t\t\t<\/div>\n\t\t\t\t\t<\/div>\n\t\t\t\t<\/div>\n\t\t<div class=\"wd-negative-gap elementor-element elementor-element-34d16fd e-flex e-con-boxed e-con e-parent\" data-id=\"34d16fd\" data-element_type=\"container\" data-e-type=\"container\">\n\t\t\t\t\t<div class=\"e-con-inner\">\n\t\t\t\t<div class=\"elementor-element elementor-element-63dec7f elementor-widget elementor-widget-video\" data-id=\"63dec7f\" data-element_type=\"widget\" data-e-type=\"widget\" data-settings=\"{&quot;youtube_url&quot;:&quot;https:\\\/\\\/youtu.be\\\/qUznLPgjNlM&quot;,&quot;video_type&quot;:&quot;youtube&quot;,&quot;controls&quot;:&quot;yes&quot;}\" data-widget_type=\"video.default\">\n\t\t\t\t\t\t\t<div class=\"elementor-wrapper elementor-open-inline\">\n\t\t\t<div class=\"elementor-video\"><\/div>\t\t<\/div>\n\t\t\t\t\t\t<\/div>\n\t\t\t\t\t<\/div>\n\t\t\t\t<\/div>\n\t\t\t\t<\/div>","protected":false},"excerpt":{"rendered":"<p>Kadence Virtue \u2013 Premium WordPress Theme Kadence Virtue helps businesses and creative professionals create elegant and fully functional websites quickly.<\/p>","protected":false},"featured_media":11925,"comment_status":"open","ping_status":"closed","template":"","meta":{"_acf_changed":false},"product_brand":[],"product_cat":[49],"product_tag":[],"class_list":{"0":"post-11924","1":"product","2":"type-product","3":"status-publish","4":"has-post-thumbnail","6":"product_cat-plugins","8":"first","9":"instock","10":"sale","11":"downloadable","12":"shipping-taxable","13":"purchasable","14":"product-type-simple"},"acf":[],"yoast_head":"<!-- This site is optimized with the Yoast SEO Premium plugin v25.6 (Yoast SEO v27.1.1) - https:\/\/yoast.com\/product\/yoast-seo-premium-wordpress\/ -->\n<title>Kadence Virtue Premium Theme - AllWin Theme \u2013 Free WordPress Themes Download<\/title>\n<meta name=\"description\" content=\"Create beautiful, responsive sliders with Kadence WP Slider Pro, a flexible WordPress plugin for engaging visuals and interactive content.\" \/>\n<meta name=\"robots\" content=\"index, follow, max-snippet:-1, max-image-preview:large, max-video-preview:-1\" \/>\n<link rel=\"canonical\" href=\"https:\/\/allwintheme.com\/es\/producto\/kadence-virtue-tema-premium\/\" \/>\n<meta property=\"og:locale\" content=\"es_ES\" \/>\n<meta property=\"og:type\" content=\"article\" \/>\n<meta property=\"og:title\" content=\"Kadence Virtue Premium Theme\" \/>\n<meta property=\"og:description\" content=\"Create beautiful, responsive sliders with Kadence WP Slider Pro, a flexible WordPress plugin for engaging visuals and interactive content.\" \/>\n<meta property=\"og:url\" content=\"https:\/\/allwintheme.com\/es\/producto\/kadence-virtue-tema-premium\/\" \/>\n<meta property=\"og:site_name\" content=\"AllWin Theme \u2013 Free WordPress Themes Download\" \/>\n<meta property=\"article:modified_time\" content=\"2025-10-27T12:46:42+00:00\" \/>\n<meta property=\"og:image\" content=\"https:\/\/allwintheme.com\/wp-content\/uploads\/2025\/10\/faqj798w.png\" \/>\n\t<meta property=\"og:image:width\" content=\"590\" \/>\n\t<meta property=\"og:image:height\" content=\"300\" \/>\n\t<meta property=\"og:image:type\" content=\"image\/png\" \/>\n<meta name=\"twitter:card\" content=\"summary_large_image\" \/>\n<meta name=\"twitter:label1\" content=\"Tiempo estimado de lectura\" \/>\n\t<meta name=\"twitter:data1\" content=\"2 minutos\" \/>\n<script type=\"application\/ld+json\" class=\"yoast-schema-graph\">{\"@context\":\"https:\/\/schema.org\",\"@graph\":[{\"@type\":\"WebPage\",\"@id\":\"https:\/\/allwintheme.com\/product\/kadence-virtue-premium-theme\/\",\"url\":\"https:\/\/allwintheme.com\/product\/kadence-virtue-premium-theme\/\",\"name\":\"Kadence Virtue Premium Theme - AllWin Theme \u2013 Free WordPress Themes Download\",\"isPartOf\":{\"@id\":\"https:\/\/allwintheme.com\/#website\"},\"primaryImageOfPage\":{\"@id\":\"https:\/\/allwintheme.com\/product\/kadence-virtue-premium-theme\/#primaryimage\"},\"image\":{\"@id\":\"https:\/\/allwintheme.com\/product\/kadence-virtue-premium-theme\/#primaryimage\"},\"thumbnailUrl\":\"https:\/\/allwintheme.com\/wp-content\/uploads\/2025\/10\/faqj798w.png\",\"datePublished\":\"2025-10-27T12:42:47+00:00\",\"dateModified\":\"2025-10-27T12:46:42+00:00\",\"description\":\"Create beautiful, responsive sliders with Kadence WP Slider Pro, a flexible WordPress plugin for engaging visuals and interactive content.\",\"breadcrumb\":{\"@id\":\"https:\/\/allwintheme.com\/product\/kadence-virtue-premium-theme\/#breadcrumb\"},\"inLanguage\":\"es-CL\",\"potentialAction\":[{\"@type\":\"ReadAction\",\"target\":[\"https:\/\/allwintheme.com\/product\/kadence-virtue-premium-theme\/\"]}]},{\"@type\":\"ImageObject\",\"inLanguage\":\"es-CL\",\"@id\":\"https:\/\/allwintheme.com\/product\/kadence-virtue-premium-theme\/#primaryimage\",\"url\":\"https:\/\/allwintheme.com\/wp-content\/uploads\/2025\/10\/faqj798w.png\",\"contentUrl\":\"https:\/\/allwintheme.com\/wp-content\/uploads\/2025\/10\/faqj798w.png\",\"width\":590,\"height\":300,\"caption\":\"Kadence Virtue Premium Theme\"},{\"@type\":\"BreadcrumbList\",\"@id\":\"https:\/\/allwintheme.com\/product\/kadence-virtue-premium-theme\/#breadcrumb\",\"itemListElement\":[{\"@type\":\"ListItem\",\"position\":1,\"name\":\"Home\",\"item\":\"https:\/\/allwintheme.com\/\"},{\"@type\":\"ListItem\",\"position\":2,\"name\":\"Shop\",\"item\":\"https:\/\/allwintheme.com\/shop\/\"},{\"@type\":\"ListItem\",\"position\":3,\"name\":\"Kadence Virtue Premium Theme\"}]},{\"@type\":\"WebSite\",\"@id\":\"https:\/\/allwintheme.com\/#website\",\"url\":\"https:\/\/allwintheme.com\/\",\"name\":\"Allwintheme\",\"description\":\"Download free WordPress themes for every niche. Blogs, business, eCommerce, portfolio, restaurant and more. All themes are GPL licensed and mobile-ready.\",\"potentialAction\":[{\"@type\":\"SearchAction\",\"target\":{\"@type\":\"EntryPoint\",\"urlTemplate\":\"https:\/\/allwintheme.com\/?s={search_term_string}\"},\"query-input\":{\"@type\":\"PropertyValueSpecification\",\"valueRequired\":true,\"valueName\":\"search_term_string\"}}],\"inLanguage\":\"es-CL\"}]}<\/script>\n<!-- \/ Yoast SEO Premium plugin. -->","yoast_head_json":{"title":"Kadence Virtue Premium Theme - AllWin Theme - Free WordPress Themes Download","description":"Cree sliders atractivos y adaptables con Kadence WP Slider Pro, un plugin de WordPress flexible para crear im\u00e1genes atractivas y contenido interactivo.","robots":{"index":"index","follow":"follow","max-snippet":"max-snippet:-1","max-image-preview":"max-image-preview:large","max-video-preview":"max-video-preview:-1"},"canonical":"https:\/\/allwintheme.com\/es\/producto\/kadence-virtue-tema-premium\/","og_locale":"es_ES","og_type":"article","og_title":"Kadence Virtue Premium Theme","og_description":"Create beautiful, responsive sliders with Kadence WP Slider Pro, a flexible WordPress plugin for engaging visuals and interactive content.","og_url":"https:\/\/allwintheme.com\/es\/producto\/kadence-virtue-tema-premium\/","og_site_name":"AllWin Theme \u2013 Free WordPress Themes Download","article_modified_time":"2025-10-27T12:46:42+00:00","og_image":[{"width":590,"height":300,"url":"https:\/\/allwintheme.com\/wp-content\/uploads\/2025\/10\/faqj798w.png","type":"image\/png"}],"twitter_card":"summary_large_image","twitter_misc":{"Tiempo estimado de lectura":"2 minutos"},"schema":{"@context":"https:\/\/schema.org","@graph":[{"@type":"WebPage","@id":"https:\/\/allwintheme.com\/product\/kadence-virtue-premium-theme\/","url":"https:\/\/allwintheme.com\/product\/kadence-virtue-premium-theme\/","name":"Kadence Virtue Premium Theme - AllWin Theme - Free WordPress Themes Download","isPartOf":{"@id":"https:\/\/allwintheme.com\/#website"},"primaryImageOfPage":{"@id":"https:\/\/allwintheme.com\/product\/kadence-virtue-premium-theme\/#primaryimage"},"image":{"@id":"https:\/\/allwintheme.com\/product\/kadence-virtue-premium-theme\/#primaryimage"},"thumbnailUrl":"https:\/\/allwintheme.com\/wp-content\/uploads\/2025\/10\/faqj798w.png","datePublished":"2025-10-27T12:42:47+00:00","dateModified":"2025-10-27T12:46:42+00:00","description":"Cree sliders atractivos y adaptables con Kadence WP Slider Pro, un plugin de WordPress flexible para crear im\u00e1genes atractivas y contenido interactivo.","breadcrumb":{"@id":"https:\/\/allwintheme.com\/product\/kadence-virtue-premium-theme\/#breadcrumb"},"inLanguage":"es-CL","potentialAction":[{"@type":"ReadAction","target":["https:\/\/allwintheme.com\/product\/kadence-virtue-premium-theme\/"]}]},{"@type":"ImageObject","inLanguage":"es-CL","@id":"https:\/\/allwintheme.com\/product\/kadence-virtue-premium-theme\/#primaryimage","url":"https:\/\/allwintheme.com\/wp-content\/uploads\/2025\/10\/faqj798w.png","contentUrl":"https:\/\/allwintheme.com\/wp-content\/uploads\/2025\/10\/faqj798w.png","width":590,"height":300,"caption":"Kadence Virtue Premium Theme"},{"@type":"BreadcrumbList","@id":"https:\/\/allwintheme.com\/product\/kadence-virtue-premium-theme\/#breadcrumb","itemListElement":[{"@type":"ListItem","position":1,"name":"Home","item":"https:\/\/allwintheme.com\/"},{"@type":"ListItem","position":2,"name":"Shop","item":"https:\/\/allwintheme.com\/shop\/"},{"@type":"ListItem","position":3,"name":"Kadence Virtue Premium Theme"}]},{"@type":"WebSite","@id":"https:\/\/allwintheme.com\/#website","url":"https:\/\/allwintheme.com\/","name":"Allwintheme","description":"Descarga gratis temas de WordPress para todos los nichos. Blogs, negocios, comercio electr\u00f3nico, portafolio, restaurante y m\u00e1s. Todos los temas tienen licencia GPL y est\u00e1n preparados para dispositivos m\u00f3viles.","potentialAction":[{"@type":"SearchAction","target":{"@type":"EntryPoint","urlTemplate":"https:\/\/allwintheme.com\/?s={search_term_string}"},"query-input":{"@type":"PropertyValueSpecification","valueRequired":true,"valueName":"search_term_string"}}],"inLanguage":"es-CL"}]}},"_links":{"self":[{"href":"https:\/\/allwintheme.com\/es\/wp-json\/wp\/v2\/product\/11924","targetHints":{"allow":["GET"]}}],"collection":[{"href":"https:\/\/allwintheme.com\/es\/wp-json\/wp\/v2\/product"}],"about":[{"href":"https:\/\/allwintheme.com\/es\/wp-json\/wp\/v2\/types\/product"}],"replies":[{"embeddable":true,"href":"https:\/\/allwintheme.com\/es\/wp-json\/wp\/v2\/comments?post=11924"}],"version-history":[{"count":5,"href":"https:\/\/allwintheme.com\/es\/wp-json\/wp\/v2\/product\/11924\/revisions"}],"predecessor-version":[{"id":11930,"href":"https:\/\/allwintheme.com\/es\/wp-json\/wp\/v2\/product\/11924\/revisions\/11930"}],"wp:featuredmedia":[{"embeddable":true,"href":"https:\/\/allwintheme.com\/es\/wp-json\/wp\/v2\/media\/11925"}],"wp:attachment":[{"href":"https:\/\/allwintheme.com\/es\/wp-json\/wp\/v2\/media?parent=11924"}],"wp:term":[{"taxonomy":"product_brand","embeddable":true,"href":"https:\/\/allwintheme.com\/es\/wp-json\/wp\/v2\/product_brand?post=11924"},{"taxonomy":"product_cat","embeddable":true,"href":"https:\/\/allwintheme.com\/es\/wp-json\/wp\/v2\/product_cat?post=11924"},{"taxonomy":"product_tag","embeddable":true,"href":"https:\/\/allwintheme.com\/es\/wp-json\/wp\/v2\/product_tag?post=11924"}],"curies":[{"name":"wp","href":"https:\/\/api.w.org\/{rel}","templated":true}]}}