{"id":11990,"date":"2025-10-27T13:20:31","date_gmt":"2025-10-27T13:20:31","guid":{"rendered":"https:\/\/allwintheme.com\/?post_type=product&#038;p=11990"},"modified":"2025-10-27T13:27:45","modified_gmt":"2025-10-27T13:27:45","slug":"kadence-wp-contenido-relacionado-plugin1-0-10","status":"publish","type":"product","link":"https:\/\/allwintheme.com\/es\/producto\/kadence-wp-contenido-relacionado-plugin1-0-10\/","title":{"rendered":"Kadence WP Contenido Relacionado Plugin1.0.10"},"content":{"rendered":"<div data-elementor-type=\"wp-post\" data-elementor-id=\"11990\" class=\"elementor elementor-11990\" data-elementor-settings=\"{&quot;element_pack_global_tooltip_width&quot;:{&quot;unit&quot;:&quot;px&quot;,&quot;size&quot;:&quot;&quot;,&quot;sizes&quot;:[]},&quot;element_pack_global_tooltip_width_tablet&quot;:{&quot;unit&quot;:&quot;px&quot;,&quot;size&quot;:&quot;&quot;,&quot;sizes&quot;:[]},&quot;element_pack_global_tooltip_width_mobile&quot;:{&quot;unit&quot;:&quot;px&quot;,&quot;size&quot;:&quot;&quot;,&quot;sizes&quot;:[]},&quot;element_pack_global_tooltip_padding&quot;:{&quot;unit&quot;:&quot;px&quot;,&quot;top&quot;:&quot;&quot;,&quot;right&quot;:&quot;&quot;,&quot;bottom&quot;:&quot;&quot;,&quot;left&quot;:&quot;&quot;,&quot;isLinked&quot;:true},&quot;element_pack_global_tooltip_padding_tablet&quot;:{&quot;unit&quot;:&quot;px&quot;,&quot;top&quot;:&quot;&quot;,&quot;right&quot;:&quot;&quot;,&quot;bottom&quot;:&quot;&quot;,&quot;left&quot;:&quot;&quot;,&quot;isLinked&quot;:true},&quot;element_pack_global_tooltip_padding_mobile&quot;:{&quot;unit&quot;:&quot;px&quot;,&quot;top&quot;:&quot;&quot;,&quot;right&quot;:&quot;&quot;,&quot;bottom&quot;:&quot;&quot;,&quot;left&quot;:&quot;&quot;,&quot;isLinked&quot;:true},&quot;element_pack_global_tooltip_border_radius&quot;:{&quot;unit&quot;:&quot;px&quot;,&quot;top&quot;:&quot;&quot;,&quot;right&quot;:&quot;&quot;,&quot;bottom&quot;:&quot;&quot;,&quot;left&quot;:&quot;&quot;,&quot;isLinked&quot;:true},&quot;element_pack_global_tooltip_border_radius_tablet&quot;:{&quot;unit&quot;:&quot;px&quot;,&quot;top&quot;:&quot;&quot;,&quot;right&quot;:&quot;&quot;,&quot;bottom&quot;:&quot;&quot;,&quot;left&quot;:&quot;&quot;,&quot;isLinked&quot;:true},&quot;element_pack_global_tooltip_border_radius_mobile&quot;:{&quot;unit&quot;:&quot;px&quot;,&quot;top&quot;:&quot;&quot;,&quot;right&quot;:&quot;&quot;,&quot;bottom&quot;:&quot;&quot;,&quot;left&quot;:&quot;&quot;,&quot;isLinked&quot;:true}}\" data-elementor-post-type=\"product\">\n\t\t\t\t<div class=\"wd-negative-gap elementor-element elementor-element-116794f e-flex e-con-boxed e-con e-parent\" data-id=\"116794f\" data-element_type=\"container\" data-e-type=\"container\">\n\t\t\t\t\t<div class=\"e-con-inner\">\n\t\t\t\t<div class=\"elementor-element elementor-element-03d2133 elementor-widget elementor-widget-wd_text_block\" data-id=\"03d2133\" data-element_type=\"widget\" data-e-type=\"widget\" data-widget_type=\"wd_text_block.default\">\n\t\t\t\t<div class=\"elementor-widget-container\">\n\t\t\t\t\t\t\t<div class=\"wd-text-block reset-last-child text-left\">\n\t\t\t\n\t\t\t<h2>Kadence WP Contenido Relacionado Plugin 1.0.10<\/h2>\n<p>KadenceWP Related Content Plugin ayuda a los propietarios de sitios WordPress a aumentar la participaci\u00f3n mostrando entradas, p\u00e1ginas o contenido personalizado relevantes. Al conectar a los usuarios con art\u00edculos similares, mantiene a los visitantes navegando m\u00e1s tiempo y mejora la experiencia general del sitio.<\/p>\n\n<h3>Impulsar la participaci\u00f3n de los usuarios<\/h3>\n<p>En lugar de dejar que sus visitantes busquen manualmente contenidos relacionados, este plugin sugiere autom\u00e1ticamente entradas y p\u00e1ginas relevantes. Adem\u00e1s, anima a los usuarios a explorar m\u00e1s a fondo tu sitio web, reduciendo las tasas de rebote y aumentando la probabilidad de conversiones.<\/p>\n\n<h3>F\u00e1cil de usar y personalizar<\/h3>\n<p>Con KadenceWP Related Content, puede controlar qu\u00e9 contenido aparece y c\u00f3mo se muestra. Adem\u00e1s, el plugin se integra perfectamente con su tema existente, lo que le permite igualar el estilo, la disposici\u00f3n y el dise\u00f1o sin ning\u00fan conocimiento de codificaci\u00f3n.<\/p>\n\n<h3>Capacidad de respuesta y rendimiento<\/h3>\n<p>El plugin funciona sin problemas en ordenadores de sobremesa, tabletas y smartphones. Adem\u00e1s, est\u00e1 optimizado para la velocidad, lo que garantiza que el contenido relacionado se cargue r\u00e1pidamente sin afectar al rendimiento de su sitio. Como resultado, los visitantes disfrutan de una experiencia de navegaci\u00f3n fluida.<\/p>\n\n<h3>Caracter\u00edsticas principales<\/h3>\n<ul>\n  <li>Muestra autom\u00e1ticamente entradas y p\u00e1ginas relacionadas<\/li>\n  <li>Dise\u00f1os y estilos totalmente personalizables<\/li>\n  <li>F\u00e1cil integraci\u00f3n con cualquier tema de WordPress<\/li>\n  <li>Dise\u00f1o adaptado a dispositivos m\u00f3viles<\/li>\n  <li>Ligero y optimizado para un rendimiento r\u00e1pido<\/li>\n<\/ul>\n\n<p>Al utilizar el plugin de contenido relacionado de KadenceWP, puede mejorar la retenci\u00f3n de visitantes, mostrar m\u00e1s contenido y mejorar la experiencia general de todos los usuarios de su sitio web.<\/p>\n\t\t\t\t\t<\/div>\n\t\t\t\t\t\t<\/div>\n\t\t\t\t<\/div>\n\t\t\t\t\t<\/div>\n\t\t\t\t<\/div>\n\t\t<div class=\"wd-negative-gap elementor-element elementor-element-622c285 e-flex e-con-boxed e-con e-parent\" data-id=\"622c285\" data-element_type=\"container\" data-e-type=\"container\">\n\t\t\t\t\t<div class=\"e-con-inner\">\n\t\t\t\t<div class=\"elementor-element elementor-element-64102c7 elementor-widget elementor-widget-video\" data-id=\"64102c7\" data-element_type=\"widget\" data-e-type=\"widget\" data-settings=\"{&quot;youtube_url&quot;:&quot;https:\\\/\\\/youtu.be\\\/scBCYPkpK08&quot;,&quot;video_type&quot;:&quot;youtube&quot;,&quot;controls&quot;:&quot;yes&quot;}\" data-widget_type=\"video.default\">\n\t\t\t\t\t\t\t<div class=\"elementor-wrapper elementor-open-inline\">\n\t\t\t<div class=\"elementor-video\"><\/div>\t\t<\/div>\n\t\t\t\t\t\t<\/div>\n\t\t\t\t\t<\/div>\n\t\t\t\t<\/div>\n\t\t\t\t<\/div>","protected":false},"excerpt":{"rendered":"<p>Kadence WP Related Content Plugin 1.0.10 KadenceWP Related Content Plugin helps WordPress site owners increase engagement by displaying relevant posts,<\/p>","protected":false},"featured_media":11991,"comment_status":"open","ping_status":"closed","template":"","meta":{"_acf_changed":false},"product_brand":[],"product_cat":[49],"product_tag":[],"class_list":{"0":"post-11990","1":"product","2":"type-product","3":"status-publish","4":"has-post-thumbnail","6":"product_cat-plugins","8":"first","9":"instock","10":"sale","11":"downloadable","12":"shipping-taxable","13":"purchasable","14":"product-type-simple"},"acf":[],"yoast_head":"<!-- This site is optimized with the Yoast SEO Premium plugin v25.6 (Yoast SEO v27.1.1) - https:\/\/yoast.com\/product\/yoast-seo-premium-wordpress\/ -->\n<title>Kadence WP Related Content Plugin1.0.10 - AllWin Theme \u2013 Free WordPress Themes Download<\/title>\n<meta name=\"description\" content=\"Enhance user engagement with Kadence WP Related Content Plugin, easily displaying relevant posts and pages across your WordPress site.\" \/>\n<meta name=\"robots\" content=\"index, follow, max-snippet:-1, max-image-preview:large, max-video-preview:-1\" \/>\n<link rel=\"canonical\" href=\"https:\/\/allwintheme.com\/es\/producto\/kadence-wp-contenido-relacionado-plugin1-0-10\/\" \/>\n<meta property=\"og:locale\" content=\"es_ES\" \/>\n<meta property=\"og:type\" content=\"article\" \/>\n<meta property=\"og:title\" content=\"Kadence WP Related Content Plugin1.0.10\" \/>\n<meta property=\"og:description\" content=\"Enhance user engagement with Kadence WP Related Content Plugin, easily displaying relevant posts and pages across your WordPress site.\" \/>\n<meta property=\"og:url\" content=\"https:\/\/allwintheme.com\/es\/producto\/kadence-wp-contenido-relacionado-plugin1-0-10\/\" \/>\n<meta property=\"og:site_name\" content=\"AllWin Theme \u2013 Free WordPress Themes Download\" \/>\n<meta property=\"article:modified_time\" content=\"2025-10-27T13:27:45+00:00\" \/>\n<meta property=\"og:image\" content=\"https:\/\/allwintheme.com\/wp-content\/uploads\/2025\/10\/3t1p4otg-1.png\" \/>\n\t<meta property=\"og:image:width\" content=\"590\" \/>\n\t<meta property=\"og:image:height\" content=\"300\" \/>\n\t<meta property=\"og:image:type\" content=\"image\/png\" \/>\n<meta name=\"twitter:card\" content=\"summary_large_image\" \/>\n<meta name=\"twitter:label1\" content=\"Tiempo estimado de lectura\" \/>\n\t<meta name=\"twitter:data1\" content=\"2 minutos\" \/>\n<script type=\"application\/ld+json\" class=\"yoast-schema-graph\">{\"@context\":\"https:\/\/schema.org\",\"@graph\":[{\"@type\":\"WebPage\",\"@id\":\"https:\/\/allwintheme.com\/product\/kadence-wp-related-content-plugin1-0-10\/\",\"url\":\"https:\/\/allwintheme.com\/product\/kadence-wp-related-content-plugin1-0-10\/\",\"name\":\"Kadence WP Related Content Plugin1.0.10 - AllWin Theme \u2013 Free WordPress Themes Download\",\"isPartOf\":{\"@id\":\"https:\/\/allwintheme.com\/#website\"},\"primaryImageOfPage\":{\"@id\":\"https:\/\/allwintheme.com\/product\/kadence-wp-related-content-plugin1-0-10\/#primaryimage\"},\"image\":{\"@id\":\"https:\/\/allwintheme.com\/product\/kadence-wp-related-content-plugin1-0-10\/#primaryimage\"},\"thumbnailUrl\":\"https:\/\/allwintheme.com\/wp-content\/uploads\/2025\/10\/3t1p4otg-1.png\",\"datePublished\":\"2025-10-27T13:20:31+00:00\",\"dateModified\":\"2025-10-27T13:27:45+00:00\",\"description\":\"Enhance user engagement with Kadence WP Related Content Plugin, easily displaying relevant posts and pages across your WordPress site.\",\"breadcrumb\":{\"@id\":\"https:\/\/allwintheme.com\/product\/kadence-wp-related-content-plugin1-0-10\/#breadcrumb\"},\"inLanguage\":\"es-CL\",\"potentialAction\":[{\"@type\":\"ReadAction\",\"target\":[\"https:\/\/allwintheme.com\/product\/kadence-wp-related-content-plugin1-0-10\/\"]}]},{\"@type\":\"ImageObject\",\"inLanguage\":\"es-CL\",\"@id\":\"https:\/\/allwintheme.com\/product\/kadence-wp-related-content-plugin1-0-10\/#primaryimage\",\"url\":\"https:\/\/allwintheme.com\/wp-content\/uploads\/2025\/10\/3t1p4otg-1.png\",\"contentUrl\":\"https:\/\/allwintheme.com\/wp-content\/uploads\/2025\/10\/3t1p4otg-1.png\",\"width\":590,\"height\":300,\"caption\":\"KadenceWPRelatedContentPlugin1.0.10\"},{\"@type\":\"BreadcrumbList\",\"@id\":\"https:\/\/allwintheme.com\/product\/kadence-wp-related-content-plugin1-0-10\/#breadcrumb\",\"itemListElement\":[{\"@type\":\"ListItem\",\"position\":1,\"name\":\"Home\",\"item\":\"https:\/\/allwintheme.com\/\"},{\"@type\":\"ListItem\",\"position\":2,\"name\":\"Shop\",\"item\":\"https:\/\/allwintheme.com\/shop\/\"},{\"@type\":\"ListItem\",\"position\":3,\"name\":\"Kadence WP Related Content Plugin1.0.10\"}]},{\"@type\":\"WebSite\",\"@id\":\"https:\/\/allwintheme.com\/#website\",\"url\":\"https:\/\/allwintheme.com\/\",\"name\":\"Allwintheme\",\"description\":\"Download free WordPress themes for every niche. Blogs, business, eCommerce, portfolio, restaurant and more. All themes are GPL licensed and mobile-ready.\",\"potentialAction\":[{\"@type\":\"SearchAction\",\"target\":{\"@type\":\"EntryPoint\",\"urlTemplate\":\"https:\/\/allwintheme.com\/?s={search_term_string}\"},\"query-input\":{\"@type\":\"PropertyValueSpecification\",\"valueRequired\":true,\"valueName\":\"search_term_string\"}}],\"inLanguage\":\"es-CL\"}]}<\/script>\n<!-- \/ Yoast SEO Premium plugin. -->","yoast_head_json":{"title":"Kadence WP Related Content Plugin1.0.10 - AllWin Theme \u2013 Free WordPress Themes Download","description":"Aumente la participaci\u00f3n de los usuarios con Kadence WP Related Content Plugin, mostrando f\u00e1cilmente entradas y p\u00e1ginas relevantes en su sitio WordPress.","robots":{"index":"index","follow":"follow","max-snippet":"max-snippet:-1","max-image-preview":"max-image-preview:large","max-video-preview":"max-video-preview:-1"},"canonical":"https:\/\/allwintheme.com\/es\/producto\/kadence-wp-contenido-relacionado-plugin1-0-10\/","og_locale":"es_ES","og_type":"article","og_title":"Kadence WP Related Content Plugin1.0.10","og_description":"Enhance user engagement with Kadence WP Related Content Plugin, easily displaying relevant posts and pages across your WordPress site.","og_url":"https:\/\/allwintheme.com\/es\/producto\/kadence-wp-contenido-relacionado-plugin1-0-10\/","og_site_name":"AllWin Theme \u2013 Free WordPress Themes Download","article_modified_time":"2025-10-27T13:27:45+00:00","og_image":[{"width":590,"height":300,"url":"https:\/\/allwintheme.com\/wp-content\/uploads\/2025\/10\/3t1p4otg-1.png","type":"image\/png"}],"twitter_card":"summary_large_image","twitter_misc":{"Tiempo estimado de lectura":"2 minutos"},"schema":{"@context":"https:\/\/schema.org","@graph":[{"@type":"WebPage","@id":"https:\/\/allwintheme.com\/product\/kadence-wp-related-content-plugin1-0-10\/","url":"https:\/\/allwintheme.com\/product\/kadence-wp-related-content-plugin1-0-10\/","name":"Kadence WP Related Content Plugin1.0.10 - AllWin Theme \u2013 Free WordPress Themes Download","isPartOf":{"@id":"https:\/\/allwintheme.com\/#website"},"primaryImageOfPage":{"@id":"https:\/\/allwintheme.com\/product\/kadence-wp-related-content-plugin1-0-10\/#primaryimage"},"image":{"@id":"https:\/\/allwintheme.com\/product\/kadence-wp-related-content-plugin1-0-10\/#primaryimage"},"thumbnailUrl":"https:\/\/allwintheme.com\/wp-content\/uploads\/2025\/10\/3t1p4otg-1.png","datePublished":"2025-10-27T13:20:31+00:00","dateModified":"2025-10-27T13:27:45+00:00","description":"Aumente la participaci\u00f3n de los usuarios con Kadence WP Related Content Plugin, mostrando f\u00e1cilmente entradas y p\u00e1ginas relevantes en su sitio WordPress.","breadcrumb":{"@id":"https:\/\/allwintheme.com\/product\/kadence-wp-related-content-plugin1-0-10\/#breadcrumb"},"inLanguage":"es-CL","potentialAction":[{"@type":"ReadAction","target":["https:\/\/allwintheme.com\/product\/kadence-wp-related-content-plugin1-0-10\/"]}]},{"@type":"ImageObject","inLanguage":"es-CL","@id":"https:\/\/allwintheme.com\/product\/kadence-wp-related-content-plugin1-0-10\/#primaryimage","url":"https:\/\/allwintheme.com\/wp-content\/uploads\/2025\/10\/3t1p4otg-1.png","contentUrl":"https:\/\/allwintheme.com\/wp-content\/uploads\/2025\/10\/3t1p4otg-1.png","width":590,"height":300,"caption":"KadenceWPRelatedContentPlugin1.0.10"},{"@type":"BreadcrumbList","@id":"https:\/\/allwintheme.com\/product\/kadence-wp-related-content-plugin1-0-10\/#breadcrumb","itemListElement":[{"@type":"ListItem","position":1,"name":"Home","item":"https:\/\/allwintheme.com\/"},{"@type":"ListItem","position":2,"name":"Shop","item":"https:\/\/allwintheme.com\/shop\/"},{"@type":"ListItem","position":3,"name":"Kadence WP Related Content Plugin1.0.10"}]},{"@type":"WebSite","@id":"https:\/\/allwintheme.com\/#website","url":"https:\/\/allwintheme.com\/","name":"Allwintheme","description":"Descarga gratis temas de WordPress para todos los nichos. Blogs, negocios, comercio electr\u00f3nico, portafolio, restaurante y m\u00e1s. Todos los temas tienen licencia GPL y est\u00e1n preparados para dispositivos m\u00f3viles.","potentialAction":[{"@type":"SearchAction","target":{"@type":"EntryPoint","urlTemplate":"https:\/\/allwintheme.com\/?s={search_term_string}"},"query-input":{"@type":"PropertyValueSpecification","valueRequired":true,"valueName":"search_term_string"}}],"inLanguage":"es-CL"}]}},"_links":{"self":[{"href":"https:\/\/allwintheme.com\/es\/wp-json\/wp\/v2\/product\/11990","targetHints":{"allow":["GET"]}}],"collection":[{"href":"https:\/\/allwintheme.com\/es\/wp-json\/wp\/v2\/product"}],"about":[{"href":"https:\/\/allwintheme.com\/es\/wp-json\/wp\/v2\/types\/product"}],"replies":[{"embeddable":true,"href":"https:\/\/allwintheme.com\/es\/wp-json\/wp\/v2\/comments?post=11990"}],"version-history":[{"count":5,"href":"https:\/\/allwintheme.com\/es\/wp-json\/wp\/v2\/product\/11990\/revisions"}],"predecessor-version":[{"id":11996,"href":"https:\/\/allwintheme.com\/es\/wp-json\/wp\/v2\/product\/11990\/revisions\/11996"}],"wp:featuredmedia":[{"embeddable":true,"href":"https:\/\/allwintheme.com\/es\/wp-json\/wp\/v2\/media\/11991"}],"wp:attachment":[{"href":"https:\/\/allwintheme.com\/es\/wp-json\/wp\/v2\/media?parent=11990"}],"wp:term":[{"taxonomy":"product_brand","embeddable":true,"href":"https:\/\/allwintheme.com\/es\/wp-json\/wp\/v2\/product_brand?post=11990"},{"taxonomy":"product_cat","embeddable":true,"href":"https:\/\/allwintheme.com\/es\/wp-json\/wp\/v2\/product_cat?post=11990"},{"taxonomy":"product_tag","embeddable":true,"href":"https:\/\/allwintheme.com\/es\/wp-json\/wp\/v2\/product_tag?post=11990"}],"curies":[{"name":"wp","href":"https:\/\/api.w.org\/{rel}","templated":true}]}}