{"id":12011,"date":"2025-10-29T12:00:29","date_gmt":"2025-10-29T12:00:29","guid":{"rendered":"https:\/\/allwintheme.com\/?post_type=product&#038;p=12011"},"modified":"2025-10-29T12:06:22","modified_gmt":"2025-10-29T12:06:22","slug":"wp-google-translate","status":"publish","type":"product","link":"https:\/\/allwintheme.com\/es\/producto\/wp-google-translate\/","title":{"rendered":"WP Google Translate"},"content":{"rendered":"<div data-elementor-type=\"wp-post\" data-elementor-id=\"12011\" class=\"elementor elementor-12011\" data-elementor-settings=\"{&quot;element_pack_global_tooltip_width&quot;:{&quot;unit&quot;:&quot;px&quot;,&quot;size&quot;:&quot;&quot;,&quot;sizes&quot;:[]},&quot;element_pack_global_tooltip_width_tablet&quot;:{&quot;unit&quot;:&quot;px&quot;,&quot;size&quot;:&quot;&quot;,&quot;sizes&quot;:[]},&quot;element_pack_global_tooltip_width_mobile&quot;:{&quot;unit&quot;:&quot;px&quot;,&quot;size&quot;:&quot;&quot;,&quot;sizes&quot;:[]},&quot;element_pack_global_tooltip_padding&quot;:{&quot;unit&quot;:&quot;px&quot;,&quot;top&quot;:&quot;&quot;,&quot;right&quot;:&quot;&quot;,&quot;bottom&quot;:&quot;&quot;,&quot;left&quot;:&quot;&quot;,&quot;isLinked&quot;:true},&quot;element_pack_global_tooltip_padding_tablet&quot;:{&quot;unit&quot;:&quot;px&quot;,&quot;top&quot;:&quot;&quot;,&quot;right&quot;:&quot;&quot;,&quot;bottom&quot;:&quot;&quot;,&quot;left&quot;:&quot;&quot;,&quot;isLinked&quot;:true},&quot;element_pack_global_tooltip_padding_mobile&quot;:{&quot;unit&quot;:&quot;px&quot;,&quot;top&quot;:&quot;&quot;,&quot;right&quot;:&quot;&quot;,&quot;bottom&quot;:&quot;&quot;,&quot;left&quot;:&quot;&quot;,&quot;isLinked&quot;:true},&quot;element_pack_global_tooltip_border_radius&quot;:{&quot;unit&quot;:&quot;px&quot;,&quot;top&quot;:&quot;&quot;,&quot;right&quot;:&quot;&quot;,&quot;bottom&quot;:&quot;&quot;,&quot;left&quot;:&quot;&quot;,&quot;isLinked&quot;:true},&quot;element_pack_global_tooltip_border_radius_tablet&quot;:{&quot;unit&quot;:&quot;px&quot;,&quot;top&quot;:&quot;&quot;,&quot;right&quot;:&quot;&quot;,&quot;bottom&quot;:&quot;&quot;,&quot;left&quot;:&quot;&quot;,&quot;isLinked&quot;:true},&quot;element_pack_global_tooltip_border_radius_mobile&quot;:{&quot;unit&quot;:&quot;px&quot;,&quot;top&quot;:&quot;&quot;,&quot;right&quot;:&quot;&quot;,&quot;bottom&quot;:&quot;&quot;,&quot;left&quot;:&quot;&quot;,&quot;isLinked&quot;:true}}\" data-elementor-post-type=\"product\">\n\t\t\t\t<div class=\"wd-negative-gap elementor-element elementor-element-116794f e-flex e-con-boxed e-con e-parent\" data-id=\"116794f\" data-element_type=\"container\" data-e-type=\"container\">\n\t\t\t\t\t<div class=\"e-con-inner\">\n\t\t\t\t<div class=\"elementor-element elementor-element-03d2133 elementor-widget elementor-widget-wd_text_block\" data-id=\"03d2133\" data-element_type=\"widget\" data-e-type=\"widget\" data-widget_type=\"wd_text_block.default\">\n\t\t\t\t<div class=\"elementor-widget-container\">\n\t\t\t\t\t\t\t<div class=\"wd-text-block reset-last-child text-left\">\n\t\t\t\n\t\t\t<h2>WP Google Translate - Plugin de traducci\u00f3n instant\u00e1nea de sitios web<\/h2>\n<p>WP Google Translate ofrece a los propietarios de sitios web una forma sencilla de llegar a audiencias globales proporcionando asistencia multiling\u00fce instant\u00e1nea. Con s\u00f3lo unos clics, sus visitantes pueden leer su contenido en su idioma preferido, creando una experiencia m\u00e1s inclusiva y atractiva.<\/p>\n\n<h3>Ampl\u00ede su alcance mundial<\/h3>\n<p>Muchos sitios web pierden tr\u00e1fico internacional porque s\u00f3lo ofrecen un idioma. Con WP Google Translate, puede desbloquear r\u00e1pidamente nuevos mercados. Adem\u00e1s, el plugin se integra perfectamente con la tecnolog\u00eda de traducci\u00f3n de Google, lo que permite a los usuarios cambiar entre cientos de idiomas en tiempo real.<\/p>\n\n<h3>Instalaci\u00f3n r\u00e1pida y sencilla<\/h3>\n<p>Puede instalar y activar el plugin en cuesti\u00f3n de minutos. Adem\u00e1s, su intuitiva interfaz permite elegir las opciones de idioma, la ubicaci\u00f3n del widget de traducci\u00f3n y los estilos de visualizaci\u00f3n, todo ello sin necesidad de conocimientos t\u00e9cnicos.<\/p>\n\n<h3>SEO-Friendly y ligero<\/h3>\n<p>A diferencia de los plugins de traducci\u00f3n pesados, WP Google Translate est\u00e1 optimizado para la velocidad y el rendimiento. Por otra parte, es compatible con la indexaci\u00f3n multiling\u00fce, ayudando a los motores de b\u00fasqueda a entender y clasificar sus p\u00e1ginas traducidas para una mejor visibilidad internacional.<\/p>\n\n<h3>Principales ventajas<\/h3>\n<ul>\n  <li>Traducci\u00f3n instant\u00e1nea a varios idiomas<\/li>\n  <li>F\u00e1cil configuraci\u00f3n sin necesidad de codificaci\u00f3n<\/li>\n  <li>Dise\u00f1o adaptable y ligero<\/li>\n  <li>Arquitectura SEO<\/li>\n  <li>Compatible con todos los temas y plugins de WordPress<\/li>\n<\/ul>\n\n<p>Mediante el uso de WP Google Translate, se crea un sitio web m\u00e1s accesible, conectar con los usuarios globales, y aumentar su tr\u00e1fico global y el compromiso. Es una herramienta simple pero poderosa para cualquiera que busque expandirse internacionalmente.<\/p>\n\t\t\t\t\t<\/div>\n\t\t\t\t\t\t<\/div>\n\t\t\t\t<\/div>\n\t\t\t\t\t<\/div>\n\t\t\t\t<\/div>\n\t\t<div class=\"wd-negative-gap elementor-element elementor-element-622c285 e-flex e-con-boxed e-con e-parent\" data-id=\"622c285\" data-element_type=\"container\" data-e-type=\"container\">\n\t\t\t\t\t<div class=\"e-con-inner\">\n\t\t\t\t<div class=\"elementor-element elementor-element-64102c7 elementor-widget elementor-widget-video\" data-id=\"64102c7\" data-element_type=\"widget\" data-e-type=\"widget\" data-settings=\"{&quot;youtube_url&quot;:&quot;https:\\\/\\\/youtu.be\\\/IUiT8RdHzRs&quot;,&quot;video_type&quot;:&quot;youtube&quot;,&quot;controls&quot;:&quot;yes&quot;}\" data-widget_type=\"video.default\">\n\t\t\t\t\t\t\t<div class=\"elementor-wrapper elementor-open-inline\">\n\t\t\t<div class=\"elementor-video\"><\/div>\t\t<\/div>\n\t\t\t\t\t\t<\/div>\n\t\t\t\t\t<\/div>\n\t\t\t\t<\/div>\n\t\t\t\t<\/div>","protected":false},"excerpt":{"rendered":"<p>WP Google Translate \u2013 Instant Website Translation Plugin WP Google Translate gives website owners a simple way to reach global<\/p>","protected":false},"featured_media":12012,"comment_status":"open","ping_status":"closed","template":"","meta":{"_acf_changed":false},"product_brand":[],"product_cat":[49],"product_tag":[],"class_list":{"0":"post-12011","1":"product","2":"type-product","3":"status-publish","4":"has-post-thumbnail","6":"product_cat-plugins","8":"first","9":"instock","10":"sale","11":"downloadable","12":"shipping-taxable","13":"purchasable","14":"product-type-simple"},"acf":[],"yoast_head":"<!-- This site is optimized with the Yoast SEO Premium plugin v25.6 (Yoast SEO v27.1.1) - https:\/\/yoast.com\/product\/yoast-seo-premium-wordpress\/ -->\n<title>WP Google Translate - AllWin Theme \u2013 Free WordPress Themes Download<\/title>\n<meta name=\"description\" content=\"Easily translate your WordPress website into multiple languages instantly using WP Google Translate, a fast and SEO-friendly translation plugin.\" \/>\n<meta name=\"robots\" content=\"index, follow, max-snippet:-1, max-image-preview:large, max-video-preview:-1\" \/>\n<link rel=\"canonical\" href=\"https:\/\/allwintheme.com\/es\/producto\/wp-google-translate\/\" \/>\n<meta property=\"og:locale\" content=\"es_ES\" \/>\n<meta property=\"og:type\" content=\"article\" \/>\n<meta property=\"og:title\" content=\"WP Google Translate\" \/>\n<meta property=\"og:description\" content=\"Easily translate your WordPress website into multiple languages instantly using WP Google Translate, a fast and SEO-friendly translation plugin.\" \/>\n<meta property=\"og:url\" content=\"https:\/\/allwintheme.com\/es\/producto\/wp-google-translate\/\" \/>\n<meta property=\"og:site_name\" content=\"AllWin Theme \u2013 Free WordPress Themes Download\" \/>\n<meta property=\"article:modified_time\" content=\"2025-10-29T12:06:22+00:00\" \/>\n<meta property=\"og:image\" content=\"https:\/\/allwintheme.com\/wp-content\/uploads\/2025\/10\/hmlwrffb.png\" \/>\n\t<meta property=\"og:image:width\" content=\"590\" \/>\n\t<meta property=\"og:image:height\" content=\"300\" \/>\n\t<meta property=\"og:image:type\" content=\"image\/png\" \/>\n<meta name=\"twitter:card\" content=\"summary_large_image\" \/>\n<meta name=\"twitter:label1\" content=\"Tiempo estimado de lectura\" \/>\n\t<meta name=\"twitter:data1\" content=\"2 minutos\" \/>\n<script type=\"application\/ld+json\" class=\"yoast-schema-graph\">{\"@context\":\"https:\/\/schema.org\",\"@graph\":[{\"@type\":\"WebPage\",\"@id\":\"https:\/\/allwintheme.com\/product\/wp-google-translate\/\",\"url\":\"https:\/\/allwintheme.com\/product\/wp-google-translate\/\",\"name\":\"WP Google Translate - AllWin Theme \u2013 Free WordPress Themes Download\",\"isPartOf\":{\"@id\":\"https:\/\/allwintheme.com\/#website\"},\"primaryImageOfPage\":{\"@id\":\"https:\/\/allwintheme.com\/product\/wp-google-translate\/#primaryimage\"},\"image\":{\"@id\":\"https:\/\/allwintheme.com\/product\/wp-google-translate\/#primaryimage\"},\"thumbnailUrl\":\"https:\/\/allwintheme.com\/wp-content\/uploads\/2025\/10\/hmlwrffb.png\",\"datePublished\":\"2025-10-29T12:00:29+00:00\",\"dateModified\":\"2025-10-29T12:06:22+00:00\",\"description\":\"Easily translate your WordPress website into multiple languages instantly using WP Google Translate, a fast and SEO-friendly translation plugin.\",\"breadcrumb\":{\"@id\":\"https:\/\/allwintheme.com\/product\/wp-google-translate\/#breadcrumb\"},\"inLanguage\":\"es-CL\",\"potentialAction\":[{\"@type\":\"ReadAction\",\"target\":[\"https:\/\/allwintheme.com\/product\/wp-google-translate\/\"]}]},{\"@type\":\"ImageObject\",\"inLanguage\":\"es-CL\",\"@id\":\"https:\/\/allwintheme.com\/product\/wp-google-translate\/#primaryimage\",\"url\":\"https:\/\/allwintheme.com\/wp-content\/uploads\/2025\/10\/hmlwrffb.png\",\"contentUrl\":\"https:\/\/allwintheme.com\/wp-content\/uploads\/2025\/10\/hmlwrffb.png\",\"width\":590,\"height\":300,\"caption\":\"WP Google Translate\"},{\"@type\":\"BreadcrumbList\",\"@id\":\"https:\/\/allwintheme.com\/product\/wp-google-translate\/#breadcrumb\",\"itemListElement\":[{\"@type\":\"ListItem\",\"position\":1,\"name\":\"Home\",\"item\":\"https:\/\/allwintheme.com\/\"},{\"@type\":\"ListItem\",\"position\":2,\"name\":\"Shop\",\"item\":\"https:\/\/allwintheme.com\/shop\/\"},{\"@type\":\"ListItem\",\"position\":3,\"name\":\"WP Google Translate\"}]},{\"@type\":\"WebSite\",\"@id\":\"https:\/\/allwintheme.com\/#website\",\"url\":\"https:\/\/allwintheme.com\/\",\"name\":\"Allwintheme\",\"description\":\"Download free WordPress themes for every niche. Blogs, business, eCommerce, portfolio, restaurant and more. All themes are GPL licensed and mobile-ready.\",\"potentialAction\":[{\"@type\":\"SearchAction\",\"target\":{\"@type\":\"EntryPoint\",\"urlTemplate\":\"https:\/\/allwintheme.com\/?s={search_term_string}\"},\"query-input\":{\"@type\":\"PropertyValueSpecification\",\"valueRequired\":true,\"valueName\":\"search_term_string\"}}],\"inLanguage\":\"es-CL\"}]}<\/script>\n<!-- \/ Yoast SEO Premium plugin. -->","yoast_head_json":{"title":"WP Google Translate - AllWin Theme \u2013 Free WordPress Themes Download","description":"Traduce f\u00e1cilmente tu sitio web WordPress a varios idiomas al instante con WP Google Translate, un plugin de traducci\u00f3n r\u00e1pido y SEO-friendly.","robots":{"index":"index","follow":"follow","max-snippet":"max-snippet:-1","max-image-preview":"max-image-preview:large","max-video-preview":"max-video-preview:-1"},"canonical":"https:\/\/allwintheme.com\/es\/producto\/wp-google-translate\/","og_locale":"es_ES","og_type":"article","og_title":"WP Google Translate","og_description":"Easily translate your WordPress website into multiple languages instantly using WP Google Translate, a fast and SEO-friendly translation plugin.","og_url":"https:\/\/allwintheme.com\/es\/producto\/wp-google-translate\/","og_site_name":"AllWin Theme \u2013 Free WordPress Themes Download","article_modified_time":"2025-10-29T12:06:22+00:00","og_image":[{"width":590,"height":300,"url":"https:\/\/allwintheme.com\/wp-content\/uploads\/2025\/10\/hmlwrffb.png","type":"image\/png"}],"twitter_card":"summary_large_image","twitter_misc":{"Tiempo estimado de lectura":"2 minutos"},"schema":{"@context":"https:\/\/schema.org","@graph":[{"@type":"WebPage","@id":"https:\/\/allwintheme.com\/product\/wp-google-translate\/","url":"https:\/\/allwintheme.com\/product\/wp-google-translate\/","name":"WP Google Translate - AllWin Theme \u2013 Free WordPress Themes Download","isPartOf":{"@id":"https:\/\/allwintheme.com\/#website"},"primaryImageOfPage":{"@id":"https:\/\/allwintheme.com\/product\/wp-google-translate\/#primaryimage"},"image":{"@id":"https:\/\/allwintheme.com\/product\/wp-google-translate\/#primaryimage"},"thumbnailUrl":"https:\/\/allwintheme.com\/wp-content\/uploads\/2025\/10\/hmlwrffb.png","datePublished":"2025-10-29T12:00:29+00:00","dateModified":"2025-10-29T12:06:22+00:00","description":"Traduce f\u00e1cilmente tu sitio web WordPress a varios idiomas al instante con WP Google Translate, un plugin de traducci\u00f3n r\u00e1pido y SEO-friendly.","breadcrumb":{"@id":"https:\/\/allwintheme.com\/product\/wp-google-translate\/#breadcrumb"},"inLanguage":"es-CL","potentialAction":[{"@type":"ReadAction","target":["https:\/\/allwintheme.com\/product\/wp-google-translate\/"]}]},{"@type":"ImageObject","inLanguage":"es-CL","@id":"https:\/\/allwintheme.com\/product\/wp-google-translate\/#primaryimage","url":"https:\/\/allwintheme.com\/wp-content\/uploads\/2025\/10\/hmlwrffb.png","contentUrl":"https:\/\/allwintheme.com\/wp-content\/uploads\/2025\/10\/hmlwrffb.png","width":590,"height":300,"caption":"WP Google Translate"},{"@type":"BreadcrumbList","@id":"https:\/\/allwintheme.com\/product\/wp-google-translate\/#breadcrumb","itemListElement":[{"@type":"ListItem","position":1,"name":"Home","item":"https:\/\/allwintheme.com\/"},{"@type":"ListItem","position":2,"name":"Shop","item":"https:\/\/allwintheme.com\/shop\/"},{"@type":"ListItem","position":3,"name":"WP Google Translate"}]},{"@type":"WebSite","@id":"https:\/\/allwintheme.com\/#website","url":"https:\/\/allwintheme.com\/","name":"Allwintheme","description":"Descarga gratis temas de WordPress para todos los nichos. Blogs, negocios, comercio electr\u00f3nico, portafolio, restaurante y m\u00e1s. Todos los temas tienen licencia GPL y est\u00e1n preparados para dispositivos m\u00f3viles.","potentialAction":[{"@type":"SearchAction","target":{"@type":"EntryPoint","urlTemplate":"https:\/\/allwintheme.com\/?s={search_term_string}"},"query-input":{"@type":"PropertyValueSpecification","valueRequired":true,"valueName":"search_term_string"}}],"inLanguage":"es-CL"}]}},"_links":{"self":[{"href":"https:\/\/allwintheme.com\/es\/wp-json\/wp\/v2\/product\/12011","targetHints":{"allow":["GET"]}}],"collection":[{"href":"https:\/\/allwintheme.com\/es\/wp-json\/wp\/v2\/product"}],"about":[{"href":"https:\/\/allwintheme.com\/es\/wp-json\/wp\/v2\/types\/product"}],"replies":[{"embeddable":true,"href":"https:\/\/allwintheme.com\/es\/wp-json\/wp\/v2\/comments?post=12011"}],"version-history":[{"count":5,"href":"https:\/\/allwintheme.com\/es\/wp-json\/wp\/v2\/product\/12011\/revisions"}],"predecessor-version":[{"id":12017,"href":"https:\/\/allwintheme.com\/es\/wp-json\/wp\/v2\/product\/12011\/revisions\/12017"}],"wp:featuredmedia":[{"embeddable":true,"href":"https:\/\/allwintheme.com\/es\/wp-json\/wp\/v2\/media\/12012"}],"wp:attachment":[{"href":"https:\/\/allwintheme.com\/es\/wp-json\/wp\/v2\/media?parent=12011"}],"wp:term":[{"taxonomy":"product_brand","embeddable":true,"href":"https:\/\/allwintheme.com\/es\/wp-json\/wp\/v2\/product_brand?post=12011"},{"taxonomy":"product_cat","embeddable":true,"href":"https:\/\/allwintheme.com\/es\/wp-json\/wp\/v2\/product_cat?post=12011"},{"taxonomy":"product_tag","embeddable":true,"href":"https:\/\/allwintheme.com\/es\/wp-json\/wp\/v2\/product_tag?post=12011"}],"curies":[{"name":"wp","href":"https:\/\/api.w.org\/{rel}","templated":true}]}}