{"id":12018,"date":"2025-10-29T12:32:05","date_gmt":"2025-10-29T12:32:05","guid":{"rendered":"https:\/\/allwintheme.com\/?post_type=product&#038;p=12018"},"modified":"2025-10-29T12:38:03","modified_gmt":"2025-10-29T12:38:03","slug":"autocompletar-direccion-de-google-para-woocommerce","status":"publish","type":"product","link":"https:\/\/allwintheme.com\/es\/producto\/autocompletar-direccion-de-google-para-woocommerce\/","title":{"rendered":"Autocompletar direcciones de Google para WooCommerce"},"content":{"rendered":"<div data-elementor-type=\"wp-post\" data-elementor-id=\"12018\" class=\"elementor elementor-12018\" data-elementor-settings=\"{&quot;element_pack_global_tooltip_width&quot;:{&quot;unit&quot;:&quot;px&quot;,&quot;size&quot;:&quot;&quot;,&quot;sizes&quot;:[]},&quot;element_pack_global_tooltip_width_tablet&quot;:{&quot;unit&quot;:&quot;px&quot;,&quot;size&quot;:&quot;&quot;,&quot;sizes&quot;:[]},&quot;element_pack_global_tooltip_width_mobile&quot;:{&quot;unit&quot;:&quot;px&quot;,&quot;size&quot;:&quot;&quot;,&quot;sizes&quot;:[]},&quot;element_pack_global_tooltip_padding&quot;:{&quot;unit&quot;:&quot;px&quot;,&quot;top&quot;:&quot;&quot;,&quot;right&quot;:&quot;&quot;,&quot;bottom&quot;:&quot;&quot;,&quot;left&quot;:&quot;&quot;,&quot;isLinked&quot;:true},&quot;element_pack_global_tooltip_padding_tablet&quot;:{&quot;unit&quot;:&quot;px&quot;,&quot;top&quot;:&quot;&quot;,&quot;right&quot;:&quot;&quot;,&quot;bottom&quot;:&quot;&quot;,&quot;left&quot;:&quot;&quot;,&quot;isLinked&quot;:true},&quot;element_pack_global_tooltip_padding_mobile&quot;:{&quot;unit&quot;:&quot;px&quot;,&quot;top&quot;:&quot;&quot;,&quot;right&quot;:&quot;&quot;,&quot;bottom&quot;:&quot;&quot;,&quot;left&quot;:&quot;&quot;,&quot;isLinked&quot;:true},&quot;element_pack_global_tooltip_border_radius&quot;:{&quot;unit&quot;:&quot;px&quot;,&quot;top&quot;:&quot;&quot;,&quot;right&quot;:&quot;&quot;,&quot;bottom&quot;:&quot;&quot;,&quot;left&quot;:&quot;&quot;,&quot;isLinked&quot;:true},&quot;element_pack_global_tooltip_border_radius_tablet&quot;:{&quot;unit&quot;:&quot;px&quot;,&quot;top&quot;:&quot;&quot;,&quot;right&quot;:&quot;&quot;,&quot;bottom&quot;:&quot;&quot;,&quot;left&quot;:&quot;&quot;,&quot;isLinked&quot;:true},&quot;element_pack_global_tooltip_border_radius_mobile&quot;:{&quot;unit&quot;:&quot;px&quot;,&quot;top&quot;:&quot;&quot;,&quot;right&quot;:&quot;&quot;,&quot;bottom&quot;:&quot;&quot;,&quot;left&quot;:&quot;&quot;,&quot;isLinked&quot;:true}}\" data-elementor-post-type=\"product\">\n\t\t\t\t<div class=\"wd-negative-gap elementor-element elementor-element-116794f e-flex e-con-boxed e-con e-parent\" data-id=\"116794f\" data-element_type=\"container\" data-e-type=\"container\">\n\t\t\t\t\t<div class=\"e-con-inner\">\n\t\t\t\t<div class=\"elementor-element elementor-element-03d2133 elementor-widget elementor-widget-wd_text_block\" data-id=\"03d2133\" data-element_type=\"widget\" data-e-type=\"widget\" data-widget_type=\"wd_text_block.default\">\n\t\t\t\t<div class=\"elementor-widget-container\">\n\t\t\t\t\t\t\t<div class=\"wd-text-block reset-last-child text-left\">\n\t\t\t\n\t\t\t<h2>Autocompletar direcciones de Google para WooCommerce<\/h2>\n<p>Google Address Autocomplete para WooCommerce ayuda a los propietarios de tiendas a acelerar el proceso de pago y reducir los errores de direcci\u00f3n. Al integrar la API de Google Places directamente en los campos de direcci\u00f3n, el plugin permite a los clientes seleccionar su ubicaci\u00f3n al instante mientras escriben.<\/p>\n\n<h3>Mejorar la experiencia de pago<\/h3>\n<p>Los clientes suelen abandonar sus carritos cuando el proceso de pago tarda demasiado. Con la funci\u00f3n de autocompletar direcciones, pueden completar los pedidos m\u00e1s r\u00e1pidamente y con mayor precisi\u00f3n. Adem\u00e1s, esta funci\u00f3n mejora la satisfacci\u00f3n del usuario y aumenta las tasas de conversi\u00f3n.<\/p>\n\n<h3>Integraci\u00f3n y configuraci\u00f3n sencillas<\/h3>\n<p>Puedes activar el plugin en unos pocos pasos y empezar a utilizar inmediatamente las sugerencias de direcciones verificadas de Google. Adem\u00e1s, puedes elegir qu\u00e9 campos habilitar y personalizar la apariencia para que coincida con el dise\u00f1o de tu tienda.<\/p>\n\n<h3>Aumente la precisi\u00f3n y reduzca las devoluciones<\/h3>\n<p>Las direcciones incorrectas suelen dar lugar a entregas fallidas y costes adicionales. Sin embargo, al utilizar las sugerencias en tiempo real de Google, te aseguras de que los clientes introducen direcciones v\u00e1lidas y formateadas, lo que te ayuda a evitar problemas de env\u00edo y a ahorrar tiempo.<\/p>\n\n<h3>Caracter\u00edsticas principales<\/h3>\n<ul>\n  <li>Sugerencias instant\u00e1neas de direcciones basadas en la API de Google Places<\/li>\n  <li>Pago m\u00e1s r\u00e1pido con menos campos de formulario<\/li>\n  <li>F\u00e1cil configuraci\u00f3n desde los ajustes de WooCommerce<\/li>\n  <li>Mejora la precisi\u00f3n de las entregas y reduce los env\u00edos fallidos<\/li>\n  <li>Admite direcciones internacionales para tiendas de todo el mundo<\/li>\n<\/ul>\n\n<p>Con Google Address Autocomplete para WooCommerce, su tienda puede ofrecer una experiencia de pago m\u00e1s fluida, aumentar la satisfacci\u00f3n del cliente y reducir los errores log\u00edsticos, todo ello manteniendo una interfaz profesional y f\u00e1cil de usar.<\/p>\n\t\t\t\t\t<\/div>\n\t\t\t\t\t\t<\/div>\n\t\t\t\t<\/div>\n\t\t\t\t\t<\/div>\n\t\t\t\t<\/div>\n\t\t<div class=\"wd-negative-gap elementor-element elementor-element-622c285 e-flex e-con-boxed e-con e-parent\" data-id=\"622c285\" data-element_type=\"container\" data-e-type=\"container\">\n\t\t\t\t\t<div class=\"e-con-inner\">\n\t\t\t\t<div class=\"elementor-element elementor-element-64102c7 elementor-widget elementor-widget-video\" data-id=\"64102c7\" data-element_type=\"widget\" data-e-type=\"widget\" data-settings=\"{&quot;youtube_url&quot;:&quot;https:\\\/\\\/youtu.be\\\/azXtmyX3T3Y&quot;,&quot;video_type&quot;:&quot;youtube&quot;,&quot;controls&quot;:&quot;yes&quot;}\" data-widget_type=\"video.default\">\n\t\t\t\t\t\t\t<div class=\"elementor-wrapper elementor-open-inline\">\n\t\t\t<div class=\"elementor-video\"><\/div>\t\t<\/div>\n\t\t\t\t\t\t<\/div>\n\t\t\t\t\t<\/div>\n\t\t\t\t<\/div>\n\t\t\t\t<\/div>","protected":false},"excerpt":{"rendered":"<p>Autocompletar direcciones de Google para WooCommerce Autocompletar direcciones de Google para WooCommerce ayuda a los propietarios de tiendas a acelerar el proceso de pago y a reducir los gastos de env\u00edo.<\/p>","protected":false},"featured_media":12019,"comment_status":"open","ping_status":"closed","template":"","meta":{"_acf_changed":false},"product_brand":[],"product_cat":[49],"product_tag":[],"class_list":{"0":"post-12018","1":"product","2":"type-product","3":"status-publish","4":"has-post-thumbnail","6":"product_cat-plugins","8":"first","9":"instock","10":"sale","11":"downloadable","12":"shipping-taxable","13":"purchasable","14":"product-type-simple"},"acf":[],"yoast_head":"<!-- This site is optimized with the Yoast SEO Premium plugin v25.6 (Yoast SEO v27.1.1) - https:\/\/yoast.com\/product\/yoast-seo-premium-wordpress\/ -->\n<title>Google Address Autocomplete for WooCommerce - AllWin Theme \u2013 Free WordPress Themes Download<\/title>\n<meta name=\"description\" content=\"Improve checkout speed and accuracy with Google Address Autocomplete for WooCommerce, helping customers enter addresses instantly.\" \/>\n<meta name=\"robots\" content=\"index, follow, max-snippet:-1, max-image-preview:large, max-video-preview:-1\" \/>\n<link rel=\"canonical\" href=\"https:\/\/allwintheme.com\/es\/producto\/autocompletar-direccion-de-google-para-woocommerce\/\" \/>\n<meta property=\"og:locale\" content=\"es_ES\" \/>\n<meta property=\"og:type\" content=\"article\" \/>\n<meta property=\"og:title\" content=\"Google Address Autocomplete for WooCommerce\" \/>\n<meta property=\"og:description\" content=\"Improve checkout speed and accuracy with Google Address Autocomplete for WooCommerce, helping customers enter addresses instantly.\" \/>\n<meta property=\"og:url\" content=\"https:\/\/allwintheme.com\/es\/producto\/autocompletar-direccion-de-google-para-woocommerce\/\" \/>\n<meta property=\"og:site_name\" content=\"AllWin Theme \u2013 Free WordPress Themes Download\" \/>\n<meta property=\"article:modified_time\" content=\"2025-10-29T12:38:03+00:00\" \/>\n<meta property=\"og:image\" content=\"https:\/\/allwintheme.com\/wp-content\/uploads\/2025\/10\/7lxj843y.png\" \/>\n\t<meta property=\"og:image:width\" content=\"768\" \/>\n\t<meta property=\"og:image:height\" content=\"368\" \/>\n\t<meta property=\"og:image:type\" content=\"image\/png\" \/>\n<meta name=\"twitter:card\" content=\"summary_large_image\" \/>\n<meta name=\"twitter:label1\" content=\"Tiempo estimado de lectura\" \/>\n\t<meta name=\"twitter:data1\" content=\"2 minutos\" \/>\n<script type=\"application\/ld+json\" class=\"yoast-schema-graph\">{\"@context\":\"https:\/\/schema.org\",\"@graph\":[{\"@type\":\"WebPage\",\"@id\":\"https:\/\/allwintheme.com\/product\/google-address-autocomplete-for-woocommerce\/\",\"url\":\"https:\/\/allwintheme.com\/product\/google-address-autocomplete-for-woocommerce\/\",\"name\":\"Google Address Autocomplete for WooCommerce - AllWin Theme \u2013 Free WordPress Themes Download\",\"isPartOf\":{\"@id\":\"https:\/\/allwintheme.com\/#website\"},\"primaryImageOfPage\":{\"@id\":\"https:\/\/allwintheme.com\/product\/google-address-autocomplete-for-woocommerce\/#primaryimage\"},\"image\":{\"@id\":\"https:\/\/allwintheme.com\/product\/google-address-autocomplete-for-woocommerce\/#primaryimage\"},\"thumbnailUrl\":\"https:\/\/allwintheme.com\/wp-content\/uploads\/2025\/10\/7lxj843y.png\",\"datePublished\":\"2025-10-29T12:32:05+00:00\",\"dateModified\":\"2025-10-29T12:38:03+00:00\",\"description\":\"Improve checkout speed and accuracy with Google Address Autocomplete for WooCommerce, helping customers enter addresses instantly.\",\"breadcrumb\":{\"@id\":\"https:\/\/allwintheme.com\/product\/google-address-autocomplete-for-woocommerce\/#breadcrumb\"},\"inLanguage\":\"es-CL\",\"potentialAction\":[{\"@type\":\"ReadAction\",\"target\":[\"https:\/\/allwintheme.com\/product\/google-address-autocomplete-for-woocommerce\/\"]}]},{\"@type\":\"ImageObject\",\"inLanguage\":\"es-CL\",\"@id\":\"https:\/\/allwintheme.com\/product\/google-address-autocomplete-for-woocommerce\/#primaryimage\",\"url\":\"https:\/\/allwintheme.com\/wp-content\/uploads\/2025\/10\/7lxj843y.png\",\"contentUrl\":\"https:\/\/allwintheme.com\/wp-content\/uploads\/2025\/10\/7lxj843y.png\",\"width\":768,\"height\":368,\"caption\":\"Google Address Autocomplete for WooCommerce\"},{\"@type\":\"BreadcrumbList\",\"@id\":\"https:\/\/allwintheme.com\/product\/google-address-autocomplete-for-woocommerce\/#breadcrumb\",\"itemListElement\":[{\"@type\":\"ListItem\",\"position\":1,\"name\":\"Home\",\"item\":\"https:\/\/allwintheme.com\/\"},{\"@type\":\"ListItem\",\"position\":2,\"name\":\"Shop\",\"item\":\"https:\/\/allwintheme.com\/shop\/\"},{\"@type\":\"ListItem\",\"position\":3,\"name\":\"Google Address Autocomplete for WooCommerce\"}]},{\"@type\":\"WebSite\",\"@id\":\"https:\/\/allwintheme.com\/#website\",\"url\":\"https:\/\/allwintheme.com\/\",\"name\":\"Allwintheme\",\"description\":\"Download free WordPress themes for every niche. Blogs, business, eCommerce, portfolio, restaurant and more. All themes are GPL licensed and mobile-ready.\",\"potentialAction\":[{\"@type\":\"SearchAction\",\"target\":{\"@type\":\"EntryPoint\",\"urlTemplate\":\"https:\/\/allwintheme.com\/?s={search_term_string}\"},\"query-input\":{\"@type\":\"PropertyValueSpecification\",\"valueRequired\":true,\"valueName\":\"search_term_string\"}}],\"inLanguage\":\"es-CL\"}]}<\/script>\n<!-- \/ Yoast SEO Premium plugin. -->","yoast_head_json":{"title":"Google Address Autocomplete for WooCommerce - AllWin Theme \u2013 Free WordPress Themes Download","description":"Mejore la velocidad y la precisi\u00f3n del proceso de pago con Google Address Autocomplete para WooCommerce, que ayuda a los clientes a introducir direcciones al instante.","robots":{"index":"index","follow":"follow","max-snippet":"max-snippet:-1","max-image-preview":"max-image-preview:large","max-video-preview":"max-video-preview:-1"},"canonical":"https:\/\/allwintheme.com\/es\/producto\/autocompletar-direccion-de-google-para-woocommerce\/","og_locale":"es_ES","og_type":"article","og_title":"Google Address Autocomplete for WooCommerce","og_description":"Improve checkout speed and accuracy with Google Address Autocomplete for WooCommerce, helping customers enter addresses instantly.","og_url":"https:\/\/allwintheme.com\/es\/producto\/autocompletar-direccion-de-google-para-woocommerce\/","og_site_name":"AllWin Theme \u2013 Free WordPress Themes Download","article_modified_time":"2025-10-29T12:38:03+00:00","og_image":[{"width":768,"height":368,"url":"https:\/\/allwintheme.com\/wp-content\/uploads\/2025\/10\/7lxj843y.png","type":"image\/png"}],"twitter_card":"summary_large_image","twitter_misc":{"Tiempo estimado de lectura":"2 minutos"},"schema":{"@context":"https:\/\/schema.org","@graph":[{"@type":"WebPage","@id":"https:\/\/allwintheme.com\/product\/google-address-autocomplete-for-woocommerce\/","url":"https:\/\/allwintheme.com\/product\/google-address-autocomplete-for-woocommerce\/","name":"Google Address Autocomplete for WooCommerce - AllWin Theme \u2013 Free WordPress Themes Download","isPartOf":{"@id":"https:\/\/allwintheme.com\/#website"},"primaryImageOfPage":{"@id":"https:\/\/allwintheme.com\/product\/google-address-autocomplete-for-woocommerce\/#primaryimage"},"image":{"@id":"https:\/\/allwintheme.com\/product\/google-address-autocomplete-for-woocommerce\/#primaryimage"},"thumbnailUrl":"https:\/\/allwintheme.com\/wp-content\/uploads\/2025\/10\/7lxj843y.png","datePublished":"2025-10-29T12:32:05+00:00","dateModified":"2025-10-29T12:38:03+00:00","description":"Mejore la velocidad y la precisi\u00f3n del proceso de pago con Google Address Autocomplete para WooCommerce, que ayuda a los clientes a introducir direcciones al instante.","breadcrumb":{"@id":"https:\/\/allwintheme.com\/product\/google-address-autocomplete-for-woocommerce\/#breadcrumb"},"inLanguage":"es-CL","potentialAction":[{"@type":"ReadAction","target":["https:\/\/allwintheme.com\/product\/google-address-autocomplete-for-woocommerce\/"]}]},{"@type":"ImageObject","inLanguage":"es-CL","@id":"https:\/\/allwintheme.com\/product\/google-address-autocomplete-for-woocommerce\/#primaryimage","url":"https:\/\/allwintheme.com\/wp-content\/uploads\/2025\/10\/7lxj843y.png","contentUrl":"https:\/\/allwintheme.com\/wp-content\/uploads\/2025\/10\/7lxj843y.png","width":768,"height":368,"caption":"Google Address Autocomplete for WooCommerce"},{"@type":"BreadcrumbList","@id":"https:\/\/allwintheme.com\/product\/google-address-autocomplete-for-woocommerce\/#breadcrumb","itemListElement":[{"@type":"ListItem","position":1,"name":"Home","item":"https:\/\/allwintheme.com\/"},{"@type":"ListItem","position":2,"name":"Shop","item":"https:\/\/allwintheme.com\/shop\/"},{"@type":"ListItem","position":3,"name":"Google Address Autocomplete for WooCommerce"}]},{"@type":"WebSite","@id":"https:\/\/allwintheme.com\/#website","url":"https:\/\/allwintheme.com\/","name":"Allwintheme","description":"Descarga gratis temas de WordPress para todos los nichos. Blogs, negocios, comercio electr\u00f3nico, portafolio, restaurante y m\u00e1s. Todos los temas tienen licencia GPL y est\u00e1n preparados para dispositivos m\u00f3viles.","potentialAction":[{"@type":"SearchAction","target":{"@type":"EntryPoint","urlTemplate":"https:\/\/allwintheme.com\/?s={search_term_string}"},"query-input":{"@type":"PropertyValueSpecification","valueRequired":true,"valueName":"search_term_string"}}],"inLanguage":"es-CL"}]}},"_links":{"self":[{"href":"https:\/\/allwintheme.com\/es\/wp-json\/wp\/v2\/product\/12018","targetHints":{"allow":["GET"]}}],"collection":[{"href":"https:\/\/allwintheme.com\/es\/wp-json\/wp\/v2\/product"}],"about":[{"href":"https:\/\/allwintheme.com\/es\/wp-json\/wp\/v2\/types\/product"}],"replies":[{"embeddable":true,"href":"https:\/\/allwintheme.com\/es\/wp-json\/wp\/v2\/comments?post=12018"}],"version-history":[{"count":5,"href":"https:\/\/allwintheme.com\/es\/wp-json\/wp\/v2\/product\/12018\/revisions"}],"predecessor-version":[{"id":12024,"href":"https:\/\/allwintheme.com\/es\/wp-json\/wp\/v2\/product\/12018\/revisions\/12024"}],"wp:featuredmedia":[{"embeddable":true,"href":"https:\/\/allwintheme.com\/es\/wp-json\/wp\/v2\/media\/12019"}],"wp:attachment":[{"href":"https:\/\/allwintheme.com\/es\/wp-json\/wp\/v2\/media?parent=12018"}],"wp:term":[{"taxonomy":"product_brand","embeddable":true,"href":"https:\/\/allwintheme.com\/es\/wp-json\/wp\/v2\/product_brand?post=12018"},{"taxonomy":"product_cat","embeddable":true,"href":"https:\/\/allwintheme.com\/es\/wp-json\/wp\/v2\/product_cat?post=12018"},{"taxonomy":"product_tag","embeddable":true,"href":"https:\/\/allwintheme.com\/es\/wp-json\/wp\/v2\/product_tag?post=12018"}],"curies":[{"name":"wp","href":"https:\/\/api.w.org\/{rel}","templated":true}]}}