{"id":12047,"date":"2025-10-29T13:19:57","date_gmt":"2025-10-29T13:19:57","guid":{"rendered":"https:\/\/allwintheme.com\/?post_type=product&#038;p=12047"},"modified":"2025-10-29T13:27:52","modified_gmt":"2025-10-29T13:27:52","slug":"google-tag-manager-para-woocommerce-pro","status":"publish","type":"product","link":"https:\/\/allwintheme.com\/es\/producto\/google-tag-manager-para-woocommerce-pro\/","title":{"rendered":"Google Tag Manager para WooCommerce Pro"},"content":{"rendered":"<div data-elementor-type=\"wp-post\" data-elementor-id=\"12047\" class=\"elementor elementor-12047\" data-elementor-settings=\"{&quot;element_pack_global_tooltip_width&quot;:{&quot;unit&quot;:&quot;px&quot;,&quot;size&quot;:&quot;&quot;,&quot;sizes&quot;:[]},&quot;element_pack_global_tooltip_width_tablet&quot;:{&quot;unit&quot;:&quot;px&quot;,&quot;size&quot;:&quot;&quot;,&quot;sizes&quot;:[]},&quot;element_pack_global_tooltip_width_mobile&quot;:{&quot;unit&quot;:&quot;px&quot;,&quot;size&quot;:&quot;&quot;,&quot;sizes&quot;:[]},&quot;element_pack_global_tooltip_padding&quot;:{&quot;unit&quot;:&quot;px&quot;,&quot;top&quot;:&quot;&quot;,&quot;right&quot;:&quot;&quot;,&quot;bottom&quot;:&quot;&quot;,&quot;left&quot;:&quot;&quot;,&quot;isLinked&quot;:true},&quot;element_pack_global_tooltip_padding_tablet&quot;:{&quot;unit&quot;:&quot;px&quot;,&quot;top&quot;:&quot;&quot;,&quot;right&quot;:&quot;&quot;,&quot;bottom&quot;:&quot;&quot;,&quot;left&quot;:&quot;&quot;,&quot;isLinked&quot;:true},&quot;element_pack_global_tooltip_padding_mobile&quot;:{&quot;unit&quot;:&quot;px&quot;,&quot;top&quot;:&quot;&quot;,&quot;right&quot;:&quot;&quot;,&quot;bottom&quot;:&quot;&quot;,&quot;left&quot;:&quot;&quot;,&quot;isLinked&quot;:true},&quot;element_pack_global_tooltip_border_radius&quot;:{&quot;unit&quot;:&quot;px&quot;,&quot;top&quot;:&quot;&quot;,&quot;right&quot;:&quot;&quot;,&quot;bottom&quot;:&quot;&quot;,&quot;left&quot;:&quot;&quot;,&quot;isLinked&quot;:true},&quot;element_pack_global_tooltip_border_radius_tablet&quot;:{&quot;unit&quot;:&quot;px&quot;,&quot;top&quot;:&quot;&quot;,&quot;right&quot;:&quot;&quot;,&quot;bottom&quot;:&quot;&quot;,&quot;left&quot;:&quot;&quot;,&quot;isLinked&quot;:true},&quot;element_pack_global_tooltip_border_radius_mobile&quot;:{&quot;unit&quot;:&quot;px&quot;,&quot;top&quot;:&quot;&quot;,&quot;right&quot;:&quot;&quot;,&quot;bottom&quot;:&quot;&quot;,&quot;left&quot;:&quot;&quot;,&quot;isLinked&quot;:true}}\" data-elementor-post-type=\"product\">\n\t\t\t\t<div class=\"wd-negative-gap elementor-element elementor-element-116794f e-flex e-con-boxed e-con e-parent\" data-id=\"116794f\" data-element_type=\"container\" data-e-type=\"container\">\n\t\t\t\t\t<div class=\"e-con-inner\">\n\t\t\t\t<div class=\"elementor-element elementor-element-03d2133 elementor-widget elementor-widget-wd_text_block\" data-id=\"03d2133\" data-element_type=\"widget\" data-e-type=\"widget\" data-widget_type=\"wd_text_block.default\">\n\t\t\t\t<div class=\"elementor-widget-container\">\n\t\t\t\t\t\t\t<div class=\"wd-text-block reset-last-child text-left\">\n\t\t\t\n\t\t\t<h2>Google Tag Manager para WooCommerce Pro<\/h2>\n<p>Google Tag Manager para WooCommerce Pro ofrece a los propietarios de tiendas un control total sobre las etiquetas de marketing y el seguimiento sin necesidad de editar ning\u00fan c\u00f3digo. Con esta potente herramienta, puede gestionar los an\u00e1lisis, realizar un seguimiento del comportamiento de los clientes y optimizar las conversiones directamente desde una interfaz f\u00e1cil de usar.<\/p>\n\n<h3>Control total del seguimiento<\/h3>\n<p>En lugar de depender de desarrolladores, puede a\u00f1adir y actualizar etiquetas al instante. Adem\u00e1s, puede realizar un seguimiento en tiempo real de los eventos de a\u00f1adir al carrito, las p\u00e1ginas vistas, los pasos de pago y las compras realizadas. Como resultado, todas las decisiones de marketing se basan en datos.<\/p>\n\n<h3>Optimice las conversiones con precisi\u00f3n<\/h3>\n<p>Gracias al seguimiento mejorado del comercio electr\u00f3nico, podr\u00e1 ver exactamente c\u00f3mo interact\u00faan los clientes con su tienda. Adem\u00e1s, el plugin se conecta a la perfecci\u00f3n con Google Analytics, el p\u00edxel de Facebook y otras herramientas de marketing, lo que le permite medir el ROI en todas las campa\u00f1as.<\/p>\n\n<h3>Integraci\u00f3n y configuraci\u00f3n sencillas<\/h3>\n<p>Puedes instalar y configurar etiquetas de seguimiento a trav\u00e9s de un panel visual. Adem\u00e1s, el plugin env\u00eda autom\u00e1ticamente los eventos clave de WooCommerce a Google Tag Manager, lo que te ayuda a ahorrar tiempo a la vez que mejora la precisi\u00f3n del seguimiento.<\/p>\n\n<h3>Caracter\u00edsticas principales<\/h3>\n<ul>\n  <li>Seguimiento avanzado de eventos de comercio electr\u00f3nico<\/li>\n  <li>Integraci\u00f3n con un solo clic en las herramientas de marketing m\u00e1s populares<\/li>\n  <li>No requiere codificaci\u00f3n<\/li>\n  <li>Informaci\u00f3n sobre el rendimiento en tiempo real<\/li>\n  <li>Admite campa\u00f1as de remarketing y conversi\u00f3n<\/li>\n<\/ul>\n\n<p>Al utilizar Google Tag Manager para WooCommerce Pro, obtendr\u00e1 informaci\u00f3n m\u00e1s detallada sobre el comportamiento de los clientes, mejorar\u00e1 el rendimiento publicitario y aumentar\u00e1 sus ventas online con un seguimiento y una automatizaci\u00f3n m\u00e1s inteligentes.<\/p>\n\t\t\t\t\t<\/div>\n\t\t\t\t\t\t<\/div>\n\t\t\t\t<\/div>\n\t\t\t\t\t<\/div>\n\t\t\t\t<\/div>\n\t\t<div class=\"wd-negative-gap elementor-element elementor-element-622c285 e-flex e-con-boxed e-con e-parent\" data-id=\"622c285\" data-element_type=\"container\" data-e-type=\"container\">\n\t\t\t\t\t<div class=\"e-con-inner\">\n\t\t\t\t<div class=\"elementor-element elementor-element-64102c7 elementor-widget elementor-widget-video\" data-id=\"64102c7\" data-element_type=\"widget\" data-e-type=\"widget\" data-settings=\"{&quot;youtube_url&quot;:&quot;https:\\\/\\\/youtu.be\\\/5s5_tCGuKu4&quot;,&quot;video_type&quot;:&quot;youtube&quot;,&quot;controls&quot;:&quot;yes&quot;}\" data-widget_type=\"video.default\">\n\t\t\t\t\t\t\t<div class=\"elementor-wrapper elementor-open-inline\">\n\t\t\t<div class=\"elementor-video\"><\/div>\t\t<\/div>\n\t\t\t\t\t\t<\/div>\n\t\t\t\t\t<\/div>\n\t\t\t\t<\/div>\n\t\t\t\t<\/div>","protected":false},"excerpt":{"rendered":"<p>Google Tag Manager for WooCommerce Pro Google Tag Manager for WooCommerce Pro gives store owners full control over marketing tags<\/p>","protected":false},"featured_media":12048,"comment_status":"open","ping_status":"closed","template":"","meta":{"_acf_changed":false},"product_brand":[],"product_cat":[49],"product_tag":[],"class_list":{"0":"post-12047","1":"product","2":"type-product","3":"status-publish","4":"has-post-thumbnail","6":"product_cat-plugins","8":"first","9":"instock","10":"sale","11":"downloadable","12":"shipping-taxable","13":"purchasable","14":"product-type-simple"},"acf":[],"yoast_head":"<!-- This site is optimized with the Yoast SEO Premium plugin v25.6 (Yoast SEO v27.1.1) - https:\/\/yoast.com\/product\/yoast-seo-premium-wordpress\/ -->\n<title>Google Tag Manager for WooCommerce Pro - AllWin Theme \u2013 Free WordPress Themes Download<\/title>\n<meta name=\"description\" content=\"Boost tracking accuracy and sales performance with Google Tag Manager for WooCommerce Pro\u2014easy setup, advanced analytics, real-time event tracking.\" \/>\n<meta name=\"robots\" content=\"index, follow, max-snippet:-1, max-image-preview:large, max-video-preview:-1\" \/>\n<link rel=\"canonical\" href=\"https:\/\/allwintheme.com\/es\/producto\/google-tag-manager-para-woocommerce-pro\/\" \/>\n<meta property=\"og:locale\" content=\"es_ES\" \/>\n<meta property=\"og:type\" content=\"article\" \/>\n<meta property=\"og:title\" content=\"Google Tag Manager for WooCommerce Pro\" \/>\n<meta property=\"og:description\" content=\"Boost tracking accuracy and sales performance with Google Tag Manager for WooCommerce Pro\u2014easy setup, advanced analytics, real-time event tracking.\" \/>\n<meta property=\"og:url\" content=\"https:\/\/allwintheme.com\/es\/producto\/google-tag-manager-para-woocommerce-pro\/\" \/>\n<meta property=\"og:site_name\" content=\"AllWin Theme \u2013 Free WordPress Themes Download\" \/>\n<meta property=\"article:modified_time\" content=\"2025-10-29T13:27:52+00:00\" \/>\n<meta property=\"og:image\" content=\"https:\/\/allwintheme.com\/wp-content\/uploads\/2025\/10\/6zlwz3a7.png\" \/>\n\t<meta property=\"og:image:width\" content=\"590\" \/>\n\t<meta property=\"og:image:height\" content=\"300\" \/>\n\t<meta property=\"og:image:type\" content=\"image\/png\" \/>\n<meta name=\"twitter:card\" content=\"summary_large_image\" \/>\n<meta name=\"twitter:label1\" content=\"Tiempo estimado de lectura\" \/>\n\t<meta name=\"twitter:data1\" content=\"2 minutos\" \/>\n<script type=\"application\/ld+json\" class=\"yoast-schema-graph\">{\"@context\":\"https:\/\/schema.org\",\"@graph\":[{\"@type\":\"WebPage\",\"@id\":\"https:\/\/allwintheme.com\/product\/google-tag-manager-for-woocommerce-pro\/\",\"url\":\"https:\/\/allwintheme.com\/product\/google-tag-manager-for-woocommerce-pro\/\",\"name\":\"Google Tag Manager for WooCommerce Pro - AllWin Theme \u2013 Free WordPress Themes Download\",\"isPartOf\":{\"@id\":\"https:\/\/allwintheme.com\/#website\"},\"primaryImageOfPage\":{\"@id\":\"https:\/\/allwintheme.com\/product\/google-tag-manager-for-woocommerce-pro\/#primaryimage\"},\"image\":{\"@id\":\"https:\/\/allwintheme.com\/product\/google-tag-manager-for-woocommerce-pro\/#primaryimage\"},\"thumbnailUrl\":\"https:\/\/allwintheme.com\/wp-content\/uploads\/2025\/10\/6zlwz3a7.png\",\"datePublished\":\"2025-10-29T13:19:57+00:00\",\"dateModified\":\"2025-10-29T13:27:52+00:00\",\"description\":\"Boost tracking accuracy and sales performance with Google Tag Manager for WooCommerce Pro\u2014easy setup, advanced analytics, real-time event tracking.\",\"breadcrumb\":{\"@id\":\"https:\/\/allwintheme.com\/product\/google-tag-manager-for-woocommerce-pro\/#breadcrumb\"},\"inLanguage\":\"es-CL\",\"potentialAction\":[{\"@type\":\"ReadAction\",\"target\":[\"https:\/\/allwintheme.com\/product\/google-tag-manager-for-woocommerce-pro\/\"]}]},{\"@type\":\"ImageObject\",\"inLanguage\":\"es-CL\",\"@id\":\"https:\/\/allwintheme.com\/product\/google-tag-manager-for-woocommerce-pro\/#primaryimage\",\"url\":\"https:\/\/allwintheme.com\/wp-content\/uploads\/2025\/10\/6zlwz3a7.png\",\"contentUrl\":\"https:\/\/allwintheme.com\/wp-content\/uploads\/2025\/10\/6zlwz3a7.png\",\"width\":590,\"height\":300,\"caption\":\"Google Tag Manager for WooCommerce Pro\"},{\"@type\":\"BreadcrumbList\",\"@id\":\"https:\/\/allwintheme.com\/product\/google-tag-manager-for-woocommerce-pro\/#breadcrumb\",\"itemListElement\":[{\"@type\":\"ListItem\",\"position\":1,\"name\":\"Home\",\"item\":\"https:\/\/allwintheme.com\/\"},{\"@type\":\"ListItem\",\"position\":2,\"name\":\"Shop\",\"item\":\"https:\/\/allwintheme.com\/shop\/\"},{\"@type\":\"ListItem\",\"position\":3,\"name\":\"Google Tag Manager for WooCommerce Pro\"}]},{\"@type\":\"WebSite\",\"@id\":\"https:\/\/allwintheme.com\/#website\",\"url\":\"https:\/\/allwintheme.com\/\",\"name\":\"Allwintheme\",\"description\":\"Download free WordPress themes for every niche. Blogs, business, eCommerce, portfolio, restaurant and more. All themes are GPL licensed and mobile-ready.\",\"potentialAction\":[{\"@type\":\"SearchAction\",\"target\":{\"@type\":\"EntryPoint\",\"urlTemplate\":\"https:\/\/allwintheme.com\/?s={search_term_string}\"},\"query-input\":{\"@type\":\"PropertyValueSpecification\",\"valueRequired\":true,\"valueName\":\"search_term_string\"}}],\"inLanguage\":\"es-CL\"}]}<\/script>\n<!-- \/ Yoast SEO Premium plugin. -->","yoast_head_json":{"title":"Google Tag Manager for WooCommerce Pro - AllWin Theme \u2013 Free WordPress Themes Download","description":"Aumente la precisi\u00f3n del seguimiento y el rendimiento de las ventas con Google Tag Manager para WooCommerce Pro: configuraci\u00f3n sencilla, an\u00e1lisis avanzados y seguimiento de eventos en tiempo real.","robots":{"index":"index","follow":"follow","max-snippet":"max-snippet:-1","max-image-preview":"max-image-preview:large","max-video-preview":"max-video-preview:-1"},"canonical":"https:\/\/allwintheme.com\/es\/producto\/google-tag-manager-para-woocommerce-pro\/","og_locale":"es_ES","og_type":"article","og_title":"Google Tag Manager for WooCommerce Pro","og_description":"Boost tracking accuracy and sales performance with Google Tag Manager for WooCommerce Pro\u2014easy setup, advanced analytics, real-time event tracking.","og_url":"https:\/\/allwintheme.com\/es\/producto\/google-tag-manager-para-woocommerce-pro\/","og_site_name":"AllWin Theme \u2013 Free WordPress Themes Download","article_modified_time":"2025-10-29T13:27:52+00:00","og_image":[{"width":590,"height":300,"url":"https:\/\/allwintheme.com\/wp-content\/uploads\/2025\/10\/6zlwz3a7.png","type":"image\/png"}],"twitter_card":"summary_large_image","twitter_misc":{"Tiempo estimado de lectura":"2 minutos"},"schema":{"@context":"https:\/\/schema.org","@graph":[{"@type":"WebPage","@id":"https:\/\/allwintheme.com\/product\/google-tag-manager-for-woocommerce-pro\/","url":"https:\/\/allwintheme.com\/product\/google-tag-manager-for-woocommerce-pro\/","name":"Google Tag Manager for WooCommerce Pro - AllWin Theme \u2013 Free WordPress Themes Download","isPartOf":{"@id":"https:\/\/allwintheme.com\/#website"},"primaryImageOfPage":{"@id":"https:\/\/allwintheme.com\/product\/google-tag-manager-for-woocommerce-pro\/#primaryimage"},"image":{"@id":"https:\/\/allwintheme.com\/product\/google-tag-manager-for-woocommerce-pro\/#primaryimage"},"thumbnailUrl":"https:\/\/allwintheme.com\/wp-content\/uploads\/2025\/10\/6zlwz3a7.png","datePublished":"2025-10-29T13:19:57+00:00","dateModified":"2025-10-29T13:27:52+00:00","description":"Aumente la precisi\u00f3n del seguimiento y el rendimiento de las ventas con Google Tag Manager para WooCommerce Pro: configuraci\u00f3n sencilla, an\u00e1lisis avanzados y seguimiento de eventos en tiempo real.","breadcrumb":{"@id":"https:\/\/allwintheme.com\/product\/google-tag-manager-for-woocommerce-pro\/#breadcrumb"},"inLanguage":"es-CL","potentialAction":[{"@type":"ReadAction","target":["https:\/\/allwintheme.com\/product\/google-tag-manager-for-woocommerce-pro\/"]}]},{"@type":"ImageObject","inLanguage":"es-CL","@id":"https:\/\/allwintheme.com\/product\/google-tag-manager-for-woocommerce-pro\/#primaryimage","url":"https:\/\/allwintheme.com\/wp-content\/uploads\/2025\/10\/6zlwz3a7.png","contentUrl":"https:\/\/allwintheme.com\/wp-content\/uploads\/2025\/10\/6zlwz3a7.png","width":590,"height":300,"caption":"Google Tag Manager for WooCommerce Pro"},{"@type":"BreadcrumbList","@id":"https:\/\/allwintheme.com\/product\/google-tag-manager-for-woocommerce-pro\/#breadcrumb","itemListElement":[{"@type":"ListItem","position":1,"name":"Home","item":"https:\/\/allwintheme.com\/"},{"@type":"ListItem","position":2,"name":"Shop","item":"https:\/\/allwintheme.com\/shop\/"},{"@type":"ListItem","position":3,"name":"Google Tag Manager for WooCommerce Pro"}]},{"@type":"WebSite","@id":"https:\/\/allwintheme.com\/#website","url":"https:\/\/allwintheme.com\/","name":"Allwintheme","description":"Descarga gratis temas de WordPress para todos los nichos. Blogs, negocios, comercio electr\u00f3nico, portafolio, restaurante y m\u00e1s. Todos los temas tienen licencia GPL y est\u00e1n preparados para dispositivos m\u00f3viles.","potentialAction":[{"@type":"SearchAction","target":{"@type":"EntryPoint","urlTemplate":"https:\/\/allwintheme.com\/?s={search_term_string}"},"query-input":{"@type":"PropertyValueSpecification","valueRequired":true,"valueName":"search_term_string"}}],"inLanguage":"es-CL"}]}},"_links":{"self":[{"href":"https:\/\/allwintheme.com\/es\/wp-json\/wp\/v2\/product\/12047","targetHints":{"allow":["GET"]}}],"collection":[{"href":"https:\/\/allwintheme.com\/es\/wp-json\/wp\/v2\/product"}],"about":[{"href":"https:\/\/allwintheme.com\/es\/wp-json\/wp\/v2\/types\/product"}],"replies":[{"embeddable":true,"href":"https:\/\/allwintheme.com\/es\/wp-json\/wp\/v2\/comments?post=12047"}],"version-history":[{"count":5,"href":"https:\/\/allwintheme.com\/es\/wp-json\/wp\/v2\/product\/12047\/revisions"}],"predecessor-version":[{"id":12053,"href":"https:\/\/allwintheme.com\/es\/wp-json\/wp\/v2\/product\/12047\/revisions\/12053"}],"wp:featuredmedia":[{"embeddable":true,"href":"https:\/\/allwintheme.com\/es\/wp-json\/wp\/v2\/media\/12048"}],"wp:attachment":[{"href":"https:\/\/allwintheme.com\/es\/wp-json\/wp\/v2\/media?parent=12047"}],"wp:term":[{"taxonomy":"product_brand","embeddable":true,"href":"https:\/\/allwintheme.com\/es\/wp-json\/wp\/v2\/product_brand?post=12047"},{"taxonomy":"product_cat","embeddable":true,"href":"https:\/\/allwintheme.com\/es\/wp-json\/wp\/v2\/product_cat?post=12047"},{"taxonomy":"product_tag","embeddable":true,"href":"https:\/\/allwintheme.com\/es\/wp-json\/wp\/v2\/product_tag?post=12047"}],"curies":[{"name":"wp","href":"https:\/\/api.w.org\/{rel}","templated":true}]}}