{"id":12054,"date":"2025-10-29T13:28:06","date_gmt":"2025-10-29T13:28:06","guid":{"rendered":"https:\/\/allwintheme.com\/?post_type=product&#038;p=12054"},"modified":"2025-10-29T13:39:35","modified_gmt":"2025-10-29T13:39:35","slug":"generador-de-palabras-clave-relacionadas-de-google","status":"publish","type":"product","link":"https:\/\/allwintheme.com\/es\/producto\/generador-de-palabras-clave-relacionadas-de-google\/","title":{"rendered":"Generador de palabras clave relacionadas de Google"},"content":{"rendered":"<div data-elementor-type=\"wp-post\" data-elementor-id=\"12054\" class=\"elementor elementor-12054\" data-elementor-settings=\"{&quot;element_pack_global_tooltip_width&quot;:{&quot;unit&quot;:&quot;px&quot;,&quot;size&quot;:&quot;&quot;,&quot;sizes&quot;:[]},&quot;element_pack_global_tooltip_width_tablet&quot;:{&quot;unit&quot;:&quot;px&quot;,&quot;size&quot;:&quot;&quot;,&quot;sizes&quot;:[]},&quot;element_pack_global_tooltip_width_mobile&quot;:{&quot;unit&quot;:&quot;px&quot;,&quot;size&quot;:&quot;&quot;,&quot;sizes&quot;:[]},&quot;element_pack_global_tooltip_padding&quot;:{&quot;unit&quot;:&quot;px&quot;,&quot;top&quot;:&quot;&quot;,&quot;right&quot;:&quot;&quot;,&quot;bottom&quot;:&quot;&quot;,&quot;left&quot;:&quot;&quot;,&quot;isLinked&quot;:true},&quot;element_pack_global_tooltip_padding_tablet&quot;:{&quot;unit&quot;:&quot;px&quot;,&quot;top&quot;:&quot;&quot;,&quot;right&quot;:&quot;&quot;,&quot;bottom&quot;:&quot;&quot;,&quot;left&quot;:&quot;&quot;,&quot;isLinked&quot;:true},&quot;element_pack_global_tooltip_padding_mobile&quot;:{&quot;unit&quot;:&quot;px&quot;,&quot;top&quot;:&quot;&quot;,&quot;right&quot;:&quot;&quot;,&quot;bottom&quot;:&quot;&quot;,&quot;left&quot;:&quot;&quot;,&quot;isLinked&quot;:true},&quot;element_pack_global_tooltip_border_radius&quot;:{&quot;unit&quot;:&quot;px&quot;,&quot;top&quot;:&quot;&quot;,&quot;right&quot;:&quot;&quot;,&quot;bottom&quot;:&quot;&quot;,&quot;left&quot;:&quot;&quot;,&quot;isLinked&quot;:true},&quot;element_pack_global_tooltip_border_radius_tablet&quot;:{&quot;unit&quot;:&quot;px&quot;,&quot;top&quot;:&quot;&quot;,&quot;right&quot;:&quot;&quot;,&quot;bottom&quot;:&quot;&quot;,&quot;left&quot;:&quot;&quot;,&quot;isLinked&quot;:true},&quot;element_pack_global_tooltip_border_radius_mobile&quot;:{&quot;unit&quot;:&quot;px&quot;,&quot;top&quot;:&quot;&quot;,&quot;right&quot;:&quot;&quot;,&quot;bottom&quot;:&quot;&quot;,&quot;left&quot;:&quot;&quot;,&quot;isLinked&quot;:true}}\" data-elementor-post-type=\"product\">\n\t\t\t\t<div class=\"wd-negative-gap elementor-element elementor-element-116794f e-flex e-con-boxed e-con e-parent\" data-id=\"116794f\" data-element_type=\"container\" data-e-type=\"container\">\n\t\t\t\t\t<div class=\"e-con-inner\">\n\t\t\t\t<div class=\"elementor-element elementor-element-03d2133 elementor-widget elementor-widget-wd_text_block\" data-id=\"03d2133\" data-element_type=\"widget\" data-e-type=\"widget\" data-widget_type=\"wd_text_block.default\">\n\t\t\t\t<div class=\"elementor-widget-container\">\n\t\t\t\t\t\t\t<div class=\"wd-text-block reset-last-child text-left\">\n\t\t\t\n\t\t\t<h2>Generador de palabras clave relacionadas de Google<\/h2>\n<p>El Generador de palabras clave relacionadas de Google ayuda a los profesionales del marketing, bloggers y SEO a encontrar ideas potentes para palabras clave en cuesti\u00f3n de segundos. Mediante el uso de datos de b\u00fasqueda reales, la herramienta descubre t\u00e9rminos que la gente busca activamente en Google, lo que le da una clara ventaja en la planificaci\u00f3n de contenidos y la estrategia SEO.<\/p>\n\n<h3>Impulse su SEO con informaci\u00f3n real sobre las b\u00fasquedas de los usuarios<\/h3>\n<p>En lugar de adivinar lo que busca su p\u00fablico, puede descubrir palabras clave que reflejan directamente la intenci\u00f3n del usuario. Adem\u00e1s, la herramienta analiza t\u00e9rminos relacionados, palabras clave de cola larga y frases que marcan tendencia, lo que te permite dirigirte f\u00e1cilmente a un tr\u00e1fico de alta conversi\u00f3n.<\/p>\n\n<h3>R\u00e1pido y f\u00e1cil de usar<\/h3>\n<p>Basta con introducir una palabra clave semilla para generar cientos de sugerencias al instante. Adem\u00e1s, la interfaz intuitiva facilita el filtrado, la organizaci\u00f3n y la exportaci\u00f3n de las palabras clave para su uso en entradas de blog, anuncios o p\u00e1ginas de destino.<\/p>\n\n<h3>Dise\u00f1ado para crecer<\/h3>\n<p>La herramienta proporciona m\u00e9tricas valiosas como la relevancia de b\u00fasqueda y el potencial de palabras clave. Adem\u00e1s, le ayuda a identificar lagunas de contenido y nuevas oportunidades de clasificaci\u00f3n. Como resultado, su sitio web gana m\u00e1s visibilidad, mejores posiciones y un tr\u00e1fico org\u00e1nico constante.<\/p>\n\n<h3>Principales ventajas<\/h3>\n<ul>\n  <li>Sugerencias de palabras clave relacionadas en tiempo real<\/li>\n  <li>Palabras clave de cola larga para aumentar las conversiones<\/li>\n  <li>Flujo de trabajo de b\u00fasqueda de palabras clave sencillo y r\u00e1pido<\/li>\n  <li>Perfecto para blogueros, vendedores y agencias de SEO<\/li>\n  <li>Mejora la clasificaci\u00f3n en las b\u00fasquedas y el alcance org\u00e1nico<\/li>\n<\/ul>\n\n<p>Empieza a utilizar el Generador de palabras clave relacionadas de Google hoy mismo y convierte la informaci\u00f3n de b\u00fasqueda en tr\u00e1fico, clientes potenciales y crecimiento empresarial a largo plazo.<\/p>\n\t\t\t\t\t<\/div>\n\t\t\t\t\t\t<\/div>\n\t\t\t\t<\/div>\n\t\t\t\t\t<\/div>\n\t\t\t\t<\/div>\n\t\t<div class=\"wd-negative-gap elementor-element elementor-element-622c285 e-flex e-con-boxed e-con e-parent\" data-id=\"622c285\" data-element_type=\"container\" data-e-type=\"container\">\n\t\t\t\t\t<div class=\"e-con-inner\">\n\t\t\t\t<div class=\"elementor-element elementor-element-64102c7 elementor-widget elementor-widget-video\" data-id=\"64102c7\" data-element_type=\"widget\" data-e-type=\"widget\" data-settings=\"{&quot;youtube_url&quot;:&quot;https:\\\/\\\/youtu.be\\\/Hn8R9nxB1GU&quot;,&quot;video_type&quot;:&quot;youtube&quot;,&quot;controls&quot;:&quot;yes&quot;}\" data-widget_type=\"video.default\">\n\t\t\t\t\t\t\t<div class=\"elementor-wrapper elementor-open-inline\">\n\t\t\t<div class=\"elementor-video\"><\/div>\t\t<\/div>\n\t\t\t\t\t\t<\/div>\n\t\t\t\t\t<\/div>\n\t\t\t\t<\/div>\n\t\t\t\t<\/div>","protected":false},"excerpt":{"rendered":"<p>Google Related Keywords Generator Google Related Keywords Generator helps marketers, bloggers, and SEO professionals find powerful keyword ideas in seconds.<\/p>","protected":false},"featured_media":12055,"comment_status":"open","ping_status":"closed","template":"","meta":{"_acf_changed":false},"product_brand":[],"product_cat":[49],"product_tag":[],"class_list":{"0":"post-12054","1":"product","2":"type-product","3":"status-publish","4":"has-post-thumbnail","6":"product_cat-plugins","8":"first","9":"instock","10":"sale","11":"downloadable","12":"shipping-taxable","13":"purchasable","14":"product-type-simple"},"acf":[],"yoast_head":"<!-- This site is optimized with the Yoast SEO Premium plugin v25.6 (Yoast SEO v27.1.1) - https:\/\/yoast.com\/product\/yoast-seo-premium-wordpress\/ -->\n<title>Google Related Keywords Generator - AllWin Theme \u2013 Free WordPress Themes Download<\/title>\n<meta name=\"description\" content=\"Discover high-traffic keyword ideas with Google Related Keywords Generator to boost SEO rankings and attract targeted visitors.\" \/>\n<meta name=\"robots\" content=\"index, follow, max-snippet:-1, max-image-preview:large, max-video-preview:-1\" \/>\n<link rel=\"canonical\" href=\"https:\/\/allwintheme.com\/es\/producto\/generador-de-palabras-clave-relacionadas-de-google\/\" \/>\n<meta property=\"og:locale\" content=\"es_ES\" \/>\n<meta property=\"og:type\" content=\"article\" \/>\n<meta property=\"og:title\" content=\"Google Related Keywords Generator\" \/>\n<meta property=\"og:description\" content=\"Discover high-traffic keyword ideas with Google Related Keywords Generator to boost SEO rankings and attract targeted visitors.\" \/>\n<meta property=\"og:url\" content=\"https:\/\/allwintheme.com\/es\/producto\/generador-de-palabras-clave-relacionadas-de-google\/\" \/>\n<meta property=\"og:site_name\" content=\"AllWin Theme \u2013 Free WordPress Themes Download\" \/>\n<meta property=\"article:modified_time\" content=\"2025-10-29T13:39:35+00:00\" \/>\n<meta property=\"og:image\" content=\"https:\/\/allwintheme.com\/wp-content\/uploads\/2025\/10\/zrwqkpb8.png\" \/>\n\t<meta property=\"og:image:width\" content=\"590\" \/>\n\t<meta property=\"og:image:height\" content=\"300\" \/>\n\t<meta property=\"og:image:type\" content=\"image\/png\" \/>\n<meta name=\"twitter:card\" content=\"summary_large_image\" \/>\n<meta name=\"twitter:label1\" content=\"Tiempo estimado de lectura\" \/>\n\t<meta name=\"twitter:data1\" content=\"2 minutos\" \/>\n<script type=\"application\/ld+json\" class=\"yoast-schema-graph\">{\"@context\":\"https:\/\/schema.org\",\"@graph\":[{\"@type\":\"WebPage\",\"@id\":\"https:\/\/allwintheme.com\/product\/google-related-keywords-generator\/\",\"url\":\"https:\/\/allwintheme.com\/product\/google-related-keywords-generator\/\",\"name\":\"Google Related Keywords Generator - AllWin Theme \u2013 Free WordPress Themes Download\",\"isPartOf\":{\"@id\":\"https:\/\/allwintheme.com\/#website\"},\"primaryImageOfPage\":{\"@id\":\"https:\/\/allwintheme.com\/product\/google-related-keywords-generator\/#primaryimage\"},\"image\":{\"@id\":\"https:\/\/allwintheme.com\/product\/google-related-keywords-generator\/#primaryimage\"},\"thumbnailUrl\":\"https:\/\/allwintheme.com\/wp-content\/uploads\/2025\/10\/zrwqkpb8.png\",\"datePublished\":\"2025-10-29T13:28:06+00:00\",\"dateModified\":\"2025-10-29T13:39:35+00:00\",\"description\":\"Discover high-traffic keyword ideas with Google Related Keywords Generator to boost SEO rankings and attract targeted visitors.\",\"breadcrumb\":{\"@id\":\"https:\/\/allwintheme.com\/product\/google-related-keywords-generator\/#breadcrumb\"},\"inLanguage\":\"es-CL\",\"potentialAction\":[{\"@type\":\"ReadAction\",\"target\":[\"https:\/\/allwintheme.com\/product\/google-related-keywords-generator\/\"]}]},{\"@type\":\"ImageObject\",\"inLanguage\":\"es-CL\",\"@id\":\"https:\/\/allwintheme.com\/product\/google-related-keywords-generator\/#primaryimage\",\"url\":\"https:\/\/allwintheme.com\/wp-content\/uploads\/2025\/10\/zrwqkpb8.png\",\"contentUrl\":\"https:\/\/allwintheme.com\/wp-content\/uploads\/2025\/10\/zrwqkpb8.png\",\"width\":590,\"height\":300,\"caption\":\"Google Related Keywords Generator\"},{\"@type\":\"BreadcrumbList\",\"@id\":\"https:\/\/allwintheme.com\/product\/google-related-keywords-generator\/#breadcrumb\",\"itemListElement\":[{\"@type\":\"ListItem\",\"position\":1,\"name\":\"Home\",\"item\":\"https:\/\/allwintheme.com\/\"},{\"@type\":\"ListItem\",\"position\":2,\"name\":\"Shop\",\"item\":\"https:\/\/allwintheme.com\/shop\/\"},{\"@type\":\"ListItem\",\"position\":3,\"name\":\"Google Related Keywords Generator\"}]},{\"@type\":\"WebSite\",\"@id\":\"https:\/\/allwintheme.com\/#website\",\"url\":\"https:\/\/allwintheme.com\/\",\"name\":\"Allwintheme\",\"description\":\"Download free WordPress themes for every niche. Blogs, business, eCommerce, portfolio, restaurant and more. All themes are GPL licensed and mobile-ready.\",\"potentialAction\":[{\"@type\":\"SearchAction\",\"target\":{\"@type\":\"EntryPoint\",\"urlTemplate\":\"https:\/\/allwintheme.com\/?s={search_term_string}\"},\"query-input\":{\"@type\":\"PropertyValueSpecification\",\"valueRequired\":true,\"valueName\":\"search_term_string\"}}],\"inLanguage\":\"es-CL\"}]}<\/script>\n<!-- \/ Yoast SEO Premium plugin. -->","yoast_head_json":{"title":"Google Related Keywords Generator - AllWin Theme - Free WordPress Themes Download","description":"Descubra ideas de palabras clave de alto tr\u00e1fico con el Generador de palabras clave relacionadas de Google para mejorar la clasificaci\u00f3n SEO y atraer a visitantes espec\u00edficos.","robots":{"index":"index","follow":"follow","max-snippet":"max-snippet:-1","max-image-preview":"max-image-preview:large","max-video-preview":"max-video-preview:-1"},"canonical":"https:\/\/allwintheme.com\/es\/producto\/generador-de-palabras-clave-relacionadas-de-google\/","og_locale":"es_ES","og_type":"article","og_title":"Google Related Keywords Generator","og_description":"Discover high-traffic keyword ideas with Google Related Keywords Generator to boost SEO rankings and attract targeted visitors.","og_url":"https:\/\/allwintheme.com\/es\/producto\/generador-de-palabras-clave-relacionadas-de-google\/","og_site_name":"AllWin Theme \u2013 Free WordPress Themes Download","article_modified_time":"2025-10-29T13:39:35+00:00","og_image":[{"width":590,"height":300,"url":"https:\/\/allwintheme.com\/wp-content\/uploads\/2025\/10\/zrwqkpb8.png","type":"image\/png"}],"twitter_card":"summary_large_image","twitter_misc":{"Tiempo estimado de lectura":"2 minutos"},"schema":{"@context":"https:\/\/schema.org","@graph":[{"@type":"WebPage","@id":"https:\/\/allwintheme.com\/product\/google-related-keywords-generator\/","url":"https:\/\/allwintheme.com\/product\/google-related-keywords-generator\/","name":"Google Related Keywords Generator - AllWin Theme - Free WordPress Themes Download","isPartOf":{"@id":"https:\/\/allwintheme.com\/#website"},"primaryImageOfPage":{"@id":"https:\/\/allwintheme.com\/product\/google-related-keywords-generator\/#primaryimage"},"image":{"@id":"https:\/\/allwintheme.com\/product\/google-related-keywords-generator\/#primaryimage"},"thumbnailUrl":"https:\/\/allwintheme.com\/wp-content\/uploads\/2025\/10\/zrwqkpb8.png","datePublished":"2025-10-29T13:28:06+00:00","dateModified":"2025-10-29T13:39:35+00:00","description":"Descubra ideas de palabras clave de alto tr\u00e1fico con el Generador de palabras clave relacionadas de Google para mejorar la clasificaci\u00f3n SEO y atraer a visitantes espec\u00edficos.","breadcrumb":{"@id":"https:\/\/allwintheme.com\/product\/google-related-keywords-generator\/#breadcrumb"},"inLanguage":"es-CL","potentialAction":[{"@type":"ReadAction","target":["https:\/\/allwintheme.com\/product\/google-related-keywords-generator\/"]}]},{"@type":"ImageObject","inLanguage":"es-CL","@id":"https:\/\/allwintheme.com\/product\/google-related-keywords-generator\/#primaryimage","url":"https:\/\/allwintheme.com\/wp-content\/uploads\/2025\/10\/zrwqkpb8.png","contentUrl":"https:\/\/allwintheme.com\/wp-content\/uploads\/2025\/10\/zrwqkpb8.png","width":590,"height":300,"caption":"Google Related Keywords Generator"},{"@type":"BreadcrumbList","@id":"https:\/\/allwintheme.com\/product\/google-related-keywords-generator\/#breadcrumb","itemListElement":[{"@type":"ListItem","position":1,"name":"Home","item":"https:\/\/allwintheme.com\/"},{"@type":"ListItem","position":2,"name":"Shop","item":"https:\/\/allwintheme.com\/shop\/"},{"@type":"ListItem","position":3,"name":"Google Related Keywords Generator"}]},{"@type":"WebSite","@id":"https:\/\/allwintheme.com\/#website","url":"https:\/\/allwintheme.com\/","name":"Allwintheme","description":"Descarga gratis temas de WordPress para todos los nichos. Blogs, negocios, comercio electr\u00f3nico, portafolio, restaurante y m\u00e1s. Todos los temas tienen licencia GPL y est\u00e1n preparados para dispositivos m\u00f3viles.","potentialAction":[{"@type":"SearchAction","target":{"@type":"EntryPoint","urlTemplate":"https:\/\/allwintheme.com\/?s={search_term_string}"},"query-input":{"@type":"PropertyValueSpecification","valueRequired":true,"valueName":"search_term_string"}}],"inLanguage":"es-CL"}]}},"_links":{"self":[{"href":"https:\/\/allwintheme.com\/es\/wp-json\/wp\/v2\/product\/12054","targetHints":{"allow":["GET"]}}],"collection":[{"href":"https:\/\/allwintheme.com\/es\/wp-json\/wp\/v2\/product"}],"about":[{"href":"https:\/\/allwintheme.com\/es\/wp-json\/wp\/v2\/types\/product"}],"replies":[{"embeddable":true,"href":"https:\/\/allwintheme.com\/es\/wp-json\/wp\/v2\/comments?post=12054"}],"version-history":[{"count":5,"href":"https:\/\/allwintheme.com\/es\/wp-json\/wp\/v2\/product\/12054\/revisions"}],"predecessor-version":[{"id":12060,"href":"https:\/\/allwintheme.com\/es\/wp-json\/wp\/v2\/product\/12054\/revisions\/12060"}],"wp:featuredmedia":[{"embeddable":true,"href":"https:\/\/allwintheme.com\/es\/wp-json\/wp\/v2\/media\/12055"}],"wp:attachment":[{"href":"https:\/\/allwintheme.com\/es\/wp-json\/wp\/v2\/media?parent=12054"}],"wp:term":[{"taxonomy":"product_brand","embeddable":true,"href":"https:\/\/allwintheme.com\/es\/wp-json\/wp\/v2\/product_brand?post=12054"},{"taxonomy":"product_cat","embeddable":true,"href":"https:\/\/allwintheme.com\/es\/wp-json\/wp\/v2\/product_cat?post=12054"},{"taxonomy":"product_tag","embeddable":true,"href":"https:\/\/allwintheme.com\/es\/wp-json\/wp\/v2\/product_tag?post=12054"}],"curies":[{"name":"wp","href":"https:\/\/api.w.org\/{rel}","templated":true}]}}