{"id":12061,"date":"2025-10-29T13:39:53","date_gmt":"2025-10-29T13:39:53","guid":{"rendered":"https:\/\/allwintheme.com\/?post_type=product&#038;p=12061"},"modified":"2025-10-29T13:45:09","modified_gmt":"2025-10-29T13:45:09","slug":"google-drive-embedder-enterprise","status":"publish","type":"product","link":"https:\/\/allwintheme.com\/es\/producto\/google-drive-embedder-enterprise\/","title":{"rendered":"Google Drive Embedder para empresas"},"content":{"rendered":"<div data-elementor-type=\"wp-post\" data-elementor-id=\"12061\" class=\"elementor elementor-12061\" data-elementor-settings=\"{&quot;element_pack_global_tooltip_width&quot;:{&quot;unit&quot;:&quot;px&quot;,&quot;size&quot;:&quot;&quot;,&quot;sizes&quot;:[]},&quot;element_pack_global_tooltip_width_tablet&quot;:{&quot;unit&quot;:&quot;px&quot;,&quot;size&quot;:&quot;&quot;,&quot;sizes&quot;:[]},&quot;element_pack_global_tooltip_width_mobile&quot;:{&quot;unit&quot;:&quot;px&quot;,&quot;size&quot;:&quot;&quot;,&quot;sizes&quot;:[]},&quot;element_pack_global_tooltip_padding&quot;:{&quot;unit&quot;:&quot;px&quot;,&quot;top&quot;:&quot;&quot;,&quot;right&quot;:&quot;&quot;,&quot;bottom&quot;:&quot;&quot;,&quot;left&quot;:&quot;&quot;,&quot;isLinked&quot;:true},&quot;element_pack_global_tooltip_padding_tablet&quot;:{&quot;unit&quot;:&quot;px&quot;,&quot;top&quot;:&quot;&quot;,&quot;right&quot;:&quot;&quot;,&quot;bottom&quot;:&quot;&quot;,&quot;left&quot;:&quot;&quot;,&quot;isLinked&quot;:true},&quot;element_pack_global_tooltip_padding_mobile&quot;:{&quot;unit&quot;:&quot;px&quot;,&quot;top&quot;:&quot;&quot;,&quot;right&quot;:&quot;&quot;,&quot;bottom&quot;:&quot;&quot;,&quot;left&quot;:&quot;&quot;,&quot;isLinked&quot;:true},&quot;element_pack_global_tooltip_border_radius&quot;:{&quot;unit&quot;:&quot;px&quot;,&quot;top&quot;:&quot;&quot;,&quot;right&quot;:&quot;&quot;,&quot;bottom&quot;:&quot;&quot;,&quot;left&quot;:&quot;&quot;,&quot;isLinked&quot;:true},&quot;element_pack_global_tooltip_border_radius_tablet&quot;:{&quot;unit&quot;:&quot;px&quot;,&quot;top&quot;:&quot;&quot;,&quot;right&quot;:&quot;&quot;,&quot;bottom&quot;:&quot;&quot;,&quot;left&quot;:&quot;&quot;,&quot;isLinked&quot;:true},&quot;element_pack_global_tooltip_border_radius_mobile&quot;:{&quot;unit&quot;:&quot;px&quot;,&quot;top&quot;:&quot;&quot;,&quot;right&quot;:&quot;&quot;,&quot;bottom&quot;:&quot;&quot;,&quot;left&quot;:&quot;&quot;,&quot;isLinked&quot;:true}}\" data-elementor-post-type=\"product\">\n\t\t\t\t<div class=\"wd-negative-gap elementor-element elementor-element-116794f e-flex e-con-boxed e-con e-parent\" data-id=\"116794f\" data-element_type=\"container\" data-e-type=\"container\">\n\t\t\t\t\t<div class=\"e-con-inner\">\n\t\t\t\t<div class=\"elementor-element elementor-element-03d2133 elementor-widget elementor-widget-wd_text_block\" data-id=\"03d2133\" data-element_type=\"widget\" data-e-type=\"widget\" data-widget_type=\"wd_text_block.default\">\n\t\t\t\t<div class=\"elementor-widget-container\">\n\t\t\t\t\t\t\t<div class=\"wd-text-block reset-last-child text-left\">\n\t\t\t\n\t\t\t<h2>Google Drive Embedder para empresas<\/h2>\n<p>Google Drive Embedder Enterprise le permite integrar sus archivos de Google Drive directamente en su sitio web con s\u00f3lo unos clics. Esta potente herramienta ayuda a las empresas a gestionar documentos, presentaciones y carpetas de forma segura a la vez que mejora el flujo de trabajo y la colaboraci\u00f3n.<\/p>\n\n<h3>Dise\u00f1ado para la eficiencia empresarial<\/h3>\n<p>Muchas organizaciones luchan por mantener los archivos accesibles en todos los equipos. Google Drive Embedder Enterprise resuelve este problema al ofrecer incrustaci\u00f3n de archivos en tiempo real y acceso centralizado. Como resultado, su equipo puede ver y gestionar archivos directamente en su sitio sin cambiar de plataforma.<\/p>\n\n<h3>Integraci\u00f3n y control sin fisuras<\/h3>\n<p>Puede incrustar documentos, hojas de c\u00e1lculo y v\u00eddeos al instante. Adem\u00e1s, puede controlar los permisos de los usuarios, restringir los niveles de acceso y garantizar que s\u00f3lo los usuarios autorizados puedan ver los contenidos confidenciales. Adem\u00e1s, el sistema mantiene los archivos actualizados autom\u00e1ticamente, lo que elimina la necesidad de cargarlos manualmente.<\/p>\n\n<h3>Aumente la productividad y la seguridad<\/h3>\n<p>Al integrar Google Drive directamente en tu infraestructura digital, agilizas la comunicaci\u00f3n y reduces la duplicaci\u00f3n de archivos. Adem\u00e1s, el cifrado de nivel empresarial protege tus datos, lo que te da total confianza a la hora de compartir documentos con equipos o clientes.<\/p>\n\n<h3>Caracter\u00edsticas principales<\/h3>\n<ul>\n  <li>Incrustaci\u00f3n directa de archivos de Google Drive<\/li>\n  <li>Control avanzado de permisos y accesos<\/li>\n  <li>Sincronizaci\u00f3n y actualizaci\u00f3n autom\u00e1tica de archivos<\/li>\n  <li>Seguridad y cifrado de nivel empresarial<\/li>\n  <li>Admite documentos, presentaciones, im\u00e1genes y v\u00eddeos<\/li>\n<\/ul>\n\n<p>Con Google Drive Embedder Enterprise, tu organizaci\u00f3n puede centralizar documentos, mejorar la colaboraci\u00f3n y mantener un control total sobre los datos, todo ello ofreciendo una experiencia de usuario fluida en todos los dispositivos.<\/p>\n\t\t\t\t\t<\/div>\n\t\t\t\t\t\t<\/div>\n\t\t\t\t<\/div>\n\t\t\t\t\t<\/div>\n\t\t\t\t<\/div>\n\t\t<div class=\"wd-negative-gap elementor-element elementor-element-622c285 e-flex e-con-boxed e-con e-parent\" data-id=\"622c285\" data-element_type=\"container\" data-e-type=\"container\">\n\t\t\t\t\t<div class=\"e-con-inner\">\n\t\t\t\t<div class=\"elementor-element elementor-element-64102c7 elementor-widget elementor-widget-video\" data-id=\"64102c7\" data-element_type=\"widget\" data-e-type=\"widget\" data-settings=\"{&quot;youtube_url&quot;:&quot;https:\\\/\\\/youtu.be\\\/wcpjcFJIOko&quot;,&quot;video_type&quot;:&quot;youtube&quot;,&quot;controls&quot;:&quot;yes&quot;}\" data-widget_type=\"video.default\">\n\t\t\t\t\t\t\t<div class=\"elementor-wrapper elementor-open-inline\">\n\t\t\t<div class=\"elementor-video\"><\/div>\t\t<\/div>\n\t\t\t\t\t\t<\/div>\n\t\t\t\t\t<\/div>\n\t\t\t\t<\/div>\n\t\t\t\t<\/div>","protected":false},"excerpt":{"rendered":"<p>Google Drive Embedder Enterprise Google Drive Embedder Enterprise allows you to integrate your Google Drive files directly into your website<\/p>","protected":false},"featured_media":12062,"comment_status":"open","ping_status":"closed","template":"","meta":{"_acf_changed":false},"product_brand":[],"product_cat":[49],"product_tag":[],"class_list":{"0":"post-12061","1":"product","2":"type-product","3":"status-publish","4":"has-post-thumbnail","6":"product_cat-plugins","8":"first","9":"instock","10":"sale","11":"downloadable","12":"shipping-taxable","13":"purchasable","14":"product-type-simple"},"acf":[],"yoast_head":"<!-- This site is optimized with the Yoast SEO Premium plugin v25.6 (Yoast SEO v27.1.1) - https:\/\/yoast.com\/product\/yoast-seo-premium-wordpress\/ -->\n<title>Google Drive Embedder Enterprise - AllWin Theme \u2013 Free WordPress Themes Download<\/title>\n<meta name=\"description\" content=\"Seamlessly integrate Google Drive into your website with enterprise-level security and advanced file management.\" \/>\n<meta name=\"robots\" content=\"index, follow, max-snippet:-1, max-image-preview:large, max-video-preview:-1\" \/>\n<link rel=\"canonical\" href=\"https:\/\/allwintheme.com\/es\/producto\/google-drive-embedder-enterprise\/\" \/>\n<meta property=\"og:locale\" content=\"es_ES\" \/>\n<meta property=\"og:type\" content=\"article\" \/>\n<meta property=\"og:title\" content=\"Google Drive Embedder Enterprise\" \/>\n<meta property=\"og:description\" content=\"Seamlessly integrate Google Drive into your website with enterprise-level security and advanced file management.\" \/>\n<meta property=\"og:url\" content=\"https:\/\/allwintheme.com\/es\/producto\/google-drive-embedder-enterprise\/\" \/>\n<meta property=\"og:site_name\" content=\"AllWin Theme \u2013 Free WordPress Themes Download\" \/>\n<meta property=\"article:modified_time\" content=\"2025-10-29T13:45:09+00:00\" \/>\n<meta property=\"og:image\" content=\"https:\/\/allwintheme.com\/wp-content\/uploads\/2025\/10\/l0mk5j6v.png\" \/>\n\t<meta property=\"og:image:width\" content=\"768\" \/>\n\t<meta property=\"og:image:height\" content=\"449\" \/>\n\t<meta property=\"og:image:type\" content=\"image\/png\" \/>\n<meta name=\"twitter:card\" content=\"summary_large_image\" \/>\n<meta name=\"twitter:label1\" content=\"Tiempo estimado de lectura\" \/>\n\t<meta name=\"twitter:data1\" content=\"2 minutos\" \/>\n<script type=\"application\/ld+json\" class=\"yoast-schema-graph\">{\"@context\":\"https:\/\/schema.org\",\"@graph\":[{\"@type\":\"WebPage\",\"@id\":\"https:\/\/allwintheme.com\/product\/google-drive-embedder-enterprise\/\",\"url\":\"https:\/\/allwintheme.com\/product\/google-drive-embedder-enterprise\/\",\"name\":\"Google Drive Embedder Enterprise - AllWin Theme \u2013 Free WordPress Themes Download\",\"isPartOf\":{\"@id\":\"https:\/\/allwintheme.com\/#website\"},\"primaryImageOfPage\":{\"@id\":\"https:\/\/allwintheme.com\/product\/google-drive-embedder-enterprise\/#primaryimage\"},\"image\":{\"@id\":\"https:\/\/allwintheme.com\/product\/google-drive-embedder-enterprise\/#primaryimage\"},\"thumbnailUrl\":\"https:\/\/allwintheme.com\/wp-content\/uploads\/2025\/10\/l0mk5j6v.png\",\"datePublished\":\"2025-10-29T13:39:53+00:00\",\"dateModified\":\"2025-10-29T13:45:09+00:00\",\"description\":\"Seamlessly integrate Google Drive into your website with enterprise-level security and advanced file management.\",\"breadcrumb\":{\"@id\":\"https:\/\/allwintheme.com\/product\/google-drive-embedder-enterprise\/#breadcrumb\"},\"inLanguage\":\"es-CL\",\"potentialAction\":[{\"@type\":\"ReadAction\",\"target\":[\"https:\/\/allwintheme.com\/product\/google-drive-embedder-enterprise\/\"]}]},{\"@type\":\"ImageObject\",\"inLanguage\":\"es-CL\",\"@id\":\"https:\/\/allwintheme.com\/product\/google-drive-embedder-enterprise\/#primaryimage\",\"url\":\"https:\/\/allwintheme.com\/wp-content\/uploads\/2025\/10\/l0mk5j6v.png\",\"contentUrl\":\"https:\/\/allwintheme.com\/wp-content\/uploads\/2025\/10\/l0mk5j6v.png\",\"width\":768,\"height\":449,\"caption\":\"Google Drive Embedder Enterprise\"},{\"@type\":\"BreadcrumbList\",\"@id\":\"https:\/\/allwintheme.com\/product\/google-drive-embedder-enterprise\/#breadcrumb\",\"itemListElement\":[{\"@type\":\"ListItem\",\"position\":1,\"name\":\"Home\",\"item\":\"https:\/\/allwintheme.com\/\"},{\"@type\":\"ListItem\",\"position\":2,\"name\":\"Shop\",\"item\":\"https:\/\/allwintheme.com\/shop\/\"},{\"@type\":\"ListItem\",\"position\":3,\"name\":\"Google Drive Embedder Enterprise\"}]},{\"@type\":\"WebSite\",\"@id\":\"https:\/\/allwintheme.com\/#website\",\"url\":\"https:\/\/allwintheme.com\/\",\"name\":\"Allwintheme\",\"description\":\"Download free WordPress themes for every niche. Blogs, business, eCommerce, portfolio, restaurant and more. All themes are GPL licensed and mobile-ready.\",\"potentialAction\":[{\"@type\":\"SearchAction\",\"target\":{\"@type\":\"EntryPoint\",\"urlTemplate\":\"https:\/\/allwintheme.com\/?s={search_term_string}\"},\"query-input\":{\"@type\":\"PropertyValueSpecification\",\"valueRequired\":true,\"valueName\":\"search_term_string\"}}],\"inLanguage\":\"es-CL\"}]}<\/script>\n<!-- \/ Yoast SEO Premium plugin. -->","yoast_head_json":{"title":"Google Drive Embedder Enterprise - AllWin Theme \u2013 Free WordPress Themes Download","description":"Integra perfectamente Google Drive en tu sitio web con seguridad de nivel empresarial y gesti\u00f3n avanzada de archivos.","robots":{"index":"index","follow":"follow","max-snippet":"max-snippet:-1","max-image-preview":"max-image-preview:large","max-video-preview":"max-video-preview:-1"},"canonical":"https:\/\/allwintheme.com\/es\/producto\/google-drive-embedder-enterprise\/","og_locale":"es_ES","og_type":"article","og_title":"Google Drive Embedder Enterprise","og_description":"Seamlessly integrate Google Drive into your website with enterprise-level security and advanced file management.","og_url":"https:\/\/allwintheme.com\/es\/producto\/google-drive-embedder-enterprise\/","og_site_name":"AllWin Theme \u2013 Free WordPress Themes Download","article_modified_time":"2025-10-29T13:45:09+00:00","og_image":[{"width":768,"height":449,"url":"https:\/\/allwintheme.com\/wp-content\/uploads\/2025\/10\/l0mk5j6v.png","type":"image\/png"}],"twitter_card":"summary_large_image","twitter_misc":{"Tiempo estimado de lectura":"2 minutos"},"schema":{"@context":"https:\/\/schema.org","@graph":[{"@type":"WebPage","@id":"https:\/\/allwintheme.com\/product\/google-drive-embedder-enterprise\/","url":"https:\/\/allwintheme.com\/product\/google-drive-embedder-enterprise\/","name":"Google Drive Embedder Enterprise - AllWin Theme \u2013 Free WordPress Themes Download","isPartOf":{"@id":"https:\/\/allwintheme.com\/#website"},"primaryImageOfPage":{"@id":"https:\/\/allwintheme.com\/product\/google-drive-embedder-enterprise\/#primaryimage"},"image":{"@id":"https:\/\/allwintheme.com\/product\/google-drive-embedder-enterprise\/#primaryimage"},"thumbnailUrl":"https:\/\/allwintheme.com\/wp-content\/uploads\/2025\/10\/l0mk5j6v.png","datePublished":"2025-10-29T13:39:53+00:00","dateModified":"2025-10-29T13:45:09+00:00","description":"Integra perfectamente Google Drive en tu sitio web con seguridad de nivel empresarial y gesti\u00f3n avanzada de archivos.","breadcrumb":{"@id":"https:\/\/allwintheme.com\/product\/google-drive-embedder-enterprise\/#breadcrumb"},"inLanguage":"es-CL","potentialAction":[{"@type":"ReadAction","target":["https:\/\/allwintheme.com\/product\/google-drive-embedder-enterprise\/"]}]},{"@type":"ImageObject","inLanguage":"es-CL","@id":"https:\/\/allwintheme.com\/product\/google-drive-embedder-enterprise\/#primaryimage","url":"https:\/\/allwintheme.com\/wp-content\/uploads\/2025\/10\/l0mk5j6v.png","contentUrl":"https:\/\/allwintheme.com\/wp-content\/uploads\/2025\/10\/l0mk5j6v.png","width":768,"height":449,"caption":"Google Drive Embedder Enterprise"},{"@type":"BreadcrumbList","@id":"https:\/\/allwintheme.com\/product\/google-drive-embedder-enterprise\/#breadcrumb","itemListElement":[{"@type":"ListItem","position":1,"name":"Home","item":"https:\/\/allwintheme.com\/"},{"@type":"ListItem","position":2,"name":"Shop","item":"https:\/\/allwintheme.com\/shop\/"},{"@type":"ListItem","position":3,"name":"Google Drive Embedder Enterprise"}]},{"@type":"WebSite","@id":"https:\/\/allwintheme.com\/#website","url":"https:\/\/allwintheme.com\/","name":"Allwintheme","description":"Descarga gratis temas de WordPress para todos los nichos. Blogs, negocios, comercio electr\u00f3nico, portafolio, restaurante y m\u00e1s. Todos los temas tienen licencia GPL y est\u00e1n preparados para dispositivos m\u00f3viles.","potentialAction":[{"@type":"SearchAction","target":{"@type":"EntryPoint","urlTemplate":"https:\/\/allwintheme.com\/?s={search_term_string}"},"query-input":{"@type":"PropertyValueSpecification","valueRequired":true,"valueName":"search_term_string"}}],"inLanguage":"es-CL"}]}},"_links":{"self":[{"href":"https:\/\/allwintheme.com\/es\/wp-json\/wp\/v2\/product\/12061","targetHints":{"allow":["GET"]}}],"collection":[{"href":"https:\/\/allwintheme.com\/es\/wp-json\/wp\/v2\/product"}],"about":[{"href":"https:\/\/allwintheme.com\/es\/wp-json\/wp\/v2\/types\/product"}],"replies":[{"embeddable":true,"href":"https:\/\/allwintheme.com\/es\/wp-json\/wp\/v2\/comments?post=12061"}],"version-history":[{"count":5,"href":"https:\/\/allwintheme.com\/es\/wp-json\/wp\/v2\/product\/12061\/revisions"}],"predecessor-version":[{"id":12067,"href":"https:\/\/allwintheme.com\/es\/wp-json\/wp\/v2\/product\/12061\/revisions\/12067"}],"wp:featuredmedia":[{"embeddable":true,"href":"https:\/\/allwintheme.com\/es\/wp-json\/wp\/v2\/media\/12062"}],"wp:attachment":[{"href":"https:\/\/allwintheme.com\/es\/wp-json\/wp\/v2\/media?parent=12061"}],"wp:term":[{"taxonomy":"product_brand","embeddable":true,"href":"https:\/\/allwintheme.com\/es\/wp-json\/wp\/v2\/product_brand?post=12061"},{"taxonomy":"product_cat","embeddable":true,"href":"https:\/\/allwintheme.com\/es\/wp-json\/wp\/v2\/product_cat?post=12061"},{"taxonomy":"product_tag","embeddable":true,"href":"https:\/\/allwintheme.com\/es\/wp-json\/wp\/v2\/product_tag?post=12061"}],"curies":[{"name":"wp","href":"https:\/\/api.w.org\/{rel}","templated":true}]}}