{"id":12068,"date":"2025-10-29T13:46:34","date_gmt":"2025-10-29T13:46:34","guid":{"rendered":"https:\/\/allwintheme.com\/?post_type=product&#038;p=12068"},"modified":"2025-10-29T13:51:29","modified_gmt":"2025-10-29T13:51:29","slug":"directorio-de-google-apps-para-empresas","status":"publish","type":"product","link":"https:\/\/allwintheme.com\/es\/producto\/directorio-de-google-apps-para-empresas\/","title":{"rendered":"Directorio de Google Apps para empresas"},"content":{"rendered":"<div data-elementor-type=\"wp-post\" data-elementor-id=\"12068\" class=\"elementor elementor-12068\" data-elementor-settings=\"{&quot;element_pack_global_tooltip_width&quot;:{&quot;unit&quot;:&quot;px&quot;,&quot;size&quot;:&quot;&quot;,&quot;sizes&quot;:[]},&quot;element_pack_global_tooltip_width_tablet&quot;:{&quot;unit&quot;:&quot;px&quot;,&quot;size&quot;:&quot;&quot;,&quot;sizes&quot;:[]},&quot;element_pack_global_tooltip_width_mobile&quot;:{&quot;unit&quot;:&quot;px&quot;,&quot;size&quot;:&quot;&quot;,&quot;sizes&quot;:[]},&quot;element_pack_global_tooltip_padding&quot;:{&quot;unit&quot;:&quot;px&quot;,&quot;top&quot;:&quot;&quot;,&quot;right&quot;:&quot;&quot;,&quot;bottom&quot;:&quot;&quot;,&quot;left&quot;:&quot;&quot;,&quot;isLinked&quot;:true},&quot;element_pack_global_tooltip_padding_tablet&quot;:{&quot;unit&quot;:&quot;px&quot;,&quot;top&quot;:&quot;&quot;,&quot;right&quot;:&quot;&quot;,&quot;bottom&quot;:&quot;&quot;,&quot;left&quot;:&quot;&quot;,&quot;isLinked&quot;:true},&quot;element_pack_global_tooltip_padding_mobile&quot;:{&quot;unit&quot;:&quot;px&quot;,&quot;top&quot;:&quot;&quot;,&quot;right&quot;:&quot;&quot;,&quot;bottom&quot;:&quot;&quot;,&quot;left&quot;:&quot;&quot;,&quot;isLinked&quot;:true},&quot;element_pack_global_tooltip_border_radius&quot;:{&quot;unit&quot;:&quot;px&quot;,&quot;top&quot;:&quot;&quot;,&quot;right&quot;:&quot;&quot;,&quot;bottom&quot;:&quot;&quot;,&quot;left&quot;:&quot;&quot;,&quot;isLinked&quot;:true},&quot;element_pack_global_tooltip_border_radius_tablet&quot;:{&quot;unit&quot;:&quot;px&quot;,&quot;top&quot;:&quot;&quot;,&quot;right&quot;:&quot;&quot;,&quot;bottom&quot;:&quot;&quot;,&quot;left&quot;:&quot;&quot;,&quot;isLinked&quot;:true},&quot;element_pack_global_tooltip_border_radius_mobile&quot;:{&quot;unit&quot;:&quot;px&quot;,&quot;top&quot;:&quot;&quot;,&quot;right&quot;:&quot;&quot;,&quot;bottom&quot;:&quot;&quot;,&quot;left&quot;:&quot;&quot;,&quot;isLinked&quot;:true}}\" data-elementor-post-type=\"product\">\n\t\t\t\t<div class=\"wd-negative-gap elementor-element elementor-element-116794f e-flex e-con-boxed e-con e-parent\" data-id=\"116794f\" data-element_type=\"container\" data-e-type=\"container\">\n\t\t\t\t\t<div class=\"e-con-inner\">\n\t\t\t\t<div class=\"elementor-element elementor-element-03d2133 elementor-widget elementor-widget-wd_text_block\" data-id=\"03d2133\" data-element_type=\"widget\" data-e-type=\"widget\" data-widget_type=\"wd_text_block.default\">\n\t\t\t\t<div class=\"elementor-widget-container\">\n\t\t\t\t\t\t\t<div class=\"wd-text-block reset-last-child text-left\">\n\t\t\t\n\t\t\t<h2>Directorio de Google Apps para empresas<\/h2>\n<p>Google Apps Directory Enterprise proporciona a las organizaciones una potente plataforma para gestionar usuarios, aplicaciones y permisos de acceso desde una ubicaci\u00f3n segura. Con sus herramientas de nivel empresarial, puedes agilizar las operaciones y garantizar el control total de tu entorno digital.<\/p>\n\n<h3>Gesti\u00f3n centralizada de usuarios y aplicaciones<\/h3>\n<p>Esta soluci\u00f3n facilita la organizaci\u00f3n de las cuentas de usuario, la asignaci\u00f3n de funciones y el control del acceso en tiempo real. Adem\u00e1s, puede integrar m\u00faltiples aplicaciones empresariales y gestionarlo todo desde un panel unificado, lo que mejora la eficacia operativa y reduce la carga de trabajo administrativo.<\/p>\n\n<h3>Seguridad y conformidad avanzadas<\/h3>\n<p>La seguridad sigue siendo una prioridad para las empresas modernas. Por ello, Google Apps Directory Enterprise incluye autenticaci\u00f3n multifactor, aplicaci\u00f3n de pol\u00edticas y herramientas de cumplimiento automatizadas que protegen los datos confidenciales y respaldan las normativas del sector.<\/p>\n\n<h3>Escalable para empresas en crecimiento<\/h3>\n<p>A medida que su organizaci\u00f3n crece, la plataforma se ampl\u00eda sin esfuerzo. Adem\u00e1s, admite un n\u00famero ilimitado de grupos de usuarios, flujos de trabajo personalizados e integraciones API, lo que permite a su equipo inform\u00e1tico adaptarse r\u00e1pidamente a los nuevos requisitos empresariales.<\/p>\n\n<h3>Caracter\u00edsticas principales<\/h3>\n<ul>\n  <li>Gesti\u00f3n centralizada de directorios<\/li>\n  <li>Aprovisionamiento de usuarios en tiempo real<\/li>\n  <li>Controles de acceso seguros<\/li>\n  <li>Escalabilidad basada en la nube<\/li>\n  <li>Compatible con las normas de cumplimiento y protecci\u00f3n de datos<\/li>\n<\/ul>\n\n<p>Al elegir Google Apps Directory Enterprise, tu empresa obtiene visibilidad total, mayor seguridad y un marco escalable que admite la transformaci\u00f3n digital en todos los departamentos.<\/p>\n\t\t\t\t\t<\/div>\n\t\t\t\t\t\t<\/div>\n\t\t\t\t<\/div>\n\t\t\t\t\t<\/div>\n\t\t\t\t<\/div>\n\t\t<div class=\"wd-negative-gap elementor-element elementor-element-622c285 e-flex e-con-boxed e-con e-parent\" data-id=\"622c285\" data-element_type=\"container\" data-e-type=\"container\">\n\t\t\t\t\t<div class=\"e-con-inner\">\n\t\t\t\t<div class=\"elementor-element elementor-element-64102c7 elementor-widget elementor-widget-video\" data-id=\"64102c7\" data-element_type=\"widget\" data-e-type=\"widget\" data-settings=\"{&quot;youtube_url&quot;:&quot;https:\\\/\\\/youtu.be\\\/4Ljhxf2PMzE&quot;,&quot;video_type&quot;:&quot;youtube&quot;,&quot;controls&quot;:&quot;yes&quot;}\" data-widget_type=\"video.default\">\n\t\t\t\t\t\t\t<div class=\"elementor-wrapper elementor-open-inline\">\n\t\t\t<div class=\"elementor-video\"><\/div>\t\t<\/div>\n\t\t\t\t\t\t<\/div>\n\t\t\t\t\t<\/div>\n\t\t\t\t<\/div>\n\t\t\t\t<\/div>","protected":false},"excerpt":{"rendered":"<p>Google Apps Directory Enterprise Google Apps Directory Enterprise provides organizations with a powerful platform to manage users, applications, and access<\/p>","protected":false},"featured_media":12069,"comment_status":"open","ping_status":"closed","template":"","meta":{"_acf_changed":false},"product_brand":[],"product_cat":[49],"product_tag":[],"class_list":{"0":"post-12068","1":"product","2":"type-product","3":"status-publish","4":"has-post-thumbnail","6":"product_cat-plugins","8":"first","9":"instock","10":"sale","11":"downloadable","12":"shipping-taxable","13":"purchasable","14":"product-type-simple"},"acf":[],"yoast_head":"<!-- This site is optimized with the Yoast SEO Premium plugin v25.6 (Yoast SEO v27.1.1) - https:\/\/yoast.com\/product\/yoast-seo-premium-wordpress\/ -->\n<title>Google Apps Directory Enterprise - AllWin Theme \u2013 Free WordPress Themes Download<\/title>\n<meta name=\"description\" content=\"Manage users, apps, and permissions centrally with Google Apps Directory Enterprise, designed for secure and scalable business operations.\" \/>\n<meta name=\"robots\" content=\"index, follow, max-snippet:-1, max-image-preview:large, max-video-preview:-1\" \/>\n<link rel=\"canonical\" href=\"https:\/\/allwintheme.com\/es\/producto\/directorio-de-google-apps-para-empresas\/\" \/>\n<meta property=\"og:locale\" content=\"es_ES\" \/>\n<meta property=\"og:type\" content=\"article\" \/>\n<meta property=\"og:title\" content=\"Google Apps Directory Enterprise\" \/>\n<meta property=\"og:description\" content=\"Manage users, apps, and permissions centrally with Google Apps Directory Enterprise, designed for secure and scalable business operations.\" \/>\n<meta property=\"og:url\" content=\"https:\/\/allwintheme.com\/es\/producto\/directorio-de-google-apps-para-empresas\/\" \/>\n<meta property=\"og:site_name\" content=\"AllWin Theme \u2013 Free WordPress Themes Download\" \/>\n<meta property=\"article:modified_time\" content=\"2025-10-29T13:51:29+00:00\" \/>\n<meta property=\"og:image\" content=\"https:\/\/allwintheme.com\/wp-content\/uploads\/2025\/10\/jt8rbr0d.png\" \/>\n\t<meta property=\"og:image:width\" content=\"680\" \/>\n\t<meta property=\"og:image:height\" content=\"455\" \/>\n\t<meta property=\"og:image:type\" content=\"image\/png\" \/>\n<meta name=\"twitter:card\" content=\"summary_large_image\" \/>\n<meta name=\"twitter:label1\" content=\"Tiempo estimado de lectura\" \/>\n\t<meta name=\"twitter:data1\" content=\"2 minutos\" \/>\n<script type=\"application\/ld+json\" class=\"yoast-schema-graph\">{\"@context\":\"https:\/\/schema.org\",\"@graph\":[{\"@type\":\"WebPage\",\"@id\":\"https:\/\/allwintheme.com\/product\/google-apps-directory-enterprise\/\",\"url\":\"https:\/\/allwintheme.com\/product\/google-apps-directory-enterprise\/\",\"name\":\"Google Apps Directory Enterprise - AllWin Theme \u2013 Free WordPress Themes Download\",\"isPartOf\":{\"@id\":\"https:\/\/allwintheme.com\/#website\"},\"primaryImageOfPage\":{\"@id\":\"https:\/\/allwintheme.com\/product\/google-apps-directory-enterprise\/#primaryimage\"},\"image\":{\"@id\":\"https:\/\/allwintheme.com\/product\/google-apps-directory-enterprise\/#primaryimage\"},\"thumbnailUrl\":\"https:\/\/allwintheme.com\/wp-content\/uploads\/2025\/10\/jt8rbr0d.png\",\"datePublished\":\"2025-10-29T13:46:34+00:00\",\"dateModified\":\"2025-10-29T13:51:29+00:00\",\"description\":\"Manage users, apps, and permissions centrally with Google Apps Directory Enterprise, designed for secure and scalable business operations.\",\"breadcrumb\":{\"@id\":\"https:\/\/allwintheme.com\/product\/google-apps-directory-enterprise\/#breadcrumb\"},\"inLanguage\":\"es-CL\",\"potentialAction\":[{\"@type\":\"ReadAction\",\"target\":[\"https:\/\/allwintheme.com\/product\/google-apps-directory-enterprise\/\"]}]},{\"@type\":\"ImageObject\",\"inLanguage\":\"es-CL\",\"@id\":\"https:\/\/allwintheme.com\/product\/google-apps-directory-enterprise\/#primaryimage\",\"url\":\"https:\/\/allwintheme.com\/wp-content\/uploads\/2025\/10\/jt8rbr0d.png\",\"contentUrl\":\"https:\/\/allwintheme.com\/wp-content\/uploads\/2025\/10\/jt8rbr0d.png\",\"width\":680,\"height\":455,\"caption\":\"Google Apps Directory Enterprise\"},{\"@type\":\"BreadcrumbList\",\"@id\":\"https:\/\/allwintheme.com\/product\/google-apps-directory-enterprise\/#breadcrumb\",\"itemListElement\":[{\"@type\":\"ListItem\",\"position\":1,\"name\":\"Home\",\"item\":\"https:\/\/allwintheme.com\/\"},{\"@type\":\"ListItem\",\"position\":2,\"name\":\"Shop\",\"item\":\"https:\/\/allwintheme.com\/shop\/\"},{\"@type\":\"ListItem\",\"position\":3,\"name\":\"Google Apps Directory Enterprise\"}]},{\"@type\":\"WebSite\",\"@id\":\"https:\/\/allwintheme.com\/#website\",\"url\":\"https:\/\/allwintheme.com\/\",\"name\":\"Allwintheme\",\"description\":\"Download free WordPress themes for every niche. Blogs, business, eCommerce, portfolio, restaurant and more. All themes are GPL licensed and mobile-ready.\",\"potentialAction\":[{\"@type\":\"SearchAction\",\"target\":{\"@type\":\"EntryPoint\",\"urlTemplate\":\"https:\/\/allwintheme.com\/?s={search_term_string}\"},\"query-input\":{\"@type\":\"PropertyValueSpecification\",\"valueRequired\":true,\"valueName\":\"search_term_string\"}}],\"inLanguage\":\"es-CL\"}]}<\/script>\n<!-- \/ Yoast SEO Premium plugin. -->","yoast_head_json":{"title":"Google Apps Directory Enterprise - AllWin Theme \u2013 Free WordPress Themes Download","description":"Gestiona usuarios, aplicaciones y permisos de forma centralizada con Google Apps Directory Enterprise, dise\u00f1ado para operaciones empresariales seguras y escalables.","robots":{"index":"index","follow":"follow","max-snippet":"max-snippet:-1","max-image-preview":"max-image-preview:large","max-video-preview":"max-video-preview:-1"},"canonical":"https:\/\/allwintheme.com\/es\/producto\/directorio-de-google-apps-para-empresas\/","og_locale":"es_ES","og_type":"article","og_title":"Google Apps Directory Enterprise","og_description":"Manage users, apps, and permissions centrally with Google Apps Directory Enterprise, designed for secure and scalable business operations.","og_url":"https:\/\/allwintheme.com\/es\/producto\/directorio-de-google-apps-para-empresas\/","og_site_name":"AllWin Theme \u2013 Free WordPress Themes Download","article_modified_time":"2025-10-29T13:51:29+00:00","og_image":[{"width":680,"height":455,"url":"https:\/\/allwintheme.com\/wp-content\/uploads\/2025\/10\/jt8rbr0d.png","type":"image\/png"}],"twitter_card":"summary_large_image","twitter_misc":{"Tiempo estimado de lectura":"2 minutos"},"schema":{"@context":"https:\/\/schema.org","@graph":[{"@type":"WebPage","@id":"https:\/\/allwintheme.com\/product\/google-apps-directory-enterprise\/","url":"https:\/\/allwintheme.com\/product\/google-apps-directory-enterprise\/","name":"Google Apps Directory Enterprise - AllWin Theme \u2013 Free WordPress Themes Download","isPartOf":{"@id":"https:\/\/allwintheme.com\/#website"},"primaryImageOfPage":{"@id":"https:\/\/allwintheme.com\/product\/google-apps-directory-enterprise\/#primaryimage"},"image":{"@id":"https:\/\/allwintheme.com\/product\/google-apps-directory-enterprise\/#primaryimage"},"thumbnailUrl":"https:\/\/allwintheme.com\/wp-content\/uploads\/2025\/10\/jt8rbr0d.png","datePublished":"2025-10-29T13:46:34+00:00","dateModified":"2025-10-29T13:51:29+00:00","description":"Gestiona usuarios, aplicaciones y permisos de forma centralizada con Google Apps Directory Enterprise, dise\u00f1ado para operaciones empresariales seguras y escalables.","breadcrumb":{"@id":"https:\/\/allwintheme.com\/product\/google-apps-directory-enterprise\/#breadcrumb"},"inLanguage":"es-CL","potentialAction":[{"@type":"ReadAction","target":["https:\/\/allwintheme.com\/product\/google-apps-directory-enterprise\/"]}]},{"@type":"ImageObject","inLanguage":"es-CL","@id":"https:\/\/allwintheme.com\/product\/google-apps-directory-enterprise\/#primaryimage","url":"https:\/\/allwintheme.com\/wp-content\/uploads\/2025\/10\/jt8rbr0d.png","contentUrl":"https:\/\/allwintheme.com\/wp-content\/uploads\/2025\/10\/jt8rbr0d.png","width":680,"height":455,"caption":"Google Apps Directory Enterprise"},{"@type":"BreadcrumbList","@id":"https:\/\/allwintheme.com\/product\/google-apps-directory-enterprise\/#breadcrumb","itemListElement":[{"@type":"ListItem","position":1,"name":"Home","item":"https:\/\/allwintheme.com\/"},{"@type":"ListItem","position":2,"name":"Shop","item":"https:\/\/allwintheme.com\/shop\/"},{"@type":"ListItem","position":3,"name":"Google Apps Directory Enterprise"}]},{"@type":"WebSite","@id":"https:\/\/allwintheme.com\/#website","url":"https:\/\/allwintheme.com\/","name":"Allwintheme","description":"Descarga gratis temas de WordPress para todos los nichos. Blogs, negocios, comercio electr\u00f3nico, portafolio, restaurante y m\u00e1s. Todos los temas tienen licencia GPL y est\u00e1n preparados para dispositivos m\u00f3viles.","potentialAction":[{"@type":"SearchAction","target":{"@type":"EntryPoint","urlTemplate":"https:\/\/allwintheme.com\/?s={search_term_string}"},"query-input":{"@type":"PropertyValueSpecification","valueRequired":true,"valueName":"search_term_string"}}],"inLanguage":"es-CL"}]}},"_links":{"self":[{"href":"https:\/\/allwintheme.com\/es\/wp-json\/wp\/v2\/product\/12068","targetHints":{"allow":["GET"]}}],"collection":[{"href":"https:\/\/allwintheme.com\/es\/wp-json\/wp\/v2\/product"}],"about":[{"href":"https:\/\/allwintheme.com\/es\/wp-json\/wp\/v2\/types\/product"}],"replies":[{"embeddable":true,"href":"https:\/\/allwintheme.com\/es\/wp-json\/wp\/v2\/comments?post=12068"}],"version-history":[{"count":5,"href":"https:\/\/allwintheme.com\/es\/wp-json\/wp\/v2\/product\/12068\/revisions"}],"predecessor-version":[{"id":12074,"href":"https:\/\/allwintheme.com\/es\/wp-json\/wp\/v2\/product\/12068\/revisions\/12074"}],"wp:featuredmedia":[{"embeddable":true,"href":"https:\/\/allwintheme.com\/es\/wp-json\/wp\/v2\/media\/12069"}],"wp:attachment":[{"href":"https:\/\/allwintheme.com\/es\/wp-json\/wp\/v2\/media?parent=12068"}],"wp:term":[{"taxonomy":"product_brand","embeddable":true,"href":"https:\/\/allwintheme.com\/es\/wp-json\/wp\/v2\/product_brand?post=12068"},{"taxonomy":"product_cat","embeddable":true,"href":"https:\/\/allwintheme.com\/es\/wp-json\/wp\/v2\/product_cat?post=12068"},{"taxonomy":"product_tag","embeddable":true,"href":"https:\/\/allwintheme.com\/es\/wp-json\/wp\/v2\/product_tag?post=12068"}],"curies":[{"name":"wp","href":"https:\/\/api.w.org\/{rel}","templated":true}]}}