{"id":12082,"date":"2025-10-29T13:58:24","date_gmt":"2025-10-29T13:58:24","guid":{"rendered":"https:\/\/allwintheme.com\/?post_type=product&#038;p=12082"},"modified":"2025-10-29T14:04:09","modified_gmt":"2025-10-29T14:04:09","slug":"feed-de-resenas-de-productos-de-google","status":"publish","type":"product","link":"https:\/\/allwintheme.com\/es\/producto\/feed-de-resenas-de-productos-de-google\/","title":{"rendered":"Feed de rese\u00f1as de productos de Google"},"content":{"rendered":"<div data-elementor-type=\"wp-post\" data-elementor-id=\"12082\" class=\"elementor elementor-12082\" data-elementor-settings=\"{&quot;element_pack_global_tooltip_width&quot;:{&quot;unit&quot;:&quot;px&quot;,&quot;size&quot;:&quot;&quot;,&quot;sizes&quot;:[]},&quot;element_pack_global_tooltip_width_tablet&quot;:{&quot;unit&quot;:&quot;px&quot;,&quot;size&quot;:&quot;&quot;,&quot;sizes&quot;:[]},&quot;element_pack_global_tooltip_width_mobile&quot;:{&quot;unit&quot;:&quot;px&quot;,&quot;size&quot;:&quot;&quot;,&quot;sizes&quot;:[]},&quot;element_pack_global_tooltip_padding&quot;:{&quot;unit&quot;:&quot;px&quot;,&quot;top&quot;:&quot;&quot;,&quot;right&quot;:&quot;&quot;,&quot;bottom&quot;:&quot;&quot;,&quot;left&quot;:&quot;&quot;,&quot;isLinked&quot;:true},&quot;element_pack_global_tooltip_padding_tablet&quot;:{&quot;unit&quot;:&quot;px&quot;,&quot;top&quot;:&quot;&quot;,&quot;right&quot;:&quot;&quot;,&quot;bottom&quot;:&quot;&quot;,&quot;left&quot;:&quot;&quot;,&quot;isLinked&quot;:true},&quot;element_pack_global_tooltip_padding_mobile&quot;:{&quot;unit&quot;:&quot;px&quot;,&quot;top&quot;:&quot;&quot;,&quot;right&quot;:&quot;&quot;,&quot;bottom&quot;:&quot;&quot;,&quot;left&quot;:&quot;&quot;,&quot;isLinked&quot;:true},&quot;element_pack_global_tooltip_border_radius&quot;:{&quot;unit&quot;:&quot;px&quot;,&quot;top&quot;:&quot;&quot;,&quot;right&quot;:&quot;&quot;,&quot;bottom&quot;:&quot;&quot;,&quot;left&quot;:&quot;&quot;,&quot;isLinked&quot;:true},&quot;element_pack_global_tooltip_border_radius_tablet&quot;:{&quot;unit&quot;:&quot;px&quot;,&quot;top&quot;:&quot;&quot;,&quot;right&quot;:&quot;&quot;,&quot;bottom&quot;:&quot;&quot;,&quot;left&quot;:&quot;&quot;,&quot;isLinked&quot;:true},&quot;element_pack_global_tooltip_border_radius_mobile&quot;:{&quot;unit&quot;:&quot;px&quot;,&quot;top&quot;:&quot;&quot;,&quot;right&quot;:&quot;&quot;,&quot;bottom&quot;:&quot;&quot;,&quot;left&quot;:&quot;&quot;,&quot;isLinked&quot;:true}}\" data-elementor-post-type=\"product\">\n\t\t\t\t<div class=\"wd-negative-gap elementor-element elementor-element-116794f e-flex e-con-boxed e-con e-parent\" data-id=\"116794f\" data-element_type=\"container\" data-e-type=\"container\">\n\t\t\t\t\t<div class=\"e-con-inner\">\n\t\t\t\t<div class=\"elementor-element elementor-element-03d2133 elementor-widget elementor-widget-wd_text_block\" data-id=\"03d2133\" data-element_type=\"widget\" data-e-type=\"widget\" data-widget_type=\"wd_text_block.default\">\n\t\t\t\t<div class=\"elementor-widget-container\">\n\t\t\t\t\t\t\t<div class=\"wd-text-block reset-last-child text-left\">\n\t\t\t\n\t\t\t<h2>Feed de rese\u00f1as de productos de Google<\/h2>\n<p>El plugin Google Product Reviews Feed permite a las empresas mostrar opiniones verificadas de clientes directamente en sus sitios web. Al integrar opiniones reales de Google, puedes generar confianza e influir en las decisiones de compra con experiencias de usuario aut\u00e9nticas.<\/p>\n\n<h3>Aumentar la confianza y las conversiones<\/h3>\n<p>Los clientes conf\u00edan en las opiniones sobre los productos antes de realizar una compra. Por lo tanto, mostrar opiniones reales de Google le ayuda a demostrar credibilidad y a mejorar las tasas de conversi\u00f3n. Adem\u00e1s, mostrar opiniones positivas anima a los nuevos visitantes a comprometerse y pasar a la acci\u00f3n.<\/p>\n\n<h3>F\u00e1cil integraci\u00f3n<\/h3>\n<p>Puedes conectar tu cuenta de Google Business y empezar a mostrar rese\u00f1as en cuesti\u00f3n de minutos. Adem\u00e1s, el plugin ofrece m\u00faltiples opciones de dise\u00f1o, lo que le permite elegir c\u00f3mo aparecen las rese\u00f1as en sus p\u00e1ginas de producto, p\u00e1ginas de destino o p\u00e1gina de inicio.<\/p>\n\n<h3>Pantalla totalmente personalizable<\/h3>\n<p>Puede ajustar los tipos de letra, el espaciado y los estilos de las opiniones para adaptarlos a la marca de su sitio web. Adem\u00e1s, el feed se actualiza autom\u00e1ticamente con las nuevas opiniones, lo que garantiza que su sitio web muestre siempre los comentarios m\u00e1s recientes sin necesidad de trabajo manual.<\/p>\n\n<h3>Ventajas de SEO y rendimiento<\/h3>\n<p>Mostrar rese\u00f1as frescas y relevantes ayuda a mejorar la visibilidad de b\u00fasqueda de su sitio web. Como resultado, los motores de b\u00fasqueda reconocen el contenido como digno de confianza y pueden clasificar mejor sus p\u00e1ginas. Adem\u00e1s, los usuarios pasan m\u00e1s tiempo en p\u00e1ginas con pruebas sociales aut\u00e9nticas, lo que aumenta las m\u00e9tricas de participaci\u00f3n.<\/p>\n\n<h3>Caracter\u00edsticas principales<\/h3>\n<ul>\n  <li>Muestra opiniones de Google en tiempo real<\/li>\n  <li>Dise\u00f1os y estilos personalizables<\/li>\n  <li>Actualizaciones autom\u00e1ticas y sincronizaci\u00f3n de revisiones<\/li>\n  <li>Aumenta la confianza de los clientes y las tasas de conversi\u00f3n<\/li>\n  <li>F\u00e1cil configuraci\u00f3n sin necesidad de codificaci\u00f3n<\/li>\n<\/ul>\n\n<p>Con Google Product Reviews Feed, su sitio web obtiene una prueba social m\u00e1s s\u00f3lida, un mayor compromiso y una experiencia del cliente m\u00e1s persuasiva que favorece el crecimiento de las ventas.<\/p>\n\t\t\t\t\t<\/div>\n\t\t\t\t\t\t<\/div>\n\t\t\t\t<\/div>\n\t\t\t\t<div class=\"elementor-element elementor-element-9ac2f41 elementor-widget elementor-widget-video\" data-id=\"9ac2f41\" data-element_type=\"widget\" data-e-type=\"widget\" data-settings=\"{&quot;youtube_url&quot;:&quot;https:\\\/\\\/youtu.be\\\/qky687haeIk&quot;,&quot;video_type&quot;:&quot;youtube&quot;,&quot;controls&quot;:&quot;yes&quot;}\" data-widget_type=\"video.default\">\n\t\t\t\t\t\t\t<div class=\"elementor-wrapper elementor-open-inline\">\n\t\t\t<div class=\"elementor-video\"><\/div>\t\t<\/div>\n\t\t\t\t\t\t<\/div>\n\t\t\t\t\t<\/div>\n\t\t\t\t<\/div>\n\t\t<div class=\"wd-negative-gap elementor-element elementor-element-7680f03 e-flex e-con-boxed e-con e-parent\" data-id=\"7680f03\" data-element_type=\"container\" data-e-type=\"container\">\n\t\t\t\t\t<div class=\"e-con-inner\">\n\t\t\t\t\t<\/div>\n\t\t\t\t<\/div>\n\t\t\t\t<\/div>","protected":false},"excerpt":{"rendered":"<p>Google Product Reviews Feed The Google Product Reviews Feed plugin enables businesses to display verified customer feedback directly on their<\/p>","protected":false},"featured_media":12083,"comment_status":"open","ping_status":"closed","template":"","meta":{"_acf_changed":false},"product_brand":[],"product_cat":[49],"product_tag":[],"class_list":{"0":"post-12082","1":"product","2":"type-product","3":"status-publish","4":"has-post-thumbnail","6":"product_cat-plugins","8":"first","9":"instock","10":"sale","11":"downloadable","12":"shipping-taxable","13":"purchasable","14":"product-type-simple"},"acf":[],"yoast_head":"<!-- This site is optimized with the Yoast SEO Premium plugin v25.6 (Yoast SEO v27.1.1) - https:\/\/yoast.com\/product\/yoast-seo-premium-wordpress\/ -->\n<title>Google Product Reviews Feed - AllWin Theme \u2013 Free WordPress Themes Download<\/title>\n<meta name=\"description\" content=\"Display real Google product reviews on your website to increase trust and boost conversions with this easy-to-use feed plugin.\" \/>\n<meta name=\"robots\" content=\"index, follow, max-snippet:-1, max-image-preview:large, max-video-preview:-1\" \/>\n<link rel=\"canonical\" href=\"https:\/\/allwintheme.com\/es\/producto\/feed-de-resenas-de-productos-de-google\/\" \/>\n<meta property=\"og:locale\" content=\"es_ES\" \/>\n<meta property=\"og:type\" content=\"article\" \/>\n<meta property=\"og:title\" content=\"Google Product Reviews Feed\" \/>\n<meta property=\"og:description\" content=\"Display real Google product reviews on your website to increase trust and boost conversions with this easy-to-use feed plugin.\" \/>\n<meta property=\"og:url\" content=\"https:\/\/allwintheme.com\/es\/producto\/feed-de-resenas-de-productos-de-google\/\" \/>\n<meta property=\"og:site_name\" content=\"AllWin Theme \u2013 Free WordPress Themes Download\" \/>\n<meta property=\"article:modified_time\" content=\"2025-10-29T14:04:09+00:00\" \/>\n<meta property=\"og:image\" content=\"https:\/\/allwintheme.com\/wp-content\/uploads\/2025\/10\/n3d1toh4.png\" \/>\n\t<meta property=\"og:image:width\" content=\"590\" \/>\n\t<meta property=\"og:image:height\" content=\"300\" \/>\n\t<meta property=\"og:image:type\" content=\"image\/png\" \/>\n<meta name=\"twitter:card\" content=\"summary_large_image\" \/>\n<meta name=\"twitter:label1\" content=\"Tiempo estimado de lectura\" \/>\n\t<meta name=\"twitter:data1\" content=\"2 minutos\" \/>\n<script type=\"application\/ld+json\" class=\"yoast-schema-graph\">{\"@context\":\"https:\/\/schema.org\",\"@graph\":[{\"@type\":\"WebPage\",\"@id\":\"https:\/\/allwintheme.com\/product\/google-product-reviews-feed\/\",\"url\":\"https:\/\/allwintheme.com\/product\/google-product-reviews-feed\/\",\"name\":\"Google Product Reviews Feed - AllWin Theme \u2013 Free WordPress Themes Download\",\"isPartOf\":{\"@id\":\"https:\/\/allwintheme.com\/#website\"},\"primaryImageOfPage\":{\"@id\":\"https:\/\/allwintheme.com\/product\/google-product-reviews-feed\/#primaryimage\"},\"image\":{\"@id\":\"https:\/\/allwintheme.com\/product\/google-product-reviews-feed\/#primaryimage\"},\"thumbnailUrl\":\"https:\/\/allwintheme.com\/wp-content\/uploads\/2025\/10\/n3d1toh4.png\",\"datePublished\":\"2025-10-29T13:58:24+00:00\",\"dateModified\":\"2025-10-29T14:04:09+00:00\",\"description\":\"Display real Google product reviews on your website to increase trust and boost conversions with this easy-to-use feed plugin.\",\"breadcrumb\":{\"@id\":\"https:\/\/allwintheme.com\/product\/google-product-reviews-feed\/#breadcrumb\"},\"inLanguage\":\"es-CL\",\"potentialAction\":[{\"@type\":\"ReadAction\",\"target\":[\"https:\/\/allwintheme.com\/product\/google-product-reviews-feed\/\"]}]},{\"@type\":\"ImageObject\",\"inLanguage\":\"es-CL\",\"@id\":\"https:\/\/allwintheme.com\/product\/google-product-reviews-feed\/#primaryimage\",\"url\":\"https:\/\/allwintheme.com\/wp-content\/uploads\/2025\/10\/n3d1toh4.png\",\"contentUrl\":\"https:\/\/allwintheme.com\/wp-content\/uploads\/2025\/10\/n3d1toh4.png\",\"width\":590,\"height\":300,\"caption\":\"Google Product Reviews Feed\"},{\"@type\":\"BreadcrumbList\",\"@id\":\"https:\/\/allwintheme.com\/product\/google-product-reviews-feed\/#breadcrumb\",\"itemListElement\":[{\"@type\":\"ListItem\",\"position\":1,\"name\":\"Home\",\"item\":\"https:\/\/allwintheme.com\/\"},{\"@type\":\"ListItem\",\"position\":2,\"name\":\"Shop\",\"item\":\"https:\/\/allwintheme.com\/shop\/\"},{\"@type\":\"ListItem\",\"position\":3,\"name\":\"Google Product Reviews Feed\"}]},{\"@type\":\"WebSite\",\"@id\":\"https:\/\/allwintheme.com\/#website\",\"url\":\"https:\/\/allwintheme.com\/\",\"name\":\"Allwintheme\",\"description\":\"Download free WordPress themes for every niche. Blogs, business, eCommerce, portfolio, restaurant and more. All themes are GPL licensed and mobile-ready.\",\"potentialAction\":[{\"@type\":\"SearchAction\",\"target\":{\"@type\":\"EntryPoint\",\"urlTemplate\":\"https:\/\/allwintheme.com\/?s={search_term_string}\"},\"query-input\":{\"@type\":\"PropertyValueSpecification\",\"valueRequired\":true,\"valueName\":\"search_term_string\"}}],\"inLanguage\":\"es-CL\"}]}<\/script>\n<!-- \/ Yoast SEO Premium plugin. -->","yoast_head_json":{"title":"Google Product Reviews Feed - AllWin Theme - Free WordPress Themes Download","description":"Muestra rese\u00f1as reales de productos de Google en tu sitio web para aumentar la confianza y potenciar las conversiones con este sencillo plugin de feeds.","robots":{"index":"index","follow":"follow","max-snippet":"max-snippet:-1","max-image-preview":"max-image-preview:large","max-video-preview":"max-video-preview:-1"},"canonical":"https:\/\/allwintheme.com\/es\/producto\/feed-de-resenas-de-productos-de-google\/","og_locale":"es_ES","og_type":"article","og_title":"Google Product Reviews Feed","og_description":"Display real Google product reviews on your website to increase trust and boost conversions with this easy-to-use feed plugin.","og_url":"https:\/\/allwintheme.com\/es\/producto\/feed-de-resenas-de-productos-de-google\/","og_site_name":"AllWin Theme \u2013 Free WordPress Themes Download","article_modified_time":"2025-10-29T14:04:09+00:00","og_image":[{"width":590,"height":300,"url":"https:\/\/allwintheme.com\/wp-content\/uploads\/2025\/10\/n3d1toh4.png","type":"image\/png"}],"twitter_card":"summary_large_image","twitter_misc":{"Tiempo estimado de lectura":"2 minutos"},"schema":{"@context":"https:\/\/schema.org","@graph":[{"@type":"WebPage","@id":"https:\/\/allwintheme.com\/product\/google-product-reviews-feed\/","url":"https:\/\/allwintheme.com\/product\/google-product-reviews-feed\/","name":"Google Product Reviews Feed - AllWin Theme - Free WordPress Themes Download","isPartOf":{"@id":"https:\/\/allwintheme.com\/#website"},"primaryImageOfPage":{"@id":"https:\/\/allwintheme.com\/product\/google-product-reviews-feed\/#primaryimage"},"image":{"@id":"https:\/\/allwintheme.com\/product\/google-product-reviews-feed\/#primaryimage"},"thumbnailUrl":"https:\/\/allwintheme.com\/wp-content\/uploads\/2025\/10\/n3d1toh4.png","datePublished":"2025-10-29T13:58:24+00:00","dateModified":"2025-10-29T14:04:09+00:00","description":"Muestra rese\u00f1as reales de productos de Google en tu sitio web para aumentar la confianza y potenciar las conversiones con este sencillo plugin de feeds.","breadcrumb":{"@id":"https:\/\/allwintheme.com\/product\/google-product-reviews-feed\/#breadcrumb"},"inLanguage":"es-CL","potentialAction":[{"@type":"ReadAction","target":["https:\/\/allwintheme.com\/product\/google-product-reviews-feed\/"]}]},{"@type":"ImageObject","inLanguage":"es-CL","@id":"https:\/\/allwintheme.com\/product\/google-product-reviews-feed\/#primaryimage","url":"https:\/\/allwintheme.com\/wp-content\/uploads\/2025\/10\/n3d1toh4.png","contentUrl":"https:\/\/allwintheme.com\/wp-content\/uploads\/2025\/10\/n3d1toh4.png","width":590,"height":300,"caption":"Google Product Reviews Feed"},{"@type":"BreadcrumbList","@id":"https:\/\/allwintheme.com\/product\/google-product-reviews-feed\/#breadcrumb","itemListElement":[{"@type":"ListItem","position":1,"name":"Home","item":"https:\/\/allwintheme.com\/"},{"@type":"ListItem","position":2,"name":"Shop","item":"https:\/\/allwintheme.com\/shop\/"},{"@type":"ListItem","position":3,"name":"Google Product Reviews Feed"}]},{"@type":"WebSite","@id":"https:\/\/allwintheme.com\/#website","url":"https:\/\/allwintheme.com\/","name":"Allwintheme","description":"Descarga gratis temas de WordPress para todos los nichos. Blogs, negocios, comercio electr\u00f3nico, portafolio, restaurante y m\u00e1s. Todos los temas tienen licencia GPL y est\u00e1n preparados para dispositivos m\u00f3viles.","potentialAction":[{"@type":"SearchAction","target":{"@type":"EntryPoint","urlTemplate":"https:\/\/allwintheme.com\/?s={search_term_string}"},"query-input":{"@type":"PropertyValueSpecification","valueRequired":true,"valueName":"search_term_string"}}],"inLanguage":"es-CL"}]}},"_links":{"self":[{"href":"https:\/\/allwintheme.com\/es\/wp-json\/wp\/v2\/product\/12082","targetHints":{"allow":["GET"]}}],"collection":[{"href":"https:\/\/allwintheme.com\/es\/wp-json\/wp\/v2\/product"}],"about":[{"href":"https:\/\/allwintheme.com\/es\/wp-json\/wp\/v2\/types\/product"}],"replies":[{"embeddable":true,"href":"https:\/\/allwintheme.com\/es\/wp-json\/wp\/v2\/comments?post=12082"}],"version-history":[{"count":5,"href":"https:\/\/allwintheme.com\/es\/wp-json\/wp\/v2\/product\/12082\/revisions"}],"predecessor-version":[{"id":12088,"href":"https:\/\/allwintheme.com\/es\/wp-json\/wp\/v2\/product\/12082\/revisions\/12088"}],"wp:featuredmedia":[{"embeddable":true,"href":"https:\/\/allwintheme.com\/es\/wp-json\/wp\/v2\/media\/12083"}],"wp:attachment":[{"href":"https:\/\/allwintheme.com\/es\/wp-json\/wp\/v2\/media?parent=12082"}],"wp:term":[{"taxonomy":"product_brand","embeddable":true,"href":"https:\/\/allwintheme.com\/es\/wp-json\/wp\/v2\/product_brand?post=12082"},{"taxonomy":"product_cat","embeddable":true,"href":"https:\/\/allwintheme.com\/es\/wp-json\/wp\/v2\/product_cat?post=12082"},{"taxonomy":"product_tag","embeddable":true,"href":"https:\/\/allwintheme.com\/es\/wp-json\/wp\/v2\/product_tag?post=12082"}],"curies":[{"name":"wp","href":"https:\/\/api.w.org\/{rel}","templated":true}]}}