{"id":12110,"date":"2025-10-29T14:39:33","date_gmt":"2025-10-29T14:39:33","guid":{"rendered":"https:\/\/allwintheme.com\/?post_type=product&#038;p=12110"},"modified":"2025-10-29T15:10:47","modified_gmt":"2025-10-29T15:10:47","slug":"gf-conector-de-google-sheet","status":"publish","type":"product","link":"https:\/\/allwintheme.com\/es\/producto\/gf-conector-de-google-sheet\/","title":{"rendered":"Conector GF Google Sheet"},"content":{"rendered":"<div data-elementor-type=\"wp-post\" data-elementor-id=\"12110\" class=\"elementor elementor-12110\" data-elementor-settings=\"{&quot;element_pack_global_tooltip_width&quot;:{&quot;unit&quot;:&quot;px&quot;,&quot;size&quot;:&quot;&quot;,&quot;sizes&quot;:[]},&quot;element_pack_global_tooltip_width_tablet&quot;:{&quot;unit&quot;:&quot;px&quot;,&quot;size&quot;:&quot;&quot;,&quot;sizes&quot;:[]},&quot;element_pack_global_tooltip_width_mobile&quot;:{&quot;unit&quot;:&quot;px&quot;,&quot;size&quot;:&quot;&quot;,&quot;sizes&quot;:[]},&quot;element_pack_global_tooltip_padding&quot;:{&quot;unit&quot;:&quot;px&quot;,&quot;top&quot;:&quot;&quot;,&quot;right&quot;:&quot;&quot;,&quot;bottom&quot;:&quot;&quot;,&quot;left&quot;:&quot;&quot;,&quot;isLinked&quot;:true},&quot;element_pack_global_tooltip_padding_tablet&quot;:{&quot;unit&quot;:&quot;px&quot;,&quot;top&quot;:&quot;&quot;,&quot;right&quot;:&quot;&quot;,&quot;bottom&quot;:&quot;&quot;,&quot;left&quot;:&quot;&quot;,&quot;isLinked&quot;:true},&quot;element_pack_global_tooltip_padding_mobile&quot;:{&quot;unit&quot;:&quot;px&quot;,&quot;top&quot;:&quot;&quot;,&quot;right&quot;:&quot;&quot;,&quot;bottom&quot;:&quot;&quot;,&quot;left&quot;:&quot;&quot;,&quot;isLinked&quot;:true},&quot;element_pack_global_tooltip_border_radius&quot;:{&quot;unit&quot;:&quot;px&quot;,&quot;top&quot;:&quot;&quot;,&quot;right&quot;:&quot;&quot;,&quot;bottom&quot;:&quot;&quot;,&quot;left&quot;:&quot;&quot;,&quot;isLinked&quot;:true},&quot;element_pack_global_tooltip_border_radius_tablet&quot;:{&quot;unit&quot;:&quot;px&quot;,&quot;top&quot;:&quot;&quot;,&quot;right&quot;:&quot;&quot;,&quot;bottom&quot;:&quot;&quot;,&quot;left&quot;:&quot;&quot;,&quot;isLinked&quot;:true},&quot;element_pack_global_tooltip_border_radius_mobile&quot;:{&quot;unit&quot;:&quot;px&quot;,&quot;top&quot;:&quot;&quot;,&quot;right&quot;:&quot;&quot;,&quot;bottom&quot;:&quot;&quot;,&quot;left&quot;:&quot;&quot;,&quot;isLinked&quot;:true}}\" data-elementor-post-type=\"product\">\n\t\t\t\t<div class=\"wd-negative-gap elementor-element elementor-element-39848b1 e-flex e-con-boxed e-con e-parent\" data-id=\"39848b1\" data-element_type=\"container\" data-e-type=\"container\">\n\t\t\t\t\t<div class=\"e-con-inner\">\n\t\t\t\t<div class=\"elementor-element elementor-element-919f328 elementor-widget elementor-widget-wd_text_block\" data-id=\"919f328\" data-element_type=\"widget\" data-e-type=\"widget\" data-widget_type=\"wd_text_block.default\">\n\t\t\t\t<div class=\"elementor-widget-container\">\n\t\t\t\t\t\t\t<div class=\"wd-text-block reset-last-child text-left\">\n\t\t\t\n\t\t\t<h2>GF Google Sheet Connector - Sincronice Gravity Forms con facilidad<\/h2>\n<p>GF Google Sheet Connector le permite conectar sus Formularios Gravity directamente a Google Sheets. Este plugin ayuda a las empresas a automatizar la transferencia de datos, reducir la entrada manual y agilizar el flujo de trabajo de manera eficiente.<\/p>\n\n<h3>Integraci\u00f3n perfecta con Google Sheets<\/h3>\n<p>Con GF Google Sheet Connector, los env\u00edos de formularios aparecen en Google Sheets al instante. Adem\u00e1s, puede organizar los datos, realizar un seguimiento de las respuestas y colaborar con su equipo en tiempo real. Como resultado, su flujo de trabajo se vuelve m\u00e1s r\u00e1pido y fiable.<\/p>\n\n<h3>F\u00e1cil configuraci\u00f3n y personalizaci\u00f3n<\/h3>\n<p>El plugin ofrece un sencillo proceso de configuraci\u00f3n, que permite vincular formularios a hojas en cuesti\u00f3n de minutos. Adem\u00e1s, puede elegir qu\u00e9 campos sincronizar y gestionar varios formularios simult\u00e1neamente. Por lo tanto, GF Google Sheet Connector ofrece la m\u00e1xima flexibilidad para cualquier tama\u00f1o de empresa.<\/p>\n\n<h3>Aumente la productividad y la precisi\u00f3n<\/h3>\n<p>Al automatizar la transferencia de datos, el complemento reduce los errores causados por la introducci\u00f3n manual. Adem\u00e1s, ayuda a su equipo a centrarse en tareas de gran valor en lugar de en actualizaciones de datos repetitivas. En consecuencia, su productividad aumenta al tiempo que mantiene registros precisos.<\/p>\n\n<h3>Caracter\u00edsticas principales<\/h3>\n<ul>\n  <li>Sincronizaci\u00f3n de datos en tiempo real entre Gravity Forms y Google Sheets<\/li>\n  <li>Asignaci\u00f3n flexible de campos y compatibilidad con m\u00faltiples formularios<\/li>\n  <li>Instalaci\u00f3n y configuraci\u00f3n sencillas<\/li>\n  <li>Mejora la eficacia y la precisi\u00f3n del flujo de trabajo<\/li>\n  <li>Admite la colaboraci\u00f3n en equipo en Google Sheets<\/li>\n<\/ul>\n\n<p>GF Google Sheet Connector simplifica la gesti\u00f3n de datos, ahorra tiempo y garantiza que los env\u00edos de formularios de Gravity Forms est\u00e9n siempre actualizados y organizados.<\/p>\n\t\t\t\t\t<\/div>\n\t\t\t\t\t\t<\/div>\n\t\t\t\t<\/div>\n\t\t\t\t\t<\/div>\n\t\t\t\t<\/div>\n\t\t<div class=\"wd-negative-gap elementor-element elementor-element-2c2b938 e-flex e-con-boxed e-con e-parent\" data-id=\"2c2b938\" data-element_type=\"container\" data-e-type=\"container\">\n\t\t\t\t\t<div class=\"e-con-inner\">\n\t\t\t\t<div class=\"elementor-element elementor-element-039edc6 elementor-widget elementor-widget-video\" data-id=\"039edc6\" data-element_type=\"widget\" data-e-type=\"widget\" data-settings=\"{&quot;youtube_url&quot;:&quot;https:\\\/\\\/youtu.be\\\/a_haOvcFoqA&quot;,&quot;video_type&quot;:&quot;youtube&quot;,&quot;controls&quot;:&quot;yes&quot;}\" data-widget_type=\"video.default\">\n\t\t\t\t\t\t\t<div class=\"elementor-wrapper elementor-open-inline\">\n\t\t\t<div class=\"elementor-video\"><\/div>\t\t<\/div>\n\t\t\t\t\t\t<\/div>\n\t\t\t\t\t<\/div>\n\t\t\t\t<\/div>\n\t\t\t\t<\/div>","protected":false},"excerpt":{"rendered":"<p>GF Google Sheet Connector \u2013 Sync Gravity Forms with Ease GF Google Sheet Connector allows you to connect your Gravity<\/p>","protected":false},"featured_media":12111,"comment_status":"open","ping_status":"closed","template":"","meta":{"_acf_changed":false},"product_brand":[],"product_cat":[49],"product_tag":[],"class_list":{"0":"post-12110","1":"product","2":"type-product","3":"status-publish","4":"has-post-thumbnail","6":"product_cat-plugins","8":"first","9":"instock","10":"sale","11":"downloadable","12":"shipping-taxable","13":"purchasable","14":"product-type-simple"},"acf":[],"yoast_head":"<!-- This site is optimized with the Yoast SEO Premium plugin v25.6 (Yoast SEO v27.1.1) - https:\/\/yoast.com\/product\/yoast-seo-premium-wordpress\/ -->\n<title>GF Google Sheet Connector - AllWin Theme \u2013 Free WordPress Themes Download<\/title>\n<meta name=\"description\" content=\"Connect Gravity Forms with Google Sheets effortlessly. Sync form entries in real-time and manage data efficiently.\" \/>\n<meta name=\"robots\" content=\"index, follow, max-snippet:-1, max-image-preview:large, max-video-preview:-1\" \/>\n<link rel=\"canonical\" href=\"https:\/\/allwintheme.com\/es\/producto\/gf-conector-de-google-sheet\/\" \/>\n<meta property=\"og:locale\" content=\"es_ES\" \/>\n<meta property=\"og:type\" content=\"article\" \/>\n<meta property=\"og:title\" content=\"GF Google Sheet Connector\" \/>\n<meta property=\"og:description\" content=\"Connect Gravity Forms with Google Sheets effortlessly. Sync form entries in real-time and manage data efficiently.\" \/>\n<meta property=\"og:url\" content=\"https:\/\/allwintheme.com\/es\/producto\/gf-conector-de-google-sheet\/\" \/>\n<meta property=\"og:site_name\" content=\"AllWin Theme \u2013 Free WordPress Themes Download\" \/>\n<meta property=\"article:modified_time\" content=\"2025-10-29T15:10:47+00:00\" \/>\n<meta property=\"og:image\" content=\"https:\/\/allwintheme.com\/wp-content\/uploads\/2025\/10\/v42cu56o.png\" \/>\n\t<meta property=\"og:image:width\" content=\"590\" \/>\n\t<meta property=\"og:image:height\" content=\"300\" \/>\n\t<meta property=\"og:image:type\" content=\"image\/png\" \/>\n<meta name=\"twitter:card\" content=\"summary_large_image\" \/>\n<meta name=\"twitter:label1\" content=\"Tiempo estimado de lectura\" \/>\n\t<meta name=\"twitter:data1\" content=\"2 minutos\" \/>\n<script type=\"application\/ld+json\" class=\"yoast-schema-graph\">{\"@context\":\"https:\/\/schema.org\",\"@graph\":[{\"@type\":\"WebPage\",\"@id\":\"https:\/\/allwintheme.com\/product\/gf-google-sheet-connector\/\",\"url\":\"https:\/\/allwintheme.com\/product\/gf-google-sheet-connector\/\",\"name\":\"GF Google Sheet Connector - AllWin Theme \u2013 Free WordPress Themes Download\",\"isPartOf\":{\"@id\":\"https:\/\/allwintheme.com\/#website\"},\"primaryImageOfPage\":{\"@id\":\"https:\/\/allwintheme.com\/product\/gf-google-sheet-connector\/#primaryimage\"},\"image\":{\"@id\":\"https:\/\/allwintheme.com\/product\/gf-google-sheet-connector\/#primaryimage\"},\"thumbnailUrl\":\"https:\/\/allwintheme.com\/wp-content\/uploads\/2025\/10\/v42cu56o.png\",\"datePublished\":\"2025-10-29T14:39:33+00:00\",\"dateModified\":\"2025-10-29T15:10:47+00:00\",\"description\":\"Connect Gravity Forms with Google Sheets effortlessly. Sync form entries in real-time and manage data efficiently.\",\"breadcrumb\":{\"@id\":\"https:\/\/allwintheme.com\/product\/gf-google-sheet-connector\/#breadcrumb\"},\"inLanguage\":\"es-CL\",\"potentialAction\":[{\"@type\":\"ReadAction\",\"target\":[\"https:\/\/allwintheme.com\/product\/gf-google-sheet-connector\/\"]}]},{\"@type\":\"ImageObject\",\"inLanguage\":\"es-CL\",\"@id\":\"https:\/\/allwintheme.com\/product\/gf-google-sheet-connector\/#primaryimage\",\"url\":\"https:\/\/allwintheme.com\/wp-content\/uploads\/2025\/10\/v42cu56o.png\",\"contentUrl\":\"https:\/\/allwintheme.com\/wp-content\/uploads\/2025\/10\/v42cu56o.png\",\"width\":590,\"height\":300,\"caption\":\"GF Google Sheet Connector\"},{\"@type\":\"BreadcrumbList\",\"@id\":\"https:\/\/allwintheme.com\/product\/gf-google-sheet-connector\/#breadcrumb\",\"itemListElement\":[{\"@type\":\"ListItem\",\"position\":1,\"name\":\"Home\",\"item\":\"https:\/\/allwintheme.com\/\"},{\"@type\":\"ListItem\",\"position\":2,\"name\":\"Shop\",\"item\":\"https:\/\/allwintheme.com\/shop\/\"},{\"@type\":\"ListItem\",\"position\":3,\"name\":\"GF Google Sheet Connector\"}]},{\"@type\":\"WebSite\",\"@id\":\"https:\/\/allwintheme.com\/#website\",\"url\":\"https:\/\/allwintheme.com\/\",\"name\":\"Allwintheme\",\"description\":\"Download free WordPress themes for every niche. Blogs, business, eCommerce, portfolio, restaurant and more. All themes are GPL licensed and mobile-ready.\",\"potentialAction\":[{\"@type\":\"SearchAction\",\"target\":{\"@type\":\"EntryPoint\",\"urlTemplate\":\"https:\/\/allwintheme.com\/?s={search_term_string}\"},\"query-input\":{\"@type\":\"PropertyValueSpecification\",\"valueRequired\":true,\"valueName\":\"search_term_string\"}}],\"inLanguage\":\"es-CL\"}]}<\/script>\n<!-- \/ Yoast SEO Premium plugin. -->","yoast_head_json":{"title":"GF Google Sheet Connector - AllWin Theme - Free WordPress Themes Download","description":"Conecta Gravity Forms con Google Sheets sin esfuerzo. Sincroniza las entradas de formularios en tiempo real y gestiona los datos de forma eficiente.","robots":{"index":"index","follow":"follow","max-snippet":"max-snippet:-1","max-image-preview":"max-image-preview:large","max-video-preview":"max-video-preview:-1"},"canonical":"https:\/\/allwintheme.com\/es\/producto\/gf-conector-de-google-sheet\/","og_locale":"es_ES","og_type":"article","og_title":"GF Google Sheet Connector","og_description":"Connect Gravity Forms with Google Sheets effortlessly. Sync form entries in real-time and manage data efficiently.","og_url":"https:\/\/allwintheme.com\/es\/producto\/gf-conector-de-google-sheet\/","og_site_name":"AllWin Theme \u2013 Free WordPress Themes Download","article_modified_time":"2025-10-29T15:10:47+00:00","og_image":[{"width":590,"height":300,"url":"https:\/\/allwintheme.com\/wp-content\/uploads\/2025\/10\/v42cu56o.png","type":"image\/png"}],"twitter_card":"summary_large_image","twitter_misc":{"Tiempo estimado de lectura":"2 minutos"},"schema":{"@context":"https:\/\/schema.org","@graph":[{"@type":"WebPage","@id":"https:\/\/allwintheme.com\/product\/gf-google-sheet-connector\/","url":"https:\/\/allwintheme.com\/product\/gf-google-sheet-connector\/","name":"GF Google Sheet Connector - AllWin Theme - Free WordPress Themes Download","isPartOf":{"@id":"https:\/\/allwintheme.com\/#website"},"primaryImageOfPage":{"@id":"https:\/\/allwintheme.com\/product\/gf-google-sheet-connector\/#primaryimage"},"image":{"@id":"https:\/\/allwintheme.com\/product\/gf-google-sheet-connector\/#primaryimage"},"thumbnailUrl":"https:\/\/allwintheme.com\/wp-content\/uploads\/2025\/10\/v42cu56o.png","datePublished":"2025-10-29T14:39:33+00:00","dateModified":"2025-10-29T15:10:47+00:00","description":"Conecta Gravity Forms con Google Sheets sin esfuerzo. Sincroniza las entradas de formularios en tiempo real y gestiona los datos de forma eficiente.","breadcrumb":{"@id":"https:\/\/allwintheme.com\/product\/gf-google-sheet-connector\/#breadcrumb"},"inLanguage":"es-CL","potentialAction":[{"@type":"ReadAction","target":["https:\/\/allwintheme.com\/product\/gf-google-sheet-connector\/"]}]},{"@type":"ImageObject","inLanguage":"es-CL","@id":"https:\/\/allwintheme.com\/product\/gf-google-sheet-connector\/#primaryimage","url":"https:\/\/allwintheme.com\/wp-content\/uploads\/2025\/10\/v42cu56o.png","contentUrl":"https:\/\/allwintheme.com\/wp-content\/uploads\/2025\/10\/v42cu56o.png","width":590,"height":300,"caption":"GF Google Sheet Connector"},{"@type":"BreadcrumbList","@id":"https:\/\/allwintheme.com\/product\/gf-google-sheet-connector\/#breadcrumb","itemListElement":[{"@type":"ListItem","position":1,"name":"Home","item":"https:\/\/allwintheme.com\/"},{"@type":"ListItem","position":2,"name":"Shop","item":"https:\/\/allwintheme.com\/shop\/"},{"@type":"ListItem","position":3,"name":"GF Google Sheet Connector"}]},{"@type":"WebSite","@id":"https:\/\/allwintheme.com\/#website","url":"https:\/\/allwintheme.com\/","name":"Allwintheme","description":"Descarga gratis temas de WordPress para todos los nichos. Blogs, negocios, comercio electr\u00f3nico, portafolio, restaurante y m\u00e1s. Todos los temas tienen licencia GPL y est\u00e1n preparados para dispositivos m\u00f3viles.","potentialAction":[{"@type":"SearchAction","target":{"@type":"EntryPoint","urlTemplate":"https:\/\/allwintheme.com\/?s={search_term_string}"},"query-input":{"@type":"PropertyValueSpecification","valueRequired":true,"valueName":"search_term_string"}}],"inLanguage":"es-CL"}]}},"_links":{"self":[{"href":"https:\/\/allwintheme.com\/es\/wp-json\/wp\/v2\/product\/12110","targetHints":{"allow":["GET"]}}],"collection":[{"href":"https:\/\/allwintheme.com\/es\/wp-json\/wp\/v2\/product"}],"about":[{"href":"https:\/\/allwintheme.com\/es\/wp-json\/wp\/v2\/types\/product"}],"replies":[{"embeddable":true,"href":"https:\/\/allwintheme.com\/es\/wp-json\/wp\/v2\/comments?post=12110"}],"version-history":[{"count":5,"href":"https:\/\/allwintheme.com\/es\/wp-json\/wp\/v2\/product\/12110\/revisions"}],"predecessor-version":[{"id":12116,"href":"https:\/\/allwintheme.com\/es\/wp-json\/wp\/v2\/product\/12110\/revisions\/12116"}],"wp:featuredmedia":[{"embeddable":true,"href":"https:\/\/allwintheme.com\/es\/wp-json\/wp\/v2\/media\/12111"}],"wp:attachment":[{"href":"https:\/\/allwintheme.com\/es\/wp-json\/wp\/v2\/media?parent=12110"}],"wp:term":[{"taxonomy":"product_brand","embeddable":true,"href":"https:\/\/allwintheme.com\/es\/wp-json\/wp\/v2\/product_brand?post=12110"},{"taxonomy":"product_cat","embeddable":true,"href":"https:\/\/allwintheme.com\/es\/wp-json\/wp\/v2\/product_cat?post=12110"},{"taxonomy":"product_tag","embeddable":true,"href":"https:\/\/allwintheme.com\/es\/wp-json\/wp\/v2\/product_tag?post=12110"}],"curies":[{"name":"wp","href":"https:\/\/api.w.org\/{rel}","templated":true}]}}